{"id":11343,"date":"2021-01-22T23:26:07","date_gmt":"2021-01-22T22:26:07","guid":{"rendered":"https:\/\/www.blecha.at\/produkty\/zulieferteile-fuer-saugfoerderanlagen\/"},"modified":"2022-02-22T15:38:41","modified_gmt":"2022-02-22T14:38:41","slug":"prislusenstvi-pro-saci-dopravniky","status":"publish","type":"page","link":"https:\/\/www.blecha.at\/cs\/produkty\/prislusenstvi-pro-saci-dopravniky\/","title":{"rendered":"P\u0159\u00edslu\u0161enstv\u00ed pro sac\u00ed dopravn\u00edky"},"content":{"rendered":"\n<section id=\"sectionTwo\" class=\"mt-lg-n11 py-8 py-md-11 px-lg-9 border-left border-right border-right-lg-none bg-white\">\n\n\n<div class=\"wp-bootstrap-blocks-container container-fluid mb-0\">\n\t\n<div class=\"wp-bootstrap-blocks-row row mx-auto\">\n\t\n\n<div class=\"col-12 col-md-10\">\n\t\t\t\n\n<h2 class=\"text-secondary scroll-fade-bottom-up visibility-hidden wp-block-heading\" id=\"prislusenstvi-pro-nasavace-granulatu-v-plastikarskem-prumyslu-plastoveho-granulatu\">P\u0159\u00edslu\u0161enstv\u00ed pro nas\u00e1va\u010de granul\u00e1tu v plastik\u00e1\u0159sk\u00e9m pr\u016fmyslu (plastov\u00e9ho granul\u00e1tu).<\/h2>\n\n\n\n<p class=\"scroll-fade-bottom-up visibility-hidden\">Krom\u011b hlin\u00edkov\u00fdch a nerezov\u00fdch oblouk\u016f (na p\u0159\u00e1n\u00ed s prodlou\u017een\u00edm jedn\u00e9 nebo obou stran) v r\u016fzn\u00fdch rozm\u011brech, odbo\u010dek, T-kus\u016f, redukc\u00ed a kolen, nab\u00edz\u00edme tak\u00e9 p\u0159\u00edslu\u0161enstv\u00ed pro nas\u00e1va\u010de granul\u00e1tu. Vedeme trubkov\u00e9 spojky, potrubn\u00ed armatury a spojky Storz, \u0161irokop\u00e1smov\u00e9 spony (potrubn\u00ed spojky), obj\u00edmky (pozinkovan\u00e1 ocel), spojky Morris, kotevn\u00ed kolejnice a PVC hadice s ocelovou spir\u00e1lou (Vidaspir F).&nbsp;<\/p>\n\n\n\n<p class=\"scroll-fade-bottom-up visibility-hidden\">Oblouky podle v\u00fdkres\u016f z\u00e1kazn\u00edka, sklen\u011bn\u00e9 oblouky a potrubn\u00ed rozvad\u011b\u010de zajist\u00edme tak\u00e9 v kr\u00e1tk\u00e9 dob\u011b.<\/p>\n\n\t<\/div>\n\n<\/div>\n\n<\/div>\n\n\n\n<\/section>\n\n\n\n<div style=\"height:10px\" aria-hidden=\"true\" class=\"wp-block-spacer\"><\/div>\n\n\n\n<section data-jarallax=\"\" data-speed=\".8\" class=\"py-12 py-md-13 overlay overlay-black overlay-40 bg-cover jarallax\" style=\"background-image: url(\/wp-content\/uploads\/2021\/08\/blecha-aluminium-profile-zulieferteile.jpg);\">\n  <div class=\"container\">\n    <div class=\"row mx-auto\">\n      <div class=\"col-12 col-md-10\">\n        <!-- Blockquote -->\n        <blockquote class=\"blockquote mb-0\"> \n          \n          <!-- Text -->\n          <p class=\"h2 text-white text-left font-regular scroll-fade-bottom-up visibility-hidden\">Milujeme speciality. Prohl\u00e9dn\u011bte si  n\u00e1\u0161 rozs\u00e1hl\u00fd sortiment a najd\u011bte ty spr\u00e1vn\u00e9 d\u00edly.<\/p>\n\n\n<div class=\"wp-bootstrap-blocks-button\">\n\t<a\n\t\thref=\"https:\/\/www.aluprofil.at\/cs\/tvarovky\/dily-pro-pneumaticke-podtlakove-zarizeni\/\"\n\t\t\t\t\t\tclass=\"btn mt-4 scroll-fade-bottom-up visibility-hidden btn-secondary\"\n\t>\n\t\tSortiment\t<\/a>\n<\/div>\n\n\n\n<\/blockquote>\n      <\/div>\n    <\/div>\n  <\/div>\n<\/section>\n","protected":false},"excerpt":{"rendered":"Milujeme speciality. Prohl\u00e9dn\u011bte si n\u00e1\u0161 rozs\u00e1hl\u00fd sortiment a najd\u011bte ty spr\u00e1vn\u00e9 d\u00edly.","protected":false},"author":2,"featured_media":11345,"parent":5404,"menu_order":0,"comment_status":"closed","ping_status":"closed","template":"page-produkte.php","meta":{"_acf_changed":false,"footnotes":""},"class_list":["post-11343","page","type-page","status-publish","has-post-thumbnail","hentry"],"acf":[],"yoast_head":"<!-- This site is optimized with the Yoast SEO plugin v27.3 - https:\/\/yoast.com\/product\/yoast-seo-wordpress\/ -->\n<title>P\u0159\u00edslu\u0161enstv\u00ed pro sac\u00ed dopravn\u00edky | BLECHA<\/title>\n<meta name=\"description\" content=\"N\u00e1\u0161 program zahrnuje dod\u00e1vku r\u016fzn\u00fdch prvk\u016f pro syst\u00e9my dopravn\u00edk\u016f granul\u00e1t\u016f v plastik\u00e1\u0159sk\u00e9m pr\u016fmyslu nebo jin\u00fdch sypk\u00fdch materi\u00e1l\u016f.\" \/>\n<meta name=\"robots\" content=\"index, follow, max-snippet:-1, max-image-preview:large, max-video-preview:-1\" \/>\n<link rel=\"canonical\" href=\"https:\/\/www.blecha.at\/cs\/produkty\/prislusenstvi-pro-saci-dopravniky\/\" \/>\n<meta property=\"og:locale\" content=\"cs_CZ\" \/>\n<meta property=\"og:type\" content=\"article\" \/>\n<meta property=\"og:title\" content=\"P\u0159\u00edslu\u0161enstv\u00ed pro sac\u00ed dopravn\u00edky | BLECHA\" \/>\n<meta property=\"og:description\" content=\"N\u00e1\u0161 program zahrnuje dod\u00e1vku r\u016fzn\u00fdch prvk\u016f pro syst\u00e9my dopravn\u00edk\u016f granul\u00e1t\u016f v plastik\u00e1\u0159sk\u00e9m pr\u016fmyslu nebo jin\u00fdch sypk\u00fdch materi\u00e1l\u016f.\" \/>\n<meta property=\"og:url\" content=\"https:\/\/www.blecha.at\/cs\/produkty\/prislusenstvi-pro-saci-dopravniky\/\" \/>\n<meta property=\"og:site_name\" content=\"BLECHA\" \/>\n<meta property=\"article:modified_time\" content=\"2022-02-22T14:38:41+00:00\" \/>\n<meta property=\"og:image\" content=\"https:\/\/www.blecha.at\/wp-content\/uploads\/2021\/03\/blecha-zulieferteile-fuer-saugfoerderanlagen-1-thumbnail.jpg\" \/>\n\t<meta property=\"og:image:width\" content=\"1600\" \/>\n\t<meta property=\"og:image:height\" content=\"1600\" \/>\n\t<meta property=\"og:image:type\" content=\"image\/jpeg\" \/>\n<meta name=\"twitter:card\" content=\"summary_large_image\" \/>\n<meta name=\"twitter:label1\" content=\"Odhadovan\u00e1 doba \u010dten\u00ed\" \/>\n\t<meta name=\"twitter:data1\" content=\"1 minuta\" \/>\n<script type=\"application\/ld+json\" class=\"yoast-schema-graph\">{\"@context\":\"https:\\\/\\\/schema.org\",\"@graph\":[{\"@type\":\"WebPage\",\"@id\":\"https:\\\/\\\/www.blecha.at\\\/cs\\\/produkty\\\/prislusenstvi-pro-saci-dopravniky\\\/\",\"url\":\"https:\\\/\\\/www.blecha.at\\\/cs\\\/produkty\\\/prislusenstvi-pro-saci-dopravniky\\\/\",\"name\":\"P\u0159\u00edslu\u0161enstv\u00ed pro sac\u00ed dopravn\u00edky | BLECHA\",\"isPartOf\":{\"@id\":\"https:\\\/\\\/www.blecha.at\\\/#website\"},\"primaryImageOfPage\":{\"@id\":\"https:\\\/\\\/www.blecha.at\\\/cs\\\/produkty\\\/prislusenstvi-pro-saci-dopravniky\\\/#primaryimage\"},\"image\":{\"@id\":\"https:\\\/\\\/www.blecha.at\\\/cs\\\/produkty\\\/prislusenstvi-pro-saci-dopravniky\\\/#primaryimage\"},\"thumbnailUrl\":\"https:\\\/\\\/www.blecha.at\\\/wp-content\\\/uploads\\\/2021\\\/03\\\/blecha-zulieferteile-fuer-saugfoerderanlagen-1-thumbnail.jpg\",\"datePublished\":\"2021-01-22T22:26:07+00:00\",\"dateModified\":\"2022-02-22T14:38:41+00:00\",\"description\":\"N\u00e1\u0161 program zahrnuje dod\u00e1vku r\u016fzn\u00fdch prvk\u016f pro syst\u00e9my dopravn\u00edk\u016f granul\u00e1t\u016f v plastik\u00e1\u0159sk\u00e9m pr\u016fmyslu nebo jin\u00fdch sypk\u00fdch materi\u00e1l\u016f.\",\"breadcrumb\":{\"@id\":\"https:\\\/\\\/www.blecha.at\\\/cs\\\/produkty\\\/prislusenstvi-pro-saci-dopravniky\\\/#breadcrumb\"},\"inLanguage\":\"cs\",\"potentialAction\":[{\"@type\":\"ReadAction\",\"target\":[\"https:\\\/\\\/www.blecha.at\\\/cs\\\/produkty\\\/prislusenstvi-pro-saci-dopravniky\\\/\"]}]},{\"@type\":\"ImageObject\",\"inLanguage\":\"cs\",\"@id\":\"https:\\\/\\\/www.blecha.at\\\/cs\\\/produkty\\\/prislusenstvi-pro-saci-dopravniky\\\/#primaryimage\",\"url\":\"https:\\\/\\\/www.blecha.at\\\/wp-content\\\/uploads\\\/2021\\\/03\\\/blecha-zulieferteile-fuer-saugfoerderanlagen-1-thumbnail.jpg\",\"contentUrl\":\"https:\\\/\\\/www.blecha.at\\\/wp-content\\\/uploads\\\/2021\\\/03\\\/blecha-zulieferteile-fuer-saugfoerderanlagen-1-thumbnail.jpg\",\"width\":1600,\"height\":1600},{\"@type\":\"BreadcrumbList\",\"@id\":\"https:\\\/\\\/www.blecha.at\\\/cs\\\/produkty\\\/prislusenstvi-pro-saci-dopravniky\\\/#breadcrumb\",\"itemListElement\":[{\"@type\":\"ListItem\",\"position\":1,\"name\":\"Home\",\"item\":\"https:\\\/\\\/www.blecha.at\\\/cs\\\/\"},{\"@type\":\"ListItem\",\"position\":2,\"name\":\"Produkty\",\"item\":\"https:\\\/\\\/www.blecha.at\\\/cs\\\/produkty\\\/\"},{\"@type\":\"ListItem\",\"position\":3,\"name\":\"P\u0159\u00edslu\u0161enstv\u00ed pro sac\u00ed dopravn\u00edky\"}]},{\"@type\":\"WebSite\",\"@id\":\"https:\\\/\\\/www.blecha.at\\\/#website\",\"url\":\"https:\\\/\\\/www.blecha.at\\\/\",\"name\":\"BLECHA\",\"description\":\"Eine weitere WordPress-Website\",\"potentialAction\":[{\"@type\":\"SearchAction\",\"target\":{\"@type\":\"EntryPoint\",\"urlTemplate\":\"https:\\\/\\\/www.blecha.at\\\/?s={search_term_string}\"},\"query-input\":{\"@type\":\"PropertyValueSpecification\",\"valueRequired\":true,\"valueName\":\"search_term_string\"}}],\"inLanguage\":\"cs\"}]}<\/script>\n<!-- \/ Yoast SEO plugin. -->","yoast_head_json":{"title":"P\u0159\u00edslu\u0161enstv\u00ed pro sac\u00ed dopravn\u00edky | BLECHA","description":"N\u00e1\u0161 program zahrnuje dod\u00e1vku r\u016fzn\u00fdch prvk\u016f pro syst\u00e9my dopravn\u00edk\u016f granul\u00e1t\u016f v plastik\u00e1\u0159sk\u00e9m pr\u016fmyslu nebo jin\u00fdch sypk\u00fdch materi\u00e1l\u016f.","robots":{"index":"index","follow":"follow","max-snippet":"max-snippet:-1","max-image-preview":"max-image-preview:large","max-video-preview":"max-video-preview:-1"},"canonical":"https:\/\/www.blecha.at\/cs\/produkty\/prislusenstvi-pro-saci-dopravniky\/","og_locale":"cs_CZ","og_type":"article","og_title":"P\u0159\u00edslu\u0161enstv\u00ed pro sac\u00ed dopravn\u00edky | BLECHA","og_description":"N\u00e1\u0161 program zahrnuje dod\u00e1vku r\u016fzn\u00fdch prvk\u016f pro syst\u00e9my dopravn\u00edk\u016f granul\u00e1t\u016f v plastik\u00e1\u0159sk\u00e9m pr\u016fmyslu nebo jin\u00fdch sypk\u00fdch materi\u00e1l\u016f.","og_url":"https:\/\/www.blecha.at\/cs\/produkty\/prislusenstvi-pro-saci-dopravniky\/","og_site_name":"BLECHA","article_modified_time":"2022-02-22T14:38:41+00:00","og_image":[{"width":1600,"height":1600,"url":"https:\/\/www.blecha.at\/wp-content\/uploads\/2021\/03\/blecha-zulieferteile-fuer-saugfoerderanlagen-1-thumbnail.jpg","type":"image\/jpeg"}],"twitter_card":"summary_large_image","twitter_misc":{"Odhadovan\u00e1 doba \u010dten\u00ed":"1 minuta"},"schema":{"@context":"https:\/\/schema.org","@graph":[{"@type":"WebPage","@id":"https:\/\/www.blecha.at\/cs\/produkty\/prislusenstvi-pro-saci-dopravniky\/","url":"https:\/\/www.blecha.at\/cs\/produkty\/prislusenstvi-pro-saci-dopravniky\/","name":"P\u0159\u00edslu\u0161enstv\u00ed pro sac\u00ed dopravn\u00edky | BLECHA","isPartOf":{"@id":"https:\/\/www.blecha.at\/#website"},"primaryImageOfPage":{"@id":"https:\/\/www.blecha.at\/cs\/produkty\/prislusenstvi-pro-saci-dopravniky\/#primaryimage"},"image":{"@id":"https:\/\/www.blecha.at\/cs\/produkty\/prislusenstvi-pro-saci-dopravniky\/#primaryimage"},"thumbnailUrl":"https:\/\/www.blecha.at\/wp-content\/uploads\/2021\/03\/blecha-zulieferteile-fuer-saugfoerderanlagen-1-thumbnail.jpg","datePublished":"2021-01-22T22:26:07+00:00","dateModified":"2022-02-22T14:38:41+00:00","description":"N\u00e1\u0161 program zahrnuje dod\u00e1vku r\u016fzn\u00fdch prvk\u016f pro syst\u00e9my dopravn\u00edk\u016f granul\u00e1t\u016f v plastik\u00e1\u0159sk\u00e9m pr\u016fmyslu nebo jin\u00fdch sypk\u00fdch materi\u00e1l\u016f.","breadcrumb":{"@id":"https:\/\/www.blecha.at\/cs\/produkty\/prislusenstvi-pro-saci-dopravniky\/#breadcrumb"},"inLanguage":"cs","potentialAction":[{"@type":"ReadAction","target":["https:\/\/www.blecha.at\/cs\/produkty\/prislusenstvi-pro-saci-dopravniky\/"]}]},{"@type":"ImageObject","inLanguage":"cs","@id":"https:\/\/www.blecha.at\/cs\/produkty\/prislusenstvi-pro-saci-dopravniky\/#primaryimage","url":"https:\/\/www.blecha.at\/wp-content\/uploads\/2021\/03\/blecha-zulieferteile-fuer-saugfoerderanlagen-1-thumbnail.jpg","contentUrl":"https:\/\/www.blecha.at\/wp-content\/uploads\/2021\/03\/blecha-zulieferteile-fuer-saugfoerderanlagen-1-thumbnail.jpg","width":1600,"height":1600},{"@type":"BreadcrumbList","@id":"https:\/\/www.blecha.at\/cs\/produkty\/prislusenstvi-pro-saci-dopravniky\/#breadcrumb","itemListElement":[{"@type":"ListItem","position":1,"name":"Home","item":"https:\/\/www.blecha.at\/cs\/"},{"@type":"ListItem","position":2,"name":"Produkty","item":"https:\/\/www.blecha.at\/cs\/produkty\/"},{"@type":"ListItem","position":3,"name":"P\u0159\u00edslu\u0161enstv\u00ed pro sac\u00ed dopravn\u00edky"}]},{"@type":"WebSite","@id":"https:\/\/www.blecha.at\/#website","url":"https:\/\/www.blecha.at\/","name":"BLECHA","description":"Eine weitere WordPress-Website","potentialAction":[{"@type":"SearchAction","target":{"@type":"EntryPoint","urlTemplate":"https:\/\/www.blecha.at\/?s={search_term_string}"},"query-input":{"@type":"PropertyValueSpecification","valueRequired":true,"valueName":"search_term_string"}}],"inLanguage":"cs"}]}},"_links":{"self":[{"href":"https:\/\/www.blecha.at\/cs\/wp-json\/wp\/v2\/pages\/11343","targetHints":{"allow":["GET"]}}],"collection":[{"href":"https:\/\/www.blecha.at\/cs\/wp-json\/wp\/v2\/pages"}],"about":[{"href":"https:\/\/www.blecha.at\/cs\/wp-json\/wp\/v2\/types\/page"}],"author":[{"embeddable":true,"href":"https:\/\/www.blecha.at\/cs\/wp-json\/wp\/v2\/users\/2"}],"replies":[{"embeddable":true,"href":"https:\/\/www.blecha.at\/cs\/wp-json\/wp\/v2\/comments?post=11343"}],"version-history":[{"count":6,"href":"https:\/\/www.blecha.at\/cs\/wp-json\/wp\/v2\/pages\/11343\/revisions"}],"predecessor-version":[{"id":14420,"href":"https:\/\/www.blecha.at\/cs\/wp-json\/wp\/v2\/pages\/11343\/revisions\/14420"}],"up":[{"embeddable":true,"href":"https:\/\/www.blecha.at\/cs\/wp-json\/wp\/v2\/pages\/5404"}],"wp:featuredmedia":[{"embeddable":true,"href":"https:\/\/www.blecha.at\/cs\/wp-json\/wp\/v2\/media\/11345"}],"wp:attachment":[{"href":"https:\/\/www.blecha.at\/cs\/wp-json\/wp\/v2\/media?parent=11343"}],"curies":[{"name":"wp","href":"https:\/\/api.w.org\/{rel}","templated":true}]}}