{"id":22229,"date":"2023-09-13T16:35:20","date_gmt":"2023-09-13T14:35:20","guid":{"rendered":"https:\/\/www.blecha.at\/?page_id=22229"},"modified":"2024-07-18T17:11:24","modified_gmt":"2024-07-18T15:11:24","slug":"sedlova-hrdla-a-navarovaci-odbocky","status":"publish","type":"page","link":"https:\/\/www.blecha.at\/cs\/produkty\/fittings\/sedlova-hrdla-a-navarovaci-odbocky\/","title":{"rendered":"Sedlov\u00e1 hrdla a nava\u0159ovac\u00ed odbo\u010dky"},"content":{"rendered":"","protected":false},"excerpt":{"rendered":"","protected":false},"author":2,"featured_media":0,"parent":26611,"menu_order":0,"comment_status":"closed","ping_status":"closed","template":"page-zaunsysteme-details.php","meta":{"_acf_changed":false,"footnotes":""},"class_list":["post-22229","page","type-page","status-publish","hentry"],"acf":[],"yoast_head":"<!-- This site is optimized with the Yoast SEO plugin v27.3 - https:\/\/yoast.com\/product\/yoast-seo-wordpress\/ -->\n<title>Sedlov\u00e1 hrdla a nava\u0159ovac\u00ed odbo\u010dky | BLECHA Aluprofile<\/title>\n<meta name=\"description\" content=\"Objevte na\u0161e vysoce kvalitn\u00ed hlin\u00edkov\u00e9 konektory. Na\u0161e hlin\u00edkov\u00e9 obj\u00edmky nab\u00edzej\u00ed ide\u00e1ln\u00ed \u0159e\u0161en\u00ed pro potrubn\u00ed syst\u00e9my a konstrukce, kde jsou vy\u017eadov\u00e1ny spoje a podp\u011bry. Nab\u00edz\u00edme \u0161irok\u00fd sortiment pono\u017eek v\u010detn\u011b sedlov\u00fdch pono\u017eek a pono\u017eek do bot.\" \/>\n<meta name=\"robots\" content=\"index, follow, max-snippet:-1, max-image-preview:large, max-video-preview:-1\" \/>\n<link rel=\"canonical\" href=\"https:\/\/www.blecha.at\/cs\/produkty\/fittings\/sedlova-hrdla-a-navarovaci-odbocky\/\" \/>\n<meta property=\"og:locale\" content=\"cs_CZ\" \/>\n<meta property=\"og:type\" content=\"article\" \/>\n<meta property=\"og:title\" content=\"Sedlov\u00e1 hrdla a nava\u0159ovac\u00ed odbo\u010dky | BLECHA Aluprofile\" \/>\n<meta property=\"og:description\" content=\"Objevte na\u0161e vysoce kvalitn\u00ed hlin\u00edkov\u00e9 konektory. Na\u0161e hlin\u00edkov\u00e9 obj\u00edmky nab\u00edzej\u00ed ide\u00e1ln\u00ed \u0159e\u0161en\u00ed pro potrubn\u00ed syst\u00e9my a konstrukce, kde jsou vy\u017eadov\u00e1ny spoje a podp\u011bry. Nab\u00edz\u00edme \u0161irok\u00fd sortiment pono\u017eek v\u010detn\u011b sedlov\u00fdch pono\u017eek a pono\u017eek do bot.\" \/>\n<meta property=\"og:url\" content=\"https:\/\/www.blecha.at\/cs\/produkty\/fittings\/sedlova-hrdla-a-navarovaci-odbocky\/\" \/>\n<meta property=\"og:site_name\" content=\"BLECHA\" \/>\n<meta property=\"article:modified_time\" content=\"2024-07-18T15:11:24+00:00\" \/>\n<meta property=\"og:image\" content=\"https:\/\/www.blecha.at\/wp-content\/uploads\/2021\/02\/blecha-unternehmen-auswahl-gebaeude-3-scaled.jpg\" \/>\n\t<meta property=\"og:image:width\" content=\"2560\" \/>\n\t<meta property=\"og:image:height\" content=\"1642\" \/>\n\t<meta property=\"og:image:type\" content=\"image\/jpeg\" \/>\n<meta name=\"twitter:card\" content=\"summary_large_image\" \/>\n<script type=\"application\/ld+json\" class=\"yoast-schema-graph\">{\"@context\":\"https:\\\/\\\/schema.org\",\"@graph\":[{\"@type\":\"WebPage\",\"@id\":\"https:\\\/\\\/www.blecha.at\\\/cs\\\/produkty\\\/fittings\\\/sedlova-hrdla-a-navarovaci-odbocky\\\/\",\"url\":\"https:\\\/\\\/www.blecha.at\\\/cs\\\/produkty\\\/fittings\\\/sedlova-hrdla-a-navarovaci-odbocky\\\/\",\"name\":\"Sedlov\u00e1 hrdla a nava\u0159ovac\u00ed odbo\u010dky | BLECHA Aluprofile\",\"isPartOf\":{\"@id\":\"https:\\\/\\\/www.blecha.at\\\/#website\"},\"datePublished\":\"2023-09-13T14:35:20+00:00\",\"dateModified\":\"2024-07-18T15:11:24+00:00\",\"description\":\"Objevte na\u0161e vysoce kvalitn\u00ed hlin\u00edkov\u00e9 konektory. Na\u0161e hlin\u00edkov\u00e9 obj\u00edmky nab\u00edzej\u00ed ide\u00e1ln\u00ed \u0159e\u0161en\u00ed pro potrubn\u00ed syst\u00e9my a konstrukce, kde jsou vy\u017eadov\u00e1ny spoje a podp\u011bry. Nab\u00edz\u00edme \u0161irok\u00fd sortiment pono\u017eek v\u010detn\u011b sedlov\u00fdch pono\u017eek a pono\u017eek do bot.\",\"breadcrumb\":{\"@id\":\"https:\\\/\\\/www.blecha.at\\\/cs\\\/produkty\\\/fittings\\\/sedlova-hrdla-a-navarovaci-odbocky\\\/#breadcrumb\"},\"inLanguage\":\"cs\",\"potentialAction\":[{\"@type\":\"ReadAction\",\"target\":[\"https:\\\/\\\/www.blecha.at\\\/cs\\\/produkty\\\/fittings\\\/sedlova-hrdla-a-navarovaci-odbocky\\\/\"]}]},{\"@type\":\"BreadcrumbList\",\"@id\":\"https:\\\/\\\/www.blecha.at\\\/cs\\\/produkty\\\/fittings\\\/sedlova-hrdla-a-navarovaci-odbocky\\\/#breadcrumb\",\"itemListElement\":[{\"@type\":\"ListItem\",\"position\":1,\"name\":\"Home\",\"item\":\"https:\\\/\\\/www.blecha.at\\\/cs\\\/\"},{\"@type\":\"ListItem\",\"position\":2,\"name\":\"Produkty\",\"item\":\"https:\\\/\\\/www.blecha.at\\\/cs\\\/produkty\\\/\"},{\"@type\":\"ListItem\",\"position\":3,\"name\":\"Tvarovky\",\"item\":\"https:\\\/\\\/www.blecha.at\\\/cs\\\/produkty\\\/fittings\\\/\"},{\"@type\":\"ListItem\",\"position\":4,\"name\":\"Sedlov\u00e1 hrdla a nava\u0159ovac\u00ed odbo\u010dky\"}]},{\"@type\":\"WebSite\",\"@id\":\"https:\\\/\\\/www.blecha.at\\\/#website\",\"url\":\"https:\\\/\\\/www.blecha.at\\\/\",\"name\":\"BLECHA\",\"description\":\"Eine weitere WordPress-Website\",\"potentialAction\":[{\"@type\":\"SearchAction\",\"target\":{\"@type\":\"EntryPoint\",\"urlTemplate\":\"https:\\\/\\\/www.blecha.at\\\/?s={search_term_string}\"},\"query-input\":{\"@type\":\"PropertyValueSpecification\",\"valueRequired\":true,\"valueName\":\"search_term_string\"}}],\"inLanguage\":\"cs\"}]}<\/script>\n<!-- \/ Yoast SEO plugin. -->","yoast_head_json":{"title":"Sedlov\u00e1 hrdla a nava\u0159ovac\u00ed odbo\u010dky | BLECHA Aluprofile","description":"Objevte na\u0161e vysoce kvalitn\u00ed hlin\u00edkov\u00e9 konektory. Na\u0161e hlin\u00edkov\u00e9 obj\u00edmky nab\u00edzej\u00ed ide\u00e1ln\u00ed \u0159e\u0161en\u00ed pro potrubn\u00ed syst\u00e9my a konstrukce, kde jsou vy\u017eadov\u00e1ny spoje a podp\u011bry. Nab\u00edz\u00edme \u0161irok\u00fd sortiment pono\u017eek v\u010detn\u011b sedlov\u00fdch pono\u017eek a pono\u017eek do bot.","robots":{"index":"index","follow":"follow","max-snippet":"max-snippet:-1","max-image-preview":"max-image-preview:large","max-video-preview":"max-video-preview:-1"},"canonical":"https:\/\/www.blecha.at\/cs\/produkty\/fittings\/sedlova-hrdla-a-navarovaci-odbocky\/","og_locale":"cs_CZ","og_type":"article","og_title":"Sedlov\u00e1 hrdla a nava\u0159ovac\u00ed odbo\u010dky | BLECHA Aluprofile","og_description":"Objevte na\u0161e vysoce kvalitn\u00ed hlin\u00edkov\u00e9 konektory. Na\u0161e hlin\u00edkov\u00e9 obj\u00edmky nab\u00edzej\u00ed ide\u00e1ln\u00ed \u0159e\u0161en\u00ed pro potrubn\u00ed syst\u00e9my a konstrukce, kde jsou vy\u017eadov\u00e1ny spoje a podp\u011bry. Nab\u00edz\u00edme \u0161irok\u00fd sortiment pono\u017eek v\u010detn\u011b sedlov\u00fdch pono\u017eek a pono\u017eek do bot.","og_url":"https:\/\/www.blecha.at\/cs\/produkty\/fittings\/sedlova-hrdla-a-navarovaci-odbocky\/","og_site_name":"BLECHA","article_modified_time":"2024-07-18T15:11:24+00:00","og_image":[{"width":2560,"height":1642,"url":"https:\/\/www.blecha.at\/wp-content\/uploads\/2021\/02\/blecha-unternehmen-auswahl-gebaeude-3-scaled.jpg","type":"image\/jpeg"}],"twitter_card":"summary_large_image","schema":{"@context":"https:\/\/schema.org","@graph":[{"@type":"WebPage","@id":"https:\/\/www.blecha.at\/cs\/produkty\/fittings\/sedlova-hrdla-a-navarovaci-odbocky\/","url":"https:\/\/www.blecha.at\/cs\/produkty\/fittings\/sedlova-hrdla-a-navarovaci-odbocky\/","name":"Sedlov\u00e1 hrdla a nava\u0159ovac\u00ed odbo\u010dky | BLECHA Aluprofile","isPartOf":{"@id":"https:\/\/www.blecha.at\/#website"},"datePublished":"2023-09-13T14:35:20+00:00","dateModified":"2024-07-18T15:11:24+00:00","description":"Objevte na\u0161e vysoce kvalitn\u00ed hlin\u00edkov\u00e9 konektory. Na\u0161e hlin\u00edkov\u00e9 obj\u00edmky nab\u00edzej\u00ed ide\u00e1ln\u00ed \u0159e\u0161en\u00ed pro potrubn\u00ed syst\u00e9my a konstrukce, kde jsou vy\u017eadov\u00e1ny spoje a podp\u011bry. Nab\u00edz\u00edme \u0161irok\u00fd sortiment pono\u017eek v\u010detn\u011b sedlov\u00fdch pono\u017eek a pono\u017eek do bot.","breadcrumb":{"@id":"https:\/\/www.blecha.at\/cs\/produkty\/fittings\/sedlova-hrdla-a-navarovaci-odbocky\/#breadcrumb"},"inLanguage":"cs","potentialAction":[{"@type":"ReadAction","target":["https:\/\/www.blecha.at\/cs\/produkty\/fittings\/sedlova-hrdla-a-navarovaci-odbocky\/"]}]},{"@type":"BreadcrumbList","@id":"https:\/\/www.blecha.at\/cs\/produkty\/fittings\/sedlova-hrdla-a-navarovaci-odbocky\/#breadcrumb","itemListElement":[{"@type":"ListItem","position":1,"name":"Home","item":"https:\/\/www.blecha.at\/cs\/"},{"@type":"ListItem","position":2,"name":"Produkty","item":"https:\/\/www.blecha.at\/cs\/produkty\/"},{"@type":"ListItem","position":3,"name":"Tvarovky","item":"https:\/\/www.blecha.at\/cs\/produkty\/fittings\/"},{"@type":"ListItem","position":4,"name":"Sedlov\u00e1 hrdla a nava\u0159ovac\u00ed odbo\u010dky"}]},{"@type":"WebSite","@id":"https:\/\/www.blecha.at\/#website","url":"https:\/\/www.blecha.at\/","name":"BLECHA","description":"Eine weitere WordPress-Website","potentialAction":[{"@type":"SearchAction","target":{"@type":"EntryPoint","urlTemplate":"https:\/\/www.blecha.at\/?s={search_term_string}"},"query-input":{"@type":"PropertyValueSpecification","valueRequired":true,"valueName":"search_term_string"}}],"inLanguage":"cs"}]}},"_links":{"self":[{"href":"https:\/\/www.blecha.at\/cs\/wp-json\/wp\/v2\/pages\/22229","targetHints":{"allow":["GET"]}}],"collection":[{"href":"https:\/\/www.blecha.at\/cs\/wp-json\/wp\/v2\/pages"}],"about":[{"href":"https:\/\/www.blecha.at\/cs\/wp-json\/wp\/v2\/types\/page"}],"author":[{"embeddable":true,"href":"https:\/\/www.blecha.at\/cs\/wp-json\/wp\/v2\/users\/2"}],"replies":[{"embeddable":true,"href":"https:\/\/www.blecha.at\/cs\/wp-json\/wp\/v2\/comments?post=22229"}],"version-history":[{"count":8,"href":"https:\/\/www.blecha.at\/cs\/wp-json\/wp\/v2\/pages\/22229\/revisions"}],"predecessor-version":[{"id":27888,"href":"https:\/\/www.blecha.at\/cs\/wp-json\/wp\/v2\/pages\/22229\/revisions\/27888"}],"up":[{"embeddable":true,"href":"https:\/\/www.blecha.at\/cs\/wp-json\/wp\/v2\/pages\/26611"}],"wp:attachment":[{"href":"https:\/\/www.blecha.at\/cs\/wp-json\/wp\/v2\/media?parent=22229"}],"curies":[{"name":"wp","href":"https:\/\/api.w.org\/{rel}","templated":true}]}}