{"id":22268,"date":"2023-09-13T16:08:43","date_gmt":"2023-09-13T14:08:43","guid":{"rendered":"https:\/\/www.blecha.at\/?page_id=22268"},"modified":"2026-02-09T16:17:37","modified_gmt":"2026-02-09T15:17:37","slug":"stavba-volier","status":"publish","type":"page","link":"https:\/\/www.blecha.at\/cs\/produkty\/specialni-profily\/stavba-volier\/","title":{"rendered":"Stavba voli\u00e9r"},"content":{"rendered":"","protected":false},"excerpt":{"rendered":"","protected":false},"author":2,"featured_media":0,"parent":5764,"menu_order":0,"comment_status":"closed","ping_status":"closed","template":"page-zaunsysteme-details.php","meta":{"_acf_changed":false,"footnotes":""},"class_list":["post-22268","page","type-page","status-publish","hentry"],"acf":[],"yoast_head":"<!-- This site is optimized with the Yoast SEO plugin v27.3 - https:\/\/yoast.com\/product\/yoast-seo-wordpress\/ -->\n<title>Stavba voli\u00e9r | BLECHA Aluprofile<\/title>\n<meta name=\"description\" content=\"Entdecken Sie unsere hochwertigen Aluminiumprofile f\u00fcr den Volierenbau. Unsere speziell entwickelten Profile sind die ideale Wahl f\u00fcr den Bau von Volieren und K\u00e4figen. Mit einer breiten Palette von Profilen, darunter Volierenprofile und K\u00e4figprofile, bieten wir Ihnen die Werkzeuge, um sichere und langlebige Volieren zu gestalten. Unsere Aluminiumprofile erf\u00fcllen h\u00f6chste Qualit\u00e4tsstandards und sind die perfekte Wahl f\u00fcr Vogelliebhaber und Z\u00fcchter. Vertrauen Sie auf Blecha f\u00fcr Pr\u00e4zision und Qualit\u00e4t im Volierenbau.\" \/>\n<meta name=\"robots\" content=\"index, follow, max-snippet:-1, max-image-preview:large, max-video-preview:-1\" \/>\n<link rel=\"canonical\" href=\"https:\/\/www.blecha.at\/cs\/produkty\/specialni-profily\/stavba-volier\/\" \/>\n<meta property=\"og:locale\" content=\"cs_CZ\" \/>\n<meta property=\"og:type\" content=\"article\" \/>\n<meta property=\"og:title\" content=\"Stavba voli\u00e9r | BLECHA Aluprofile\" \/>\n<meta property=\"og:description\" content=\"Entdecken Sie unsere hochwertigen Aluminiumprofile f\u00fcr den Volierenbau. Unsere speziell entwickelten Profile sind die ideale Wahl f\u00fcr den Bau von Volieren und K\u00e4figen. Mit einer breiten Palette von Profilen, darunter Volierenprofile und K\u00e4figprofile, bieten wir Ihnen die Werkzeuge, um sichere und langlebige Volieren zu gestalten. Unsere Aluminiumprofile erf\u00fcllen h\u00f6chste Qualit\u00e4tsstandards und sind die perfekte Wahl f\u00fcr Vogelliebhaber und Z\u00fcchter. Vertrauen Sie auf Blecha f\u00fcr Pr\u00e4zision und Qualit\u00e4t im Volierenbau.\" \/>\n<meta property=\"og:url\" content=\"https:\/\/www.blecha.at\/cs\/produkty\/specialni-profily\/stavba-volier\/\" \/>\n<meta property=\"og:site_name\" content=\"BLECHA\" \/>\n<meta property=\"article:modified_time\" content=\"2026-02-09T15:17:37+00:00\" \/>\n<meta property=\"og:image\" content=\"https:\/\/www.blecha.at\/wp-content\/uploads\/2021\/02\/blecha-unternehmen-auswahl-gebaeude-3-scaled.jpg\" \/>\n\t<meta property=\"og:image:width\" content=\"2560\" \/>\n\t<meta property=\"og:image:height\" content=\"1642\" \/>\n\t<meta property=\"og:image:type\" content=\"image\/jpeg\" \/>\n<meta name=\"twitter:card\" content=\"summary_large_image\" \/>\n<script type=\"application\/ld+json\" class=\"yoast-schema-graph\">{\"@context\":\"https:\\\/\\\/schema.org\",\"@graph\":[{\"@type\":\"WebPage\",\"@id\":\"https:\\\/\\\/www.blecha.at\\\/cs\\\/produkty\\\/specialni-profily\\\/stavba-volier\\\/\",\"url\":\"https:\\\/\\\/www.blecha.at\\\/cs\\\/produkty\\\/specialni-profily\\\/stavba-volier\\\/\",\"name\":\"Stavba voli\u00e9r | BLECHA Aluprofile\",\"isPartOf\":{\"@id\":\"https:\\\/\\\/www.blecha.at\\\/#website\"},\"datePublished\":\"2023-09-13T14:08:43+00:00\",\"dateModified\":\"2026-02-09T15:17:37+00:00\",\"description\":\"Entdecken Sie unsere hochwertigen Aluminiumprofile f\u00fcr den Volierenbau. Unsere speziell entwickelten Profile sind die ideale Wahl f\u00fcr den Bau von Volieren und K\u00e4figen. Mit einer breiten Palette von Profilen, darunter Volierenprofile und K\u00e4figprofile, bieten wir Ihnen die Werkzeuge, um sichere und langlebige Volieren zu gestalten. Unsere Aluminiumprofile erf\u00fcllen h\u00f6chste Qualit\u00e4tsstandards und sind die perfekte Wahl f\u00fcr Vogelliebhaber und Z\u00fcchter. Vertrauen Sie auf Blecha f\u00fcr Pr\u00e4zision und Qualit\u00e4t im Volierenbau.\",\"breadcrumb\":{\"@id\":\"https:\\\/\\\/www.blecha.at\\\/cs\\\/produkty\\\/specialni-profily\\\/stavba-volier\\\/#breadcrumb\"},\"inLanguage\":\"cs\",\"potentialAction\":[{\"@type\":\"ReadAction\",\"target\":[\"https:\\\/\\\/www.blecha.at\\\/cs\\\/produkty\\\/specialni-profily\\\/stavba-volier\\\/\"]}]},{\"@type\":\"BreadcrumbList\",\"@id\":\"https:\\\/\\\/www.blecha.at\\\/cs\\\/produkty\\\/specialni-profily\\\/stavba-volier\\\/#breadcrumb\",\"itemListElement\":[{\"@type\":\"ListItem\",\"position\":1,\"name\":\"Home\",\"item\":\"https:\\\/\\\/www.blecha.at\\\/cs\\\/\"},{\"@type\":\"ListItem\",\"position\":2,\"name\":\"Produkty\",\"item\":\"https:\\\/\\\/www.blecha.at\\\/cs\\\/produkty\\\/\"},{\"@type\":\"ListItem\",\"position\":3,\"name\":\"Speci\u00e1ln\u00ed profily\",\"item\":\"https:\\\/\\\/www.blecha.at\\\/cs\\\/produkty\\\/specialni-profily\\\/\"},{\"@type\":\"ListItem\",\"position\":4,\"name\":\"Stavba voli\u00e9r\"}]},{\"@type\":\"WebSite\",\"@id\":\"https:\\\/\\\/www.blecha.at\\\/#website\",\"url\":\"https:\\\/\\\/www.blecha.at\\\/\",\"name\":\"BLECHA\",\"description\":\"Eine weitere WordPress-Website\",\"potentialAction\":[{\"@type\":\"SearchAction\",\"target\":{\"@type\":\"EntryPoint\",\"urlTemplate\":\"https:\\\/\\\/www.blecha.at\\\/?s={search_term_string}\"},\"query-input\":{\"@type\":\"PropertyValueSpecification\",\"valueRequired\":true,\"valueName\":\"search_term_string\"}}],\"inLanguage\":\"cs\"}]}<\/script>\n<!-- \/ Yoast SEO plugin. -->","yoast_head_json":{"title":"Stavba voli\u00e9r | BLECHA Aluprofile","description":"Entdecken Sie unsere hochwertigen Aluminiumprofile f\u00fcr den Volierenbau. Unsere speziell entwickelten Profile sind die ideale Wahl f\u00fcr den Bau von Volieren und K\u00e4figen. Mit einer breiten Palette von Profilen, darunter Volierenprofile und K\u00e4figprofile, bieten wir Ihnen die Werkzeuge, um sichere und langlebige Volieren zu gestalten. Unsere Aluminiumprofile erf\u00fcllen h\u00f6chste Qualit\u00e4tsstandards und sind die perfekte Wahl f\u00fcr Vogelliebhaber und Z\u00fcchter. Vertrauen Sie auf Blecha f\u00fcr Pr\u00e4zision und Qualit\u00e4t im Volierenbau.","robots":{"index":"index","follow":"follow","max-snippet":"max-snippet:-1","max-image-preview":"max-image-preview:large","max-video-preview":"max-video-preview:-1"},"canonical":"https:\/\/www.blecha.at\/cs\/produkty\/specialni-profily\/stavba-volier\/","og_locale":"cs_CZ","og_type":"article","og_title":"Stavba voli\u00e9r | BLECHA Aluprofile","og_description":"Entdecken Sie unsere hochwertigen Aluminiumprofile f\u00fcr den Volierenbau. Unsere speziell entwickelten Profile sind die ideale Wahl f\u00fcr den Bau von Volieren und K\u00e4figen. Mit einer breiten Palette von Profilen, darunter Volierenprofile und K\u00e4figprofile, bieten wir Ihnen die Werkzeuge, um sichere und langlebige Volieren zu gestalten. Unsere Aluminiumprofile erf\u00fcllen h\u00f6chste Qualit\u00e4tsstandards und sind die perfekte Wahl f\u00fcr Vogelliebhaber und Z\u00fcchter. Vertrauen Sie auf Blecha f\u00fcr Pr\u00e4zision und Qualit\u00e4t im Volierenbau.","og_url":"https:\/\/www.blecha.at\/cs\/produkty\/specialni-profily\/stavba-volier\/","og_site_name":"BLECHA","article_modified_time":"2026-02-09T15:17:37+00:00","og_image":[{"width":2560,"height":1642,"url":"https:\/\/www.blecha.at\/wp-content\/uploads\/2021\/02\/blecha-unternehmen-auswahl-gebaeude-3-scaled.jpg","type":"image\/jpeg"}],"twitter_card":"summary_large_image","schema":{"@context":"https:\/\/schema.org","@graph":[{"@type":"WebPage","@id":"https:\/\/www.blecha.at\/cs\/produkty\/specialni-profily\/stavba-volier\/","url":"https:\/\/www.blecha.at\/cs\/produkty\/specialni-profily\/stavba-volier\/","name":"Stavba voli\u00e9r | BLECHA Aluprofile","isPartOf":{"@id":"https:\/\/www.blecha.at\/#website"},"datePublished":"2023-09-13T14:08:43+00:00","dateModified":"2026-02-09T15:17:37+00:00","description":"Entdecken Sie unsere hochwertigen Aluminiumprofile f\u00fcr den Volierenbau. Unsere speziell entwickelten Profile sind die ideale Wahl f\u00fcr den Bau von Volieren und K\u00e4figen. Mit einer breiten Palette von Profilen, darunter Volierenprofile und K\u00e4figprofile, bieten wir Ihnen die Werkzeuge, um sichere und langlebige Volieren zu gestalten. Unsere Aluminiumprofile erf\u00fcllen h\u00f6chste Qualit\u00e4tsstandards und sind die perfekte Wahl f\u00fcr Vogelliebhaber und Z\u00fcchter. Vertrauen Sie auf Blecha f\u00fcr Pr\u00e4zision und Qualit\u00e4t im Volierenbau.","breadcrumb":{"@id":"https:\/\/www.blecha.at\/cs\/produkty\/specialni-profily\/stavba-volier\/#breadcrumb"},"inLanguage":"cs","potentialAction":[{"@type":"ReadAction","target":["https:\/\/www.blecha.at\/cs\/produkty\/specialni-profily\/stavba-volier\/"]}]},{"@type":"BreadcrumbList","@id":"https:\/\/www.blecha.at\/cs\/produkty\/specialni-profily\/stavba-volier\/#breadcrumb","itemListElement":[{"@type":"ListItem","position":1,"name":"Home","item":"https:\/\/www.blecha.at\/cs\/"},{"@type":"ListItem","position":2,"name":"Produkty","item":"https:\/\/www.blecha.at\/cs\/produkty\/"},{"@type":"ListItem","position":3,"name":"Speci\u00e1ln\u00ed profily","item":"https:\/\/www.blecha.at\/cs\/produkty\/specialni-profily\/"},{"@type":"ListItem","position":4,"name":"Stavba voli\u00e9r"}]},{"@type":"WebSite","@id":"https:\/\/www.blecha.at\/#website","url":"https:\/\/www.blecha.at\/","name":"BLECHA","description":"Eine weitere WordPress-Website","potentialAction":[{"@type":"SearchAction","target":{"@type":"EntryPoint","urlTemplate":"https:\/\/www.blecha.at\/?s={search_term_string}"},"query-input":{"@type":"PropertyValueSpecification","valueRequired":true,"valueName":"search_term_string"}}],"inLanguage":"cs"}]}},"_links":{"self":[{"href":"https:\/\/www.blecha.at\/cs\/wp-json\/wp\/v2\/pages\/22268","targetHints":{"allow":["GET"]}}],"collection":[{"href":"https:\/\/www.blecha.at\/cs\/wp-json\/wp\/v2\/pages"}],"about":[{"href":"https:\/\/www.blecha.at\/cs\/wp-json\/wp\/v2\/types\/page"}],"author":[{"embeddable":true,"href":"https:\/\/www.blecha.at\/cs\/wp-json\/wp\/v2\/users\/2"}],"replies":[{"embeddable":true,"href":"https:\/\/www.blecha.at\/cs\/wp-json\/wp\/v2\/comments?post=22268"}],"version-history":[{"count":7,"href":"https:\/\/www.blecha.at\/cs\/wp-json\/wp\/v2\/pages\/22268\/revisions"}],"predecessor-version":[{"id":31861,"href":"https:\/\/www.blecha.at\/cs\/wp-json\/wp\/v2\/pages\/22268\/revisions\/31861"}],"up":[{"embeddable":true,"href":"https:\/\/www.blecha.at\/cs\/wp-json\/wp\/v2\/pages\/5764"}],"wp:attachment":[{"href":"https:\/\/www.blecha.at\/cs\/wp-json\/wp\/v2\/media?parent=22268"}],"curies":[{"name":"wp","href":"https:\/\/api.w.org\/{rel}","templated":true}]}}