{"id":22281,"date":"2023-09-13T15:38:36","date_gmt":"2023-09-13T13:38:36","guid":{"rendered":"https:\/\/www.blecha.at\/?page_id=22281"},"modified":"2026-01-26T16:36:50","modified_gmt":"2026-01-26T15:36:50","slug":"stinici-technika-a-ochrana-proti-hmyzu","status":"publish","type":"page","link":"https:\/\/www.blecha.at\/cs\/produkty\/specialni-profily\/stinici-technika-a-ochrana-proti-hmyzu\/","title":{"rendered":"St\u00edn\u00edc\u00ed technika a ochrana proti hmyzu"},"content":{"rendered":"\n<p>Hlin\u00edkov\u00e9 profily pro ochranu p\u0159ed sluncem a hmyzem \u2013 odoln\u00e9, stabiln\u00ed a udr\u017eiteln\u00e9<\/p>\n\n\n\n<p>Syst\u00e9my protislune\u010dn\u00ed ochrany a ochrany proti hmyzu se staly nepostradatelnou sou\u010d\u00e1st\u00ed modern\u00ed architektury a stavebnictv\u00ed. Poskytuj\u00ed nejen ochranu p\u0159ed horkem, osln\u011bn\u00edm a hmyzem, ale tak\u00e9 p\u0159isp\u00edvaj\u00ed k energetick\u00e9 \u00fa\u010dinnosti a kvalit\u011b bydlen\u00ed. S na\u0161imi vysoce kvalitn\u00edmi hlin\u00edkov\u00fdmi profily nab\u00edz\u00edme trvanliv\u00e1, pov\u011btrnostn\u011b odoln\u00e1 a vizu\u00e1ln\u011b atraktivn\u00ed \u0159e\u0161en\u00ed pro r\u016fzn\u00e1 pou\u017eit\u00ed \u2013 od obytn\u00fdch budov po komer\u010dn\u00ed nemovitosti a ve\u0159ejn\u00e9 budovy.<\/p>\n\n\n\n<p>Jako zku\u0161en\u00fd velkoobchod s hlin\u00edkem nab\u00edz\u00edme \u0161irokou \u0161k\u00e1lu hlin\u00edkov\u00fdch profil\u016f pro ochranu p\u0159ed sluncem a hmyzem, kter\u00e9 se vyzna\u010duj\u00ed dlouhou \u017eivotnost\u00ed, odolnost\u00ed proti korozi a v\u0161estrannost\u00ed.<\/p>\n\n\n\n<p>Ochrana proti slunci s hlin\u00edkov\u00fdmi lamelami a nosn\u00fdmi profily<\/p>\n\n\n\n<p>\u00da\u010dinn\u00e1 ochrana p\u0159ed sluncem nejen sni\u017euje tepeln\u00e9 z\u00e1\u0159en\u00ed, ale tak\u00e9 zaji\u0161\u0165uje p\u0159\u00edjemn\u00e9 klima v m\u00edstnosti. Na\u0161e hlin\u00edkov\u00e9 lamely jsou ide\u00e1ln\u00ed volbou pro individu\u00e1ln\u00ed \u0159e\u0161en\u00ed ochrany proti slunci. Jsou k dispozici v r\u016fzn\u00fdch velikostech a proveden\u00edch, v\u010detn\u011b na\u0161ich obl\u00edben\u00fdch kosod\u00e9ln\u00edkov\u00fdch lamel, kter\u00e9 poskytuj\u00ed modern\u00ed a stylov\u00fd vzhled.<\/p>\n\n\n\n<p>Tyto lamely se \u010dasto pou\u017e\u00edvaj\u00ed pro zast\u00edn\u011bn\u00ed fas\u00e1d, pergol nebo soukrom\u00fdch st\u011bn. Nejen, \u017ee nab\u00edzej\u00ed ochranu p\u0159ed p\u0159\u00edm\u00fdm slune\u010dn\u00edm z\u00e1\u0159en\u00edm, jsou tak\u00e9 staticky odoln\u00e9, snadno se \u010dist\u00ed a nerezav\u011bj\u00ed. Hlin\u00edkov\u00e9 lamely jsou d\u00edky lehk\u00e9mu a p\u0159itom stabiln\u00edmu materi\u00e1lu ide\u00e1ln\u00ed i pro v\u011bt\u0161\u00ed stavby.<\/p>\n\n\n\n<p>Dal\u0161\u00edm nezbytn\u00fdm produktem v na\u0161em sortimentu je nosn\u00fd profil pro st\u0159e\u0161n\u00ed krytiny. \u010casto se pou\u017e\u00edv\u00e1 pro stavbu terasov\u00fdch st\u0159ech, p\u0159\u00edst\u0159e\u0161k\u016f pro auta nebo zimn\u00edch zahrad a nab\u00edz\u00ed robustn\u00ed z\u00e1klad pro \u0161irokou \u0161k\u00e1lu st\u0159e\u0161n\u00edch konstrukc\u00ed.<\/p>\n\n\n\n<p>Ochrana proti hmyzu \u2013 odoln\u00e1 \u0159e\u0161en\u00ed z hlin\u00edku<\/p>\n\n\n\n<p>Spolehliv\u00e1 ochrana proti hmyzu poskytuje v\u011bt\u0161\u00ed pohodl\u00ed zejm\u00e9na v teplej\u0161\u00edch m\u011bs\u00edc\u00edch. Na\u0161e hlin\u00edkov\u00e9 ochrann\u00e9 profily proti hmyzu jsou ide\u00e1ln\u00ed pro konstrukci r\u00e1m\u016f s\u00edt\u00ed proti hmyzu, dve\u0159\u00ed nebo posuvn\u00fdch syst\u00e9m\u016f.<\/p>\n\n\n\n<p>Zat\u00edmco mnoho syst\u00e9m\u016f ochrany proti hmyzu je vyrobeno z plastu, hlin\u00edk nab\u00edz\u00ed v\u00fdrazn\u011b vy\u0161\u0161\u00ed stabilitu, odolnost v\u016f\u010di UV z\u00e1\u0159en\u00ed a trvanlivost. Hlin\u00edkov\u00e9 profily se nav\u00edc obzvl\u00e1\u0161t\u011b snadno udr\u017euj\u00ed a bez probl\u00e9m\u016f zapadaj\u00ed do modern\u00ed architektury.<\/p>\n\n\n\n<p>Roletov\u00e9 profily \u2013 ochrana p\u0159ed sluncem, horkem a zv\u011bdav\u00fdmi pohledy<\/p>\n\n\n\n<p>Na\u0161e hlin\u00edkov\u00e9 roletov\u00e9 profily jsou dokonal\u00fdm \u0159e\u0161en\u00edm pro soukrom\u00ed, tepelnou izolaci a dodate\u010dn\u00e9 zabezpe\u010den\u00ed. Hlin\u00edkov\u00e9 profily jsou oproti plastov\u00fdm rolet\u00e1m v\u00fdrazn\u011b odoln\u011bj\u0161\u00ed a odoln\u011bj\u0161\u00ed.<\/p>\n\n\n\n<p>Rolety nab\u00edzej\u00ed \u0159adu v\u00fdhod. Ochrana proti slunci: sni\u017euje p\u0159\u00edm\u00e9 slune\u010dn\u00ed z\u00e1\u0159en\u00ed a zaji\u0161\u0165uje p\u0159\u00edjemn\u00e9 vnit\u0159n\u00ed klima. Tepeln\u00e1 izolace: sni\u017euje n\u00e1klady na energii sn\u00ed\u017een\u00edm n\u00e1klad\u016f na vyt\u00e1p\u011bn\u00ed a chlazen\u00ed. Zabezpe\u010den\u00ed: zt\u011b\u017euje vloup\u00e1n\u00ed a chr\u00e1n\u00ed p\u0159ed ne\u017e\u00e1douc\u00edmi pohledy.<\/p>\n\n\n\n<p>Udr\u017eitelnost a \u0161etrnost k \u017eivotn\u00edmu prost\u0159ed\u00ed<\/p>\n\n\n\n<p>Hlin\u00edk je obzvl\u00e1\u0161t\u011b udr\u017eiteln\u00fd materi\u00e1l, proto\u017ee je t\u00e9m\u011b\u0159 100% recyklovateln\u00fd bez ztr\u00e1ty kvality. Na\u0161e hlin\u00edkov\u00e9 profily nab\u00edzej\u00ed nejen dlouhou \u017eivotnost, ale jsou tak\u00e9 ekologi\u010dt\u011bj\u0161\u00ed alternativou plastov\u00fdch \u0159e\u0161en\u00ed. Pou\u017e\u00edv\u00e1n\u00edm vysoce kvalitn\u00edch materi\u00e1l\u016f aktivn\u011b p\u0159isp\u00edv\u00e1me k vytv\u00e1\u0159en\u00ed dlouhodob\u00fdch a zdroj\u016f \u0161et\u0159\u00edc\u00edch \u0159e\u0161en\u00ed pro ochranu p\u0159ed sluncem a hmyzem.<\/p>\n\n\n\n<p>BLECHA \u2013 V\u00e1\u0161 spolehliv\u00fd partner pro hlin\u00edkov\u00e9 profily<\/p>\n\n\n\n<p>S 4 desetilet\u00edmi zku\u0161enost\u00ed v obchodu s hlin\u00edkem nab\u00edz\u00edme na\u0161im z\u00e1kazn\u00edk\u016fm \u0161irokou \u0161k\u00e1lu vysoce kvalitn\u00edch profil\u016f pro \u0161irokou \u0161k\u00e1lu aplikac\u00ed. D\u00edky na\u0161emu rozs\u00e1hl\u00e9mu skladu dok\u00e1\u017eeme vy\u0159izovat objedn\u00e1vky rychle a flexibiln\u011b.<\/p>\n\n\n\n<p>Spolehliv\u00e1 logistika: d\u00edky na\u0161\u00ed spolupr\u00e1ci se spedi\u010dn\u00edmi spole\u010dnostmi a bal\u00edkov\u00fdmi slu\u017ebami a tak\u00e9 vlastn\u00edm vozov\u00fdm parkem zajist\u00edme, \u017ee Va\u0161e objedn\u00e1vka doraz\u00ed bezpe\u010dn\u011b a v\u010das \u2013 jak v Rakousku, tak v sousedn\u00edch zem\u00edch.<\/p>\n\n\n\n<p>A\u0165 u\u017e se jedn\u00e1 o hlin\u00edkov\u00e9 lamely na ochranu proti slunci, profily na ochranu proti hmyzu nebo roletov\u00e9 profily \u2013 u <em>spole\u010dnosti <\/em>BLECHA najdete spr\u00e1vn\u00e1 hlin\u00edkov\u00e1 \u0159e\u0161en\u00ed pro Va\u0161e projekty. Kontaktujte n\u00e1s je\u0161t\u011b dnes a nechte se p\u0159esv\u011bd\u010dit o na\u0161\u00ed rozmanitosti produkt\u016f!<\/p>\n","protected":false},"excerpt":{"rendered":"Hlin\u00edkov\u00e9 profily pro ochranu p\u0159ed sluncem a hmyzem \u2013 odoln\u00e9, stabiln\u00ed a udr\u017eiteln\u00e9 Syst\u00e9my protislune\u010dn\u00ed ochrany a ochrany proti hmyzu se staly nepostradatelnou sou\u010d\u00e1st\u00ed modern\u00ed architektury a stavebnictv\u00ed. Poskytuj\u00ed nejen ochranu p\u0159ed horkem, osln\u011bn\u00edm a hmyzem, ale tak\u00e9 p\u0159isp\u00edvaj\u00ed k energetick\u00e9 \u00fa\u010dinnosti a kvalit\u011b bydlen\u00ed. S na\u0161imi vysoce kvalitn\u00edmi hlin\u00edkov\u00fdmi profily nab\u00edz\u00edme trvanliv\u00e1, pov\u011btrnostn\u011b odoln\u00e1 [&hellip;]","protected":false},"author":2,"featured_media":0,"parent":5764,"menu_order":0,"comment_status":"closed","ping_status":"closed","template":"page-zaunsysteme-details.php","meta":{"_acf_changed":false,"footnotes":""},"class_list":["post-22281","page","type-page","status-publish","hentry"],"acf":[],"yoast_head":"<!-- This site is optimized with the Yoast SEO plugin v27.3 - https:\/\/yoast.com\/product\/yoast-seo-wordpress\/ -->\n<title>St\u00edn\u00edc\u00ed technika a ochrana proti hmyzu | BLECHA ALUPROFILE<\/title>\n<meta name=\"description\" content=\"Objevte na\u0161e vysoce kvalitn\u00ed \u0159e\u0161en\u00ed pro ochranu proti slunci a hmyzu z hlin\u00edku. Na\u0161e produkty nab\u00edzej\u00ed ide\u00e1ln\u00ed \u0159e\u0161en\u00ed pro \u00fa\u010dinnou slune\u010dn\u00ed ochranu a ochranu proti hmyzu z\u00e1rove\u0148.\" \/>\n<meta name=\"robots\" content=\"index, follow, max-snippet:-1, max-image-preview:large, max-video-preview:-1\" \/>\n<link rel=\"canonical\" href=\"https:\/\/www.blecha.at\/cs\/produkty\/specialni-profily\/stinici-technika-a-ochrana-proti-hmyzu\/\" \/>\n<meta property=\"og:locale\" content=\"cs_CZ\" \/>\n<meta property=\"og:type\" content=\"article\" \/>\n<meta property=\"og:title\" content=\"St\u00edn\u00edc\u00ed technika a ochrana proti hmyzu | BLECHA ALUPROFILE\" \/>\n<meta property=\"og:description\" content=\"Objevte na\u0161e vysoce kvalitn\u00ed \u0159e\u0161en\u00ed pro ochranu proti slunci a hmyzu z hlin\u00edku. Na\u0161e produkty nab\u00edzej\u00ed ide\u00e1ln\u00ed \u0159e\u0161en\u00ed pro \u00fa\u010dinnou slune\u010dn\u00ed ochranu a ochranu proti hmyzu z\u00e1rove\u0148.\" \/>\n<meta property=\"og:url\" content=\"https:\/\/www.blecha.at\/cs\/produkty\/specialni-profily\/stinici-technika-a-ochrana-proti-hmyzu\/\" \/>\n<meta property=\"og:site_name\" content=\"BLECHA\" \/>\n<meta property=\"article:modified_time\" content=\"2026-01-26T15:36:50+00:00\" \/>\n<meta property=\"og:image\" content=\"https:\/\/www.blecha.at\/wp-content\/uploads\/2021\/02\/blecha-unternehmen-auswahl-gebaeude-3-scaled.jpg\" \/>\n\t<meta property=\"og:image:width\" content=\"2560\" \/>\n\t<meta property=\"og:image:height\" content=\"1642\" \/>\n\t<meta property=\"og:image:type\" content=\"image\/jpeg\" \/>\n<meta name=\"twitter:card\" content=\"summary_large_image\" \/>\n<meta name=\"twitter:label1\" content=\"Odhadovan\u00e1 doba \u010dten\u00ed\" \/>\n\t<meta name=\"twitter:data1\" content=\"3 minuty\" \/>\n<script type=\"application\/ld+json\" class=\"yoast-schema-graph\">{\"@context\":\"https:\\\/\\\/schema.org\",\"@graph\":[{\"@type\":\"WebPage\",\"@id\":\"https:\\\/\\\/www.blecha.at\\\/cs\\\/produkty\\\/specialni-profily\\\/stinici-technika-a-ochrana-proti-hmyzu\\\/\",\"url\":\"https:\\\/\\\/www.blecha.at\\\/cs\\\/produkty\\\/specialni-profily\\\/stinici-technika-a-ochrana-proti-hmyzu\\\/\",\"name\":\"St\u00edn\u00edc\u00ed technika a ochrana proti hmyzu | BLECHA ALUPROFILE\",\"isPartOf\":{\"@id\":\"https:\\\/\\\/www.blecha.at\\\/#website\"},\"datePublished\":\"2023-09-13T13:38:36+00:00\",\"dateModified\":\"2026-01-26T15:36:50+00:00\",\"description\":\"Objevte na\u0161e vysoce kvalitn\u00ed \u0159e\u0161en\u00ed pro ochranu proti slunci a hmyzu z hlin\u00edku. Na\u0161e produkty nab\u00edzej\u00ed ide\u00e1ln\u00ed \u0159e\u0161en\u00ed pro \u00fa\u010dinnou slune\u010dn\u00ed ochranu a ochranu proti hmyzu z\u00e1rove\u0148.\",\"breadcrumb\":{\"@id\":\"https:\\\/\\\/www.blecha.at\\\/cs\\\/produkty\\\/specialni-profily\\\/stinici-technika-a-ochrana-proti-hmyzu\\\/#breadcrumb\"},\"inLanguage\":\"cs\",\"potentialAction\":[{\"@type\":\"ReadAction\",\"target\":[\"https:\\\/\\\/www.blecha.at\\\/cs\\\/produkty\\\/specialni-profily\\\/stinici-technika-a-ochrana-proti-hmyzu\\\/\"]}]},{\"@type\":\"BreadcrumbList\",\"@id\":\"https:\\\/\\\/www.blecha.at\\\/cs\\\/produkty\\\/specialni-profily\\\/stinici-technika-a-ochrana-proti-hmyzu\\\/#breadcrumb\",\"itemListElement\":[{\"@type\":\"ListItem\",\"position\":1,\"name\":\"Home\",\"item\":\"https:\\\/\\\/www.blecha.at\\\/cs\\\/\"},{\"@type\":\"ListItem\",\"position\":2,\"name\":\"Produkty\",\"item\":\"https:\\\/\\\/www.blecha.at\\\/cs\\\/produkty\\\/\"},{\"@type\":\"ListItem\",\"position\":3,\"name\":\"Speci\u00e1ln\u00ed profily\",\"item\":\"https:\\\/\\\/www.blecha.at\\\/cs\\\/produkty\\\/specialni-profily\\\/\"},{\"@type\":\"ListItem\",\"position\":4,\"name\":\"St\u00edn\u00edc\u00ed technika a ochrana proti hmyzu\"}]},{\"@type\":\"WebSite\",\"@id\":\"https:\\\/\\\/www.blecha.at\\\/#website\",\"url\":\"https:\\\/\\\/www.blecha.at\\\/\",\"name\":\"BLECHA\",\"description\":\"Eine weitere WordPress-Website\",\"potentialAction\":[{\"@type\":\"SearchAction\",\"target\":{\"@type\":\"EntryPoint\",\"urlTemplate\":\"https:\\\/\\\/www.blecha.at\\\/?s={search_term_string}\"},\"query-input\":{\"@type\":\"PropertyValueSpecification\",\"valueRequired\":true,\"valueName\":\"search_term_string\"}}],\"inLanguage\":\"cs\"}]}<\/script>\n<!-- \/ Yoast SEO plugin. -->","yoast_head_json":{"title":"St\u00edn\u00edc\u00ed technika a ochrana proti hmyzu | BLECHA ALUPROFILE","description":"Objevte na\u0161e vysoce kvalitn\u00ed \u0159e\u0161en\u00ed pro ochranu proti slunci a hmyzu z hlin\u00edku. Na\u0161e produkty nab\u00edzej\u00ed ide\u00e1ln\u00ed \u0159e\u0161en\u00ed pro \u00fa\u010dinnou slune\u010dn\u00ed ochranu a ochranu proti hmyzu z\u00e1rove\u0148.","robots":{"index":"index","follow":"follow","max-snippet":"max-snippet:-1","max-image-preview":"max-image-preview:large","max-video-preview":"max-video-preview:-1"},"canonical":"https:\/\/www.blecha.at\/cs\/produkty\/specialni-profily\/stinici-technika-a-ochrana-proti-hmyzu\/","og_locale":"cs_CZ","og_type":"article","og_title":"St\u00edn\u00edc\u00ed technika a ochrana proti hmyzu | BLECHA ALUPROFILE","og_description":"Objevte na\u0161e vysoce kvalitn\u00ed \u0159e\u0161en\u00ed pro ochranu proti slunci a hmyzu z hlin\u00edku. Na\u0161e produkty nab\u00edzej\u00ed ide\u00e1ln\u00ed \u0159e\u0161en\u00ed pro \u00fa\u010dinnou slune\u010dn\u00ed ochranu a ochranu proti hmyzu z\u00e1rove\u0148.","og_url":"https:\/\/www.blecha.at\/cs\/produkty\/specialni-profily\/stinici-technika-a-ochrana-proti-hmyzu\/","og_site_name":"BLECHA","article_modified_time":"2026-01-26T15:36:50+00:00","og_image":[{"width":2560,"height":1642,"url":"https:\/\/www.blecha.at\/wp-content\/uploads\/2021\/02\/blecha-unternehmen-auswahl-gebaeude-3-scaled.jpg","type":"image\/jpeg"}],"twitter_card":"summary_large_image","twitter_misc":{"Odhadovan\u00e1 doba \u010dten\u00ed":"3 minuty"},"schema":{"@context":"https:\/\/schema.org","@graph":[{"@type":"WebPage","@id":"https:\/\/www.blecha.at\/cs\/produkty\/specialni-profily\/stinici-technika-a-ochrana-proti-hmyzu\/","url":"https:\/\/www.blecha.at\/cs\/produkty\/specialni-profily\/stinici-technika-a-ochrana-proti-hmyzu\/","name":"St\u00edn\u00edc\u00ed technika a ochrana proti hmyzu | BLECHA ALUPROFILE","isPartOf":{"@id":"https:\/\/www.blecha.at\/#website"},"datePublished":"2023-09-13T13:38:36+00:00","dateModified":"2026-01-26T15:36:50+00:00","description":"Objevte na\u0161e vysoce kvalitn\u00ed \u0159e\u0161en\u00ed pro ochranu proti slunci a hmyzu z hlin\u00edku. Na\u0161e produkty nab\u00edzej\u00ed ide\u00e1ln\u00ed \u0159e\u0161en\u00ed pro \u00fa\u010dinnou slune\u010dn\u00ed ochranu a ochranu proti hmyzu z\u00e1rove\u0148.","breadcrumb":{"@id":"https:\/\/www.blecha.at\/cs\/produkty\/specialni-profily\/stinici-technika-a-ochrana-proti-hmyzu\/#breadcrumb"},"inLanguage":"cs","potentialAction":[{"@type":"ReadAction","target":["https:\/\/www.blecha.at\/cs\/produkty\/specialni-profily\/stinici-technika-a-ochrana-proti-hmyzu\/"]}]},{"@type":"BreadcrumbList","@id":"https:\/\/www.blecha.at\/cs\/produkty\/specialni-profily\/stinici-technika-a-ochrana-proti-hmyzu\/#breadcrumb","itemListElement":[{"@type":"ListItem","position":1,"name":"Home","item":"https:\/\/www.blecha.at\/cs\/"},{"@type":"ListItem","position":2,"name":"Produkty","item":"https:\/\/www.blecha.at\/cs\/produkty\/"},{"@type":"ListItem","position":3,"name":"Speci\u00e1ln\u00ed profily","item":"https:\/\/www.blecha.at\/cs\/produkty\/specialni-profily\/"},{"@type":"ListItem","position":4,"name":"St\u00edn\u00edc\u00ed technika a ochrana proti hmyzu"}]},{"@type":"WebSite","@id":"https:\/\/www.blecha.at\/#website","url":"https:\/\/www.blecha.at\/","name":"BLECHA","description":"Eine weitere WordPress-Website","potentialAction":[{"@type":"SearchAction","target":{"@type":"EntryPoint","urlTemplate":"https:\/\/www.blecha.at\/?s={search_term_string}"},"query-input":{"@type":"PropertyValueSpecification","valueRequired":true,"valueName":"search_term_string"}}],"inLanguage":"cs"}]}},"_links":{"self":[{"href":"https:\/\/www.blecha.at\/cs\/wp-json\/wp\/v2\/pages\/22281","targetHints":{"allow":["GET"]}}],"collection":[{"href":"https:\/\/www.blecha.at\/cs\/wp-json\/wp\/v2\/pages"}],"about":[{"href":"https:\/\/www.blecha.at\/cs\/wp-json\/wp\/v2\/types\/page"}],"author":[{"embeddable":true,"href":"https:\/\/www.blecha.at\/cs\/wp-json\/wp\/v2\/users\/2"}],"replies":[{"embeddable":true,"href":"https:\/\/www.blecha.at\/cs\/wp-json\/wp\/v2\/comments?post=22281"}],"version-history":[{"count":5,"href":"https:\/\/www.blecha.at\/cs\/wp-json\/wp\/v2\/pages\/22281\/revisions"}],"predecessor-version":[{"id":31806,"href":"https:\/\/www.blecha.at\/cs\/wp-json\/wp\/v2\/pages\/22281\/revisions\/31806"}],"up":[{"embeddable":true,"href":"https:\/\/www.blecha.at\/cs\/wp-json\/wp\/v2\/pages\/5764"}],"wp:attachment":[{"href":"https:\/\/www.blecha.at\/cs\/wp-json\/wp\/v2\/media?parent=22281"}],"curies":[{"name":"wp","href":"https:\/\/api.w.org\/{rel}","templated":true}]}}