{"id":22294,"date":"2023-09-13T15:30:17","date_gmt":"2023-09-13T13:30:17","guid":{"rendered":"https:\/\/www.blecha.at\/?page_id=22294"},"modified":"2026-01-26T16:25:41","modified_gmt":"2026-01-26T15:25:41","slug":"kovovyroba","status":"publish","type":"page","link":"https:\/\/www.blecha.at\/cs\/produkty\/specialni-profily\/kovovyroba\/","title":{"rendered":"Kovov\u00fdroba"},"content":{"rendered":"","protected":false},"excerpt":{"rendered":"","protected":false},"author":2,"featured_media":0,"parent":5764,"menu_order":0,"comment_status":"closed","ping_status":"closed","template":"page-zaunsysteme-details.php","meta":{"_acf_changed":false,"footnotes":""},"class_list":["post-22294","page","type-page","status-publish","hentry"],"acf":[],"yoast_head":"<!-- This site is optimized with the Yoast SEO plugin v27.3 - https:\/\/yoast.com\/product\/yoast-seo-wordpress\/ -->\n<title>Kovov\u00fdroba | BLECHA Aluprofile<\/title>\n<meta name=\"description\" content=\"N\u00e1\u0161 \u0161irok\u00fd sortiment profil\u016f nab\u00edz\u00ed perfektn\u00ed \u0159e\u0161en\u00ed pro kovov\u00e9 konstrukce. Bez ohledu na to, zda pot\u0159ebujete obkladov\u00e9 profily, priv\u00e1tn\u00ed profily, p\u016flkruhov\u00e9 profily, skl\u00e1dac\u00ed stojinov\u00e9 profily, st\u011bnov\u00e9 lemovac\u00ed profily, roletov\u00e9 profily, omega profily, kryc\u00ed li\u0161ty, palubky, U-profily, lemovac\u00ed profily, H-profily, T- profily nebo profily okraje tr\u00e1vn\u00edku, u n\u00e1s najdete to, co hled\u00e1te.\" \/>\n<meta name=\"robots\" content=\"index, follow, max-snippet:-1, max-image-preview:large, max-video-preview:-1\" \/>\n<link rel=\"canonical\" href=\"https:\/\/www.blecha.at\/cs\/produkty\/specialni-profily\/kovovyroba\/\" \/>\n<meta property=\"og:locale\" content=\"cs_CZ\" \/>\n<meta property=\"og:type\" content=\"article\" \/>\n<meta property=\"og:title\" content=\"Kovov\u00fdroba | BLECHA Aluprofile\" \/>\n<meta property=\"og:description\" content=\"N\u00e1\u0161 \u0161irok\u00fd sortiment profil\u016f nab\u00edz\u00ed perfektn\u00ed \u0159e\u0161en\u00ed pro kovov\u00e9 konstrukce. Bez ohledu na to, zda pot\u0159ebujete obkladov\u00e9 profily, priv\u00e1tn\u00ed profily, p\u016flkruhov\u00e9 profily, skl\u00e1dac\u00ed stojinov\u00e9 profily, st\u011bnov\u00e9 lemovac\u00ed profily, roletov\u00e9 profily, omega profily, kryc\u00ed li\u0161ty, palubky, U-profily, lemovac\u00ed profily, H-profily, T- profily nebo profily okraje tr\u00e1vn\u00edku, u n\u00e1s najdete to, co hled\u00e1te.\" \/>\n<meta property=\"og:url\" content=\"https:\/\/www.blecha.at\/cs\/produkty\/specialni-profily\/kovovyroba\/\" \/>\n<meta property=\"og:site_name\" content=\"BLECHA\" \/>\n<meta property=\"article:modified_time\" content=\"2026-01-26T15:25:41+00:00\" \/>\n<meta property=\"og:image\" content=\"https:\/\/www.blecha.at\/wp-content\/uploads\/2021\/02\/blecha-unternehmen-auswahl-gebaeude-3-scaled.jpg\" \/>\n\t<meta property=\"og:image:width\" content=\"2560\" \/>\n\t<meta property=\"og:image:height\" content=\"1642\" \/>\n\t<meta property=\"og:image:type\" content=\"image\/jpeg\" \/>\n<meta name=\"twitter:card\" content=\"summary_large_image\" \/>\n<script type=\"application\/ld+json\" class=\"yoast-schema-graph\">{\"@context\":\"https:\\\/\\\/schema.org\",\"@graph\":[{\"@type\":\"WebPage\",\"@id\":\"https:\\\/\\\/www.blecha.at\\\/cs\\\/produkty\\\/specialni-profily\\\/kovovyroba\\\/\",\"url\":\"https:\\\/\\\/www.blecha.at\\\/cs\\\/produkty\\\/specialni-profily\\\/kovovyroba\\\/\",\"name\":\"Kovov\u00fdroba | BLECHA Aluprofile\",\"isPartOf\":{\"@id\":\"https:\\\/\\\/www.blecha.at\\\/#website\"},\"datePublished\":\"2023-09-13T13:30:17+00:00\",\"dateModified\":\"2026-01-26T15:25:41+00:00\",\"description\":\"N\u00e1\u0161 \u0161irok\u00fd sortiment profil\u016f nab\u00edz\u00ed perfektn\u00ed \u0159e\u0161en\u00ed pro kovov\u00e9 konstrukce. Bez ohledu na to, zda pot\u0159ebujete obkladov\u00e9 profily, priv\u00e1tn\u00ed profily, p\u016flkruhov\u00e9 profily, skl\u00e1dac\u00ed stojinov\u00e9 profily, st\u011bnov\u00e9 lemovac\u00ed profily, roletov\u00e9 profily, omega profily, kryc\u00ed li\u0161ty, palubky, U-profily, lemovac\u00ed profily, H-profily, T- profily nebo profily okraje tr\u00e1vn\u00edku, u n\u00e1s najdete to, co hled\u00e1te.\",\"breadcrumb\":{\"@id\":\"https:\\\/\\\/www.blecha.at\\\/cs\\\/produkty\\\/specialni-profily\\\/kovovyroba\\\/#breadcrumb\"},\"inLanguage\":\"cs\",\"potentialAction\":[{\"@type\":\"ReadAction\",\"target\":[\"https:\\\/\\\/www.blecha.at\\\/cs\\\/produkty\\\/specialni-profily\\\/kovovyroba\\\/\"]}]},{\"@type\":\"BreadcrumbList\",\"@id\":\"https:\\\/\\\/www.blecha.at\\\/cs\\\/produkty\\\/specialni-profily\\\/kovovyroba\\\/#breadcrumb\",\"itemListElement\":[{\"@type\":\"ListItem\",\"position\":1,\"name\":\"Home\",\"item\":\"https:\\\/\\\/www.blecha.at\\\/cs\\\/\"},{\"@type\":\"ListItem\",\"position\":2,\"name\":\"Produkty\",\"item\":\"https:\\\/\\\/www.blecha.at\\\/cs\\\/produkty\\\/\"},{\"@type\":\"ListItem\",\"position\":3,\"name\":\"Speci\u00e1ln\u00ed profily\",\"item\":\"https:\\\/\\\/www.blecha.at\\\/cs\\\/produkty\\\/specialni-profily\\\/\"},{\"@type\":\"ListItem\",\"position\":4,\"name\":\"Kovov\u00fdroba\"}]},{\"@type\":\"WebSite\",\"@id\":\"https:\\\/\\\/www.blecha.at\\\/#website\",\"url\":\"https:\\\/\\\/www.blecha.at\\\/\",\"name\":\"BLECHA\",\"description\":\"Eine weitere WordPress-Website\",\"potentialAction\":[{\"@type\":\"SearchAction\",\"target\":{\"@type\":\"EntryPoint\",\"urlTemplate\":\"https:\\\/\\\/www.blecha.at\\\/?s={search_term_string}\"},\"query-input\":{\"@type\":\"PropertyValueSpecification\",\"valueRequired\":true,\"valueName\":\"search_term_string\"}}],\"inLanguage\":\"cs\"}]}<\/script>\n<!-- \/ Yoast SEO plugin. -->","yoast_head_json":{"title":"Kovov\u00fdroba | BLECHA Aluprofile","description":"N\u00e1\u0161 \u0161irok\u00fd sortiment profil\u016f nab\u00edz\u00ed perfektn\u00ed \u0159e\u0161en\u00ed pro kovov\u00e9 konstrukce. Bez ohledu na to, zda pot\u0159ebujete obkladov\u00e9 profily, priv\u00e1tn\u00ed profily, p\u016flkruhov\u00e9 profily, skl\u00e1dac\u00ed stojinov\u00e9 profily, st\u011bnov\u00e9 lemovac\u00ed profily, roletov\u00e9 profily, omega profily, kryc\u00ed li\u0161ty, palubky, U-profily, lemovac\u00ed profily, H-profily, T- profily nebo profily okraje tr\u00e1vn\u00edku, u n\u00e1s najdete to, co hled\u00e1te.","robots":{"index":"index","follow":"follow","max-snippet":"max-snippet:-1","max-image-preview":"max-image-preview:large","max-video-preview":"max-video-preview:-1"},"canonical":"https:\/\/www.blecha.at\/cs\/produkty\/specialni-profily\/kovovyroba\/","og_locale":"cs_CZ","og_type":"article","og_title":"Kovov\u00fdroba | BLECHA Aluprofile","og_description":"N\u00e1\u0161 \u0161irok\u00fd sortiment profil\u016f nab\u00edz\u00ed perfektn\u00ed \u0159e\u0161en\u00ed pro kovov\u00e9 konstrukce. Bez ohledu na to, zda pot\u0159ebujete obkladov\u00e9 profily, priv\u00e1tn\u00ed profily, p\u016flkruhov\u00e9 profily, skl\u00e1dac\u00ed stojinov\u00e9 profily, st\u011bnov\u00e9 lemovac\u00ed profily, roletov\u00e9 profily, omega profily, kryc\u00ed li\u0161ty, palubky, U-profily, lemovac\u00ed profily, H-profily, T- profily nebo profily okraje tr\u00e1vn\u00edku, u n\u00e1s najdete to, co hled\u00e1te.","og_url":"https:\/\/www.blecha.at\/cs\/produkty\/specialni-profily\/kovovyroba\/","og_site_name":"BLECHA","article_modified_time":"2026-01-26T15:25:41+00:00","og_image":[{"width":2560,"height":1642,"url":"https:\/\/www.blecha.at\/wp-content\/uploads\/2021\/02\/blecha-unternehmen-auswahl-gebaeude-3-scaled.jpg","type":"image\/jpeg"}],"twitter_card":"summary_large_image","schema":{"@context":"https:\/\/schema.org","@graph":[{"@type":"WebPage","@id":"https:\/\/www.blecha.at\/cs\/produkty\/specialni-profily\/kovovyroba\/","url":"https:\/\/www.blecha.at\/cs\/produkty\/specialni-profily\/kovovyroba\/","name":"Kovov\u00fdroba | BLECHA Aluprofile","isPartOf":{"@id":"https:\/\/www.blecha.at\/#website"},"datePublished":"2023-09-13T13:30:17+00:00","dateModified":"2026-01-26T15:25:41+00:00","description":"N\u00e1\u0161 \u0161irok\u00fd sortiment profil\u016f nab\u00edz\u00ed perfektn\u00ed \u0159e\u0161en\u00ed pro kovov\u00e9 konstrukce. Bez ohledu na to, zda pot\u0159ebujete obkladov\u00e9 profily, priv\u00e1tn\u00ed profily, p\u016flkruhov\u00e9 profily, skl\u00e1dac\u00ed stojinov\u00e9 profily, st\u011bnov\u00e9 lemovac\u00ed profily, roletov\u00e9 profily, omega profily, kryc\u00ed li\u0161ty, palubky, U-profily, lemovac\u00ed profily, H-profily, T- profily nebo profily okraje tr\u00e1vn\u00edku, u n\u00e1s najdete to, co hled\u00e1te.","breadcrumb":{"@id":"https:\/\/www.blecha.at\/cs\/produkty\/specialni-profily\/kovovyroba\/#breadcrumb"},"inLanguage":"cs","potentialAction":[{"@type":"ReadAction","target":["https:\/\/www.blecha.at\/cs\/produkty\/specialni-profily\/kovovyroba\/"]}]},{"@type":"BreadcrumbList","@id":"https:\/\/www.blecha.at\/cs\/produkty\/specialni-profily\/kovovyroba\/#breadcrumb","itemListElement":[{"@type":"ListItem","position":1,"name":"Home","item":"https:\/\/www.blecha.at\/cs\/"},{"@type":"ListItem","position":2,"name":"Produkty","item":"https:\/\/www.blecha.at\/cs\/produkty\/"},{"@type":"ListItem","position":3,"name":"Speci\u00e1ln\u00ed profily","item":"https:\/\/www.blecha.at\/cs\/produkty\/specialni-profily\/"},{"@type":"ListItem","position":4,"name":"Kovov\u00fdroba"}]},{"@type":"WebSite","@id":"https:\/\/www.blecha.at\/#website","url":"https:\/\/www.blecha.at\/","name":"BLECHA","description":"Eine weitere WordPress-Website","potentialAction":[{"@type":"SearchAction","target":{"@type":"EntryPoint","urlTemplate":"https:\/\/www.blecha.at\/?s={search_term_string}"},"query-input":{"@type":"PropertyValueSpecification","valueRequired":true,"valueName":"search_term_string"}}],"inLanguage":"cs"}]}},"_links":{"self":[{"href":"https:\/\/www.blecha.at\/cs\/wp-json\/wp\/v2\/pages\/22294","targetHints":{"allow":["GET"]}}],"collection":[{"href":"https:\/\/www.blecha.at\/cs\/wp-json\/wp\/v2\/pages"}],"about":[{"href":"https:\/\/www.blecha.at\/cs\/wp-json\/wp\/v2\/types\/page"}],"author":[{"embeddable":true,"href":"https:\/\/www.blecha.at\/cs\/wp-json\/wp\/v2\/users\/2"}],"replies":[{"embeddable":true,"href":"https:\/\/www.blecha.at\/cs\/wp-json\/wp\/v2\/comments?post=22294"}],"version-history":[{"count":10,"href":"https:\/\/www.blecha.at\/cs\/wp-json\/wp\/v2\/pages\/22294\/revisions"}],"predecessor-version":[{"id":31778,"href":"https:\/\/www.blecha.at\/cs\/wp-json\/wp\/v2\/pages\/22294\/revisions\/31778"}],"up":[{"embeddable":true,"href":"https:\/\/www.blecha.at\/cs\/wp-json\/wp\/v2\/pages\/5764"}],"wp:attachment":[{"href":"https:\/\/www.blecha.at\/cs\/wp-json\/wp\/v2\/media?parent=22294"}],"curies":[{"name":"wp","href":"https:\/\/api.w.org\/{rel}","templated":true}]}}