{"id":24123,"date":"2023-09-13T17:05:51","date_gmt":"2023-09-13T15:05:51","guid":{"rendered":"https:\/\/www.blecha.at\/produkty\/plechy-a-desky\/bleche-und-platten\/"},"modified":"2024-06-27T21:04:06","modified_gmt":"2024-06-27T19:04:06","slug":"plechy-y-desky","status":"publish","type":"page","link":"https:\/\/www.blecha.at\/cs\/produkty\/plechy-a-desky\/plechy-y-desky\/","title":{"rendered":"Plechy a desky"},"content":{"rendered":"","protected":false},"excerpt":{"rendered":"","protected":false},"author":2,"featured_media":0,"parent":5553,"menu_order":0,"comment_status":"closed","ping_status":"closed","template":"page-zaunsysteme-details.php","meta":{"_acf_changed":false,"footnotes":""},"class_list":["post-24123","page","type-page","status-publish","hentry"],"acf":[],"yoast_head":"<!-- This site is optimized with the Yoast SEO plugin v27.3 - https:\/\/yoast.com\/product\/yoast-seo-wordpress\/ -->\n<title>Plechy y desky | BLECHA Aluprofil<\/title>\n<meta name=\"description\" content=\"Nab\u00edz\u00edme hlin\u00edkov\u00e9 plechy a desky - \u010dist\u00fd hlin\u00edk, lakovan\u00e9, eloxovan\u00e9 nebo d\u011brovan\u00e9. Vedeme \u0161irok\u00fd sortiment hlin\u00edkov\u00fdch plech\u016f. Hlin\u00edkov\u00e9 plechy a desky, hladk\u00e9 plechy, protiskluzov\u00e9 plechy (slzi\u010dkov\u00e9), plechy z \u010dist\u00e9ho hlin\u00edku nebo slitiny hlin\u00edku a ho\u0159\u010d\u00edku, eloxovan\u00e9 a lakovan\u00e9 plechy, d\u011brovan\u00e9 plechy (\u010dtvercov\u00e9 a kruhov\u00e9 d\u011brov\u00e1n\u00ed), ve form\u00e1tech 2000 x 1000 mm, 2500 x 1250 mm, 3000 x 1500 mm a 4000 x 2000 mm.\" \/>\n<meta name=\"robots\" content=\"index, follow, max-snippet:-1, max-image-preview:large, max-video-preview:-1\" \/>\n<link rel=\"canonical\" href=\"https:\/\/www.blecha.at\/cs\/produkty\/plechy-a-desky\/plechy-y-desky\/\" \/>\n<meta property=\"og:locale\" content=\"cs_CZ\" \/>\n<meta property=\"og:type\" content=\"article\" \/>\n<meta property=\"og:title\" content=\"Plechy y desky | BLECHA Aluprofil\" \/>\n<meta property=\"og:description\" content=\"Nab\u00edz\u00edme hlin\u00edkov\u00e9 plechy a desky - \u010dist\u00fd hlin\u00edk, lakovan\u00e9, eloxovan\u00e9 nebo d\u011brovan\u00e9. Vedeme \u0161irok\u00fd sortiment hlin\u00edkov\u00fdch plech\u016f. Hlin\u00edkov\u00e9 plechy a desky, hladk\u00e9 plechy, protiskluzov\u00e9 plechy (slzi\u010dkov\u00e9), plechy z \u010dist\u00e9ho hlin\u00edku nebo slitiny hlin\u00edku a ho\u0159\u010d\u00edku, eloxovan\u00e9 a lakovan\u00e9 plechy, d\u011brovan\u00e9 plechy (\u010dtvercov\u00e9 a kruhov\u00e9 d\u011brov\u00e1n\u00ed), ve form\u00e1tech 2000 x 1000 mm, 2500 x 1250 mm, 3000 x 1500 mm a 4000 x 2000 mm.\" \/>\n<meta property=\"og:url\" content=\"https:\/\/www.blecha.at\/cs\/produkty\/plechy-a-desky\/plechy-y-desky\/\" \/>\n<meta property=\"og:site_name\" content=\"BLECHA\" \/>\n<meta property=\"article:modified_time\" content=\"2024-06-27T19:04:06+00:00\" \/>\n<meta property=\"og:image\" content=\"https:\/\/www.blecha.at\/wp-content\/uploads\/2021\/02\/blecha-unternehmen-auswahl-gebaeude-3-scaled.jpg\" \/>\n\t<meta property=\"og:image:width\" content=\"2560\" \/>\n\t<meta property=\"og:image:height\" content=\"1642\" \/>\n\t<meta property=\"og:image:type\" content=\"image\/jpeg\" \/>\n<meta name=\"twitter:card\" content=\"summary_large_image\" \/>\n<script type=\"application\/ld+json\" class=\"yoast-schema-graph\">{\"@context\":\"https:\\\/\\\/schema.org\",\"@graph\":[{\"@type\":\"WebPage\",\"@id\":\"https:\\\/\\\/www.blecha.at\\\/cs\\\/produkty\\\/plechy-a-desky\\\/plechy-y-desky\\\/\",\"url\":\"https:\\\/\\\/www.blecha.at\\\/cs\\\/produkty\\\/plechy-a-desky\\\/plechy-y-desky\\\/\",\"name\":\"Plechy y desky | BLECHA Aluprofil\",\"isPartOf\":{\"@id\":\"https:\\\/\\\/www.blecha.at\\\/#website\"},\"datePublished\":\"2023-09-13T15:05:51+00:00\",\"dateModified\":\"2024-06-27T19:04:06+00:00\",\"description\":\"Nab\u00edz\u00edme hlin\u00edkov\u00e9 plechy a desky - \u010dist\u00fd hlin\u00edk, lakovan\u00e9, eloxovan\u00e9 nebo d\u011brovan\u00e9. Vedeme \u0161irok\u00fd sortiment hlin\u00edkov\u00fdch plech\u016f. Hlin\u00edkov\u00e9 plechy a desky, hladk\u00e9 plechy, protiskluzov\u00e9 plechy (slzi\u010dkov\u00e9), plechy z \u010dist\u00e9ho hlin\u00edku nebo slitiny hlin\u00edku a ho\u0159\u010d\u00edku, eloxovan\u00e9 a lakovan\u00e9 plechy, d\u011brovan\u00e9 plechy (\u010dtvercov\u00e9 a kruhov\u00e9 d\u011brov\u00e1n\u00ed), ve form\u00e1tech 2000 x 1000 mm, 2500 x 1250 mm, 3000 x 1500 mm a 4000 x 2000 mm.\",\"breadcrumb\":{\"@id\":\"https:\\\/\\\/www.blecha.at\\\/cs\\\/produkty\\\/plechy-a-desky\\\/plechy-y-desky\\\/#breadcrumb\"},\"inLanguage\":\"cs\",\"potentialAction\":[{\"@type\":\"ReadAction\",\"target\":[\"https:\\\/\\\/www.blecha.at\\\/cs\\\/produkty\\\/plechy-a-desky\\\/plechy-y-desky\\\/\"]}]},{\"@type\":\"BreadcrumbList\",\"@id\":\"https:\\\/\\\/www.blecha.at\\\/cs\\\/produkty\\\/plechy-a-desky\\\/plechy-y-desky\\\/#breadcrumb\",\"itemListElement\":[{\"@type\":\"ListItem\",\"position\":1,\"name\":\"Home\",\"item\":\"https:\\\/\\\/www.blecha.at\\\/cs\\\/\"},{\"@type\":\"ListItem\",\"position\":2,\"name\":\"Produkty\",\"item\":\"https:\\\/\\\/www.blecha.at\\\/cs\\\/produkty\\\/\"},{\"@type\":\"ListItem\",\"position\":3,\"name\":\"Plechy a desky\",\"item\":\"https:\\\/\\\/www.blecha.at\\\/cs\\\/produkty\\\/plechy-a-desky\\\/\"},{\"@type\":\"ListItem\",\"position\":4,\"name\":\"Plechy a desky\"}]},{\"@type\":\"WebSite\",\"@id\":\"https:\\\/\\\/www.blecha.at\\\/#website\",\"url\":\"https:\\\/\\\/www.blecha.at\\\/\",\"name\":\"BLECHA\",\"description\":\"Eine weitere WordPress-Website\",\"potentialAction\":[{\"@type\":\"SearchAction\",\"target\":{\"@type\":\"EntryPoint\",\"urlTemplate\":\"https:\\\/\\\/www.blecha.at\\\/?s={search_term_string}\"},\"query-input\":{\"@type\":\"PropertyValueSpecification\",\"valueRequired\":true,\"valueName\":\"search_term_string\"}}],\"inLanguage\":\"cs\"}]}<\/script>\n<!-- \/ Yoast SEO plugin. -->","yoast_head_json":{"title":"Plechy y desky | BLECHA Aluprofil","description":"Nab\u00edz\u00edme hlin\u00edkov\u00e9 plechy a desky - \u010dist\u00fd hlin\u00edk, lakovan\u00e9, eloxovan\u00e9 nebo d\u011brovan\u00e9. Vedeme \u0161irok\u00fd sortiment hlin\u00edkov\u00fdch plech\u016f. Hlin\u00edkov\u00e9 plechy a desky, hladk\u00e9 plechy, protiskluzov\u00e9 plechy (slzi\u010dkov\u00e9), plechy z \u010dist\u00e9ho hlin\u00edku nebo slitiny hlin\u00edku a ho\u0159\u010d\u00edku, eloxovan\u00e9 a lakovan\u00e9 plechy, d\u011brovan\u00e9 plechy (\u010dtvercov\u00e9 a kruhov\u00e9 d\u011brov\u00e1n\u00ed), ve form\u00e1tech 2000 x 1000 mm, 2500 x 1250 mm, 3000 x 1500 mm a 4000 x 2000 mm.","robots":{"index":"index","follow":"follow","max-snippet":"max-snippet:-1","max-image-preview":"max-image-preview:large","max-video-preview":"max-video-preview:-1"},"canonical":"https:\/\/www.blecha.at\/cs\/produkty\/plechy-a-desky\/plechy-y-desky\/","og_locale":"cs_CZ","og_type":"article","og_title":"Plechy y desky | BLECHA Aluprofil","og_description":"Nab\u00edz\u00edme hlin\u00edkov\u00e9 plechy a desky - \u010dist\u00fd hlin\u00edk, lakovan\u00e9, eloxovan\u00e9 nebo d\u011brovan\u00e9. Vedeme \u0161irok\u00fd sortiment hlin\u00edkov\u00fdch plech\u016f. Hlin\u00edkov\u00e9 plechy a desky, hladk\u00e9 plechy, protiskluzov\u00e9 plechy (slzi\u010dkov\u00e9), plechy z \u010dist\u00e9ho hlin\u00edku nebo slitiny hlin\u00edku a ho\u0159\u010d\u00edku, eloxovan\u00e9 a lakovan\u00e9 plechy, d\u011brovan\u00e9 plechy (\u010dtvercov\u00e9 a kruhov\u00e9 d\u011brov\u00e1n\u00ed), ve form\u00e1tech 2000 x 1000 mm, 2500 x 1250 mm, 3000 x 1500 mm a 4000 x 2000 mm.","og_url":"https:\/\/www.blecha.at\/cs\/produkty\/plechy-a-desky\/plechy-y-desky\/","og_site_name":"BLECHA","article_modified_time":"2024-06-27T19:04:06+00:00","og_image":[{"width":2560,"height":1642,"url":"https:\/\/www.blecha.at\/wp-content\/uploads\/2021\/02\/blecha-unternehmen-auswahl-gebaeude-3-scaled.jpg","type":"image\/jpeg"}],"twitter_card":"summary_large_image","schema":{"@context":"https:\/\/schema.org","@graph":[{"@type":"WebPage","@id":"https:\/\/www.blecha.at\/cs\/produkty\/plechy-a-desky\/plechy-y-desky\/","url":"https:\/\/www.blecha.at\/cs\/produkty\/plechy-a-desky\/plechy-y-desky\/","name":"Plechy y desky | BLECHA Aluprofil","isPartOf":{"@id":"https:\/\/www.blecha.at\/#website"},"datePublished":"2023-09-13T15:05:51+00:00","dateModified":"2024-06-27T19:04:06+00:00","description":"Nab\u00edz\u00edme hlin\u00edkov\u00e9 plechy a desky - \u010dist\u00fd hlin\u00edk, lakovan\u00e9, eloxovan\u00e9 nebo d\u011brovan\u00e9. Vedeme \u0161irok\u00fd sortiment hlin\u00edkov\u00fdch plech\u016f. Hlin\u00edkov\u00e9 plechy a desky, hladk\u00e9 plechy, protiskluzov\u00e9 plechy (slzi\u010dkov\u00e9), plechy z \u010dist\u00e9ho hlin\u00edku nebo slitiny hlin\u00edku a ho\u0159\u010d\u00edku, eloxovan\u00e9 a lakovan\u00e9 plechy, d\u011brovan\u00e9 plechy (\u010dtvercov\u00e9 a kruhov\u00e9 d\u011brov\u00e1n\u00ed), ve form\u00e1tech 2000 x 1000 mm, 2500 x 1250 mm, 3000 x 1500 mm a 4000 x 2000 mm.","breadcrumb":{"@id":"https:\/\/www.blecha.at\/cs\/produkty\/plechy-a-desky\/plechy-y-desky\/#breadcrumb"},"inLanguage":"cs","potentialAction":[{"@type":"ReadAction","target":["https:\/\/www.blecha.at\/cs\/produkty\/plechy-a-desky\/plechy-y-desky\/"]}]},{"@type":"BreadcrumbList","@id":"https:\/\/www.blecha.at\/cs\/produkty\/plechy-a-desky\/plechy-y-desky\/#breadcrumb","itemListElement":[{"@type":"ListItem","position":1,"name":"Home","item":"https:\/\/www.blecha.at\/cs\/"},{"@type":"ListItem","position":2,"name":"Produkty","item":"https:\/\/www.blecha.at\/cs\/produkty\/"},{"@type":"ListItem","position":3,"name":"Plechy a desky","item":"https:\/\/www.blecha.at\/cs\/produkty\/plechy-a-desky\/"},{"@type":"ListItem","position":4,"name":"Plechy a desky"}]},{"@type":"WebSite","@id":"https:\/\/www.blecha.at\/#website","url":"https:\/\/www.blecha.at\/","name":"BLECHA","description":"Eine weitere WordPress-Website","potentialAction":[{"@type":"SearchAction","target":{"@type":"EntryPoint","urlTemplate":"https:\/\/www.blecha.at\/?s={search_term_string}"},"query-input":{"@type":"PropertyValueSpecification","valueRequired":true,"valueName":"search_term_string"}}],"inLanguage":"cs"}]}},"_links":{"self":[{"href":"https:\/\/www.blecha.at\/cs\/wp-json\/wp\/v2\/pages\/24123","targetHints":{"allow":["GET"]}}],"collection":[{"href":"https:\/\/www.blecha.at\/cs\/wp-json\/wp\/v2\/pages"}],"about":[{"href":"https:\/\/www.blecha.at\/cs\/wp-json\/wp\/v2\/types\/page"}],"author":[{"embeddable":true,"href":"https:\/\/www.blecha.at\/cs\/wp-json\/wp\/v2\/users\/2"}],"replies":[{"embeddable":true,"href":"https:\/\/www.blecha.at\/cs\/wp-json\/wp\/v2\/comments?post=24123"}],"version-history":[{"count":9,"href":"https:\/\/www.blecha.at\/cs\/wp-json\/wp\/v2\/pages\/24123\/revisions"}],"predecessor-version":[{"id":27794,"href":"https:\/\/www.blecha.at\/cs\/wp-json\/wp\/v2\/pages\/24123\/revisions\/27794"}],"up":[{"embeddable":true,"href":"https:\/\/www.blecha.at\/cs\/wp-json\/wp\/v2\/pages\/5553"}],"wp:attachment":[{"href":"https:\/\/www.blecha.at\/cs\/wp-json\/wp\/v2\/media?parent=24123"}],"curies":[{"name":"wp","href":"https:\/\/api.w.org\/{rel}","templated":true}]}}