{"id":24340,"date":"2022-12-01T15:33:08","date_gmt":"2022-12-01T14:33:08","guid":{"rendered":"https:\/\/www.blecha.at\/produkty\/specialni-profily\/fassadenbau\/"},"modified":"2026-01-26T16:08:55","modified_gmt":"2026-01-26T15:08:55","slug":"oplasteni-a-stavba-fasad","status":"publish","type":"page","link":"https:\/\/www.blecha.at\/cs\/produkty\/specialni-profily\/oplasteni-a-stavba-fasad\/","title":{"rendered":"Opl\u00e1\u0161t\u011bn\u00ed a stavba fas\u00e1d"},"content":{"rendered":"","protected":false},"excerpt":{"rendered":"","protected":false},"author":2,"featured_media":0,"parent":5764,"menu_order":0,"comment_status":"closed","ping_status":"closed","template":"page-zaunsysteme-details.php","meta":{"_acf_changed":false,"footnotes":""},"class_list":["post-24340","page","type-page","status-publish","hentry"],"acf":[],"yoast_head":"<!-- This site is optimized with the Yoast SEO plugin v27.3 - https:\/\/yoast.com\/product\/yoast-seo-wordpress\/ -->\n<title>| BLECHA Aluprofile<\/title>\n<meta name=\"description\" content=\"Na\u0161e hlin\u00edkov\u00e9 profily jsou perfektn\u00ed volbou pro stavbu fas\u00e1d. Objevte na\u0161i \u0161irokou \u0161k\u00e1lu profil\u016f, v\u010detn\u011b T-profil\u016f, obkladov\u00fdch profil\u016f, soukrom\u00fdch profil\u016f, \u00fahlov\u00fdch profil\u016f a profil\u016f Omega, navr\u017een\u00fdch pro vysoce kvalitn\u00ed fas\u00e1dn\u00ed konstrukce.\" \/>\n<meta name=\"robots\" content=\"index, follow, max-snippet:-1, max-image-preview:large, max-video-preview:-1\" \/>\n<link rel=\"canonical\" href=\"https:\/\/www.blecha.at\/cs\/produkty\/specialni-profily\/oplasteni-a-stavba-fasad\/\" \/>\n<meta property=\"og:locale\" content=\"cs_CZ\" \/>\n<meta property=\"og:type\" content=\"article\" \/>\n<meta property=\"og:title\" content=\"| BLECHA Aluprofile\" \/>\n<meta property=\"og:description\" content=\"Na\u0161e hlin\u00edkov\u00e9 profily jsou perfektn\u00ed volbou pro stavbu fas\u00e1d. Objevte na\u0161i \u0161irokou \u0161k\u00e1lu profil\u016f, v\u010detn\u011b T-profil\u016f, obkladov\u00fdch profil\u016f, soukrom\u00fdch profil\u016f, \u00fahlov\u00fdch profil\u016f a profil\u016f Omega, navr\u017een\u00fdch pro vysoce kvalitn\u00ed fas\u00e1dn\u00ed konstrukce.\" \/>\n<meta property=\"og:url\" content=\"https:\/\/www.blecha.at\/cs\/produkty\/specialni-profily\/oplasteni-a-stavba-fasad\/\" \/>\n<meta property=\"og:site_name\" content=\"BLECHA\" \/>\n<meta property=\"article:modified_time\" content=\"2026-01-26T15:08:55+00:00\" \/>\n<meta property=\"og:image\" content=\"https:\/\/www.blecha.at\/wp-content\/uploads\/2021\/02\/blecha-unternehmen-auswahl-gebaeude-3-scaled.jpg\" \/>\n\t<meta property=\"og:image:width\" content=\"2560\" \/>\n\t<meta property=\"og:image:height\" content=\"1642\" \/>\n\t<meta property=\"og:image:type\" content=\"image\/jpeg\" \/>\n<meta name=\"twitter:card\" content=\"summary_large_image\" \/>\n<script type=\"application\/ld+json\" class=\"yoast-schema-graph\">{\"@context\":\"https:\\\/\\\/schema.org\",\"@graph\":[{\"@type\":\"WebPage\",\"@id\":\"https:\\\/\\\/www.blecha.at\\\/cs\\\/produkty\\\/specialni-profily\\\/oplasteni-a-stavba-fasad\\\/\",\"url\":\"https:\\\/\\\/www.blecha.at\\\/cs\\\/produkty\\\/specialni-profily\\\/oplasteni-a-stavba-fasad\\\/\",\"name\":\"| BLECHA Aluprofile\",\"isPartOf\":{\"@id\":\"https:\\\/\\\/www.blecha.at\\\/#website\"},\"datePublished\":\"2022-12-01T14:33:08+00:00\",\"dateModified\":\"2026-01-26T15:08:55+00:00\",\"description\":\"Na\u0161e hlin\u00edkov\u00e9 profily jsou perfektn\u00ed volbou pro stavbu fas\u00e1d. Objevte na\u0161i \u0161irokou \u0161k\u00e1lu profil\u016f, v\u010detn\u011b T-profil\u016f, obkladov\u00fdch profil\u016f, soukrom\u00fdch profil\u016f, \u00fahlov\u00fdch profil\u016f a profil\u016f Omega, navr\u017een\u00fdch pro vysoce kvalitn\u00ed fas\u00e1dn\u00ed konstrukce.\",\"breadcrumb\":{\"@id\":\"https:\\\/\\\/www.blecha.at\\\/cs\\\/produkty\\\/specialni-profily\\\/oplasteni-a-stavba-fasad\\\/#breadcrumb\"},\"inLanguage\":\"cs\",\"potentialAction\":[{\"@type\":\"ReadAction\",\"target\":[\"https:\\\/\\\/www.blecha.at\\\/cs\\\/produkty\\\/specialni-profily\\\/oplasteni-a-stavba-fasad\\\/\"]}]},{\"@type\":\"BreadcrumbList\",\"@id\":\"https:\\\/\\\/www.blecha.at\\\/cs\\\/produkty\\\/specialni-profily\\\/oplasteni-a-stavba-fasad\\\/#breadcrumb\",\"itemListElement\":[{\"@type\":\"ListItem\",\"position\":1,\"name\":\"Home\",\"item\":\"https:\\\/\\\/www.blecha.at\\\/cs\\\/\"},{\"@type\":\"ListItem\",\"position\":2,\"name\":\"Produkty\",\"item\":\"https:\\\/\\\/www.blecha.at\\\/cs\\\/produkty\\\/\"},{\"@type\":\"ListItem\",\"position\":3,\"name\":\"Speci\u00e1ln\u00ed profily\",\"item\":\"https:\\\/\\\/www.blecha.at\\\/cs\\\/produkty\\\/specialni-profily\\\/\"},{\"@type\":\"ListItem\",\"position\":4,\"name\":\"Opl\u00e1\u0161t\u011bn\u00ed a stavba fas\u00e1d\"}]},{\"@type\":\"WebSite\",\"@id\":\"https:\\\/\\\/www.blecha.at\\\/#website\",\"url\":\"https:\\\/\\\/www.blecha.at\\\/\",\"name\":\"BLECHA\",\"description\":\"Eine weitere WordPress-Website\",\"potentialAction\":[{\"@type\":\"SearchAction\",\"target\":{\"@type\":\"EntryPoint\",\"urlTemplate\":\"https:\\\/\\\/www.blecha.at\\\/?s={search_term_string}\"},\"query-input\":{\"@type\":\"PropertyValueSpecification\",\"valueRequired\":true,\"valueName\":\"search_term_string\"}}],\"inLanguage\":\"cs\"}]}<\/script>\n<!-- \/ Yoast SEO plugin. -->","yoast_head_json":{"title":"| BLECHA Aluprofile","description":"Na\u0161e hlin\u00edkov\u00e9 profily jsou perfektn\u00ed volbou pro stavbu fas\u00e1d. Objevte na\u0161i \u0161irokou \u0161k\u00e1lu profil\u016f, v\u010detn\u011b T-profil\u016f, obkladov\u00fdch profil\u016f, soukrom\u00fdch profil\u016f, \u00fahlov\u00fdch profil\u016f a profil\u016f Omega, navr\u017een\u00fdch pro vysoce kvalitn\u00ed fas\u00e1dn\u00ed konstrukce.","robots":{"index":"index","follow":"follow","max-snippet":"max-snippet:-1","max-image-preview":"max-image-preview:large","max-video-preview":"max-video-preview:-1"},"canonical":"https:\/\/www.blecha.at\/cs\/produkty\/specialni-profily\/oplasteni-a-stavba-fasad\/","og_locale":"cs_CZ","og_type":"article","og_title":"| BLECHA Aluprofile","og_description":"Na\u0161e hlin\u00edkov\u00e9 profily jsou perfektn\u00ed volbou pro stavbu fas\u00e1d. Objevte na\u0161i \u0161irokou \u0161k\u00e1lu profil\u016f, v\u010detn\u011b T-profil\u016f, obkladov\u00fdch profil\u016f, soukrom\u00fdch profil\u016f, \u00fahlov\u00fdch profil\u016f a profil\u016f Omega, navr\u017een\u00fdch pro vysoce kvalitn\u00ed fas\u00e1dn\u00ed konstrukce.","og_url":"https:\/\/www.blecha.at\/cs\/produkty\/specialni-profily\/oplasteni-a-stavba-fasad\/","og_site_name":"BLECHA","article_modified_time":"2026-01-26T15:08:55+00:00","og_image":[{"width":2560,"height":1642,"url":"https:\/\/www.blecha.at\/wp-content\/uploads\/2021\/02\/blecha-unternehmen-auswahl-gebaeude-3-scaled.jpg","type":"image\/jpeg"}],"twitter_card":"summary_large_image","schema":{"@context":"https:\/\/schema.org","@graph":[{"@type":"WebPage","@id":"https:\/\/www.blecha.at\/cs\/produkty\/specialni-profily\/oplasteni-a-stavba-fasad\/","url":"https:\/\/www.blecha.at\/cs\/produkty\/specialni-profily\/oplasteni-a-stavba-fasad\/","name":"| BLECHA Aluprofile","isPartOf":{"@id":"https:\/\/www.blecha.at\/#website"},"datePublished":"2022-12-01T14:33:08+00:00","dateModified":"2026-01-26T15:08:55+00:00","description":"Na\u0161e hlin\u00edkov\u00e9 profily jsou perfektn\u00ed volbou pro stavbu fas\u00e1d. Objevte na\u0161i \u0161irokou \u0161k\u00e1lu profil\u016f, v\u010detn\u011b T-profil\u016f, obkladov\u00fdch profil\u016f, soukrom\u00fdch profil\u016f, \u00fahlov\u00fdch profil\u016f a profil\u016f Omega, navr\u017een\u00fdch pro vysoce kvalitn\u00ed fas\u00e1dn\u00ed konstrukce.","breadcrumb":{"@id":"https:\/\/www.blecha.at\/cs\/produkty\/specialni-profily\/oplasteni-a-stavba-fasad\/#breadcrumb"},"inLanguage":"cs","potentialAction":[{"@type":"ReadAction","target":["https:\/\/www.blecha.at\/cs\/produkty\/specialni-profily\/oplasteni-a-stavba-fasad\/"]}]},{"@type":"BreadcrumbList","@id":"https:\/\/www.blecha.at\/cs\/produkty\/specialni-profily\/oplasteni-a-stavba-fasad\/#breadcrumb","itemListElement":[{"@type":"ListItem","position":1,"name":"Home","item":"https:\/\/www.blecha.at\/cs\/"},{"@type":"ListItem","position":2,"name":"Produkty","item":"https:\/\/www.blecha.at\/cs\/produkty\/"},{"@type":"ListItem","position":3,"name":"Speci\u00e1ln\u00ed profily","item":"https:\/\/www.blecha.at\/cs\/produkty\/specialni-profily\/"},{"@type":"ListItem","position":4,"name":"Opl\u00e1\u0161t\u011bn\u00ed a stavba fas\u00e1d"}]},{"@type":"WebSite","@id":"https:\/\/www.blecha.at\/#website","url":"https:\/\/www.blecha.at\/","name":"BLECHA","description":"Eine weitere WordPress-Website","potentialAction":[{"@type":"SearchAction","target":{"@type":"EntryPoint","urlTemplate":"https:\/\/www.blecha.at\/?s={search_term_string}"},"query-input":{"@type":"PropertyValueSpecification","valueRequired":true,"valueName":"search_term_string"}}],"inLanguage":"cs"}]}},"_links":{"self":[{"href":"https:\/\/www.blecha.at\/cs\/wp-json\/wp\/v2\/pages\/24340","targetHints":{"allow":["GET"]}}],"collection":[{"href":"https:\/\/www.blecha.at\/cs\/wp-json\/wp\/v2\/pages"}],"about":[{"href":"https:\/\/www.blecha.at\/cs\/wp-json\/wp\/v2\/types\/page"}],"author":[{"embeddable":true,"href":"https:\/\/www.blecha.at\/cs\/wp-json\/wp\/v2\/users\/2"}],"replies":[{"embeddable":true,"href":"https:\/\/www.blecha.at\/cs\/wp-json\/wp\/v2\/comments?post=24340"}],"version-history":[{"count":7,"href":"https:\/\/www.blecha.at\/cs\/wp-json\/wp\/v2\/pages\/24340\/revisions"}],"predecessor-version":[{"id":31735,"href":"https:\/\/www.blecha.at\/cs\/wp-json\/wp\/v2\/pages\/24340\/revisions\/31735"}],"up":[{"embeddable":true,"href":"https:\/\/www.blecha.at\/cs\/wp-json\/wp\/v2\/pages\/5764"}],"wp:attachment":[{"href":"https:\/\/www.blecha.at\/cs\/wp-json\/wp\/v2\/media?parent=24340"}],"curies":[{"name":"wp","href":"https:\/\/api.w.org\/{rel}","templated":true}]}}