{"id":25550,"date":"2023-10-18T11:54:24","date_gmt":"2023-10-18T09:54:24","guid":{"rendered":"https:\/\/www.blecha.at\/produkty\/tvarovky\/rohrboegen-2\/"},"modified":"2024-07-18T16:54:14","modified_gmt":"2024-07-18T14:54:14","slug":"kolena","status":"publish","type":"page","link":"https:\/\/www.blecha.at\/cs\/produkty\/fittings\/kolena\/","title":{"rendered":"Kolena"},"content":{"rendered":"","protected":false},"excerpt":{"rendered":"","protected":false},"author":2,"featured_media":0,"parent":26611,"menu_order":0,"comment_status":"closed","ping_status":"closed","template":"page-zaunsysteme-details.php","meta":{"_acf_changed":false,"footnotes":""},"class_list":["post-25550","page","type-page","status-publish","hentry"],"acf":[],"yoast_head":"<!-- This site is optimized with the Yoast SEO plugin v27.3 - https:\/\/yoast.com\/product\/yoast-seo-wordpress\/ -->\n<title>Kolena | BLECHA Aluprofile<\/title>\n<meta name=\"description\" content=\"Na\u0161e potrubn\u00ed kolena jsou v\u00fdsledkem nejmodern\u011bj\u0161\u00edch v\u00fdrobn\u00edch technik a p\u0159\u00edsn\u00e9 kontroly kvality. Na\u0161e ohyby trubek jsou vyr\u00e1b\u011bny za pou\u017eit\u00ed renomovan\u00e9ho procesu oh\u00fdb\u00e1n\u00ed trubek v Hamburku a zaru\u010duj\u00ed nejvy\u0161\u0161\u00ed p\u0159esnost a odolnost. Nab\u00edz\u00edme je ve verz\u00edch Norm 2 (kr\u00e1tk\u00fd r\u00e1dius) a Norm 3 (dlouh\u00fd r\u00e1dius), abychom vyhov\u011bli r\u016fzn\u00fdm po\u017eadavk\u016fm na\u0161ich z\u00e1kazn\u00edk\u016f.\" \/>\n<meta name=\"robots\" content=\"index, follow, max-snippet:-1, max-image-preview:large, max-video-preview:-1\" \/>\n<link rel=\"canonical\" href=\"https:\/\/www.blecha.at\/cs\/produkty\/fittings\/kolena\/\" \/>\n<meta property=\"og:locale\" content=\"cs_CZ\" \/>\n<meta property=\"og:type\" content=\"article\" \/>\n<meta property=\"og:title\" content=\"Kolena | BLECHA Aluprofile\" \/>\n<meta property=\"og:description\" content=\"Na\u0161e potrubn\u00ed kolena jsou v\u00fdsledkem nejmodern\u011bj\u0161\u00edch v\u00fdrobn\u00edch technik a p\u0159\u00edsn\u00e9 kontroly kvality. Na\u0161e ohyby trubek jsou vyr\u00e1b\u011bny za pou\u017eit\u00ed renomovan\u00e9ho procesu oh\u00fdb\u00e1n\u00ed trubek v Hamburku a zaru\u010duj\u00ed nejvy\u0161\u0161\u00ed p\u0159esnost a odolnost. Nab\u00edz\u00edme je ve verz\u00edch Norm 2 (kr\u00e1tk\u00fd r\u00e1dius) a Norm 3 (dlouh\u00fd r\u00e1dius), abychom vyhov\u011bli r\u016fzn\u00fdm po\u017eadavk\u016fm na\u0161ich z\u00e1kazn\u00edk\u016f.\" \/>\n<meta property=\"og:url\" content=\"https:\/\/www.blecha.at\/cs\/produkty\/fittings\/kolena\/\" \/>\n<meta property=\"og:site_name\" content=\"BLECHA\" \/>\n<meta property=\"article:modified_time\" content=\"2024-07-18T14:54:14+00:00\" \/>\n<meta property=\"og:image\" content=\"https:\/\/www.blecha.at\/wp-content\/uploads\/2021\/02\/blecha-unternehmen-auswahl-gebaeude-3-scaled.jpg\" \/>\n\t<meta property=\"og:image:width\" content=\"2560\" \/>\n\t<meta property=\"og:image:height\" content=\"1642\" \/>\n\t<meta property=\"og:image:type\" content=\"image\/jpeg\" \/>\n<meta name=\"twitter:card\" content=\"summary_large_image\" \/>\n<script type=\"application\/ld+json\" class=\"yoast-schema-graph\">{\"@context\":\"https:\\\/\\\/schema.org\",\"@graph\":[{\"@type\":\"WebPage\",\"@id\":\"https:\\\/\\\/www.blecha.at\\\/cs\\\/produkty\\\/fittings\\\/kolena\\\/\",\"url\":\"https:\\\/\\\/www.blecha.at\\\/cs\\\/produkty\\\/fittings\\\/kolena\\\/\",\"name\":\"Kolena | BLECHA Aluprofile\",\"isPartOf\":{\"@id\":\"https:\\\/\\\/www.blecha.at\\\/#website\"},\"datePublished\":\"2023-10-18T09:54:24+00:00\",\"dateModified\":\"2024-07-18T14:54:14+00:00\",\"description\":\"Na\u0161e potrubn\u00ed kolena jsou v\u00fdsledkem nejmodern\u011bj\u0161\u00edch v\u00fdrobn\u00edch technik a p\u0159\u00edsn\u00e9 kontroly kvality. Na\u0161e ohyby trubek jsou vyr\u00e1b\u011bny za pou\u017eit\u00ed renomovan\u00e9ho procesu oh\u00fdb\u00e1n\u00ed trubek v Hamburku a zaru\u010duj\u00ed nejvy\u0161\u0161\u00ed p\u0159esnost a odolnost. Nab\u00edz\u00edme je ve verz\u00edch Norm 2 (kr\u00e1tk\u00fd r\u00e1dius) a Norm 3 (dlouh\u00fd r\u00e1dius), abychom vyhov\u011bli r\u016fzn\u00fdm po\u017eadavk\u016fm na\u0161ich z\u00e1kazn\u00edk\u016f.\",\"breadcrumb\":{\"@id\":\"https:\\\/\\\/www.blecha.at\\\/cs\\\/produkty\\\/fittings\\\/kolena\\\/#breadcrumb\"},\"inLanguage\":\"cs\",\"potentialAction\":[{\"@type\":\"ReadAction\",\"target\":[\"https:\\\/\\\/www.blecha.at\\\/cs\\\/produkty\\\/fittings\\\/kolena\\\/\"]}]},{\"@type\":\"BreadcrumbList\",\"@id\":\"https:\\\/\\\/www.blecha.at\\\/cs\\\/produkty\\\/fittings\\\/kolena\\\/#breadcrumb\",\"itemListElement\":[{\"@type\":\"ListItem\",\"position\":1,\"name\":\"Home\",\"item\":\"https:\\\/\\\/www.blecha.at\\\/cs\\\/\"},{\"@type\":\"ListItem\",\"position\":2,\"name\":\"Produkty\",\"item\":\"https:\\\/\\\/www.blecha.at\\\/cs\\\/produkty\\\/\"},{\"@type\":\"ListItem\",\"position\":3,\"name\":\"Tvarovky\",\"item\":\"https:\\\/\\\/www.blecha.at\\\/cs\\\/produkty\\\/fittings\\\/\"},{\"@type\":\"ListItem\",\"position\":4,\"name\":\"Kolena\"}]},{\"@type\":\"WebSite\",\"@id\":\"https:\\\/\\\/www.blecha.at\\\/#website\",\"url\":\"https:\\\/\\\/www.blecha.at\\\/\",\"name\":\"BLECHA\",\"description\":\"Eine weitere WordPress-Website\",\"potentialAction\":[{\"@type\":\"SearchAction\",\"target\":{\"@type\":\"EntryPoint\",\"urlTemplate\":\"https:\\\/\\\/www.blecha.at\\\/?s={search_term_string}\"},\"query-input\":{\"@type\":\"PropertyValueSpecification\",\"valueRequired\":true,\"valueName\":\"search_term_string\"}}],\"inLanguage\":\"cs\"}]}<\/script>\n<!-- \/ Yoast SEO plugin. -->","yoast_head_json":{"title":"Kolena | BLECHA Aluprofile","description":"Na\u0161e potrubn\u00ed kolena jsou v\u00fdsledkem nejmodern\u011bj\u0161\u00edch v\u00fdrobn\u00edch technik a p\u0159\u00edsn\u00e9 kontroly kvality. Na\u0161e ohyby trubek jsou vyr\u00e1b\u011bny za pou\u017eit\u00ed renomovan\u00e9ho procesu oh\u00fdb\u00e1n\u00ed trubek v Hamburku a zaru\u010duj\u00ed nejvy\u0161\u0161\u00ed p\u0159esnost a odolnost. Nab\u00edz\u00edme je ve verz\u00edch Norm 2 (kr\u00e1tk\u00fd r\u00e1dius) a Norm 3 (dlouh\u00fd r\u00e1dius), abychom vyhov\u011bli r\u016fzn\u00fdm po\u017eadavk\u016fm na\u0161ich z\u00e1kazn\u00edk\u016f.","robots":{"index":"index","follow":"follow","max-snippet":"max-snippet:-1","max-image-preview":"max-image-preview:large","max-video-preview":"max-video-preview:-1"},"canonical":"https:\/\/www.blecha.at\/cs\/produkty\/fittings\/kolena\/","og_locale":"cs_CZ","og_type":"article","og_title":"Kolena | BLECHA Aluprofile","og_description":"Na\u0161e potrubn\u00ed kolena jsou v\u00fdsledkem nejmodern\u011bj\u0161\u00edch v\u00fdrobn\u00edch technik a p\u0159\u00edsn\u00e9 kontroly kvality. Na\u0161e ohyby trubek jsou vyr\u00e1b\u011bny za pou\u017eit\u00ed renomovan\u00e9ho procesu oh\u00fdb\u00e1n\u00ed trubek v Hamburku a zaru\u010duj\u00ed nejvy\u0161\u0161\u00ed p\u0159esnost a odolnost. Nab\u00edz\u00edme je ve verz\u00edch Norm 2 (kr\u00e1tk\u00fd r\u00e1dius) a Norm 3 (dlouh\u00fd r\u00e1dius), abychom vyhov\u011bli r\u016fzn\u00fdm po\u017eadavk\u016fm na\u0161ich z\u00e1kazn\u00edk\u016f.","og_url":"https:\/\/www.blecha.at\/cs\/produkty\/fittings\/kolena\/","og_site_name":"BLECHA","article_modified_time":"2024-07-18T14:54:14+00:00","og_image":[{"width":2560,"height":1642,"url":"https:\/\/www.blecha.at\/wp-content\/uploads\/2021\/02\/blecha-unternehmen-auswahl-gebaeude-3-scaled.jpg","type":"image\/jpeg"}],"twitter_card":"summary_large_image","schema":{"@context":"https:\/\/schema.org","@graph":[{"@type":"WebPage","@id":"https:\/\/www.blecha.at\/cs\/produkty\/fittings\/kolena\/","url":"https:\/\/www.blecha.at\/cs\/produkty\/fittings\/kolena\/","name":"Kolena | BLECHA Aluprofile","isPartOf":{"@id":"https:\/\/www.blecha.at\/#website"},"datePublished":"2023-10-18T09:54:24+00:00","dateModified":"2024-07-18T14:54:14+00:00","description":"Na\u0161e potrubn\u00ed kolena jsou v\u00fdsledkem nejmodern\u011bj\u0161\u00edch v\u00fdrobn\u00edch technik a p\u0159\u00edsn\u00e9 kontroly kvality. Na\u0161e ohyby trubek jsou vyr\u00e1b\u011bny za pou\u017eit\u00ed renomovan\u00e9ho procesu oh\u00fdb\u00e1n\u00ed trubek v Hamburku a zaru\u010duj\u00ed nejvy\u0161\u0161\u00ed p\u0159esnost a odolnost. Nab\u00edz\u00edme je ve verz\u00edch Norm 2 (kr\u00e1tk\u00fd r\u00e1dius) a Norm 3 (dlouh\u00fd r\u00e1dius), abychom vyhov\u011bli r\u016fzn\u00fdm po\u017eadavk\u016fm na\u0161ich z\u00e1kazn\u00edk\u016f.","breadcrumb":{"@id":"https:\/\/www.blecha.at\/cs\/produkty\/fittings\/kolena\/#breadcrumb"},"inLanguage":"cs","potentialAction":[{"@type":"ReadAction","target":["https:\/\/www.blecha.at\/cs\/produkty\/fittings\/kolena\/"]}]},{"@type":"BreadcrumbList","@id":"https:\/\/www.blecha.at\/cs\/produkty\/fittings\/kolena\/#breadcrumb","itemListElement":[{"@type":"ListItem","position":1,"name":"Home","item":"https:\/\/www.blecha.at\/cs\/"},{"@type":"ListItem","position":2,"name":"Produkty","item":"https:\/\/www.blecha.at\/cs\/produkty\/"},{"@type":"ListItem","position":3,"name":"Tvarovky","item":"https:\/\/www.blecha.at\/cs\/produkty\/fittings\/"},{"@type":"ListItem","position":4,"name":"Kolena"}]},{"@type":"WebSite","@id":"https:\/\/www.blecha.at\/#website","url":"https:\/\/www.blecha.at\/","name":"BLECHA","description":"Eine weitere WordPress-Website","potentialAction":[{"@type":"SearchAction","target":{"@type":"EntryPoint","urlTemplate":"https:\/\/www.blecha.at\/?s={search_term_string}"},"query-input":{"@type":"PropertyValueSpecification","valueRequired":true,"valueName":"search_term_string"}}],"inLanguage":"cs"}]}},"_links":{"self":[{"href":"https:\/\/www.blecha.at\/cs\/wp-json\/wp\/v2\/pages\/25550","targetHints":{"allow":["GET"]}}],"collection":[{"href":"https:\/\/www.blecha.at\/cs\/wp-json\/wp\/v2\/pages"}],"about":[{"href":"https:\/\/www.blecha.at\/cs\/wp-json\/wp\/v2\/types\/page"}],"author":[{"embeddable":true,"href":"https:\/\/www.blecha.at\/cs\/wp-json\/wp\/v2\/users\/2"}],"replies":[{"embeddable":true,"href":"https:\/\/www.blecha.at\/cs\/wp-json\/wp\/v2\/comments?post=25550"}],"version-history":[{"count":6,"href":"https:\/\/www.blecha.at\/cs\/wp-json\/wp\/v2\/pages\/25550\/revisions"}],"predecessor-version":[{"id":27872,"href":"https:\/\/www.blecha.at\/cs\/wp-json\/wp\/v2\/pages\/25550\/revisions\/27872"}],"up":[{"embeddable":true,"href":"https:\/\/www.blecha.at\/cs\/wp-json\/wp\/v2\/pages\/26611"}],"wp:attachment":[{"href":"https:\/\/www.blecha.at\/cs\/wp-json\/wp\/v2\/media?parent=25550"}],"curies":[{"name":"wp","href":"https:\/\/api.w.org\/{rel}","templated":true}]}}