{"id":25665,"date":"2023-10-18T11:44:29","date_gmt":"2023-10-18T09:44:29","guid":{"rendered":"https:\/\/www.blecha.at\/produkty\/tvarovky\/reduzierungen\/"},"modified":"2025-03-19T14:46:26","modified_gmt":"2025-03-19T13:46:26","slug":"redukce","status":"publish","type":"page","link":"https:\/\/www.blecha.at\/cs\/produkty\/fittings\/redukce\/","title":{"rendered":"Redukce"},"content":{"rendered":"","protected":false},"excerpt":{"rendered":"","protected":false},"author":2,"featured_media":0,"parent":26611,"menu_order":0,"comment_status":"closed","ping_status":"closed","template":"page-zaunsysteme-details.php","meta":{"_acf_changed":false,"footnotes":""},"class_list":["post-25665","page","type-page","status-publish","hentry"],"acf":[],"yoast_head":"<!-- This site is optimized with the Yoast SEO plugin v27.3 - https:\/\/yoast.com\/product\/yoast-seo-wordpress\/ -->\n<title>Redukce | BLECHA Aluprofil<\/title>\n<meta name=\"description\" content=\"Objevte na\u0161e vysoce kvalitn\u00ed hlin\u00edkov\u00e9 redukce. Na\u0161e hlin\u00edkov\u00e9 redukce poskytuj\u00ed ide\u00e1ln\u00ed \u0159e\u0161en\u00ed pro potrubn\u00ed syst\u00e9my, kter\u00e9 vy\u017eaduj\u00ed zm\u011bny pr\u016fm\u011bru. Nab\u00edz\u00edme koncentrick\u00e9 redukce, excentrick\u00e9 redukce a p\u0159\u00ed\u010dn\u00edky v\u010detn\u011b z\u00e1vitov\u00fdch reduk\u010dn\u00edch p\u0159\u00ed\u010dek.\" \/>\n<meta name=\"robots\" content=\"index, follow, max-snippet:-1, max-image-preview:large, max-video-preview:-1\" \/>\n<link rel=\"canonical\" href=\"https:\/\/www.blecha.at\/cs\/produkty\/fittings\/redukce\/\" \/>\n<meta property=\"og:locale\" content=\"cs_CZ\" \/>\n<meta property=\"og:type\" content=\"article\" \/>\n<meta property=\"og:title\" content=\"Redukce | BLECHA Aluprofil\" \/>\n<meta property=\"og:description\" content=\"Objevte na\u0161e vysoce kvalitn\u00ed hlin\u00edkov\u00e9 redukce. Na\u0161e hlin\u00edkov\u00e9 redukce poskytuj\u00ed ide\u00e1ln\u00ed \u0159e\u0161en\u00ed pro potrubn\u00ed syst\u00e9my, kter\u00e9 vy\u017eaduj\u00ed zm\u011bny pr\u016fm\u011bru. Nab\u00edz\u00edme koncentrick\u00e9 redukce, excentrick\u00e9 redukce a p\u0159\u00ed\u010dn\u00edky v\u010detn\u011b z\u00e1vitov\u00fdch reduk\u010dn\u00edch p\u0159\u00ed\u010dek.\" \/>\n<meta property=\"og:url\" content=\"https:\/\/www.blecha.at\/cs\/produkty\/fittings\/redukce\/\" \/>\n<meta property=\"og:site_name\" content=\"BLECHA\" \/>\n<meta property=\"article:modified_time\" content=\"2025-03-19T13:46:26+00:00\" \/>\n<meta property=\"og:image\" content=\"https:\/\/www.blecha.at\/wp-content\/uploads\/2021\/02\/blecha-unternehmen-auswahl-gebaeude-3-scaled.jpg\" \/>\n\t<meta property=\"og:image:width\" content=\"2560\" \/>\n\t<meta property=\"og:image:height\" content=\"1642\" \/>\n\t<meta property=\"og:image:type\" content=\"image\/jpeg\" \/>\n<meta name=\"twitter:card\" content=\"summary_large_image\" \/>\n<script type=\"application\/ld+json\" class=\"yoast-schema-graph\">{\"@context\":\"https:\\\/\\\/schema.org\",\"@graph\":[{\"@type\":\"WebPage\",\"@id\":\"https:\\\/\\\/www.blecha.at\\\/cs\\\/produkty\\\/fittings\\\/redukce\\\/\",\"url\":\"https:\\\/\\\/www.blecha.at\\\/cs\\\/produkty\\\/fittings\\\/redukce\\\/\",\"name\":\"Redukce | BLECHA Aluprofil\",\"isPartOf\":{\"@id\":\"https:\\\/\\\/www.blecha.at\\\/#website\"},\"datePublished\":\"2023-10-18T09:44:29+00:00\",\"dateModified\":\"2025-03-19T13:46:26+00:00\",\"description\":\"Objevte na\u0161e vysoce kvalitn\u00ed hlin\u00edkov\u00e9 redukce. Na\u0161e hlin\u00edkov\u00e9 redukce poskytuj\u00ed ide\u00e1ln\u00ed \u0159e\u0161en\u00ed pro potrubn\u00ed syst\u00e9my, kter\u00e9 vy\u017eaduj\u00ed zm\u011bny pr\u016fm\u011bru. Nab\u00edz\u00edme koncentrick\u00e9 redukce, excentrick\u00e9 redukce a p\u0159\u00ed\u010dn\u00edky v\u010detn\u011b z\u00e1vitov\u00fdch reduk\u010dn\u00edch p\u0159\u00ed\u010dek.\",\"breadcrumb\":{\"@id\":\"https:\\\/\\\/www.blecha.at\\\/cs\\\/produkty\\\/fittings\\\/redukce\\\/#breadcrumb\"},\"inLanguage\":\"cs\",\"potentialAction\":[{\"@type\":\"ReadAction\",\"target\":[\"https:\\\/\\\/www.blecha.at\\\/cs\\\/produkty\\\/fittings\\\/redukce\\\/\"]}]},{\"@type\":\"BreadcrumbList\",\"@id\":\"https:\\\/\\\/www.blecha.at\\\/cs\\\/produkty\\\/fittings\\\/redukce\\\/#breadcrumb\",\"itemListElement\":[{\"@type\":\"ListItem\",\"position\":1,\"name\":\"Home\",\"item\":\"https:\\\/\\\/www.blecha.at\\\/cs\\\/\"},{\"@type\":\"ListItem\",\"position\":2,\"name\":\"Produkty\",\"item\":\"https:\\\/\\\/www.blecha.at\\\/cs\\\/produkty\\\/\"},{\"@type\":\"ListItem\",\"position\":3,\"name\":\"Tvarovky\",\"item\":\"https:\\\/\\\/www.blecha.at\\\/cs\\\/produkty\\\/fittings\\\/\"},{\"@type\":\"ListItem\",\"position\":4,\"name\":\"Redukce\"}]},{\"@type\":\"WebSite\",\"@id\":\"https:\\\/\\\/www.blecha.at\\\/#website\",\"url\":\"https:\\\/\\\/www.blecha.at\\\/\",\"name\":\"BLECHA\",\"description\":\"Eine weitere WordPress-Website\",\"potentialAction\":[{\"@type\":\"SearchAction\",\"target\":{\"@type\":\"EntryPoint\",\"urlTemplate\":\"https:\\\/\\\/www.blecha.at\\\/?s={search_term_string}\"},\"query-input\":{\"@type\":\"PropertyValueSpecification\",\"valueRequired\":true,\"valueName\":\"search_term_string\"}}],\"inLanguage\":\"cs\"}]}<\/script>\n<!-- \/ Yoast SEO plugin. -->","yoast_head_json":{"title":"Redukce | BLECHA Aluprofil","description":"Objevte na\u0161e vysoce kvalitn\u00ed hlin\u00edkov\u00e9 redukce. Na\u0161e hlin\u00edkov\u00e9 redukce poskytuj\u00ed ide\u00e1ln\u00ed \u0159e\u0161en\u00ed pro potrubn\u00ed syst\u00e9my, kter\u00e9 vy\u017eaduj\u00ed zm\u011bny pr\u016fm\u011bru. Nab\u00edz\u00edme koncentrick\u00e9 redukce, excentrick\u00e9 redukce a p\u0159\u00ed\u010dn\u00edky v\u010detn\u011b z\u00e1vitov\u00fdch reduk\u010dn\u00edch p\u0159\u00ed\u010dek.","robots":{"index":"index","follow":"follow","max-snippet":"max-snippet:-1","max-image-preview":"max-image-preview:large","max-video-preview":"max-video-preview:-1"},"canonical":"https:\/\/www.blecha.at\/cs\/produkty\/fittings\/redukce\/","og_locale":"cs_CZ","og_type":"article","og_title":"Redukce | BLECHA Aluprofil","og_description":"Objevte na\u0161e vysoce kvalitn\u00ed hlin\u00edkov\u00e9 redukce. Na\u0161e hlin\u00edkov\u00e9 redukce poskytuj\u00ed ide\u00e1ln\u00ed \u0159e\u0161en\u00ed pro potrubn\u00ed syst\u00e9my, kter\u00e9 vy\u017eaduj\u00ed zm\u011bny pr\u016fm\u011bru. Nab\u00edz\u00edme koncentrick\u00e9 redukce, excentrick\u00e9 redukce a p\u0159\u00ed\u010dn\u00edky v\u010detn\u011b z\u00e1vitov\u00fdch reduk\u010dn\u00edch p\u0159\u00ed\u010dek.","og_url":"https:\/\/www.blecha.at\/cs\/produkty\/fittings\/redukce\/","og_site_name":"BLECHA","article_modified_time":"2025-03-19T13:46:26+00:00","og_image":[{"width":2560,"height":1642,"url":"https:\/\/www.blecha.at\/wp-content\/uploads\/2021\/02\/blecha-unternehmen-auswahl-gebaeude-3-scaled.jpg","type":"image\/jpeg"}],"twitter_card":"summary_large_image","schema":{"@context":"https:\/\/schema.org","@graph":[{"@type":"WebPage","@id":"https:\/\/www.blecha.at\/cs\/produkty\/fittings\/redukce\/","url":"https:\/\/www.blecha.at\/cs\/produkty\/fittings\/redukce\/","name":"Redukce | BLECHA Aluprofil","isPartOf":{"@id":"https:\/\/www.blecha.at\/#website"},"datePublished":"2023-10-18T09:44:29+00:00","dateModified":"2025-03-19T13:46:26+00:00","description":"Objevte na\u0161e vysoce kvalitn\u00ed hlin\u00edkov\u00e9 redukce. Na\u0161e hlin\u00edkov\u00e9 redukce poskytuj\u00ed ide\u00e1ln\u00ed \u0159e\u0161en\u00ed pro potrubn\u00ed syst\u00e9my, kter\u00e9 vy\u017eaduj\u00ed zm\u011bny pr\u016fm\u011bru. Nab\u00edz\u00edme koncentrick\u00e9 redukce, excentrick\u00e9 redukce a p\u0159\u00ed\u010dn\u00edky v\u010detn\u011b z\u00e1vitov\u00fdch reduk\u010dn\u00edch p\u0159\u00ed\u010dek.","breadcrumb":{"@id":"https:\/\/www.blecha.at\/cs\/produkty\/fittings\/redukce\/#breadcrumb"},"inLanguage":"cs","potentialAction":[{"@type":"ReadAction","target":["https:\/\/www.blecha.at\/cs\/produkty\/fittings\/redukce\/"]}]},{"@type":"BreadcrumbList","@id":"https:\/\/www.blecha.at\/cs\/produkty\/fittings\/redukce\/#breadcrumb","itemListElement":[{"@type":"ListItem","position":1,"name":"Home","item":"https:\/\/www.blecha.at\/cs\/"},{"@type":"ListItem","position":2,"name":"Produkty","item":"https:\/\/www.blecha.at\/cs\/produkty\/"},{"@type":"ListItem","position":3,"name":"Tvarovky","item":"https:\/\/www.blecha.at\/cs\/produkty\/fittings\/"},{"@type":"ListItem","position":4,"name":"Redukce"}]},{"@type":"WebSite","@id":"https:\/\/www.blecha.at\/#website","url":"https:\/\/www.blecha.at\/","name":"BLECHA","description":"Eine weitere WordPress-Website","potentialAction":[{"@type":"SearchAction","target":{"@type":"EntryPoint","urlTemplate":"https:\/\/www.blecha.at\/?s={search_term_string}"},"query-input":{"@type":"PropertyValueSpecification","valueRequired":true,"valueName":"search_term_string"}}],"inLanguage":"cs"}]}},"_links":{"self":[{"href":"https:\/\/www.blecha.at\/cs\/wp-json\/wp\/v2\/pages\/25665","targetHints":{"allow":["GET"]}}],"collection":[{"href":"https:\/\/www.blecha.at\/cs\/wp-json\/wp\/v2\/pages"}],"about":[{"href":"https:\/\/www.blecha.at\/cs\/wp-json\/wp\/v2\/types\/page"}],"author":[{"embeddable":true,"href":"https:\/\/www.blecha.at\/cs\/wp-json\/wp\/v2\/users\/2"}],"replies":[{"embeddable":true,"href":"https:\/\/www.blecha.at\/cs\/wp-json\/wp\/v2\/comments?post=25665"}],"version-history":[{"count":7,"href":"https:\/\/www.blecha.at\/cs\/wp-json\/wp\/v2\/pages\/25665\/revisions"}],"predecessor-version":[{"id":29072,"href":"https:\/\/www.blecha.at\/cs\/wp-json\/wp\/v2\/pages\/25665\/revisions\/29072"}],"up":[{"embeddable":true,"href":"https:\/\/www.blecha.at\/cs\/wp-json\/wp\/v2\/pages\/26611"}],"wp:attachment":[{"href":"https:\/\/www.blecha.at\/cs\/wp-json\/wp\/v2\/media?parent=25665"}],"curies":[{"name":"wp","href":"https:\/\/api.w.org\/{rel}","templated":true}]}}