{"id":26202,"date":"2023-01-11T09:55:35","date_gmt":"2023-01-11T08:55:35","guid":{"rendered":"https:\/\/www.blecha.at\/produkty\/tvarovky\/zulieferteile-fuer-saugfoerderanlagen\/"},"modified":"2024-01-24T12:19:44","modified_gmt":"2024-01-24T11:19:44","slug":"dily-pro-pneumaticke-podtlakove-zarizeni","status":"publish","type":"page","link":"https:\/\/www.blecha.at\/cs\/produkty\/dily-pro-pneumaticke-podtlakove-zarizeni\/","title":{"rendered":"D\u00edly pro pneumatick\u00e9 podtlakov\u00e9 za\u0159\u00edzen\u00ed"},"content":{"rendered":"","protected":false},"excerpt":{"rendered":"","protected":false},"author":2,"featured_media":11345,"parent":5404,"menu_order":0,"comment_status":"closed","ping_status":"closed","template":"page-zaunsysteme-details.php","meta":{"_acf_changed":false,"footnotes":""},"class_list":["post-26202","page","type-page","status-publish","has-post-thumbnail","hentry"],"acf":[],"yoast_head":"<!-- This site is optimized with the Yoast SEO plugin v27.3 - https:\/\/yoast.com\/product\/yoast-seo-wordpress\/ -->\n<title>D\u00edly pro pneumatick\u00e9 podtlakov\u00e9 za\u0159\u00edzen\u00ed | BLECHA Aluprofile<\/title>\n<meta name=\"description\" content=\"Objevte na\u0161e vysoce kvalitn\u00ed dodavatelsk\u00e9 d\u00edly z nerezov\u00e9 oceli a hlin\u00edku pro syst\u00e9my sac\u00edch dopravn\u00edk\u016f. Na\u0161e dod\u00e1van\u00e9 d\u00edly jsou ide\u00e1ln\u00edm \u0159e\u0161en\u00edm pro optimalizaci sac\u00edch dopravn\u00edkov\u00fdch syst\u00e9m\u016f a dopravn\u00edkov\u00fdch syst\u00e9m\u016f. Nab\u00edz\u00edme \u0161irok\u00fd sortiment dodavatelsk\u00fdch d\u00edl\u016f, v\u010detn\u011b kolen s prodlou\u017een\u00edm nohou, T-kus\u016f, sva\u0159ovan\u00fdch T-kus\u016f, odbo\u010dn\u00fdch kus\u016f, Y-kus\u016f, kruhov\u00fdch trubek, kolen a mnoha dal\u0161\u00edch.\" \/>\n<meta name=\"robots\" content=\"index, follow, max-snippet:-1, max-image-preview:large, max-video-preview:-1\" \/>\n<link rel=\"canonical\" href=\"https:\/\/www.blecha.at\/cs\/produkty\/dily-pro-pneumaticke-podtlakove-zarizeni\/\" \/>\n<meta property=\"og:locale\" content=\"cs_CZ\" \/>\n<meta property=\"og:type\" content=\"article\" \/>\n<meta property=\"og:title\" content=\"D\u00edly pro pneumatick\u00e9 podtlakov\u00e9 za\u0159\u00edzen\u00ed | BLECHA Aluprofile\" \/>\n<meta property=\"og:description\" content=\"Objevte na\u0161e vysoce kvalitn\u00ed dodavatelsk\u00e9 d\u00edly z nerezov\u00e9 oceli a hlin\u00edku pro syst\u00e9my sac\u00edch dopravn\u00edk\u016f. Na\u0161e dod\u00e1van\u00e9 d\u00edly jsou ide\u00e1ln\u00edm \u0159e\u0161en\u00edm pro optimalizaci sac\u00edch dopravn\u00edkov\u00fdch syst\u00e9m\u016f a dopravn\u00edkov\u00fdch syst\u00e9m\u016f. Nab\u00edz\u00edme \u0161irok\u00fd sortiment dodavatelsk\u00fdch d\u00edl\u016f, v\u010detn\u011b kolen s prodlou\u017een\u00edm nohou, T-kus\u016f, sva\u0159ovan\u00fdch T-kus\u016f, odbo\u010dn\u00fdch kus\u016f, Y-kus\u016f, kruhov\u00fdch trubek, kolen a mnoha dal\u0161\u00edch.\" \/>\n<meta property=\"og:url\" content=\"https:\/\/www.blecha.at\/cs\/produkty\/dily-pro-pneumaticke-podtlakove-zarizeni\/\" \/>\n<meta property=\"og:site_name\" content=\"BLECHA\" \/>\n<meta property=\"article:modified_time\" content=\"2024-01-24T11:19:44+00:00\" \/>\n<meta property=\"og:image\" content=\"https:\/\/www.blecha.at\/wp-content\/uploads\/2021\/02\/blecha-unternehmen-auswahl-gebaeude-3-scaled.jpg\" \/>\n\t<meta property=\"og:image:width\" content=\"2560\" \/>\n\t<meta property=\"og:image:height\" content=\"1642\" \/>\n\t<meta property=\"og:image:type\" content=\"image\/jpeg\" \/>\n<meta name=\"twitter:card\" content=\"summary_large_image\" \/>\n<script type=\"application\/ld+json\" class=\"yoast-schema-graph\">{\"@context\":\"https:\\\/\\\/schema.org\",\"@graph\":[{\"@type\":\"WebPage\",\"@id\":\"https:\\\/\\\/www.blecha.at\\\/cs\\\/produkty\\\/dily-pro-pneumaticke-podtlakove-zarizeni\\\/\",\"url\":\"https:\\\/\\\/www.blecha.at\\\/cs\\\/produkty\\\/dily-pro-pneumaticke-podtlakove-zarizeni\\\/\",\"name\":\"D\u00edly pro pneumatick\u00e9 podtlakov\u00e9 za\u0159\u00edzen\u00ed | BLECHA Aluprofile\",\"isPartOf\":{\"@id\":\"https:\\\/\\\/www.blecha.at\\\/#website\"},\"primaryImageOfPage\":{\"@id\":\"https:\\\/\\\/www.blecha.at\\\/cs\\\/produkty\\\/dily-pro-pneumaticke-podtlakove-zarizeni\\\/#primaryimage\"},\"image\":{\"@id\":\"https:\\\/\\\/www.blecha.at\\\/cs\\\/produkty\\\/dily-pro-pneumaticke-podtlakove-zarizeni\\\/#primaryimage\"},\"thumbnailUrl\":\"https:\\\/\\\/www.blecha.at\\\/wp-content\\\/uploads\\\/2021\\\/03\\\/blecha-zulieferteile-fuer-saugfoerderanlagen-1-thumbnail.jpg\",\"datePublished\":\"2023-01-11T08:55:35+00:00\",\"dateModified\":\"2024-01-24T11:19:44+00:00\",\"description\":\"Objevte na\u0161e vysoce kvalitn\u00ed dodavatelsk\u00e9 d\u00edly z nerezov\u00e9 oceli a hlin\u00edku pro syst\u00e9my sac\u00edch dopravn\u00edk\u016f. Na\u0161e dod\u00e1van\u00e9 d\u00edly jsou ide\u00e1ln\u00edm \u0159e\u0161en\u00edm pro optimalizaci sac\u00edch dopravn\u00edkov\u00fdch syst\u00e9m\u016f a dopravn\u00edkov\u00fdch syst\u00e9m\u016f. Nab\u00edz\u00edme \u0161irok\u00fd sortiment dodavatelsk\u00fdch d\u00edl\u016f, v\u010detn\u011b kolen s prodlou\u017een\u00edm nohou, T-kus\u016f, sva\u0159ovan\u00fdch T-kus\u016f, odbo\u010dn\u00fdch kus\u016f, Y-kus\u016f, kruhov\u00fdch trubek, kolen a mnoha dal\u0161\u00edch.\",\"breadcrumb\":{\"@id\":\"https:\\\/\\\/www.blecha.at\\\/cs\\\/produkty\\\/dily-pro-pneumaticke-podtlakove-zarizeni\\\/#breadcrumb\"},\"inLanguage\":\"cs\",\"potentialAction\":[{\"@type\":\"ReadAction\",\"target\":[\"https:\\\/\\\/www.blecha.at\\\/cs\\\/produkty\\\/dily-pro-pneumaticke-podtlakove-zarizeni\\\/\"]}]},{\"@type\":\"ImageObject\",\"inLanguage\":\"cs\",\"@id\":\"https:\\\/\\\/www.blecha.at\\\/cs\\\/produkty\\\/dily-pro-pneumaticke-podtlakove-zarizeni\\\/#primaryimage\",\"url\":\"https:\\\/\\\/www.blecha.at\\\/wp-content\\\/uploads\\\/2021\\\/03\\\/blecha-zulieferteile-fuer-saugfoerderanlagen-1-thumbnail.jpg\",\"contentUrl\":\"https:\\\/\\\/www.blecha.at\\\/wp-content\\\/uploads\\\/2021\\\/03\\\/blecha-zulieferteile-fuer-saugfoerderanlagen-1-thumbnail.jpg\",\"width\":1600,\"height\":1600},{\"@type\":\"BreadcrumbList\",\"@id\":\"https:\\\/\\\/www.blecha.at\\\/cs\\\/produkty\\\/dily-pro-pneumaticke-podtlakove-zarizeni\\\/#breadcrumb\",\"itemListElement\":[{\"@type\":\"ListItem\",\"position\":1,\"name\":\"Home\",\"item\":\"https:\\\/\\\/www.blecha.at\\\/cs\\\/\"},{\"@type\":\"ListItem\",\"position\":2,\"name\":\"Produkty\",\"item\":\"https:\\\/\\\/www.blecha.at\\\/cs\\\/produkty\\\/\"},{\"@type\":\"ListItem\",\"position\":3,\"name\":\"D\u00edly pro pneumatick\u00e9 podtlakov\u00e9 za\u0159\u00edzen\u00ed\"}]},{\"@type\":\"WebSite\",\"@id\":\"https:\\\/\\\/www.blecha.at\\\/#website\",\"url\":\"https:\\\/\\\/www.blecha.at\\\/\",\"name\":\"BLECHA\",\"description\":\"Eine weitere WordPress-Website\",\"potentialAction\":[{\"@type\":\"SearchAction\",\"target\":{\"@type\":\"EntryPoint\",\"urlTemplate\":\"https:\\\/\\\/www.blecha.at\\\/?s={search_term_string}\"},\"query-input\":{\"@type\":\"PropertyValueSpecification\",\"valueRequired\":true,\"valueName\":\"search_term_string\"}}],\"inLanguage\":\"cs\"}]}<\/script>\n<!-- \/ Yoast SEO plugin. -->","yoast_head_json":{"title":"D\u00edly pro pneumatick\u00e9 podtlakov\u00e9 za\u0159\u00edzen\u00ed | BLECHA Aluprofile","description":"Objevte na\u0161e vysoce kvalitn\u00ed dodavatelsk\u00e9 d\u00edly z nerezov\u00e9 oceli a hlin\u00edku pro syst\u00e9my sac\u00edch dopravn\u00edk\u016f. Na\u0161e dod\u00e1van\u00e9 d\u00edly jsou ide\u00e1ln\u00edm \u0159e\u0161en\u00edm pro optimalizaci sac\u00edch dopravn\u00edkov\u00fdch syst\u00e9m\u016f a dopravn\u00edkov\u00fdch syst\u00e9m\u016f. Nab\u00edz\u00edme \u0161irok\u00fd sortiment dodavatelsk\u00fdch d\u00edl\u016f, v\u010detn\u011b kolen s prodlou\u017een\u00edm nohou, T-kus\u016f, sva\u0159ovan\u00fdch T-kus\u016f, odbo\u010dn\u00fdch kus\u016f, Y-kus\u016f, kruhov\u00fdch trubek, kolen a mnoha dal\u0161\u00edch.","robots":{"index":"index","follow":"follow","max-snippet":"max-snippet:-1","max-image-preview":"max-image-preview:large","max-video-preview":"max-video-preview:-1"},"canonical":"https:\/\/www.blecha.at\/cs\/produkty\/dily-pro-pneumaticke-podtlakove-zarizeni\/","og_locale":"cs_CZ","og_type":"article","og_title":"D\u00edly pro pneumatick\u00e9 podtlakov\u00e9 za\u0159\u00edzen\u00ed | BLECHA Aluprofile","og_description":"Objevte na\u0161e vysoce kvalitn\u00ed dodavatelsk\u00e9 d\u00edly z nerezov\u00e9 oceli a hlin\u00edku pro syst\u00e9my sac\u00edch dopravn\u00edk\u016f. Na\u0161e dod\u00e1van\u00e9 d\u00edly jsou ide\u00e1ln\u00edm \u0159e\u0161en\u00edm pro optimalizaci sac\u00edch dopravn\u00edkov\u00fdch syst\u00e9m\u016f a dopravn\u00edkov\u00fdch syst\u00e9m\u016f. Nab\u00edz\u00edme \u0161irok\u00fd sortiment dodavatelsk\u00fdch d\u00edl\u016f, v\u010detn\u011b kolen s prodlou\u017een\u00edm nohou, T-kus\u016f, sva\u0159ovan\u00fdch T-kus\u016f, odbo\u010dn\u00fdch kus\u016f, Y-kus\u016f, kruhov\u00fdch trubek, kolen a mnoha dal\u0161\u00edch.","og_url":"https:\/\/www.blecha.at\/cs\/produkty\/dily-pro-pneumaticke-podtlakove-zarizeni\/","og_site_name":"BLECHA","article_modified_time":"2024-01-24T11:19:44+00:00","og_image":[{"width":2560,"height":1642,"url":"https:\/\/www.blecha.at\/wp-content\/uploads\/2021\/02\/blecha-unternehmen-auswahl-gebaeude-3-scaled.jpg","type":"image\/jpeg"}],"twitter_card":"summary_large_image","schema":{"@context":"https:\/\/schema.org","@graph":[{"@type":"WebPage","@id":"https:\/\/www.blecha.at\/cs\/produkty\/dily-pro-pneumaticke-podtlakove-zarizeni\/","url":"https:\/\/www.blecha.at\/cs\/produkty\/dily-pro-pneumaticke-podtlakove-zarizeni\/","name":"D\u00edly pro pneumatick\u00e9 podtlakov\u00e9 za\u0159\u00edzen\u00ed | BLECHA Aluprofile","isPartOf":{"@id":"https:\/\/www.blecha.at\/#website"},"primaryImageOfPage":{"@id":"https:\/\/www.blecha.at\/cs\/produkty\/dily-pro-pneumaticke-podtlakove-zarizeni\/#primaryimage"},"image":{"@id":"https:\/\/www.blecha.at\/cs\/produkty\/dily-pro-pneumaticke-podtlakove-zarizeni\/#primaryimage"},"thumbnailUrl":"https:\/\/www.blecha.at\/wp-content\/uploads\/2021\/03\/blecha-zulieferteile-fuer-saugfoerderanlagen-1-thumbnail.jpg","datePublished":"2023-01-11T08:55:35+00:00","dateModified":"2024-01-24T11:19:44+00:00","description":"Objevte na\u0161e vysoce kvalitn\u00ed dodavatelsk\u00e9 d\u00edly z nerezov\u00e9 oceli a hlin\u00edku pro syst\u00e9my sac\u00edch dopravn\u00edk\u016f. Na\u0161e dod\u00e1van\u00e9 d\u00edly jsou ide\u00e1ln\u00edm \u0159e\u0161en\u00edm pro optimalizaci sac\u00edch dopravn\u00edkov\u00fdch syst\u00e9m\u016f a dopravn\u00edkov\u00fdch syst\u00e9m\u016f. Nab\u00edz\u00edme \u0161irok\u00fd sortiment dodavatelsk\u00fdch d\u00edl\u016f, v\u010detn\u011b kolen s prodlou\u017een\u00edm nohou, T-kus\u016f, sva\u0159ovan\u00fdch T-kus\u016f, odbo\u010dn\u00fdch kus\u016f, Y-kus\u016f, kruhov\u00fdch trubek, kolen a mnoha dal\u0161\u00edch.","breadcrumb":{"@id":"https:\/\/www.blecha.at\/cs\/produkty\/dily-pro-pneumaticke-podtlakove-zarizeni\/#breadcrumb"},"inLanguage":"cs","potentialAction":[{"@type":"ReadAction","target":["https:\/\/www.blecha.at\/cs\/produkty\/dily-pro-pneumaticke-podtlakove-zarizeni\/"]}]},{"@type":"ImageObject","inLanguage":"cs","@id":"https:\/\/www.blecha.at\/cs\/produkty\/dily-pro-pneumaticke-podtlakove-zarizeni\/#primaryimage","url":"https:\/\/www.blecha.at\/wp-content\/uploads\/2021\/03\/blecha-zulieferteile-fuer-saugfoerderanlagen-1-thumbnail.jpg","contentUrl":"https:\/\/www.blecha.at\/wp-content\/uploads\/2021\/03\/blecha-zulieferteile-fuer-saugfoerderanlagen-1-thumbnail.jpg","width":1600,"height":1600},{"@type":"BreadcrumbList","@id":"https:\/\/www.blecha.at\/cs\/produkty\/dily-pro-pneumaticke-podtlakove-zarizeni\/#breadcrumb","itemListElement":[{"@type":"ListItem","position":1,"name":"Home","item":"https:\/\/www.blecha.at\/cs\/"},{"@type":"ListItem","position":2,"name":"Produkty","item":"https:\/\/www.blecha.at\/cs\/produkty\/"},{"@type":"ListItem","position":3,"name":"D\u00edly pro pneumatick\u00e9 podtlakov\u00e9 za\u0159\u00edzen\u00ed"}]},{"@type":"WebSite","@id":"https:\/\/www.blecha.at\/#website","url":"https:\/\/www.blecha.at\/","name":"BLECHA","description":"Eine weitere WordPress-Website","potentialAction":[{"@type":"SearchAction","target":{"@type":"EntryPoint","urlTemplate":"https:\/\/www.blecha.at\/?s={search_term_string}"},"query-input":{"@type":"PropertyValueSpecification","valueRequired":true,"valueName":"search_term_string"}}],"inLanguage":"cs"}]}},"_links":{"self":[{"href":"https:\/\/www.blecha.at\/cs\/wp-json\/wp\/v2\/pages\/26202","targetHints":{"allow":["GET"]}}],"collection":[{"href":"https:\/\/www.blecha.at\/cs\/wp-json\/wp\/v2\/pages"}],"about":[{"href":"https:\/\/www.blecha.at\/cs\/wp-json\/wp\/v2\/types\/page"}],"author":[{"embeddable":true,"href":"https:\/\/www.blecha.at\/cs\/wp-json\/wp\/v2\/users\/2"}],"replies":[{"embeddable":true,"href":"https:\/\/www.blecha.at\/cs\/wp-json\/wp\/v2\/comments?post=26202"}],"version-history":[{"count":4,"href":"https:\/\/www.blecha.at\/cs\/wp-json\/wp\/v2\/pages\/26202\/revisions"}],"predecessor-version":[{"id":26637,"href":"https:\/\/www.blecha.at\/cs\/wp-json\/wp\/v2\/pages\/26202\/revisions\/26637"}],"up":[{"embeddable":true,"href":"https:\/\/www.blecha.at\/cs\/wp-json\/wp\/v2\/pages\/5404"}],"wp:featuredmedia":[{"embeddable":true,"href":"https:\/\/www.blecha.at\/cs\/wp-json\/wp\/v2\/media\/11345"}],"wp:attachment":[{"href":"https:\/\/www.blecha.at\/cs\/wp-json\/wp\/v2\/media?parent=26202"}],"curies":[{"name":"wp","href":"https:\/\/api.w.org\/{rel}","templated":true}]}}