{"id":30948,"date":"2025-10-20T15:10:01","date_gmt":"2025-10-20T13:10:01","guid":{"rendered":"https:\/\/www.blecha.at\/?page_id=30948"},"modified":"2025-10-20T15:10:22","modified_gmt":"2025-10-20T13:10:22","slug":"uhelniky","status":"publish","type":"page","link":"https:\/\/www.blecha.at\/cs\/produkty\/standardni-profily\/uhelniky\/","title":{"rendered":"\u00daheln\u00edky"},"content":{"rendered":"\n<section id=\"sectionTwo\" class=\"mt-lg-n11 py-8 py-md-11 px-lg-9 border-left border-right border-right-lg-none bg-white\">\n\n\n<div class=\"wp-bootstrap-blocks-row row mx-auto\">\n\t\n\n<div class=\"col-12 col-md-10\">\n\t\t\t\n\n<h2 class=\"wp-block-heading text-secondary scroll-fade-bottom-up visibility-hidden\">Hlin\u00edkov\u00e9 \u00faheln\u00edky \u2013 stabilita a univerz\u00e1ln\u00ed pou\u017eit\u00ed pro r\u016fzn\u00e9 aplikace<\/h2>\n\n\n\n<p class=\"scroll-fade-bottom-up visibility-hidden\">Na\u0161e hlin\u00edkov\u00e9 \u00faheln\u00edky vynikaj\u00ed vysokou stabilitou, odolnost\u00ed v\u016f\u010di korozi a \u0161irok\u00fdm spektrem pou\u017eit\u00ed.<br>Uplat\u0148uj\u00ed se v mnoha odv\u011btv\u00edch \u2013 od kovov\u00fdroby p\u0159es interi\u00e9rov\u00e9 prvky a\u017e po prosklen\u00e9 fas\u00e1dy.<br>D\u00edky rozs\u00e1hl\u00e9mu skladu nab\u00edz\u00edme \u00faheln\u00edky v r\u016fzn\u00fdch rozm\u011brech a povrchov\u00fdch \u00faprav\u00e1ch.<\/p>\n\n\n\n<p class=\"scroll-fade-bottom-up visibility-hidden\"><\/p>\n\n\t<\/div>\n\n<\/div>\n\n\n\n<\/section>\n\n\n\n<section class=\"py-8 py-md-9 px-lg-9 border-left border-right border-right-lg-none bg-primary\">\n\n\n\n<h2 class=\"wp-block-heading text-secondary scroll-fade-bottom-up visibility-hidden\" id=\"spezialprofile-nach-mass\">Na\u0161e nab\u00eddka hlin\u00edkov\u00fdch \u00faheln\u00edk\u016f<\/h2>\n\n\n\n<p class=\"mb-7 mb-md-9 scroll-fade-bottom-up visibility-hidden\">Nab\u00edz\u00edme \u0161irok\u00fd v\u00fdb\u011br \u00faheln\u00edk\u016f ze slitiny EN AW-6060, kter\u00e1 je zn\u00e1m\u00e1 v\u00fdbornou odolnost\u00ed v\u016f\u010di pov\u011btrnostn\u00edm vliv\u016fm, dobrou sva\u0159itelnost\u00ed a vynikaj\u00edc\u00ed obrobitelnost\u00ed.<\/p>\n\n\n\n<p class=\"mb-7 mb-md-9 scroll-fade-bottom-up visibility-hidden\">Pro speci\u00e1ln\u00ed po\u017eadavky, zejm\u00e9na v odv\u011btv\u00ed skl\u00e1\u0159sk\u00fdch staveb, nab\u00edz\u00edme tak\u00e9 \u00faheln\u00edky s r\u016fzn\u00fdmi povrchov\u00fdmi \u00fapravami:<\/p>\n\n\n<div class=\"wp-bootstrap-blocks-row row mx-auto\">\n\t\n\n<div class=\"col-12 col-md-4 col-lg-4 text-left mb-6 mb-lg-0 scroll-fade-bottom-up visibility-hidden\">\n\t\t\t<div class=\"p-3\">\n\t\t\t\n\n\n\n<h5 class=\"wp-block-heading\">P\u0159\u00edrodn\u00ed elox<\/h5>\n\n\n\n<p>Ochrana proti korozi a decentn\u00ed matn\u00fd vzhled.<\/p>\n\n\t\t<\/div>\n\t<\/div>\n\n\n\n<div class=\"col-12 col-md-4 col-lg-4 text-left mb-6 mb-lg-0 scroll-fade-bottom-up visibility-hidden\">\n\t\t\t<div class=\"p-3\">\n\t\t\t\n\n\n\n<h5 class=\"wp-block-heading\">Elox v nerezov\u00e9m vzhledu<\/h5>\n\n\n\n<p>Ide\u00e1ln\u00ed pro modern\u00ed sklen\u011bn\u00e9 fas\u00e1dy a architektonick\u00e9 prvky.<\/p>\n\n\t\t<\/div>\n\t<\/div>\n\n\n\n<div class=\"col-12 col-md-4 col-lg-4 text-left mb-6 mb-lg-0 scroll-fade-bottom-up visibility-hidden\">\n\t\t\t<div class=\"p-3\">\n\t\t\t\n\n\n\n<h5 class=\"wp-block-heading\"><font style=\"vertical-align: inherit;\"><font style=\"vertical-align: inherit;\">Pr\u00e1\u0161kov\u00e1 barva RAL 9010 (\u010dist\u011b b\u00edl\u00e1)<\/font><\/font><\/h5>\n\n\n\n<p>Vhodn\u00e9 pro pou\u017eit\u00ed, kde je po\u017eadov\u00e1n sv\u011btl\u00fd a trvanliv\u00fd povrch.<\/p>\n\n\t\t<\/div>\n\t<\/div>\n\n<\/div>\n\n\n\n<div style=\"height:10px\" aria-hidden=\"true\" class=\"wp-block-spacer\"><\/div>\n\n\n\n<p class=\"scroll-fade-bottom-up visibility-hidden\">Tyto speci\u00e1ln\u011b zu\u0161lecht\u011bn\u00e9 hlin\u00edkov\u00e9 \u00faheln\u00edky jsme vybrali v rozm\u011brech, kter\u00e9 se \u010dasto pou\u017e\u00edvaj\u00ed ve skl\u00e1\u0159sk\u00e9m stavebn\u00edm pr\u016fmyslu.<\/p>\n\n\n\n<\/section>\n\n\n\n<section data-jarallax=\"\" data-speed=\".8\" class=\"py-12 py-md-13 overlay overlay-black overlay-40 bg-cover jarallax\" style=\"background-image: url(\/wp-content\/uploads\/2025\/06\/blecha-winkel-cta.jpg);\">\n  <div class=\"container\">\n    <div class=\"row mx-auto\">\n      <div class=\"col-12 col-md-10\">\n        <!-- Blockquote -->\n        <blockquote class=\"blockquote mb-0\"> \n          \n          <!-- Text -->\n          <p class=\"h2 text-white text-left font-regular scroll-fade-bottom-up visibility-hidden\">Hled\u00e1te spr\u00e1vn\u00fd hlin\u00edkov\u00fd \u00faheln\u00edk pro v\u00e1\u0161 projekt?\nPou\u017eijte n\u00e1\u0161 digit\u00e1ln\u00ed konfigur\u00e1tor produkt\u016f!\n <\/p>\n\n\n\n<div class=\"wp-block-file btn btn-secondary mt-5 scroll-fade-bottom-up visibility-hidden\"><a id=\"wp-block-file--media-57bf97e1-d880-4669-b1ec-d79be4ec7b9e\" href=\"https:\/\/aluprofil.at\/\">Vyhled\u00e1v\u00e1n\u00ed produkt\u016f<\/a><\/div>\n\n\n\n<\/blockquote>\n      <\/div>\n    <\/div>\n  <\/div>\n<\/section>\n\n\n\n<section class=\"border-left border-right border-right-lg-none border-bottom\">\n\n\n<div class=\"wp-bootstrap-blocks-container container-fluid mb-0 px-0\">\n\t\n<div class=\"wp-bootstrap-blocks-row row mx-auto\">\n\t\n\n<div class=\"col-12 col-md-6 px-7 px-lg-9 py-7 py-lg-9\">\n\t\t\t\n\n<h1 class=\"wp-block-heading mt-5 text-secondary scroll-fade-bottom-up visibility-hidden\"><font style=\"vertical-align: inherit;\"><font style=\"vertical-align: inherit;\">Typick\u00e9 oblasti pou\u017eit\u00ed na\u0161ich hlin\u00edkov\u00fdch \u00faheln\u00edk\u016f<\/font><\/font><\/h1>\n\n\n\n<div class=\"d-flex text-left scroll-fade-bottom-up visibility-hidden\">\n\n\n\n<p>D\u00edky sv\u00e9 pevnosti a r\u016fznorod\u00fdm povrchov\u00fdm \u00faprav\u00e1m se na\u0161e hlin\u00edkov\u00e9 \u00faheln\u00edky pou\u017e\u00edvaj\u00ed zejm\u00e9na v:<\/p>\n\n\n\n<\/div>\n\n\t<\/div>\n\n\n\n<div class=\"col-12 col-md-6 px-0 scroll-reveal-right-to-left\">\n\t\t\t\n\n<div class=\"reveal-item\">\n<div class=\"reveal-item-inner\">\n\n\n\n<\/div>\n<\/div>\n\n\t<\/div>\n\n\n\n<div class=\"col-12 col-md-6 pt-4 pb-9 pt-lg-5 pb-lg-9 px-7 px-lg-9\">\n\t\t\t\n\n<div class=\"d-flex text-left scroll-fade-bottom-up visibility-hidden\">\n<div class=\"badge badge-rounded-circle badge-secondary mt-1 mr-4\">\n<i class=\"fe fe-check\"><\/i>\n<\/div><p class=\"text\">Kovov\u00fdroba a konstrukce: r\u00e1my, nosn\u00e9 konstrukce, opl\u00e1\u0161t\u011bn\u00ed <\/p><\/div>\n\n\n\n<div class=\"d-flex text-left scroll-fade-bottom-up visibility-hidden\">\n<div class=\"badge badge-rounded-circle badge-secondary mt-1 mr-4\">\n<i class=\"fe fe-check\"><\/i>\n<\/div><p class=\"text\">N\u00e1bytk\u00e1\u0159stv\u00ed a interi\u00e9ry: designov\u00e9 prvky, v\u00fdztuhy pro modern\u00ed n\u00e1bytek <\/p><\/div>\n\n\n\n<div class=\"d-flex text-left scroll-fade-bottom-up visibility-hidden\">\n<div class=\"badge badge-rounded-circle badge-secondary mt-1 mr-4\">\n<i class=\"fe fe-check\"><\/i>\n<\/div><p class=\"text\">V\u00fdroba plot\u016f a bran: v\u00fdztu\u017en\u00e9 prvky pro dlouhou \u017eivotnost <\/p><\/div>\n\n\n\n<p><\/p>\n\n\t<\/div>\n\n\n\n<div class=\"col-12 col-md-6 pt-4 pb-9 pt-lg-5 pb-lg-9 px-7 px-lg-9\">\n\t\t\t\n\n<div class=\"d-flex text-left scroll-fade-bottom-up visibility-hidden\">\n<div class=\"badge badge-rounded-circle badge-secondary mt-1 mr-4\">\n<i class=\"fe fe-check\"><\/i>\n<\/div><p class=\"text\">Skl\u00e1\u0159stv\u00ed a fas\u00e1dy: dr\u017e\u00e1ky skel, r\u00e1mov\u00e9 konstrukce, ochrann\u00e9 profily <\/p><\/div>\n\n\n\n<div class=\"d-flex text-left scroll-fade-bottom-up visibility-hidden\">\n<div class=\"badge badge-rounded-circle badge-secondary mt-1 mr-4\">\n<i class=\"fe fe-check\"><\/i>\n<\/div><p class=\"text\">Stroj\u00edrenstv\u00ed: konstruk\u010dn\u00ed d\u00edly pro pr\u016fmyslov\u00e9 vyu\u017eit\u00ed<\/p><\/div>\n\n\t<\/div>\n\n<\/div>\n\n<\/div>\n\n\n\n<\/section>\n\n\n\n<section class=\"border-left border-right border-right-lg-none\">\n\n\n<div class=\"wp-bootstrap-blocks-row row mx-auto\">\n\t\n\n<div class=\"col-12 col-md-12 px-7 px-lg-9 py-7 py-lg-9\">\n\t\t\t\n\n<h1 class=\"wp-block-heading mt-5 text-secondary scroll-fade-bottom-up visibility-hidden\"><font style=\"vertical-align: inherit;\"><font style=\"vertical-align: inherit;\">V\u00e1\u0161 partner pro kvalitn\u00ed hlin\u00edkov\u00e9 \u00faheln\u00edky<\/font><\/font><\/h1>\n\n\n\n<div class=\"d-flex text-left scroll-fade-bottom-up visibility-hidden\">\n\n\n<div class=\"wp-bootstrap-blocks-row row\">\n\t\n\n<div class=\"col-12 col-md-8\">\n\t\t\t\n\n<p>Vyu\u017eijte na\u0161i \u0161irokou nab\u00eddku, dostupnost ze skladu a odborn\u00e9 znalosti v oblasti hlin\u00edkov\u00fdch polotovar\u016f.<\/p>\n\n\t<\/div>\n\n\n\n<div class=\"col-12 col-md-8\">\n\t\t\t\n\n<p><a href=\"http:\/\/blecha.at\/kontakt\">Kontaktujte n\u00e1s je\u0161t\u011b dnes<\/a>, a najd\u011bte ide\u00e1ln\u00ed \u00faheln\u00edk pro v\u00e1\u0161 projekt!<\/p>\n\n\t<\/div>\n\n<\/div>\n\n\n<div class=\"wp-bootstrap-blocks-row row\">\n\t\n\n<div class=\"col-12 col-md-6\">\n\t\t\t\n\n<p><\/p>\n\n\t<\/div>\n\n\n\n<div class=\"col-12 col-md-6\">\n\t\t\t\n\n<p><\/p>\n\n\t<\/div>\n\n<\/div>\n\n\n\n<p><\/p>\n\n\n\n<p><\/p>\n\n\n\n<p><\/p>\n\n\n\n<\/div>\n\n\t<\/div>\n\n<\/div>\n\n\n\n<\/section>\n","protected":false},"excerpt":{"rendered":"Na\u0161e nab\u00eddka hlin\u00edkov\u00fdch \u00faheln\u00edk\u016f Nab\u00edz\u00edme \u0161irok\u00fd v\u00fdb\u011br \u00faheln\u00edk\u016f ze slitiny EN AW-6060, kter\u00e1 je zn\u00e1m\u00e1 v\u00fdbornou odolnost\u00ed v\u016f\u010di pov\u011btrnostn\u00edm vliv\u016fm, dobrou sva\u0159itelnost\u00ed a vynikaj\u00edc\u00ed obrobitelnost\u00ed. Pro speci\u00e1ln\u00ed po\u017eadavky, zejm\u00e9na v odv\u011btv\u00ed skl\u00e1\u0159sk\u00fdch staveb, nab\u00edz\u00edme tak\u00e9 \u00faheln\u00edky s r\u016fzn\u00fdmi povrchov\u00fdmi \u00fapravami: Tyto speci\u00e1ln\u011b zu\u0161lecht\u011bn\u00e9 hlin\u00edkov\u00e9 \u00faheln\u00edky jsme vybrali v rozm\u011brech, kter\u00e9 se \u010dasto pou\u017e\u00edvaj\u00ed ve skl\u00e1\u0159sk\u00e9m [&hellip;]","protected":false},"author":2,"featured_media":30343,"parent":6109,"menu_order":0,"comment_status":"closed","ping_status":"closed","template":"page-produkte.php","meta":{"_acf_changed":false,"footnotes":""},"class_list":["post-30948","page","type-page","status-publish","has-post-thumbnail","hentry"],"acf":[],"yoast_head":"<!-- This site is optimized with the Yoast SEO plugin v27.3 - https:\/\/yoast.com\/product\/yoast-seo-wordpress\/ -->\n<title>Hlin\u00edkov\u00e9 \u00faheln\u00edky EN AW-6060 \u2013 ihned k dod\u00e1n\u00ed | BLECHA<\/title>\n<meta name=\"description\" content=\"Hlin\u00edkov\u00e9 L-profily EN AW-6060: ide\u00e1ln\u00ed pro konstrukce v kovopr\u016fmyslu, skl\u00e1\u0159stv\u00ed a interi\u00e9ru. \u0160irok\u00e1 nab\u00eddka skladem, ihned k dispozici.\" \/>\n<meta name=\"robots\" content=\"index, follow, max-snippet:-1, max-image-preview:large, max-video-preview:-1\" \/>\n<link rel=\"canonical\" href=\"https:\/\/www.blecha.at\/cs\/produkty\/standardni-profily\/uhelniky\/\" \/>\n<meta property=\"og:locale\" content=\"cs_CZ\" \/>\n<meta property=\"og:type\" content=\"article\" \/>\n<meta property=\"og:title\" content=\"Hlin\u00edkov\u00e9 \u00faheln\u00edky EN AW-6060 \u2013 ihned k dod\u00e1n\u00ed | BLECHA\" \/>\n<meta property=\"og:description\" content=\"Hlin\u00edkov\u00e9 L-profily EN AW-6060: ide\u00e1ln\u00ed pro konstrukce v kovopr\u016fmyslu, skl\u00e1\u0159stv\u00ed a interi\u00e9ru. \u0160irok\u00e1 nab\u00eddka skladem, ihned k dispozici.\" \/>\n<meta property=\"og:url\" content=\"https:\/\/www.blecha.at\/cs\/produkty\/standardni-profily\/uhelniky\/\" \/>\n<meta property=\"og:site_name\" content=\"BLECHA\" \/>\n<meta property=\"article:modified_time\" content=\"2025-10-20T13:10:22+00:00\" \/>\n<meta property=\"og:image\" content=\"https:\/\/www.blecha.at\/wp-content\/uploads\/2025\/06\/blecha-winkel.jpg\" \/>\n\t<meta property=\"og:image:width\" content=\"1900\" \/>\n\t<meta property=\"og:image:height\" content=\"1200\" \/>\n\t<meta property=\"og:image:type\" content=\"image\/jpeg\" \/>\n<meta name=\"twitter:card\" content=\"summary_large_image\" \/>\n<meta name=\"twitter:label1\" content=\"Odhadovan\u00e1 doba \u010dten\u00ed\" \/>\n\t<meta name=\"twitter:data1\" content=\"2 minuty\" \/>\n<script type=\"application\/ld+json\" class=\"yoast-schema-graph\">{\"@context\":\"https:\\\/\\\/schema.org\",\"@graph\":[{\"@type\":\"WebPage\",\"@id\":\"https:\\\/\\\/www.blecha.at\\\/cs\\\/produkty\\\/standardni-profily\\\/uhelniky\\\/\",\"url\":\"https:\\\/\\\/www.blecha.at\\\/cs\\\/produkty\\\/standardni-profily\\\/uhelniky\\\/\",\"name\":\"Hlin\u00edkov\u00e9 \u00faheln\u00edky EN AW-6060 \u2013 ihned k dod\u00e1n\u00ed | BLECHA\",\"isPartOf\":{\"@id\":\"https:\\\/\\\/www.blecha.at\\\/#website\"},\"primaryImageOfPage\":{\"@id\":\"https:\\\/\\\/www.blecha.at\\\/cs\\\/produkty\\\/standardni-profily\\\/uhelniky\\\/#primaryimage\"},\"image\":{\"@id\":\"https:\\\/\\\/www.blecha.at\\\/cs\\\/produkty\\\/standardni-profily\\\/uhelniky\\\/#primaryimage\"},\"thumbnailUrl\":\"https:\\\/\\\/www.blecha.at\\\/wp-content\\\/uploads\\\/2025\\\/06\\\/blecha-winkel.jpg\",\"datePublished\":\"2025-10-20T13:10:01+00:00\",\"dateModified\":\"2025-10-20T13:10:22+00:00\",\"description\":\"Hlin\u00edkov\u00e9 L-profily EN AW-6060: ide\u00e1ln\u00ed pro konstrukce v kovopr\u016fmyslu, skl\u00e1\u0159stv\u00ed a interi\u00e9ru. \u0160irok\u00e1 nab\u00eddka skladem, ihned k dispozici.\",\"breadcrumb\":{\"@id\":\"https:\\\/\\\/www.blecha.at\\\/cs\\\/produkty\\\/standardni-profily\\\/uhelniky\\\/#breadcrumb\"},\"inLanguage\":\"cs\",\"potentialAction\":[{\"@type\":\"ReadAction\",\"target\":[\"https:\\\/\\\/www.blecha.at\\\/cs\\\/produkty\\\/standardni-profily\\\/uhelniky\\\/\"]}]},{\"@type\":\"ImageObject\",\"inLanguage\":\"cs\",\"@id\":\"https:\\\/\\\/www.blecha.at\\\/cs\\\/produkty\\\/standardni-profily\\\/uhelniky\\\/#primaryimage\",\"url\":\"https:\\\/\\\/www.blecha.at\\\/wp-content\\\/uploads\\\/2025\\\/06\\\/blecha-winkel.jpg\",\"contentUrl\":\"https:\\\/\\\/www.blecha.at\\\/wp-content\\\/uploads\\\/2025\\\/06\\\/blecha-winkel.jpg\",\"width\":1900,\"height\":1200},{\"@type\":\"BreadcrumbList\",\"@id\":\"https:\\\/\\\/www.blecha.at\\\/cs\\\/produkty\\\/standardni-profily\\\/uhelniky\\\/#breadcrumb\",\"itemListElement\":[{\"@type\":\"ListItem\",\"position\":1,\"name\":\"Home\",\"item\":\"https:\\\/\\\/www.blecha.at\\\/cs\\\/\"},{\"@type\":\"ListItem\",\"position\":2,\"name\":\"Produkty\",\"item\":\"https:\\\/\\\/www.blecha.at\\\/cs\\\/produkty\\\/\"},{\"@type\":\"ListItem\",\"position\":3,\"name\":\"Standardn\u00ed profily\",\"item\":\"https:\\\/\\\/www.blecha.at\\\/cs\\\/produkty\\\/standardni-profily\\\/\"},{\"@type\":\"ListItem\",\"position\":4,\"name\":\"\u00daheln\u00edky\"}]},{\"@type\":\"WebSite\",\"@id\":\"https:\\\/\\\/www.blecha.at\\\/#website\",\"url\":\"https:\\\/\\\/www.blecha.at\\\/\",\"name\":\"BLECHA\",\"description\":\"Eine weitere WordPress-Website\",\"potentialAction\":[{\"@type\":\"SearchAction\",\"target\":{\"@type\":\"EntryPoint\",\"urlTemplate\":\"https:\\\/\\\/www.blecha.at\\\/?s={search_term_string}\"},\"query-input\":{\"@type\":\"PropertyValueSpecification\",\"valueRequired\":true,\"valueName\":\"search_term_string\"}}],\"inLanguage\":\"cs\"}]}<\/script>\n<!-- \/ Yoast SEO plugin. -->","yoast_head_json":{"title":"Hlin\u00edkov\u00e9 \u00faheln\u00edky EN AW-6060 \u2013 ihned k dod\u00e1n\u00ed | BLECHA","description":"Hlin\u00edkov\u00e9 L-profily EN AW-6060: ide\u00e1ln\u00ed pro konstrukce v kovopr\u016fmyslu, skl\u00e1\u0159stv\u00ed a interi\u00e9ru. \u0160irok\u00e1 nab\u00eddka skladem, ihned k dispozici.","robots":{"index":"index","follow":"follow","max-snippet":"max-snippet:-1","max-image-preview":"max-image-preview:large","max-video-preview":"max-video-preview:-1"},"canonical":"https:\/\/www.blecha.at\/cs\/produkty\/standardni-profily\/uhelniky\/","og_locale":"cs_CZ","og_type":"article","og_title":"Hlin\u00edkov\u00e9 \u00faheln\u00edky EN AW-6060 \u2013 ihned k dod\u00e1n\u00ed | BLECHA","og_description":"Hlin\u00edkov\u00e9 L-profily EN AW-6060: ide\u00e1ln\u00ed pro konstrukce v kovopr\u016fmyslu, skl\u00e1\u0159stv\u00ed a interi\u00e9ru. \u0160irok\u00e1 nab\u00eddka skladem, ihned k dispozici.","og_url":"https:\/\/www.blecha.at\/cs\/produkty\/standardni-profily\/uhelniky\/","og_site_name":"BLECHA","article_modified_time":"2025-10-20T13:10:22+00:00","og_image":[{"width":1900,"height":1200,"url":"https:\/\/www.blecha.at\/wp-content\/uploads\/2025\/06\/blecha-winkel.jpg","type":"image\/jpeg"}],"twitter_card":"summary_large_image","twitter_misc":{"Odhadovan\u00e1 doba \u010dten\u00ed":"2 minuty"},"schema":{"@context":"https:\/\/schema.org","@graph":[{"@type":"WebPage","@id":"https:\/\/www.blecha.at\/cs\/produkty\/standardni-profily\/uhelniky\/","url":"https:\/\/www.blecha.at\/cs\/produkty\/standardni-profily\/uhelniky\/","name":"Hlin\u00edkov\u00e9 \u00faheln\u00edky EN AW-6060 \u2013 ihned k dod\u00e1n\u00ed | BLECHA","isPartOf":{"@id":"https:\/\/www.blecha.at\/#website"},"primaryImageOfPage":{"@id":"https:\/\/www.blecha.at\/cs\/produkty\/standardni-profily\/uhelniky\/#primaryimage"},"image":{"@id":"https:\/\/www.blecha.at\/cs\/produkty\/standardni-profily\/uhelniky\/#primaryimage"},"thumbnailUrl":"https:\/\/www.blecha.at\/wp-content\/uploads\/2025\/06\/blecha-winkel.jpg","datePublished":"2025-10-20T13:10:01+00:00","dateModified":"2025-10-20T13:10:22+00:00","description":"Hlin\u00edkov\u00e9 L-profily EN AW-6060: ide\u00e1ln\u00ed pro konstrukce v kovopr\u016fmyslu, skl\u00e1\u0159stv\u00ed a interi\u00e9ru. \u0160irok\u00e1 nab\u00eddka skladem, ihned k dispozici.","breadcrumb":{"@id":"https:\/\/www.blecha.at\/cs\/produkty\/standardni-profily\/uhelniky\/#breadcrumb"},"inLanguage":"cs","potentialAction":[{"@type":"ReadAction","target":["https:\/\/www.blecha.at\/cs\/produkty\/standardni-profily\/uhelniky\/"]}]},{"@type":"ImageObject","inLanguage":"cs","@id":"https:\/\/www.blecha.at\/cs\/produkty\/standardni-profily\/uhelniky\/#primaryimage","url":"https:\/\/www.blecha.at\/wp-content\/uploads\/2025\/06\/blecha-winkel.jpg","contentUrl":"https:\/\/www.blecha.at\/wp-content\/uploads\/2025\/06\/blecha-winkel.jpg","width":1900,"height":1200},{"@type":"BreadcrumbList","@id":"https:\/\/www.blecha.at\/cs\/produkty\/standardni-profily\/uhelniky\/#breadcrumb","itemListElement":[{"@type":"ListItem","position":1,"name":"Home","item":"https:\/\/www.blecha.at\/cs\/"},{"@type":"ListItem","position":2,"name":"Produkty","item":"https:\/\/www.blecha.at\/cs\/produkty\/"},{"@type":"ListItem","position":3,"name":"Standardn\u00ed profily","item":"https:\/\/www.blecha.at\/cs\/produkty\/standardni-profily\/"},{"@type":"ListItem","position":4,"name":"\u00daheln\u00edky"}]},{"@type":"WebSite","@id":"https:\/\/www.blecha.at\/#website","url":"https:\/\/www.blecha.at\/","name":"BLECHA","description":"Eine weitere WordPress-Website","potentialAction":[{"@type":"SearchAction","target":{"@type":"EntryPoint","urlTemplate":"https:\/\/www.blecha.at\/?s={search_term_string}"},"query-input":{"@type":"PropertyValueSpecification","valueRequired":true,"valueName":"search_term_string"}}],"inLanguage":"cs"}]}},"_links":{"self":[{"href":"https:\/\/www.blecha.at\/cs\/wp-json\/wp\/v2\/pages\/30948","targetHints":{"allow":["GET"]}}],"collection":[{"href":"https:\/\/www.blecha.at\/cs\/wp-json\/wp\/v2\/pages"}],"about":[{"href":"https:\/\/www.blecha.at\/cs\/wp-json\/wp\/v2\/types\/page"}],"author":[{"embeddable":true,"href":"https:\/\/www.blecha.at\/cs\/wp-json\/wp\/v2\/users\/2"}],"replies":[{"embeddable":true,"href":"https:\/\/www.blecha.at\/cs\/wp-json\/wp\/v2\/comments?post=30948"}],"version-history":[{"count":1,"href":"https:\/\/www.blecha.at\/cs\/wp-json\/wp\/v2\/pages\/30948\/revisions"}],"predecessor-version":[{"id":30949,"href":"https:\/\/www.blecha.at\/cs\/wp-json\/wp\/v2\/pages\/30948\/revisions\/30949"}],"up":[{"embeddable":true,"href":"https:\/\/www.blecha.at\/cs\/wp-json\/wp\/v2\/pages\/6109"}],"wp:featuredmedia":[{"embeddable":true,"href":"https:\/\/www.blecha.at\/cs\/wp-json\/wp\/v2\/media\/30343"}],"wp:attachment":[{"href":"https:\/\/www.blecha.at\/cs\/wp-json\/wp\/v2\/media?parent=30948"}],"curies":[{"name":"wp","href":"https:\/\/api.w.org\/{rel}","templated":true}]}}