{"id":4769,"date":"2021-01-22T21:59:01","date_gmt":"2021-01-22T20:59:01","guid":{"rendered":"https:\/\/www.blecha.at\/sluzby\/legierungen\/"},"modified":"2021-12-15T10:53:42","modified_gmt":"2021-12-15T09:53:42","slug":"slitiny","status":"publish","type":"page","link":"https:\/\/www.blecha.at\/cs\/sluzby\/slitiny\/","title":{"rendered":"Slitiny"},"content":{"rendered":"\n<section id=\"sectionTwo\" class=\"mt-lg-n11 py-8 py-md-11 px-lg-9 border-left border-right border-right-lg-none bg-white\">\n\n\n<div class=\"wp-bootstrap-blocks-container container-fluid mb-0\">\n\t\n<div class=\"wp-bootstrap-blocks-row row mx-auto\">\n\t\n\n<div class=\"col-12 col-md-10\">\n\t\t\t\n\n<h2 class=\"text-secondary scroll-fade-bottom-up visibility-hidden wp-block-heading\">Na spr\u00e1vn\u00e9m v\u00fdb\u011bru z\u00e1le\u017e\u00ed.<\/h2>\n\n\n\n<p class=\"scroll-fade-bottom-up visibility-hidden\">Vlastnosti hlin\u00edkov\u00fdch slitin jsou odli\u0161n\u00e9 a proto z\u00e1le\u017e\u00ed na spr\u00e1vn\u00e9m v\u00fdb\u011bru.&nbsp; Zeptejte se na\u0161eho prodejn\u00edho t\u00fdmu na vhodnou slitinu, zaru\u010den\u011b pro v\u00e1s najdeme optim\u00e1ln\u00ed \u0159e\u0161en\u00ed. V z\u00e1vislosti na pou\u017eit\u00ed p\u0159\u00edslu\u0161n\u00e9ho profilu se li\u0161\u00ed tak\u00e9 r\u016fzn\u00e9 slitiny. A pr\u00e1v\u011b tato spousta mo\u017enost\u00ed n\u00e1m umo\u017e\u0148uje vybrat pro v\u00e1s optim\u00e1ln\u00ed slitinu z na\u0161eho programu BLECHA. R\u00e1di samoz\u0159ejm\u011b vyhov\u00edme i individu\u00e1ln\u00edm po\u017eadavk\u016fm. Kontajtujte n\u00e1s nejl\u00e9pe pomoc\u00ed kontaktn\u00edho formul\u00e1\u0159e, n\u00e1\u0161 vy\u0161kolen\u00fd t\u00fdm v\u00e1m pom\u016f\u017ee p\u0159i v\u00fdb\u011bru vhodn\u00e9 slitiny hlin\u00edku.<\/p>\n\n\t<\/div>\n\n<\/div>\n\n<\/div>\n\n\n\n<\/section>\n\n\n\n<section data-jarallax=\"\" data-speed=\".8\" class=\"py-12 py-md-13 overlay overlay-black overlay-40 bg-cover jarallax\" style=\"background-image: url(\/wp-content\/uploads\/2021\/01\/blecha-aluminium-profile.jpg);\">\n  <div class=\"container\">\n    <div class=\"row mx-auto\">\n      <div class=\"col-12 col-md-10\">\n        <!-- Blockquote -->\n        <blockquote class=\"blockquote mb-0\"> \n          \n          <!-- Text -->\n          <p class=\"h2 text-white text-left font-regular scroll-fade-bottom-up visibility-hidden\">BLECHA to um\u00ed. Uk\u00e1\u017eeme v\u00e1m, jak\u00e9 slitiny pro jak\u00e9 profily pou\u017e\u00edv\u00e1me.<\/p>\n\n\n\n<div class=\"wp-block-file btn btn-secondary mt-4 scroll-fade-bottom-up visibility-hidden\"><a href=\"https:\/\/www.blecha.at\/wp-content\/uploads\/2021\/03\/Umschlag-Katalog-2021_DE_EN.pdf\">Otev\u0159\u00edt tabulku slitin <\/a><\/div>\n\n\n\n<\/blockquote>\n      <\/div>\n    <\/div>\n  <\/div>\n<\/section>\n","protected":false},"excerpt":{"rendered":"BLECHA to um\u00ed. Uk\u00e1\u017eeme v\u00e1m, jak\u00e9 slitiny pro jak\u00e9 profily pou\u017e\u00edv\u00e1me.","protected":false},"author":2,"featured_media":4771,"parent":4572,"menu_order":0,"comment_status":"closed","ping_status":"closed","template":"page-leistungen.php","meta":{"_acf_changed":false,"footnotes":""},"class_list":["post-4769","page","type-page","status-publish","has-post-thumbnail","hentry"],"acf":[],"yoast_head":"<!-- This site is optimized with the Yoast SEO plugin v27.3 - https:\/\/yoast.com\/product\/yoast-seo-wordpress\/ -->\n<title>Slitiny | BLECHA<\/title>\n<meta name=\"description\" content=\"Vlastnosti hlin\u00edkov\u00fdch slitin jsou odli\u0161n\u00e9 a proto z\u00e1le\u017e\u00ed na spr\u00e1vn\u00e9m v\u00fdb\u011bru. Zeptejte se na\u0161eho prodejn\u00edho t\u00fdmu na vhodnou slitinu, zaru\u010den\u011b pro v\u00e1s najdeme optim\u00e1ln\u00ed \u0159e\u0161en\u00ed.\" \/>\n<meta name=\"robots\" content=\"index, follow, max-snippet:-1, max-image-preview:large, max-video-preview:-1\" \/>\n<link rel=\"canonical\" href=\"https:\/\/www.blecha.at\/cs\/sluzby\/slitiny\/\" \/>\n<meta property=\"og:locale\" content=\"cs_CZ\" \/>\n<meta property=\"og:type\" content=\"article\" \/>\n<meta property=\"og:title\" content=\"Slitiny | BLECHA\" \/>\n<meta property=\"og:description\" content=\"Vlastnosti hlin\u00edkov\u00fdch slitin jsou odli\u0161n\u00e9 a proto z\u00e1le\u017e\u00ed na spr\u00e1vn\u00e9m v\u00fdb\u011bru. Zeptejte se na\u0161eho prodejn\u00edho t\u00fdmu na vhodnou slitinu, zaru\u010den\u011b pro v\u00e1s najdeme optim\u00e1ln\u00ed \u0159e\u0161en\u00ed.\" \/>\n<meta property=\"og:url\" content=\"https:\/\/www.blecha.at\/cs\/sluzby\/slitiny\/\" \/>\n<meta property=\"og:site_name\" content=\"BLECHA\" \/>\n<meta property=\"article:modified_time\" content=\"2021-12-15T09:53:42+00:00\" \/>\n<meta property=\"og:image\" content=\"https:\/\/www.blecha.at\/wp-content\/uploads\/2021\/03\/blecha-legierungen-1-thumbnail.jpg\" \/>\n\t<meta property=\"og:image:width\" content=\"1600\" \/>\n\t<meta property=\"og:image:height\" content=\"1600\" \/>\n\t<meta property=\"og:image:type\" content=\"image\/jpeg\" \/>\n<meta name=\"twitter:card\" content=\"summary_large_image\" \/>\n<meta name=\"twitter:label1\" content=\"Odhadovan\u00e1 doba \u010dten\u00ed\" \/>\n\t<meta name=\"twitter:data1\" content=\"1 minuta\" \/>\n<script type=\"application\/ld+json\" class=\"yoast-schema-graph\">{\"@context\":\"https:\\\/\\\/schema.org\",\"@graph\":[{\"@type\":\"WebPage\",\"@id\":\"https:\\\/\\\/www.blecha.at\\\/cs\\\/sluzby\\\/slitiny\\\/\",\"url\":\"https:\\\/\\\/www.blecha.at\\\/cs\\\/sluzby\\\/slitiny\\\/\",\"name\":\"Slitiny | BLECHA\",\"isPartOf\":{\"@id\":\"https:\\\/\\\/www.blecha.at\\\/#website\"},\"primaryImageOfPage\":{\"@id\":\"https:\\\/\\\/www.blecha.at\\\/cs\\\/sluzby\\\/slitiny\\\/#primaryimage\"},\"image\":{\"@id\":\"https:\\\/\\\/www.blecha.at\\\/cs\\\/sluzby\\\/slitiny\\\/#primaryimage\"},\"thumbnailUrl\":\"https:\\\/\\\/www.blecha.at\\\/wp-content\\\/uploads\\\/2021\\\/03\\\/blecha-legierungen-1-thumbnail.jpg\",\"datePublished\":\"2021-01-22T20:59:01+00:00\",\"dateModified\":\"2021-12-15T09:53:42+00:00\",\"description\":\"Vlastnosti hlin\u00edkov\u00fdch slitin jsou odli\u0161n\u00e9 a proto z\u00e1le\u017e\u00ed na spr\u00e1vn\u00e9m v\u00fdb\u011bru. Zeptejte se na\u0161eho prodejn\u00edho t\u00fdmu na vhodnou slitinu, zaru\u010den\u011b pro v\u00e1s najdeme optim\u00e1ln\u00ed \u0159e\u0161en\u00ed.\",\"breadcrumb\":{\"@id\":\"https:\\\/\\\/www.blecha.at\\\/cs\\\/sluzby\\\/slitiny\\\/#breadcrumb\"},\"inLanguage\":\"cs\",\"potentialAction\":[{\"@type\":\"ReadAction\",\"target\":[\"https:\\\/\\\/www.blecha.at\\\/cs\\\/sluzby\\\/slitiny\\\/\"]}]},{\"@type\":\"ImageObject\",\"inLanguage\":\"cs\",\"@id\":\"https:\\\/\\\/www.blecha.at\\\/cs\\\/sluzby\\\/slitiny\\\/#primaryimage\",\"url\":\"https:\\\/\\\/www.blecha.at\\\/wp-content\\\/uploads\\\/2021\\\/03\\\/blecha-legierungen-1-thumbnail.jpg\",\"contentUrl\":\"https:\\\/\\\/www.blecha.at\\\/wp-content\\\/uploads\\\/2021\\\/03\\\/blecha-legierungen-1-thumbnail.jpg\",\"width\":1600,\"height\":1600},{\"@type\":\"BreadcrumbList\",\"@id\":\"https:\\\/\\\/www.blecha.at\\\/cs\\\/sluzby\\\/slitiny\\\/#breadcrumb\",\"itemListElement\":[{\"@type\":\"ListItem\",\"position\":1,\"name\":\"Home\",\"item\":\"https:\\\/\\\/www.blecha.at\\\/cs\\\/\"},{\"@type\":\"ListItem\",\"position\":2,\"name\":\"Slu\u017eby\",\"item\":\"https:\\\/\\\/www.blecha.at\\\/cs\\\/sluzby\\\/\"},{\"@type\":\"ListItem\",\"position\":3,\"name\":\"Slitiny\"}]},{\"@type\":\"WebSite\",\"@id\":\"https:\\\/\\\/www.blecha.at\\\/#website\",\"url\":\"https:\\\/\\\/www.blecha.at\\\/\",\"name\":\"BLECHA\",\"description\":\"Eine weitere WordPress-Website\",\"potentialAction\":[{\"@type\":\"SearchAction\",\"target\":{\"@type\":\"EntryPoint\",\"urlTemplate\":\"https:\\\/\\\/www.blecha.at\\\/?s={search_term_string}\"},\"query-input\":{\"@type\":\"PropertyValueSpecification\",\"valueRequired\":true,\"valueName\":\"search_term_string\"}}],\"inLanguage\":\"cs\"}]}<\/script>\n<!-- \/ Yoast SEO plugin. -->","yoast_head_json":{"title":"Slitiny | BLECHA","description":"Vlastnosti hlin\u00edkov\u00fdch slitin jsou odli\u0161n\u00e9 a proto z\u00e1le\u017e\u00ed na spr\u00e1vn\u00e9m v\u00fdb\u011bru. Zeptejte se na\u0161eho prodejn\u00edho t\u00fdmu na vhodnou slitinu, zaru\u010den\u011b pro v\u00e1s najdeme optim\u00e1ln\u00ed \u0159e\u0161en\u00ed.","robots":{"index":"index","follow":"follow","max-snippet":"max-snippet:-1","max-image-preview":"max-image-preview:large","max-video-preview":"max-video-preview:-1"},"canonical":"https:\/\/www.blecha.at\/cs\/sluzby\/slitiny\/","og_locale":"cs_CZ","og_type":"article","og_title":"Slitiny | BLECHA","og_description":"Vlastnosti hlin\u00edkov\u00fdch slitin jsou odli\u0161n\u00e9 a proto z\u00e1le\u017e\u00ed na spr\u00e1vn\u00e9m v\u00fdb\u011bru. Zeptejte se na\u0161eho prodejn\u00edho t\u00fdmu na vhodnou slitinu, zaru\u010den\u011b pro v\u00e1s najdeme optim\u00e1ln\u00ed \u0159e\u0161en\u00ed.","og_url":"https:\/\/www.blecha.at\/cs\/sluzby\/slitiny\/","og_site_name":"BLECHA","article_modified_time":"2021-12-15T09:53:42+00:00","og_image":[{"width":1600,"height":1600,"url":"https:\/\/www.blecha.at\/wp-content\/uploads\/2021\/03\/blecha-legierungen-1-thumbnail.jpg","type":"image\/jpeg"}],"twitter_card":"summary_large_image","twitter_misc":{"Odhadovan\u00e1 doba \u010dten\u00ed":"1 minuta"},"schema":{"@context":"https:\/\/schema.org","@graph":[{"@type":"WebPage","@id":"https:\/\/www.blecha.at\/cs\/sluzby\/slitiny\/","url":"https:\/\/www.blecha.at\/cs\/sluzby\/slitiny\/","name":"Slitiny | BLECHA","isPartOf":{"@id":"https:\/\/www.blecha.at\/#website"},"primaryImageOfPage":{"@id":"https:\/\/www.blecha.at\/cs\/sluzby\/slitiny\/#primaryimage"},"image":{"@id":"https:\/\/www.blecha.at\/cs\/sluzby\/slitiny\/#primaryimage"},"thumbnailUrl":"https:\/\/www.blecha.at\/wp-content\/uploads\/2021\/03\/blecha-legierungen-1-thumbnail.jpg","datePublished":"2021-01-22T20:59:01+00:00","dateModified":"2021-12-15T09:53:42+00:00","description":"Vlastnosti hlin\u00edkov\u00fdch slitin jsou odli\u0161n\u00e9 a proto z\u00e1le\u017e\u00ed na spr\u00e1vn\u00e9m v\u00fdb\u011bru. Zeptejte se na\u0161eho prodejn\u00edho t\u00fdmu na vhodnou slitinu, zaru\u010den\u011b pro v\u00e1s najdeme optim\u00e1ln\u00ed \u0159e\u0161en\u00ed.","breadcrumb":{"@id":"https:\/\/www.blecha.at\/cs\/sluzby\/slitiny\/#breadcrumb"},"inLanguage":"cs","potentialAction":[{"@type":"ReadAction","target":["https:\/\/www.blecha.at\/cs\/sluzby\/slitiny\/"]}]},{"@type":"ImageObject","inLanguage":"cs","@id":"https:\/\/www.blecha.at\/cs\/sluzby\/slitiny\/#primaryimage","url":"https:\/\/www.blecha.at\/wp-content\/uploads\/2021\/03\/blecha-legierungen-1-thumbnail.jpg","contentUrl":"https:\/\/www.blecha.at\/wp-content\/uploads\/2021\/03\/blecha-legierungen-1-thumbnail.jpg","width":1600,"height":1600},{"@type":"BreadcrumbList","@id":"https:\/\/www.blecha.at\/cs\/sluzby\/slitiny\/#breadcrumb","itemListElement":[{"@type":"ListItem","position":1,"name":"Home","item":"https:\/\/www.blecha.at\/cs\/"},{"@type":"ListItem","position":2,"name":"Slu\u017eby","item":"https:\/\/www.blecha.at\/cs\/sluzby\/"},{"@type":"ListItem","position":3,"name":"Slitiny"}]},{"@type":"WebSite","@id":"https:\/\/www.blecha.at\/#website","url":"https:\/\/www.blecha.at\/","name":"BLECHA","description":"Eine weitere WordPress-Website","potentialAction":[{"@type":"SearchAction","target":{"@type":"EntryPoint","urlTemplate":"https:\/\/www.blecha.at\/?s={search_term_string}"},"query-input":{"@type":"PropertyValueSpecification","valueRequired":true,"valueName":"search_term_string"}}],"inLanguage":"cs"}]}},"_links":{"self":[{"href":"https:\/\/www.blecha.at\/cs\/wp-json\/wp\/v2\/pages\/4769","targetHints":{"allow":["GET"]}}],"collection":[{"href":"https:\/\/www.blecha.at\/cs\/wp-json\/wp\/v2\/pages"}],"about":[{"href":"https:\/\/www.blecha.at\/cs\/wp-json\/wp\/v2\/types\/page"}],"author":[{"embeddable":true,"href":"https:\/\/www.blecha.at\/cs\/wp-json\/wp\/v2\/users\/2"}],"replies":[{"embeddable":true,"href":"https:\/\/www.blecha.at\/cs\/wp-json\/wp\/v2\/comments?post=4769"}],"version-history":[{"count":5,"href":"https:\/\/www.blecha.at\/cs\/wp-json\/wp\/v2\/pages\/4769\/revisions"}],"predecessor-version":[{"id":12837,"href":"https:\/\/www.blecha.at\/cs\/wp-json\/wp\/v2\/pages\/4769\/revisions\/12837"}],"up":[{"embeddable":true,"href":"https:\/\/www.blecha.at\/cs\/wp-json\/wp\/v2\/pages\/4572"}],"wp:featuredmedia":[{"embeddable":true,"href":"https:\/\/www.blecha.at\/cs\/wp-json\/wp\/v2\/media\/4771"}],"wp:attachment":[{"href":"https:\/\/www.blecha.at\/cs\/wp-json\/wp\/v2\/media?parent=4769"}],"curies":[{"name":"wp","href":"https:\/\/api.w.org\/{rel}","templated":true}]}}