{"id":4874,"date":"2021-01-22T16:35:16","date_gmt":"2021-01-22T15:35:16","guid":{"rendered":"https:\/\/www.blecha.at\/sluzby\/oberflaechenveredelung\/"},"modified":"2021-12-20T15:50:45","modified_gmt":"2021-12-20T14:50:45","slug":"povrchovauprava","status":"publish","type":"page","link":"https:\/\/www.blecha.at\/cs\/sluzby\/povrchovauprava\/","title":{"rendered":"Eloxovan\u00e9 a pr\u00e1\u0161kov\u011b lakovan\u00e9 povrchy"},"content":{"rendered":"\n<section id=\"sectionTwo\" class=\"mt-lg-n11 py-8 py-md-11 px-lg-9 border-left border-right border-right-lg-none bg-white\">\n\n\n<div class=\"wp-bootstrap-blocks-container container-fluid mb-0\">\n\t\n<div class=\"wp-bootstrap-blocks-row row mx-auto\">\n\t\n\n<div class=\"col-12 col-md-10\">\n\t\t\t\n\n<h2 class=\"text-secondary scroll-fade-bottom-up visibility-hidden wp-block-heading\">P\u011bkn\u00fd vzhled.<\/h2>\n\n\n\n<p class=\"mb-7 mb-md-7 scroll-fade-bottom-up visibility-hidden\">Povrchov\u00e1 \u00faprava spojuje estetiku s funkc\u00ed a d\u00e1v\u00e1 profil\u016fm jedine\u010dn\u00fd vzhled. Zeptejte se na na\u0161e mo\u017enosti povrchov\u00e9 \u00fapravy.<\/p>\n\n\t<\/div>\n\n\n\n<div class=\"col-12\">\n\t\t\t\n\n<h4 class=\"scroll-fade-bottom-up visibility-hidden wp-block-heading\">Na\u0161e speci\u00e1ln\u00ed povrchov\u00e9 \u00fapravy<\/h4>\n\n\n\n<hr class=\"wp-block-separator is-style-wide my-5\"\/>\n\n\n<div class=\"wp-bootstrap-blocks-row row\">\n\t\n\n<div class=\"col-12 col-md-4\">\n\t\t\t\n\n<div class=\"d-flex text-left scroll-fade-bottom-up visibility-hidden\">\n<div class=\"badge badge-rounded-circle badge-primary-soft mt-1 mr-4\">\n<i class=\"fe fe-check\"><\/i>\n<\/div><p class=\"text-primary\">eloxov\u00e1n\u00ed<\/p><\/div>\n\n\t<\/div>\n\n\n\n<div class=\"col-12 col-md-4\">\n\t\t\t\n\n<div class=\"d-flex text-left scroll-fade-bottom-up visibility-hidden\">\n<div class=\"badge badge-rounded-circle badge-primary-soft mt-1 mr-4\">\n<i class=\"fe fe-check\"><\/i>\n<\/div><p class=\"text-primary\">pr\u00e1\u0161kov\u00e9 lakov\u00e1n\u00ed<\/p><\/div>\n\n\t<\/div>\n\n\n\n<div class=\"col-12 col-md-4\">\n\t\t\t\n\n<div class=\"d-flex text-left scroll-fade-bottom-up visibility-hidden\">\n<div class=\"badge badge-rounded-circle badge-primary-soft mt-1 mr-4\">\n<i class=\"fe fe-check\"><\/i>\n<\/div><p class=\"text-primary\">speci\u00e1ln\u00ed povrchy (d\u0159evodekor pro hlin\u00edkov\u00e9 ploty a balkonov\u00e9 konstrukce)<\/p><\/div>\n\n\t<\/div>\n\n<\/div>\n\n\t<\/div>\n\n<\/div>\n\n<\/div>\n\n\n\n<\/section>\n\n\n\n<section data-jarallax=\"\" data-speed=\".8\" class=\"py-12 py-md-13 overlay overlay-black overlay-40 bg-cover jarallax\" style=\"background-image: url(\/wp-content\/uploads\/2021\/08\/blecha-oberflaechenveredelung-2.jpg);\">\n  <div class=\"container\">\n    <div class=\"row mx-auto\">\n      <div class=\"col-12 col-md-10\"> \n        \n        <!-- Blockquote -->\n        <blockquote class=\"blockquote mb-0\"> \n          \n          <!-- Text -->\n          <p class=\"h2 text-white text-left font-regular scroll-fade-bottom-up visibility-hidden\">&#8222;Pro povrchov\u00e9 \u00fapravy se spol\u00e9h\u00e1me v\u00fdlu\u010dn\u011b na dlouhodob\u00e9 a ov\u011b\u0159en\u00e9 dodavatelsk\u00e9 vztahy.&#8220;<\/p>\n          \n          <!-- Footer -->\n          <footer class=\"blockquote-footer text-white-50 mb-0 scroll-fade-bottom-up visibility-hidden\">BLECHA<\/footer>\n        <\/blockquote>\n      <\/div>\n    <\/div>\n  <\/div>\n<\/section>\n\n\n\n<section class=\"py-8 py-md-11 px-lg-9 border-left border-right border-right-lg-none bg-white\">\n\n\n<div class=\"wp-bootstrap-blocks-container container-fluid mb-0\">\n\t\n<div class=\"wp-bootstrap-blocks-row row mx-auto\">\n\t\n\n<div class=\"col-12 col-md-10\">\n\t\t\t\n\n<h2 class=\"text-secondary scroll-fade-bottom-up visibility-hidden wp-block-heading\">Skladov\u00fd materi\u00e1l v eloxu a pr\u00e1\u0161kov\u00e9m lakov\u00e1n\u00ed<\/h2>\n\n\n\n<p class=\"mb-7 mb-md-7 scroll-fade-bottom-up visibility-hidden\">Na sklad\u011b m\u00e1me n\u011bkter\u00e9 ze standardn\u00edch rozm\u011br\u016f U profil\u016f a \u00faheln\u00edk\u016f ji\u017e s povrchovou \u00fapravou. N\u00ed\u017ee je v\u00fd\u0148atek z na\u0161eho programu:<\/p>\n\n\n<div class=\"wp-bootstrap-blocks-row row\">\n\t\n\n<div class=\"col-12 col-md-4\">\n\t\t\t\n\n<div class=\"d-flex text-left scroll-fade-bottom-up visibility-hidden\">\n<div class=\"badge badge-rounded-circle badge-primary-soft mt-1 mr-4\">\n<i class=\"fe fe-check\"><\/i>\n<\/div><p class=\"text-primary\">\u00faheln\u00edky v p\u0159\u00edirodn\u00edm eloxu A6\/C0<\/p><\/div>\n\n\t<\/div>\n\n\n\n<div class=\"col-12 col-md-4\">\n\t\t\t\n\n<div class=\"d-flex text-left scroll-fade-bottom-up visibility-hidden\">\n<div class=\"badge badge-rounded-circle badge-primary-soft mt-1 mr-4\">\n<i class=\"fe fe-check\"><\/i>\n<\/div><p class=\"text-primary\">\u00faheln\u00edky eloxovan\u00e9 v optice nerezu<\/p><\/div>\n\n\t<\/div>\n\n\n\n<div class=\"col-12 col-md-4\">\n\t\t\t\n\n<div class=\"d-flex text-left scroll-fade-bottom-up visibility-hidden\">\n<div class=\"badge badge-rounded-circle badge-primary-soft mt-1 mr-4\">\n<i class=\"fe fe-check\"><\/i>\n<\/div><p class=\"text-primary\">\u00faheln\u00edky pr\u00e1\u0161kovan\u00e9 RAL 9010<\/p><\/div>\n\n\t<\/div>\n\n\n\n<div class=\"col-12 col-md-4\">\n\t\t\t\n\n<div class=\"d-flex text-left scroll-fade-bottom-up visibility-hidden\">\n<div class=\"badge badge-rounded-circle badge-primary-soft mt-1 mr-4\">\n<i class=\"fe fe-check\"><\/i>\n<\/div><p class=\"text-primary\">U-profily v p\u0159\u00edrodn\u00edm eloxu A6\/C0<\/p><\/div>\n\n\t<\/div>\n\n\n\n<div class=\"col-12 col-md-4\">\n\t\t\t\n\n<div class=\"d-flex text-left scroll-fade-bottom-up visibility-hidden\">\n<div class=\"badge badge-rounded-circle badge-primary-soft mt-1 mr-4\">\n<i class=\"fe fe-check\"><\/i>\n<\/div><p class=\"text-primary\">U-profily eloxovan\u00e9 v optice nerezu<\/p><\/div>\n\n\t<\/div>\n\n\n\n<div class=\"col-12 col-md-4\">\n\t\t\t\n\n<div class=\"d-flex text-left scroll-fade-bottom-up visibility-hidden\">\n<div class=\"badge badge-rounded-circle badge-primary-soft mt-1 mr-4\">\n<i class=\"fe fe-check\"><\/i>\n<\/div><p class=\"text-primary\">U-profily pr\u00e1\u0161kovan\u00e9 RAL 9010<\/p><\/div>\n\n\t<\/div>\n\n\n\n<div class=\"col-12 col-md-4\">\n\t\t\t\n\n<div class=\"d-flex text-left scroll-fade-bottom-up visibility-hidden\">\n<div class=\"badge badge-rounded-circle badge-primary-soft mt-1 mr-4\">\n<i class=\"fe fe-check\"><\/i>\n<\/div><p class=\"text-primary\">U-profily eloxovan\u00e9 leskl\u00e9 E8\/C0 (vysok\u00fd lesk)<\/p><\/div>\n\n\t<\/div>\n\n<\/div>\n\n\t<\/div>\n\n<\/div>\n\n<\/div>\n\n\n\n<\/section>\n","protected":false},"excerpt":{"rendered":"&#8222;Pro povrchov\u00e9 \u00fapravy se spol\u00e9h\u00e1me v\u00fdlu\u010dn\u011b na dlouhodob\u00e9 a ov\u011b\u0159en\u00e9 dodavatelsk\u00e9 vztahy.&#8220; BLECHA","protected":false},"author":2,"featured_media":4876,"parent":4572,"menu_order":0,"comment_status":"closed","ping_status":"closed","template":"page-leistungen.php","meta":{"_acf_changed":false,"footnotes":""},"class_list":["post-4874","page","type-page","status-publish","has-post-thumbnail","hentry"],"acf":[],"yoast_head":"<!-- This site is optimized with the Yoast SEO plugin v27.3 - https:\/\/yoast.com\/product\/yoast-seo-wordpress\/ -->\n<title>Eloxovan\u00e9 a pr\u00e1\u0161kov\u011b lakovan\u00e9 povrchy | BLECHA<\/title>\n<meta name=\"description\" content=\"Nab\u00edz\u00edme eloxovan\u00e9 a pr\u00e1\u0161kov\u011b lakovan\u00e9 povrchy a tak\u00e9 speci\u00e1ln\u00ed povrchy d\u0159evodekoru pro ploty a balkonov\u00e9 konstrukce.\" \/>\n<meta name=\"robots\" content=\"index, follow, max-snippet:-1, max-image-preview:large, max-video-preview:-1\" \/>\n<link rel=\"canonical\" href=\"https:\/\/www.blecha.at\/cs\/sluzby\/povrchovauprava\/\" \/>\n<meta property=\"og:locale\" content=\"cs_CZ\" \/>\n<meta property=\"og:type\" content=\"article\" \/>\n<meta property=\"og:title\" content=\"Eloxovan\u00e9 a pr\u00e1\u0161kov\u011b lakovan\u00e9 povrchy | BLECHA\" \/>\n<meta property=\"og:description\" content=\"Nab\u00edz\u00edme eloxovan\u00e9 a pr\u00e1\u0161kov\u011b lakovan\u00e9 povrchy a tak\u00e9 speci\u00e1ln\u00ed povrchy d\u0159evodekoru pro ploty a balkonov\u00e9 konstrukce.\" \/>\n<meta property=\"og:url\" content=\"https:\/\/www.blecha.at\/cs\/sluzby\/povrchovauprava\/\" \/>\n<meta property=\"og:site_name\" content=\"BLECHA\" \/>\n<meta property=\"article:modified_time\" content=\"2021-12-20T14:50:45+00:00\" \/>\n<meta property=\"og:image\" content=\"https:\/\/www.blecha.at\/wp-content\/uploads\/2021\/09\/blecha-oberflaechenveredelung-thumbnail.jpg\" \/>\n\t<meta property=\"og:image:width\" content=\"1600\" \/>\n\t<meta property=\"og:image:height\" content=\"1600\" \/>\n\t<meta property=\"og:image:type\" content=\"image\/jpeg\" \/>\n<meta name=\"twitter:card\" content=\"summary_large_image\" \/>\n<meta name=\"twitter:label1\" content=\"Odhadovan\u00e1 doba \u010dten\u00ed\" \/>\n\t<meta name=\"twitter:data1\" content=\"1 minuta\" \/>\n<script type=\"application\/ld+json\" class=\"yoast-schema-graph\">{\"@context\":\"https:\\\/\\\/schema.org\",\"@graph\":[{\"@type\":\"WebPage\",\"@id\":\"https:\\\/\\\/www.blecha.at\\\/cs\\\/sluzby\\\/povrchovauprava\\\/\",\"url\":\"https:\\\/\\\/www.blecha.at\\\/cs\\\/sluzby\\\/povrchovauprava\\\/\",\"name\":\"Eloxovan\u00e9 a pr\u00e1\u0161kov\u011b lakovan\u00e9 povrchy | BLECHA\",\"isPartOf\":{\"@id\":\"https:\\\/\\\/www.blecha.at\\\/#website\"},\"primaryImageOfPage\":{\"@id\":\"https:\\\/\\\/www.blecha.at\\\/cs\\\/sluzby\\\/povrchovauprava\\\/#primaryimage\"},\"image\":{\"@id\":\"https:\\\/\\\/www.blecha.at\\\/cs\\\/sluzby\\\/povrchovauprava\\\/#primaryimage\"},\"thumbnailUrl\":\"https:\\\/\\\/www.blecha.at\\\/wp-content\\\/uploads\\\/2021\\\/09\\\/blecha-oberflaechenveredelung-thumbnail.jpg\",\"datePublished\":\"2021-01-22T15:35:16+00:00\",\"dateModified\":\"2021-12-20T14:50:45+00:00\",\"description\":\"Nab\u00edz\u00edme eloxovan\u00e9 a pr\u00e1\u0161kov\u011b lakovan\u00e9 povrchy a tak\u00e9 speci\u00e1ln\u00ed povrchy d\u0159evodekoru pro ploty a balkonov\u00e9 konstrukce.\",\"breadcrumb\":{\"@id\":\"https:\\\/\\\/www.blecha.at\\\/cs\\\/sluzby\\\/povrchovauprava\\\/#breadcrumb\"},\"inLanguage\":\"cs\",\"potentialAction\":[{\"@type\":\"ReadAction\",\"target\":[\"https:\\\/\\\/www.blecha.at\\\/cs\\\/sluzby\\\/povrchovauprava\\\/\"]}]},{\"@type\":\"ImageObject\",\"inLanguage\":\"cs\",\"@id\":\"https:\\\/\\\/www.blecha.at\\\/cs\\\/sluzby\\\/povrchovauprava\\\/#primaryimage\",\"url\":\"https:\\\/\\\/www.blecha.at\\\/wp-content\\\/uploads\\\/2021\\\/09\\\/blecha-oberflaechenveredelung-thumbnail.jpg\",\"contentUrl\":\"https:\\\/\\\/www.blecha.at\\\/wp-content\\\/uploads\\\/2021\\\/09\\\/blecha-oberflaechenveredelung-thumbnail.jpg\",\"width\":1600,\"height\":1600},{\"@type\":\"BreadcrumbList\",\"@id\":\"https:\\\/\\\/www.blecha.at\\\/cs\\\/sluzby\\\/povrchovauprava\\\/#breadcrumb\",\"itemListElement\":[{\"@type\":\"ListItem\",\"position\":1,\"name\":\"Home\",\"item\":\"https:\\\/\\\/www.blecha.at\\\/cs\\\/\"},{\"@type\":\"ListItem\",\"position\":2,\"name\":\"Slu\u017eby\",\"item\":\"https:\\\/\\\/www.blecha.at\\\/cs\\\/sluzby\\\/\"},{\"@type\":\"ListItem\",\"position\":3,\"name\":\"Eloxovan\u00e9 a pr\u00e1\u0161kov\u011b lakovan\u00e9 povrchy\"}]},{\"@type\":\"WebSite\",\"@id\":\"https:\\\/\\\/www.blecha.at\\\/#website\",\"url\":\"https:\\\/\\\/www.blecha.at\\\/\",\"name\":\"BLECHA\",\"description\":\"Eine weitere WordPress-Website\",\"potentialAction\":[{\"@type\":\"SearchAction\",\"target\":{\"@type\":\"EntryPoint\",\"urlTemplate\":\"https:\\\/\\\/www.blecha.at\\\/?s={search_term_string}\"},\"query-input\":{\"@type\":\"PropertyValueSpecification\",\"valueRequired\":true,\"valueName\":\"search_term_string\"}}],\"inLanguage\":\"cs\"}]}<\/script>\n<!-- \/ Yoast SEO plugin. -->","yoast_head_json":{"title":"Eloxovan\u00e9 a pr\u00e1\u0161kov\u011b lakovan\u00e9 povrchy | BLECHA","description":"Nab\u00edz\u00edme eloxovan\u00e9 a pr\u00e1\u0161kov\u011b lakovan\u00e9 povrchy a tak\u00e9 speci\u00e1ln\u00ed povrchy d\u0159evodekoru pro ploty a balkonov\u00e9 konstrukce.","robots":{"index":"index","follow":"follow","max-snippet":"max-snippet:-1","max-image-preview":"max-image-preview:large","max-video-preview":"max-video-preview:-1"},"canonical":"https:\/\/www.blecha.at\/cs\/sluzby\/povrchovauprava\/","og_locale":"cs_CZ","og_type":"article","og_title":"Eloxovan\u00e9 a pr\u00e1\u0161kov\u011b lakovan\u00e9 povrchy | BLECHA","og_description":"Nab\u00edz\u00edme eloxovan\u00e9 a pr\u00e1\u0161kov\u011b lakovan\u00e9 povrchy a tak\u00e9 speci\u00e1ln\u00ed povrchy d\u0159evodekoru pro ploty a balkonov\u00e9 konstrukce.","og_url":"https:\/\/www.blecha.at\/cs\/sluzby\/povrchovauprava\/","og_site_name":"BLECHA","article_modified_time":"2021-12-20T14:50:45+00:00","og_image":[{"width":1600,"height":1600,"url":"https:\/\/www.blecha.at\/wp-content\/uploads\/2021\/09\/blecha-oberflaechenveredelung-thumbnail.jpg","type":"image\/jpeg"}],"twitter_card":"summary_large_image","twitter_misc":{"Odhadovan\u00e1 doba \u010dten\u00ed":"1 minuta"},"schema":{"@context":"https:\/\/schema.org","@graph":[{"@type":"WebPage","@id":"https:\/\/www.blecha.at\/cs\/sluzby\/povrchovauprava\/","url":"https:\/\/www.blecha.at\/cs\/sluzby\/povrchovauprava\/","name":"Eloxovan\u00e9 a pr\u00e1\u0161kov\u011b lakovan\u00e9 povrchy | BLECHA","isPartOf":{"@id":"https:\/\/www.blecha.at\/#website"},"primaryImageOfPage":{"@id":"https:\/\/www.blecha.at\/cs\/sluzby\/povrchovauprava\/#primaryimage"},"image":{"@id":"https:\/\/www.blecha.at\/cs\/sluzby\/povrchovauprava\/#primaryimage"},"thumbnailUrl":"https:\/\/www.blecha.at\/wp-content\/uploads\/2021\/09\/blecha-oberflaechenveredelung-thumbnail.jpg","datePublished":"2021-01-22T15:35:16+00:00","dateModified":"2021-12-20T14:50:45+00:00","description":"Nab\u00edz\u00edme eloxovan\u00e9 a pr\u00e1\u0161kov\u011b lakovan\u00e9 povrchy a tak\u00e9 speci\u00e1ln\u00ed povrchy d\u0159evodekoru pro ploty a balkonov\u00e9 konstrukce.","breadcrumb":{"@id":"https:\/\/www.blecha.at\/cs\/sluzby\/povrchovauprava\/#breadcrumb"},"inLanguage":"cs","potentialAction":[{"@type":"ReadAction","target":["https:\/\/www.blecha.at\/cs\/sluzby\/povrchovauprava\/"]}]},{"@type":"ImageObject","inLanguage":"cs","@id":"https:\/\/www.blecha.at\/cs\/sluzby\/povrchovauprava\/#primaryimage","url":"https:\/\/www.blecha.at\/wp-content\/uploads\/2021\/09\/blecha-oberflaechenveredelung-thumbnail.jpg","contentUrl":"https:\/\/www.blecha.at\/wp-content\/uploads\/2021\/09\/blecha-oberflaechenveredelung-thumbnail.jpg","width":1600,"height":1600},{"@type":"BreadcrumbList","@id":"https:\/\/www.blecha.at\/cs\/sluzby\/povrchovauprava\/#breadcrumb","itemListElement":[{"@type":"ListItem","position":1,"name":"Home","item":"https:\/\/www.blecha.at\/cs\/"},{"@type":"ListItem","position":2,"name":"Slu\u017eby","item":"https:\/\/www.blecha.at\/cs\/sluzby\/"},{"@type":"ListItem","position":3,"name":"Eloxovan\u00e9 a pr\u00e1\u0161kov\u011b lakovan\u00e9 povrchy"}]},{"@type":"WebSite","@id":"https:\/\/www.blecha.at\/#website","url":"https:\/\/www.blecha.at\/","name":"BLECHA","description":"Eine weitere WordPress-Website","potentialAction":[{"@type":"SearchAction","target":{"@type":"EntryPoint","urlTemplate":"https:\/\/www.blecha.at\/?s={search_term_string}"},"query-input":{"@type":"PropertyValueSpecification","valueRequired":true,"valueName":"search_term_string"}}],"inLanguage":"cs"}]}},"_links":{"self":[{"href":"https:\/\/www.blecha.at\/cs\/wp-json\/wp\/v2\/pages\/4874","targetHints":{"allow":["GET"]}}],"collection":[{"href":"https:\/\/www.blecha.at\/cs\/wp-json\/wp\/v2\/pages"}],"about":[{"href":"https:\/\/www.blecha.at\/cs\/wp-json\/wp\/v2\/types\/page"}],"author":[{"embeddable":true,"href":"https:\/\/www.blecha.at\/cs\/wp-json\/wp\/v2\/users\/2"}],"replies":[{"embeddable":true,"href":"https:\/\/www.blecha.at\/cs\/wp-json\/wp\/v2\/comments?post=4874"}],"version-history":[{"count":4,"href":"https:\/\/www.blecha.at\/cs\/wp-json\/wp\/v2\/pages\/4874\/revisions"}],"predecessor-version":[{"id":13156,"href":"https:\/\/www.blecha.at\/cs\/wp-json\/wp\/v2\/pages\/4874\/revisions\/13156"}],"up":[{"embeddable":true,"href":"https:\/\/www.blecha.at\/cs\/wp-json\/wp\/v2\/pages\/4572"}],"wp:featuredmedia":[{"embeddable":true,"href":"https:\/\/www.blecha.at\/cs\/wp-json\/wp\/v2\/media\/4876"}],"wp:attachment":[{"href":"https:\/\/www.blecha.at\/cs\/wp-json\/wp\/v2\/media?parent=4874"}],"curies":[{"name":"wp","href":"https:\/\/api.w.org\/{rel}","templated":true}]}}