{"id":5017,"date":"2021-01-22T21:32:59","date_gmt":"2021-01-22T20:32:59","guid":{"rendered":"https:\/\/www.blecha.at\/sluzby\/sonderprofile-im-3d-druck\/"},"modified":"2021-12-20T16:04:10","modified_gmt":"2021-12-20T15:04:10","slug":"specialni-profily-v-3d-tisku","status":"publish","type":"page","link":"https:\/\/www.blecha.at\/cs\/sluzby\/specialni-profily-v-3d-tisku\/","title":{"rendered":"Speci\u00e1ln\u00ed profily v 3D-tisku"},"content":{"rendered":"\n<section id=\"sectionTwo\" class=\"mt-lg-n11 py-8 py-md-11 px-lg-9 border-left border-right border-right-lg-none bg-white\">\n\n\n<div class=\"wp-bootstrap-blocks-container container-fluid mb-0\">\n\t\n<div class=\"wp-bootstrap-blocks-row row mx-auto\">\n\t\n\n<div class=\"col-12 col-md-10\">\n\t\t\t\n\n<h2 class=\"text-secondary scroll-fade-bottom-up visibility-hidden wp-block-heading\">V\u00e1\u0161 profil vytiskneme p\u0159edem jako 3D plastov\u00fd model!<\/h2>\n\n\n\n<h3 class=\"scroll-fade-bottom-up visibility-hidden wp-block-heading\">V\u00fdhody 3D-tisku<\/h3>\n\n\n\n<p class=\"scroll-fade-bottom-up visibility-hidden\">3D model m\u016f\u017ee b\u00fdt i geometricky slo\u017eit\u00e9ho tvaru velmi jednodu\u0161e zhotoven a upravov\u00e1n. Vytv\u00e1\u0159en\u00ed prototyp\u016f je ve srovn\u00e1n\u00ed s konven\u010dn\u00edmi metodami rychlej\u0161\u00ed a funk\u010dn\u00ed testov\u00e1n\u00ed a detekce chyb jsou sou\u010d\u00e1st\u00ed procesu v\u00fdvoje produktu. 3D modely jsou flexibiln\u00ed &#8211; jakmile je 3D model nakreslen, lze ho ve velmi kr\u00e1tk\u00e9 dob\u011b upravit a znovu vytisknout. Je tak\u00e9 ide\u00e1ln\u00ed pro vytvo\u0159en\u00ed vzork\u016f.<\/p>\n\n\t<\/div>\n\n<\/div>\n\n<\/div>\n\n\n\n<\/section>\n\n\n\n<section class=\"pl-lg-9 border-left border-right border-right-lg-none bg-primary\">\n\n\n<div class=\"wp-bootstrap-blocks-container container-fluid mb-0 pr-0\">\n\t\n<div class=\"wp-bootstrap-blocks-row row mx-auto\">\n\t\n\n<div class=\"col-12 col-md-5 py-7 py-lg-9\">\n\t\t\t\n\n<h3 class=\"text-secondary mb-4 scroll-fade-bottom-up visibility-hidden wp-block-heading\">Technick\u00e9 specifikace<\/h3>\n\n\n\n<div class=\"d-flex text-left scroll-fade-bottom-up visibility-hidden\">\n<div class=\"badge badge-rounded-circle badge-secondary mt-1 mr-4\">\n<i class=\"fe fe-check\"><\/i>\n<\/div><p class=\"text-white\">velikost v pr\u016f\u0159ezu a\u017e do 180 x 180 mm<\/p><\/div>\n\n<div class=\"d-flex text-left scroll-fade-bottom-up visibility-hidden\">\n<div class=\"badge badge-rounded-circle badge-secondary mt-1 mr-4\">\n<i class=\"fe fe-check\"><\/i>\n<\/div><p class=\"text-white\">mo\u017en\u00e1 v\u00fd\u0161ka do mm<\/p><\/div>\n\n<div class=\"d-flex text-left scroll-fade-bottom-up visibility-hidden\">\n<div class=\"badge badge-rounded-circle badge-secondary mt-1 mr-4\">\n<i class=\"fe fe-check\"><\/i>\n<\/div><p class=\"text-white\">velmi p\u0159esn\u00e9 rozm\u011brov\u00e9 tolerance do +\/- 0,3 mm<\/p><\/div>\n\n<div class=\"d-flex text-left scroll-fade-bottom-up visibility-hidden\">\n<div class=\"badge badge-rounded-circle badge-secondary mt-1 mr-4\">\n<i class=\"fe fe-check\"><\/i>\n<\/div><p class=\"text-white\">vzorek mo\u017en\u00fd v barv\u00e1ch modr\u00e1, b\u00edl\u00e1 nebo \u0161ed\u00e1<\/p><\/div>\n\n\n\n<h3 class=\"text-secondary mt-7 mb-4 scroll-fade-bottom-up visibility-hidden wp-block-heading\">Dodac\u00ed lh\u016fta<\/h3>\n\n\n\n<div class=\"d-flex text-left scroll-fade-bottom-up visibility-hidden\">\n<div class=\"badge badge-rounded-circle badge-secondary mt-1 mr-4\">\n<i class=\"fe fe-check\"><\/i>\n<\/div><p class=\"text-white\">1-2 t\u00fddny (v z\u00e1vislosti na modelu)<\/p><\/div>\n\n\t<\/div>\n\n\n\n<div class=\"col-12 col-md-7 px-0 scroll-reveal-right-to-left\">\n\t\t\t\n\n<div class=\"reveal-item\">\n<div class=\"reveal-item-inner\">\n<div class=\"shape shape-left shape-fluid-y svg-shim text-primary d-none d-md-block\">                                              <svg viewBox=\"0 0 100 1544\" fill=\"none\" xmlns=\"http:\/\/www.w3.org\/2000\/svg\">                                                <path d=\"M0 0h100v386l-50 772v386H0V0z\" fill=\"currentColor\"><\/path>                                           <\/svg><\/div>\n\n\n\n<figure class=\"wp-block-image size-large wp-block-image-cover h-100 mb-0\"><img decoding=\"async\" width=\"1024\" height=\"683\" src=\"https:\/\/www.blecha.at\/wp-content\/uploads\/2021\/03\/blecha-3d-drucker-2-1024x683.jpg\" alt=\"\" class=\"wp-image-5023\" srcset=\"https:\/\/www.blecha.at\/wp-content\/uploads\/2021\/03\/blecha-3d-drucker-2-1024x683.jpg 1024w, https:\/\/www.blecha.at\/wp-content\/uploads\/2021\/03\/blecha-3d-drucker-2-300x200.jpg 300w, https:\/\/www.blecha.at\/wp-content\/uploads\/2021\/03\/blecha-3d-drucker-2-768x512.jpg 768w, https:\/\/www.blecha.at\/wp-content\/uploads\/2021\/03\/blecha-3d-drucker-2-1536x1024.jpg 1536w, https:\/\/www.blecha.at\/wp-content\/uploads\/2021\/03\/blecha-3d-drucker-2-2048x1366.jpg 2048w\" sizes=\"(max-width: 1024px) 100vw, 1024px\" \/><\/figure>\n\n\n\n<\/div>\n<\/div>\n\n\t<\/div>\n\n<\/div>\n\n<\/div>\n\n\n\n<\/section>\n\n\n\n<section class=\"px-lg-9 border-left border-right border-right-lg-none bg-secondary\">\n\n\n<div class=\"wp-bootstrap-blocks-container container-fluid mb-0 bg-secondary\">\n\t\n<div class=\"wp-bootstrap-blocks-row row mx-auto\">\n\t\n\n<div class=\"col-12 col-md-6 text-white py-7 py-md-9\">\n\t\t\t\n\n<h5 class=\"mb-5 scroll-fade-bottom-up visibility-hidden wp-block-heading\">mo\u017enost 1: m\u00e1te n\u00e1\u010drt<\/h5>\n\n\n\n<div class=\"d-flex text-left scroll-fade-bottom-up visibility-hidden\">\n<div class=\"badge badge-rounded-circle badge-primary mt-1 mr-4\">\n<i class=\"fe fe-check\"><\/i>\n<\/div><p class=\"text-white\">nakresl\u00edme V\u00e1\u0161 profil v dwg form\u00e1tu<\/p><\/div>\n\n<div class=\"d-flex text-left scroll-fade-bottom-up visibility-hidden\">\n<div class=\"badge badge-rounded-circle badge-primary mt-1 mr-4\">\n<i class=\"fe fe-check\"><\/i>\n<\/div><p class=\"text-white\">odsouhlas\u00edte v\u00fdkres k tisku<\/p><\/div>\n\n<div class=\"d-flex text-left scroll-fade-bottom-up visibility-hidden\">\n<div class=\"badge badge-rounded-circle badge-primary mt-1 mr-4\">\n<i class=\"fe fe-check\"><\/i>\n<\/div><p class=\"text-white\">zhotov\u00edme profil jako 3D-model<\/p><\/div>\n\n<div class=\"d-flex text-left scroll-fade-bottom-up visibility-hidden\">\n<div class=\"badge badge-rounded-circle badge-primary mt-1 mr-4\">\n<i class=\"fe fe-check\"><\/i>\n<\/div><p class=\"text-white\">za\u0161leme V\u00e1m model s dwg v\u00fdkresem<\/p><\/div>\n\n<div class=\"d-flex text-left scroll-fade-bottom-up visibility-hidden\">\n<div class=\"badge badge-rounded-circle badge-primary mt-1 mr-4\">\n<i class=\"fe fe-check\"><\/i>\n<\/div><p class=\"text-white\">cena bez DPH: od \u20ac 180.-<\/p><\/div>\n\n\t<\/div>\n\n\n\n<div class=\"col-12 col-md-6 text-white py-7 py-md-9\">\n\t\t\t\n\n<h5 class=\"mb-5 scroll-fade-bottom-up visibility-hidden wp-block-heading\">mo\u017enost 2: m\u00e1te pou\u017eiteln\u00fd 2D- nebo 3D-v\u00fdkres ve form\u00e1tu dwg<\/h5>\n\n\n\n<div class=\"d-flex text-left scroll-fade-bottom-up visibility-hidden\">\n<div class=\"badge badge-rounded-circle badge-primary mt-1 mr-4\">\n<i class=\"fe fe-check\"><\/i>\n<\/div><p class=\"text-white\">zhotov\u00edme profil jako 3D-model podle Va\u0161eho v\u00fdkresu<\/p><\/div>\n\n<div class=\"d-flex text-left scroll-fade-bottom-up visibility-hidden\">\n<div class=\"badge badge-rounded-circle badge-primary mt-1 mr-4\">\n<i class=\"fe fe-check\"><\/i>\n<\/div><p class=\"text-white\">za\u0161leme V\u00e1m model<\/p><\/div>\n\n<div class=\"d-flex text-left scroll-fade-bottom-up visibility-hidden\">\n<div class=\"badge badge-rounded-circle badge-primary mt-1 mr-4\">\n<i class=\"fe fe-check\"><\/i>\n<\/div><p class=\"text-white\">cena bez DPH: od \u20ac 90.-<\/p><\/div>\n\n\t<\/div>\n\n<\/div>\n\n<\/div>\n\n\n\n<\/section>\n\n\n\n<section class=\"py-8 py-md-11 px-lg-9 border-left border-right border-right-lg-none bg-white\">\n\n\n<div class=\"wp-bootstrap-blocks-container container-fluid mb-0\">\n\t\n<div class=\"wp-bootstrap-blocks-row row mx-auto\">\n\t\n\n<div class=\"col-12 col-md-10\">\n\t\t\t\n\n<h2 class=\"text-secondary mb-7 scroll-fade-bottom-up visibility-hidden wp-block-heading\">M\u00e9dia<\/h2>\n\n\t<\/div>\n\n<\/div>\n\n\n<div class=\"wp-bootstrap-blocks-row row mx-auto\">\n\t\n\n<div class=\"col-12\">\n\t\t\t\n\n<figure class=\"wp-block-embed is-type-video is-provider-youtube wp-block-embed-youtube wp-embed-aspect-16-9 wp-has-aspect-ratio\"><div class=\"wp-block-embed__wrapper\">\n<iframe title=\"Prototypen von Spezialprofilen im 3D-Druck als Muster\" width=\"500\" height=\"281\" src=\"https:\/\/www.youtube.com\/embed\/7oZJztUp1ig?feature=oembed\" frameborder=\"0\" allow=\"accelerometer; autoplay; clipboard-write; encrypted-media; gyroscope; picture-in-picture; web-share\" referrerpolicy=\"strict-origin-when-cross-origin\" allowfullscreen><\/iframe>\n<\/div><\/figure>\n\n\t<\/div>\n\n<\/div>\n\n<\/div>\n\n\n\n<\/section>\n\n\n\n<p><\/p>\n","protected":false},"excerpt":{"rendered":"","protected":false},"author":2,"featured_media":4881,"parent":4572,"menu_order":0,"comment_status":"closed","ping_status":"closed","template":"page-leistungen.php","meta":{"_acf_changed":false,"footnotes":""},"class_list":["post-5017","page","type-page","status-publish","has-post-thumbnail","hentry"],"acf":[],"yoast_head":"<!-- This site is optimized with the Yoast SEO plugin v27.3 - https:\/\/yoast.com\/product\/yoast-seo-wordpress\/ -->\n<title>Speci\u00e1ln\u00ed profily v 3D-tisku | BLECHA<\/title>\n<meta name=\"description\" content=\"V\u00e1\u0161 profil vytiskneme p\u0159edem jako 3D plastov\u00fd model! 3D model m\u016f\u017ee b\u00fdt i geometricky slo\u017eit\u00e9ho tvaru velmi jednodu\u0161e zhotoven a upravov\u00e1n.\" \/>\n<meta name=\"robots\" content=\"index, follow, max-snippet:-1, max-image-preview:large, max-video-preview:-1\" \/>\n<link rel=\"canonical\" href=\"https:\/\/www.blecha.at\/cs\/sluzby\/specialni-profily-v-3d-tisku\/\" \/>\n<meta property=\"og:locale\" content=\"cs_CZ\" \/>\n<meta property=\"og:type\" content=\"article\" \/>\n<meta property=\"og:title\" content=\"Speci\u00e1ln\u00ed profily v 3D-tisku | BLECHA\" \/>\n<meta property=\"og:description\" content=\"V\u00e1\u0161 profil vytiskneme p\u0159edem jako 3D plastov\u00fd model! 3D model m\u016f\u017ee b\u00fdt i geometricky slo\u017eit\u00e9ho tvaru velmi jednodu\u0161e zhotoven a upravov\u00e1n.\" \/>\n<meta property=\"og:url\" content=\"https:\/\/www.blecha.at\/cs\/sluzby\/specialni-profily-v-3d-tisku\/\" \/>\n<meta property=\"og:site_name\" content=\"BLECHA\" \/>\n<meta property=\"article:modified_time\" content=\"2021-12-20T15:04:10+00:00\" \/>\n<meta property=\"og:image\" content=\"https:\/\/www.blecha.at\/wp-content\/uploads\/2021\/03\/blecha-3d-drucker-thumbnail-1.jpg\" \/>\n\t<meta property=\"og:image:width\" content=\"1600\" \/>\n\t<meta property=\"og:image:height\" content=\"1600\" \/>\n\t<meta property=\"og:image:type\" content=\"image\/jpeg\" \/>\n<meta name=\"twitter:card\" content=\"summary_large_image\" \/>\n<meta name=\"twitter:label1\" content=\"Odhadovan\u00e1 doba \u010dten\u00ed\" \/>\n\t<meta name=\"twitter:data1\" content=\"2 minuty\" \/>\n<script type=\"application\/ld+json\" class=\"yoast-schema-graph\">{\"@context\":\"https:\\\/\\\/schema.org\",\"@graph\":[{\"@type\":\"WebPage\",\"@id\":\"https:\\\/\\\/www.blecha.at\\\/cs\\\/sluzby\\\/specialni-profily-v-3d-tisku\\\/\",\"url\":\"https:\\\/\\\/www.blecha.at\\\/cs\\\/sluzby\\\/specialni-profily-v-3d-tisku\\\/\",\"name\":\"Speci\u00e1ln\u00ed profily v 3D-tisku | BLECHA\",\"isPartOf\":{\"@id\":\"https:\\\/\\\/www.blecha.at\\\/#website\"},\"primaryImageOfPage\":{\"@id\":\"https:\\\/\\\/www.blecha.at\\\/cs\\\/sluzby\\\/specialni-profily-v-3d-tisku\\\/#primaryimage\"},\"image\":{\"@id\":\"https:\\\/\\\/www.blecha.at\\\/cs\\\/sluzby\\\/specialni-profily-v-3d-tisku\\\/#primaryimage\"},\"thumbnailUrl\":\"https:\\\/\\\/www.blecha.at\\\/wp-content\\\/uploads\\\/2021\\\/03\\\/blecha-3d-drucker-thumbnail-1.jpg\",\"datePublished\":\"2021-01-22T20:32:59+00:00\",\"dateModified\":\"2021-12-20T15:04:10+00:00\",\"description\":\"V\u00e1\u0161 profil vytiskneme p\u0159edem jako 3D plastov\u00fd model! 3D model m\u016f\u017ee b\u00fdt i geometricky slo\u017eit\u00e9ho tvaru velmi jednodu\u0161e zhotoven a upravov\u00e1n.\",\"breadcrumb\":{\"@id\":\"https:\\\/\\\/www.blecha.at\\\/cs\\\/sluzby\\\/specialni-profily-v-3d-tisku\\\/#breadcrumb\"},\"inLanguage\":\"cs\",\"potentialAction\":[{\"@type\":\"ReadAction\",\"target\":[\"https:\\\/\\\/www.blecha.at\\\/cs\\\/sluzby\\\/specialni-profily-v-3d-tisku\\\/\"]}]},{\"@type\":\"ImageObject\",\"inLanguage\":\"cs\",\"@id\":\"https:\\\/\\\/www.blecha.at\\\/cs\\\/sluzby\\\/specialni-profily-v-3d-tisku\\\/#primaryimage\",\"url\":\"https:\\\/\\\/www.blecha.at\\\/wp-content\\\/uploads\\\/2021\\\/03\\\/blecha-3d-drucker-thumbnail-1.jpg\",\"contentUrl\":\"https:\\\/\\\/www.blecha.at\\\/wp-content\\\/uploads\\\/2021\\\/03\\\/blecha-3d-drucker-thumbnail-1.jpg\",\"width\":1600,\"height\":1600},{\"@type\":\"BreadcrumbList\",\"@id\":\"https:\\\/\\\/www.blecha.at\\\/cs\\\/sluzby\\\/specialni-profily-v-3d-tisku\\\/#breadcrumb\",\"itemListElement\":[{\"@type\":\"ListItem\",\"position\":1,\"name\":\"Home\",\"item\":\"https:\\\/\\\/www.blecha.at\\\/cs\\\/\"},{\"@type\":\"ListItem\",\"position\":2,\"name\":\"Slu\u017eby\",\"item\":\"https:\\\/\\\/www.blecha.at\\\/cs\\\/sluzby\\\/\"},{\"@type\":\"ListItem\",\"position\":3,\"name\":\"Speci\u00e1ln\u00ed profily v 3D-tisku\"}]},{\"@type\":\"WebSite\",\"@id\":\"https:\\\/\\\/www.blecha.at\\\/#website\",\"url\":\"https:\\\/\\\/www.blecha.at\\\/\",\"name\":\"BLECHA\",\"description\":\"Eine weitere WordPress-Website\",\"potentialAction\":[{\"@type\":\"SearchAction\",\"target\":{\"@type\":\"EntryPoint\",\"urlTemplate\":\"https:\\\/\\\/www.blecha.at\\\/?s={search_term_string}\"},\"query-input\":{\"@type\":\"PropertyValueSpecification\",\"valueRequired\":true,\"valueName\":\"search_term_string\"}}],\"inLanguage\":\"cs\"}]}<\/script>\n<!-- \/ Yoast SEO plugin. -->","yoast_head_json":{"title":"Speci\u00e1ln\u00ed profily v 3D-tisku | BLECHA","description":"V\u00e1\u0161 profil vytiskneme p\u0159edem jako 3D plastov\u00fd model! 3D model m\u016f\u017ee b\u00fdt i geometricky slo\u017eit\u00e9ho tvaru velmi jednodu\u0161e zhotoven a upravov\u00e1n.","robots":{"index":"index","follow":"follow","max-snippet":"max-snippet:-1","max-image-preview":"max-image-preview:large","max-video-preview":"max-video-preview:-1"},"canonical":"https:\/\/www.blecha.at\/cs\/sluzby\/specialni-profily-v-3d-tisku\/","og_locale":"cs_CZ","og_type":"article","og_title":"Speci\u00e1ln\u00ed profily v 3D-tisku | BLECHA","og_description":"V\u00e1\u0161 profil vytiskneme p\u0159edem jako 3D plastov\u00fd model! 3D model m\u016f\u017ee b\u00fdt i geometricky slo\u017eit\u00e9ho tvaru velmi jednodu\u0161e zhotoven a upravov\u00e1n.","og_url":"https:\/\/www.blecha.at\/cs\/sluzby\/specialni-profily-v-3d-tisku\/","og_site_name":"BLECHA","article_modified_time":"2021-12-20T15:04:10+00:00","og_image":[{"width":1600,"height":1600,"url":"https:\/\/www.blecha.at\/wp-content\/uploads\/2021\/03\/blecha-3d-drucker-thumbnail-1.jpg","type":"image\/jpeg"}],"twitter_card":"summary_large_image","twitter_misc":{"Odhadovan\u00e1 doba \u010dten\u00ed":"2 minuty"},"schema":{"@context":"https:\/\/schema.org","@graph":[{"@type":"WebPage","@id":"https:\/\/www.blecha.at\/cs\/sluzby\/specialni-profily-v-3d-tisku\/","url":"https:\/\/www.blecha.at\/cs\/sluzby\/specialni-profily-v-3d-tisku\/","name":"Speci\u00e1ln\u00ed profily v 3D-tisku | BLECHA","isPartOf":{"@id":"https:\/\/www.blecha.at\/#website"},"primaryImageOfPage":{"@id":"https:\/\/www.blecha.at\/cs\/sluzby\/specialni-profily-v-3d-tisku\/#primaryimage"},"image":{"@id":"https:\/\/www.blecha.at\/cs\/sluzby\/specialni-profily-v-3d-tisku\/#primaryimage"},"thumbnailUrl":"https:\/\/www.blecha.at\/wp-content\/uploads\/2021\/03\/blecha-3d-drucker-thumbnail-1.jpg","datePublished":"2021-01-22T20:32:59+00:00","dateModified":"2021-12-20T15:04:10+00:00","description":"V\u00e1\u0161 profil vytiskneme p\u0159edem jako 3D plastov\u00fd model! 3D model m\u016f\u017ee b\u00fdt i geometricky slo\u017eit\u00e9ho tvaru velmi jednodu\u0161e zhotoven a upravov\u00e1n.","breadcrumb":{"@id":"https:\/\/www.blecha.at\/cs\/sluzby\/specialni-profily-v-3d-tisku\/#breadcrumb"},"inLanguage":"cs","potentialAction":[{"@type":"ReadAction","target":["https:\/\/www.blecha.at\/cs\/sluzby\/specialni-profily-v-3d-tisku\/"]}]},{"@type":"ImageObject","inLanguage":"cs","@id":"https:\/\/www.blecha.at\/cs\/sluzby\/specialni-profily-v-3d-tisku\/#primaryimage","url":"https:\/\/www.blecha.at\/wp-content\/uploads\/2021\/03\/blecha-3d-drucker-thumbnail-1.jpg","contentUrl":"https:\/\/www.blecha.at\/wp-content\/uploads\/2021\/03\/blecha-3d-drucker-thumbnail-1.jpg","width":1600,"height":1600},{"@type":"BreadcrumbList","@id":"https:\/\/www.blecha.at\/cs\/sluzby\/specialni-profily-v-3d-tisku\/#breadcrumb","itemListElement":[{"@type":"ListItem","position":1,"name":"Home","item":"https:\/\/www.blecha.at\/cs\/"},{"@type":"ListItem","position":2,"name":"Slu\u017eby","item":"https:\/\/www.blecha.at\/cs\/sluzby\/"},{"@type":"ListItem","position":3,"name":"Speci\u00e1ln\u00ed profily v 3D-tisku"}]},{"@type":"WebSite","@id":"https:\/\/www.blecha.at\/#website","url":"https:\/\/www.blecha.at\/","name":"BLECHA","description":"Eine weitere WordPress-Website","potentialAction":[{"@type":"SearchAction","target":{"@type":"EntryPoint","urlTemplate":"https:\/\/www.blecha.at\/?s={search_term_string}"},"query-input":{"@type":"PropertyValueSpecification","valueRequired":true,"valueName":"search_term_string"}}],"inLanguage":"cs"}]}},"_links":{"self":[{"href":"https:\/\/www.blecha.at\/cs\/wp-json\/wp\/v2\/pages\/5017","targetHints":{"allow":["GET"]}}],"collection":[{"href":"https:\/\/www.blecha.at\/cs\/wp-json\/wp\/v2\/pages"}],"about":[{"href":"https:\/\/www.blecha.at\/cs\/wp-json\/wp\/v2\/types\/page"}],"author":[{"embeddable":true,"href":"https:\/\/www.blecha.at\/cs\/wp-json\/wp\/v2\/users\/2"}],"replies":[{"embeddable":true,"href":"https:\/\/www.blecha.at\/cs\/wp-json\/wp\/v2\/comments?post=5017"}],"version-history":[{"count":4,"href":"https:\/\/www.blecha.at\/cs\/wp-json\/wp\/v2\/pages\/5017\/revisions"}],"predecessor-version":[{"id":13196,"href":"https:\/\/www.blecha.at\/cs\/wp-json\/wp\/v2\/pages\/5017\/revisions\/13196"}],"up":[{"embeddable":true,"href":"https:\/\/www.blecha.at\/cs\/wp-json\/wp\/v2\/pages\/4572"}],"wp:featuredmedia":[{"embeddable":true,"href":"https:\/\/www.blecha.at\/cs\/wp-json\/wp\/v2\/media\/4881"}],"wp:attachment":[{"href":"https:\/\/www.blecha.at\/cs\/wp-json\/wp\/v2\/media?parent=5017"}],"curies":[{"name":"wp","href":"https:\/\/api.w.org\/{rel}","templated":true}]}}