{"id":5469,"date":"2021-02-16T17:48:58","date_gmt":"2021-02-16T16:48:58","guid":{"rendered":"https:\/\/www.blecha.at\/sluzby\/zuschnitte\/"},"modified":"2021-10-04T09:10:06","modified_gmt":"2021-10-04T07:10:06","slug":"prirezy","status":"publish","type":"page","link":"https:\/\/www.blecha.at\/cs\/sluzby\/prirezy\/","title":{"rendered":"Zuschnitte"},"content":{"rendered":"\n<section id=\"sectionTwo\" class=\"mt-lg-n11 py-8 py-md-11 px-lg-9 border-left border-right border-right-lg-none bg-white\">\n\n\n<div class=\"wp-bootstrap-blocks-container container-fluid mb-0\">\n\t\n<div class=\"wp-bootstrap-blocks-row row mx-auto\">\n\t\n\n<div class=\"col-12 col-md-10\">\n\t\t\t\n\n<h2 class=\"text-secondary scroll-fade-bottom-up visibility-hidden wp-block-heading\">P\u0159esnost bez kompromis\u016f.<\/h2>\n\n\n\n<p class=\"mb-7 scroll-fade-bottom-up visibility-hidden\">Za\u017eijte p\u0159esnost na nov\u00e9 \u00farovni. D\u00edky nejnov\u011bj\u0161\u00ed technologii a p\u0159esnosti v \u0159\u00e1du nanometr\u016f nab\u00edz\u00edme na\u0161im z\u00e1kazn\u00edk\u016fm p\u0159esn\u011b to, co pot\u0159ebuj\u00ed. A\u0165 u\u017e pokosov\u00e9 \u0159ezy, r\u016fzn\u00e9 p\u0159\u00ed\u0159ezy dodan\u00e9ho materi\u00e1lu nebo hotov\u00fdch d\u00edl\u016f. Zaru\u010den\u011b s p\u0159esnost\u00ed \u0159ez\u00e1n\u00ed a\u017e do +\/- 0,2 mm.<\/p>\n\n\n\n<div class=\"d-flex text-left scroll-fade-bottom-up visibility-hidden\">\n<div class=\"badge badge-rounded-circle badge-primary-soft mt-1 mr-4\">\n<i class=\"fe fe-check\"><\/i>\n<\/div><p class=\"text-primary\">a\u017e do pr\u016fm\u011bru 540 mm<\/p><\/div>\n\n<div class=\"d-flex text-left scroll-fade-bottom-up visibility-hidden\">\n<div class=\"badge badge-rounded-circle badge-primary-soft mt-1 mr-4\">\n<i class=\"fe fe-check\"><\/i>\n<\/div><p class=\"text-primary\">nejkrat\u0161\u00ed d\u00e9lka 5 mm<\/p><\/div>\n\n<div class=\"d-flex text-left scroll-fade-bottom-up visibility-hidden\">\n<div class=\"badge badge-rounded-circle badge-primary-soft mt-1 mr-4\">\n<i class=\"fe fe-check\"><\/i>\n<\/div><p class=\"text-primary\">p\u0159esnost \u0159ezu a\u017e do +\/- 0,2 mm<\/p><\/div>\n\n<div class=\"d-flex text-left scroll-fade-bottom-up visibility-hidden\">\n<div class=\"badge badge-rounded-circle badge-primary-soft mt-1 mr-4\">\n<i class=\"fe fe-check\"><\/i>\n<\/div><p class=\"text-primary\">pokosov\u00e9 \u0159ezy do 20\u00b0<\/p><\/div>\n\n<div class=\"d-flex text-left scroll-fade-bottom-up visibility-hidden\">\n<div class=\"badge badge-rounded-circle badge-primary-soft mt-1 mr-4\">\n<i class=\"fe fe-check\"><\/i>\n<\/div><p class=\"text-primary\">mo\u017enost odjehlen\u00ed<\/p><\/div>\n\n<div class=\"d-flex text-left scroll-fade-bottom-up visibility-hidden\">\n<div class=\"badge badge-rounded-circle badge-primary-soft mt-1 mr-4\">\n<i class=\"fe fe-check\"><\/i>\n<\/div><p class=\"text-primary\">\u0159ez\u00e1n\u00ed na zak\u00e1zku<\/p><\/div>\n\n<div class=\"d-flex text-left scroll-fade-bottom-up visibility-hidden\">\n<div class=\"badge badge-rounded-circle badge-primary-soft mt-1 mr-4\">\n<i class=\"fe fe-check\"><\/i>\n<\/div><p class=\"text-primary\">kr\u00e1tk\u00e9 dodac\u00ed lh\u016fty<\/p><\/div>\n\n\t<\/div>\n\n<\/div>\n\n<\/div>\n\n\n\n<\/section>\n\n\n\n<section class=\"py-8 py-md-11 px-lg-9 border-left border-right border-top border-right-lg-none bg-white\">\n\n\n<div class=\"wp-bootstrap-blocks-container container-fluid mb-0\">\n\t\n<div class=\"wp-bootstrap-blocks-row row mx-auto\">\n\t\n\n<div class=\"col-12 col-md-10\">\n\t\t\t\n\n<h2 class=\"text-secondary mb-7 scroll-fade-bottom-up visibility-hidden wp-block-heading\">M\u00e9dia<\/h2>\n\n\n\n<h3 class=\"mb-7 scroll-fade-bottom-up visibility-hidden wp-block-heading\">Kruhov\u00e9 pily<\/h3>\n\n\t<\/div>\n\n<\/div>\n\n\n<div class=\"wp-bootstrap-blocks-row row mx-auto\">\n\t\n\n<div class=\"col-12 col-lg-4 mb-6 text-left\">\n\t\t\t\n\n<figure class=\"wp-block-embed is-type-video is-provider-youtube wp-block-embed-youtube wp-embed-aspect-4-3 wp-has-aspect-ratio\"><div class=\"wp-block-embed__wrapper\">\n<iframe loading=\"lazy\" title=\"Kreiss\u00e4ge KAIMAN PIX 700 THETA bei Firma Blecha\" width=\"500\" height=\"375\" src=\"https:\/\/www.youtube.com\/embed\/Bu2gJgZqzlk?feature=oembed\" frameborder=\"0\" allow=\"accelerometer; autoplay; clipboard-write; encrypted-media; gyroscope; picture-in-picture; web-share\" referrerpolicy=\"strict-origin-when-cross-origin\" allowfullscreen><\/iframe>\n<\/div><\/figure>\n\n\n\n<h5 class=\"wp-block-heading\">KAIMAN PIX 700 THETA<\/h5>\n\n\n\n<p>Kotou\u010dov\u00e1 pila s elektronick\u00fdm um\u00edst\u011bn\u00edm svisl\u00e9 osy, \u0159e\u017ee trubky do pr\u016fm\u011bru 270 mm.<\/p>\n\n\t<\/div>\n\n\n\n<div class=\"col-12 col-lg-4 mb-6 text-left\">\n\t\t\t\n\n<figure class=\"wp-block-embed is-type-video is-provider-youtube wp-block-embed-youtube wp-embed-aspect-4-3 wp-has-aspect-ratio\"><div class=\"wp-block-embed__wrapper\">\n<iframe loading=\"lazy\" title=\"Kreiss\u00e4ge SPRING ECHO bei Firma Blecha\" width=\"500\" height=\"375\" src=\"https:\/\/www.youtube.com\/embed\/NP5dkrGFrC0?feature=oembed\" frameborder=\"0\" allow=\"accelerometer; autoplay; clipboard-write; encrypted-media; gyroscope; picture-in-picture; web-share\" referrerpolicy=\"strict-origin-when-cross-origin\" allowfullscreen><\/iframe>\n<\/div><\/figure>\n\n\n\n<h5 class=\"wp-block-heading\">SPRING ECHO<\/h5>\n\n\n\n<p>Kruhov\u00e1 pila s pneumaticky ovl\u00e1dan\u00fdm pokosem a horizont\u00e1ln\u00edm posuvem pilov\u00e9ho kotou\u010de, \u0159e\u017ee profily do pr\u016fm\u011bru 145 mm.<\/p>\n\n\t<\/div>\n\n\n\n<div class=\"col-12 col-lg-4 mb-6 text-left\">\n\t\t\t\n\n<figure class=\"wp-block-embed is-type-video is-provider-youtube wp-block-embed-youtube wp-embed-aspect-4-3 wp-has-aspect-ratio\"><div class=\"wp-block-embed__wrapper\">\n<iframe loading=\"lazy\" title=\"Kreiss\u00e4ge MIRAGE 600 bei Firma Blecha\" width=\"500\" height=\"375\" src=\"https:\/\/www.youtube.com\/embed\/rDxg8R-LxNs?feature=oembed\" frameborder=\"0\" allow=\"accelerometer; autoplay; clipboard-write; encrypted-media; gyroscope; picture-in-picture; web-share\" referrerpolicy=\"strict-origin-when-cross-origin\" allowfullscreen><\/iframe>\n<\/div><\/figure>\n\n\n\n<h5 class=\"wp-block-heading\">MIRAGE 600<\/h5>\n\n\n\n<p>Kruhov\u00e1 pila MIRAGE 600 se step-in pod\u00e1vac\u00edm z\u00e1sobn\u00edkem a odkl\u00e1dac\u00edm stolem, umo\u017e\u0148uje automatick\u00e9 \u0159ez\u00e1n\u00ed hromadn\u00fdch \u0159ez\u016f. Tato pila \u0159e\u017ee trubky do pr\u016fm\u011bru 215 mm a pln\u00e9 materi\u00e1ly do pr\u016fm\u011bru 80mm.<\/p>\n\n\t<\/div>\n\n\n\n<div class=\"col-12 col-lg-4 text-left\">\n\t\t\t\n\n<figure class=\"wp-block-embed is-type-video is-provider-youtube wp-block-embed-youtube wp-embed-aspect-16-9 wp-has-aspect-ratio\"><div class=\"wp-block-embed__wrapper\">\n<iframe loading=\"lazy\" title=\"Kreissaege Spring Theta A Firma Blecha\" width=\"500\" height=\"281\" src=\"https:\/\/www.youtube.com\/embed\/VfqVpOdTzLw?feature=oembed\" frameborder=\"0\" allow=\"accelerometer; autoplay; clipboard-write; encrypted-media; gyroscope; picture-in-picture; web-share\" referrerpolicy=\"strict-origin-when-cross-origin\" allowfullscreen><\/iframe>\n<\/div><\/figure>\n\n\n\n<h5 class=\"wp-block-heading\">SPRING THETA A<\/h5>\n\n\n\n<p>SPRING THETA A je pokosov\u00e1 kapovac\u00ed pila s horizont\u00e1ln\u00edm posuvem pilov\u00e9ho kotou\u010de a pr\u016fm\u011brem kotou\u010de 550 mm. \u0158e\u017ee profily do pr\u016fm\u011bru 210 mm a m\u00e1 elektronick\u00e9 nastaven\u00ed \u00fahlu \u0159ezu od 20\u00b0. Dos\u00e1hne p\u0159esnosti \u0159ez\u00e1n\u00ed a\u017e do +\/-0,5 mm.<\/p>\n\n\t<\/div>\n\n<\/div>\n\n\n<div class=\"wp-bootstrap-blocks-row row mx-auto\">\n\t\n\n<div class=\"col-12 col-md-10\">\n\t\t\t\n\n<h3 class=\"mt-7 mb-7 scroll-fade-bottom-up visibility-hidden wp-block-heading\">P\u00e1sov\u00e9 pily<\/h3>\n\n\t<\/div>\n\n<\/div>\n\n\n<div class=\"wp-bootstrap-blocks-row row mx-auto\">\n\t\n\n<div class=\"col-12 col-lg-4 mb-6 mb-lg-0 text-left\">\n\t\t\t\n\n<figure class=\"wp-block-embed is-type-video is-provider-youtube wp-block-embed-youtube wp-embed-aspect-4-3 wp-has-aspect-ratio\"><div class=\"wp-block-embed__wrapper\">\n<iframe loading=\"lazy\" title=\"Bands\u00e4ge BEHRINGER HBM540 ALU bei Firma Blecha\" width=\"500\" height=\"375\" src=\"https:\/\/www.youtube.com\/embed\/xnLM0N5sv8Q?feature=oembed\" frameborder=\"0\" allow=\"accelerometer; autoplay; clipboard-write; encrypted-media; gyroscope; picture-in-picture; web-share\" referrerpolicy=\"strict-origin-when-cross-origin\" allowfullscreen><\/iframe>\n<\/div><\/figure>\n\n\n\n<h5 class=\"wp-block-heading\">BEHRINGER HBM540 ALU<\/h5>\n\n\n\n<p>Tato automatick\u00e1, pln\u011b hydraulick\u00e1 vysokov\u00fdkonostn\u00ed p\u00e1sov\u00e1 pila \u0159e\u017ee kruhov\u00e9 ty\u010de do pr\u016fm\u011bru 540 mm &amp; ploch\u00e9 ty\u010de do rozm\u011bru 630&#215;540 mm. Minim\u00e1ln\u00ed s\u00edla st\u011bny u dut\u00fdch profil\u016f je 5 mm jinak hroz\u00ed deformace profilu.<\/p>\n\n\t<\/div>\n\n\n\n<div class=\"col-12 col-lg-4 mb-6 mb-lg-0 text-left\">\n\t\t\t\n\n<figure class=\"wp-block-embed is-type-video is-provider-youtube wp-block-embed-youtube wp-embed-aspect-16-9 wp-has-aspect-ratio\"><div class=\"wp-block-embed__wrapper\">\n<iframe loading=\"lazy\" title=\"Bandsaege Behringer Firma Blecha\" width=\"500\" height=\"281\" src=\"https:\/\/www.youtube.com\/embed\/GQO1aMU6n_4?feature=oembed\" frameborder=\"0\" allow=\"accelerometer; autoplay; clipboard-write; encrypted-media; gyroscope; picture-in-picture; web-share\" referrerpolicy=\"strict-origin-when-cross-origin\" allowfullscreen><\/iframe>\n<\/div><\/figure>\n\n\n\n<h5 class=\"wp-block-heading\">P\u00c1SOV\u00c1 PILA BEHRINGER V PROVOZU<\/h5>\n\n\t<\/div>\n\n<\/div>\n\n<\/div>\n\n\n\n<\/section>\n","protected":false},"excerpt":{"rendered":"","protected":false},"author":2,"featured_media":5471,"parent":4572,"menu_order":0,"comment_status":"closed","ping_status":"closed","template":"page-leistungen.php","meta":{"_acf_changed":false,"footnotes":""},"class_list":["post-5469","page","type-page","status-publish","has-post-thumbnail","hentry"],"acf":[],"yoast_head":"<!-- This site is optimized with the Yoast SEO plugin v27.3 - https:\/\/yoast.com\/product\/yoast-seo-wordpress\/ -->\n<title>Vysoce p\u0159esn\u00e9 \u0159ezy | BLECHA<\/title>\n<meta name=\"description\" content=\"P\u0159esnost bez kompromis\u016f.A\u0165 u\u017e pokosov\u00e9 \u0159ezy, r\u016fzn\u00e9 p\u0159\u00ed\u0159ezy dodan\u00e9ho materi\u00e1lu nebo hotov\u00fdch d\u00edl\u016f. Zaru\u010den\u011b s p\u0159esnost\u00ed \u0159ez\u00e1n\u00ed a\u017e do +\/- 0,2 mm.\" \/>\n<meta name=\"robots\" content=\"index, follow, max-snippet:-1, max-image-preview:large, max-video-preview:-1\" \/>\n<link rel=\"canonical\" href=\"https:\/\/www.blecha.at\/cs\/sluzby\/prirezy\/\" \/>\n<meta property=\"og:locale\" content=\"cs_CZ\" \/>\n<meta property=\"og:type\" content=\"article\" \/>\n<meta property=\"og:title\" content=\"Vysoce p\u0159esn\u00e9 \u0159ezy | BLECHA\" \/>\n<meta property=\"og:description\" content=\"P\u0159esnost bez kompromis\u016f.A\u0165 u\u017e pokosov\u00e9 \u0159ezy, r\u016fzn\u00e9 p\u0159\u00ed\u0159ezy dodan\u00e9ho materi\u00e1lu nebo hotov\u00fdch d\u00edl\u016f. Zaru\u010den\u011b s p\u0159esnost\u00ed \u0159ez\u00e1n\u00ed a\u017e do +\/- 0,2 mm.\" \/>\n<meta property=\"og:url\" content=\"https:\/\/www.blecha.at\/cs\/sluzby\/prirezy\/\" \/>\n<meta property=\"og:site_name\" content=\"BLECHA\" \/>\n<meta property=\"article:modified_time\" content=\"2021-10-04T07:10:06+00:00\" \/>\n<meta property=\"og:image\" content=\"https:\/\/www.blecha.at\/wp-content\/uploads\/2021\/03\/blecha-zuschnitte-1-thumbnail.jpg\" \/>\n\t<meta property=\"og:image:width\" content=\"1600\" \/>\n\t<meta property=\"og:image:height\" content=\"1600\" \/>\n\t<meta property=\"og:image:type\" content=\"image\/jpeg\" \/>\n<meta name=\"twitter:card\" content=\"summary_large_image\" \/>\n<meta name=\"twitter:label1\" content=\"Odhadovan\u00e1 doba \u010dten\u00ed\" \/>\n\t<meta name=\"twitter:data1\" content=\"2 minuty\" \/>\n<script type=\"application\/ld+json\" class=\"yoast-schema-graph\">{\"@context\":\"https:\\\/\\\/schema.org\",\"@graph\":[{\"@type\":\"WebPage\",\"@id\":\"https:\\\/\\\/www.blecha.at\\\/cs\\\/sluzby\\\/prirezy\\\/\",\"url\":\"https:\\\/\\\/www.blecha.at\\\/cs\\\/sluzby\\\/prirezy\\\/\",\"name\":\"Vysoce p\u0159esn\u00e9 \u0159ezy | BLECHA\",\"isPartOf\":{\"@id\":\"https:\\\/\\\/www.blecha.at\\\/#website\"},\"primaryImageOfPage\":{\"@id\":\"https:\\\/\\\/www.blecha.at\\\/cs\\\/sluzby\\\/prirezy\\\/#primaryimage\"},\"image\":{\"@id\":\"https:\\\/\\\/www.blecha.at\\\/cs\\\/sluzby\\\/prirezy\\\/#primaryimage\"},\"thumbnailUrl\":\"https:\\\/\\\/www.blecha.at\\\/wp-content\\\/uploads\\\/2021\\\/03\\\/blecha-zuschnitte-1-thumbnail.jpg\",\"datePublished\":\"2021-02-16T16:48:58+00:00\",\"dateModified\":\"2021-10-04T07:10:06+00:00\",\"description\":\"P\u0159esnost bez kompromis\u016f.A\u0165 u\u017e pokosov\u00e9 \u0159ezy, r\u016fzn\u00e9 p\u0159\u00ed\u0159ezy dodan\u00e9ho materi\u00e1lu nebo hotov\u00fdch d\u00edl\u016f. Zaru\u010den\u011b s p\u0159esnost\u00ed \u0159ez\u00e1n\u00ed a\u017e do +\\\/- 0,2 mm.\",\"breadcrumb\":{\"@id\":\"https:\\\/\\\/www.blecha.at\\\/cs\\\/sluzby\\\/prirezy\\\/#breadcrumb\"},\"inLanguage\":\"cs\",\"potentialAction\":[{\"@type\":\"ReadAction\",\"target\":[\"https:\\\/\\\/www.blecha.at\\\/cs\\\/sluzby\\\/prirezy\\\/\"]}]},{\"@type\":\"ImageObject\",\"inLanguage\":\"cs\",\"@id\":\"https:\\\/\\\/www.blecha.at\\\/cs\\\/sluzby\\\/prirezy\\\/#primaryimage\",\"url\":\"https:\\\/\\\/www.blecha.at\\\/wp-content\\\/uploads\\\/2021\\\/03\\\/blecha-zuschnitte-1-thumbnail.jpg\",\"contentUrl\":\"https:\\\/\\\/www.blecha.at\\\/wp-content\\\/uploads\\\/2021\\\/03\\\/blecha-zuschnitte-1-thumbnail.jpg\",\"width\":1600,\"height\":1600},{\"@type\":\"BreadcrumbList\",\"@id\":\"https:\\\/\\\/www.blecha.at\\\/cs\\\/sluzby\\\/prirezy\\\/#breadcrumb\",\"itemListElement\":[{\"@type\":\"ListItem\",\"position\":1,\"name\":\"Home\",\"item\":\"https:\\\/\\\/www.blecha.at\\\/cs\\\/\"},{\"@type\":\"ListItem\",\"position\":2,\"name\":\"Slu\u017eby\",\"item\":\"https:\\\/\\\/www.blecha.at\\\/cs\\\/sluzby\\\/\"},{\"@type\":\"ListItem\",\"position\":3,\"name\":\"Zuschnitte\"}]},{\"@type\":\"WebSite\",\"@id\":\"https:\\\/\\\/www.blecha.at\\\/#website\",\"url\":\"https:\\\/\\\/www.blecha.at\\\/\",\"name\":\"BLECHA\",\"description\":\"Eine weitere WordPress-Website\",\"potentialAction\":[{\"@type\":\"SearchAction\",\"target\":{\"@type\":\"EntryPoint\",\"urlTemplate\":\"https:\\\/\\\/www.blecha.at\\\/?s={search_term_string}\"},\"query-input\":{\"@type\":\"PropertyValueSpecification\",\"valueRequired\":true,\"valueName\":\"search_term_string\"}}],\"inLanguage\":\"cs\"}]}<\/script>\n<!-- \/ Yoast SEO plugin. -->","yoast_head_json":{"title":"Vysoce p\u0159esn\u00e9 \u0159ezy | BLECHA","description":"P\u0159esnost bez kompromis\u016f.A\u0165 u\u017e pokosov\u00e9 \u0159ezy, r\u016fzn\u00e9 p\u0159\u00ed\u0159ezy dodan\u00e9ho materi\u00e1lu nebo hotov\u00fdch d\u00edl\u016f. Zaru\u010den\u011b s p\u0159esnost\u00ed \u0159ez\u00e1n\u00ed a\u017e do +\/- 0,2 mm.","robots":{"index":"index","follow":"follow","max-snippet":"max-snippet:-1","max-image-preview":"max-image-preview:large","max-video-preview":"max-video-preview:-1"},"canonical":"https:\/\/www.blecha.at\/cs\/sluzby\/prirezy\/","og_locale":"cs_CZ","og_type":"article","og_title":"Vysoce p\u0159esn\u00e9 \u0159ezy | BLECHA","og_description":"P\u0159esnost bez kompromis\u016f.A\u0165 u\u017e pokosov\u00e9 \u0159ezy, r\u016fzn\u00e9 p\u0159\u00ed\u0159ezy dodan\u00e9ho materi\u00e1lu nebo hotov\u00fdch d\u00edl\u016f. Zaru\u010den\u011b s p\u0159esnost\u00ed \u0159ez\u00e1n\u00ed a\u017e do +\/- 0,2 mm.","og_url":"https:\/\/www.blecha.at\/cs\/sluzby\/prirezy\/","og_site_name":"BLECHA","article_modified_time":"2021-10-04T07:10:06+00:00","og_image":[{"width":1600,"height":1600,"url":"https:\/\/www.blecha.at\/wp-content\/uploads\/2021\/03\/blecha-zuschnitte-1-thumbnail.jpg","type":"image\/jpeg"}],"twitter_card":"summary_large_image","twitter_misc":{"Odhadovan\u00e1 doba \u010dten\u00ed":"2 minuty"},"schema":{"@context":"https:\/\/schema.org","@graph":[{"@type":"WebPage","@id":"https:\/\/www.blecha.at\/cs\/sluzby\/prirezy\/","url":"https:\/\/www.blecha.at\/cs\/sluzby\/prirezy\/","name":"Vysoce p\u0159esn\u00e9 \u0159ezy | BLECHA","isPartOf":{"@id":"https:\/\/www.blecha.at\/#website"},"primaryImageOfPage":{"@id":"https:\/\/www.blecha.at\/cs\/sluzby\/prirezy\/#primaryimage"},"image":{"@id":"https:\/\/www.blecha.at\/cs\/sluzby\/prirezy\/#primaryimage"},"thumbnailUrl":"https:\/\/www.blecha.at\/wp-content\/uploads\/2021\/03\/blecha-zuschnitte-1-thumbnail.jpg","datePublished":"2021-02-16T16:48:58+00:00","dateModified":"2021-10-04T07:10:06+00:00","description":"P\u0159esnost bez kompromis\u016f.A\u0165 u\u017e pokosov\u00e9 \u0159ezy, r\u016fzn\u00e9 p\u0159\u00ed\u0159ezy dodan\u00e9ho materi\u00e1lu nebo hotov\u00fdch d\u00edl\u016f. Zaru\u010den\u011b s p\u0159esnost\u00ed \u0159ez\u00e1n\u00ed a\u017e do +\/- 0,2 mm.","breadcrumb":{"@id":"https:\/\/www.blecha.at\/cs\/sluzby\/prirezy\/#breadcrumb"},"inLanguage":"cs","potentialAction":[{"@type":"ReadAction","target":["https:\/\/www.blecha.at\/cs\/sluzby\/prirezy\/"]}]},{"@type":"ImageObject","inLanguage":"cs","@id":"https:\/\/www.blecha.at\/cs\/sluzby\/prirezy\/#primaryimage","url":"https:\/\/www.blecha.at\/wp-content\/uploads\/2021\/03\/blecha-zuschnitte-1-thumbnail.jpg","contentUrl":"https:\/\/www.blecha.at\/wp-content\/uploads\/2021\/03\/blecha-zuschnitte-1-thumbnail.jpg","width":1600,"height":1600},{"@type":"BreadcrumbList","@id":"https:\/\/www.blecha.at\/cs\/sluzby\/prirezy\/#breadcrumb","itemListElement":[{"@type":"ListItem","position":1,"name":"Home","item":"https:\/\/www.blecha.at\/cs\/"},{"@type":"ListItem","position":2,"name":"Slu\u017eby","item":"https:\/\/www.blecha.at\/cs\/sluzby\/"},{"@type":"ListItem","position":3,"name":"Zuschnitte"}]},{"@type":"WebSite","@id":"https:\/\/www.blecha.at\/#website","url":"https:\/\/www.blecha.at\/","name":"BLECHA","description":"Eine weitere WordPress-Website","potentialAction":[{"@type":"SearchAction","target":{"@type":"EntryPoint","urlTemplate":"https:\/\/www.blecha.at\/?s={search_term_string}"},"query-input":{"@type":"PropertyValueSpecification","valueRequired":true,"valueName":"search_term_string"}}],"inLanguage":"cs"}]}},"_links":{"self":[{"href":"https:\/\/www.blecha.at\/cs\/wp-json\/wp\/v2\/pages\/5469","targetHints":{"allow":["GET"]}}],"collection":[{"href":"https:\/\/www.blecha.at\/cs\/wp-json\/wp\/v2\/pages"}],"about":[{"href":"https:\/\/www.blecha.at\/cs\/wp-json\/wp\/v2\/types\/page"}],"author":[{"embeddable":true,"href":"https:\/\/www.blecha.at\/cs\/wp-json\/wp\/v2\/users\/2"}],"replies":[{"embeddable":true,"href":"https:\/\/www.blecha.at\/cs\/wp-json\/wp\/v2\/comments?post=5469"}],"version-history":[{"count":2,"href":"https:\/\/www.blecha.at\/cs\/wp-json\/wp\/v2\/pages\/5469\/revisions"}],"predecessor-version":[{"id":5474,"href":"https:\/\/www.blecha.at\/cs\/wp-json\/wp\/v2\/pages\/5469\/revisions\/5474"}],"up":[{"embeddable":true,"href":"https:\/\/www.blecha.at\/cs\/wp-json\/wp\/v2\/pages\/4572"}],"wp:featuredmedia":[{"embeddable":true,"href":"https:\/\/www.blecha.at\/cs\/wp-json\/wp\/v2\/media\/5471"}],"wp:attachment":[{"href":"https:\/\/www.blecha.at\/cs\/wp-json\/wp\/v2\/media?parent=5469"}],"curies":[{"name":"wp","href":"https:\/\/api.w.org\/{rel}","templated":true}]}}