{"id":5553,"date":"2021-01-22T23:18:28","date_gmt":"2021-01-22T22:18:28","guid":{"rendered":"https:\/\/www.blecha.at\/produkty\/bleche-und-platten\/"},"modified":"2022-02-22T13:49:57","modified_gmt":"2022-02-22T12:49:57","slug":"plechy-a-desky","status":"publish","type":"page","link":"https:\/\/www.blecha.at\/cs\/produkty\/plechy-a-desky\/","title":{"rendered":"Plechy a desky"},"content":{"rendered":"\n<section id=\"sectionTwo\" class=\"mt-lg-n11 py-8 py-md-11 px-lg-9 border-left border-right border-right-lg-none bg-white\">\n\n\n<div class=\"wp-bootstrap-blocks-container container-fluid mb-0\">\n\t\n<div class=\"wp-bootstrap-blocks-row row\">\n\t\n\n<div class=\"col-12 col-md-10\">\n\t\t\t\n\n<h2 class=\"text-secondary scroll-fade-bottom-up visibility-hidden wp-block-heading\" id=\"odolne-hlinikove-plechy-desky-a-cisty-hlinik-lakovane-eloxovane-nebo-derovane\">Odoln\u00e9 hlin\u00edkov\u00e9 plechy, <br>desky a \u010dist\u00fd hlin\u00edk. <br>Lakovan\u00e9, eloxovan\u00e9 nebo d\u011brovan\u00e9.<\/h2>\n\n\n\n<p>Najd\u011bte spr\u00e1vn\u00fd hlin\u00edkov\u00fd plech. Vedeme \u0161irok\u00fd sortiment hlin\u00edkov\u00fdch plech\u016f. Hlin\u00edkov\u00e9 plechy a desky, hladk\u00e9 plechy, protiskluzov\u00e9 plechy (slzi\u010dkov\u00e9), plechy z \u010dist\u00e9ho hlin\u00edku nebo slitiny hlin\u00edku a ho\u0159\u010d\u00edku, eloxovan\u00e9 a lakovan\u00e9 plechy, d\u011brovan\u00e9 plechy (\u010dtvercov\u00e9 a kruhov\u00e9 d\u011brov\u00e1n\u00ed), ve form\u00e1tech 2000 x 1000 mm, 2500 x 1250 mm, 3000 x 1500 mm a 4000 x 2000 mm &#8211; zeptejte se na\u0161ich poradc\u016f, zaru\u010den\u011b najdeme spr\u00e1vn\u00e9 \u0159e\u0161en\u00ed. Objednejte si profily i plechy a t\u00edm obdr\u017e\u00edte kompletn\u00ed materi\u00e1l v jedn\u00e9 dod\u00e1vce.<\/p>\n\n\t<\/div>\n\n<\/div>\n\n<\/div>\n\n\n\n<\/section>\n\n\n\n<section data-jarallax=\"\" data-speed=\".8\" class=\"py-12 py-md-13 overlay overlay-black overlay-40 bg-cover jarallax\" style=\"background-image: url(\/wp-content\/uploads\/2021\/01\/blecha-aluminium-profile.jpg);\">\n  <div class=\"container\">\n    <div class=\"row mx-auto\">\n      <div class=\"col-12 col-md-10\">\n        <!-- Blockquote -->\n        <blockquote class=\"blockquote mb-0\"> \n          \n          <!-- Text -->\n          <p class=\"h2 text-white text-left font-regular scroll-fade-bottom-up visibility-hidden\">U Blechy si ur\u010dit\u011b vyberete. Prohl\u00e9dn\u011bte si n\u00e1\u0161 sortiment a najd\u011bte po\u017eadovan\u00e9 plechy a desky.<\/p>\n\n\n<div class=\"wp-bootstrap-blocks-button\">\n\t<a\n\t\thref=\"https:\/\/www.aluprofil.at\/cs\/plechy\/plechy-a-desky\/\"\n\t\t\t\t\t\tclass=\"btn mt-4 scroll-fade-bottom-up visibility-hidden btn-secondary\"\n\t>\n\t\tk sortimentu\t<\/a>\n<\/div>\n\n\n\n<\/blockquote>\n      <\/div>\n    <\/div>\n  <\/div>\n<\/section>\n","protected":false},"excerpt":{"rendered":"U Blechy si ur\u010dit\u011b vyberete. Prohl\u00e9dn\u011bte si n\u00e1\u0161 sortiment a najd\u011bte po\u017eadovan\u00e9 plechy a desky.","protected":false},"author":2,"featured_media":5555,"parent":5404,"menu_order":0,"comment_status":"closed","ping_status":"closed","template":"page-produkte.php","meta":{"_acf_changed":false,"footnotes":""},"class_list":["post-5553","page","type-page","status-publish","has-post-thumbnail","hentry"],"acf":[],"yoast_head":"<!-- This site is optimized with the Yoast SEO plugin v27.3 - https:\/\/yoast.com\/product\/yoast-seo-wordpress\/ -->\n<title>Plechy a desky | BLECHA<\/title>\n<meta name=\"description\" content=\"Odoln\u00e9 hlin\u00edkov\u00e9 plechy, desky a \u010dist\u00fd hlin\u00edk v r\u016fzn\u00fdch proveden\u00edch. Lakovan\u00e9, eloxovan\u00e9 nebo d\u011brovan\u00e9.\" \/>\n<meta name=\"robots\" content=\"index, follow, max-snippet:-1, max-image-preview:large, max-video-preview:-1\" \/>\n<link rel=\"canonical\" href=\"https:\/\/www.blecha.at\/cs\/produkty\/plechy-a-desky\/\" \/>\n<meta property=\"og:locale\" content=\"cs_CZ\" \/>\n<meta property=\"og:type\" content=\"article\" \/>\n<meta property=\"og:title\" content=\"Plechy a desky | BLECHA\" \/>\n<meta property=\"og:description\" content=\"Odoln\u00e9 hlin\u00edkov\u00e9 plechy, desky a \u010dist\u00fd hlin\u00edk v r\u016fzn\u00fdch proveden\u00edch. Lakovan\u00e9, eloxovan\u00e9 nebo d\u011brovan\u00e9.\" \/>\n<meta property=\"og:url\" content=\"https:\/\/www.blecha.at\/cs\/produkty\/plechy-a-desky\/\" \/>\n<meta property=\"og:site_name\" content=\"BLECHA\" \/>\n<meta property=\"article:modified_time\" content=\"2022-02-22T12:49:57+00:00\" \/>\n<meta property=\"og:image\" content=\"https:\/\/www.blecha.at\/wp-content\/uploads\/2021\/03\/blecha-bleche-und-platten-1-thumbnail.jpg\" \/>\n\t<meta property=\"og:image:width\" content=\"1600\" \/>\n\t<meta property=\"og:image:height\" content=\"1600\" \/>\n\t<meta property=\"og:image:type\" content=\"image\/jpeg\" \/>\n<meta name=\"twitter:card\" content=\"summary_large_image\" \/>\n<meta name=\"twitter:label1\" content=\"Odhadovan\u00e1 doba \u010dten\u00ed\" \/>\n\t<meta name=\"twitter:data1\" content=\"1 minuta\" \/>\n<script type=\"application\/ld+json\" class=\"yoast-schema-graph\">{\"@context\":\"https:\\\/\\\/schema.org\",\"@graph\":[{\"@type\":\"WebPage\",\"@id\":\"https:\\\/\\\/www.blecha.at\\\/cs\\\/produkty\\\/plechy-a-desky\\\/\",\"url\":\"https:\\\/\\\/www.blecha.at\\\/cs\\\/produkty\\\/plechy-a-desky\\\/\",\"name\":\"Plechy a desky | BLECHA\",\"isPartOf\":{\"@id\":\"https:\\\/\\\/www.blecha.at\\\/#website\"},\"primaryImageOfPage\":{\"@id\":\"https:\\\/\\\/www.blecha.at\\\/cs\\\/produkty\\\/plechy-a-desky\\\/#primaryimage\"},\"image\":{\"@id\":\"https:\\\/\\\/www.blecha.at\\\/cs\\\/produkty\\\/plechy-a-desky\\\/#primaryimage\"},\"thumbnailUrl\":\"https:\\\/\\\/www.blecha.at\\\/wp-content\\\/uploads\\\/2021\\\/03\\\/blecha-bleche-und-platten-1-thumbnail.jpg\",\"datePublished\":\"2021-01-22T22:18:28+00:00\",\"dateModified\":\"2022-02-22T12:49:57+00:00\",\"description\":\"Odoln\u00e9 hlin\u00edkov\u00e9 plechy, desky a \u010dist\u00fd hlin\u00edk v r\u016fzn\u00fdch proveden\u00edch. Lakovan\u00e9, eloxovan\u00e9 nebo d\u011brovan\u00e9.\",\"breadcrumb\":{\"@id\":\"https:\\\/\\\/www.blecha.at\\\/cs\\\/produkty\\\/plechy-a-desky\\\/#breadcrumb\"},\"inLanguage\":\"cs\",\"potentialAction\":[{\"@type\":\"ReadAction\",\"target\":[\"https:\\\/\\\/www.blecha.at\\\/cs\\\/produkty\\\/plechy-a-desky\\\/\"]}]},{\"@type\":\"ImageObject\",\"inLanguage\":\"cs\",\"@id\":\"https:\\\/\\\/www.blecha.at\\\/cs\\\/produkty\\\/plechy-a-desky\\\/#primaryimage\",\"url\":\"https:\\\/\\\/www.blecha.at\\\/wp-content\\\/uploads\\\/2021\\\/03\\\/blecha-bleche-und-platten-1-thumbnail.jpg\",\"contentUrl\":\"https:\\\/\\\/www.blecha.at\\\/wp-content\\\/uploads\\\/2021\\\/03\\\/blecha-bleche-und-platten-1-thumbnail.jpg\",\"width\":1600,\"height\":1600},{\"@type\":\"BreadcrumbList\",\"@id\":\"https:\\\/\\\/www.blecha.at\\\/cs\\\/produkty\\\/plechy-a-desky\\\/#breadcrumb\",\"itemListElement\":[{\"@type\":\"ListItem\",\"position\":1,\"name\":\"Home\",\"item\":\"https:\\\/\\\/www.blecha.at\\\/cs\\\/\"},{\"@type\":\"ListItem\",\"position\":2,\"name\":\"Produkty\",\"item\":\"https:\\\/\\\/www.blecha.at\\\/cs\\\/produkty\\\/\"},{\"@type\":\"ListItem\",\"position\":3,\"name\":\"Plechy a desky\"}]},{\"@type\":\"WebSite\",\"@id\":\"https:\\\/\\\/www.blecha.at\\\/#website\",\"url\":\"https:\\\/\\\/www.blecha.at\\\/\",\"name\":\"BLECHA\",\"description\":\"Eine weitere WordPress-Website\",\"potentialAction\":[{\"@type\":\"SearchAction\",\"target\":{\"@type\":\"EntryPoint\",\"urlTemplate\":\"https:\\\/\\\/www.blecha.at\\\/?s={search_term_string}\"},\"query-input\":{\"@type\":\"PropertyValueSpecification\",\"valueRequired\":true,\"valueName\":\"search_term_string\"}}],\"inLanguage\":\"cs\"}]}<\/script>\n<!-- \/ Yoast SEO plugin. -->","yoast_head_json":{"title":"Plechy a desky | BLECHA","description":"Odoln\u00e9 hlin\u00edkov\u00e9 plechy, desky a \u010dist\u00fd hlin\u00edk v r\u016fzn\u00fdch proveden\u00edch. Lakovan\u00e9, eloxovan\u00e9 nebo d\u011brovan\u00e9.","robots":{"index":"index","follow":"follow","max-snippet":"max-snippet:-1","max-image-preview":"max-image-preview:large","max-video-preview":"max-video-preview:-1"},"canonical":"https:\/\/www.blecha.at\/cs\/produkty\/plechy-a-desky\/","og_locale":"cs_CZ","og_type":"article","og_title":"Plechy a desky | BLECHA","og_description":"Odoln\u00e9 hlin\u00edkov\u00e9 plechy, desky a \u010dist\u00fd hlin\u00edk v r\u016fzn\u00fdch proveden\u00edch. Lakovan\u00e9, eloxovan\u00e9 nebo d\u011brovan\u00e9.","og_url":"https:\/\/www.blecha.at\/cs\/produkty\/plechy-a-desky\/","og_site_name":"BLECHA","article_modified_time":"2022-02-22T12:49:57+00:00","og_image":[{"width":1600,"height":1600,"url":"https:\/\/www.blecha.at\/wp-content\/uploads\/2021\/03\/blecha-bleche-und-platten-1-thumbnail.jpg","type":"image\/jpeg"}],"twitter_card":"summary_large_image","twitter_misc":{"Odhadovan\u00e1 doba \u010dten\u00ed":"1 minuta"},"schema":{"@context":"https:\/\/schema.org","@graph":[{"@type":"WebPage","@id":"https:\/\/www.blecha.at\/cs\/produkty\/plechy-a-desky\/","url":"https:\/\/www.blecha.at\/cs\/produkty\/plechy-a-desky\/","name":"Plechy a desky | BLECHA","isPartOf":{"@id":"https:\/\/www.blecha.at\/#website"},"primaryImageOfPage":{"@id":"https:\/\/www.blecha.at\/cs\/produkty\/plechy-a-desky\/#primaryimage"},"image":{"@id":"https:\/\/www.blecha.at\/cs\/produkty\/plechy-a-desky\/#primaryimage"},"thumbnailUrl":"https:\/\/www.blecha.at\/wp-content\/uploads\/2021\/03\/blecha-bleche-und-platten-1-thumbnail.jpg","datePublished":"2021-01-22T22:18:28+00:00","dateModified":"2022-02-22T12:49:57+00:00","description":"Odoln\u00e9 hlin\u00edkov\u00e9 plechy, desky a \u010dist\u00fd hlin\u00edk v r\u016fzn\u00fdch proveden\u00edch. Lakovan\u00e9, eloxovan\u00e9 nebo d\u011brovan\u00e9.","breadcrumb":{"@id":"https:\/\/www.blecha.at\/cs\/produkty\/plechy-a-desky\/#breadcrumb"},"inLanguage":"cs","potentialAction":[{"@type":"ReadAction","target":["https:\/\/www.blecha.at\/cs\/produkty\/plechy-a-desky\/"]}]},{"@type":"ImageObject","inLanguage":"cs","@id":"https:\/\/www.blecha.at\/cs\/produkty\/plechy-a-desky\/#primaryimage","url":"https:\/\/www.blecha.at\/wp-content\/uploads\/2021\/03\/blecha-bleche-und-platten-1-thumbnail.jpg","contentUrl":"https:\/\/www.blecha.at\/wp-content\/uploads\/2021\/03\/blecha-bleche-und-platten-1-thumbnail.jpg","width":1600,"height":1600},{"@type":"BreadcrumbList","@id":"https:\/\/www.blecha.at\/cs\/produkty\/plechy-a-desky\/#breadcrumb","itemListElement":[{"@type":"ListItem","position":1,"name":"Home","item":"https:\/\/www.blecha.at\/cs\/"},{"@type":"ListItem","position":2,"name":"Produkty","item":"https:\/\/www.blecha.at\/cs\/produkty\/"},{"@type":"ListItem","position":3,"name":"Plechy a desky"}]},{"@type":"WebSite","@id":"https:\/\/www.blecha.at\/#website","url":"https:\/\/www.blecha.at\/","name":"BLECHA","description":"Eine weitere WordPress-Website","potentialAction":[{"@type":"SearchAction","target":{"@type":"EntryPoint","urlTemplate":"https:\/\/www.blecha.at\/?s={search_term_string}"},"query-input":{"@type":"PropertyValueSpecification","valueRequired":true,"valueName":"search_term_string"}}],"inLanguage":"cs"}]}},"_links":{"self":[{"href":"https:\/\/www.blecha.at\/cs\/wp-json\/wp\/v2\/pages\/5553","targetHints":{"allow":["GET"]}}],"collection":[{"href":"https:\/\/www.blecha.at\/cs\/wp-json\/wp\/v2\/pages"}],"about":[{"href":"https:\/\/www.blecha.at\/cs\/wp-json\/wp\/v2\/types\/page"}],"author":[{"embeddable":true,"href":"https:\/\/www.blecha.at\/cs\/wp-json\/wp\/v2\/users\/2"}],"replies":[{"embeddable":true,"href":"https:\/\/www.blecha.at\/cs\/wp-json\/wp\/v2\/comments?post=5553"}],"version-history":[{"count":6,"href":"https:\/\/www.blecha.at\/cs\/wp-json\/wp\/v2\/pages\/5553\/revisions"}],"predecessor-version":[{"id":14391,"href":"https:\/\/www.blecha.at\/cs\/wp-json\/wp\/v2\/pages\/5553\/revisions\/14391"}],"up":[{"embeddable":true,"href":"https:\/\/www.blecha.at\/cs\/wp-json\/wp\/v2\/pages\/5404"}],"wp:featuredmedia":[{"embeddable":true,"href":"https:\/\/www.blecha.at\/cs\/wp-json\/wp\/v2\/media\/5555"}],"wp:attachment":[{"href":"https:\/\/www.blecha.at\/cs\/wp-json\/wp\/v2\/media?parent=5553"}],"curies":[{"name":"wp","href":"https:\/\/api.w.org\/{rel}","templated":true}]}}