{"id":6109,"date":"2021-01-22T22:11:16","date_gmt":"2021-01-22T21:11:16","guid":{"rendered":"https:\/\/www.blecha.at\/produkty\/standardprofile\/"},"modified":"2024-06-27T21:27:48","modified_gmt":"2024-06-27T19:27:48","slug":"standardni-profily","status":"publish","type":"page","link":"https:\/\/www.blecha.at\/cs\/produkty\/standardni-profily\/","title":{"rendered":"Standardn\u00ed profily"},"content":{"rendered":"\n<section id=\"sectionTwo\" class=\"mt-lg-n11 py-8 py-md-11 px-lg-9 border-left border-right border-right-lg-none bg-white\">\n\n\n<div class=\"wp-bootstrap-blocks-container container-fluid mb-0\">\n\t\n<div class=\"wp-bootstrap-blocks-row row mx-auto\">\n\t\n\n<div class=\"col-12 col-md-10\">\n\t\t\t\n\n<h2 class=\"wp-block-heading text-secondary scroll-fade-bottom-up visibility-hidden\" id=\"standardni-profily-kruhove-a-ovalne-trubky-z-a-u-profily-specialni-profily\">Standardn\u00ed profily,<br>kruhov\u00e9 a ov\u00e1ln\u00e9 trubky, Z- a U-profily, speci\u00e1ln\u00ed profily.<\/h2>\n\n\n\n<h3 class=\"wp-block-heading scroll-fade-bottom-up visibility-hidden\" id=\"hlinikove-standardni-profily-a-specialni-profily\">Hlin\u00edkov\u00e9 standardn\u00ed profily a speci\u00e1ln\u00ed profily<\/h3>\n\n\n\n<p class=\"scroll-fade-bottom-up visibility-hidden\">Dod\u00e1v\u00e1me standardn\u00ed hlin\u00edkov\u00e9 profily (profily FLUTZ) ve slitin\u011b EN-AW 6060. Vyberte si z mnoha rozm\u011br\u016f trubek, \u00faheln\u00edk\u016f, U profil\u016f, T profil\u016f, Z profil\u016f, jekl\u016f (\u010dtvercov\u00fdch, s p\u0159\u00ed\u010dkou a \/ nebo s r\u00e1diusem), troj\u00faheln\u00edkov\u00fdch a ov\u00e1ln\u00fdch trubek, C- profil\u016f, H profil\u016f nebo I nosn\u00edk\u016f s rychl\u00fdm dod\u00e1n\u00edm d\u00edky na\u0161emu skladu. Jsme pro V\u00e1s tak\u00e9 t\u00edm spr\u00e1vn\u00fdm partnerem pro speci\u00e1ln\u00ed profily pro stavbu letadel, stavbu reklamn\u00edch displej\u016f, fotovoltaiku, ochranu proti hmyzu, stavbu voli\u00e9r a mnoho dal\u0161\u00edho.<\/p>\n\n\n\n<p class=\"scroll-fade-bottom-up visibility-hidden\">Nab\u00edz\u00edme trubky, profily a ty\u010de v \u0161irok\u00e9 \u0161k\u00e1le slitin: <\/p>\n\n\t<\/div>\n\n<\/div>\n\n\n<div class=\"wp-bootstrap-blocks-row row mx-auto\">\n\t\n\n<div class=\"col-12\">\n\t\t\t\n\n<hr class=\"wp-block-separator has-css-opacity is-style-wide mt-3 mb-5\"\/>\n\n\t<\/div>\n\n<\/div>\n\n\n<div class=\"wp-bootstrap-blocks-row row mx-auto\">\n\t\n\n<div class=\"col-12 col-md-4\">\n\t\t\t\n\n<div class=\"d-flex text-left scroll-fade-bottom-up visibility-hidden\">\n<div class=\"badge badge-rounded-circle badge-primary-soft mt-1 mr-4\">\n<i class=\"fe fe-check\"><\/i>\n<\/div><p class=\"text-primary\">EN AW-6060<\/p><\/div>\n\n\t<\/div>\n\n\n\n<div class=\"col-12 col-md-4\">\n\t\t\t\n\n<div class=\"d-flex text-left scroll-fade-bottom-up visibility-hidden\">\n<div class=\"badge badge-rounded-circle badge-primary-soft mt-1 mr-4\">\n<i class=\"fe fe-check\"><\/i>\n<\/div><p class=\"text-primary\">EN AW-1050\n<\/p><\/div>\n\n\t<\/div>\n\n\n\n<div class=\"col-12 col-md-4\">\n\t\t\t\n\n<div class=\"d-flex text-left scroll-fade-bottom-up visibility-hidden\">\n<div class=\"badge badge-rounded-circle badge-primary-soft mt-1 mr-4\">\n<i class=\"fe fe-check\"><\/i>\n<\/div><p class=\"text-primary\">EN AW-1350\n<\/p><\/div>\n\n\t<\/div>\n\n\n\n<div class=\"col-12 col-md-4\">\n\t\t\t\n\n<div class=\"d-flex text-left scroll-fade-bottom-up visibility-hidden\">\n<div class=\"badge badge-rounded-circle badge-primary-soft mt-1 mr-4\">\n<i class=\"fe fe-check\"><\/i>\n<\/div><p class=\"text-primary\">EN AW-2007<\/p><\/div>\n\n\t<\/div>\n\n\n\n<div class=\"col-12 col-md-4\">\n\t\t\t\n\n<div class=\"d-flex text-left scroll-fade-bottom-up visibility-hidden\">\n<div class=\"badge badge-rounded-circle badge-primary-soft mt-1 mr-4\">\n<i class=\"fe fe-check\"><\/i>\n<\/div><p class=\"text-primary\">EN AW-2024<\/p><\/div>\n\n\t<\/div>\n\n\n\n<div class=\"col-12 col-md-4\">\n\t\t\t\n\n<div class=\"d-flex text-left scroll-fade-bottom-up visibility-hidden\">\n<div class=\"badge badge-rounded-circle badge-primary-soft mt-1 mr-4\">\n<i class=\"fe fe-check\"><\/i>\n<\/div><p class=\"text-primary\">EN AW-5005<\/p><\/div>\n\n\t<\/div>\n\n\n\n<div class=\"col-12 col-md-4\">\n\t\t\t\n\n<div class=\"d-flex text-left scroll-fade-bottom-up visibility-hidden\">\n<div class=\"badge badge-rounded-circle badge-primary-soft mt-1 mr-4\">\n<i class=\"fe fe-check\"><\/i>\n<\/div><p class=\"text-primary\">EN AW-5083<\/p><\/div>\n\n\t<\/div>\n\n\n\n<div class=\"col-12 col-md-4\">\n\t\t\t\n\n<div class=\"d-flex text-left scroll-fade-bottom-up visibility-hidden\">\n<div class=\"badge badge-rounded-circle badge-primary-soft mt-1 mr-4\">\n<i class=\"fe fe-check\"><\/i>\n<\/div><p class=\"text-primary\">EN AW-5754<\/p><\/div>\n\n\t<\/div>\n\n\n\n<div class=\"col-12 col-md-4\">\n\t\t\t\n\n<div class=\"d-flex text-left scroll-fade-bottom-up visibility-hidden\">\n<div class=\"badge badge-rounded-circle badge-primary-soft mt-1 mr-4\">\n<i class=\"fe fe-check\"><\/i>\n<\/div><p class=\"text-primary\">EN AW-6101B<\/p><\/div>\n\n\t<\/div>\n\n\n\n<div class=\"col-12 col-md-4\">\n\t\t\t\n\n<div class=\"d-flex text-left scroll-fade-bottom-up visibility-hidden\">\n<div class=\"badge badge-rounded-circle badge-primary-soft mt-1 mr-4\">\n<i class=\"fe fe-check\"><\/i>\n<\/div><p class=\"text-primary\">EN AW-6082<\/p><\/div>\n\n\t<\/div>\n\n\n\n<div class=\"col-12 col-md-4\">\n\t\t\t\n\n<div class=\"d-flex text-left scroll-fade-bottom-up visibility-hidden\">\n<div class=\"badge badge-rounded-circle badge-primary-soft mt-1 mr-4\">\n<i class=\"fe fe-check\"><\/i>\n<\/div><p class=\"text-primary\">EN AW-6463<\/p><\/div>\n\n\t<\/div>\n\n\n\n<div class=\"col-12 col-md-4\">\n\t\t\t\n\n<div class=\"d-flex text-left scroll-fade-bottom-up visibility-hidden\">\n<div class=\"badge badge-rounded-circle badge-primary-soft mt-1 mr-4\">\n<i class=\"fe fe-check\"><\/i>\n<\/div><p class=\"text-primary\">EN AW-7075<\/p><\/div>\n\n\t<\/div>\n\n<\/div>\n\n<\/div>\n\n\n\n<\/section>\n\n\n\n<section data-jarallax=\"\" data-speed=\".8\" class=\"py-12 py-md-13 overlay overlay-black overlay-40 bg-cover jarallax\" style=\"background-image: url(\/wp-content\/uploads\/2021\/01\/blecha-aluminium-profile.jpg);\">\n  <div class=\"container\">\n    <div class=\"row mx-auto\">\n      <div class=\"col-12 col-md-10\">\n        <!-- Blockquote -->\n        <blockquote class=\"blockquote mb-0\"> \n          \n          <!-- Text -->\n          <p class=\"h2 text-white text-left font-regular scroll-fade-bottom-up visibility-hidden\">Hled\u00e1te pasuj\u00edc\u00ed profil t\u0159eba i s povrchovou \u00fapravou? Pak to ur\u010dit\u011b najdete v na\u0161em vyhled\u00e1va\u010di.<\/p>\n\n\n<div class=\"wp-bootstrap-blocks-button\">\n\t<a\n\t\thref=\"https:\/\/aluprofil.at\/en\/\"\n\t\t\t\t\ttarget=\"_blank\"\n\t\t\t\t\t\t\trel=\"noreferrer noopener\"\n\t\t\t\tclass=\"btn mt-4 scroll-fade-bottom-up visibility-hidden btn-secondary\"\n\t>\n\t\tProhl\u00ed\u017ee\u010d profil\u016f\t<\/a>\n<\/div>\n\n\n\n<\/blockquote>\n      <\/div>\n    <\/div>\n  <\/div>\n<\/section>\n","protected":false},"excerpt":{"rendered":"Hled\u00e1te pasuj\u00edc\u00ed profil t\u0159eba i s povrchovou \u00fapravou? Pak to ur\u010dit\u011b najdete v na\u0161em vyhled\u00e1va\u010di.","protected":false},"author":2,"featured_media":6111,"parent":5404,"menu_order":0,"comment_status":"closed","ping_status":"closed","template":"page-produkte.php","meta":{"_acf_changed":false,"footnotes":""},"class_list":["post-6109","page","type-page","status-publish","has-post-thumbnail","hentry"],"acf":[],"yoast_head":"<!-- This site is optimized with the Yoast SEO plugin v27.3 - https:\/\/yoast.com\/product\/yoast-seo-wordpress\/ -->\n<title>Standardn\u00ed profily | BLECHA<\/title>\n<meta name=\"description\" content=\"V na\u0161em skladu z\u00edsk\u00e1te v\u0161echny standardn\u00ed hlin\u00edkov\u00e9 profily v mnoha rozm\u011brech trubek, \u00faheln\u00edk\u016f, U profil\u016f, T profil\u016f, Z profil\u016f, jekl\u016f (\u010dtvercov\u00fdch, s p\u0159\u00ed\u010dkou a \/ nebo s r\u00e1diusem), troj\u00faheln\u00edkov\u00fdch a ov\u00e1ln\u00fdch trubek, C- profil\u016f, H profil\u016f nebo I nosn\u00edk\u016f s rychl\u00fdm dod\u00e1n\u00edm d\u00edky na\u0161\u00edm skladov\u00fdm z\u00e1sob\u00e1m.\" \/>\n<meta name=\"robots\" content=\"index, follow, max-snippet:-1, max-image-preview:large, max-video-preview:-1\" \/>\n<link rel=\"canonical\" href=\"https:\/\/www.blecha.at\/cs\/produkty\/standardni-profily\/\" \/>\n<meta property=\"og:locale\" content=\"cs_CZ\" \/>\n<meta property=\"og:type\" content=\"article\" \/>\n<meta property=\"og:title\" content=\"Standardn\u00ed profily | BLECHA\" \/>\n<meta property=\"og:description\" content=\"V na\u0161em skladu z\u00edsk\u00e1te v\u0161echny standardn\u00ed hlin\u00edkov\u00e9 profily v mnoha rozm\u011brech trubek, \u00faheln\u00edk\u016f, U profil\u016f, T profil\u016f, Z profil\u016f, jekl\u016f (\u010dtvercov\u00fdch, s p\u0159\u00ed\u010dkou a \/ nebo s r\u00e1diusem), troj\u00faheln\u00edkov\u00fdch a ov\u00e1ln\u00fdch trubek, C- profil\u016f, H profil\u016f nebo I nosn\u00edk\u016f s rychl\u00fdm dod\u00e1n\u00edm d\u00edky na\u0161\u00edm skladov\u00fdm z\u00e1sob\u00e1m.\" \/>\n<meta property=\"og:url\" content=\"https:\/\/www.blecha.at\/cs\/produkty\/standardni-profily\/\" \/>\n<meta property=\"og:site_name\" content=\"BLECHA\" \/>\n<meta property=\"article:modified_time\" content=\"2024-06-27T19:27:48+00:00\" \/>\n<meta property=\"og:image\" content=\"https:\/\/www.blecha.at\/wp-content\/uploads\/2021\/03\/blecha-standardprofile-1-thumbnail.jpg\" \/>\n\t<meta property=\"og:image:width\" content=\"1600\" \/>\n\t<meta property=\"og:image:height\" content=\"1600\" \/>\n\t<meta property=\"og:image:type\" content=\"image\/jpeg\" \/>\n<meta name=\"twitter:card\" content=\"summary_large_image\" \/>\n<meta name=\"twitter:label1\" content=\"Odhadovan\u00e1 doba \u010dten\u00ed\" \/>\n\t<meta name=\"twitter:data1\" content=\"1 minuta\" \/>\n<script type=\"application\/ld+json\" class=\"yoast-schema-graph\">{\"@context\":\"https:\\\/\\\/schema.org\",\"@graph\":[{\"@type\":\"WebPage\",\"@id\":\"https:\\\/\\\/www.blecha.at\\\/cs\\\/produkty\\\/standardni-profily\\\/\",\"url\":\"https:\\\/\\\/www.blecha.at\\\/cs\\\/produkty\\\/standardni-profily\\\/\",\"name\":\"Standardn\u00ed profily | BLECHA\",\"isPartOf\":{\"@id\":\"https:\\\/\\\/www.blecha.at\\\/#website\"},\"primaryImageOfPage\":{\"@id\":\"https:\\\/\\\/www.blecha.at\\\/cs\\\/produkty\\\/standardni-profily\\\/#primaryimage\"},\"image\":{\"@id\":\"https:\\\/\\\/www.blecha.at\\\/cs\\\/produkty\\\/standardni-profily\\\/#primaryimage\"},\"thumbnailUrl\":\"https:\\\/\\\/www.blecha.at\\\/wp-content\\\/uploads\\\/2021\\\/03\\\/blecha-standardprofile-1-thumbnail.jpg\",\"datePublished\":\"2021-01-22T21:11:16+00:00\",\"dateModified\":\"2024-06-27T19:27:48+00:00\",\"description\":\"V na\u0161em skladu z\u00edsk\u00e1te v\u0161echny standardn\u00ed hlin\u00edkov\u00e9 profily v mnoha rozm\u011brech trubek, \u00faheln\u00edk\u016f, U profil\u016f, T profil\u016f, Z profil\u016f, jekl\u016f (\u010dtvercov\u00fdch, s p\u0159\u00ed\u010dkou a \\\/ nebo s r\u00e1diusem), troj\u00faheln\u00edkov\u00fdch a ov\u00e1ln\u00fdch trubek, C- profil\u016f, H profil\u016f nebo I nosn\u00edk\u016f s rychl\u00fdm dod\u00e1n\u00edm d\u00edky na\u0161\u00edm skladov\u00fdm z\u00e1sob\u00e1m.\",\"breadcrumb\":{\"@id\":\"https:\\\/\\\/www.blecha.at\\\/cs\\\/produkty\\\/standardni-profily\\\/#breadcrumb\"},\"inLanguage\":\"cs\",\"potentialAction\":[{\"@type\":\"ReadAction\",\"target\":[\"https:\\\/\\\/www.blecha.at\\\/cs\\\/produkty\\\/standardni-profily\\\/\"]}]},{\"@type\":\"ImageObject\",\"inLanguage\":\"cs\",\"@id\":\"https:\\\/\\\/www.blecha.at\\\/cs\\\/produkty\\\/standardni-profily\\\/#primaryimage\",\"url\":\"https:\\\/\\\/www.blecha.at\\\/wp-content\\\/uploads\\\/2021\\\/03\\\/blecha-standardprofile-1-thumbnail.jpg\",\"contentUrl\":\"https:\\\/\\\/www.blecha.at\\\/wp-content\\\/uploads\\\/2021\\\/03\\\/blecha-standardprofile-1-thumbnail.jpg\",\"width\":1600,\"height\":1600},{\"@type\":\"BreadcrumbList\",\"@id\":\"https:\\\/\\\/www.blecha.at\\\/cs\\\/produkty\\\/standardni-profily\\\/#breadcrumb\",\"itemListElement\":[{\"@type\":\"ListItem\",\"position\":1,\"name\":\"Home\",\"item\":\"https:\\\/\\\/www.blecha.at\\\/cs\\\/\"},{\"@type\":\"ListItem\",\"position\":2,\"name\":\"Produkty\",\"item\":\"https:\\\/\\\/www.blecha.at\\\/cs\\\/produkty\\\/\"},{\"@type\":\"ListItem\",\"position\":3,\"name\":\"Standardn\u00ed profily\"}]},{\"@type\":\"WebSite\",\"@id\":\"https:\\\/\\\/www.blecha.at\\\/#website\",\"url\":\"https:\\\/\\\/www.blecha.at\\\/\",\"name\":\"BLECHA\",\"description\":\"Eine weitere WordPress-Website\",\"potentialAction\":[{\"@type\":\"SearchAction\",\"target\":{\"@type\":\"EntryPoint\",\"urlTemplate\":\"https:\\\/\\\/www.blecha.at\\\/?s={search_term_string}\"},\"query-input\":{\"@type\":\"PropertyValueSpecification\",\"valueRequired\":true,\"valueName\":\"search_term_string\"}}],\"inLanguage\":\"cs\"}]}<\/script>\n<!-- \/ Yoast SEO plugin. -->","yoast_head_json":{"title":"Standardn\u00ed profily | BLECHA","description":"V na\u0161em skladu z\u00edsk\u00e1te v\u0161echny standardn\u00ed hlin\u00edkov\u00e9 profily v mnoha rozm\u011brech trubek, \u00faheln\u00edk\u016f, U profil\u016f, T profil\u016f, Z profil\u016f, jekl\u016f (\u010dtvercov\u00fdch, s p\u0159\u00ed\u010dkou a \/ nebo s r\u00e1diusem), troj\u00faheln\u00edkov\u00fdch a ov\u00e1ln\u00fdch trubek, C- profil\u016f, H profil\u016f nebo I nosn\u00edk\u016f s rychl\u00fdm dod\u00e1n\u00edm d\u00edky na\u0161\u00edm skladov\u00fdm z\u00e1sob\u00e1m.","robots":{"index":"index","follow":"follow","max-snippet":"max-snippet:-1","max-image-preview":"max-image-preview:large","max-video-preview":"max-video-preview:-1"},"canonical":"https:\/\/www.blecha.at\/cs\/produkty\/standardni-profily\/","og_locale":"cs_CZ","og_type":"article","og_title":"Standardn\u00ed profily | BLECHA","og_description":"V na\u0161em skladu z\u00edsk\u00e1te v\u0161echny standardn\u00ed hlin\u00edkov\u00e9 profily v mnoha rozm\u011brech trubek, \u00faheln\u00edk\u016f, U profil\u016f, T profil\u016f, Z profil\u016f, jekl\u016f (\u010dtvercov\u00fdch, s p\u0159\u00ed\u010dkou a \/ nebo s r\u00e1diusem), troj\u00faheln\u00edkov\u00fdch a ov\u00e1ln\u00fdch trubek, C- profil\u016f, H profil\u016f nebo I nosn\u00edk\u016f s rychl\u00fdm dod\u00e1n\u00edm d\u00edky na\u0161\u00edm skladov\u00fdm z\u00e1sob\u00e1m.","og_url":"https:\/\/www.blecha.at\/cs\/produkty\/standardni-profily\/","og_site_name":"BLECHA","article_modified_time":"2024-06-27T19:27:48+00:00","og_image":[{"width":1600,"height":1600,"url":"https:\/\/www.blecha.at\/wp-content\/uploads\/2021\/03\/blecha-standardprofile-1-thumbnail.jpg","type":"image\/jpeg"}],"twitter_card":"summary_large_image","twitter_misc":{"Odhadovan\u00e1 doba \u010dten\u00ed":"1 minuta"},"schema":{"@context":"https:\/\/schema.org","@graph":[{"@type":"WebPage","@id":"https:\/\/www.blecha.at\/cs\/produkty\/standardni-profily\/","url":"https:\/\/www.blecha.at\/cs\/produkty\/standardni-profily\/","name":"Standardn\u00ed profily | BLECHA","isPartOf":{"@id":"https:\/\/www.blecha.at\/#website"},"primaryImageOfPage":{"@id":"https:\/\/www.blecha.at\/cs\/produkty\/standardni-profily\/#primaryimage"},"image":{"@id":"https:\/\/www.blecha.at\/cs\/produkty\/standardni-profily\/#primaryimage"},"thumbnailUrl":"https:\/\/www.blecha.at\/wp-content\/uploads\/2021\/03\/blecha-standardprofile-1-thumbnail.jpg","datePublished":"2021-01-22T21:11:16+00:00","dateModified":"2024-06-27T19:27:48+00:00","description":"V na\u0161em skladu z\u00edsk\u00e1te v\u0161echny standardn\u00ed hlin\u00edkov\u00e9 profily v mnoha rozm\u011brech trubek, \u00faheln\u00edk\u016f, U profil\u016f, T profil\u016f, Z profil\u016f, jekl\u016f (\u010dtvercov\u00fdch, s p\u0159\u00ed\u010dkou a \/ nebo s r\u00e1diusem), troj\u00faheln\u00edkov\u00fdch a ov\u00e1ln\u00fdch trubek, C- profil\u016f, H profil\u016f nebo I nosn\u00edk\u016f s rychl\u00fdm dod\u00e1n\u00edm d\u00edky na\u0161\u00edm skladov\u00fdm z\u00e1sob\u00e1m.","breadcrumb":{"@id":"https:\/\/www.blecha.at\/cs\/produkty\/standardni-profily\/#breadcrumb"},"inLanguage":"cs","potentialAction":[{"@type":"ReadAction","target":["https:\/\/www.blecha.at\/cs\/produkty\/standardni-profily\/"]}]},{"@type":"ImageObject","inLanguage":"cs","@id":"https:\/\/www.blecha.at\/cs\/produkty\/standardni-profily\/#primaryimage","url":"https:\/\/www.blecha.at\/wp-content\/uploads\/2021\/03\/blecha-standardprofile-1-thumbnail.jpg","contentUrl":"https:\/\/www.blecha.at\/wp-content\/uploads\/2021\/03\/blecha-standardprofile-1-thumbnail.jpg","width":1600,"height":1600},{"@type":"BreadcrumbList","@id":"https:\/\/www.blecha.at\/cs\/produkty\/standardni-profily\/#breadcrumb","itemListElement":[{"@type":"ListItem","position":1,"name":"Home","item":"https:\/\/www.blecha.at\/cs\/"},{"@type":"ListItem","position":2,"name":"Produkty","item":"https:\/\/www.blecha.at\/cs\/produkty\/"},{"@type":"ListItem","position":3,"name":"Standardn\u00ed profily"}]},{"@type":"WebSite","@id":"https:\/\/www.blecha.at\/#website","url":"https:\/\/www.blecha.at\/","name":"BLECHA","description":"Eine weitere WordPress-Website","potentialAction":[{"@type":"SearchAction","target":{"@type":"EntryPoint","urlTemplate":"https:\/\/www.blecha.at\/?s={search_term_string}"},"query-input":{"@type":"PropertyValueSpecification","valueRequired":true,"valueName":"search_term_string"}}],"inLanguage":"cs"}]}},"_links":{"self":[{"href":"https:\/\/www.blecha.at\/cs\/wp-json\/wp\/v2\/pages\/6109","targetHints":{"allow":["GET"]}}],"collection":[{"href":"https:\/\/www.blecha.at\/cs\/wp-json\/wp\/v2\/pages"}],"about":[{"href":"https:\/\/www.blecha.at\/cs\/wp-json\/wp\/v2\/types\/page"}],"author":[{"embeddable":true,"href":"https:\/\/www.blecha.at\/cs\/wp-json\/wp\/v2\/users\/2"}],"replies":[{"embeddable":true,"href":"https:\/\/www.blecha.at\/cs\/wp-json\/wp\/v2\/comments?post=6109"}],"version-history":[{"count":6,"href":"https:\/\/www.blecha.at\/cs\/wp-json\/wp\/v2\/pages\/6109\/revisions"}],"predecessor-version":[{"id":27824,"href":"https:\/\/www.blecha.at\/cs\/wp-json\/wp\/v2\/pages\/6109\/revisions\/27824"}],"up":[{"embeddable":true,"href":"https:\/\/www.blecha.at\/cs\/wp-json\/wp\/v2\/pages\/5404"}],"wp:featuredmedia":[{"embeddable":true,"href":"https:\/\/www.blecha.at\/cs\/wp-json\/wp\/v2\/media\/6111"}],"wp:attachment":[{"href":"https:\/\/www.blecha.at\/cs\/wp-json\/wp\/v2\/media?parent=6109"}],"curies":[{"name":"wp","href":"https:\/\/api.w.org\/{rel}","templated":true}]}}