{"id":21447,"date":"2023-05-17T09:14:30","date_gmt":"2023-05-17T07:14:30","guid":{"rendered":"https:\/\/www.blecha.at\/products\/fencing-systems\/privacy\/"},"modified":"2023-10-18T12:59:20","modified_gmt":"2023-10-18T10:59:20","slug":"privacy","status":"publish","type":"page","link":"https:\/\/www.blecha.at\/en\/products\/fencing-systems\/privacy\/","title":{"rendered":"Privacy"},"content":{"rendered":"\n<section class=\"wp-block-group pb-12 pb-md-12 px-lg-9\"><div class=\"wp-block-group__inner-container is-layout-constrained wp-block-group-is-layout-constrained\"><div class=\"wp-bootstrap-blocks-container container-fluid mb-2 container-fluid\">\n\t\n<div class=\"wp-bootstrap-blocks-row row row mx-auto align-items-center\">\n\t\n\n<div class=\"col-12 col-md-12\">\n\t\t\t\n\n<h2 class=\"wp-block-heading\">Montagem\u00f6glichkeiten<\/h2>\n\n\t<\/div>\n\n<\/div>\n\n\n<div class=\"wp-bootstrap-blocks-row row pt-5 row mx-auto align-items-center\">\n\t\n\n<div class=\"col-12 col-md-6\">\n\t\t\t\n\n<figure class=\"wp-block-image size-full\"><img decoding=\"async\" width=\"1024\" height=\"1024\" src=\"https:\/\/www.blecha.at\/wp-content\/uploads\/2023\/05\/blecha-produktegr-steher-feld-explosion-1.png\" alt=\"\" class=\"wp-image-21591\" srcset=\"https:\/\/www.blecha.at\/wp-content\/uploads\/2023\/05\/blecha-produktegr-steher-feld-explosion-1.png 1024w, https:\/\/www.blecha.at\/wp-content\/uploads\/2023\/05\/blecha-produktegr-steher-feld-explosion-1-300x300.png 300w, https:\/\/www.blecha.at\/wp-content\/uploads\/2023\/05\/blecha-produktegr-steher-feld-explosion-1-150x150.png 150w, https:\/\/www.blecha.at\/wp-content\/uploads\/2023\/05\/blecha-produktegr-steher-feld-explosion-1-768x768.png 768w\" sizes=\"(max-width: 1024px) 100vw, 1024px\" \/><\/figure>\n\n\t<\/div>\n\n\n\n<div class=\"col-12 col-md-6\">\n\t\t\t\n\n<figure class=\"wp-block-image size-full\"><img decoding=\"async\" width=\"1024\" height=\"1024\" src=\"https:\/\/www.blecha.at\/wp-content\/uploads\/2023\/05\/blecha-produkte-gr-tor-einfluegelig-explosion-1.png\" alt=\"\" class=\"wp-image-21577\" srcset=\"https:\/\/www.blecha.at\/wp-content\/uploads\/2023\/05\/blecha-produkte-gr-tor-einfluegelig-explosion-1.png 1024w, https:\/\/www.blecha.at\/wp-content\/uploads\/2023\/05\/blecha-produkte-gr-tor-einfluegelig-explosion-1-300x300.png 300w, https:\/\/www.blecha.at\/wp-content\/uploads\/2023\/05\/blecha-produkte-gr-tor-einfluegelig-explosion-1-150x150.png 150w, https:\/\/www.blecha.at\/wp-content\/uploads\/2023\/05\/blecha-produkte-gr-tor-einfluegelig-explosion-1-768x768.png 768w\" sizes=\"(max-width: 1024px) 100vw, 1024px\" \/><\/figure>\n\n\t<\/div>\n\n<\/div>\n\n<\/div>\n<\/div><\/section>\n\n\n\n<section class=\"px-lg-9\">\n<div class=\"container-fluid\">\n<div class=\"row mx-auto\">\n<div class=\"col-12 mb-7\">\n<div id=\"grid-news\" class=\"image-grid row mx-auto\" style=\"position: relative; height: 1763.09px;\">\n<div class=\"grid-item card card-row shadow-light-lg overflow-visible mb-4 artikel scroll-fade-bottom-up visibility-hidden\" style=\"position: absolute; left: 0%; top: 0px; opacity: 1; transform: translate3d(0px, 0px, 0px); visibility: visible;\">\n<div class=\"row no-gutters\">\n<div class=\"col-12\">\n<\/div>\n<a class=\"col-12 col-md-6 order-md-2 bg-cover card-img-right\" style=\"background-image: url('https:\/\/www.blecha.at\/wp-content\/uploads\/2023\/05\/blecha-blog-privacy-produkte.jpg-1024x682.jpg');\" href=\"https:\/\/privacy.blecha.at\/\">\n\n<img width=\"1024\" height=\"682\" src=\"https:\/\/www.blecha.at\/wp-content\/uploads\/2023\/05\/blecha-blog-privacy-produkte.jpg-1024x682.jpg\" class=\"img-fluid d-md-none invisible\" alt=\"\" decoding=\"async\" srcset=\"https:\/\/www.blecha.at\/wp-content\/uploads\/2023\/05\/blecha-blog-privacy-produkte.jpg-1024x682.jpg 1024w, https:\/\/www.blecha.at\/wp-content\/uploads\/2023\/05\/blecha-blog-privacy-produkte.jpg-300x200.jpg 300w, https:\/\/www.blecha.at\/wp-content\/uploads\/2023\/05\/blecha-blog-privacy-produkte.jpg-768x512.jpg 768w, https:\/\/www.blecha.at\/wp-content\/uploads\/2023\/05\/blecha-blog-privacy-produkte.jpg-1536x1024.jpg 1536w, https:\/\/www.blecha.at\/wp-content\/uploads\/2023\/05\/blecha-blog-privacy-produkte.jpg.jpg 2000w\" sizes=\"(max-width: 1024px) 100vw, 1024px\"> <\/a>\n<div class=\"col-12 col-md-6 order-md-1\">\n<a class=\"card-body\" href=\"https:\/\/privacy.blecha.at\/\">\n\n<h3>Privatsph\u00e4re f\u00fcr Ihr Zuhause<\/h3>\n\n<p class=\"mb-0 text-gray-800\">Dank unseres&nbsp;innovativen&nbsp;Zaunsystems k\u00f6nnen Sie nicht nur Ihre Privatsph\u00e4re bewahren, sondern auch einen ansprechenden und eleganten Look f\u00fcr Ihren Garten oder Ihre Terrasse gestalten. Der \u201ePrivacy\u201c Sichtschutzzaun ist aus hochwertigem Aluminium gefertigt, l\u00e4sst sich einfach und unkompliziert montieren, sodass Sie schnell die Ruhe in Ihrem Garten genie\u00dfen k\u00f6nnen.<\/p>\n<\/a>\n<\/div>\n<\/div>\n<\/div>\n<\/div>\n<\/div>\n<\/div>\n<\/div>\n<\/section>\n","protected":false},"excerpt":{"rendered":"Privatsph\u00e4re f\u00fcr Ihr Zuhause Dank unseres&nbsp;innovativen&nbsp;Zaunsystems k\u00f6nnen Sie nicht nur Ihre Privatsph\u00e4re bewahren, sondern auch einen ansprechenden und eleganten Look f\u00fcr Ihren Garten oder Ihre Terrasse gestalten. Der \u201ePrivacy\u201c Sichtschutzzaun ist aus hochwertigem Aluminium gefertigt, l\u00e4sst sich einfach und unkompliziert montieren, sodass Sie schnell die Ruhe in Ihrem Garten genie\u00dfen k\u00f6nnen.","protected":false},"author":2,"featured_media":0,"parent":6216,"menu_order":0,"comment_status":"closed","ping_status":"closed","template":"page-zaunsysteme-details.php","meta":{"_acf_changed":false,"footnotes":""},"class_list":["post-21447","page","type-page","status-publish","hentry"],"acf":[],"yoast_head":"<!-- This site is optimized with the Yoast SEO plugin v27.3 - https:\/\/yoast.com\/product\/yoast-seo-wordpress\/ -->\n<title>Privacy-Produkte aus Aluminium | BLECHA<\/title>\n<meta name=\"robots\" content=\"index, follow, max-snippet:-1, max-image-preview:large, max-video-preview:-1\" \/>\n<link rel=\"canonical\" href=\"https:\/\/www.blecha.at\/en\/products\/fencing-systems\/privacy\/\" \/>\n<meta property=\"og:locale\" content=\"en_US\" \/>\n<meta property=\"og:type\" content=\"article\" \/>\n<meta property=\"og:title\" content=\"Privacy-Produkte aus Aluminium | BLECHA\" \/>\n<meta property=\"og:description\" content=\"Privatsph\u00e4re f\u00fcr Ihr Zuhause Dank unseres&nbsp;innovativen&nbsp;Zaunsystems k\u00f6nnen Sie nicht nur Ihre Privatsph\u00e4re bewahren, sondern auch einen ansprechenden und eleganten Look f\u00fcr Ihren Garten oder Ihre Terrasse gestalten. Der \u201ePrivacy\u201c Sichtschutzzaun ist aus hochwertigem Aluminium gefertigt, l\u00e4sst sich einfach und unkompliziert montieren, sodass Sie schnell die Ruhe in Ihrem Garten genie\u00dfen k\u00f6nnen.\" \/>\n<meta property=\"og:url\" content=\"https:\/\/www.blecha.at\/en\/products\/fencing-systems\/privacy\/\" \/>\n<meta property=\"og:site_name\" content=\"BLECHA\" \/>\n<meta property=\"article:modified_time\" content=\"2023-10-18T10:59:20+00:00\" \/>\n<meta property=\"og:image\" content=\"https:\/\/www.blecha.at\/wp-content\/uploads\/2023\/05\/blecha-produktegr-steher-feld-explosion-1.png\" \/>\n<meta name=\"twitter:card\" content=\"summary_large_image\" \/>\n<meta name=\"twitter:label1\" content=\"Est. reading time\" \/>\n\t<meta name=\"twitter:data1\" content=\"1 minute\" \/>\n<script type=\"application\/ld+json\" class=\"yoast-schema-graph\">{\"@context\":\"https:\\\/\\\/schema.org\",\"@graph\":[{\"@type\":\"WebPage\",\"@id\":\"https:\\\/\\\/www.blecha.at\\\/en\\\/products\\\/fencing-systems\\\/privacy\\\/\",\"url\":\"https:\\\/\\\/www.blecha.at\\\/en\\\/products\\\/fencing-systems\\\/privacy\\\/\",\"name\":\"Privacy-Produkte aus Aluminium | BLECHA\",\"isPartOf\":{\"@id\":\"https:\\\/\\\/www.blecha.at\\\/#website\"},\"primaryImageOfPage\":{\"@id\":\"https:\\\/\\\/www.blecha.at\\\/en\\\/products\\\/fencing-systems\\\/privacy\\\/#primaryimage\"},\"image\":{\"@id\":\"https:\\\/\\\/www.blecha.at\\\/en\\\/products\\\/fencing-systems\\\/privacy\\\/#primaryimage\"},\"thumbnailUrl\":\"https:\\\/\\\/www.blecha.at\\\/wp-content\\\/uploads\\\/2023\\\/05\\\/blecha-produktegr-steher-feld-explosion-1.png\",\"datePublished\":\"2023-05-17T07:14:30+00:00\",\"dateModified\":\"2023-10-18T10:59:20+00:00\",\"breadcrumb\":{\"@id\":\"https:\\\/\\\/www.blecha.at\\\/en\\\/products\\\/fencing-systems\\\/privacy\\\/#breadcrumb\"},\"inLanguage\":\"en-US\",\"potentialAction\":[{\"@type\":\"ReadAction\",\"target\":[\"https:\\\/\\\/www.blecha.at\\\/en\\\/products\\\/fencing-systems\\\/privacy\\\/\"]}]},{\"@type\":\"ImageObject\",\"inLanguage\":\"en-US\",\"@id\":\"https:\\\/\\\/www.blecha.at\\\/en\\\/products\\\/fencing-systems\\\/privacy\\\/#primaryimage\",\"url\":\"https:\\\/\\\/www.blecha.at\\\/wp-content\\\/uploads\\\/2023\\\/05\\\/blecha-produktegr-steher-feld-explosion-1.png\",\"contentUrl\":\"https:\\\/\\\/www.blecha.at\\\/wp-content\\\/uploads\\\/2023\\\/05\\\/blecha-produktegr-steher-feld-explosion-1.png\"},{\"@type\":\"BreadcrumbList\",\"@id\":\"https:\\\/\\\/www.blecha.at\\\/en\\\/products\\\/fencing-systems\\\/privacy\\\/#breadcrumb\",\"itemListElement\":[{\"@type\":\"ListItem\",\"position\":1,\"name\":\"Home\",\"item\":\"https:\\\/\\\/www.blecha.at\\\/en\\\/\"},{\"@type\":\"ListItem\",\"position\":2,\"name\":\"Products\",\"item\":\"https:\\\/\\\/www.blecha.at\\\/en\\\/products\\\/\"},{\"@type\":\"ListItem\",\"position\":3,\"name\":\"Fencing systems\",\"item\":\"https:\\\/\\\/www.blecha.at\\\/en\\\/products\\\/fencing-systems\\\/\"},{\"@type\":\"ListItem\",\"position\":4,\"name\":\"Privacy\"}]},{\"@type\":\"WebSite\",\"@id\":\"https:\\\/\\\/www.blecha.at\\\/#website\",\"url\":\"https:\\\/\\\/www.blecha.at\\\/\",\"name\":\"BLECHA\",\"description\":\"Eine weitere WordPress-Website\",\"potentialAction\":[{\"@type\":\"SearchAction\",\"target\":{\"@type\":\"EntryPoint\",\"urlTemplate\":\"https:\\\/\\\/www.blecha.at\\\/?s={search_term_string}\"},\"query-input\":{\"@type\":\"PropertyValueSpecification\",\"valueRequired\":true,\"valueName\":\"search_term_string\"}}],\"inLanguage\":\"en-US\"}]}<\/script>\n<!-- \/ Yoast SEO plugin. -->","yoast_head_json":{"title":"Privacy-Produkte aus Aluminium | BLECHA","robots":{"index":"index","follow":"follow","max-snippet":"max-snippet:-1","max-image-preview":"max-image-preview:large","max-video-preview":"max-video-preview:-1"},"canonical":"https:\/\/www.blecha.at\/en\/products\/fencing-systems\/privacy\/","og_locale":"en_US","og_type":"article","og_title":"Privacy-Produkte aus Aluminium | BLECHA","og_description":"Privatsph\u00e4re f\u00fcr Ihr Zuhause Dank unseres&nbsp;innovativen&nbsp;Zaunsystems k\u00f6nnen Sie nicht nur Ihre Privatsph\u00e4re bewahren, sondern auch einen ansprechenden und eleganten Look f\u00fcr Ihren Garten oder Ihre Terrasse gestalten. Der \u201ePrivacy\u201c Sichtschutzzaun ist aus hochwertigem Aluminium gefertigt, l\u00e4sst sich einfach und unkompliziert montieren, sodass Sie schnell die Ruhe in Ihrem Garten genie\u00dfen k\u00f6nnen.","og_url":"https:\/\/www.blecha.at\/en\/products\/fencing-systems\/privacy\/","og_site_name":"BLECHA","article_modified_time":"2023-10-18T10:59:20+00:00","og_image":[{"url":"https:\/\/www.blecha.at\/wp-content\/uploads\/2023\/05\/blecha-produktegr-steher-feld-explosion-1.png","type":"","width":"","height":""}],"twitter_card":"summary_large_image","twitter_misc":{"Est. reading time":"1 minute"},"schema":{"@context":"https:\/\/schema.org","@graph":[{"@type":"WebPage","@id":"https:\/\/www.blecha.at\/en\/products\/fencing-systems\/privacy\/","url":"https:\/\/www.blecha.at\/en\/products\/fencing-systems\/privacy\/","name":"Privacy-Produkte aus Aluminium | BLECHA","isPartOf":{"@id":"https:\/\/www.blecha.at\/#website"},"primaryImageOfPage":{"@id":"https:\/\/www.blecha.at\/en\/products\/fencing-systems\/privacy\/#primaryimage"},"image":{"@id":"https:\/\/www.blecha.at\/en\/products\/fencing-systems\/privacy\/#primaryimage"},"thumbnailUrl":"https:\/\/www.blecha.at\/wp-content\/uploads\/2023\/05\/blecha-produktegr-steher-feld-explosion-1.png","datePublished":"2023-05-17T07:14:30+00:00","dateModified":"2023-10-18T10:59:20+00:00","breadcrumb":{"@id":"https:\/\/www.blecha.at\/en\/products\/fencing-systems\/privacy\/#breadcrumb"},"inLanguage":"en-US","potentialAction":[{"@type":"ReadAction","target":["https:\/\/www.blecha.at\/en\/products\/fencing-systems\/privacy\/"]}]},{"@type":"ImageObject","inLanguage":"en-US","@id":"https:\/\/www.blecha.at\/en\/products\/fencing-systems\/privacy\/#primaryimage","url":"https:\/\/www.blecha.at\/wp-content\/uploads\/2023\/05\/blecha-produktegr-steher-feld-explosion-1.png","contentUrl":"https:\/\/www.blecha.at\/wp-content\/uploads\/2023\/05\/blecha-produktegr-steher-feld-explosion-1.png"},{"@type":"BreadcrumbList","@id":"https:\/\/www.blecha.at\/en\/products\/fencing-systems\/privacy\/#breadcrumb","itemListElement":[{"@type":"ListItem","position":1,"name":"Home","item":"https:\/\/www.blecha.at\/en\/"},{"@type":"ListItem","position":2,"name":"Products","item":"https:\/\/www.blecha.at\/en\/products\/"},{"@type":"ListItem","position":3,"name":"Fencing systems","item":"https:\/\/www.blecha.at\/en\/products\/fencing-systems\/"},{"@type":"ListItem","position":4,"name":"Privacy"}]},{"@type":"WebSite","@id":"https:\/\/www.blecha.at\/#website","url":"https:\/\/www.blecha.at\/","name":"BLECHA","description":"Eine weitere WordPress-Website","potentialAction":[{"@type":"SearchAction","target":{"@type":"EntryPoint","urlTemplate":"https:\/\/www.blecha.at\/?s={search_term_string}"},"query-input":{"@type":"PropertyValueSpecification","valueRequired":true,"valueName":"search_term_string"}}],"inLanguage":"en-US"}]}},"_links":{"self":[{"href":"https:\/\/www.blecha.at\/en\/wp-json\/wp\/v2\/pages\/21447","targetHints":{"allow":["GET"]}}],"collection":[{"href":"https:\/\/www.blecha.at\/en\/wp-json\/wp\/v2\/pages"}],"about":[{"href":"https:\/\/www.blecha.at\/en\/wp-json\/wp\/v2\/types\/page"}],"author":[{"embeddable":true,"href":"https:\/\/www.blecha.at\/en\/wp-json\/wp\/v2\/users\/2"}],"replies":[{"embeddable":true,"href":"https:\/\/www.blecha.at\/en\/wp-json\/wp\/v2\/comments?post=21447"}],"version-history":[{"count":8,"href":"https:\/\/www.blecha.at\/en\/wp-json\/wp\/v2\/pages\/21447\/revisions"}],"predecessor-version":[{"id":22347,"href":"https:\/\/www.blecha.at\/en\/wp-json\/wp\/v2\/pages\/21447\/revisions\/22347"}],"up":[{"embeddable":true,"href":"https:\/\/www.blecha.at\/en\/wp-json\/wp\/v2\/pages\/6216"}],"wp:attachment":[{"href":"https:\/\/www.blecha.at\/en\/wp-json\/wp\/v2\/media?parent=21447"}],"curies":[{"name":"wp","href":"https:\/\/api.w.org\/{rel}","templated":true}]}}