{"id":11374,"date":"2021-01-22T23:26:07","date_gmt":"2021-01-22T22:26:07","guid":{"rendered":"https:\/\/www.blecha.at\/productos\/zulieferteile-fuer-saugfoerderanlagen\/"},"modified":"2022-02-22T16:05:27","modified_gmt":"2022-02-22T15:05:27","slug":"piezas-para-sistemas-transportadores-de-succion","status":"publish","type":"page","link":"https:\/\/www.blecha.at\/es\/productos\/piezas-para-sistemas-transportadores-de-succion\/","title":{"rendered":"Piezas para sistemas transportadores de succi\u00f3n"},"content":{"rendered":"\n<section id=\"sectionTwo\" class=\"mt-lg-n11 py-8 py-md-11 px-lg-9 border-left border-right border-right-lg-none bg-white\">\n\n\n<div class=\"wp-bootstrap-blocks-container container-fluid mb-0\">\n\t\n<div class=\"wp-bootstrap-blocks-row row mx-auto\">\n\t\n\n<div class=\"col-12 col-md-10\">\n\t\t\t\n\n<h2 class=\"text-secondary scroll-fade-bottom-up visibility-hidden wp-block-heading\" id=\"entrega-de-diversos-elementos-para-sistemas-de-transporte-de-granulados-en-la-industria-del-plastico-granulados-de-plasticos-u-otros-productos-absorbentes\">Entrega de diversos elementos para sistemas de transporte de granulados en la industria del pl\u00e1stico (granulados de pl\u00e1sticos) u otros productos absorbentes.<\/h2>\n\n\n\n<p>Adem\u00e1s de los codos para tubos de aluminio, codos para tubos de acero inoxidable (bajo pedido con prolongaci\u00f3nes en ambos lados) en una amplia variedad de dimensiones, desviaciones, piezas T, reducciones y \u00e1ngulos, nuestro programa tambi\u00e9n incluye accesorios sistemas de transporte de succi\u00f3n.<br>Entregamos r\u00e1pidamente una variedad de productos en stock, como conectores de tuber\u00eda y acoplamientos Storz, as\u00ed como abrazaderas de banda ancha (acoplamientos de tuber\u00eda), abrazaderas de soporte (acero galvanizado), acoplamientos Morris, rieles de anclaje y mangueras de PVC con espirales de acero ( Vidaspir F).&nbsp;<\/p>\n\n\n\n<p class=\"scroll-fade-bottom-up visibility-hidden\">Adem\u00e1s, bajo pedido, podemos entregar codos de diferentes formas seg\u00fan sus planos, as\u00ed como codos de vidrio y distribuidores de tubos en muy poco tiempo.<\/p>\n\n\t<\/div>\n\n<\/div>\n\n<\/div>\n\n\n\n<\/section>\n\n\n\n<div style=\"height:10px\" aria-hidden=\"true\" class=\"wp-block-spacer\"><\/div>\n\n\n\n<section data-jarallax=\"\" data-speed=\".8\" class=\"py-12 py-md-13 overlay overlay-black overlay-40 bg-cover jarallax\" style=\"background-image: url(\/wp-content\/uploads\/2021\/08\/blecha-aluminium-profile-zulieferteile.jpg);\">\n  <div class=\"container\">\n    <div class=\"row mx-auto\">\n      <div class=\"col-12 col-md-10\">\n        <!-- Blockquote -->\n        <blockquote class=\"blockquote mb-0\"> \n          \n          <!-- Text -->\n          <p class=\"h2 text-white text-left font-regular scroll-fade-bottom-up visibility-hidden\">Nos encantan las especialidades. Sum\u00e9rjase en nuestra amplia gama y encuentre las piezas adecuadas.<\/p>\n\n\n<div class=\"wp-bootstrap-blocks-button\">\n\t<a\n\t\thref=\"https:\/\/www.aluprofil.at\/es\/accesorios-para-tuberia\/piezas-y-accesorios-para-el-transporte-neumatico\/\"\n\t\t\t\t\t\tclass=\"btn mt-4 scroll-fade-bottom-up visibility-hidden btn-secondary\"\n\t>\n\t\tA la gama\t<\/a>\n<\/div>\n\n\n\n<\/blockquote>\n      <\/div>\n    <\/div>\n  <\/div>\n<\/section>\n","protected":false},"excerpt":{"rendered":"Nos encantan las especialidades. Sum\u00e9rjase en nuestra amplia gama y encuentre las piezas adecuadas.","protected":false},"author":2,"featured_media":11376,"parent":5458,"menu_order":0,"comment_status":"closed","ping_status":"closed","template":"page-produkte.php","meta":{"_acf_changed":false,"footnotes":""},"class_list":["post-11374","page","type-page","status-publish","has-post-thumbnail","hentry"],"acf":[],"yoast_head":"<!-- This site is optimized with the Yoast SEO plugin v27.3 - https:\/\/yoast.com\/product\/yoast-seo-wordpress\/ -->\n<title>Piezas para sistemas transportadores de succi\u00f3n | BLECHA<\/title>\n<meta name=\"description\" content=\"Nuestro programa incluye el suministro de diversos elementos para sistemas de transporte de granulado en la industria del pl\u00e1stico u otros productos absorbentes.\" \/>\n<meta name=\"robots\" content=\"index, follow, max-snippet:-1, max-image-preview:large, max-video-preview:-1\" \/>\n<link rel=\"canonical\" href=\"https:\/\/www.blecha.at\/es\/productos\/piezas-para-sistemas-transportadores-de-succion\/\" \/>\n<meta property=\"og:locale\" content=\"es_ES\" \/>\n<meta property=\"og:type\" content=\"article\" \/>\n<meta property=\"og:title\" content=\"Piezas para sistemas transportadores de succi\u00f3n | BLECHA\" \/>\n<meta property=\"og:description\" content=\"Nuestro programa incluye el suministro de diversos elementos para sistemas de transporte de granulado en la industria del pl\u00e1stico u otros productos absorbentes.\" \/>\n<meta property=\"og:url\" content=\"https:\/\/www.blecha.at\/es\/productos\/piezas-para-sistemas-transportadores-de-succion\/\" \/>\n<meta property=\"og:site_name\" content=\"BLECHA\" \/>\n<meta property=\"article:modified_time\" content=\"2022-02-22T15:05:27+00:00\" \/>\n<meta property=\"og:image\" content=\"https:\/\/www.blecha.at\/wp-content\/uploads\/2021\/03\/blecha-zulieferteile-fuer-saugfoerderanlagen-1-thumbnail.jpg\" \/>\n\t<meta property=\"og:image:width\" content=\"1600\" \/>\n\t<meta property=\"og:image:height\" content=\"1600\" \/>\n\t<meta property=\"og:image:type\" content=\"image\/jpeg\" \/>\n<meta name=\"twitter:card\" content=\"summary_large_image\" \/>\n<meta name=\"twitter:label1\" content=\"Tiempo de lectura\" \/>\n\t<meta name=\"twitter:data1\" content=\"1 minuto\" \/>\n<script type=\"application\/ld+json\" class=\"yoast-schema-graph\">{\"@context\":\"https:\\\/\\\/schema.org\",\"@graph\":[{\"@type\":\"WebPage\",\"@id\":\"https:\\\/\\\/www.blecha.at\\\/es\\\/productos\\\/piezas-para-sistemas-transportadores-de-succion\\\/\",\"url\":\"https:\\\/\\\/www.blecha.at\\\/es\\\/productos\\\/piezas-para-sistemas-transportadores-de-succion\\\/\",\"name\":\"Piezas para sistemas transportadores de succi\u00f3n | BLECHA\",\"isPartOf\":{\"@id\":\"https:\\\/\\\/www.blecha.at\\\/#website\"},\"primaryImageOfPage\":{\"@id\":\"https:\\\/\\\/www.blecha.at\\\/es\\\/productos\\\/piezas-para-sistemas-transportadores-de-succion\\\/#primaryimage\"},\"image\":{\"@id\":\"https:\\\/\\\/www.blecha.at\\\/es\\\/productos\\\/piezas-para-sistemas-transportadores-de-succion\\\/#primaryimage\"},\"thumbnailUrl\":\"https:\\\/\\\/www.blecha.at\\\/wp-content\\\/uploads\\\/2021\\\/03\\\/blecha-zulieferteile-fuer-saugfoerderanlagen-1-thumbnail.jpg\",\"datePublished\":\"2021-01-22T22:26:07+00:00\",\"dateModified\":\"2022-02-22T15:05:27+00:00\",\"description\":\"Nuestro programa incluye el suministro de diversos elementos para sistemas de transporte de granulado en la industria del pl\u00e1stico u otros productos absorbentes.\",\"breadcrumb\":{\"@id\":\"https:\\\/\\\/www.blecha.at\\\/es\\\/productos\\\/piezas-para-sistemas-transportadores-de-succion\\\/#breadcrumb\"},\"inLanguage\":\"es\",\"potentialAction\":[{\"@type\":\"ReadAction\",\"target\":[\"https:\\\/\\\/www.blecha.at\\\/es\\\/productos\\\/piezas-para-sistemas-transportadores-de-succion\\\/\"]}]},{\"@type\":\"ImageObject\",\"inLanguage\":\"es\",\"@id\":\"https:\\\/\\\/www.blecha.at\\\/es\\\/productos\\\/piezas-para-sistemas-transportadores-de-succion\\\/#primaryimage\",\"url\":\"https:\\\/\\\/www.blecha.at\\\/wp-content\\\/uploads\\\/2021\\\/03\\\/blecha-zulieferteile-fuer-saugfoerderanlagen-1-thumbnail.jpg\",\"contentUrl\":\"https:\\\/\\\/www.blecha.at\\\/wp-content\\\/uploads\\\/2021\\\/03\\\/blecha-zulieferteile-fuer-saugfoerderanlagen-1-thumbnail.jpg\",\"width\":1600,\"height\":1600},{\"@type\":\"BreadcrumbList\",\"@id\":\"https:\\\/\\\/www.blecha.at\\\/es\\\/productos\\\/piezas-para-sistemas-transportadores-de-succion\\\/#breadcrumb\",\"itemListElement\":[{\"@type\":\"ListItem\",\"position\":1,\"name\":\"Home\",\"item\":\"https:\\\/\\\/www.blecha.at\\\/es\\\/\"},{\"@type\":\"ListItem\",\"position\":2,\"name\":\"Productos\",\"item\":\"https:\\\/\\\/www.blecha.at\\\/es\\\/productos\\\/\"},{\"@type\":\"ListItem\",\"position\":3,\"name\":\"Piezas para sistemas transportadores de succi\u00f3n\"}]},{\"@type\":\"WebSite\",\"@id\":\"https:\\\/\\\/www.blecha.at\\\/#website\",\"url\":\"https:\\\/\\\/www.blecha.at\\\/\",\"name\":\"BLECHA\",\"description\":\"Eine weitere WordPress-Website\",\"potentialAction\":[{\"@type\":\"SearchAction\",\"target\":{\"@type\":\"EntryPoint\",\"urlTemplate\":\"https:\\\/\\\/www.blecha.at\\\/?s={search_term_string}\"},\"query-input\":{\"@type\":\"PropertyValueSpecification\",\"valueRequired\":true,\"valueName\":\"search_term_string\"}}],\"inLanguage\":\"es\"}]}<\/script>\n<!-- \/ Yoast SEO plugin. -->","yoast_head_json":{"title":"Piezas para sistemas transportadores de succi\u00f3n | BLECHA","description":"Nuestro programa incluye el suministro de diversos elementos para sistemas de transporte de granulado en la industria del pl\u00e1stico u otros productos absorbentes.","robots":{"index":"index","follow":"follow","max-snippet":"max-snippet:-1","max-image-preview":"max-image-preview:large","max-video-preview":"max-video-preview:-1"},"canonical":"https:\/\/www.blecha.at\/es\/productos\/piezas-para-sistemas-transportadores-de-succion\/","og_locale":"es_ES","og_type":"article","og_title":"Piezas para sistemas transportadores de succi\u00f3n | BLECHA","og_description":"Nuestro programa incluye el suministro de diversos elementos para sistemas de transporte de granulado en la industria del pl\u00e1stico u otros productos absorbentes.","og_url":"https:\/\/www.blecha.at\/es\/productos\/piezas-para-sistemas-transportadores-de-succion\/","og_site_name":"BLECHA","article_modified_time":"2022-02-22T15:05:27+00:00","og_image":[{"width":1600,"height":1600,"url":"https:\/\/www.blecha.at\/wp-content\/uploads\/2021\/03\/blecha-zulieferteile-fuer-saugfoerderanlagen-1-thumbnail.jpg","type":"image\/jpeg"}],"twitter_card":"summary_large_image","twitter_misc":{"Tiempo de lectura":"1 minuto"},"schema":{"@context":"https:\/\/schema.org","@graph":[{"@type":"WebPage","@id":"https:\/\/www.blecha.at\/es\/productos\/piezas-para-sistemas-transportadores-de-succion\/","url":"https:\/\/www.blecha.at\/es\/productos\/piezas-para-sistemas-transportadores-de-succion\/","name":"Piezas para sistemas transportadores de succi\u00f3n | BLECHA","isPartOf":{"@id":"https:\/\/www.blecha.at\/#website"},"primaryImageOfPage":{"@id":"https:\/\/www.blecha.at\/es\/productos\/piezas-para-sistemas-transportadores-de-succion\/#primaryimage"},"image":{"@id":"https:\/\/www.blecha.at\/es\/productos\/piezas-para-sistemas-transportadores-de-succion\/#primaryimage"},"thumbnailUrl":"https:\/\/www.blecha.at\/wp-content\/uploads\/2021\/03\/blecha-zulieferteile-fuer-saugfoerderanlagen-1-thumbnail.jpg","datePublished":"2021-01-22T22:26:07+00:00","dateModified":"2022-02-22T15:05:27+00:00","description":"Nuestro programa incluye el suministro de diversos elementos para sistemas de transporte de granulado en la industria del pl\u00e1stico u otros productos absorbentes.","breadcrumb":{"@id":"https:\/\/www.blecha.at\/es\/productos\/piezas-para-sistemas-transportadores-de-succion\/#breadcrumb"},"inLanguage":"es","potentialAction":[{"@type":"ReadAction","target":["https:\/\/www.blecha.at\/es\/productos\/piezas-para-sistemas-transportadores-de-succion\/"]}]},{"@type":"ImageObject","inLanguage":"es","@id":"https:\/\/www.blecha.at\/es\/productos\/piezas-para-sistemas-transportadores-de-succion\/#primaryimage","url":"https:\/\/www.blecha.at\/wp-content\/uploads\/2021\/03\/blecha-zulieferteile-fuer-saugfoerderanlagen-1-thumbnail.jpg","contentUrl":"https:\/\/www.blecha.at\/wp-content\/uploads\/2021\/03\/blecha-zulieferteile-fuer-saugfoerderanlagen-1-thumbnail.jpg","width":1600,"height":1600},{"@type":"BreadcrumbList","@id":"https:\/\/www.blecha.at\/es\/productos\/piezas-para-sistemas-transportadores-de-succion\/#breadcrumb","itemListElement":[{"@type":"ListItem","position":1,"name":"Home","item":"https:\/\/www.blecha.at\/es\/"},{"@type":"ListItem","position":2,"name":"Productos","item":"https:\/\/www.blecha.at\/es\/productos\/"},{"@type":"ListItem","position":3,"name":"Piezas para sistemas transportadores de succi\u00f3n"}]},{"@type":"WebSite","@id":"https:\/\/www.blecha.at\/#website","url":"https:\/\/www.blecha.at\/","name":"BLECHA","description":"Eine weitere WordPress-Website","potentialAction":[{"@type":"SearchAction","target":{"@type":"EntryPoint","urlTemplate":"https:\/\/www.blecha.at\/?s={search_term_string}"},"query-input":{"@type":"PropertyValueSpecification","valueRequired":true,"valueName":"search_term_string"}}],"inLanguage":"es"}]}},"_links":{"self":[{"href":"https:\/\/www.blecha.at\/es\/wp-json\/wp\/v2\/pages\/11374","targetHints":{"allow":["GET"]}}],"collection":[{"href":"https:\/\/www.blecha.at\/es\/wp-json\/wp\/v2\/pages"}],"about":[{"href":"https:\/\/www.blecha.at\/es\/wp-json\/wp\/v2\/types\/page"}],"author":[{"embeddable":true,"href":"https:\/\/www.blecha.at\/es\/wp-json\/wp\/v2\/users\/2"}],"replies":[{"embeddable":true,"href":"https:\/\/www.blecha.at\/es\/wp-json\/wp\/v2\/comments?post=11374"}],"version-history":[{"count":6,"href":"https:\/\/www.blecha.at\/es\/wp-json\/wp\/v2\/pages\/11374\/revisions"}],"predecessor-version":[{"id":14431,"href":"https:\/\/www.blecha.at\/es\/wp-json\/wp\/v2\/pages\/11374\/revisions\/14431"}],"up":[{"embeddable":true,"href":"https:\/\/www.blecha.at\/es\/wp-json\/wp\/v2\/pages\/5458"}],"wp:featuredmedia":[{"embeddable":true,"href":"https:\/\/www.blecha.at\/es\/wp-json\/wp\/v2\/media\/11376"}],"wp:attachment":[{"href":"https:\/\/www.blecha.at\/es\/wp-json\/wp\/v2\/media?parent=11374"}],"curies":[{"name":"wp","href":"https:\/\/api.w.org\/{rel}","templated":true}]}}