{"id":22305,"date":"2023-09-13T15:30:17","date_gmt":"2023-09-13T13:30:17","guid":{"rendered":"https:\/\/www.blecha.at\/?page_id=22305"},"modified":"2026-01-26T16:29:04","modified_gmt":"2026-01-26T15:29:04","slug":"construcciones-metalicas","status":"publish","type":"page","link":"https:\/\/www.blecha.at\/es\/productos\/perfiles-especiales\/construcciones-metalicas\/","title":{"rendered":"Construcciones met\u00e1licas"},"content":{"rendered":"","protected":false},"excerpt":{"rendered":"","protected":false},"author":2,"featured_media":0,"parent":6073,"menu_order":0,"comment_status":"closed","ping_status":"closed","template":"page-zaunsysteme-details.php","meta":{"_acf_changed":false,"footnotes":""},"class_list":["post-22305","page","type-page","status-publish","hentry"],"acf":[],"yoast_head":"<!-- This site is optimized with the Yoast SEO plugin v27.3 - https:\/\/yoast.com\/product\/yoast-seo-wordpress\/ -->\n<title>Construcciones met\u00e1licas | BLECHA Aluprofile<\/title>\n<meta name=\"description\" content=\"Nuestra amplia gama de perfiles ofrece la soluci\u00f3n perfecta para la construcci\u00f3n met\u00e1lica. Independientemente de si necesita perfiles de fachada, perfiles de privacidad, perfiles semicirculares, perfiles de alma plegables, perfiles para bordes de paredes, perfiles para persianas, perfiles omega, listones de cubierta, tarimas para terrazas, perfiles en U, perfiles para bordes, perfiles en H, perfiles en T. Perfiles o perfiles para bordes de c\u00e9sped, con nosotros encontrar\u00e1s lo que buscas.\" \/>\n<meta name=\"robots\" content=\"index, follow, max-snippet:-1, max-image-preview:large, max-video-preview:-1\" \/>\n<link rel=\"canonical\" href=\"https:\/\/www.blecha.at\/es\/productos\/perfiles-especiales\/construcciones-metalicas\/\" \/>\n<meta property=\"og:locale\" content=\"es_ES\" \/>\n<meta property=\"og:type\" content=\"article\" \/>\n<meta property=\"og:title\" content=\"Construcciones met\u00e1licas | BLECHA Aluprofile\" \/>\n<meta property=\"og:description\" content=\"Nuestra amplia gama de perfiles ofrece la soluci\u00f3n perfecta para la construcci\u00f3n met\u00e1lica. Independientemente de si necesita perfiles de fachada, perfiles de privacidad, perfiles semicirculares, perfiles de alma plegables, perfiles para bordes de paredes, perfiles para persianas, perfiles omega, listones de cubierta, tarimas para terrazas, perfiles en U, perfiles para bordes, perfiles en H, perfiles en T. Perfiles o perfiles para bordes de c\u00e9sped, con nosotros encontrar\u00e1s lo que buscas.\" \/>\n<meta property=\"og:url\" content=\"https:\/\/www.blecha.at\/es\/productos\/perfiles-especiales\/construcciones-metalicas\/\" \/>\n<meta property=\"og:site_name\" content=\"BLECHA\" \/>\n<meta property=\"article:modified_time\" content=\"2026-01-26T15:29:04+00:00\" \/>\n<meta property=\"og:image\" content=\"https:\/\/www.blecha.at\/wp-content\/uploads\/2021\/02\/blecha-unternehmen-auswahl-gebaeude-3-scaled.jpg\" \/>\n\t<meta property=\"og:image:width\" content=\"2560\" \/>\n\t<meta property=\"og:image:height\" content=\"1642\" \/>\n\t<meta property=\"og:image:type\" content=\"image\/jpeg\" \/>\n<meta name=\"twitter:card\" content=\"summary_large_image\" \/>\n<script type=\"application\/ld+json\" class=\"yoast-schema-graph\">{\"@context\":\"https:\\\/\\\/schema.org\",\"@graph\":[{\"@type\":\"WebPage\",\"@id\":\"https:\\\/\\\/www.blecha.at\\\/es\\\/productos\\\/perfiles-especiales\\\/construcciones-metalicas\\\/\",\"url\":\"https:\\\/\\\/www.blecha.at\\\/es\\\/productos\\\/perfiles-especiales\\\/construcciones-metalicas\\\/\",\"name\":\"Construcciones met\u00e1licas | BLECHA Aluprofile\",\"isPartOf\":{\"@id\":\"https:\\\/\\\/www.blecha.at\\\/#website\"},\"datePublished\":\"2023-09-13T13:30:17+00:00\",\"dateModified\":\"2026-01-26T15:29:04+00:00\",\"description\":\"Nuestra amplia gama de perfiles ofrece la soluci\u00f3n perfecta para la construcci\u00f3n met\u00e1lica. Independientemente de si necesita perfiles de fachada, perfiles de privacidad, perfiles semicirculares, perfiles de alma plegables, perfiles para bordes de paredes, perfiles para persianas, perfiles omega, listones de cubierta, tarimas para terrazas, perfiles en U, perfiles para bordes, perfiles en H, perfiles en T. Perfiles o perfiles para bordes de c\u00e9sped, con nosotros encontrar\u00e1s lo que buscas.\",\"breadcrumb\":{\"@id\":\"https:\\\/\\\/www.blecha.at\\\/es\\\/productos\\\/perfiles-especiales\\\/construcciones-metalicas\\\/#breadcrumb\"},\"inLanguage\":\"es\",\"potentialAction\":[{\"@type\":\"ReadAction\",\"target\":[\"https:\\\/\\\/www.blecha.at\\\/es\\\/productos\\\/perfiles-especiales\\\/construcciones-metalicas\\\/\"]}]},{\"@type\":\"BreadcrumbList\",\"@id\":\"https:\\\/\\\/www.blecha.at\\\/es\\\/productos\\\/perfiles-especiales\\\/construcciones-metalicas\\\/#breadcrumb\",\"itemListElement\":[{\"@type\":\"ListItem\",\"position\":1,\"name\":\"Home\",\"item\":\"https:\\\/\\\/www.blecha.at\\\/es\\\/\"},{\"@type\":\"ListItem\",\"position\":2,\"name\":\"Productos\",\"item\":\"https:\\\/\\\/www.blecha.at\\\/es\\\/productos\\\/\"},{\"@type\":\"ListItem\",\"position\":3,\"name\":\"Perfiles especiales\",\"item\":\"https:\\\/\\\/www.blecha.at\\\/es\\\/productos\\\/perfiles-especiales\\\/\"},{\"@type\":\"ListItem\",\"position\":4,\"name\":\"Construcciones met\u00e1licas\"}]},{\"@type\":\"WebSite\",\"@id\":\"https:\\\/\\\/www.blecha.at\\\/#website\",\"url\":\"https:\\\/\\\/www.blecha.at\\\/\",\"name\":\"BLECHA\",\"description\":\"Eine weitere WordPress-Website\",\"potentialAction\":[{\"@type\":\"SearchAction\",\"target\":{\"@type\":\"EntryPoint\",\"urlTemplate\":\"https:\\\/\\\/www.blecha.at\\\/?s={search_term_string}\"},\"query-input\":{\"@type\":\"PropertyValueSpecification\",\"valueRequired\":true,\"valueName\":\"search_term_string\"}}],\"inLanguage\":\"es\"}]}<\/script>\n<!-- \/ Yoast SEO plugin. -->","yoast_head_json":{"title":"Construcciones met\u00e1licas | BLECHA Aluprofile","description":"Nuestra amplia gama de perfiles ofrece la soluci\u00f3n perfecta para la construcci\u00f3n met\u00e1lica. Independientemente de si necesita perfiles de fachada, perfiles de privacidad, perfiles semicirculares, perfiles de alma plegables, perfiles para bordes de paredes, perfiles para persianas, perfiles omega, listones de cubierta, tarimas para terrazas, perfiles en U, perfiles para bordes, perfiles en H, perfiles en T. Perfiles o perfiles para bordes de c\u00e9sped, con nosotros encontrar\u00e1s lo que buscas.","robots":{"index":"index","follow":"follow","max-snippet":"max-snippet:-1","max-image-preview":"max-image-preview:large","max-video-preview":"max-video-preview:-1"},"canonical":"https:\/\/www.blecha.at\/es\/productos\/perfiles-especiales\/construcciones-metalicas\/","og_locale":"es_ES","og_type":"article","og_title":"Construcciones met\u00e1licas | BLECHA Aluprofile","og_description":"Nuestra amplia gama de perfiles ofrece la soluci\u00f3n perfecta para la construcci\u00f3n met\u00e1lica. Independientemente de si necesita perfiles de fachada, perfiles de privacidad, perfiles semicirculares, perfiles de alma plegables, perfiles para bordes de paredes, perfiles para persianas, perfiles omega, listones de cubierta, tarimas para terrazas, perfiles en U, perfiles para bordes, perfiles en H, perfiles en T. Perfiles o perfiles para bordes de c\u00e9sped, con nosotros encontrar\u00e1s lo que buscas.","og_url":"https:\/\/www.blecha.at\/es\/productos\/perfiles-especiales\/construcciones-metalicas\/","og_site_name":"BLECHA","article_modified_time":"2026-01-26T15:29:04+00:00","og_image":[{"width":2560,"height":1642,"url":"https:\/\/www.blecha.at\/wp-content\/uploads\/2021\/02\/blecha-unternehmen-auswahl-gebaeude-3-scaled.jpg","type":"image\/jpeg"}],"twitter_card":"summary_large_image","schema":{"@context":"https:\/\/schema.org","@graph":[{"@type":"WebPage","@id":"https:\/\/www.blecha.at\/es\/productos\/perfiles-especiales\/construcciones-metalicas\/","url":"https:\/\/www.blecha.at\/es\/productos\/perfiles-especiales\/construcciones-metalicas\/","name":"Construcciones met\u00e1licas | BLECHA Aluprofile","isPartOf":{"@id":"https:\/\/www.blecha.at\/#website"},"datePublished":"2023-09-13T13:30:17+00:00","dateModified":"2026-01-26T15:29:04+00:00","description":"Nuestra amplia gama de perfiles ofrece la soluci\u00f3n perfecta para la construcci\u00f3n met\u00e1lica. Independientemente de si necesita perfiles de fachada, perfiles de privacidad, perfiles semicirculares, perfiles de alma plegables, perfiles para bordes de paredes, perfiles para persianas, perfiles omega, listones de cubierta, tarimas para terrazas, perfiles en U, perfiles para bordes, perfiles en H, perfiles en T. Perfiles o perfiles para bordes de c\u00e9sped, con nosotros encontrar\u00e1s lo que buscas.","breadcrumb":{"@id":"https:\/\/www.blecha.at\/es\/productos\/perfiles-especiales\/construcciones-metalicas\/#breadcrumb"},"inLanguage":"es","potentialAction":[{"@type":"ReadAction","target":["https:\/\/www.blecha.at\/es\/productos\/perfiles-especiales\/construcciones-metalicas\/"]}]},{"@type":"BreadcrumbList","@id":"https:\/\/www.blecha.at\/es\/productos\/perfiles-especiales\/construcciones-metalicas\/#breadcrumb","itemListElement":[{"@type":"ListItem","position":1,"name":"Home","item":"https:\/\/www.blecha.at\/es\/"},{"@type":"ListItem","position":2,"name":"Productos","item":"https:\/\/www.blecha.at\/es\/productos\/"},{"@type":"ListItem","position":3,"name":"Perfiles especiales","item":"https:\/\/www.blecha.at\/es\/productos\/perfiles-especiales\/"},{"@type":"ListItem","position":4,"name":"Construcciones met\u00e1licas"}]},{"@type":"WebSite","@id":"https:\/\/www.blecha.at\/#website","url":"https:\/\/www.blecha.at\/","name":"BLECHA","description":"Eine weitere WordPress-Website","potentialAction":[{"@type":"SearchAction","target":{"@type":"EntryPoint","urlTemplate":"https:\/\/www.blecha.at\/?s={search_term_string}"},"query-input":{"@type":"PropertyValueSpecification","valueRequired":true,"valueName":"search_term_string"}}],"inLanguage":"es"}]}},"_links":{"self":[{"href":"https:\/\/www.blecha.at\/es\/wp-json\/wp\/v2\/pages\/22305","targetHints":{"allow":["GET"]}}],"collection":[{"href":"https:\/\/www.blecha.at\/es\/wp-json\/wp\/v2\/pages"}],"about":[{"href":"https:\/\/www.blecha.at\/es\/wp-json\/wp\/v2\/types\/page"}],"author":[{"embeddable":true,"href":"https:\/\/www.blecha.at\/es\/wp-json\/wp\/v2\/users\/2"}],"replies":[{"embeddable":true,"href":"https:\/\/www.blecha.at\/es\/wp-json\/wp\/v2\/comments?post=22305"}],"version-history":[{"count":8,"href":"https:\/\/www.blecha.at\/es\/wp-json\/wp\/v2\/pages\/22305\/revisions"}],"predecessor-version":[{"id":31789,"href":"https:\/\/www.blecha.at\/es\/wp-json\/wp\/v2\/pages\/22305\/revisions\/31789"}],"up":[{"embeddable":true,"href":"https:\/\/www.blecha.at\/es\/wp-json\/wp\/v2\/pages\/6073"}],"wp:attachment":[{"href":"https:\/\/www.blecha.at\/es\/wp-json\/wp\/v2\/media?parent=22305"}],"curies":[{"name":"wp","href":"https:\/\/api.w.org\/{rel}","templated":true}]}}