{"id":24351,"date":"2022-12-01T15:33:08","date_gmt":"2022-12-01T14:33:08","guid":{"rendered":"https:\/\/www.blecha.at\/productos\/perfiles-especiales\/fassadenbau\/"},"modified":"2026-01-26T16:12:06","modified_gmt":"2026-01-26T15:12:06","slug":"construccion-de-fachadas","status":"publish","type":"page","link":"https:\/\/www.blecha.at\/es\/productos\/perfiles-especiales\/construccion-de-fachadas\/","title":{"rendered":"Construcci\u00f3n de fachadas"},"content":{"rendered":"","protected":false},"excerpt":{"rendered":"","protected":false},"author":2,"featured_media":0,"parent":6073,"menu_order":0,"comment_status":"closed","ping_status":"closed","template":"page-zaunsysteme-details.php","meta":{"_acf_changed":false,"footnotes":""},"class_list":["post-24351","page","type-page","status-publish","hentry"],"acf":[],"yoast_head":"<!-- This site is optimized with the Yoast SEO plugin v27.3 - https:\/\/yoast.com\/product\/yoast-seo-wordpress\/ -->\n<title>Construcci\u00f3n de fachadas | BLECHA Aluprofile<\/title>\n<meta name=\"description\" content=\"Nuestros perfiles de aluminio son la elecci\u00f3n perfecta para la construcci\u00f3n de fachadas. Descubra nuestra amplia gama de perfiles, incluidos perfiles en T, perfiles de revestimiento, perfiles de privacidad, perfiles en \u00e1ngulo y perfiles Omega, dise\u00f1ados para la construcci\u00f3n de fachadas de alta calidad.\" \/>\n<meta name=\"robots\" content=\"index, follow, max-snippet:-1, max-image-preview:large, max-video-preview:-1\" \/>\n<link rel=\"canonical\" href=\"https:\/\/www.blecha.at\/es\/productos\/perfiles-especiales\/construccion-de-fachadas\/\" \/>\n<meta property=\"og:locale\" content=\"es_ES\" \/>\n<meta property=\"og:type\" content=\"article\" \/>\n<meta property=\"og:title\" content=\"Construcci\u00f3n de fachadas | BLECHA Aluprofile\" \/>\n<meta property=\"og:description\" content=\"Nuestros perfiles de aluminio son la elecci\u00f3n perfecta para la construcci\u00f3n de fachadas. Descubra nuestra amplia gama de perfiles, incluidos perfiles en T, perfiles de revestimiento, perfiles de privacidad, perfiles en \u00e1ngulo y perfiles Omega, dise\u00f1ados para la construcci\u00f3n de fachadas de alta calidad.\" \/>\n<meta property=\"og:url\" content=\"https:\/\/www.blecha.at\/es\/productos\/perfiles-especiales\/construccion-de-fachadas\/\" \/>\n<meta property=\"og:site_name\" content=\"BLECHA\" \/>\n<meta property=\"article:modified_time\" content=\"2026-01-26T15:12:06+00:00\" \/>\n<meta property=\"og:image\" content=\"https:\/\/www.blecha.at\/wp-content\/uploads\/2021\/02\/blecha-unternehmen-auswahl-gebaeude-3-scaled.jpg\" \/>\n\t<meta property=\"og:image:width\" content=\"2560\" \/>\n\t<meta property=\"og:image:height\" content=\"1642\" \/>\n\t<meta property=\"og:image:type\" content=\"image\/jpeg\" \/>\n<meta name=\"twitter:card\" content=\"summary_large_image\" \/>\n<script type=\"application\/ld+json\" class=\"yoast-schema-graph\">{\"@context\":\"https:\\\/\\\/schema.org\",\"@graph\":[{\"@type\":\"WebPage\",\"@id\":\"https:\\\/\\\/www.blecha.at\\\/es\\\/productos\\\/perfiles-especiales\\\/construccion-de-fachadas\\\/\",\"url\":\"https:\\\/\\\/www.blecha.at\\\/es\\\/productos\\\/perfiles-especiales\\\/construccion-de-fachadas\\\/\",\"name\":\"Construcci\u00f3n de fachadas | BLECHA Aluprofile\",\"isPartOf\":{\"@id\":\"https:\\\/\\\/www.blecha.at\\\/#website\"},\"datePublished\":\"2022-12-01T14:33:08+00:00\",\"dateModified\":\"2026-01-26T15:12:06+00:00\",\"description\":\"Nuestros perfiles de aluminio son la elecci\u00f3n perfecta para la construcci\u00f3n de fachadas. Descubra nuestra amplia gama de perfiles, incluidos perfiles en T, perfiles de revestimiento, perfiles de privacidad, perfiles en \u00e1ngulo y perfiles Omega, dise\u00f1ados para la construcci\u00f3n de fachadas de alta calidad.\",\"breadcrumb\":{\"@id\":\"https:\\\/\\\/www.blecha.at\\\/es\\\/productos\\\/perfiles-especiales\\\/construccion-de-fachadas\\\/#breadcrumb\"},\"inLanguage\":\"es\",\"potentialAction\":[{\"@type\":\"ReadAction\",\"target\":[\"https:\\\/\\\/www.blecha.at\\\/es\\\/productos\\\/perfiles-especiales\\\/construccion-de-fachadas\\\/\"]}]},{\"@type\":\"BreadcrumbList\",\"@id\":\"https:\\\/\\\/www.blecha.at\\\/es\\\/productos\\\/perfiles-especiales\\\/construccion-de-fachadas\\\/#breadcrumb\",\"itemListElement\":[{\"@type\":\"ListItem\",\"position\":1,\"name\":\"Home\",\"item\":\"https:\\\/\\\/www.blecha.at\\\/es\\\/\"},{\"@type\":\"ListItem\",\"position\":2,\"name\":\"Productos\",\"item\":\"https:\\\/\\\/www.blecha.at\\\/es\\\/productos\\\/\"},{\"@type\":\"ListItem\",\"position\":3,\"name\":\"Perfiles especiales\",\"item\":\"https:\\\/\\\/www.blecha.at\\\/es\\\/productos\\\/perfiles-especiales\\\/\"},{\"@type\":\"ListItem\",\"position\":4,\"name\":\"Construcci\u00f3n de fachadas\"}]},{\"@type\":\"WebSite\",\"@id\":\"https:\\\/\\\/www.blecha.at\\\/#website\",\"url\":\"https:\\\/\\\/www.blecha.at\\\/\",\"name\":\"BLECHA\",\"description\":\"Eine weitere WordPress-Website\",\"potentialAction\":[{\"@type\":\"SearchAction\",\"target\":{\"@type\":\"EntryPoint\",\"urlTemplate\":\"https:\\\/\\\/www.blecha.at\\\/?s={search_term_string}\"},\"query-input\":{\"@type\":\"PropertyValueSpecification\",\"valueRequired\":true,\"valueName\":\"search_term_string\"}}],\"inLanguage\":\"es\"}]}<\/script>\n<!-- \/ Yoast SEO plugin. -->","yoast_head_json":{"title":"Construcci\u00f3n de fachadas | BLECHA Aluprofile","description":"Nuestros perfiles de aluminio son la elecci\u00f3n perfecta para la construcci\u00f3n de fachadas. Descubra nuestra amplia gama de perfiles, incluidos perfiles en T, perfiles de revestimiento, perfiles de privacidad, perfiles en \u00e1ngulo y perfiles Omega, dise\u00f1ados para la construcci\u00f3n de fachadas de alta calidad.","robots":{"index":"index","follow":"follow","max-snippet":"max-snippet:-1","max-image-preview":"max-image-preview:large","max-video-preview":"max-video-preview:-1"},"canonical":"https:\/\/www.blecha.at\/es\/productos\/perfiles-especiales\/construccion-de-fachadas\/","og_locale":"es_ES","og_type":"article","og_title":"Construcci\u00f3n de fachadas | BLECHA Aluprofile","og_description":"Nuestros perfiles de aluminio son la elecci\u00f3n perfecta para la construcci\u00f3n de fachadas. Descubra nuestra amplia gama de perfiles, incluidos perfiles en T, perfiles de revestimiento, perfiles de privacidad, perfiles en \u00e1ngulo y perfiles Omega, dise\u00f1ados para la construcci\u00f3n de fachadas de alta calidad.","og_url":"https:\/\/www.blecha.at\/es\/productos\/perfiles-especiales\/construccion-de-fachadas\/","og_site_name":"BLECHA","article_modified_time":"2026-01-26T15:12:06+00:00","og_image":[{"width":2560,"height":1642,"url":"https:\/\/www.blecha.at\/wp-content\/uploads\/2021\/02\/blecha-unternehmen-auswahl-gebaeude-3-scaled.jpg","type":"image\/jpeg"}],"twitter_card":"summary_large_image","schema":{"@context":"https:\/\/schema.org","@graph":[{"@type":"WebPage","@id":"https:\/\/www.blecha.at\/es\/productos\/perfiles-especiales\/construccion-de-fachadas\/","url":"https:\/\/www.blecha.at\/es\/productos\/perfiles-especiales\/construccion-de-fachadas\/","name":"Construcci\u00f3n de fachadas | BLECHA Aluprofile","isPartOf":{"@id":"https:\/\/www.blecha.at\/#website"},"datePublished":"2022-12-01T14:33:08+00:00","dateModified":"2026-01-26T15:12:06+00:00","description":"Nuestros perfiles de aluminio son la elecci\u00f3n perfecta para la construcci\u00f3n de fachadas. Descubra nuestra amplia gama de perfiles, incluidos perfiles en T, perfiles de revestimiento, perfiles de privacidad, perfiles en \u00e1ngulo y perfiles Omega, dise\u00f1ados para la construcci\u00f3n de fachadas de alta calidad.","breadcrumb":{"@id":"https:\/\/www.blecha.at\/es\/productos\/perfiles-especiales\/construccion-de-fachadas\/#breadcrumb"},"inLanguage":"es","potentialAction":[{"@type":"ReadAction","target":["https:\/\/www.blecha.at\/es\/productos\/perfiles-especiales\/construccion-de-fachadas\/"]}]},{"@type":"BreadcrumbList","@id":"https:\/\/www.blecha.at\/es\/productos\/perfiles-especiales\/construccion-de-fachadas\/#breadcrumb","itemListElement":[{"@type":"ListItem","position":1,"name":"Home","item":"https:\/\/www.blecha.at\/es\/"},{"@type":"ListItem","position":2,"name":"Productos","item":"https:\/\/www.blecha.at\/es\/productos\/"},{"@type":"ListItem","position":3,"name":"Perfiles especiales","item":"https:\/\/www.blecha.at\/es\/productos\/perfiles-especiales\/"},{"@type":"ListItem","position":4,"name":"Construcci\u00f3n de fachadas"}]},{"@type":"WebSite","@id":"https:\/\/www.blecha.at\/#website","url":"https:\/\/www.blecha.at\/","name":"BLECHA","description":"Eine weitere WordPress-Website","potentialAction":[{"@type":"SearchAction","target":{"@type":"EntryPoint","urlTemplate":"https:\/\/www.blecha.at\/?s={search_term_string}"},"query-input":{"@type":"PropertyValueSpecification","valueRequired":true,"valueName":"search_term_string"}}],"inLanguage":"es"}]}},"_links":{"self":[{"href":"https:\/\/www.blecha.at\/es\/wp-json\/wp\/v2\/pages\/24351","targetHints":{"allow":["GET"]}}],"collection":[{"href":"https:\/\/www.blecha.at\/es\/wp-json\/wp\/v2\/pages"}],"about":[{"href":"https:\/\/www.blecha.at\/es\/wp-json\/wp\/v2\/types\/page"}],"author":[{"embeddable":true,"href":"https:\/\/www.blecha.at\/es\/wp-json\/wp\/v2\/users\/2"}],"replies":[{"embeddable":true,"href":"https:\/\/www.blecha.at\/es\/wp-json\/wp\/v2\/comments?post=24351"}],"version-history":[{"count":7,"href":"https:\/\/www.blecha.at\/es\/wp-json\/wp\/v2\/pages\/24351\/revisions"}],"predecessor-version":[{"id":31746,"href":"https:\/\/www.blecha.at\/es\/wp-json\/wp\/v2\/pages\/24351\/revisions\/31746"}],"up":[{"embeddable":true,"href":"https:\/\/www.blecha.at\/es\/wp-json\/wp\/v2\/pages\/6073"}],"wp:attachment":[{"href":"https:\/\/www.blecha.at\/es\/wp-json\/wp\/v2\/media?parent=24351"}],"curies":[{"name":"wp","href":"https:\/\/api.w.org\/{rel}","templated":true}]}}