{"id":4853,"date":"2021-01-22T21:59:01","date_gmt":"2021-01-22T20:59:01","guid":{"rendered":"https:\/\/www.blecha.at\/servicios\/legierungen\/"},"modified":"2021-12-15T10:56:51","modified_gmt":"2021-12-15T09:56:51","slug":"aleaciones","status":"publish","type":"page","link":"https:\/\/www.blecha.at\/es\/servicios\/aleaciones\/","title":{"rendered":"Aleaci\u00f3nes"},"content":{"rendered":"\n<section id=\"sectionTwo\" class=\"mt-lg-n11 py-8 py-md-11 px-lg-9 border-left border-right border-right-lg-none bg-white\">\n\n\n<div class=\"wp-bootstrap-blocks-container container-fluid mb-0\">\n\t\n<div class=\"wp-bootstrap-blocks-row row mx-auto\">\n\t\n\n<div class=\"col-12 col-md-10\">\n\t\t\t\n\n<h2 class=\"text-secondary scroll-fade-bottom-up visibility-hidden wp-block-heading\">Todo est\u00e1 en la mezcla.<\/h2>\n\n\n\n<p class=\"scroll-fade-bottom-up visibility-hidden\">Tan diferentes como son las propiedades del aluminio. La aleaci\u00f3n adecuada lo hace \u00fanico. No importa con qu\u00e9 prop\u00f3sito y en qu\u00e9 forma. Pregunte a nuestro equipo de asesores sobre la aleaci\u00f3n adecuada, tenemos la garant\u00eda de encontrar la soluci\u00f3n \u00f3ptima para Usted. Dependiendo del uso del perfil respectivo, las aleaciones adecuadas tambi\u00e9n difieren. Pero es precisamente esta multitud de posibilidades la que nos permite incorporar la aleaci\u00f3n \u00f3ptima para usted a trav\u00e9s de nuestro programa de entrega BLECHA. Por supuesto, tambi\u00e9n nos complace satisfacer las solicitudes individuales en t\u00e9rminos de aleaciones. La mejor manera de hacer esto es contactarnos usando el formulario de contacto, nuestro equipo capacitado lo ayudar\u00e1 con su aleaci\u00f3n de aluminio \u00fanica.<\/p>\n\n\t<\/div>\n\n<\/div>\n\n<\/div>\n\n\n\n<\/section>\n\n\n\n<section data-jarallax=\"\" data-speed=\".8\" class=\"py-12 py-md-13 overlay overlay-black overlay-40 bg-cover jarallax\" style=\"background-image: url(\/wp-content\/uploads\/2021\/01\/blecha-aluminium-profile.jpg);\">\n  <div class=\"container\">\n    <div class=\"row mx-auto\">\n      <div class=\"col-12 col-md-10\">\n        <!-- Blockquote -->\n        <blockquote class=\"blockquote mb-0\"> \n          \n          <!-- Text -->\n          <p class=\"h2 text-white text-left font-regular scroll-fade-bottom-up visibility-hidden\">BLECHA lo hace posible. Le mostraremos en qu\u00e9 aleaciones trabajamos cada perf\u00edl.<\/p>\n\n\n\n<div class=\"wp-block-file btn btn-secondary mt-4 scroll-fade-bottom-up visibility-hidden\"><a href=\"https:\/\/www.blecha.at\/wp-content\/uploads\/2021\/03\/Umschlag-Katalog-2021_DE_EN.pdf\">Abrir tabla de aleaci\u00f3nes<\/a><\/div>\n\n\n\n<\/blockquote>\n      <\/div>\n    <\/div>\n  <\/div>\n<\/section>\n","protected":false},"excerpt":{"rendered":"BLECHA lo hace posible. Le mostraremos en qu\u00e9 aleaciones trabajamos cada perf\u00edl.","protected":false},"author":2,"featured_media":4855,"parent":4617,"menu_order":0,"comment_status":"closed","ping_status":"closed","template":"page-leistungen.php","meta":{"_acf_changed":false,"footnotes":""},"class_list":["post-4853","page","type-page","status-publish","has-post-thumbnail","hentry"],"acf":[],"yoast_head":"<!-- This site is optimized with the Yoast SEO plugin v27.3 - https:\/\/yoast.com\/product\/yoast-seo-wordpress\/ -->\n<title>Aleaci\u00f3nes | BLECHA<\/title>\n<meta name=\"description\" content=\"Tan diferentes como son las propiedades del aluminio. La aleaci\u00f3n adecuada lo hace \u00fanico. No importa con qu\u00e9 prop\u00f3sito y en qu\u00e9 forma. Pregunte a nuestro equipo de asesores sobre la aleaci\u00f3n adecuada, tenemos la garant\u00eda de encontrar la soluci\u00f3n \u00f3ptima para Usted.\" \/>\n<meta name=\"robots\" content=\"index, follow, max-snippet:-1, max-image-preview:large, max-video-preview:-1\" \/>\n<link rel=\"canonical\" href=\"https:\/\/www.blecha.at\/es\/servicios\/aleaciones\/\" \/>\n<meta property=\"og:locale\" content=\"es_ES\" \/>\n<meta property=\"og:type\" content=\"article\" \/>\n<meta property=\"og:title\" content=\"Aleaci\u00f3nes | BLECHA\" \/>\n<meta property=\"og:description\" content=\"Tan diferentes como son las propiedades del aluminio. La aleaci\u00f3n adecuada lo hace \u00fanico. No importa con qu\u00e9 prop\u00f3sito y en qu\u00e9 forma. Pregunte a nuestro equipo de asesores sobre la aleaci\u00f3n adecuada, tenemos la garant\u00eda de encontrar la soluci\u00f3n \u00f3ptima para Usted.\" \/>\n<meta property=\"og:url\" content=\"https:\/\/www.blecha.at\/es\/servicios\/aleaciones\/\" \/>\n<meta property=\"og:site_name\" content=\"BLECHA\" \/>\n<meta property=\"article:modified_time\" content=\"2021-12-15T09:56:51+00:00\" \/>\n<meta property=\"og:image\" content=\"https:\/\/www.blecha.at\/wp-content\/uploads\/2021\/03\/blecha-legierungen-1-thumbnail.jpg\" \/>\n\t<meta property=\"og:image:width\" content=\"1600\" \/>\n\t<meta property=\"og:image:height\" content=\"1600\" \/>\n\t<meta property=\"og:image:type\" content=\"image\/jpeg\" \/>\n<meta name=\"twitter:card\" content=\"summary_large_image\" \/>\n<meta name=\"twitter:label1\" content=\"Tiempo de lectura\" \/>\n\t<meta name=\"twitter:data1\" content=\"1 minuto\" \/>\n<script type=\"application\/ld+json\" class=\"yoast-schema-graph\">{\"@context\":\"https:\\\/\\\/schema.org\",\"@graph\":[{\"@type\":\"WebPage\",\"@id\":\"https:\\\/\\\/www.blecha.at\\\/es\\\/servicios\\\/aleaciones\\\/\",\"url\":\"https:\\\/\\\/www.blecha.at\\\/es\\\/servicios\\\/aleaciones\\\/\",\"name\":\"Aleaci\u00f3nes | BLECHA\",\"isPartOf\":{\"@id\":\"https:\\\/\\\/www.blecha.at\\\/#website\"},\"primaryImageOfPage\":{\"@id\":\"https:\\\/\\\/www.blecha.at\\\/es\\\/servicios\\\/aleaciones\\\/#primaryimage\"},\"image\":{\"@id\":\"https:\\\/\\\/www.blecha.at\\\/es\\\/servicios\\\/aleaciones\\\/#primaryimage\"},\"thumbnailUrl\":\"https:\\\/\\\/www.blecha.at\\\/wp-content\\\/uploads\\\/2021\\\/03\\\/blecha-legierungen-1-thumbnail.jpg\",\"datePublished\":\"2021-01-22T20:59:01+00:00\",\"dateModified\":\"2021-12-15T09:56:51+00:00\",\"description\":\"Tan diferentes como son las propiedades del aluminio. La aleaci\u00f3n adecuada lo hace \u00fanico. No importa con qu\u00e9 prop\u00f3sito y en qu\u00e9 forma. Pregunte a nuestro equipo de asesores sobre la aleaci\u00f3n adecuada, tenemos la garant\u00eda de encontrar la soluci\u00f3n \u00f3ptima para Usted.\",\"breadcrumb\":{\"@id\":\"https:\\\/\\\/www.blecha.at\\\/es\\\/servicios\\\/aleaciones\\\/#breadcrumb\"},\"inLanguage\":\"es\",\"potentialAction\":[{\"@type\":\"ReadAction\",\"target\":[\"https:\\\/\\\/www.blecha.at\\\/es\\\/servicios\\\/aleaciones\\\/\"]}]},{\"@type\":\"ImageObject\",\"inLanguage\":\"es\",\"@id\":\"https:\\\/\\\/www.blecha.at\\\/es\\\/servicios\\\/aleaciones\\\/#primaryimage\",\"url\":\"https:\\\/\\\/www.blecha.at\\\/wp-content\\\/uploads\\\/2021\\\/03\\\/blecha-legierungen-1-thumbnail.jpg\",\"contentUrl\":\"https:\\\/\\\/www.blecha.at\\\/wp-content\\\/uploads\\\/2021\\\/03\\\/blecha-legierungen-1-thumbnail.jpg\",\"width\":1600,\"height\":1600},{\"@type\":\"BreadcrumbList\",\"@id\":\"https:\\\/\\\/www.blecha.at\\\/es\\\/servicios\\\/aleaciones\\\/#breadcrumb\",\"itemListElement\":[{\"@type\":\"ListItem\",\"position\":1,\"name\":\"Home\",\"item\":\"https:\\\/\\\/www.blecha.at\\\/es\\\/\"},{\"@type\":\"ListItem\",\"position\":2,\"name\":\"Servicios\",\"item\":\"https:\\\/\\\/www.blecha.at\\\/es\\\/servicios\\\/\"},{\"@type\":\"ListItem\",\"position\":3,\"name\":\"Aleaci\u00f3nes\"}]},{\"@type\":\"WebSite\",\"@id\":\"https:\\\/\\\/www.blecha.at\\\/#website\",\"url\":\"https:\\\/\\\/www.blecha.at\\\/\",\"name\":\"BLECHA\",\"description\":\"Eine weitere WordPress-Website\",\"potentialAction\":[{\"@type\":\"SearchAction\",\"target\":{\"@type\":\"EntryPoint\",\"urlTemplate\":\"https:\\\/\\\/www.blecha.at\\\/?s={search_term_string}\"},\"query-input\":{\"@type\":\"PropertyValueSpecification\",\"valueRequired\":true,\"valueName\":\"search_term_string\"}}],\"inLanguage\":\"es\"}]}<\/script>\n<!-- \/ Yoast SEO plugin. -->","yoast_head_json":{"title":"Aleaci\u00f3nes | BLECHA","description":"Tan diferentes como son las propiedades del aluminio. La aleaci\u00f3n adecuada lo hace \u00fanico. No importa con qu\u00e9 prop\u00f3sito y en qu\u00e9 forma. Pregunte a nuestro equipo de asesores sobre la aleaci\u00f3n adecuada, tenemos la garant\u00eda de encontrar la soluci\u00f3n \u00f3ptima para Usted.","robots":{"index":"index","follow":"follow","max-snippet":"max-snippet:-1","max-image-preview":"max-image-preview:large","max-video-preview":"max-video-preview:-1"},"canonical":"https:\/\/www.blecha.at\/es\/servicios\/aleaciones\/","og_locale":"es_ES","og_type":"article","og_title":"Aleaci\u00f3nes | BLECHA","og_description":"Tan diferentes como son las propiedades del aluminio. La aleaci\u00f3n adecuada lo hace \u00fanico. No importa con qu\u00e9 prop\u00f3sito y en qu\u00e9 forma. Pregunte a nuestro equipo de asesores sobre la aleaci\u00f3n adecuada, tenemos la garant\u00eda de encontrar la soluci\u00f3n \u00f3ptima para Usted.","og_url":"https:\/\/www.blecha.at\/es\/servicios\/aleaciones\/","og_site_name":"BLECHA","article_modified_time":"2021-12-15T09:56:51+00:00","og_image":[{"width":1600,"height":1600,"url":"https:\/\/www.blecha.at\/wp-content\/uploads\/2021\/03\/blecha-legierungen-1-thumbnail.jpg","type":"image\/jpeg"}],"twitter_card":"summary_large_image","twitter_misc":{"Tiempo de lectura":"1 minuto"},"schema":{"@context":"https:\/\/schema.org","@graph":[{"@type":"WebPage","@id":"https:\/\/www.blecha.at\/es\/servicios\/aleaciones\/","url":"https:\/\/www.blecha.at\/es\/servicios\/aleaciones\/","name":"Aleaci\u00f3nes | BLECHA","isPartOf":{"@id":"https:\/\/www.blecha.at\/#website"},"primaryImageOfPage":{"@id":"https:\/\/www.blecha.at\/es\/servicios\/aleaciones\/#primaryimage"},"image":{"@id":"https:\/\/www.blecha.at\/es\/servicios\/aleaciones\/#primaryimage"},"thumbnailUrl":"https:\/\/www.blecha.at\/wp-content\/uploads\/2021\/03\/blecha-legierungen-1-thumbnail.jpg","datePublished":"2021-01-22T20:59:01+00:00","dateModified":"2021-12-15T09:56:51+00:00","description":"Tan diferentes como son las propiedades del aluminio. La aleaci\u00f3n adecuada lo hace \u00fanico. No importa con qu\u00e9 prop\u00f3sito y en qu\u00e9 forma. Pregunte a nuestro equipo de asesores sobre la aleaci\u00f3n adecuada, tenemos la garant\u00eda de encontrar la soluci\u00f3n \u00f3ptima para Usted.","breadcrumb":{"@id":"https:\/\/www.blecha.at\/es\/servicios\/aleaciones\/#breadcrumb"},"inLanguage":"es","potentialAction":[{"@type":"ReadAction","target":["https:\/\/www.blecha.at\/es\/servicios\/aleaciones\/"]}]},{"@type":"ImageObject","inLanguage":"es","@id":"https:\/\/www.blecha.at\/es\/servicios\/aleaciones\/#primaryimage","url":"https:\/\/www.blecha.at\/wp-content\/uploads\/2021\/03\/blecha-legierungen-1-thumbnail.jpg","contentUrl":"https:\/\/www.blecha.at\/wp-content\/uploads\/2021\/03\/blecha-legierungen-1-thumbnail.jpg","width":1600,"height":1600},{"@type":"BreadcrumbList","@id":"https:\/\/www.blecha.at\/es\/servicios\/aleaciones\/#breadcrumb","itemListElement":[{"@type":"ListItem","position":1,"name":"Home","item":"https:\/\/www.blecha.at\/es\/"},{"@type":"ListItem","position":2,"name":"Servicios","item":"https:\/\/www.blecha.at\/es\/servicios\/"},{"@type":"ListItem","position":3,"name":"Aleaci\u00f3nes"}]},{"@type":"WebSite","@id":"https:\/\/www.blecha.at\/#website","url":"https:\/\/www.blecha.at\/","name":"BLECHA","description":"Eine weitere WordPress-Website","potentialAction":[{"@type":"SearchAction","target":{"@type":"EntryPoint","urlTemplate":"https:\/\/www.blecha.at\/?s={search_term_string}"},"query-input":{"@type":"PropertyValueSpecification","valueRequired":true,"valueName":"search_term_string"}}],"inLanguage":"es"}]}},"_links":{"self":[{"href":"https:\/\/www.blecha.at\/es\/wp-json\/wp\/v2\/pages\/4853","targetHints":{"allow":["GET"]}}],"collection":[{"href":"https:\/\/www.blecha.at\/es\/wp-json\/wp\/v2\/pages"}],"about":[{"href":"https:\/\/www.blecha.at\/es\/wp-json\/wp\/v2\/types\/page"}],"author":[{"embeddable":true,"href":"https:\/\/www.blecha.at\/es\/wp-json\/wp\/v2\/users\/2"}],"replies":[{"embeddable":true,"href":"https:\/\/www.blecha.at\/es\/wp-json\/wp\/v2\/comments?post=4853"}],"version-history":[{"count":5,"href":"https:\/\/www.blecha.at\/es\/wp-json\/wp\/v2\/pages\/4853\/revisions"}],"predecessor-version":[{"id":12847,"href":"https:\/\/www.blecha.at\/es\/wp-json\/wp\/v2\/pages\/4853\/revisions\/12847"}],"up":[{"embeddable":true,"href":"https:\/\/www.blecha.at\/es\/wp-json\/wp\/v2\/pages\/4617"}],"wp:featuredmedia":[{"embeddable":true,"href":"https:\/\/www.blecha.at\/es\/wp-json\/wp\/v2\/media\/4855"}],"wp:attachment":[{"href":"https:\/\/www.blecha.at\/es\/wp-json\/wp\/v2\/media?parent=4853"}],"curies":[{"name":"wp","href":"https:\/\/api.w.org\/{rel}","templated":true}]}}