{"id":5230,"date":"2021-01-22T21:44:17","date_gmt":"2021-01-22T20:44:17","guid":{"rendered":"https:\/\/www.blecha.at\/servicios\/verpackung-und-versand\/"},"modified":"2021-10-01T19:45:54","modified_gmt":"2021-10-01T17:45:54","slug":"embalaje-y-envio","status":"publish","type":"page","link":"https:\/\/www.blecha.at\/es\/servicios\/embalaje-y-envio\/","title":{"rendered":"Verpackung und Versand"},"content":{"rendered":"\n<section id=\"sectionTwo\" class=\"mt-lg-n11 py-8 py-md-11 px-lg-9 border-left border-right border-right-lg-none bg-white\">\n\n\n<div class=\"wp-bootstrap-blocks-container container-fluid mb-0\">\n\t\n<div class=\"wp-bootstrap-blocks-row row mx-auto\">\n\t\n\n<div class=\"col-12 col-md-10\">\n\t\t\t\n\n<h2 class=\"text-secondary scroll-fade-bottom-up visibility-hidden wp-block-heading\">\u00a1Llega m\u00e1s r\u00e1pido! <br>Con BLECHA Log\u00edstica, el servicio de entrega m\u00e1s seguro.<\/h2>\n\n\n\n<p>Nuestros clientes aprecian nuestra calidad. Pero no solo con el material. Porque nuestra promesa va mucho m\u00e1s all\u00e1 de su pedido, desde el primer \u00abHola\u00bb hasta el timbre de nuestro repartidor. Nos ocupamos de todo lo que tenga que ver con un embalaje \u00f3ptimo, para que su entrega llegue 100% protegida e intacta. En el transporte, donde podemos coordinar todos los d\u00edas de entrega dentro y alrededor de Austria con Usted seg\u00fan nuestro plan de viaje.<br>En casos excepcionales y para otras rutas de entrega, tenemos asociadas compa\u00f1\u00edas de transporte confiables a nuestra disposici\u00f3n, para garantizar una entrega r\u00e1pida y segura. Tambi\u00e9n nos encargamos de la tramitaci\u00f3n aduanera sin problemas. Est\u00e9 atento a su proyecto, nosotros nos encargamos del resto.<\/p>\n\n\t<\/div>\n\n<\/div>\n\n<\/div>\n\n\n\n<\/section>\n\n\n\n<section class=\"border-left border-right border-right-lg-none bg-primary\">\n\n\n<div class=\"wp-bootstrap-blocks-container container-fluid mb-0 px-0\">\n\t\n<div class=\"wp-bootstrap-blocks-row row mx-auto\">\n\t\n\n<div class=\"col-12 col-md-6 px-7 px-lg-9 py-7 py-lg-9\">\n\t\t\t\n\n<h3 class=\"text-secondary scroll-fade-bottom-up visibility-hidden wp-block-heading\">M\u00e1quina de bobinado<\/h3>\n\n\n\n<p class=\"scroll-fade-bottom-up visibility-hidden\">BLECHA le garantiza seguridad, estabilidad y protecci\u00f3n durante el env\u00edo mediante el uso de nuestras bobinadoras. Con esto, podemos bobinar sus mercanc\u00edas en paquetes enteros o barras individuales bajo pedido.<\/p>\n\n\n\n<h5 class=\"text-secondary mt-7 mb-5 scroll-fade-bottom-up visibility-hidden wp-block-heading\">Posibilidades t\u00e9cnicas:<\/h5>\n\n\n\n<div class=\"d-flex text-left scroll-fade-bottom-up visibility-hidden\">\n<div class=\"badge badge-rounded-circle badge-secondary mt-1 mr-4\">\n<i class=\"fe fe-check\"><\/i>\n<\/div><p class=\"text-white\">Ancho del producto: 100 mm a 550 mm<\/p><\/div>\n\n<div class=\"d-flex text-left scroll-fade-bottom-up visibility-hidden\">\n<div class=\"badge badge-rounded-circle badge-secondary mt-1 mr-4\">\n<i class=\"fe fe-check\"><\/i>\n<\/div><p class=\"text-white\">Altura del producto: 30 mm a 500 mm<\/p><\/div>\n\n<div class=\"d-flex text-left scroll-fade-bottom-up visibility-hidden\">\n<div class=\"badge badge-rounded-circle badge-secondary mt-1 mr-4\">\n<i class=\"fe fe-check\"><\/i>\n<\/div><p class=\"text-white\">Longitud del producto: 2000 mm a 6020 mm<\/p><\/div>\n\n<div class=\"d-flex text-left scroll-fade-bottom-up visibility-hidden\">\n<div class=\"badge badge-rounded-circle badge-secondary mt-1 mr-4\">\n<i class=\"fe fe-check\"><\/i>\n<\/div><p class=\"text-white\">Peso del producto: max. 600 kg<\/p><\/div>\n\n<div class=\"d-flex text-left scroll-fade-bottom-up visibility-hidden\">\n<div class=\"badge badge-rounded-circle badge-secondary mt-1 mr-4\">\n<i class=\"fe fe-check\"><\/i>\n<\/div><p class=\"text-white\">Diagonal del producto: max. 744 mm<\/p><\/div>\n\n\t<\/div>\n\n\n\n<div class=\"col-12 col-md-6 px-0 scroll-reveal-right-to-left\">\n\t\t\t\n\n<div class=\"reveal-item\">\n<div class=\"reveal-item-inner\">\n\n\n\n<figure class=\"wp-block-image size-large wp-block-image-cover h-100 mb-0\"><img decoding=\"async\" width=\"795\" height=\"1024\" src=\"https:\/\/www.blecha.at\/wp-content\/uploads\/2021\/02\/blecha-wickelmaschine-1-795x1024.jpg\" alt=\"\" class=\"wp-image-1854\" srcset=\"https:\/\/www.blecha.at\/wp-content\/uploads\/2021\/02\/blecha-wickelmaschine-1-795x1024.jpg 795w, https:\/\/www.blecha.at\/wp-content\/uploads\/2021\/02\/blecha-wickelmaschine-1-233x300.jpg 233w, https:\/\/www.blecha.at\/wp-content\/uploads\/2021\/02\/blecha-wickelmaschine-1-768x990.jpg 768w, https:\/\/www.blecha.at\/wp-content\/uploads\/2021\/02\/blecha-wickelmaschine-1-1192x1536.jpg 1192w, https:\/\/www.blecha.at\/wp-content\/uploads\/2021\/02\/blecha-wickelmaschine-1-1589x2048.jpg 1589w, https:\/\/www.blecha.at\/wp-content\/uploads\/2021\/02\/blecha-wickelmaschine-1.jpg 1707w\" sizes=\"(max-width: 795px) 100vw, 795px\" \/><\/figure>\n\n\n\n<\/div>\n<\/div>\n\n\t<\/div>\n\n\n\n<div class=\"col-12 col-md-6 px-7 px-lg-9 py-7 py-lg-9 order-md-2\">\n\t\t\t\n\n<h3 class=\"text-secondary scroll-fade-bottom-up visibility-hidden wp-block-heading\">Carretillas elevadoras y recogepedidos<\/h3>\n\n\n\n<p>En BLECHA trabajamos con 10 carretillas elevadoras de \u00faltima generaci\u00f3n, con las que se cargan y descargan la mercanc\u00eda de nuestros veh\u00edculos.<\/p>\n\n\n\n<p>Tambi\u00e9n disponemos de 4 cargadores laterales de 4 v\u00edas con cestas de recogida, que se utilizan para retirar la mercanc\u00eda necesaria de las estanter\u00edas y prepararla para los clientes.<\/p>\n\n\n\n<p>Por \u00faltimo, pero no menos importante, se utilizan 4 de nuestros cargadores laterales de 4 v\u00edas sin cesta de recogida, con los que nuestros expertos colocan la mercanc\u00eda en los estantes. Por lo tanto, estamos equipados de manera \u00f3ptima para suministrar a nuestros clientes nuestros productos de alta calidad, de manera r\u00e1pida y eficiente. Inicie su pr\u00f3ximo proyecto con BLECHA y compru\u00e9belo Usted mismo.<\/p>\n\n\t<\/div>\n\n\n\n<div class=\"col-12 col-md-6 px-0 scroll-reveal-left-to-right\">\n\t\t\t\n\n<div class=\"reveal-item\">\n<div class=\"reveal-item-inner\">\n\n\n\n<figure class=\"wp-block-image size-large wp-block-image-cover h-100 mb-0\"><img decoding=\"async\" width=\"795\" height=\"1024\" src=\"https:\/\/www.blecha.at\/wp-content\/uploads\/2021\/02\/blecha-kommissioniermaschine-1-795x1024.jpg\" alt=\"\" class=\"wp-image-1869\" srcset=\"https:\/\/www.blecha.at\/wp-content\/uploads\/2021\/02\/blecha-kommissioniermaschine-1-795x1024.jpg 795w, https:\/\/www.blecha.at\/wp-content\/uploads\/2021\/02\/blecha-kommissioniermaschine-1-233x300.jpg 233w, https:\/\/www.blecha.at\/wp-content\/uploads\/2021\/02\/blecha-kommissioniermaschine-1-768x990.jpg 768w, https:\/\/www.blecha.at\/wp-content\/uploads\/2021\/02\/blecha-kommissioniermaschine-1-1192x1536.jpg 1192w, https:\/\/www.blecha.at\/wp-content\/uploads\/2021\/02\/blecha-kommissioniermaschine-1-1589x2048.jpg 1589w, https:\/\/www.blecha.at\/wp-content\/uploads\/2021\/02\/blecha-kommissioniermaschine-1.jpg 1707w\" sizes=\"(max-width: 795px) 100vw, 795px\" \/><\/figure>\n\n\n\n<\/div>\n<\/div>\n\n\t<\/div>\n\n<\/div>\n\n<\/div>\n\n\n\n<\/section>\n\n\n\n<section class=\"py-8 py-md-11 px-lg-9 border-left border-right border-right-lg-none bg-light\">\n\n\n<div class=\"wp-bootstrap-blocks-container container-fluid mb-0\">\n\t\n<div class=\"wp-bootstrap-blocks-row row mx-auto\">\n\t\n\n<div class=\"col-12 col-md-10\">\n\t\t\t\n\n<h3 class=\"scroll-fade-bottom-up visibility-hidden wp-block-heading\">Sistema de recogida de chapa<meta charset=\"utf-8\"><\/h3>\n\n\n\n<p class=\"scroll-fade-bottom-up visibility-hidden\">Con este m\u00e9todo, apilamos las chapas solicitadas, las chapas d\u00e1mero y los discos de forma r\u00e1pida y autom\u00e1tica sin que afecte al material. Si se solicita, se puede obtener tambi\u00e9n sin una capa intermedia de papel.<\/p>\n\n\n\n<h5 class=\"wp-block-heading\">Sus ventajas:<\/h5>\n\n\n\n<div class=\"d-flex text-left scroll-fade-bottom-up visibility-hidden\">\n<div class=\"badge badge-rounded-circle badge-secondary mt-1 mr-4\">\n<i class=\"fe fe-check\"><\/i>\n<\/div><p class=\"text-black\">Plazo de entrega corto<\/p><\/div>\n\n<div class=\"d-flex text-left scroll-fade-bottom-up visibility-hidden\">\n<div class=\"badge badge-rounded-circle badge-secondary mt-1 mr-4\">\n<i class=\"fe fe-check\"><\/i>\n<\/div><p class=\"text-black\">M\u00e1xima calidad de superficie <\/p><\/div>\n\n<div class=\"d-flex text-left scroll-fade-bottom-up visibility-hidden\">\n<div class=\"badge badge-rounded-circle badge-secondary mt-1 mr-4\">\n<i class=\"fe fe-check\"><\/i>\n<\/div><p class=\"text-black\">Sin costes adicionales<\/p><\/div>\n\n\t<\/div>\n\n<\/div>\n\n<\/div>\n\n\n\n<\/section>\n\n\n\n<section class=\"py-8 py-md-11 px-lg-9 border-left border-right border-right-lg-none bg-white\">\n\n\n<div class=\"wp-bootstrap-blocks-container container-fluid mb-0\">\n\t\n<div class=\"wp-bootstrap-blocks-row row mx-auto\">\n\t\n\n<div class=\"col-12 col-md-10\">\n\t\t\t\n\n<h3 class=\"scroll-fade-bottom-up visibility-hidden wp-block-heading\">Flota BLECHA<\/h3>\n\n\n\n<p class=\"scroll-fade-bottom-up visibility-hidden\">No hay un camino que est\u00e9 demasiado lejos para nosotros. Especialmente para nuestra empresa de transporte. Reciba su env\u00edo a Austria, Alemania, Rep\u00fablica Checa, Eslovaquia, Hungr\u00eda, Eslovenia, Tirol del Sur, Italia y Croacia. O con nuestro sistema de entrega de 5 d\u00edas dentro de Austria, con un peso de entrega m\u00ednimo por direcci\u00f3n de entrega de 100 kg. \u00bfNo es eso suficiente para Usted? Entonces esperamos con ansias el desaf\u00edo. \u00a1Cont\u00e1ctenos, podemos hacerlo!<\/p>\n\n\t<\/div>\n\n<\/div>\n\n<\/div>\n\n\n\n<\/section>\n\n\n\n<section class=\"px-lg-9 border-left border-right border-right-lg-none bg-secondary\">\n\n\n<div class=\"wp-bootstrap-blocks-container container-fluid mb-0\">\n\t\n<div class=\"wp-bootstrap-blocks-row row mx-auto\">\n\t\n\n<div class=\"col-12 col-md-12 text-white border-bottom border-white py-7 py-lg-9\">\n\t\t\t\n\n<svg class=\"icon-brand mb-4 scroll-fade-bottom-up visibility-hidden\" viewBox=\"0 0 64 64\" xmlns=\"http:\/\/www.w3.org\/2000\/svg\"><g fill=\"none\" class=\"stroke-primary\" stroke-linecap=\"square\" stroke-miterlimit=\"10\" stroke-width=\"2\"><path d=\"m20 56v6h-11v-6\"><\/path><path d=\"m55 56v6h-11v-6\"><\/path><g class=\"stroke-primary\"><path d=\"m4 25v7\"><\/path><path d=\"m60 25v7\"><\/path><path d=\"m58.073 39.887-4.073-4.887v-33h-44v33l-4.073 4.887c-.599.719-.927 1.623-.927 2.559v13.554h54v-13.552c0-.936-.328-1.842-.927-2.561z\"><\/path><\/g><circle cx=\"16\" cy=\"46\" r=\"4\"><\/circle><circle cx=\"48\" cy=\"46\" r=\"4\"><\/circle><path d=\"m28 46h8\"><\/path><path d=\"m10 8h44\" class=\"stroke-primary\" stroke-linecap=\"butt\"><\/path><path d=\"m16 14h32v20h-32z\"><\/path><\/g><\/svg>\n\n\n\n<h4 class=\"scroll-fade-bottom-up visibility-hidden wp-block-heading\">Recogida de bienes<\/h4>\n\n\n\n<p class=\"mb-5 scroll-fade-bottom-up visibility-hidden\">En este punto, nuestros clientes a menudo nos echan una mano y se lo llevan ellos mismos. Pero aqu\u00ed tambi\u00e9n prestamos gran importancia a la seguridad y al cumplimiento de los requisitos legales:<\/p>\n\n\n\n<div class=\"d-flex text-left scroll-fade-bottom-up visibility-hidden\">\n<div class=\"badge badge-rounded-circle badge-primary mt-1 mr-4\">\n<i class=\"fe fe-check\"><\/i>\n<\/div><p class=\"text-white\">El veh\u00edculo tiene que poderse cargar bien t\u00e9cnicamente<\/p><\/div>\n\n<div class=\"d-flex text-left scroll-fade-bottom-up visibility-hidden\">\n<div class=\"badge badge-rounded-circle badge-primary mt-1 mr-4\">\n<i class=\"fe fe-check\"><\/i>\n<\/div><p class=\"text-white\">El peso total m\u00e1ximo permitido no puede excederse<\/p><\/div>\n\n<div class=\"d-flex text-left scroll-fade-bottom-up visibility-hidden\">\n<div class=\"badge badge-rounded-circle badge-primary mt-1 mr-4\">\n<i class=\"fe fe-check\"><\/i>\n<\/div><p class=\"text-white\">Deben tenerse correas para amarrar la mercanc\u00eda*<\/p><\/div>\n\n<div class=\"d-flex text-left scroll-fade-bottom-up visibility-hidden\">\n<div class=\"badge badge-rounded-circle badge-primary mt-1 mr-4\">\n<i class=\"fe fe-check\"><\/i>\n<\/div><p class=\"text-white\">Colocaci\u00f3n de una \u00abtabla de carga\u00bb para mercanc\u00edas largas<\/p><\/div>\n\n<div class=\"d-flex text-left scroll-fade-bottom-up visibility-hidden\">\n<div class=\"badge badge-rounded-circle badge-primary mt-1 mr-4\">\n<i class=\"fe fe-check\"><\/i>\n<\/div><p class=\"text-white\">Almacenamiento no superior a 4 metros<\/p><\/div>\n\n\n\n<p class=\"mt-3 scroll-fade-bottom-up visibility-hidden\"><em>* Las correas de amarre o cualquier sujeci\u00f3n para el transporte los puede comprar directamente en nuestra empresa. Simplemente preg\u00fantele a su asesor de ventas y el art\u00edculo requerido estar\u00e1 listo tan pronto como llegue a recoger el material.<\/em><\/p>\n\n\t<\/div>\n\n\n\n<div class=\"col-12 col-md-6 text-white py-7 border-bottom border-white\">\n\t\t\t\n\n<svg class=\"icon-brand mb-4 scroll-fade-bottom-up visibility-hidden\" viewBox=\"0 0 64 64\" xmlns=\"http:\/\/www.w3.org\/2000\/svg\"><g fill=\"none\" class=\"stroke-primary\" stroke-linecap=\"square\" stroke-miterlimit=\"10\" stroke-width=\"2\"><g class=\"stroke-primary\"><path d=\"m44 19h11l7 14v17h-8\"><\/path><path d=\"m42 50h-21\"><\/path><path d=\"m9 50h-7v-42h37v29\"><\/path><\/g><path d=\"m47 25v8l9-.001\"><\/path><circle cx=\"15\" cy=\"50\" r=\"6\"><\/circle><circle cx=\"48\" cy=\"50\" r=\"6\"><\/circle><\/g><\/svg>\n\n\n\n<h4 class=\"scroll-fade-bottom-up visibility-hidden wp-block-heading\">Transporte<\/h4>\n\n\n\n<p class=\"scroll-fade-bottom-up visibility-hidden\">Reciba su env\u00edo en m\u00e1s de 60 pa\u00edses en todo el mundo. Garantizamos un procesamiento sin problemas, as\u00ed como todos los documentos necesarios de entrega en el idioma nacional respectivo.<\/p>\n\n\t<\/div>\n\n\n\n<div class=\"col-12 col-md-6 text-white py-7 border-bottom border-white\">\n\t\t\t\n\n<svg class=\"icon-brand mb-4 scroll-fade-bottom-up visibility-hidden\" viewBox=\"0 0 64 64\" xmlns=\"http:\/\/www.w3.org\/2000\/svg\"><g fill=\"none\" class=\"stroke-primary\" stroke-linecap=\"square\" stroke-miterlimit=\"10\" stroke-width=\"2\"><path d=\"m2 16h60\" class=\"stroke-primary\" stroke-linecap=\"butt\"><\/path><path d=\"m62 16-14-12h-32l-14 12v44h60z\" class=\"stroke-primary\"><\/path><path d=\"m40 36h-16v-20l6-12h4l6 12z\"><\/path><\/g><\/svg>\n\n\n\n<h4 class=\"scroll-fade-bottom-up visibility-hidden wp-block-heading\">Servicio de paqueteria<\/h4>\n\n\n\n<p class=\"scroll-fade-bottom-up visibility-hidden\">Cuando las cosas se vuelven m\u00e1s peque\u00f1as, nuestro servicio de paqueter\u00eda las hace grandes. Econ\u00f3mico en el pa\u00eds y en el extranjero, hasta un m\u00e1ximo de 2m de longitud para mercanc\u00edas en barra o por ferrocarril, con una longitud de env\u00edo de hasta 3 m.<\/p>\n\n\t<\/div>\n\n\n\n<div class=\"col-12 text-white mt-5 pb-7 pb-md-9\">\n\t\t\t\n\n<p class=\"scroll-fade-bottom-up visibility-hidden\"><em>En cuanto a los gastos de env\u00edo se debe tener en cuenta el tipo de transporte, zona de entrega, mercanc\u00eda, peso, etc. Sin embargo, nuestro equipo tambi\u00e9n se ocupa de estos detalles, para que la entrega sea lo m\u00e1s f\u00e1cil posible para Usted.<\/em><\/p>\n\n\t<\/div>\n\n<\/div>\n\n<\/div>\n\n\n\n<\/section>\n\n\n\n<section class=\"py-8 py-md-11 px-lg-9 border-left border-right border-right-lg-none bg-white\">\n\n\n<div class=\"wp-bootstrap-blocks-container container-fluid mb-0\">\n\t\n<div class=\"wp-bootstrap-blocks-row row mx-auto\">\n\t\n\n<div class=\"col-12 col-md-10\">\n\t\t\t\n\n<h2 class=\"text-secondary mb-7 scroll-fade-bottom-up visibility-hidden wp-block-heading\">Medios<\/h2>\n\n\t<\/div>\n\n\n\n<div class=\"col-12 col-lg-4\">\n\t\t\t\n\n<figure class=\"wp-block-embed is-type-video is-provider-youtube wp-block-embed-youtube wp-embed-aspect-16-9 wp-has-aspect-ratio\"><div class=\"wp-block-embed__wrapper\">\n<iframe title=\"Wickelmaschine bei Firma Blecha\" width=\"500\" height=\"281\" src=\"https:\/\/www.youtube.com\/embed\/U-TvgAFpl-I?feature=oembed\" frameborder=\"0\" allow=\"accelerometer; autoplay; clipboard-write; encrypted-media; gyroscope; picture-in-picture; web-share\" referrerpolicy=\"strict-origin-when-cross-origin\" allowfullscreen><\/iframe>\n<\/div><\/figure>\n\n\t<\/div>\n\n\n\n<div class=\"col-12 col-lg-4\">\n\t\t\t\n\n<figure class=\"wp-block-embed is-type-video is-provider-youtube wp-block-embed-youtube wp-embed-aspect-16-9 wp-has-aspect-ratio\"><div class=\"wp-block-embed__wrapper\">\n<iframe title=\"Blech-Kommissionier Anlage bei Firma Blecha\" width=\"500\" height=\"281\" src=\"https:\/\/www.youtube.com\/embed\/YCuRZ2LqE0E?feature=oembed\" frameborder=\"0\" allow=\"accelerometer; autoplay; clipboard-write; encrypted-media; gyroscope; picture-in-picture; web-share\" referrerpolicy=\"strict-origin-when-cross-origin\" allowfullscreen><\/iframe>\n<\/div><\/figure>\n\n\t<\/div>\n\n<\/div>\n\n<\/div>\n\n\n\n<\/section>\n","protected":false},"excerpt":{"rendered":"","protected":false},"author":2,"featured_media":5232,"parent":4617,"menu_order":0,"comment_status":"closed","ping_status":"closed","template":"page-leistungen.php","meta":{"_acf_changed":false,"footnotes":""},"class_list":["post-5230","page","type-page","status-publish","has-post-thumbnail","hentry"],"acf":[],"yoast_head":"<!-- This site is optimized with the Yoast SEO plugin v27.3 - https:\/\/yoast.com\/product\/yoast-seo-wordpress\/ -->\n<title>Embalaje y env\u00edo | BLECHA<\/title>\n<meta name=\"description\" content=\"Con el servicio log\u00edstico BLECHA nos encargamos de todo lo que tenga que ver con un embalaje \u00f3ptimo para que su entrega llegue 100% protegida y en perfecto estado.\" \/>\n<meta name=\"robots\" content=\"index, follow, max-snippet:-1, max-image-preview:large, max-video-preview:-1\" \/>\n<link rel=\"canonical\" href=\"https:\/\/www.blecha.at\/es\/servicios\/embalaje-y-envio\/\" \/>\n<meta property=\"og:locale\" content=\"es_ES\" \/>\n<meta property=\"og:type\" content=\"article\" \/>\n<meta property=\"og:title\" content=\"Embalaje y env\u00edo | BLECHA\" \/>\n<meta property=\"og:description\" content=\"Con el servicio log\u00edstico BLECHA nos encargamos de todo lo que tenga que ver con un embalaje \u00f3ptimo para que su entrega llegue 100% protegida y en perfecto estado.\" \/>\n<meta property=\"og:url\" content=\"https:\/\/www.blecha.at\/es\/servicios\/embalaje-y-envio\/\" \/>\n<meta property=\"og:site_name\" content=\"BLECHA\" \/>\n<meta property=\"article:modified_time\" content=\"2021-10-01T17:45:54+00:00\" \/>\n<meta property=\"og:image\" content=\"https:\/\/www.blecha.at\/wp-content\/uploads\/2021\/03\/blecha-verpackung-und-versand-1-thumbnail.jpg\" \/>\n\t<meta property=\"og:image:width\" content=\"1600\" \/>\n\t<meta property=\"og:image:height\" content=\"1600\" \/>\n\t<meta property=\"og:image:type\" content=\"image\/jpeg\" \/>\n<meta name=\"twitter:card\" content=\"summary_large_image\" \/>\n<meta name=\"twitter:label1\" content=\"Tiempo de lectura\" \/>\n\t<meta name=\"twitter:data1\" content=\"4 minutos\" \/>\n<script type=\"application\/ld+json\" class=\"yoast-schema-graph\">{\"@context\":\"https:\\\/\\\/schema.org\",\"@graph\":[{\"@type\":\"WebPage\",\"@id\":\"https:\\\/\\\/www.blecha.at\\\/es\\\/servicios\\\/embalaje-y-envio\\\/\",\"url\":\"https:\\\/\\\/www.blecha.at\\\/es\\\/servicios\\\/embalaje-y-envio\\\/\",\"name\":\"Embalaje y env\u00edo | BLECHA\",\"isPartOf\":{\"@id\":\"https:\\\/\\\/www.blecha.at\\\/#website\"},\"primaryImageOfPage\":{\"@id\":\"https:\\\/\\\/www.blecha.at\\\/es\\\/servicios\\\/embalaje-y-envio\\\/#primaryimage\"},\"image\":{\"@id\":\"https:\\\/\\\/www.blecha.at\\\/es\\\/servicios\\\/embalaje-y-envio\\\/#primaryimage\"},\"thumbnailUrl\":\"https:\\\/\\\/www.blecha.at\\\/wp-content\\\/uploads\\\/2021\\\/03\\\/blecha-verpackung-und-versand-1-thumbnail.jpg\",\"datePublished\":\"2021-01-22T20:44:17+00:00\",\"dateModified\":\"2021-10-01T17:45:54+00:00\",\"description\":\"Con el servicio log\u00edstico BLECHA nos encargamos de todo lo que tenga que ver con un embalaje \u00f3ptimo para que su entrega llegue 100% protegida y en perfecto estado.\",\"breadcrumb\":{\"@id\":\"https:\\\/\\\/www.blecha.at\\\/es\\\/servicios\\\/embalaje-y-envio\\\/#breadcrumb\"},\"inLanguage\":\"es\",\"potentialAction\":[{\"@type\":\"ReadAction\",\"target\":[\"https:\\\/\\\/www.blecha.at\\\/es\\\/servicios\\\/embalaje-y-envio\\\/\"]}]},{\"@type\":\"ImageObject\",\"inLanguage\":\"es\",\"@id\":\"https:\\\/\\\/www.blecha.at\\\/es\\\/servicios\\\/embalaje-y-envio\\\/#primaryimage\",\"url\":\"https:\\\/\\\/www.blecha.at\\\/wp-content\\\/uploads\\\/2021\\\/03\\\/blecha-verpackung-und-versand-1-thumbnail.jpg\",\"contentUrl\":\"https:\\\/\\\/www.blecha.at\\\/wp-content\\\/uploads\\\/2021\\\/03\\\/blecha-verpackung-und-versand-1-thumbnail.jpg\",\"width\":1600,\"height\":1600},{\"@type\":\"BreadcrumbList\",\"@id\":\"https:\\\/\\\/www.blecha.at\\\/es\\\/servicios\\\/embalaje-y-envio\\\/#breadcrumb\",\"itemListElement\":[{\"@type\":\"ListItem\",\"position\":1,\"name\":\"Home\",\"item\":\"https:\\\/\\\/www.blecha.at\\\/es\\\/\"},{\"@type\":\"ListItem\",\"position\":2,\"name\":\"Servicios\",\"item\":\"https:\\\/\\\/www.blecha.at\\\/es\\\/servicios\\\/\"},{\"@type\":\"ListItem\",\"position\":3,\"name\":\"Verpackung und Versand\"}]},{\"@type\":\"WebSite\",\"@id\":\"https:\\\/\\\/www.blecha.at\\\/#website\",\"url\":\"https:\\\/\\\/www.blecha.at\\\/\",\"name\":\"BLECHA\",\"description\":\"Eine weitere WordPress-Website\",\"potentialAction\":[{\"@type\":\"SearchAction\",\"target\":{\"@type\":\"EntryPoint\",\"urlTemplate\":\"https:\\\/\\\/www.blecha.at\\\/?s={search_term_string}\"},\"query-input\":{\"@type\":\"PropertyValueSpecification\",\"valueRequired\":true,\"valueName\":\"search_term_string\"}}],\"inLanguage\":\"es\"}]}<\/script>\n<!-- \/ Yoast SEO plugin. -->","yoast_head_json":{"title":"Embalaje y env\u00edo | BLECHA","description":"Con el servicio log\u00edstico BLECHA nos encargamos de todo lo que tenga que ver con un embalaje \u00f3ptimo para que su entrega llegue 100% protegida y en perfecto estado.","robots":{"index":"index","follow":"follow","max-snippet":"max-snippet:-1","max-image-preview":"max-image-preview:large","max-video-preview":"max-video-preview:-1"},"canonical":"https:\/\/www.blecha.at\/es\/servicios\/embalaje-y-envio\/","og_locale":"es_ES","og_type":"article","og_title":"Embalaje y env\u00edo | BLECHA","og_description":"Con el servicio log\u00edstico BLECHA nos encargamos de todo lo que tenga que ver con un embalaje \u00f3ptimo para que su entrega llegue 100% protegida y en perfecto estado.","og_url":"https:\/\/www.blecha.at\/es\/servicios\/embalaje-y-envio\/","og_site_name":"BLECHA","article_modified_time":"2021-10-01T17:45:54+00:00","og_image":[{"width":1600,"height":1600,"url":"https:\/\/www.blecha.at\/wp-content\/uploads\/2021\/03\/blecha-verpackung-und-versand-1-thumbnail.jpg","type":"image\/jpeg"}],"twitter_card":"summary_large_image","twitter_misc":{"Tiempo de lectura":"4 minutos"},"schema":{"@context":"https:\/\/schema.org","@graph":[{"@type":"WebPage","@id":"https:\/\/www.blecha.at\/es\/servicios\/embalaje-y-envio\/","url":"https:\/\/www.blecha.at\/es\/servicios\/embalaje-y-envio\/","name":"Embalaje y env\u00edo | BLECHA","isPartOf":{"@id":"https:\/\/www.blecha.at\/#website"},"primaryImageOfPage":{"@id":"https:\/\/www.blecha.at\/es\/servicios\/embalaje-y-envio\/#primaryimage"},"image":{"@id":"https:\/\/www.blecha.at\/es\/servicios\/embalaje-y-envio\/#primaryimage"},"thumbnailUrl":"https:\/\/www.blecha.at\/wp-content\/uploads\/2021\/03\/blecha-verpackung-und-versand-1-thumbnail.jpg","datePublished":"2021-01-22T20:44:17+00:00","dateModified":"2021-10-01T17:45:54+00:00","description":"Con el servicio log\u00edstico BLECHA nos encargamos de todo lo que tenga que ver con un embalaje \u00f3ptimo para que su entrega llegue 100% protegida y en perfecto estado.","breadcrumb":{"@id":"https:\/\/www.blecha.at\/es\/servicios\/embalaje-y-envio\/#breadcrumb"},"inLanguage":"es","potentialAction":[{"@type":"ReadAction","target":["https:\/\/www.blecha.at\/es\/servicios\/embalaje-y-envio\/"]}]},{"@type":"ImageObject","inLanguage":"es","@id":"https:\/\/www.blecha.at\/es\/servicios\/embalaje-y-envio\/#primaryimage","url":"https:\/\/www.blecha.at\/wp-content\/uploads\/2021\/03\/blecha-verpackung-und-versand-1-thumbnail.jpg","contentUrl":"https:\/\/www.blecha.at\/wp-content\/uploads\/2021\/03\/blecha-verpackung-und-versand-1-thumbnail.jpg","width":1600,"height":1600},{"@type":"BreadcrumbList","@id":"https:\/\/www.blecha.at\/es\/servicios\/embalaje-y-envio\/#breadcrumb","itemListElement":[{"@type":"ListItem","position":1,"name":"Home","item":"https:\/\/www.blecha.at\/es\/"},{"@type":"ListItem","position":2,"name":"Servicios","item":"https:\/\/www.blecha.at\/es\/servicios\/"},{"@type":"ListItem","position":3,"name":"Verpackung und Versand"}]},{"@type":"WebSite","@id":"https:\/\/www.blecha.at\/#website","url":"https:\/\/www.blecha.at\/","name":"BLECHA","description":"Eine weitere WordPress-Website","potentialAction":[{"@type":"SearchAction","target":{"@type":"EntryPoint","urlTemplate":"https:\/\/www.blecha.at\/?s={search_term_string}"},"query-input":{"@type":"PropertyValueSpecification","valueRequired":true,"valueName":"search_term_string"}}],"inLanguage":"es"}]}},"_links":{"self":[{"href":"https:\/\/www.blecha.at\/es\/wp-json\/wp\/v2\/pages\/5230","targetHints":{"allow":["GET"]}}],"collection":[{"href":"https:\/\/www.blecha.at\/es\/wp-json\/wp\/v2\/pages"}],"about":[{"href":"https:\/\/www.blecha.at\/es\/wp-json\/wp\/v2\/types\/page"}],"author":[{"embeddable":true,"href":"https:\/\/www.blecha.at\/es\/wp-json\/wp\/v2\/users\/2"}],"replies":[{"embeddable":true,"href":"https:\/\/www.blecha.at\/es\/wp-json\/wp\/v2\/comments?post=5230"}],"version-history":[{"count":2,"href":"https:\/\/www.blecha.at\/es\/wp-json\/wp\/v2\/pages\/5230\/revisions"}],"predecessor-version":[{"id":5237,"href":"https:\/\/www.blecha.at\/es\/wp-json\/wp\/v2\/pages\/5230\/revisions\/5237"}],"up":[{"embeddable":true,"href":"https:\/\/www.blecha.at\/es\/wp-json\/wp\/v2\/pages\/4617"}],"wp:featuredmedia":[{"embeddable":true,"href":"https:\/\/www.blecha.at\/es\/wp-json\/wp\/v2\/media\/5232"}],"wp:attachment":[{"href":"https:\/\/www.blecha.at\/es\/wp-json\/wp\/v2\/media?parent=5230"}],"curies":[{"name":"wp","href":"https:\/\/api.w.org\/{rel}","templated":true}]}}