{"id":6176,"date":"2021-01-22T22:11:16","date_gmt":"2021-01-22T21:11:16","guid":{"rendered":"https:\/\/www.blecha.at\/productos\/standardprofile\/"},"modified":"2024-06-27T21:29:32","modified_gmt":"2024-06-27T19:29:32","slug":"perfilesestandar","status":"publish","type":"page","link":"https:\/\/www.blecha.at\/es\/productos\/perfilesestandar\/","title":{"rendered":"Perfiles est\u00e1ndar"},"content":{"rendered":"\n<section id=\"sectionTwo\" class=\"mt-lg-n11 py-8 py-md-11 px-lg-9 border-left border-right border-right-lg-none bg-white\">\n\n\n<div class=\"wp-bootstrap-blocks-container container-fluid mb-0\">\n\t\n<div class=\"wp-bootstrap-blocks-row row mx-auto\">\n\t\n\n<div class=\"col-12 col-md-10\">\n\t\t\t\n\n<h2 class=\"wp-block-heading text-secondary scroll-fade-bottom-up visibility-hidden\" id=\"todo-tipo-de-perfiles-estandar-como-tubos-ovalados-redondos-perfiles-u-y-perfiles-especiales\">Todo tipo de perfiles est\u00e1ndar,<br>como tubos ovalados, redondos, perfiles U y perfiles especiales.<\/h2>\n\n\n\n<h3 class=\"wp-block-heading scroll-fade-bottom-up visibility-hidden\" id=\"perfiles-de-aluminio-estandar-y-perfiles-especiales\">Perfiles de aluminio est\u00e1ndar y perfiles especiales<\/h3>\n\n\n\n<p class=\"scroll-fade-bottom-up visibility-hidden\">Nuestro almac\u00e9n le suministra todos los perfiles de aluminio est\u00e1ndar, en aleaci\u00f3n EN-AW 6060. Solicite sus dimensiones individuales para tubos redondos, \u00e1ngulos, perfiles U, perfiles T, perfiles Z, tubos perfilados (cuadrados, con pesta\u00f1a y \/ o radio), tubos rectangulares (tubos perfilados), tubos triangulares, tubos ovalados, perfiles C, perfiles H y perfiles I con entrega r\u00e1pida gracias al stock interno. Tambi\u00e9n somos el socio adecuado para Usted en lo que a perfiles especiales se refiere, para la construcci\u00f3n de aeronaves, construcci\u00f3n de pantallas publicitarias, energ\u00eda fotovoltaica, protecci\u00f3n contra insectos, construcci\u00f3n de pajareras y mucho m\u00e1s.<\/p>\n\n\n\n<p class=\"scroll-fade-bottom-up visibility-hidden\">Para ello ofrecemos varios tubos, perfiles y material de aluminio macizo en una amplia variedad de aleaciones: <\/p>\n\n\t<\/div>\n\n<\/div>\n\n\n<div class=\"wp-bootstrap-blocks-row row mx-auto\">\n\t\n\n<div class=\"col-12\">\n\t\t\t\n\n<hr class=\"wp-block-separator has-css-opacity is-style-wide mt-3 mb-5\"\/>\n\n\t<\/div>\n\n<\/div>\n\n\n<div class=\"wp-bootstrap-blocks-row row mx-auto\">\n\t\n\n<div class=\"col-12 col-md-4\">\n\t\t\t\n\n<div class=\"d-flex text-left scroll-fade-bottom-up visibility-hidden\">\n<div class=\"badge badge-rounded-circle badge-primary-soft mt-1 mr-4\">\n<i class=\"fe fe-check\"><\/i>\n<\/div><p class=\"text-primary\">EN AW-6060<\/p><\/div>\n\n\t<\/div>\n\n\n\n<div class=\"col-12 col-md-4\">\n\t\t\t\n\n<div class=\"d-flex text-left scroll-fade-bottom-up visibility-hidden\">\n<div class=\"badge badge-rounded-circle badge-primary-soft mt-1 mr-4\">\n<i class=\"fe fe-check\"><\/i>\n<\/div><p class=\"text-primary\">EN AW-1050\n<\/p><\/div>\n\n\t<\/div>\n\n\n\n<div class=\"col-12 col-md-4\">\n\t\t\t\n\n<div class=\"d-flex text-left scroll-fade-bottom-up visibility-hidden\">\n<div class=\"badge badge-rounded-circle badge-primary-soft mt-1 mr-4\">\n<i class=\"fe fe-check\"><\/i>\n<\/div><p class=\"text-primary\">EN AW-1350\n<\/p><\/div>\n\n\t<\/div>\n\n\n\n<div class=\"col-12 col-md-4\">\n\t\t\t\n\n<div class=\"d-flex text-left scroll-fade-bottom-up visibility-hidden\">\n<div class=\"badge badge-rounded-circle badge-primary-soft mt-1 mr-4\">\n<i class=\"fe fe-check\"><\/i>\n<\/div><p class=\"text-primary\">EN AW-2007<\/p><\/div>\n\n\t<\/div>\n\n\n\n<div class=\"col-12 col-md-4\">\n\t\t\t\n\n<div class=\"d-flex text-left scroll-fade-bottom-up visibility-hidden\">\n<div class=\"badge badge-rounded-circle badge-primary-soft mt-1 mr-4\">\n<i class=\"fe fe-check\"><\/i>\n<\/div><p class=\"text-primary\">EN AW-2024<\/p><\/div>\n\n\t<\/div>\n\n\n\n<div class=\"col-12 col-md-4\">\n\t\t\t\n\n<div class=\"d-flex text-left scroll-fade-bottom-up visibility-hidden\">\n<div class=\"badge badge-rounded-circle badge-primary-soft mt-1 mr-4\">\n<i class=\"fe fe-check\"><\/i>\n<\/div><p class=\"text-primary\">EN AW-5005<\/p><\/div>\n\n\t<\/div>\n\n\n\n<div class=\"col-12 col-md-4\">\n\t\t\t\n\n<div class=\"d-flex text-left scroll-fade-bottom-up visibility-hidden\">\n<div class=\"badge badge-rounded-circle badge-primary-soft mt-1 mr-4\">\n<i class=\"fe fe-check\"><\/i>\n<\/div><p class=\"text-primary\">EN AW-5083<\/p><\/div>\n\n\t<\/div>\n\n\n\n<div class=\"col-12 col-md-4\">\n\t\t\t\n\n<div class=\"d-flex text-left scroll-fade-bottom-up visibility-hidden\">\n<div class=\"badge badge-rounded-circle badge-primary-soft mt-1 mr-4\">\n<i class=\"fe fe-check\"><\/i>\n<\/div><p class=\"text-primary\">EN AW-5754<\/p><\/div>\n\n\t<\/div>\n\n\n\n<div class=\"col-12 col-md-4\">\n\t\t\t\n\n<div class=\"d-flex text-left scroll-fade-bottom-up visibility-hidden\">\n<div class=\"badge badge-rounded-circle badge-primary-soft mt-1 mr-4\">\n<i class=\"fe fe-check\"><\/i>\n<\/div><p class=\"text-primary\">EN AW-6101B<\/p><\/div>\n\n\t<\/div>\n\n\n\n<div class=\"col-12 col-md-4\">\n\t\t\t\n\n<div class=\"d-flex text-left scroll-fade-bottom-up visibility-hidden\">\n<div class=\"badge badge-rounded-circle badge-primary-soft mt-1 mr-4\">\n<i class=\"fe fe-check\"><\/i>\n<\/div><p class=\"text-primary\">EN AW-6082<\/p><\/div>\n\n\t<\/div>\n\n\n\n<div class=\"col-12 col-md-4\">\n\t\t\t\n\n<div class=\"d-flex text-left scroll-fade-bottom-up visibility-hidden\">\n<div class=\"badge badge-rounded-circle badge-primary-soft mt-1 mr-4\">\n<i class=\"fe fe-check\"><\/i>\n<\/div><p class=\"text-primary\">EN AW-6463<\/p><\/div>\n\n\t<\/div>\n\n\n\n<div class=\"col-12 col-md-4\">\n\t\t\t\n\n<div class=\"d-flex text-left scroll-fade-bottom-up visibility-hidden\">\n<div class=\"badge badge-rounded-circle badge-primary-soft mt-1 mr-4\">\n<i class=\"fe fe-check\"><\/i>\n<\/div><p class=\"text-primary\">EN AW-7075<\/p><\/div>\n\n\t<\/div>\n\n<\/div>\n\n<\/div>\n\n\n\n<\/section>\n\n\n\n<section data-jarallax=\"\" data-speed=\".8\" class=\"py-12 py-md-13 overlay overlay-black overlay-40 bg-cover jarallax\" style=\"background-image: url(\/wp-content\/uploads\/2021\/01\/blecha-aluminium-profile.jpg);\">\n  <div class=\"container\">\n    <div class=\"row mx-auto\">\n      <div class=\"col-12 col-md-10\">\n        <!-- Blockquote -->\n        <blockquote class=\"blockquote mb-0\"> \n          \n          <!-- Text -->\n          <p class=\"h2 text-white text-left font-regular scroll-fade-bottom-up visibility-hidden\">\u00bfEst\u00e1 buscando el perfil adecuado con el acabado adecuado? Entonces definitivamente lo encontrar\u00e1 en nuestro buscador.<\/p>\n\n\n<div class=\"wp-bootstrap-blocks-button\">\n\t<a\n\t\thref=\"https:\/\/aluprofil.at\/en\/\"\n\t\t\t\t\ttarget=\"_blank\"\n\t\t\t\t\t\t\trel=\"noreferrer noopener\"\n\t\t\t\tclass=\"btn mt-4 scroll-fade-bottom-up visibility-hidden btn-secondary\"\n\t>\n\t\tIr al buscador\t<\/a>\n<\/div>\n\n\n\n<\/blockquote>\n      <\/div>\n    <\/div>\n  <\/div>\n<\/section>\n","protected":false},"excerpt":{"rendered":"\u00bfEst\u00e1 buscando el perfil adecuado con el acabado adecuado? Entonces definitivamente lo encontrar\u00e1 en nuestro buscador.","protected":false},"author":2,"featured_media":6178,"parent":5458,"menu_order":0,"comment_status":"closed","ping_status":"closed","template":"page-produkte.php","meta":{"_acf_changed":false,"footnotes":""},"class_list":["post-6176","page","type-page","status-publish","has-post-thumbnail","hentry"],"acf":[],"yoast_head":"<!-- This site is optimized with the Yoast SEO plugin v27.3 - https:\/\/yoast.com\/product\/yoast-seo-wordpress\/ -->\n<title>Perfiles est\u00e1ndar | BLECHA<\/title>\n<meta name=\"description\" content=\"En nuestro almac\u00e9n puede obtener todos los perfiles de aluminio est\u00e1ndar con dimensiones individuales para tubos redondos, \u00e1ngulos, perfiles U, perfiles T, perfiles Z, tubos perfilados (cuadrados, con pesta\u00f1a y \/ o radio), tubos rectangulares (tubos perfilados), tubos triangulares, tubos ovalados, perfiles C, perfiles H y perfiles I con entrega r\u00e1pida gracias al stock interno.\" \/>\n<meta name=\"robots\" content=\"index, follow, max-snippet:-1, max-image-preview:large, max-video-preview:-1\" \/>\n<link rel=\"canonical\" href=\"https:\/\/www.blecha.at\/es\/productos\/perfilesestandar\/\" \/>\n<meta property=\"og:locale\" content=\"es_ES\" \/>\n<meta property=\"og:type\" content=\"article\" \/>\n<meta property=\"og:title\" content=\"Perfiles est\u00e1ndar | BLECHA\" \/>\n<meta property=\"og:description\" content=\"En nuestro almac\u00e9n puede obtener todos los perfiles de aluminio est\u00e1ndar con dimensiones individuales para tubos redondos, \u00e1ngulos, perfiles U, perfiles T, perfiles Z, tubos perfilados (cuadrados, con pesta\u00f1a y \/ o radio), tubos rectangulares (tubos perfilados), tubos triangulares, tubos ovalados, perfiles C, perfiles H y perfiles I con entrega r\u00e1pida gracias al stock interno.\" \/>\n<meta property=\"og:url\" content=\"https:\/\/www.blecha.at\/es\/productos\/perfilesestandar\/\" \/>\n<meta property=\"og:site_name\" content=\"BLECHA\" \/>\n<meta property=\"article:modified_time\" content=\"2024-06-27T19:29:32+00:00\" \/>\n<meta property=\"og:image\" content=\"https:\/\/www.blecha.at\/wp-content\/uploads\/2021\/03\/blecha-standardprofile-1-thumbnail.jpg\" \/>\n\t<meta property=\"og:image:width\" content=\"1600\" \/>\n\t<meta property=\"og:image:height\" content=\"1600\" \/>\n\t<meta property=\"og:image:type\" content=\"image\/jpeg\" \/>\n<meta name=\"twitter:card\" content=\"summary_large_image\" \/>\n<meta name=\"twitter:label1\" content=\"Tiempo de lectura\" \/>\n\t<meta name=\"twitter:data1\" content=\"2 minutos\" \/>\n<script type=\"application\/ld+json\" class=\"yoast-schema-graph\">{\"@context\":\"https:\\\/\\\/schema.org\",\"@graph\":[{\"@type\":\"WebPage\",\"@id\":\"https:\\\/\\\/www.blecha.at\\\/es\\\/productos\\\/perfilesestandar\\\/\",\"url\":\"https:\\\/\\\/www.blecha.at\\\/es\\\/productos\\\/perfilesestandar\\\/\",\"name\":\"Perfiles est\u00e1ndar | BLECHA\",\"isPartOf\":{\"@id\":\"https:\\\/\\\/www.blecha.at\\\/#website\"},\"primaryImageOfPage\":{\"@id\":\"https:\\\/\\\/www.blecha.at\\\/es\\\/productos\\\/perfilesestandar\\\/#primaryimage\"},\"image\":{\"@id\":\"https:\\\/\\\/www.blecha.at\\\/es\\\/productos\\\/perfilesestandar\\\/#primaryimage\"},\"thumbnailUrl\":\"https:\\\/\\\/www.blecha.at\\\/wp-content\\\/uploads\\\/2021\\\/03\\\/blecha-standardprofile-1-thumbnail.jpg\",\"datePublished\":\"2021-01-22T21:11:16+00:00\",\"dateModified\":\"2024-06-27T19:29:32+00:00\",\"description\":\"En nuestro almac\u00e9n puede obtener todos los perfiles de aluminio est\u00e1ndar con dimensiones individuales para tubos redondos, \u00e1ngulos, perfiles U, perfiles T, perfiles Z, tubos perfilados (cuadrados, con pesta\u00f1a y \\\/ o radio), tubos rectangulares (tubos perfilados), tubos triangulares, tubos ovalados, perfiles C, perfiles H y perfiles I con entrega r\u00e1pida gracias al stock interno.\",\"breadcrumb\":{\"@id\":\"https:\\\/\\\/www.blecha.at\\\/es\\\/productos\\\/perfilesestandar\\\/#breadcrumb\"},\"inLanguage\":\"es\",\"potentialAction\":[{\"@type\":\"ReadAction\",\"target\":[\"https:\\\/\\\/www.blecha.at\\\/es\\\/productos\\\/perfilesestandar\\\/\"]}]},{\"@type\":\"ImageObject\",\"inLanguage\":\"es\",\"@id\":\"https:\\\/\\\/www.blecha.at\\\/es\\\/productos\\\/perfilesestandar\\\/#primaryimage\",\"url\":\"https:\\\/\\\/www.blecha.at\\\/wp-content\\\/uploads\\\/2021\\\/03\\\/blecha-standardprofile-1-thumbnail.jpg\",\"contentUrl\":\"https:\\\/\\\/www.blecha.at\\\/wp-content\\\/uploads\\\/2021\\\/03\\\/blecha-standardprofile-1-thumbnail.jpg\",\"width\":1600,\"height\":1600},{\"@type\":\"BreadcrumbList\",\"@id\":\"https:\\\/\\\/www.blecha.at\\\/es\\\/productos\\\/perfilesestandar\\\/#breadcrumb\",\"itemListElement\":[{\"@type\":\"ListItem\",\"position\":1,\"name\":\"Home\",\"item\":\"https:\\\/\\\/www.blecha.at\\\/es\\\/\"},{\"@type\":\"ListItem\",\"position\":2,\"name\":\"Productos\",\"item\":\"https:\\\/\\\/www.blecha.at\\\/es\\\/productos\\\/\"},{\"@type\":\"ListItem\",\"position\":3,\"name\":\"Perfiles est\u00e1ndar\"}]},{\"@type\":\"WebSite\",\"@id\":\"https:\\\/\\\/www.blecha.at\\\/#website\",\"url\":\"https:\\\/\\\/www.blecha.at\\\/\",\"name\":\"BLECHA\",\"description\":\"Eine weitere WordPress-Website\",\"potentialAction\":[{\"@type\":\"SearchAction\",\"target\":{\"@type\":\"EntryPoint\",\"urlTemplate\":\"https:\\\/\\\/www.blecha.at\\\/?s={search_term_string}\"},\"query-input\":{\"@type\":\"PropertyValueSpecification\",\"valueRequired\":true,\"valueName\":\"search_term_string\"}}],\"inLanguage\":\"es\"}]}<\/script>\n<!-- \/ Yoast SEO plugin. -->","yoast_head_json":{"title":"Perfiles est\u00e1ndar | BLECHA","description":"En nuestro almac\u00e9n puede obtener todos los perfiles de aluminio est\u00e1ndar con dimensiones individuales para tubos redondos, \u00e1ngulos, perfiles U, perfiles T, perfiles Z, tubos perfilados (cuadrados, con pesta\u00f1a y \/ o radio), tubos rectangulares (tubos perfilados), tubos triangulares, tubos ovalados, perfiles C, perfiles H y perfiles I con entrega r\u00e1pida gracias al stock interno.","robots":{"index":"index","follow":"follow","max-snippet":"max-snippet:-1","max-image-preview":"max-image-preview:large","max-video-preview":"max-video-preview:-1"},"canonical":"https:\/\/www.blecha.at\/es\/productos\/perfilesestandar\/","og_locale":"es_ES","og_type":"article","og_title":"Perfiles est\u00e1ndar | BLECHA","og_description":"En nuestro almac\u00e9n puede obtener todos los perfiles de aluminio est\u00e1ndar con dimensiones individuales para tubos redondos, \u00e1ngulos, perfiles U, perfiles T, perfiles Z, tubos perfilados (cuadrados, con pesta\u00f1a y \/ o radio), tubos rectangulares (tubos perfilados), tubos triangulares, tubos ovalados, perfiles C, perfiles H y perfiles I con entrega r\u00e1pida gracias al stock interno.","og_url":"https:\/\/www.blecha.at\/es\/productos\/perfilesestandar\/","og_site_name":"BLECHA","article_modified_time":"2024-06-27T19:29:32+00:00","og_image":[{"width":1600,"height":1600,"url":"https:\/\/www.blecha.at\/wp-content\/uploads\/2021\/03\/blecha-standardprofile-1-thumbnail.jpg","type":"image\/jpeg"}],"twitter_card":"summary_large_image","twitter_misc":{"Tiempo de lectura":"2 minutos"},"schema":{"@context":"https:\/\/schema.org","@graph":[{"@type":"WebPage","@id":"https:\/\/www.blecha.at\/es\/productos\/perfilesestandar\/","url":"https:\/\/www.blecha.at\/es\/productos\/perfilesestandar\/","name":"Perfiles est\u00e1ndar | BLECHA","isPartOf":{"@id":"https:\/\/www.blecha.at\/#website"},"primaryImageOfPage":{"@id":"https:\/\/www.blecha.at\/es\/productos\/perfilesestandar\/#primaryimage"},"image":{"@id":"https:\/\/www.blecha.at\/es\/productos\/perfilesestandar\/#primaryimage"},"thumbnailUrl":"https:\/\/www.blecha.at\/wp-content\/uploads\/2021\/03\/blecha-standardprofile-1-thumbnail.jpg","datePublished":"2021-01-22T21:11:16+00:00","dateModified":"2024-06-27T19:29:32+00:00","description":"En nuestro almac\u00e9n puede obtener todos los perfiles de aluminio est\u00e1ndar con dimensiones individuales para tubos redondos, \u00e1ngulos, perfiles U, perfiles T, perfiles Z, tubos perfilados (cuadrados, con pesta\u00f1a y \/ o radio), tubos rectangulares (tubos perfilados), tubos triangulares, tubos ovalados, perfiles C, perfiles H y perfiles I con entrega r\u00e1pida gracias al stock interno.","breadcrumb":{"@id":"https:\/\/www.blecha.at\/es\/productos\/perfilesestandar\/#breadcrumb"},"inLanguage":"es","potentialAction":[{"@type":"ReadAction","target":["https:\/\/www.blecha.at\/es\/productos\/perfilesestandar\/"]}]},{"@type":"ImageObject","inLanguage":"es","@id":"https:\/\/www.blecha.at\/es\/productos\/perfilesestandar\/#primaryimage","url":"https:\/\/www.blecha.at\/wp-content\/uploads\/2021\/03\/blecha-standardprofile-1-thumbnail.jpg","contentUrl":"https:\/\/www.blecha.at\/wp-content\/uploads\/2021\/03\/blecha-standardprofile-1-thumbnail.jpg","width":1600,"height":1600},{"@type":"BreadcrumbList","@id":"https:\/\/www.blecha.at\/es\/productos\/perfilesestandar\/#breadcrumb","itemListElement":[{"@type":"ListItem","position":1,"name":"Home","item":"https:\/\/www.blecha.at\/es\/"},{"@type":"ListItem","position":2,"name":"Productos","item":"https:\/\/www.blecha.at\/es\/productos\/"},{"@type":"ListItem","position":3,"name":"Perfiles est\u00e1ndar"}]},{"@type":"WebSite","@id":"https:\/\/www.blecha.at\/#website","url":"https:\/\/www.blecha.at\/","name":"BLECHA","description":"Eine weitere WordPress-Website","potentialAction":[{"@type":"SearchAction","target":{"@type":"EntryPoint","urlTemplate":"https:\/\/www.blecha.at\/?s={search_term_string}"},"query-input":{"@type":"PropertyValueSpecification","valueRequired":true,"valueName":"search_term_string"}}],"inLanguage":"es"}]}},"_links":{"self":[{"href":"https:\/\/www.blecha.at\/es\/wp-json\/wp\/v2\/pages\/6176","targetHints":{"allow":["GET"]}}],"collection":[{"href":"https:\/\/www.blecha.at\/es\/wp-json\/wp\/v2\/pages"}],"about":[{"href":"https:\/\/www.blecha.at\/es\/wp-json\/wp\/v2\/types\/page"}],"author":[{"embeddable":true,"href":"https:\/\/www.blecha.at\/es\/wp-json\/wp\/v2\/users\/2"}],"replies":[{"embeddable":true,"href":"https:\/\/www.blecha.at\/es\/wp-json\/wp\/v2\/comments?post=6176"}],"version-history":[{"count":6,"href":"https:\/\/www.blecha.at\/es\/wp-json\/wp\/v2\/pages\/6176\/revisions"}],"predecessor-version":[{"id":27837,"href":"https:\/\/www.blecha.at\/es\/wp-json\/wp\/v2\/pages\/6176\/revisions\/27837"}],"up":[{"embeddable":true,"href":"https:\/\/www.blecha.at\/es\/wp-json\/wp\/v2\/pages\/5458"}],"wp:featuredmedia":[{"embeddable":true,"href":"https:\/\/www.blecha.at\/es\/wp-json\/wp\/v2\/media\/6178"}],"wp:attachment":[{"href":"https:\/\/www.blecha.at\/es\/wp-json\/wp\/v2\/media?parent=6176"}],"curies":[{"name":"wp","href":"https:\/\/api.w.org\/{rel}","templated":true}]}}