{"id":11347,"date":"2021-01-22T23:26:07","date_gmt":"2021-01-22T22:26:07","guid":{"rendered":"https:\/\/www.blecha.at\/produits\/zulieferteile-fuer-saugfoerderanlagen\/"},"modified":"2022-02-22T15:40:48","modified_gmt":"2022-02-22T14:40:48","slug":"pieces-fournies-pour-les-systemes-de-transport-par-le-vide","status":"publish","type":"page","link":"https:\/\/www.blecha.at\/fr\/produits\/pieces-fournies-pour-les-systemes-de-transport-par-le-vide\/","title":{"rendered":"Pi\u00e8ces fournies pour les syst\u00e8mes de transport par le vide"},"content":{"rendered":"\n<section id=\"sectionTwo\" class=\"mt-lg-n11 py-8 py-md-11 px-lg-9 border-left border-right border-right-lg-none bg-white\">\n\n\n<div class=\"wp-bootstrap-blocks-container container-fluid mb-0\">\n\t\n<div class=\"wp-bootstrap-blocks-row row mx-auto\">\n\t\n\n<div class=\"col-12 col-md-10\">\n\t\t\t\n\n<h2 class=\"text-secondary scroll-fade-bottom-up visibility-hidden wp-block-heading\" id=\"fourniture-de-divers-elements-pour-les-systemes-de-transport-de-granules-dans-l-industrie-des-matieres-plastiques-granules-de-plastique-ou-d-autres-produits-absorbants\">Fourniture de divers \u00e9l\u00e9ments pour les syst\u00e8mes de transport de granul\u00e9s dans l&rsquo;industrie des mati\u00e8res plastiques (granul\u00e9s de plastique) ou d&rsquo;autres produits absorbants.<\/h2>\n\n\n\n<p class=\"scroll-fade-bottom-up visibility-hidden\">En plus des coudes de tuyaux en aluminium, des coudes de tuyaux en acier inoxydable (sur demande avec des extensions de pied d&rsquo;un ou des deux c\u00f4t\u00e9s) dans une grande vari\u00e9t\u00e9 de dimensions, des d\u00e9rivations, des pi\u00e8ces en T, des r\u00e9ducteurs et des raccords, notre programme comprend \u00e9galement des accessoires pour l&rsquo;aspiration de syst\u00e8mes de transport par le vide. Nous livrons rapidement une vari\u00e9t\u00e9 de produits en stock, tels que des raccords de tuyaux, des connecteurs de tuyaux et des raccords Storz ainsi que des colliers \u00e0 large bande (raccords de tuyaux), des colliers de fixation (acier galvanis\u00e9), des raccords Morris, des rails d&rsquo;ancrage et des tuyaux en PVC avec des spirales en acier ( Vidaspir F).&nbsp;<\/p>\n\n\n\n<p class=\"scroll-fade-bottom-up visibility-hidden\">De plus, sur demande, nous pouvons livrer des coudes de sol selon les plans du client ainsi que des coudes de tuyaux en verre et des collecteur de tuyaux dans un d\u00e9lai tr\u00e8s court.<\/p>\n\n\t<\/div>\n\n<\/div>\n\n<\/div>\n\n\n\n<\/section>\n\n\n\n<div style=\"height:10px\" aria-hidden=\"true\" class=\"wp-block-spacer\"><\/div>\n\n\n\n<section data-jarallax=\"\" data-speed=\".8\" class=\"py-12 py-md-13 overlay overlay-black overlay-40 bg-cover jarallax\" style=\"background-image: url(\/wp-content\/uploads\/2021\/08\/blecha-aluminium-profile-zulieferteile.jpg);\">\n  <div class=\"container\">\n    <div class=\"row mx-auto\">\n      <div class=\"col-12 col-md-10\">\n        <!-- Blockquote -->\n        <blockquote class=\"blockquote mb-0\"> \n          \n          <!-- Text -->\n          <p class=\"h2 text-white text-left font-regular scroll-fade-bottom-up visibility-hidden\">Nous aimons les sp\u00e9cialit\u00e9s. Plongez dans notre vaste gamme et trouvez les pi\u00e8ces qui vous conviennent.<\/p>\n\n\n<div class=\"wp-bootstrap-blocks-button\">\n\t<a\n\t\thref=\"https:\/\/www.aluprofil.at\/fr\/raccords\/accessoires-pour-lalimentation-des-machines-de-moulage\/\"\n\t\t\t\t\t\tclass=\"btn mt-4 scroll-fade-bottom-up visibility-hidden btn-secondary\"\n\t>\n\t\tVers la gamme\t<\/a>\n<\/div>\n\n\n\n<\/blockquote>\n      <\/div>\n    <\/div>\n  <\/div>\n<\/section>\n","protected":false},"excerpt":{"rendered":"Nous aimons les sp\u00e9cialit\u00e9s. Plongez dans notre vaste gamme et trouvez les pi\u00e8ces qui vous conviennent.","protected":false},"author":2,"featured_media":11349,"parent":5412,"menu_order":0,"comment_status":"closed","ping_status":"closed","template":"page-produkte.php","meta":{"_acf_changed":false,"footnotes":""},"class_list":["post-11347","page","type-page","status-publish","has-post-thumbnail","hentry"],"acf":[],"yoast_head":"<!-- This site is optimized with the Yoast SEO plugin v27.3 - https:\/\/yoast.com\/product\/yoast-seo-wordpress\/ -->\n<title>Pi\u00e8ces fournies pour les syst\u00e8mes de transport par le vide | BLECHA<\/title>\n<meta name=\"description\" content=\"Notre programme comprend la fourniture de divers \u00e9l\u00e9ments pour les syst\u00e8mes de transport de granul\u00e9s dans l&#039;industrie plastique ou d&#039;autres produits absorbants.\" \/>\n<meta name=\"robots\" content=\"index, follow, max-snippet:-1, max-image-preview:large, max-video-preview:-1\" \/>\n<link rel=\"canonical\" href=\"https:\/\/www.blecha.at\/fr\/produits\/pieces-fournies-pour-les-systemes-de-transport-par-le-vide\/\" \/>\n<meta property=\"og:locale\" content=\"fr_FR\" \/>\n<meta property=\"og:type\" content=\"article\" \/>\n<meta property=\"og:title\" content=\"Pi\u00e8ces fournies pour les syst\u00e8mes de transport par le vide | BLECHA\" \/>\n<meta property=\"og:description\" content=\"Notre programme comprend la fourniture de divers \u00e9l\u00e9ments pour les syst\u00e8mes de transport de granul\u00e9s dans l&#039;industrie plastique ou d&#039;autres produits absorbants.\" \/>\n<meta property=\"og:url\" content=\"https:\/\/www.blecha.at\/fr\/produits\/pieces-fournies-pour-les-systemes-de-transport-par-le-vide\/\" \/>\n<meta property=\"og:site_name\" content=\"BLECHA\" \/>\n<meta property=\"article:modified_time\" content=\"2022-02-22T14:40:48+00:00\" \/>\n<meta property=\"og:image\" content=\"https:\/\/www.blecha.at\/wp-content\/uploads\/2021\/03\/blecha-zulieferteile-fuer-saugfoerderanlagen-1-thumbnail.jpg\" \/>\n\t<meta property=\"og:image:width\" content=\"1600\" \/>\n\t<meta property=\"og:image:height\" content=\"1600\" \/>\n\t<meta property=\"og:image:type\" content=\"image\/jpeg\" \/>\n<meta name=\"twitter:card\" content=\"summary_large_image\" \/>\n<meta name=\"twitter:label1\" content=\"Dur\u00e9e de lecture estim\u00e9e\" \/>\n\t<meta name=\"twitter:data1\" content=\"2 minutes\" \/>\n<script type=\"application\/ld+json\" class=\"yoast-schema-graph\">{\"@context\":\"https:\\\/\\\/schema.org\",\"@graph\":[{\"@type\":\"WebPage\",\"@id\":\"https:\\\/\\\/www.blecha.at\\\/fr\\\/produits\\\/pieces-fournies-pour-les-systemes-de-transport-par-le-vide\\\/\",\"url\":\"https:\\\/\\\/www.blecha.at\\\/fr\\\/produits\\\/pieces-fournies-pour-les-systemes-de-transport-par-le-vide\\\/\",\"name\":\"Pi\u00e8ces fournies pour les syst\u00e8mes de transport par le vide | BLECHA\",\"isPartOf\":{\"@id\":\"https:\\\/\\\/www.blecha.at\\\/#website\"},\"primaryImageOfPage\":{\"@id\":\"https:\\\/\\\/www.blecha.at\\\/fr\\\/produits\\\/pieces-fournies-pour-les-systemes-de-transport-par-le-vide\\\/#primaryimage\"},\"image\":{\"@id\":\"https:\\\/\\\/www.blecha.at\\\/fr\\\/produits\\\/pieces-fournies-pour-les-systemes-de-transport-par-le-vide\\\/#primaryimage\"},\"thumbnailUrl\":\"https:\\\/\\\/www.blecha.at\\\/wp-content\\\/uploads\\\/2021\\\/03\\\/blecha-zulieferteile-fuer-saugfoerderanlagen-1-thumbnail.jpg\",\"datePublished\":\"2021-01-22T22:26:07+00:00\",\"dateModified\":\"2022-02-22T14:40:48+00:00\",\"description\":\"Notre programme comprend la fourniture de divers \u00e9l\u00e9ments pour les syst\u00e8mes de transport de granul\u00e9s dans l'industrie plastique ou d'autres produits absorbants.\",\"breadcrumb\":{\"@id\":\"https:\\\/\\\/www.blecha.at\\\/fr\\\/produits\\\/pieces-fournies-pour-les-systemes-de-transport-par-le-vide\\\/#breadcrumb\"},\"inLanguage\":\"fr-FR\",\"potentialAction\":[{\"@type\":\"ReadAction\",\"target\":[\"https:\\\/\\\/www.blecha.at\\\/fr\\\/produits\\\/pieces-fournies-pour-les-systemes-de-transport-par-le-vide\\\/\"]}]},{\"@type\":\"ImageObject\",\"inLanguage\":\"fr-FR\",\"@id\":\"https:\\\/\\\/www.blecha.at\\\/fr\\\/produits\\\/pieces-fournies-pour-les-systemes-de-transport-par-le-vide\\\/#primaryimage\",\"url\":\"https:\\\/\\\/www.blecha.at\\\/wp-content\\\/uploads\\\/2021\\\/03\\\/blecha-zulieferteile-fuer-saugfoerderanlagen-1-thumbnail.jpg\",\"contentUrl\":\"https:\\\/\\\/www.blecha.at\\\/wp-content\\\/uploads\\\/2021\\\/03\\\/blecha-zulieferteile-fuer-saugfoerderanlagen-1-thumbnail.jpg\",\"width\":1600,\"height\":1600},{\"@type\":\"BreadcrumbList\",\"@id\":\"https:\\\/\\\/www.blecha.at\\\/fr\\\/produits\\\/pieces-fournies-pour-les-systemes-de-transport-par-le-vide\\\/#breadcrumb\",\"itemListElement\":[{\"@type\":\"ListItem\",\"position\":1,\"name\":\"Home\",\"item\":\"https:\\\/\\\/www.blecha.at\\\/fr\\\/\"},{\"@type\":\"ListItem\",\"position\":2,\"name\":\"Produits\",\"item\":\"https:\\\/\\\/www.blecha.at\\\/fr\\\/produits\\\/\"},{\"@type\":\"ListItem\",\"position\":3,\"name\":\"Pi\u00e8ces fournies pour les syst\u00e8mes de transport par le vide\"}]},{\"@type\":\"WebSite\",\"@id\":\"https:\\\/\\\/www.blecha.at\\\/#website\",\"url\":\"https:\\\/\\\/www.blecha.at\\\/\",\"name\":\"BLECHA\",\"description\":\"Eine weitere WordPress-Website\",\"potentialAction\":[{\"@type\":\"SearchAction\",\"target\":{\"@type\":\"EntryPoint\",\"urlTemplate\":\"https:\\\/\\\/www.blecha.at\\\/?s={search_term_string}\"},\"query-input\":{\"@type\":\"PropertyValueSpecification\",\"valueRequired\":true,\"valueName\":\"search_term_string\"}}],\"inLanguage\":\"fr-FR\"}]}<\/script>\n<!-- \/ Yoast SEO plugin. -->","yoast_head_json":{"title":"Pi\u00e8ces fournies pour les syst\u00e8mes de transport par le vide | BLECHA","description":"Notre programme comprend la fourniture de divers \u00e9l\u00e9ments pour les syst\u00e8mes de transport de granul\u00e9s dans l'industrie plastique ou d'autres produits absorbants.","robots":{"index":"index","follow":"follow","max-snippet":"max-snippet:-1","max-image-preview":"max-image-preview:large","max-video-preview":"max-video-preview:-1"},"canonical":"https:\/\/www.blecha.at\/fr\/produits\/pieces-fournies-pour-les-systemes-de-transport-par-le-vide\/","og_locale":"fr_FR","og_type":"article","og_title":"Pi\u00e8ces fournies pour les syst\u00e8mes de transport par le vide | BLECHA","og_description":"Notre programme comprend la fourniture de divers \u00e9l\u00e9ments pour les syst\u00e8mes de transport de granul\u00e9s dans l'industrie plastique ou d'autres produits absorbants.","og_url":"https:\/\/www.blecha.at\/fr\/produits\/pieces-fournies-pour-les-systemes-de-transport-par-le-vide\/","og_site_name":"BLECHA","article_modified_time":"2022-02-22T14:40:48+00:00","og_image":[{"width":1600,"height":1600,"url":"https:\/\/www.blecha.at\/wp-content\/uploads\/2021\/03\/blecha-zulieferteile-fuer-saugfoerderanlagen-1-thumbnail.jpg","type":"image\/jpeg"}],"twitter_card":"summary_large_image","twitter_misc":{"Dur\u00e9e de lecture estim\u00e9e":"2 minutes"},"schema":{"@context":"https:\/\/schema.org","@graph":[{"@type":"WebPage","@id":"https:\/\/www.blecha.at\/fr\/produits\/pieces-fournies-pour-les-systemes-de-transport-par-le-vide\/","url":"https:\/\/www.blecha.at\/fr\/produits\/pieces-fournies-pour-les-systemes-de-transport-par-le-vide\/","name":"Pi\u00e8ces fournies pour les syst\u00e8mes de transport par le vide | BLECHA","isPartOf":{"@id":"https:\/\/www.blecha.at\/#website"},"primaryImageOfPage":{"@id":"https:\/\/www.blecha.at\/fr\/produits\/pieces-fournies-pour-les-systemes-de-transport-par-le-vide\/#primaryimage"},"image":{"@id":"https:\/\/www.blecha.at\/fr\/produits\/pieces-fournies-pour-les-systemes-de-transport-par-le-vide\/#primaryimage"},"thumbnailUrl":"https:\/\/www.blecha.at\/wp-content\/uploads\/2021\/03\/blecha-zulieferteile-fuer-saugfoerderanlagen-1-thumbnail.jpg","datePublished":"2021-01-22T22:26:07+00:00","dateModified":"2022-02-22T14:40:48+00:00","description":"Notre programme comprend la fourniture de divers \u00e9l\u00e9ments pour les syst\u00e8mes de transport de granul\u00e9s dans l'industrie plastique ou d'autres produits absorbants.","breadcrumb":{"@id":"https:\/\/www.blecha.at\/fr\/produits\/pieces-fournies-pour-les-systemes-de-transport-par-le-vide\/#breadcrumb"},"inLanguage":"fr-FR","potentialAction":[{"@type":"ReadAction","target":["https:\/\/www.blecha.at\/fr\/produits\/pieces-fournies-pour-les-systemes-de-transport-par-le-vide\/"]}]},{"@type":"ImageObject","inLanguage":"fr-FR","@id":"https:\/\/www.blecha.at\/fr\/produits\/pieces-fournies-pour-les-systemes-de-transport-par-le-vide\/#primaryimage","url":"https:\/\/www.blecha.at\/wp-content\/uploads\/2021\/03\/blecha-zulieferteile-fuer-saugfoerderanlagen-1-thumbnail.jpg","contentUrl":"https:\/\/www.blecha.at\/wp-content\/uploads\/2021\/03\/blecha-zulieferteile-fuer-saugfoerderanlagen-1-thumbnail.jpg","width":1600,"height":1600},{"@type":"BreadcrumbList","@id":"https:\/\/www.blecha.at\/fr\/produits\/pieces-fournies-pour-les-systemes-de-transport-par-le-vide\/#breadcrumb","itemListElement":[{"@type":"ListItem","position":1,"name":"Home","item":"https:\/\/www.blecha.at\/fr\/"},{"@type":"ListItem","position":2,"name":"Produits","item":"https:\/\/www.blecha.at\/fr\/produits\/"},{"@type":"ListItem","position":3,"name":"Pi\u00e8ces fournies pour les syst\u00e8mes de transport par le vide"}]},{"@type":"WebSite","@id":"https:\/\/www.blecha.at\/#website","url":"https:\/\/www.blecha.at\/","name":"BLECHA","description":"Eine weitere WordPress-Website","potentialAction":[{"@type":"SearchAction","target":{"@type":"EntryPoint","urlTemplate":"https:\/\/www.blecha.at\/?s={search_term_string}"},"query-input":{"@type":"PropertyValueSpecification","valueRequired":true,"valueName":"search_term_string"}}],"inLanguage":"fr-FR"}]}},"_links":{"self":[{"href":"https:\/\/www.blecha.at\/fr\/wp-json\/wp\/v2\/pages\/11347","targetHints":{"allow":["GET"]}}],"collection":[{"href":"https:\/\/www.blecha.at\/fr\/wp-json\/wp\/v2\/pages"}],"about":[{"href":"https:\/\/www.blecha.at\/fr\/wp-json\/wp\/v2\/types\/page"}],"author":[{"embeddable":true,"href":"https:\/\/www.blecha.at\/fr\/wp-json\/wp\/v2\/users\/2"}],"replies":[{"embeddable":true,"href":"https:\/\/www.blecha.at\/fr\/wp-json\/wp\/v2\/comments?post=11347"}],"version-history":[{"count":6,"href":"https:\/\/www.blecha.at\/fr\/wp-json\/wp\/v2\/pages\/11347\/revisions"}],"predecessor-version":[{"id":14422,"href":"https:\/\/www.blecha.at\/fr\/wp-json\/wp\/v2\/pages\/11347\/revisions\/14422"}],"up":[{"embeddable":true,"href":"https:\/\/www.blecha.at\/fr\/wp-json\/wp\/v2\/pages\/5412"}],"wp:featuredmedia":[{"embeddable":true,"href":"https:\/\/www.blecha.at\/fr\/wp-json\/wp\/v2\/media\/11349"}],"wp:attachment":[{"href":"https:\/\/www.blecha.at\/fr\/wp-json\/wp\/v2\/media?parent=11347"}],"curies":[{"name":"wp","href":"https:\/\/api.w.org\/{rel}","templated":true}]}}