{"id":11495,"date":"2020-10-05T12:42:32","date_gmt":"2020-10-05T10:42:32","guid":{"rendered":"https:\/\/www.blecha.at\/unternehmen\/"},"modified":"2026-03-09T15:06:40","modified_gmt":"2026-03-09T14:06:40","slug":"lentreprise","status":"publish","type":"page","link":"https:\/\/www.blecha.at\/fr\/lentreprise\/","title":{"rendered":"Unternehmen"},"content":{"rendered":"","protected":false},"excerpt":{"rendered":"","protected":false},"author":2,"featured_media":0,"parent":0,"menu_order":0,"comment_status":"closed","ping_status":"closed","template":"page-unternehmen.php","meta":{"_acf_changed":false,"footnotes":""},"class_list":["post-11495","page","type-page","status-publish","hentry"],"acf":[],"yoast_head":"<!-- This site is optimized with the Yoast SEO plugin v27.3 - https:\/\/yoast.com\/product\/yoast-seo-wordpress\/ -->\n<title>L&#039;Entreprise | BLECHA<\/title>\n<meta name=\"description\" content=\"Nous entretenons une relation \u00e9troite avec notre mat\u00e9riau. Pour nous, l&#039;aluminium est bien plus qu&#039;un produit stable et l\u00e9ger. C&#039;est notre passion, notre volont\u00e9 d&#039;innover qui nous maintient en forme chaque jour.\" \/>\n<meta name=\"robots\" content=\"index, follow, max-snippet:-1, max-image-preview:large, max-video-preview:-1\" \/>\n<link rel=\"canonical\" href=\"https:\/\/www.blecha.at\/fr\/lentreprise\/\" \/>\n<meta property=\"og:locale\" content=\"fr_FR\" \/>\n<meta property=\"og:type\" content=\"article\" \/>\n<meta property=\"og:title\" content=\"L&#039;Entreprise | BLECHA\" \/>\n<meta property=\"og:description\" content=\"Nous entretenons une relation \u00e9troite avec notre mat\u00e9riau. Pour nous, l&#039;aluminium est bien plus qu&#039;un produit stable et l\u00e9ger. C&#039;est notre passion, notre volont\u00e9 d&#039;innover qui nous maintient en forme chaque jour.\" \/>\n<meta property=\"og:url\" content=\"https:\/\/www.blecha.at\/fr\/lentreprise\/\" \/>\n<meta property=\"og:site_name\" content=\"BLECHA\" \/>\n<meta property=\"article:modified_time\" content=\"2026-03-09T14:06:40+00:00\" \/>\n<meta property=\"og:image\" content=\"https:\/\/www.blecha.at\/wp-content\/uploads\/2021\/02\/blecha-unternehmen-auswahl-gebaeude-3-scaled.jpg\" \/>\n\t<meta property=\"og:image:width\" content=\"2560\" \/>\n\t<meta property=\"og:image:height\" content=\"1642\" \/>\n\t<meta property=\"og:image:type\" content=\"image\/jpeg\" \/>\n<meta name=\"twitter:card\" content=\"summary_large_image\" \/>\n<script type=\"application\/ld+json\" class=\"yoast-schema-graph\">{\"@context\":\"https:\\\/\\\/schema.org\",\"@graph\":[{\"@type\":\"WebPage\",\"@id\":\"https:\\\/\\\/www.blecha.at\\\/fr\\\/lentreprise\\\/\",\"url\":\"https:\\\/\\\/www.blecha.at\\\/fr\\\/lentreprise\\\/\",\"name\":\"L'Entreprise | BLECHA\",\"isPartOf\":{\"@id\":\"https:\\\/\\\/www.blecha.at\\\/#website\"},\"datePublished\":\"2020-10-05T10:42:32+00:00\",\"dateModified\":\"2026-03-09T14:06:40+00:00\",\"description\":\"Nous entretenons une relation \u00e9troite avec notre mat\u00e9riau. Pour nous, l'aluminium est bien plus qu'un produit stable et l\u00e9ger. C'est notre passion, notre volont\u00e9 d'innover qui nous maintient en forme chaque jour.\",\"breadcrumb\":{\"@id\":\"https:\\\/\\\/www.blecha.at\\\/fr\\\/lentreprise\\\/#breadcrumb\"},\"inLanguage\":\"fr-FR\",\"potentialAction\":[{\"@type\":\"ReadAction\",\"target\":[\"https:\\\/\\\/www.blecha.at\\\/fr\\\/lentreprise\\\/\"]}]},{\"@type\":\"BreadcrumbList\",\"@id\":\"https:\\\/\\\/www.blecha.at\\\/fr\\\/lentreprise\\\/#breadcrumb\",\"itemListElement\":[{\"@type\":\"ListItem\",\"position\":1,\"name\":\"Home\",\"item\":\"https:\\\/\\\/www.blecha.at\\\/fr\\\/\"},{\"@type\":\"ListItem\",\"position\":2,\"name\":\"Unternehmen\"}]},{\"@type\":\"WebSite\",\"@id\":\"https:\\\/\\\/www.blecha.at\\\/#website\",\"url\":\"https:\\\/\\\/www.blecha.at\\\/\",\"name\":\"BLECHA\",\"description\":\"Eine weitere WordPress-Website\",\"potentialAction\":[{\"@type\":\"SearchAction\",\"target\":{\"@type\":\"EntryPoint\",\"urlTemplate\":\"https:\\\/\\\/www.blecha.at\\\/?s={search_term_string}\"},\"query-input\":{\"@type\":\"PropertyValueSpecification\",\"valueRequired\":true,\"valueName\":\"search_term_string\"}}],\"inLanguage\":\"fr-FR\"}]}<\/script>\n<!-- \/ Yoast SEO plugin. -->","yoast_head_json":{"title":"L'Entreprise | BLECHA","description":"Nous entretenons une relation \u00e9troite avec notre mat\u00e9riau. Pour nous, l'aluminium est bien plus qu'un produit stable et l\u00e9ger. C'est notre passion, notre volont\u00e9 d'innover qui nous maintient en forme chaque jour.","robots":{"index":"index","follow":"follow","max-snippet":"max-snippet:-1","max-image-preview":"max-image-preview:large","max-video-preview":"max-video-preview:-1"},"canonical":"https:\/\/www.blecha.at\/fr\/lentreprise\/","og_locale":"fr_FR","og_type":"article","og_title":"L'Entreprise | BLECHA","og_description":"Nous entretenons une relation \u00e9troite avec notre mat\u00e9riau. Pour nous, l'aluminium est bien plus qu'un produit stable et l\u00e9ger. C'est notre passion, notre volont\u00e9 d'innover qui nous maintient en forme chaque jour.","og_url":"https:\/\/www.blecha.at\/fr\/lentreprise\/","og_site_name":"BLECHA","article_modified_time":"2026-03-09T14:06:40+00:00","og_image":[{"width":2560,"height":1642,"url":"https:\/\/www.blecha.at\/wp-content\/uploads\/2021\/02\/blecha-unternehmen-auswahl-gebaeude-3-scaled.jpg","type":"image\/jpeg"}],"twitter_card":"summary_large_image","schema":{"@context":"https:\/\/schema.org","@graph":[{"@type":"WebPage","@id":"https:\/\/www.blecha.at\/fr\/lentreprise\/","url":"https:\/\/www.blecha.at\/fr\/lentreprise\/","name":"L'Entreprise | BLECHA","isPartOf":{"@id":"https:\/\/www.blecha.at\/#website"},"datePublished":"2020-10-05T10:42:32+00:00","dateModified":"2026-03-09T14:06:40+00:00","description":"Nous entretenons une relation \u00e9troite avec notre mat\u00e9riau. Pour nous, l'aluminium est bien plus qu'un produit stable et l\u00e9ger. C'est notre passion, notre volont\u00e9 d'innover qui nous maintient en forme chaque jour.","breadcrumb":{"@id":"https:\/\/www.blecha.at\/fr\/lentreprise\/#breadcrumb"},"inLanguage":"fr-FR","potentialAction":[{"@type":"ReadAction","target":["https:\/\/www.blecha.at\/fr\/lentreprise\/"]}]},{"@type":"BreadcrumbList","@id":"https:\/\/www.blecha.at\/fr\/lentreprise\/#breadcrumb","itemListElement":[{"@type":"ListItem","position":1,"name":"Home","item":"https:\/\/www.blecha.at\/fr\/"},{"@type":"ListItem","position":2,"name":"Unternehmen"}]},{"@type":"WebSite","@id":"https:\/\/www.blecha.at\/#website","url":"https:\/\/www.blecha.at\/","name":"BLECHA","description":"Eine weitere WordPress-Website","potentialAction":[{"@type":"SearchAction","target":{"@type":"EntryPoint","urlTemplate":"https:\/\/www.blecha.at\/?s={search_term_string}"},"query-input":{"@type":"PropertyValueSpecification","valueRequired":true,"valueName":"search_term_string"}}],"inLanguage":"fr-FR"}]}},"_links":{"self":[{"href":"https:\/\/www.blecha.at\/fr\/wp-json\/wp\/v2\/pages\/11495","targetHints":{"allow":["GET"]}}],"collection":[{"href":"https:\/\/www.blecha.at\/fr\/wp-json\/wp\/v2\/pages"}],"about":[{"href":"https:\/\/www.blecha.at\/fr\/wp-json\/wp\/v2\/types\/page"}],"author":[{"embeddable":true,"href":"https:\/\/www.blecha.at\/fr\/wp-json\/wp\/v2\/users\/2"}],"replies":[{"embeddable":true,"href":"https:\/\/www.blecha.at\/fr\/wp-json\/wp\/v2\/comments?post=11495"}],"version-history":[{"count":6,"href":"https:\/\/www.blecha.at\/fr\/wp-json\/wp\/v2\/pages\/11495\/revisions"}],"predecessor-version":[{"id":31943,"href":"https:\/\/www.blecha.at\/fr\/wp-json\/wp\/v2\/pages\/11495\/revisions\/31943"}],"wp:attachment":[{"href":"https:\/\/www.blecha.at\/fr\/wp-json\/wp\/v2\/media?parent=11495"}],"curies":[{"name":"wp","href":"https:\/\/api.w.org\/{rel}","templated":true}]}}