{"id":22270,"date":"2023-09-13T16:08:43","date_gmt":"2023-09-13T14:08:43","guid":{"rendered":"https:\/\/www.blecha.at\/?page_id=22270"},"modified":"2026-02-09T16:18:29","modified_gmt":"2026-02-09T15:18:29","slug":"construction-de-volieres","status":"publish","type":"page","link":"https:\/\/www.blecha.at\/fr\/produits\/profiles-speciaux\/construction-de-volieres\/","title":{"rendered":"Construction de voli\u00e8res"},"content":{"rendered":"","protected":false},"excerpt":{"rendered":"","protected":false},"author":2,"featured_media":0,"parent":5799,"menu_order":0,"comment_status":"closed","ping_status":"closed","template":"page-zaunsysteme-details.php","meta":{"_acf_changed":false,"footnotes":""},"class_list":["post-22270","page","type-page","status-publish","hentry"],"acf":[],"yoast_head":"<!-- This site is optimized with the Yoast SEO plugin v27.3 - https:\/\/yoast.com\/product\/yoast-seo-wordpress\/ -->\n<title>Construction de voli\u00e8res | BLECHA Aluprofile<\/title>\n<meta name=\"description\" content=\"D\u00e9couvrez nos profil\u00e9s en aluminium de haute qualit\u00e9 pour la construction de voli\u00e8res. Nos profils sp\u00e9cialement d\u00e9velopp\u00e9s sont le choix id\u00e9al pour la construction de voli\u00e8res et de cages. Avec une large gamme de profils, notamment des profils de voli\u00e8re et des profils de cage, nous vous proposons les outils n\u00e9cessaires pour cr\u00e9er des voli\u00e8res s\u00fbres et durables.\" \/>\n<meta name=\"robots\" content=\"index, follow, max-snippet:-1, max-image-preview:large, max-video-preview:-1\" \/>\n<link rel=\"canonical\" href=\"https:\/\/www.blecha.at\/fr\/produits\/profiles-speciaux\/construction-de-volieres\/\" \/>\n<meta property=\"og:locale\" content=\"fr_FR\" \/>\n<meta property=\"og:type\" content=\"article\" \/>\n<meta property=\"og:title\" content=\"Construction de voli\u00e8res | BLECHA Aluprofile\" \/>\n<meta property=\"og:description\" content=\"D\u00e9couvrez nos profil\u00e9s en aluminium de haute qualit\u00e9 pour la construction de voli\u00e8res. Nos profils sp\u00e9cialement d\u00e9velopp\u00e9s sont le choix id\u00e9al pour la construction de voli\u00e8res et de cages. Avec une large gamme de profils, notamment des profils de voli\u00e8re et des profils de cage, nous vous proposons les outils n\u00e9cessaires pour cr\u00e9er des voli\u00e8res s\u00fbres et durables.\" \/>\n<meta property=\"og:url\" content=\"https:\/\/www.blecha.at\/fr\/produits\/profiles-speciaux\/construction-de-volieres\/\" \/>\n<meta property=\"og:site_name\" content=\"BLECHA\" \/>\n<meta property=\"article:modified_time\" content=\"2026-02-09T15:18:29+00:00\" \/>\n<meta property=\"og:image\" content=\"https:\/\/www.blecha.at\/wp-content\/uploads\/2021\/02\/blecha-unternehmen-auswahl-gebaeude-3-scaled.jpg\" \/>\n\t<meta property=\"og:image:width\" content=\"2560\" \/>\n\t<meta property=\"og:image:height\" content=\"1642\" \/>\n\t<meta property=\"og:image:type\" content=\"image\/jpeg\" \/>\n<meta name=\"twitter:card\" content=\"summary_large_image\" \/>\n<script type=\"application\/ld+json\" class=\"yoast-schema-graph\">{\"@context\":\"https:\\\/\\\/schema.org\",\"@graph\":[{\"@type\":\"WebPage\",\"@id\":\"https:\\\/\\\/www.blecha.at\\\/fr\\\/produits\\\/profiles-speciaux\\\/construction-de-volieres\\\/\",\"url\":\"https:\\\/\\\/www.blecha.at\\\/fr\\\/produits\\\/profiles-speciaux\\\/construction-de-volieres\\\/\",\"name\":\"Construction de voli\u00e8res | BLECHA Aluprofile\",\"isPartOf\":{\"@id\":\"https:\\\/\\\/www.blecha.at\\\/#website\"},\"datePublished\":\"2023-09-13T14:08:43+00:00\",\"dateModified\":\"2026-02-09T15:18:29+00:00\",\"description\":\"D\u00e9couvrez nos profil\u00e9s en aluminium de haute qualit\u00e9 pour la construction de voli\u00e8res. Nos profils sp\u00e9cialement d\u00e9velopp\u00e9s sont le choix id\u00e9al pour la construction de voli\u00e8res et de cages. Avec une large gamme de profils, notamment des profils de voli\u00e8re et des profils de cage, nous vous proposons les outils n\u00e9cessaires pour cr\u00e9er des voli\u00e8res s\u00fbres et durables.\",\"breadcrumb\":{\"@id\":\"https:\\\/\\\/www.blecha.at\\\/fr\\\/produits\\\/profiles-speciaux\\\/construction-de-volieres\\\/#breadcrumb\"},\"inLanguage\":\"fr-FR\",\"potentialAction\":[{\"@type\":\"ReadAction\",\"target\":[\"https:\\\/\\\/www.blecha.at\\\/fr\\\/produits\\\/profiles-speciaux\\\/construction-de-volieres\\\/\"]}]},{\"@type\":\"BreadcrumbList\",\"@id\":\"https:\\\/\\\/www.blecha.at\\\/fr\\\/produits\\\/profiles-speciaux\\\/construction-de-volieres\\\/#breadcrumb\",\"itemListElement\":[{\"@type\":\"ListItem\",\"position\":1,\"name\":\"Home\",\"item\":\"https:\\\/\\\/www.blecha.at\\\/fr\\\/\"},{\"@type\":\"ListItem\",\"position\":2,\"name\":\"Produits\",\"item\":\"https:\\\/\\\/www.blecha.at\\\/fr\\\/produits\\\/\"},{\"@type\":\"ListItem\",\"position\":3,\"name\":\"Profil\u00e9s sp\u00e9ciaux\",\"item\":\"https:\\\/\\\/www.blecha.at\\\/fr\\\/produits\\\/profiles-speciaux\\\/\"},{\"@type\":\"ListItem\",\"position\":4,\"name\":\"Construction de voli\u00e8res\"}]},{\"@type\":\"WebSite\",\"@id\":\"https:\\\/\\\/www.blecha.at\\\/#website\",\"url\":\"https:\\\/\\\/www.blecha.at\\\/\",\"name\":\"BLECHA\",\"description\":\"Eine weitere WordPress-Website\",\"potentialAction\":[{\"@type\":\"SearchAction\",\"target\":{\"@type\":\"EntryPoint\",\"urlTemplate\":\"https:\\\/\\\/www.blecha.at\\\/?s={search_term_string}\"},\"query-input\":{\"@type\":\"PropertyValueSpecification\",\"valueRequired\":true,\"valueName\":\"search_term_string\"}}],\"inLanguage\":\"fr-FR\"}]}<\/script>\n<!-- \/ Yoast SEO plugin. -->","yoast_head_json":{"title":"Construction de voli\u00e8res | BLECHA Aluprofile","description":"D\u00e9couvrez nos profil\u00e9s en aluminium de haute qualit\u00e9 pour la construction de voli\u00e8res. Nos profils sp\u00e9cialement d\u00e9velopp\u00e9s sont le choix id\u00e9al pour la construction de voli\u00e8res et de cages. Avec une large gamme de profils, notamment des profils de voli\u00e8re et des profils de cage, nous vous proposons les outils n\u00e9cessaires pour cr\u00e9er des voli\u00e8res s\u00fbres et durables.","robots":{"index":"index","follow":"follow","max-snippet":"max-snippet:-1","max-image-preview":"max-image-preview:large","max-video-preview":"max-video-preview:-1"},"canonical":"https:\/\/www.blecha.at\/fr\/produits\/profiles-speciaux\/construction-de-volieres\/","og_locale":"fr_FR","og_type":"article","og_title":"Construction de voli\u00e8res | BLECHA Aluprofile","og_description":"D\u00e9couvrez nos profil\u00e9s en aluminium de haute qualit\u00e9 pour la construction de voli\u00e8res. Nos profils sp\u00e9cialement d\u00e9velopp\u00e9s sont le choix id\u00e9al pour la construction de voli\u00e8res et de cages. Avec une large gamme de profils, notamment des profils de voli\u00e8re et des profils de cage, nous vous proposons les outils n\u00e9cessaires pour cr\u00e9er des voli\u00e8res s\u00fbres et durables.","og_url":"https:\/\/www.blecha.at\/fr\/produits\/profiles-speciaux\/construction-de-volieres\/","og_site_name":"BLECHA","article_modified_time":"2026-02-09T15:18:29+00:00","og_image":[{"width":2560,"height":1642,"url":"https:\/\/www.blecha.at\/wp-content\/uploads\/2021\/02\/blecha-unternehmen-auswahl-gebaeude-3-scaled.jpg","type":"image\/jpeg"}],"twitter_card":"summary_large_image","schema":{"@context":"https:\/\/schema.org","@graph":[{"@type":"WebPage","@id":"https:\/\/www.blecha.at\/fr\/produits\/profiles-speciaux\/construction-de-volieres\/","url":"https:\/\/www.blecha.at\/fr\/produits\/profiles-speciaux\/construction-de-volieres\/","name":"Construction de voli\u00e8res | BLECHA Aluprofile","isPartOf":{"@id":"https:\/\/www.blecha.at\/#website"},"datePublished":"2023-09-13T14:08:43+00:00","dateModified":"2026-02-09T15:18:29+00:00","description":"D\u00e9couvrez nos profil\u00e9s en aluminium de haute qualit\u00e9 pour la construction de voli\u00e8res. Nos profils sp\u00e9cialement d\u00e9velopp\u00e9s sont le choix id\u00e9al pour la construction de voli\u00e8res et de cages. Avec une large gamme de profils, notamment des profils de voli\u00e8re et des profils de cage, nous vous proposons les outils n\u00e9cessaires pour cr\u00e9er des voli\u00e8res s\u00fbres et durables.","breadcrumb":{"@id":"https:\/\/www.blecha.at\/fr\/produits\/profiles-speciaux\/construction-de-volieres\/#breadcrumb"},"inLanguage":"fr-FR","potentialAction":[{"@type":"ReadAction","target":["https:\/\/www.blecha.at\/fr\/produits\/profiles-speciaux\/construction-de-volieres\/"]}]},{"@type":"BreadcrumbList","@id":"https:\/\/www.blecha.at\/fr\/produits\/profiles-speciaux\/construction-de-volieres\/#breadcrumb","itemListElement":[{"@type":"ListItem","position":1,"name":"Home","item":"https:\/\/www.blecha.at\/fr\/"},{"@type":"ListItem","position":2,"name":"Produits","item":"https:\/\/www.blecha.at\/fr\/produits\/"},{"@type":"ListItem","position":3,"name":"Profil\u00e9s sp\u00e9ciaux","item":"https:\/\/www.blecha.at\/fr\/produits\/profiles-speciaux\/"},{"@type":"ListItem","position":4,"name":"Construction de voli\u00e8res"}]},{"@type":"WebSite","@id":"https:\/\/www.blecha.at\/#website","url":"https:\/\/www.blecha.at\/","name":"BLECHA","description":"Eine weitere WordPress-Website","potentialAction":[{"@type":"SearchAction","target":{"@type":"EntryPoint","urlTemplate":"https:\/\/www.blecha.at\/?s={search_term_string}"},"query-input":{"@type":"PropertyValueSpecification","valueRequired":true,"valueName":"search_term_string"}}],"inLanguage":"fr-FR"}]}},"_links":{"self":[{"href":"https:\/\/www.blecha.at\/fr\/wp-json\/wp\/v2\/pages\/22270","targetHints":{"allow":["GET"]}}],"collection":[{"href":"https:\/\/www.blecha.at\/fr\/wp-json\/wp\/v2\/pages"}],"about":[{"href":"https:\/\/www.blecha.at\/fr\/wp-json\/wp\/v2\/types\/page"}],"author":[{"embeddable":true,"href":"https:\/\/www.blecha.at\/fr\/wp-json\/wp\/v2\/users\/2"}],"replies":[{"embeddable":true,"href":"https:\/\/www.blecha.at\/fr\/wp-json\/wp\/v2\/comments?post=22270"}],"version-history":[{"count":7,"href":"https:\/\/www.blecha.at\/fr\/wp-json\/wp\/v2\/pages\/22270\/revisions"}],"predecessor-version":[{"id":31863,"href":"https:\/\/www.blecha.at\/fr\/wp-json\/wp\/v2\/pages\/22270\/revisions\/31863"}],"up":[{"embeddable":true,"href":"https:\/\/www.blecha.at\/fr\/wp-json\/wp\/v2\/pages\/5799"}],"wp:attachment":[{"href":"https:\/\/www.blecha.at\/fr\/wp-json\/wp\/v2\/media?parent=22270"}],"curies":[{"name":"wp","href":"https:\/\/api.w.org\/{rel}","templated":true}]}}