{"id":22283,"date":"2023-09-13T15:38:36","date_gmt":"2023-09-13T13:38:36","guid":{"rendered":"https:\/\/www.blecha.at\/?page_id=22283"},"modified":"2026-01-26T16:37:30","modified_gmt":"2026-01-26T15:37:30","slug":"protection-anti-insectes-solaire","status":"publish","type":"page","link":"https:\/\/www.blecha.at\/fr\/produits\/profiles-speciaux\/protection-anti-insectes-solaire\/","title":{"rendered":"Protection anti-insectes \/ solaire"},"content":{"rendered":"\n<p>Profil\u00e9s en aluminium pour protection solaire et protection contre les insectes &#8211; Durables, stables et r\u00e9sistants<\/p>\n\n\n\n<p>Les syst\u00e8mes de protection solaire et de protection contre les insectes sont devenus indispensables dans l&rsquo;architecture et les constructions modernes. Ils offrent non seulement une protection contre la chaleur, les reflets solaires et les insectes, tout en contribuant \u00e0 l&rsquo;efficacit\u00e9 \u00e9nerg\u00e9tique et \u00e0 la qualit\u00e9 de l&rsquo;habitat. Avec nos profil\u00e9s en aluminium de haute qualit\u00e9, nous proposons des solutions durables, r\u00e9sistantes aux intemp\u00e9ries et avec un aspect esth\u00e9tique pour diff\u00e9rents domaines d&rsquo;application &#8211; des maisons d&rsquo;habitation aux b\u00e2timents publics en passant par les immeubles commerciaux.<\/p>\n\n\n\n<p>En tant que grossiste exp\u00e9riment\u00e9 en aluminium, nous proposons une large gamme de profil\u00e9s en aluminium pour la protection solaire &amp; la protection contre les insectes, qui se distinguent par leur long\u00e9vit\u00e9, leur r\u00e9sistance \u00e0 la corrosion et leur polyvalence.<\/p>\n\n\n\n<p>Protection solaire avec lamelles en aluminium &amp; profil\u00e9s de support<\/p>\n\n\n\n<p>Une protection solaire efficace ne r\u00e9duit pas seulement le rayonnement thermique, mais assure \u00e9galement un climat int\u00e9rieur agr\u00e9able. Nos lamelles en aluminium sont le choix id\u00e9al pour des solutions de protection solaire personnalis\u00e9es. Elles sont disponibles en diff\u00e9rentes tailles et designs, dont nos fameuses lattes en forme de Rhombe, qui donnent un aspect moderne et \u00e9l\u00e9gant.<\/p>\n\n\n\n<p>Ces lamelles sont souvent utilis\u00e9es pour ombrager des fa\u00e7ades, des pergolas ou des pare-vue. Elles offrent non seulement une protection contre le rayonnement solaire direct, mais sont \u00e9galement r\u00e9sistantes \u00e0 la charge statique, faciles \u00e0 entretenir et inoxydables. Gr\u00e2ce \u00e0 leur mat\u00e9riau \u00e0 la fois l\u00e9ger et solide, les lamelles en aluminium conviennent aussi parfaitement aux grandes constructions.<\/p>\n\n\n\n<p>Le profil\u00e9 de support pour toitures est un autre produit essentiel de notre assortiment. Il est souvent utilis\u00e9 pour la construction d&rsquo;abris de terrasse, de garages ou de jardins d&rsquo;hiver et offre une base robuste pour les constructions de toit les plus diverses.<\/p>\n\n\n\n<p>Protection contre les insectes \u2013 des solutions durables en aluminium<\/p>\n\n\n\n<p>Une protection fiable contre les insectes assure un meilleur confort, surtout pendant les mois chauds. Nos profil\u00e9s de protection contre les insectes en aluminium sont id\u00e9aux pour la construction de cadres de moustiquaires, de portes ou de syst\u00e8mes coulissants.<\/p>\n\n\n\n<p>Alors que de nombreux syst\u00e8mes de moustiquaires sont en plastique, l&rsquo;aluminium offre une stabilit\u00e9, une r\u00e9sistance \u00e0 la corrosion et une long\u00e9vit\u00e9 nettement sup\u00e9rieure. De plus, les profil\u00e9s en aluminium sont particuli\u00e8rement faciles \u00e0 entretenir et s&rsquo;int\u00e8grent parfaitement \u00e0 l&rsquo;architecture moderne.<\/p>\n\n\n\n<p>Profil\u00e9s de volets roulants \u2013 protection contre le soleil, la chaleur et les regards indiscrets<\/p>\n\n\n\n<p>Nos profil\u00e9s de volets roulants en aluminium sont la solution parfaite pour la protection contre les regards indiscrets, l&rsquo;isolation thermique et une s\u00e9curit\u00e9 suppl\u00e9mentaire. Compar\u00e9s aux volets roulants en plastique, les profil\u00e9s en aluminium sont nettement plus r\u00e9sistants et ont une dur\u00e9e de vie plus longue.<\/p>\n\n\n\n<p>Les volets roulants offrent de nombreux avantages :<\/p>\n\n\n\n<p>Protection solaire : r\u00e9duit le rayonnement direct du soleil et assure un climat int\u00e9rieur agr\u00e9able.<\/p>\n\n\n\n<p>Isolation thermique : r\u00e9duit les co\u00fbts \u00e9nerg\u00e9tiques en diminuant les frais de chauffage et de refroidissement.<\/p>\n\n\n\n<p>S\u00e9curit\u00e9 : rend les effractions plus difficiles et prot\u00e8ge des regards ind\u00e9sirables.<\/p>\n\n\n\n<p>Durabilit\u00e9 et respect de l&rsquo;environnement<\/p>\n\n\n\n<p>L\u2019aluminium est un mat\u00e9riau particuli\u00e8rement durable car il est recyclable \u00e0 presque 100 % sans perte de qualit\u00e9. Nos profil\u00e9s en aluminium offrent non seulement une longue dur\u00e9e de vie, mais constituent \u00e9galement une alternative plus \u00e9cologique aux solutions en plastique. En utilisant des mat\u00e9riaux de haute qualit\u00e9, nous contribuons activement \u00e0 la cr\u00e9ation de solutions durables respectueuses des ressources dans le domaine de la protection solaire et de la moustiquaire.<\/p>\n\n\n\n<p>BLECHA \u2013 votre partenaire fiable pour les profil\u00e9s en aluminium<\/p>\n\n\n\n<p>Avec de 4 d\u00e9cennies d&rsquo;exp\u00e9rience dans le commerce de l&rsquo;aluminium, nous proposons \u00e0 nos clients une large gamme de profil\u00e9s de haute qualit\u00e9 pour une grande vari\u00e9t\u00e9 d&rsquo;applications. Gr\u00e2ce \u00e0 notre vaste entrep\u00f4t, nous pouvons traiter les commandes rapidement et de mani\u00e8re flexible.<\/p>\n\n\n\n<p>Logistique fiable : gr\u00e2ce \u00e0 notre coop\u00e9ration avec des transitaires et des services de colis ainsi qu&rsquo;\u00e0 notre propre flotte, nous garantissons que votre commande arrive en toute s\u00e9curit\u00e9 et \u00e0 temps, aussi bien en Autriche que dans les pays voisins.<\/p>\n\n\n\n<p>Qu&rsquo;il s&rsquo;agisse de lames en aluminium pour la protection solaire, de profil\u00e9s anti-insectes ou de profil\u00e9s de volets roulants, chez BLECHA vous trouverez les solutions en aluminium adapt\u00e9es \u00e0 vos projets. Contactez-nous d\u00e8s aujourd\u2019hui et laissez-nous vous convaincre de la vari\u00e9t\u00e9 de nos produits !<\/p>\n","protected":false},"excerpt":{"rendered":"Profil\u00e9s en aluminium pour protection solaire et protection contre les insectes &#8211; Durables, stables et r\u00e9sistants Les syst\u00e8mes de protection solaire et de protection contre les insectes sont devenus indispensables dans l&rsquo;architecture et les constructions modernes. Ils offrent non seulement une protection contre la chaleur, les reflets solaires et les insectes, tout en contribuant \u00e0 [&hellip;]","protected":false},"author":2,"featured_media":0,"parent":5799,"menu_order":0,"comment_status":"closed","ping_status":"closed","template":"page-zaunsysteme-details.php","meta":{"_acf_changed":false,"footnotes":""},"class_list":["post-22283","page","type-page","status-publish","hentry"],"acf":[],"yoast_head":"<!-- This site is optimized with the Yoast SEO plugin v27.3 - https:\/\/yoast.com\/product\/yoast-seo-wordpress\/ -->\n<title>Protection anti-insectes \/ solaire | BLECHA ALUPROFILE<\/title>\n<meta name=\"description\" content=\"D\u00e9couvrez nos solutions de haute qualit\u00e9 pour la protection contre le soleil et les insectes en aluminium. Nos produits offrent la solution id\u00e9ale pour une protection solaire efficace et une protection contre les insectes en m\u00eame temps.\" \/>\n<meta name=\"robots\" content=\"index, follow, max-snippet:-1, max-image-preview:large, max-video-preview:-1\" \/>\n<link rel=\"canonical\" href=\"https:\/\/www.blecha.at\/fr\/produits\/profiles-speciaux\/protection-anti-insectes-solaire\/\" \/>\n<meta property=\"og:locale\" content=\"fr_FR\" \/>\n<meta property=\"og:type\" content=\"article\" \/>\n<meta property=\"og:title\" content=\"Protection anti-insectes \/ solaire | BLECHA ALUPROFILE\" \/>\n<meta property=\"og:description\" content=\"D\u00e9couvrez nos solutions de haute qualit\u00e9 pour la protection contre le soleil et les insectes en aluminium. Nos produits offrent la solution id\u00e9ale pour une protection solaire efficace et une protection contre les insectes en m\u00eame temps.\" \/>\n<meta property=\"og:url\" content=\"https:\/\/www.blecha.at\/fr\/produits\/profiles-speciaux\/protection-anti-insectes-solaire\/\" \/>\n<meta property=\"og:site_name\" content=\"BLECHA\" \/>\n<meta property=\"article:modified_time\" content=\"2026-01-26T15:37:30+00:00\" \/>\n<meta property=\"og:image\" content=\"https:\/\/www.blecha.at\/wp-content\/uploads\/2021\/02\/blecha-unternehmen-auswahl-gebaeude-3-scaled.jpg\" \/>\n\t<meta property=\"og:image:width\" content=\"2560\" \/>\n\t<meta property=\"og:image:height\" content=\"1642\" \/>\n\t<meta property=\"og:image:type\" content=\"image\/jpeg\" \/>\n<meta name=\"twitter:card\" content=\"summary_large_image\" \/>\n<meta name=\"twitter:label1\" content=\"Dur\u00e9e de lecture estim\u00e9e\" \/>\n\t<meta name=\"twitter:data1\" content=\"4 minutes\" \/>\n<script type=\"application\/ld+json\" class=\"yoast-schema-graph\">{\"@context\":\"https:\\\/\\\/schema.org\",\"@graph\":[{\"@type\":\"WebPage\",\"@id\":\"https:\\\/\\\/www.blecha.at\\\/fr\\\/produits\\\/profiles-speciaux\\\/protection-anti-insectes-solaire\\\/\",\"url\":\"https:\\\/\\\/www.blecha.at\\\/fr\\\/produits\\\/profiles-speciaux\\\/protection-anti-insectes-solaire\\\/\",\"name\":\"Protection anti-insectes \\\/ solaire | BLECHA ALUPROFILE\",\"isPartOf\":{\"@id\":\"https:\\\/\\\/www.blecha.at\\\/#website\"},\"datePublished\":\"2023-09-13T13:38:36+00:00\",\"dateModified\":\"2026-01-26T15:37:30+00:00\",\"description\":\"D\u00e9couvrez nos solutions de haute qualit\u00e9 pour la protection contre le soleil et les insectes en aluminium. Nos produits offrent la solution id\u00e9ale pour une protection solaire efficace et une protection contre les insectes en m\u00eame temps.\",\"breadcrumb\":{\"@id\":\"https:\\\/\\\/www.blecha.at\\\/fr\\\/produits\\\/profiles-speciaux\\\/protection-anti-insectes-solaire\\\/#breadcrumb\"},\"inLanguage\":\"fr-FR\",\"potentialAction\":[{\"@type\":\"ReadAction\",\"target\":[\"https:\\\/\\\/www.blecha.at\\\/fr\\\/produits\\\/profiles-speciaux\\\/protection-anti-insectes-solaire\\\/\"]}]},{\"@type\":\"BreadcrumbList\",\"@id\":\"https:\\\/\\\/www.blecha.at\\\/fr\\\/produits\\\/profiles-speciaux\\\/protection-anti-insectes-solaire\\\/#breadcrumb\",\"itemListElement\":[{\"@type\":\"ListItem\",\"position\":1,\"name\":\"Home\",\"item\":\"https:\\\/\\\/www.blecha.at\\\/fr\\\/\"},{\"@type\":\"ListItem\",\"position\":2,\"name\":\"Produits\",\"item\":\"https:\\\/\\\/www.blecha.at\\\/fr\\\/produits\\\/\"},{\"@type\":\"ListItem\",\"position\":3,\"name\":\"Profil\u00e9s sp\u00e9ciaux\",\"item\":\"https:\\\/\\\/www.blecha.at\\\/fr\\\/produits\\\/profiles-speciaux\\\/\"},{\"@type\":\"ListItem\",\"position\":4,\"name\":\"Protection anti-insectes \\\/ solaire\"}]},{\"@type\":\"WebSite\",\"@id\":\"https:\\\/\\\/www.blecha.at\\\/#website\",\"url\":\"https:\\\/\\\/www.blecha.at\\\/\",\"name\":\"BLECHA\",\"description\":\"Eine weitere WordPress-Website\",\"potentialAction\":[{\"@type\":\"SearchAction\",\"target\":{\"@type\":\"EntryPoint\",\"urlTemplate\":\"https:\\\/\\\/www.blecha.at\\\/?s={search_term_string}\"},\"query-input\":{\"@type\":\"PropertyValueSpecification\",\"valueRequired\":true,\"valueName\":\"search_term_string\"}}],\"inLanguage\":\"fr-FR\"}]}<\/script>\n<!-- \/ Yoast SEO plugin. -->","yoast_head_json":{"title":"Protection anti-insectes \/ solaire | BLECHA ALUPROFILE","description":"D\u00e9couvrez nos solutions de haute qualit\u00e9 pour la protection contre le soleil et les insectes en aluminium. Nos produits offrent la solution id\u00e9ale pour une protection solaire efficace et une protection contre les insectes en m\u00eame temps.","robots":{"index":"index","follow":"follow","max-snippet":"max-snippet:-1","max-image-preview":"max-image-preview:large","max-video-preview":"max-video-preview:-1"},"canonical":"https:\/\/www.blecha.at\/fr\/produits\/profiles-speciaux\/protection-anti-insectes-solaire\/","og_locale":"fr_FR","og_type":"article","og_title":"Protection anti-insectes \/ solaire | BLECHA ALUPROFILE","og_description":"D\u00e9couvrez nos solutions de haute qualit\u00e9 pour la protection contre le soleil et les insectes en aluminium. Nos produits offrent la solution id\u00e9ale pour une protection solaire efficace et une protection contre les insectes en m\u00eame temps.","og_url":"https:\/\/www.blecha.at\/fr\/produits\/profiles-speciaux\/protection-anti-insectes-solaire\/","og_site_name":"BLECHA","article_modified_time":"2026-01-26T15:37:30+00:00","og_image":[{"width":2560,"height":1642,"url":"https:\/\/www.blecha.at\/wp-content\/uploads\/2021\/02\/blecha-unternehmen-auswahl-gebaeude-3-scaled.jpg","type":"image\/jpeg"}],"twitter_card":"summary_large_image","twitter_misc":{"Dur\u00e9e de lecture estim\u00e9e":"4 minutes"},"schema":{"@context":"https:\/\/schema.org","@graph":[{"@type":"WebPage","@id":"https:\/\/www.blecha.at\/fr\/produits\/profiles-speciaux\/protection-anti-insectes-solaire\/","url":"https:\/\/www.blecha.at\/fr\/produits\/profiles-speciaux\/protection-anti-insectes-solaire\/","name":"Protection anti-insectes \/ solaire | BLECHA ALUPROFILE","isPartOf":{"@id":"https:\/\/www.blecha.at\/#website"},"datePublished":"2023-09-13T13:38:36+00:00","dateModified":"2026-01-26T15:37:30+00:00","description":"D\u00e9couvrez nos solutions de haute qualit\u00e9 pour la protection contre le soleil et les insectes en aluminium. Nos produits offrent la solution id\u00e9ale pour une protection solaire efficace et une protection contre les insectes en m\u00eame temps.","breadcrumb":{"@id":"https:\/\/www.blecha.at\/fr\/produits\/profiles-speciaux\/protection-anti-insectes-solaire\/#breadcrumb"},"inLanguage":"fr-FR","potentialAction":[{"@type":"ReadAction","target":["https:\/\/www.blecha.at\/fr\/produits\/profiles-speciaux\/protection-anti-insectes-solaire\/"]}]},{"@type":"BreadcrumbList","@id":"https:\/\/www.blecha.at\/fr\/produits\/profiles-speciaux\/protection-anti-insectes-solaire\/#breadcrumb","itemListElement":[{"@type":"ListItem","position":1,"name":"Home","item":"https:\/\/www.blecha.at\/fr\/"},{"@type":"ListItem","position":2,"name":"Produits","item":"https:\/\/www.blecha.at\/fr\/produits\/"},{"@type":"ListItem","position":3,"name":"Profil\u00e9s sp\u00e9ciaux","item":"https:\/\/www.blecha.at\/fr\/produits\/profiles-speciaux\/"},{"@type":"ListItem","position":4,"name":"Protection anti-insectes \/ solaire"}]},{"@type":"WebSite","@id":"https:\/\/www.blecha.at\/#website","url":"https:\/\/www.blecha.at\/","name":"BLECHA","description":"Eine weitere WordPress-Website","potentialAction":[{"@type":"SearchAction","target":{"@type":"EntryPoint","urlTemplate":"https:\/\/www.blecha.at\/?s={search_term_string}"},"query-input":{"@type":"PropertyValueSpecification","valueRequired":true,"valueName":"search_term_string"}}],"inLanguage":"fr-FR"}]}},"_links":{"self":[{"href":"https:\/\/www.blecha.at\/fr\/wp-json\/wp\/v2\/pages\/22283","targetHints":{"allow":["GET"]}}],"collection":[{"href":"https:\/\/www.blecha.at\/fr\/wp-json\/wp\/v2\/pages"}],"about":[{"href":"https:\/\/www.blecha.at\/fr\/wp-json\/wp\/v2\/types\/page"}],"author":[{"embeddable":true,"href":"https:\/\/www.blecha.at\/fr\/wp-json\/wp\/v2\/users\/2"}],"replies":[{"embeddable":true,"href":"https:\/\/www.blecha.at\/fr\/wp-json\/wp\/v2\/comments?post=22283"}],"version-history":[{"count":5,"href":"https:\/\/www.blecha.at\/fr\/wp-json\/wp\/v2\/pages\/22283\/revisions"}],"predecessor-version":[{"id":31808,"href":"https:\/\/www.blecha.at\/fr\/wp-json\/wp\/v2\/pages\/22283\/revisions\/31808"}],"up":[{"embeddable":true,"href":"https:\/\/www.blecha.at\/fr\/wp-json\/wp\/v2\/pages\/5799"}],"wp:attachment":[{"href":"https:\/\/www.blecha.at\/fr\/wp-json\/wp\/v2\/media?parent=22283"}],"curies":[{"name":"wp","href":"https:\/\/api.w.org\/{rel}","templated":true}]}}