{"id":22296,"date":"2023-09-13T15:30:17","date_gmt":"2023-09-13T13:30:17","guid":{"rendered":"https:\/\/www.blecha.at\/?page_id=22296"},"modified":"2026-01-26T16:26:12","modified_gmt":"2026-01-26T15:26:12","slug":"construction-metallique","status":"publish","type":"page","link":"https:\/\/www.blecha.at\/fr\/produits\/profiles-speciaux\/construction-metallique\/","title":{"rendered":"Construction m\u00e9tallique"},"content":{"rendered":"","protected":false},"excerpt":{"rendered":"","protected":false},"author":2,"featured_media":0,"parent":5799,"menu_order":0,"comment_status":"closed","ping_status":"closed","template":"page-zaunsysteme-details.php","meta":{"_acf_changed":false,"footnotes":""},"class_list":["post-22296","page","type-page","status-publish","hentry"],"acf":[],"yoast_head":"<!-- This site is optimized with the Yoast SEO plugin v27.3 - https:\/\/yoast.com\/product\/yoast-seo-wordpress\/ -->\n<title>Construction m\u00e9tallique | BLECHA Aluprofile<\/title>\n<meta name=\"description\" content=\"Notre large gamme de profil\u00e9s offre la solution parfaite pour la construction m\u00e9tallique. Que vous ayez besoin de profil\u00e9s de bardage, de profil\u00e9s brise-vue, de profil\u00e9s semi-circulaires, de profil\u00e9s \u00e0 \u00e2me pliante, de profil\u00e9s de bordure murale, de profil\u00e9s de volet roulant, de profil\u00e9s om\u00e9ga, de bandes de recouvrement, de lames de terrasse, de profil\u00e9s en U, de profil\u00e9s de bordure, de profil\u00e9s en H, de profil\u00e9s en T. profil\u00e9s ou profil\u00e9s de bordure de pelouse, vous trouverez chez nous ce que vous cherchez.\" \/>\n<meta name=\"robots\" content=\"index, follow, max-snippet:-1, max-image-preview:large, max-video-preview:-1\" \/>\n<link rel=\"canonical\" href=\"https:\/\/www.blecha.at\/fr\/produits\/profiles-speciaux\/construction-metallique\/\" \/>\n<meta property=\"og:locale\" content=\"fr_FR\" \/>\n<meta property=\"og:type\" content=\"article\" \/>\n<meta property=\"og:title\" content=\"Construction m\u00e9tallique | BLECHA Aluprofile\" \/>\n<meta property=\"og:description\" content=\"Notre large gamme de profil\u00e9s offre la solution parfaite pour la construction m\u00e9tallique. Que vous ayez besoin de profil\u00e9s de bardage, de profil\u00e9s brise-vue, de profil\u00e9s semi-circulaires, de profil\u00e9s \u00e0 \u00e2me pliante, de profil\u00e9s de bordure murale, de profil\u00e9s de volet roulant, de profil\u00e9s om\u00e9ga, de bandes de recouvrement, de lames de terrasse, de profil\u00e9s en U, de profil\u00e9s de bordure, de profil\u00e9s en H, de profil\u00e9s en T. profil\u00e9s ou profil\u00e9s de bordure de pelouse, vous trouverez chez nous ce que vous cherchez.\" \/>\n<meta property=\"og:url\" content=\"https:\/\/www.blecha.at\/fr\/produits\/profiles-speciaux\/construction-metallique\/\" \/>\n<meta property=\"og:site_name\" content=\"BLECHA\" \/>\n<meta property=\"article:modified_time\" content=\"2026-01-26T15:26:12+00:00\" \/>\n<meta property=\"og:image\" content=\"https:\/\/www.blecha.at\/wp-content\/uploads\/2021\/02\/blecha-unternehmen-auswahl-gebaeude-3-scaled.jpg\" \/>\n\t<meta property=\"og:image:width\" content=\"2560\" \/>\n\t<meta property=\"og:image:height\" content=\"1642\" \/>\n\t<meta property=\"og:image:type\" content=\"image\/jpeg\" \/>\n<meta name=\"twitter:card\" content=\"summary_large_image\" \/>\n<script type=\"application\/ld+json\" class=\"yoast-schema-graph\">{\"@context\":\"https:\\\/\\\/schema.org\",\"@graph\":[{\"@type\":\"WebPage\",\"@id\":\"https:\\\/\\\/www.blecha.at\\\/fr\\\/produits\\\/profiles-speciaux\\\/construction-metallique\\\/\",\"url\":\"https:\\\/\\\/www.blecha.at\\\/fr\\\/produits\\\/profiles-speciaux\\\/construction-metallique\\\/\",\"name\":\"Construction m\u00e9tallique | BLECHA Aluprofile\",\"isPartOf\":{\"@id\":\"https:\\\/\\\/www.blecha.at\\\/#website\"},\"datePublished\":\"2023-09-13T13:30:17+00:00\",\"dateModified\":\"2026-01-26T15:26:12+00:00\",\"description\":\"Notre large gamme de profil\u00e9s offre la solution parfaite pour la construction m\u00e9tallique. Que vous ayez besoin de profil\u00e9s de bardage, de profil\u00e9s brise-vue, de profil\u00e9s semi-circulaires, de profil\u00e9s \u00e0 \u00e2me pliante, de profil\u00e9s de bordure murale, de profil\u00e9s de volet roulant, de profil\u00e9s om\u00e9ga, de bandes de recouvrement, de lames de terrasse, de profil\u00e9s en U, de profil\u00e9s de bordure, de profil\u00e9s en H, de profil\u00e9s en T. profil\u00e9s ou profil\u00e9s de bordure de pelouse, vous trouverez chez nous ce que vous cherchez.\",\"breadcrumb\":{\"@id\":\"https:\\\/\\\/www.blecha.at\\\/fr\\\/produits\\\/profiles-speciaux\\\/construction-metallique\\\/#breadcrumb\"},\"inLanguage\":\"fr-FR\",\"potentialAction\":[{\"@type\":\"ReadAction\",\"target\":[\"https:\\\/\\\/www.blecha.at\\\/fr\\\/produits\\\/profiles-speciaux\\\/construction-metallique\\\/\"]}]},{\"@type\":\"BreadcrumbList\",\"@id\":\"https:\\\/\\\/www.blecha.at\\\/fr\\\/produits\\\/profiles-speciaux\\\/construction-metallique\\\/#breadcrumb\",\"itemListElement\":[{\"@type\":\"ListItem\",\"position\":1,\"name\":\"Home\",\"item\":\"https:\\\/\\\/www.blecha.at\\\/fr\\\/\"},{\"@type\":\"ListItem\",\"position\":2,\"name\":\"Produits\",\"item\":\"https:\\\/\\\/www.blecha.at\\\/fr\\\/produits\\\/\"},{\"@type\":\"ListItem\",\"position\":3,\"name\":\"Profil\u00e9s sp\u00e9ciaux\",\"item\":\"https:\\\/\\\/www.blecha.at\\\/fr\\\/produits\\\/profiles-speciaux\\\/\"},{\"@type\":\"ListItem\",\"position\":4,\"name\":\"Construction m\u00e9tallique\"}]},{\"@type\":\"WebSite\",\"@id\":\"https:\\\/\\\/www.blecha.at\\\/#website\",\"url\":\"https:\\\/\\\/www.blecha.at\\\/\",\"name\":\"BLECHA\",\"description\":\"Eine weitere WordPress-Website\",\"potentialAction\":[{\"@type\":\"SearchAction\",\"target\":{\"@type\":\"EntryPoint\",\"urlTemplate\":\"https:\\\/\\\/www.blecha.at\\\/?s={search_term_string}\"},\"query-input\":{\"@type\":\"PropertyValueSpecification\",\"valueRequired\":true,\"valueName\":\"search_term_string\"}}],\"inLanguage\":\"fr-FR\"}]}<\/script>\n<!-- \/ Yoast SEO plugin. -->","yoast_head_json":{"title":"Construction m\u00e9tallique | BLECHA Aluprofile","description":"Notre large gamme de profil\u00e9s offre la solution parfaite pour la construction m\u00e9tallique. Que vous ayez besoin de profil\u00e9s de bardage, de profil\u00e9s brise-vue, de profil\u00e9s semi-circulaires, de profil\u00e9s \u00e0 \u00e2me pliante, de profil\u00e9s de bordure murale, de profil\u00e9s de volet roulant, de profil\u00e9s om\u00e9ga, de bandes de recouvrement, de lames de terrasse, de profil\u00e9s en U, de profil\u00e9s de bordure, de profil\u00e9s en H, de profil\u00e9s en T. profil\u00e9s ou profil\u00e9s de bordure de pelouse, vous trouverez chez nous ce que vous cherchez.","robots":{"index":"index","follow":"follow","max-snippet":"max-snippet:-1","max-image-preview":"max-image-preview:large","max-video-preview":"max-video-preview:-1"},"canonical":"https:\/\/www.blecha.at\/fr\/produits\/profiles-speciaux\/construction-metallique\/","og_locale":"fr_FR","og_type":"article","og_title":"Construction m\u00e9tallique | BLECHA Aluprofile","og_description":"Notre large gamme de profil\u00e9s offre la solution parfaite pour la construction m\u00e9tallique. Que vous ayez besoin de profil\u00e9s de bardage, de profil\u00e9s brise-vue, de profil\u00e9s semi-circulaires, de profil\u00e9s \u00e0 \u00e2me pliante, de profil\u00e9s de bordure murale, de profil\u00e9s de volet roulant, de profil\u00e9s om\u00e9ga, de bandes de recouvrement, de lames de terrasse, de profil\u00e9s en U, de profil\u00e9s de bordure, de profil\u00e9s en H, de profil\u00e9s en T. profil\u00e9s ou profil\u00e9s de bordure de pelouse, vous trouverez chez nous ce que vous cherchez.","og_url":"https:\/\/www.blecha.at\/fr\/produits\/profiles-speciaux\/construction-metallique\/","og_site_name":"BLECHA","article_modified_time":"2026-01-26T15:26:12+00:00","og_image":[{"width":2560,"height":1642,"url":"https:\/\/www.blecha.at\/wp-content\/uploads\/2021\/02\/blecha-unternehmen-auswahl-gebaeude-3-scaled.jpg","type":"image\/jpeg"}],"twitter_card":"summary_large_image","schema":{"@context":"https:\/\/schema.org","@graph":[{"@type":"WebPage","@id":"https:\/\/www.blecha.at\/fr\/produits\/profiles-speciaux\/construction-metallique\/","url":"https:\/\/www.blecha.at\/fr\/produits\/profiles-speciaux\/construction-metallique\/","name":"Construction m\u00e9tallique | BLECHA Aluprofile","isPartOf":{"@id":"https:\/\/www.blecha.at\/#website"},"datePublished":"2023-09-13T13:30:17+00:00","dateModified":"2026-01-26T15:26:12+00:00","description":"Notre large gamme de profil\u00e9s offre la solution parfaite pour la construction m\u00e9tallique. Que vous ayez besoin de profil\u00e9s de bardage, de profil\u00e9s brise-vue, de profil\u00e9s semi-circulaires, de profil\u00e9s \u00e0 \u00e2me pliante, de profil\u00e9s de bordure murale, de profil\u00e9s de volet roulant, de profil\u00e9s om\u00e9ga, de bandes de recouvrement, de lames de terrasse, de profil\u00e9s en U, de profil\u00e9s de bordure, de profil\u00e9s en H, de profil\u00e9s en T. profil\u00e9s ou profil\u00e9s de bordure de pelouse, vous trouverez chez nous ce que vous cherchez.","breadcrumb":{"@id":"https:\/\/www.blecha.at\/fr\/produits\/profiles-speciaux\/construction-metallique\/#breadcrumb"},"inLanguage":"fr-FR","potentialAction":[{"@type":"ReadAction","target":["https:\/\/www.blecha.at\/fr\/produits\/profiles-speciaux\/construction-metallique\/"]}]},{"@type":"BreadcrumbList","@id":"https:\/\/www.blecha.at\/fr\/produits\/profiles-speciaux\/construction-metallique\/#breadcrumb","itemListElement":[{"@type":"ListItem","position":1,"name":"Home","item":"https:\/\/www.blecha.at\/fr\/"},{"@type":"ListItem","position":2,"name":"Produits","item":"https:\/\/www.blecha.at\/fr\/produits\/"},{"@type":"ListItem","position":3,"name":"Profil\u00e9s sp\u00e9ciaux","item":"https:\/\/www.blecha.at\/fr\/produits\/profiles-speciaux\/"},{"@type":"ListItem","position":4,"name":"Construction m\u00e9tallique"}]},{"@type":"WebSite","@id":"https:\/\/www.blecha.at\/#website","url":"https:\/\/www.blecha.at\/","name":"BLECHA","description":"Eine weitere WordPress-Website","potentialAction":[{"@type":"SearchAction","target":{"@type":"EntryPoint","urlTemplate":"https:\/\/www.blecha.at\/?s={search_term_string}"},"query-input":{"@type":"PropertyValueSpecification","valueRequired":true,"valueName":"search_term_string"}}],"inLanguage":"fr-FR"}]}},"_links":{"self":[{"href":"https:\/\/www.blecha.at\/fr\/wp-json\/wp\/v2\/pages\/22296","targetHints":{"allow":["GET"]}}],"collection":[{"href":"https:\/\/www.blecha.at\/fr\/wp-json\/wp\/v2\/pages"}],"about":[{"href":"https:\/\/www.blecha.at\/fr\/wp-json\/wp\/v2\/types\/page"}],"author":[{"embeddable":true,"href":"https:\/\/www.blecha.at\/fr\/wp-json\/wp\/v2\/users\/2"}],"replies":[{"embeddable":true,"href":"https:\/\/www.blecha.at\/fr\/wp-json\/wp\/v2\/comments?post=22296"}],"version-history":[{"count":8,"href":"https:\/\/www.blecha.at\/fr\/wp-json\/wp\/v2\/pages\/22296\/revisions"}],"predecessor-version":[{"id":31780,"href":"https:\/\/www.blecha.at\/fr\/wp-json\/wp\/v2\/pages\/22296\/revisions\/31780"}],"up":[{"embeddable":true,"href":"https:\/\/www.blecha.at\/fr\/wp-json\/wp\/v2\/pages\/5799"}],"wp:attachment":[{"href":"https:\/\/www.blecha.at\/fr\/wp-json\/wp\/v2\/media?parent=22296"}],"curies":[{"name":"wp","href":"https:\/\/api.w.org\/{rel}","templated":true}]}}