{"id":22374,"date":"2023-02-24T14:06:55","date_gmt":"2023-02-24T13:06:55","guid":{"rendered":"https:\/\/www.blecha.at\/?page_id=22374"},"modified":"2026-02-09T16:11:23","modified_gmt":"2026-02-09T15:11:23","slug":"menuiserie-construction-de-meubles","status":"publish","type":"page","link":"https:\/\/www.blecha.at\/fr\/produits\/profiles-speciaux\/menuiserie-construction-de-meubles\/","title":{"rendered":"Menuiserie \/ Construction de meubles"},"content":{"rendered":"","protected":false},"excerpt":{"rendered":"","protected":false},"author":2,"featured_media":0,"parent":5799,"menu_order":0,"comment_status":"closed","ping_status":"closed","template":"page-zaunsysteme-details.php","meta":{"_acf_changed":false,"footnotes":""},"class_list":["post-22374","page","type-page","status-publish","hentry"],"acf":[],"yoast_head":"<!-- This site is optimized with the Yoast SEO plugin v27.3 - https:\/\/yoast.com\/product\/yoast-seo-wordpress\/ -->\n<title>Menuiserie \/ Construction de meubles | BLECHA Aluprofile<\/title>\n<meta name=\"description\" content=\"D\u00e9couvrez nos profil\u00e9s en aluminium de haute qualit\u00e9 pour la menuiserie et la construction de meubles. Nos profil\u00e9s sont parfaits pour r\u00e9aliser des meubles et des menuiseries artisanales de haute qualit\u00e9. Avec une large gamme de profil\u00e9s, notamment des profil\u00e9s de chant, des profil\u00e9s de protection de chant et des profil\u00e9s de finition murale, nous vous proposons les outils n\u00e9cessaires pour r\u00e9aliser des projets de mobilier cr\u00e9atifs.\" \/>\n<meta name=\"robots\" content=\"index, follow, max-snippet:-1, max-image-preview:large, max-video-preview:-1\" \/>\n<link rel=\"canonical\" href=\"https:\/\/www.blecha.at\/fr\/produits\/profiles-speciaux\/menuiserie-construction-de-meubles\/\" \/>\n<meta property=\"og:locale\" content=\"fr_FR\" \/>\n<meta property=\"og:type\" content=\"article\" \/>\n<meta property=\"og:title\" content=\"Menuiserie \/ Construction de meubles | BLECHA Aluprofile\" \/>\n<meta property=\"og:description\" content=\"D\u00e9couvrez nos profil\u00e9s en aluminium de haute qualit\u00e9 pour la menuiserie et la construction de meubles. Nos profil\u00e9s sont parfaits pour r\u00e9aliser des meubles et des menuiseries artisanales de haute qualit\u00e9. Avec une large gamme de profil\u00e9s, notamment des profil\u00e9s de chant, des profil\u00e9s de protection de chant et des profil\u00e9s de finition murale, nous vous proposons les outils n\u00e9cessaires pour r\u00e9aliser des projets de mobilier cr\u00e9atifs.\" \/>\n<meta property=\"og:url\" content=\"https:\/\/www.blecha.at\/fr\/produits\/profiles-speciaux\/menuiserie-construction-de-meubles\/\" \/>\n<meta property=\"og:site_name\" content=\"BLECHA\" \/>\n<meta property=\"article:modified_time\" content=\"2026-02-09T15:11:23+00:00\" \/>\n<meta property=\"og:image\" content=\"https:\/\/www.blecha.at\/wp-content\/uploads\/2021\/02\/blecha-unternehmen-auswahl-gebaeude-3-scaled.jpg\" \/>\n\t<meta property=\"og:image:width\" content=\"2560\" \/>\n\t<meta property=\"og:image:height\" content=\"1642\" \/>\n\t<meta property=\"og:image:type\" content=\"image\/jpeg\" \/>\n<meta name=\"twitter:card\" content=\"summary_large_image\" \/>\n<script type=\"application\/ld+json\" class=\"yoast-schema-graph\">{\"@context\":\"https:\\\/\\\/schema.org\",\"@graph\":[{\"@type\":\"WebPage\",\"@id\":\"https:\\\/\\\/www.blecha.at\\\/fr\\\/produits\\\/profiles-speciaux\\\/menuiserie-construction-de-meubles\\\/\",\"url\":\"https:\\\/\\\/www.blecha.at\\\/fr\\\/produits\\\/profiles-speciaux\\\/menuiserie-construction-de-meubles\\\/\",\"name\":\"Menuiserie \\\/ Construction de meubles | BLECHA Aluprofile\",\"isPartOf\":{\"@id\":\"https:\\\/\\\/www.blecha.at\\\/#website\"},\"datePublished\":\"2023-02-24T13:06:55+00:00\",\"dateModified\":\"2026-02-09T15:11:23+00:00\",\"description\":\"D\u00e9couvrez nos profil\u00e9s en aluminium de haute qualit\u00e9 pour la menuiserie et la construction de meubles. Nos profil\u00e9s sont parfaits pour r\u00e9aliser des meubles et des menuiseries artisanales de haute qualit\u00e9. Avec une large gamme de profil\u00e9s, notamment des profil\u00e9s de chant, des profil\u00e9s de protection de chant et des profil\u00e9s de finition murale, nous vous proposons les outils n\u00e9cessaires pour r\u00e9aliser des projets de mobilier cr\u00e9atifs.\",\"breadcrumb\":{\"@id\":\"https:\\\/\\\/www.blecha.at\\\/fr\\\/produits\\\/profiles-speciaux\\\/menuiserie-construction-de-meubles\\\/#breadcrumb\"},\"inLanguage\":\"fr-FR\",\"potentialAction\":[{\"@type\":\"ReadAction\",\"target\":[\"https:\\\/\\\/www.blecha.at\\\/fr\\\/produits\\\/profiles-speciaux\\\/menuiserie-construction-de-meubles\\\/\"]}]},{\"@type\":\"BreadcrumbList\",\"@id\":\"https:\\\/\\\/www.blecha.at\\\/fr\\\/produits\\\/profiles-speciaux\\\/menuiserie-construction-de-meubles\\\/#breadcrumb\",\"itemListElement\":[{\"@type\":\"ListItem\",\"position\":1,\"name\":\"Home\",\"item\":\"https:\\\/\\\/www.blecha.at\\\/fr\\\/\"},{\"@type\":\"ListItem\",\"position\":2,\"name\":\"Produits\",\"item\":\"https:\\\/\\\/www.blecha.at\\\/fr\\\/produits\\\/\"},{\"@type\":\"ListItem\",\"position\":3,\"name\":\"Profil\u00e9s sp\u00e9ciaux\",\"item\":\"https:\\\/\\\/www.blecha.at\\\/fr\\\/produits\\\/profiles-speciaux\\\/\"},{\"@type\":\"ListItem\",\"position\":4,\"name\":\"Menuiserie \\\/ Construction de meubles\"}]},{\"@type\":\"WebSite\",\"@id\":\"https:\\\/\\\/www.blecha.at\\\/#website\",\"url\":\"https:\\\/\\\/www.blecha.at\\\/\",\"name\":\"BLECHA\",\"description\":\"Eine weitere WordPress-Website\",\"potentialAction\":[{\"@type\":\"SearchAction\",\"target\":{\"@type\":\"EntryPoint\",\"urlTemplate\":\"https:\\\/\\\/www.blecha.at\\\/?s={search_term_string}\"},\"query-input\":{\"@type\":\"PropertyValueSpecification\",\"valueRequired\":true,\"valueName\":\"search_term_string\"}}],\"inLanguage\":\"fr-FR\"}]}<\/script>\n<!-- \/ Yoast SEO plugin. -->","yoast_head_json":{"title":"Menuiserie \/ Construction de meubles | BLECHA Aluprofile","description":"D\u00e9couvrez nos profil\u00e9s en aluminium de haute qualit\u00e9 pour la menuiserie et la construction de meubles. Nos profil\u00e9s sont parfaits pour r\u00e9aliser des meubles et des menuiseries artisanales de haute qualit\u00e9. Avec une large gamme de profil\u00e9s, notamment des profil\u00e9s de chant, des profil\u00e9s de protection de chant et des profil\u00e9s de finition murale, nous vous proposons les outils n\u00e9cessaires pour r\u00e9aliser des projets de mobilier cr\u00e9atifs.","robots":{"index":"index","follow":"follow","max-snippet":"max-snippet:-1","max-image-preview":"max-image-preview:large","max-video-preview":"max-video-preview:-1"},"canonical":"https:\/\/www.blecha.at\/fr\/produits\/profiles-speciaux\/menuiserie-construction-de-meubles\/","og_locale":"fr_FR","og_type":"article","og_title":"Menuiserie \/ Construction de meubles | BLECHA Aluprofile","og_description":"D\u00e9couvrez nos profil\u00e9s en aluminium de haute qualit\u00e9 pour la menuiserie et la construction de meubles. Nos profil\u00e9s sont parfaits pour r\u00e9aliser des meubles et des menuiseries artisanales de haute qualit\u00e9. Avec une large gamme de profil\u00e9s, notamment des profil\u00e9s de chant, des profil\u00e9s de protection de chant et des profil\u00e9s de finition murale, nous vous proposons les outils n\u00e9cessaires pour r\u00e9aliser des projets de mobilier cr\u00e9atifs.","og_url":"https:\/\/www.blecha.at\/fr\/produits\/profiles-speciaux\/menuiserie-construction-de-meubles\/","og_site_name":"BLECHA","article_modified_time":"2026-02-09T15:11:23+00:00","og_image":[{"width":2560,"height":1642,"url":"https:\/\/www.blecha.at\/wp-content\/uploads\/2021\/02\/blecha-unternehmen-auswahl-gebaeude-3-scaled.jpg","type":"image\/jpeg"}],"twitter_card":"summary_large_image","schema":{"@context":"https:\/\/schema.org","@graph":[{"@type":"WebPage","@id":"https:\/\/www.blecha.at\/fr\/produits\/profiles-speciaux\/menuiserie-construction-de-meubles\/","url":"https:\/\/www.blecha.at\/fr\/produits\/profiles-speciaux\/menuiserie-construction-de-meubles\/","name":"Menuiserie \/ Construction de meubles | BLECHA Aluprofile","isPartOf":{"@id":"https:\/\/www.blecha.at\/#website"},"datePublished":"2023-02-24T13:06:55+00:00","dateModified":"2026-02-09T15:11:23+00:00","description":"D\u00e9couvrez nos profil\u00e9s en aluminium de haute qualit\u00e9 pour la menuiserie et la construction de meubles. Nos profil\u00e9s sont parfaits pour r\u00e9aliser des meubles et des menuiseries artisanales de haute qualit\u00e9. Avec une large gamme de profil\u00e9s, notamment des profil\u00e9s de chant, des profil\u00e9s de protection de chant et des profil\u00e9s de finition murale, nous vous proposons les outils n\u00e9cessaires pour r\u00e9aliser des projets de mobilier cr\u00e9atifs.","breadcrumb":{"@id":"https:\/\/www.blecha.at\/fr\/produits\/profiles-speciaux\/menuiserie-construction-de-meubles\/#breadcrumb"},"inLanguage":"fr-FR","potentialAction":[{"@type":"ReadAction","target":["https:\/\/www.blecha.at\/fr\/produits\/profiles-speciaux\/menuiserie-construction-de-meubles\/"]}]},{"@type":"BreadcrumbList","@id":"https:\/\/www.blecha.at\/fr\/produits\/profiles-speciaux\/menuiserie-construction-de-meubles\/#breadcrumb","itemListElement":[{"@type":"ListItem","position":1,"name":"Home","item":"https:\/\/www.blecha.at\/fr\/"},{"@type":"ListItem","position":2,"name":"Produits","item":"https:\/\/www.blecha.at\/fr\/produits\/"},{"@type":"ListItem","position":3,"name":"Profil\u00e9s sp\u00e9ciaux","item":"https:\/\/www.blecha.at\/fr\/produits\/profiles-speciaux\/"},{"@type":"ListItem","position":4,"name":"Menuiserie \/ Construction de meubles"}]},{"@type":"WebSite","@id":"https:\/\/www.blecha.at\/#website","url":"https:\/\/www.blecha.at\/","name":"BLECHA","description":"Eine weitere WordPress-Website","potentialAction":[{"@type":"SearchAction","target":{"@type":"EntryPoint","urlTemplate":"https:\/\/www.blecha.at\/?s={search_term_string}"},"query-input":{"@type":"PropertyValueSpecification","valueRequired":true,"valueName":"search_term_string"}}],"inLanguage":"fr-FR"}]}},"_links":{"self":[{"href":"https:\/\/www.blecha.at\/fr\/wp-json\/wp\/v2\/pages\/22374","targetHints":{"allow":["GET"]}}],"collection":[{"href":"https:\/\/www.blecha.at\/fr\/wp-json\/wp\/v2\/pages"}],"about":[{"href":"https:\/\/www.blecha.at\/fr\/wp-json\/wp\/v2\/types\/page"}],"author":[{"embeddable":true,"href":"https:\/\/www.blecha.at\/fr\/wp-json\/wp\/v2\/users\/2"}],"replies":[{"embeddable":true,"href":"https:\/\/www.blecha.at\/fr\/wp-json\/wp\/v2\/comments?post=22374"}],"version-history":[{"count":6,"href":"https:\/\/www.blecha.at\/fr\/wp-json\/wp\/v2\/pages\/22374\/revisions"}],"predecessor-version":[{"id":31851,"href":"https:\/\/www.blecha.at\/fr\/wp-json\/wp\/v2\/pages\/22374\/revisions\/31851"}],"up":[{"embeddable":true,"href":"https:\/\/www.blecha.at\/fr\/wp-json\/wp\/v2\/pages\/5799"}],"wp:attachment":[{"href":"https:\/\/www.blecha.at\/fr\/wp-json\/wp\/v2\/media?parent=22374"}],"curies":[{"name":"wp","href":"https:\/\/api.w.org\/{rel}","templated":true}]}}