{"id":24517,"date":"2023-01-11T10:58:58","date_gmt":"2023-01-11T09:58:58","guid":{"rendered":"https:\/\/www.blecha.at\/produits\/profiles-speciaux\/glasbau\/"},"modified":"2026-01-26T16:14:43","modified_gmt":"2026-01-26T15:14:43","slug":"construction-en-verre","status":"publish","type":"page","link":"https:\/\/www.blecha.at\/fr\/produits\/profiles-speciaux\/construction-en-verre\/","title":{"rendered":"Construction en verre"},"content":{"rendered":"","protected":false},"excerpt":{"rendered":"","protected":false},"author":2,"featured_media":0,"parent":5799,"menu_order":0,"comment_status":"closed","ping_status":"closed","template":"page-zaunsysteme-details.php","meta":{"_acf_changed":false,"footnotes":""},"class_list":["post-24517","page","type-page","status-publish","hentry"],"acf":[],"yoast_head":"<!-- This site is optimized with the Yoast SEO plugin v27.3 - https:\/\/yoast.com\/product\/yoast-seo-wordpress\/ -->\n<title>Construction en verre | BLECHA Aluprofile<\/title>\n<meta name=\"description\" content=\"Nos profil\u00e9s en aluminium sont la solution parfaite pour la construction en verre. Avec une large gamme de profil\u00e9s, notamment des profil\u00e9s en U, des profil\u00e9s en U anodis\u00e9s, des profil\u00e9s aspect acier inoxydable et des profil\u00e9s d&#039;angle plastifi\u00e9s, nous vous proposons les profil\u00e9s permettant d&#039;obtenir des r\u00e9sultats exceptionnels dans la construction en verre.\" \/>\n<meta name=\"robots\" content=\"index, follow, max-snippet:-1, max-image-preview:large, max-video-preview:-1\" \/>\n<link rel=\"canonical\" href=\"https:\/\/www.blecha.at\/fr\/produits\/profiles-speciaux\/construction-en-verre\/\" \/>\n<meta property=\"og:locale\" content=\"fr_FR\" \/>\n<meta property=\"og:type\" content=\"article\" \/>\n<meta property=\"og:title\" content=\"Construction en verre | BLECHA Aluprofile\" \/>\n<meta property=\"og:description\" content=\"Nos profil\u00e9s en aluminium sont la solution parfaite pour la construction en verre. Avec une large gamme de profil\u00e9s, notamment des profil\u00e9s en U, des profil\u00e9s en U anodis\u00e9s, des profil\u00e9s aspect acier inoxydable et des profil\u00e9s d&#039;angle plastifi\u00e9s, nous vous proposons les profil\u00e9s permettant d&#039;obtenir des r\u00e9sultats exceptionnels dans la construction en verre.\" \/>\n<meta property=\"og:url\" content=\"https:\/\/www.blecha.at\/fr\/produits\/profiles-speciaux\/construction-en-verre\/\" \/>\n<meta property=\"og:site_name\" content=\"BLECHA\" \/>\n<meta property=\"article:modified_time\" content=\"2026-01-26T15:14:43+00:00\" \/>\n<meta property=\"og:image\" content=\"https:\/\/www.blecha.at\/wp-content\/uploads\/2021\/02\/blecha-unternehmen-auswahl-gebaeude-3-scaled.jpg\" \/>\n\t<meta property=\"og:image:width\" content=\"2560\" \/>\n\t<meta property=\"og:image:height\" content=\"1642\" \/>\n\t<meta property=\"og:image:type\" content=\"image\/jpeg\" \/>\n<meta name=\"twitter:card\" content=\"summary_large_image\" \/>\n<script type=\"application\/ld+json\" class=\"yoast-schema-graph\">{\"@context\":\"https:\\\/\\\/schema.org\",\"@graph\":[{\"@type\":\"WebPage\",\"@id\":\"https:\\\/\\\/www.blecha.at\\\/fr\\\/produits\\\/profiles-speciaux\\\/construction-en-verre\\\/\",\"url\":\"https:\\\/\\\/www.blecha.at\\\/fr\\\/produits\\\/profiles-speciaux\\\/construction-en-verre\\\/\",\"name\":\"Construction en verre | BLECHA Aluprofile\",\"isPartOf\":{\"@id\":\"https:\\\/\\\/www.blecha.at\\\/#website\"},\"datePublished\":\"2023-01-11T09:58:58+00:00\",\"dateModified\":\"2026-01-26T15:14:43+00:00\",\"description\":\"Nos profil\u00e9s en aluminium sont la solution parfaite pour la construction en verre. Avec une large gamme de profil\u00e9s, notamment des profil\u00e9s en U, des profil\u00e9s en U anodis\u00e9s, des profil\u00e9s aspect acier inoxydable et des profil\u00e9s d'angle plastifi\u00e9s, nous vous proposons les profil\u00e9s permettant d'obtenir des r\u00e9sultats exceptionnels dans la construction en verre.\",\"breadcrumb\":{\"@id\":\"https:\\\/\\\/www.blecha.at\\\/fr\\\/produits\\\/profiles-speciaux\\\/construction-en-verre\\\/#breadcrumb\"},\"inLanguage\":\"fr-FR\",\"potentialAction\":[{\"@type\":\"ReadAction\",\"target\":[\"https:\\\/\\\/www.blecha.at\\\/fr\\\/produits\\\/profiles-speciaux\\\/construction-en-verre\\\/\"]}]},{\"@type\":\"BreadcrumbList\",\"@id\":\"https:\\\/\\\/www.blecha.at\\\/fr\\\/produits\\\/profiles-speciaux\\\/construction-en-verre\\\/#breadcrumb\",\"itemListElement\":[{\"@type\":\"ListItem\",\"position\":1,\"name\":\"Home\",\"item\":\"https:\\\/\\\/www.blecha.at\\\/fr\\\/\"},{\"@type\":\"ListItem\",\"position\":2,\"name\":\"Produits\",\"item\":\"https:\\\/\\\/www.blecha.at\\\/fr\\\/produits\\\/\"},{\"@type\":\"ListItem\",\"position\":3,\"name\":\"Profil\u00e9s sp\u00e9ciaux\",\"item\":\"https:\\\/\\\/www.blecha.at\\\/fr\\\/produits\\\/profiles-speciaux\\\/\"},{\"@type\":\"ListItem\",\"position\":4,\"name\":\"Construction en verre\"}]},{\"@type\":\"WebSite\",\"@id\":\"https:\\\/\\\/www.blecha.at\\\/#website\",\"url\":\"https:\\\/\\\/www.blecha.at\\\/\",\"name\":\"BLECHA\",\"description\":\"Eine weitere WordPress-Website\",\"potentialAction\":[{\"@type\":\"SearchAction\",\"target\":{\"@type\":\"EntryPoint\",\"urlTemplate\":\"https:\\\/\\\/www.blecha.at\\\/?s={search_term_string}\"},\"query-input\":{\"@type\":\"PropertyValueSpecification\",\"valueRequired\":true,\"valueName\":\"search_term_string\"}}],\"inLanguage\":\"fr-FR\"}]}<\/script>\n<!-- \/ Yoast SEO plugin. -->","yoast_head_json":{"title":"Construction en verre | BLECHA Aluprofile","description":"Nos profil\u00e9s en aluminium sont la solution parfaite pour la construction en verre. Avec une large gamme de profil\u00e9s, notamment des profil\u00e9s en U, des profil\u00e9s en U anodis\u00e9s, des profil\u00e9s aspect acier inoxydable et des profil\u00e9s d'angle plastifi\u00e9s, nous vous proposons les profil\u00e9s permettant d'obtenir des r\u00e9sultats exceptionnels dans la construction en verre.","robots":{"index":"index","follow":"follow","max-snippet":"max-snippet:-1","max-image-preview":"max-image-preview:large","max-video-preview":"max-video-preview:-1"},"canonical":"https:\/\/www.blecha.at\/fr\/produits\/profiles-speciaux\/construction-en-verre\/","og_locale":"fr_FR","og_type":"article","og_title":"Construction en verre | BLECHA Aluprofile","og_description":"Nos profil\u00e9s en aluminium sont la solution parfaite pour la construction en verre. Avec une large gamme de profil\u00e9s, notamment des profil\u00e9s en U, des profil\u00e9s en U anodis\u00e9s, des profil\u00e9s aspect acier inoxydable et des profil\u00e9s d'angle plastifi\u00e9s, nous vous proposons les profil\u00e9s permettant d'obtenir des r\u00e9sultats exceptionnels dans la construction en verre.","og_url":"https:\/\/www.blecha.at\/fr\/produits\/profiles-speciaux\/construction-en-verre\/","og_site_name":"BLECHA","article_modified_time":"2026-01-26T15:14:43+00:00","og_image":[{"width":2560,"height":1642,"url":"https:\/\/www.blecha.at\/wp-content\/uploads\/2021\/02\/blecha-unternehmen-auswahl-gebaeude-3-scaled.jpg","type":"image\/jpeg"}],"twitter_card":"summary_large_image","schema":{"@context":"https:\/\/schema.org","@graph":[{"@type":"WebPage","@id":"https:\/\/www.blecha.at\/fr\/produits\/profiles-speciaux\/construction-en-verre\/","url":"https:\/\/www.blecha.at\/fr\/produits\/profiles-speciaux\/construction-en-verre\/","name":"Construction en verre | BLECHA Aluprofile","isPartOf":{"@id":"https:\/\/www.blecha.at\/#website"},"datePublished":"2023-01-11T09:58:58+00:00","dateModified":"2026-01-26T15:14:43+00:00","description":"Nos profil\u00e9s en aluminium sont la solution parfaite pour la construction en verre. Avec une large gamme de profil\u00e9s, notamment des profil\u00e9s en U, des profil\u00e9s en U anodis\u00e9s, des profil\u00e9s aspect acier inoxydable et des profil\u00e9s d'angle plastifi\u00e9s, nous vous proposons les profil\u00e9s permettant d'obtenir des r\u00e9sultats exceptionnels dans la construction en verre.","breadcrumb":{"@id":"https:\/\/www.blecha.at\/fr\/produits\/profiles-speciaux\/construction-en-verre\/#breadcrumb"},"inLanguage":"fr-FR","potentialAction":[{"@type":"ReadAction","target":["https:\/\/www.blecha.at\/fr\/produits\/profiles-speciaux\/construction-en-verre\/"]}]},{"@type":"BreadcrumbList","@id":"https:\/\/www.blecha.at\/fr\/produits\/profiles-speciaux\/construction-en-verre\/#breadcrumb","itemListElement":[{"@type":"ListItem","position":1,"name":"Home","item":"https:\/\/www.blecha.at\/fr\/"},{"@type":"ListItem","position":2,"name":"Produits","item":"https:\/\/www.blecha.at\/fr\/produits\/"},{"@type":"ListItem","position":3,"name":"Profil\u00e9s sp\u00e9ciaux","item":"https:\/\/www.blecha.at\/fr\/produits\/profiles-speciaux\/"},{"@type":"ListItem","position":4,"name":"Construction en verre"}]},{"@type":"WebSite","@id":"https:\/\/www.blecha.at\/#website","url":"https:\/\/www.blecha.at\/","name":"BLECHA","description":"Eine weitere WordPress-Website","potentialAction":[{"@type":"SearchAction","target":{"@type":"EntryPoint","urlTemplate":"https:\/\/www.blecha.at\/?s={search_term_string}"},"query-input":{"@type":"PropertyValueSpecification","valueRequired":true,"valueName":"search_term_string"}}],"inLanguage":"fr-FR"}]}},"_links":{"self":[{"href":"https:\/\/www.blecha.at\/fr\/wp-json\/wp\/v2\/pages\/24517","targetHints":{"allow":["GET"]}}],"collection":[{"href":"https:\/\/www.blecha.at\/fr\/wp-json\/wp\/v2\/pages"}],"about":[{"href":"https:\/\/www.blecha.at\/fr\/wp-json\/wp\/v2\/types\/page"}],"author":[{"embeddable":true,"href":"https:\/\/www.blecha.at\/fr\/wp-json\/wp\/v2\/users\/2"}],"replies":[{"embeddable":true,"href":"https:\/\/www.blecha.at\/fr\/wp-json\/wp\/v2\/comments?post=24517"}],"version-history":[{"count":8,"href":"https:\/\/www.blecha.at\/fr\/wp-json\/wp\/v2\/pages\/24517\/revisions"}],"predecessor-version":[{"id":31752,"href":"https:\/\/www.blecha.at\/fr\/wp-json\/wp\/v2\/pages\/24517\/revisions\/31752"}],"up":[{"embeddable":true,"href":"https:\/\/www.blecha.at\/fr\/wp-json\/wp\/v2\/pages\/5799"}],"wp:attachment":[{"href":"https:\/\/www.blecha.at\/fr\/wp-json\/wp\/v2\/media?parent=24517"}],"curies":[{"name":"wp","href":"https:\/\/api.w.org\/{rel}","templated":true}]}}