{"id":25262,"date":"2022-12-15T10:11:20","date_gmt":"2022-12-15T09:11:20","guid":{"rendered":"https:\/\/www.blecha.at\/produits\/profiles-speciaux\/terrassenbau\/"},"modified":"2026-02-09T16:04:26","modified_gmt":"2026-02-09T15:04:26","slug":"construction-de-terrasse","status":"publish","type":"page","link":"https:\/\/www.blecha.at\/fr\/produits\/profiles-speciaux\/construction-de-terrasse\/","title":{"rendered":"Construction de terrasse"},"content":{"rendered":"","protected":false},"excerpt":{"rendered":"","protected":false},"author":2,"featured_media":0,"parent":5799,"menu_order":0,"comment_status":"closed","ping_status":"closed","template":"page-zaunsysteme-details.php","meta":{"_acf_changed":false,"footnotes":""},"class_list":["post-25262","page","type-page","status-publish","hentry"],"acf":[],"yoast_head":"<!-- This site is optimized with the Yoast SEO plugin v27.3 - https:\/\/yoast.com\/product\/yoast-seo-wordpress\/ -->\n<title>Construction de terrasse | BLECHA Aluprofile<\/title>\n<meta name=\"description\" content=\"D\u00e9couvrez nos profil\u00e9s en aluminium de haute qualit\u00e9 pour la construction de terrasses. Notre large gamme comprend des bandes de couverture, des lames de terrasse et bien plus encore, sp\u00e9cialement d\u00e9velopp\u00e9es pour la conception et la construction de terrasses.\" \/>\n<meta name=\"robots\" content=\"index, follow, max-snippet:-1, max-image-preview:large, max-video-preview:-1\" \/>\n<link rel=\"canonical\" href=\"https:\/\/www.blecha.at\/fr\/produits\/profiles-speciaux\/construction-de-terrasse\/\" \/>\n<meta property=\"og:locale\" content=\"fr_FR\" \/>\n<meta property=\"og:type\" content=\"article\" \/>\n<meta property=\"og:title\" content=\"Construction de terrasse | BLECHA Aluprofile\" \/>\n<meta property=\"og:description\" content=\"D\u00e9couvrez nos profil\u00e9s en aluminium de haute qualit\u00e9 pour la construction de terrasses. Notre large gamme comprend des bandes de couverture, des lames de terrasse et bien plus encore, sp\u00e9cialement d\u00e9velopp\u00e9es pour la conception et la construction de terrasses.\" \/>\n<meta property=\"og:url\" content=\"https:\/\/www.blecha.at\/fr\/produits\/profiles-speciaux\/construction-de-terrasse\/\" \/>\n<meta property=\"og:site_name\" content=\"BLECHA\" \/>\n<meta property=\"article:modified_time\" content=\"2026-02-09T15:04:26+00:00\" \/>\n<meta property=\"og:image\" content=\"https:\/\/www.blecha.at\/wp-content\/uploads\/2021\/02\/blecha-unternehmen-auswahl-gebaeude-3-scaled.jpg\" \/>\n\t<meta property=\"og:image:width\" content=\"2560\" \/>\n\t<meta property=\"og:image:height\" content=\"1642\" \/>\n\t<meta property=\"og:image:type\" content=\"image\/jpeg\" \/>\n<meta name=\"twitter:card\" content=\"summary_large_image\" \/>\n<script type=\"application\/ld+json\" class=\"yoast-schema-graph\">{\"@context\":\"https:\\\/\\\/schema.org\",\"@graph\":[{\"@type\":\"WebPage\",\"@id\":\"https:\\\/\\\/www.blecha.at\\\/fr\\\/produits\\\/profiles-speciaux\\\/construction-de-terrasse\\\/\",\"url\":\"https:\\\/\\\/www.blecha.at\\\/fr\\\/produits\\\/profiles-speciaux\\\/construction-de-terrasse\\\/\",\"name\":\"Construction de terrasse | BLECHA Aluprofile\",\"isPartOf\":{\"@id\":\"https:\\\/\\\/www.blecha.at\\\/#website\"},\"datePublished\":\"2022-12-15T09:11:20+00:00\",\"dateModified\":\"2026-02-09T15:04:26+00:00\",\"description\":\"D\u00e9couvrez nos profil\u00e9s en aluminium de haute qualit\u00e9 pour la construction de terrasses. Notre large gamme comprend des bandes de couverture, des lames de terrasse et bien plus encore, sp\u00e9cialement d\u00e9velopp\u00e9es pour la conception et la construction de terrasses.\",\"breadcrumb\":{\"@id\":\"https:\\\/\\\/www.blecha.at\\\/fr\\\/produits\\\/profiles-speciaux\\\/construction-de-terrasse\\\/#breadcrumb\"},\"inLanguage\":\"fr-FR\",\"potentialAction\":[{\"@type\":\"ReadAction\",\"target\":[\"https:\\\/\\\/www.blecha.at\\\/fr\\\/produits\\\/profiles-speciaux\\\/construction-de-terrasse\\\/\"]}]},{\"@type\":\"BreadcrumbList\",\"@id\":\"https:\\\/\\\/www.blecha.at\\\/fr\\\/produits\\\/profiles-speciaux\\\/construction-de-terrasse\\\/#breadcrumb\",\"itemListElement\":[{\"@type\":\"ListItem\",\"position\":1,\"name\":\"Home\",\"item\":\"https:\\\/\\\/www.blecha.at\\\/fr\\\/\"},{\"@type\":\"ListItem\",\"position\":2,\"name\":\"Produits\",\"item\":\"https:\\\/\\\/www.blecha.at\\\/fr\\\/produits\\\/\"},{\"@type\":\"ListItem\",\"position\":3,\"name\":\"Profil\u00e9s sp\u00e9ciaux\",\"item\":\"https:\\\/\\\/www.blecha.at\\\/fr\\\/produits\\\/profiles-speciaux\\\/\"},{\"@type\":\"ListItem\",\"position\":4,\"name\":\"Construction de terrasse\"}]},{\"@type\":\"WebSite\",\"@id\":\"https:\\\/\\\/www.blecha.at\\\/#website\",\"url\":\"https:\\\/\\\/www.blecha.at\\\/\",\"name\":\"BLECHA\",\"description\":\"Eine weitere WordPress-Website\",\"potentialAction\":[{\"@type\":\"SearchAction\",\"target\":{\"@type\":\"EntryPoint\",\"urlTemplate\":\"https:\\\/\\\/www.blecha.at\\\/?s={search_term_string}\"},\"query-input\":{\"@type\":\"PropertyValueSpecification\",\"valueRequired\":true,\"valueName\":\"search_term_string\"}}],\"inLanguage\":\"fr-FR\"}]}<\/script>\n<!-- \/ Yoast SEO plugin. -->","yoast_head_json":{"title":"Construction de terrasse | BLECHA Aluprofile","description":"D\u00e9couvrez nos profil\u00e9s en aluminium de haute qualit\u00e9 pour la construction de terrasses. Notre large gamme comprend des bandes de couverture, des lames de terrasse et bien plus encore, sp\u00e9cialement d\u00e9velopp\u00e9es pour la conception et la construction de terrasses.","robots":{"index":"index","follow":"follow","max-snippet":"max-snippet:-1","max-image-preview":"max-image-preview:large","max-video-preview":"max-video-preview:-1"},"canonical":"https:\/\/www.blecha.at\/fr\/produits\/profiles-speciaux\/construction-de-terrasse\/","og_locale":"fr_FR","og_type":"article","og_title":"Construction de terrasse | BLECHA Aluprofile","og_description":"D\u00e9couvrez nos profil\u00e9s en aluminium de haute qualit\u00e9 pour la construction de terrasses. Notre large gamme comprend des bandes de couverture, des lames de terrasse et bien plus encore, sp\u00e9cialement d\u00e9velopp\u00e9es pour la conception et la construction de terrasses.","og_url":"https:\/\/www.blecha.at\/fr\/produits\/profiles-speciaux\/construction-de-terrasse\/","og_site_name":"BLECHA","article_modified_time":"2026-02-09T15:04:26+00:00","og_image":[{"width":2560,"height":1642,"url":"https:\/\/www.blecha.at\/wp-content\/uploads\/2021\/02\/blecha-unternehmen-auswahl-gebaeude-3-scaled.jpg","type":"image\/jpeg"}],"twitter_card":"summary_large_image","schema":{"@context":"https:\/\/schema.org","@graph":[{"@type":"WebPage","@id":"https:\/\/www.blecha.at\/fr\/produits\/profiles-speciaux\/construction-de-terrasse\/","url":"https:\/\/www.blecha.at\/fr\/produits\/profiles-speciaux\/construction-de-terrasse\/","name":"Construction de terrasse | BLECHA Aluprofile","isPartOf":{"@id":"https:\/\/www.blecha.at\/#website"},"datePublished":"2022-12-15T09:11:20+00:00","dateModified":"2026-02-09T15:04:26+00:00","description":"D\u00e9couvrez nos profil\u00e9s en aluminium de haute qualit\u00e9 pour la construction de terrasses. Notre large gamme comprend des bandes de couverture, des lames de terrasse et bien plus encore, sp\u00e9cialement d\u00e9velopp\u00e9es pour la conception et la construction de terrasses.","breadcrumb":{"@id":"https:\/\/www.blecha.at\/fr\/produits\/profiles-speciaux\/construction-de-terrasse\/#breadcrumb"},"inLanguage":"fr-FR","potentialAction":[{"@type":"ReadAction","target":["https:\/\/www.blecha.at\/fr\/produits\/profiles-speciaux\/construction-de-terrasse\/"]}]},{"@type":"BreadcrumbList","@id":"https:\/\/www.blecha.at\/fr\/produits\/profiles-speciaux\/construction-de-terrasse\/#breadcrumb","itemListElement":[{"@type":"ListItem","position":1,"name":"Home","item":"https:\/\/www.blecha.at\/fr\/"},{"@type":"ListItem","position":2,"name":"Produits","item":"https:\/\/www.blecha.at\/fr\/produits\/"},{"@type":"ListItem","position":3,"name":"Profil\u00e9s sp\u00e9ciaux","item":"https:\/\/www.blecha.at\/fr\/produits\/profiles-speciaux\/"},{"@type":"ListItem","position":4,"name":"Construction de terrasse"}]},{"@type":"WebSite","@id":"https:\/\/www.blecha.at\/#website","url":"https:\/\/www.blecha.at\/","name":"BLECHA","description":"Eine weitere WordPress-Website","potentialAction":[{"@type":"SearchAction","target":{"@type":"EntryPoint","urlTemplate":"https:\/\/www.blecha.at\/?s={search_term_string}"},"query-input":{"@type":"PropertyValueSpecification","valueRequired":true,"valueName":"search_term_string"}}],"inLanguage":"fr-FR"}]}},"_links":{"self":[{"href":"https:\/\/www.blecha.at\/fr\/wp-json\/wp\/v2\/pages\/25262","targetHints":{"allow":["GET"]}}],"collection":[{"href":"https:\/\/www.blecha.at\/fr\/wp-json\/wp\/v2\/pages"}],"about":[{"href":"https:\/\/www.blecha.at\/fr\/wp-json\/wp\/v2\/types\/page"}],"author":[{"embeddable":true,"href":"https:\/\/www.blecha.at\/fr\/wp-json\/wp\/v2\/users\/2"}],"replies":[{"embeddable":true,"href":"https:\/\/www.blecha.at\/fr\/wp-json\/wp\/v2\/comments?post=25262"}],"version-history":[{"count":6,"href":"https:\/\/www.blecha.at\/fr\/wp-json\/wp\/v2\/pages\/25262\/revisions"}],"predecessor-version":[{"id":31839,"href":"https:\/\/www.blecha.at\/fr\/wp-json\/wp\/v2\/pages\/25262\/revisions\/31839"}],"up":[{"embeddable":true,"href":"https:\/\/www.blecha.at\/fr\/wp-json\/wp\/v2\/pages\/5799"}],"wp:attachment":[{"href":"https:\/\/www.blecha.at\/fr\/wp-json\/wp\/v2\/media?parent=25262"}],"curies":[{"name":"wp","href":"https:\/\/api.w.org\/{rel}","templated":true}]}}