{"id":25552,"date":"2023-10-18T11:54:24","date_gmt":"2023-10-18T09:54:24","guid":{"rendered":"https:\/\/www.blecha.at\/produits\/raccords\/rohrboegen-2\/"},"modified":"2024-07-18T16:55:25","modified_gmt":"2024-07-18T14:55:25","slug":"coudes-en-alu","status":"publish","type":"page","link":"https:\/\/www.blecha.at\/fr\/produits\/fittings\/coudes-en-alu\/","title":{"rendered":"Coudes en alu"},"content":{"rendered":"","protected":false},"excerpt":{"rendered":"","protected":false},"author":2,"featured_media":0,"parent":26615,"menu_order":0,"comment_status":"closed","ping_status":"closed","template":"page-zaunsysteme-details.php","meta":{"_acf_changed":false,"footnotes":""},"class_list":["post-25552","page","type-page","status-publish","hentry"],"acf":[],"yoast_head":"<!-- This site is optimized with the Yoast SEO plugin v27.3 - https:\/\/yoast.com\/product\/yoast-seo-wordpress\/ -->\n<title>Coudes en alu | BLECHA Aluprofile<\/title>\n<meta name=\"description\" content=\"Nos coudes de tuyaux sont le r\u00e9sultat de techniques de production de pointe et d\u2019un contr\u00f4le qualit\u00e9 strict. Fabriqu\u00e9s selon le c\u00e9l\u00e8bre proc\u00e9d\u00e9 de cintrage de tubes de Hambourg, nos coudes de tubes garantissent la plus haute pr\u00e9cision et durabilit\u00e9. Nous les proposons en version Norme 2 (rayon court) et Norme 3 (rayon long) afin de r\u00e9pondre aux diff\u00e9rentes exigences de nos clients.\" \/>\n<meta name=\"robots\" content=\"index, follow, max-snippet:-1, max-image-preview:large, max-video-preview:-1\" \/>\n<link rel=\"canonical\" href=\"https:\/\/www.blecha.at\/fr\/produits\/fittings\/coudes-en-alu\/\" \/>\n<meta property=\"og:locale\" content=\"fr_FR\" \/>\n<meta property=\"og:type\" content=\"article\" \/>\n<meta property=\"og:title\" content=\"Coudes en alu | BLECHA Aluprofile\" \/>\n<meta property=\"og:description\" content=\"Nos coudes de tuyaux sont le r\u00e9sultat de techniques de production de pointe et d\u2019un contr\u00f4le qualit\u00e9 strict. Fabriqu\u00e9s selon le c\u00e9l\u00e8bre proc\u00e9d\u00e9 de cintrage de tubes de Hambourg, nos coudes de tubes garantissent la plus haute pr\u00e9cision et durabilit\u00e9. Nous les proposons en version Norme 2 (rayon court) et Norme 3 (rayon long) afin de r\u00e9pondre aux diff\u00e9rentes exigences de nos clients.\" \/>\n<meta property=\"og:url\" content=\"https:\/\/www.blecha.at\/fr\/produits\/fittings\/coudes-en-alu\/\" \/>\n<meta property=\"og:site_name\" content=\"BLECHA\" \/>\n<meta property=\"article:modified_time\" content=\"2024-07-18T14:55:25+00:00\" \/>\n<meta property=\"og:image\" content=\"https:\/\/www.blecha.at\/wp-content\/uploads\/2021\/02\/blecha-unternehmen-auswahl-gebaeude-3-scaled.jpg\" \/>\n\t<meta property=\"og:image:width\" content=\"2560\" \/>\n\t<meta property=\"og:image:height\" content=\"1642\" \/>\n\t<meta property=\"og:image:type\" content=\"image\/jpeg\" \/>\n<meta name=\"twitter:card\" content=\"summary_large_image\" \/>\n<script type=\"application\/ld+json\" class=\"yoast-schema-graph\">{\"@context\":\"https:\\\/\\\/schema.org\",\"@graph\":[{\"@type\":\"WebPage\",\"@id\":\"https:\\\/\\\/www.blecha.at\\\/fr\\\/produits\\\/fittings\\\/coudes-en-alu\\\/\",\"url\":\"https:\\\/\\\/www.blecha.at\\\/fr\\\/produits\\\/fittings\\\/coudes-en-alu\\\/\",\"name\":\"Coudes en alu | BLECHA Aluprofile\",\"isPartOf\":{\"@id\":\"https:\\\/\\\/www.blecha.at\\\/#website\"},\"datePublished\":\"2023-10-18T09:54:24+00:00\",\"dateModified\":\"2024-07-18T14:55:25+00:00\",\"description\":\"Nos coudes de tuyaux sont le r\u00e9sultat de techniques de production de pointe et d\u2019un contr\u00f4le qualit\u00e9 strict. Fabriqu\u00e9s selon le c\u00e9l\u00e8bre proc\u00e9d\u00e9 de cintrage de tubes de Hambourg, nos coudes de tubes garantissent la plus haute pr\u00e9cision et durabilit\u00e9. Nous les proposons en version Norme 2 (rayon court) et Norme 3 (rayon long) afin de r\u00e9pondre aux diff\u00e9rentes exigences de nos clients.\",\"breadcrumb\":{\"@id\":\"https:\\\/\\\/www.blecha.at\\\/fr\\\/produits\\\/fittings\\\/coudes-en-alu\\\/#breadcrumb\"},\"inLanguage\":\"fr-FR\",\"potentialAction\":[{\"@type\":\"ReadAction\",\"target\":[\"https:\\\/\\\/www.blecha.at\\\/fr\\\/produits\\\/fittings\\\/coudes-en-alu\\\/\"]}]},{\"@type\":\"BreadcrumbList\",\"@id\":\"https:\\\/\\\/www.blecha.at\\\/fr\\\/produits\\\/fittings\\\/coudes-en-alu\\\/#breadcrumb\",\"itemListElement\":[{\"@type\":\"ListItem\",\"position\":1,\"name\":\"Home\",\"item\":\"https:\\\/\\\/www.blecha.at\\\/fr\\\/\"},{\"@type\":\"ListItem\",\"position\":2,\"name\":\"Produits\",\"item\":\"https:\\\/\\\/www.blecha.at\\\/fr\\\/produits\\\/\"},{\"@type\":\"ListItem\",\"position\":3,\"name\":\"Raccords\",\"item\":\"https:\\\/\\\/www.blecha.at\\\/fr\\\/produits\\\/fittings\\\/\"},{\"@type\":\"ListItem\",\"position\":4,\"name\":\"Coudes en alu\"}]},{\"@type\":\"WebSite\",\"@id\":\"https:\\\/\\\/www.blecha.at\\\/#website\",\"url\":\"https:\\\/\\\/www.blecha.at\\\/\",\"name\":\"BLECHA\",\"description\":\"Eine weitere WordPress-Website\",\"potentialAction\":[{\"@type\":\"SearchAction\",\"target\":{\"@type\":\"EntryPoint\",\"urlTemplate\":\"https:\\\/\\\/www.blecha.at\\\/?s={search_term_string}\"},\"query-input\":{\"@type\":\"PropertyValueSpecification\",\"valueRequired\":true,\"valueName\":\"search_term_string\"}}],\"inLanguage\":\"fr-FR\"}]}<\/script>\n<!-- \/ Yoast SEO plugin. -->","yoast_head_json":{"title":"Coudes en alu | BLECHA Aluprofile","description":"Nos coudes de tuyaux sont le r\u00e9sultat de techniques de production de pointe et d\u2019un contr\u00f4le qualit\u00e9 strict. Fabriqu\u00e9s selon le c\u00e9l\u00e8bre proc\u00e9d\u00e9 de cintrage de tubes de Hambourg, nos coudes de tubes garantissent la plus haute pr\u00e9cision et durabilit\u00e9. Nous les proposons en version Norme 2 (rayon court) et Norme 3 (rayon long) afin de r\u00e9pondre aux diff\u00e9rentes exigences de nos clients.","robots":{"index":"index","follow":"follow","max-snippet":"max-snippet:-1","max-image-preview":"max-image-preview:large","max-video-preview":"max-video-preview:-1"},"canonical":"https:\/\/www.blecha.at\/fr\/produits\/fittings\/coudes-en-alu\/","og_locale":"fr_FR","og_type":"article","og_title":"Coudes en alu | BLECHA Aluprofile","og_description":"Nos coudes de tuyaux sont le r\u00e9sultat de techniques de production de pointe et d\u2019un contr\u00f4le qualit\u00e9 strict. Fabriqu\u00e9s selon le c\u00e9l\u00e8bre proc\u00e9d\u00e9 de cintrage de tubes de Hambourg, nos coudes de tubes garantissent la plus haute pr\u00e9cision et durabilit\u00e9. Nous les proposons en version Norme 2 (rayon court) et Norme 3 (rayon long) afin de r\u00e9pondre aux diff\u00e9rentes exigences de nos clients.","og_url":"https:\/\/www.blecha.at\/fr\/produits\/fittings\/coudes-en-alu\/","og_site_name":"BLECHA","article_modified_time":"2024-07-18T14:55:25+00:00","og_image":[{"width":2560,"height":1642,"url":"https:\/\/www.blecha.at\/wp-content\/uploads\/2021\/02\/blecha-unternehmen-auswahl-gebaeude-3-scaled.jpg","type":"image\/jpeg"}],"twitter_card":"summary_large_image","schema":{"@context":"https:\/\/schema.org","@graph":[{"@type":"WebPage","@id":"https:\/\/www.blecha.at\/fr\/produits\/fittings\/coudes-en-alu\/","url":"https:\/\/www.blecha.at\/fr\/produits\/fittings\/coudes-en-alu\/","name":"Coudes en alu | BLECHA Aluprofile","isPartOf":{"@id":"https:\/\/www.blecha.at\/#website"},"datePublished":"2023-10-18T09:54:24+00:00","dateModified":"2024-07-18T14:55:25+00:00","description":"Nos coudes de tuyaux sont le r\u00e9sultat de techniques de production de pointe et d\u2019un contr\u00f4le qualit\u00e9 strict. Fabriqu\u00e9s selon le c\u00e9l\u00e8bre proc\u00e9d\u00e9 de cintrage de tubes de Hambourg, nos coudes de tubes garantissent la plus haute pr\u00e9cision et durabilit\u00e9. Nous les proposons en version Norme 2 (rayon court) et Norme 3 (rayon long) afin de r\u00e9pondre aux diff\u00e9rentes exigences de nos clients.","breadcrumb":{"@id":"https:\/\/www.blecha.at\/fr\/produits\/fittings\/coudes-en-alu\/#breadcrumb"},"inLanguage":"fr-FR","potentialAction":[{"@type":"ReadAction","target":["https:\/\/www.blecha.at\/fr\/produits\/fittings\/coudes-en-alu\/"]}]},{"@type":"BreadcrumbList","@id":"https:\/\/www.blecha.at\/fr\/produits\/fittings\/coudes-en-alu\/#breadcrumb","itemListElement":[{"@type":"ListItem","position":1,"name":"Home","item":"https:\/\/www.blecha.at\/fr\/"},{"@type":"ListItem","position":2,"name":"Produits","item":"https:\/\/www.blecha.at\/fr\/produits\/"},{"@type":"ListItem","position":3,"name":"Raccords","item":"https:\/\/www.blecha.at\/fr\/produits\/fittings\/"},{"@type":"ListItem","position":4,"name":"Coudes en alu"}]},{"@type":"WebSite","@id":"https:\/\/www.blecha.at\/#website","url":"https:\/\/www.blecha.at\/","name":"BLECHA","description":"Eine weitere WordPress-Website","potentialAction":[{"@type":"SearchAction","target":{"@type":"EntryPoint","urlTemplate":"https:\/\/www.blecha.at\/?s={search_term_string}"},"query-input":{"@type":"PropertyValueSpecification","valueRequired":true,"valueName":"search_term_string"}}],"inLanguage":"fr-FR"}]}},"_links":{"self":[{"href":"https:\/\/www.blecha.at\/fr\/wp-json\/wp\/v2\/pages\/25552","targetHints":{"allow":["GET"]}}],"collection":[{"href":"https:\/\/www.blecha.at\/fr\/wp-json\/wp\/v2\/pages"}],"about":[{"href":"https:\/\/www.blecha.at\/fr\/wp-json\/wp\/v2\/types\/page"}],"author":[{"embeddable":true,"href":"https:\/\/www.blecha.at\/fr\/wp-json\/wp\/v2\/users\/2"}],"replies":[{"embeddable":true,"href":"https:\/\/www.blecha.at\/fr\/wp-json\/wp\/v2\/comments?post=25552"}],"version-history":[{"count":6,"href":"https:\/\/www.blecha.at\/fr\/wp-json\/wp\/v2\/pages\/25552\/revisions"}],"predecessor-version":[{"id":27874,"href":"https:\/\/www.blecha.at\/fr\/wp-json\/wp\/v2\/pages\/25552\/revisions\/27874"}],"up":[{"embeddable":true,"href":"https:\/\/www.blecha.at\/fr\/wp-json\/wp\/v2\/pages\/26615"}],"wp:attachment":[{"href":"https:\/\/www.blecha.at\/fr\/wp-json\/wp\/v2\/media?parent=25552"}],"curies":[{"name":"wp","href":"https:\/\/api.w.org\/{rel}","templated":true}]}}