{"id":25667,"date":"2023-10-18T11:44:29","date_gmt":"2023-10-18T09:44:29","guid":{"rendered":"https:\/\/www.blecha.at\/produits\/raccords\/reduzierungen\/"},"modified":"2025-03-19T14:47:59","modified_gmt":"2025-03-19T13:47:59","slug":"reductions","status":"publish","type":"page","link":"https:\/\/www.blecha.at\/fr\/produits\/fittings\/reductions\/","title":{"rendered":"R\u00e9ductions"},"content":{"rendered":"","protected":false},"excerpt":{"rendered":"","protected":false},"author":2,"featured_media":0,"parent":26615,"menu_order":0,"comment_status":"closed","ping_status":"closed","template":"page-zaunsysteme-details.php","meta":{"_acf_changed":false,"footnotes":""},"class_list":["post-25667","page","type-page","status-publish","hentry"],"acf":[],"yoast_head":"<!-- This site is optimized with the Yoast SEO plugin v27.3 - https:\/\/yoast.com\/product\/yoast-seo-wordpress\/ -->\n<title>R\u00e9ductions | BLECHA Aluprofil<\/title>\n<meta name=\"description\" content=\"D\u00e9couvrez nos r\u00e9ducteurs en aluminium de haute qualit\u00e9. Nos r\u00e9ducteurs en aluminium constituent la solution id\u00e9ale pour les syst\u00e8mes de canalisations n\u00e9cessitant des changements de diam\u00e8tre. Nous proposons des r\u00e9ducteurs concentriques, des r\u00e9ducteurs excentriques et des traverses, y compris des traverses de r\u00e9duction filet\u00e9es.\" \/>\n<meta name=\"robots\" content=\"index, follow, max-snippet:-1, max-image-preview:large, max-video-preview:-1\" \/>\n<link rel=\"canonical\" href=\"https:\/\/www.blecha.at\/fr\/produits\/fittings\/reductions\/\" \/>\n<meta property=\"og:locale\" content=\"fr_FR\" \/>\n<meta property=\"og:type\" content=\"article\" \/>\n<meta property=\"og:title\" content=\"R\u00e9ductions | BLECHA Aluprofil\" \/>\n<meta property=\"og:description\" content=\"D\u00e9couvrez nos r\u00e9ducteurs en aluminium de haute qualit\u00e9. Nos r\u00e9ducteurs en aluminium constituent la solution id\u00e9ale pour les syst\u00e8mes de canalisations n\u00e9cessitant des changements de diam\u00e8tre. Nous proposons des r\u00e9ducteurs concentriques, des r\u00e9ducteurs excentriques et des traverses, y compris des traverses de r\u00e9duction filet\u00e9es.\" \/>\n<meta property=\"og:url\" content=\"https:\/\/www.blecha.at\/fr\/produits\/fittings\/reductions\/\" \/>\n<meta property=\"og:site_name\" content=\"BLECHA\" \/>\n<meta property=\"article:modified_time\" content=\"2025-03-19T13:47:59+00:00\" \/>\n<meta property=\"og:image\" content=\"https:\/\/www.blecha.at\/wp-content\/uploads\/2021\/02\/blecha-unternehmen-auswahl-gebaeude-3-scaled.jpg\" \/>\n\t<meta property=\"og:image:width\" content=\"2560\" \/>\n\t<meta property=\"og:image:height\" content=\"1642\" \/>\n\t<meta property=\"og:image:type\" content=\"image\/jpeg\" \/>\n<meta name=\"twitter:card\" content=\"summary_large_image\" \/>\n<script type=\"application\/ld+json\" class=\"yoast-schema-graph\">{\"@context\":\"https:\\\/\\\/schema.org\",\"@graph\":[{\"@type\":\"WebPage\",\"@id\":\"https:\\\/\\\/www.blecha.at\\\/fr\\\/produits\\\/fittings\\\/reductions\\\/\",\"url\":\"https:\\\/\\\/www.blecha.at\\\/fr\\\/produits\\\/fittings\\\/reductions\\\/\",\"name\":\"R\u00e9ductions | BLECHA Aluprofil\",\"isPartOf\":{\"@id\":\"https:\\\/\\\/www.blecha.at\\\/#website\"},\"datePublished\":\"2023-10-18T09:44:29+00:00\",\"dateModified\":\"2025-03-19T13:47:59+00:00\",\"description\":\"D\u00e9couvrez nos r\u00e9ducteurs en aluminium de haute qualit\u00e9. Nos r\u00e9ducteurs en aluminium constituent la solution id\u00e9ale pour les syst\u00e8mes de canalisations n\u00e9cessitant des changements de diam\u00e8tre. Nous proposons des r\u00e9ducteurs concentriques, des r\u00e9ducteurs excentriques et des traverses, y compris des traverses de r\u00e9duction filet\u00e9es.\",\"breadcrumb\":{\"@id\":\"https:\\\/\\\/www.blecha.at\\\/fr\\\/produits\\\/fittings\\\/reductions\\\/#breadcrumb\"},\"inLanguage\":\"fr-FR\",\"potentialAction\":[{\"@type\":\"ReadAction\",\"target\":[\"https:\\\/\\\/www.blecha.at\\\/fr\\\/produits\\\/fittings\\\/reductions\\\/\"]}]},{\"@type\":\"BreadcrumbList\",\"@id\":\"https:\\\/\\\/www.blecha.at\\\/fr\\\/produits\\\/fittings\\\/reductions\\\/#breadcrumb\",\"itemListElement\":[{\"@type\":\"ListItem\",\"position\":1,\"name\":\"Home\",\"item\":\"https:\\\/\\\/www.blecha.at\\\/fr\\\/\"},{\"@type\":\"ListItem\",\"position\":2,\"name\":\"Produits\",\"item\":\"https:\\\/\\\/www.blecha.at\\\/fr\\\/produits\\\/\"},{\"@type\":\"ListItem\",\"position\":3,\"name\":\"Raccords\",\"item\":\"https:\\\/\\\/www.blecha.at\\\/fr\\\/produits\\\/fittings\\\/\"},{\"@type\":\"ListItem\",\"position\":4,\"name\":\"R\u00e9ductions\"}]},{\"@type\":\"WebSite\",\"@id\":\"https:\\\/\\\/www.blecha.at\\\/#website\",\"url\":\"https:\\\/\\\/www.blecha.at\\\/\",\"name\":\"BLECHA\",\"description\":\"Eine weitere WordPress-Website\",\"potentialAction\":[{\"@type\":\"SearchAction\",\"target\":{\"@type\":\"EntryPoint\",\"urlTemplate\":\"https:\\\/\\\/www.blecha.at\\\/?s={search_term_string}\"},\"query-input\":{\"@type\":\"PropertyValueSpecification\",\"valueRequired\":true,\"valueName\":\"search_term_string\"}}],\"inLanguage\":\"fr-FR\"}]}<\/script>\n<!-- \/ Yoast SEO plugin. -->","yoast_head_json":{"title":"R\u00e9ductions | BLECHA Aluprofil","description":"D\u00e9couvrez nos r\u00e9ducteurs en aluminium de haute qualit\u00e9. Nos r\u00e9ducteurs en aluminium constituent la solution id\u00e9ale pour les syst\u00e8mes de canalisations n\u00e9cessitant des changements de diam\u00e8tre. Nous proposons des r\u00e9ducteurs concentriques, des r\u00e9ducteurs excentriques et des traverses, y compris des traverses de r\u00e9duction filet\u00e9es.","robots":{"index":"index","follow":"follow","max-snippet":"max-snippet:-1","max-image-preview":"max-image-preview:large","max-video-preview":"max-video-preview:-1"},"canonical":"https:\/\/www.blecha.at\/fr\/produits\/fittings\/reductions\/","og_locale":"fr_FR","og_type":"article","og_title":"R\u00e9ductions | BLECHA Aluprofil","og_description":"D\u00e9couvrez nos r\u00e9ducteurs en aluminium de haute qualit\u00e9. Nos r\u00e9ducteurs en aluminium constituent la solution id\u00e9ale pour les syst\u00e8mes de canalisations n\u00e9cessitant des changements de diam\u00e8tre. Nous proposons des r\u00e9ducteurs concentriques, des r\u00e9ducteurs excentriques et des traverses, y compris des traverses de r\u00e9duction filet\u00e9es.","og_url":"https:\/\/www.blecha.at\/fr\/produits\/fittings\/reductions\/","og_site_name":"BLECHA","article_modified_time":"2025-03-19T13:47:59+00:00","og_image":[{"width":2560,"height":1642,"url":"https:\/\/www.blecha.at\/wp-content\/uploads\/2021\/02\/blecha-unternehmen-auswahl-gebaeude-3-scaled.jpg","type":"image\/jpeg"}],"twitter_card":"summary_large_image","schema":{"@context":"https:\/\/schema.org","@graph":[{"@type":"WebPage","@id":"https:\/\/www.blecha.at\/fr\/produits\/fittings\/reductions\/","url":"https:\/\/www.blecha.at\/fr\/produits\/fittings\/reductions\/","name":"R\u00e9ductions | BLECHA Aluprofil","isPartOf":{"@id":"https:\/\/www.blecha.at\/#website"},"datePublished":"2023-10-18T09:44:29+00:00","dateModified":"2025-03-19T13:47:59+00:00","description":"D\u00e9couvrez nos r\u00e9ducteurs en aluminium de haute qualit\u00e9. Nos r\u00e9ducteurs en aluminium constituent la solution id\u00e9ale pour les syst\u00e8mes de canalisations n\u00e9cessitant des changements de diam\u00e8tre. Nous proposons des r\u00e9ducteurs concentriques, des r\u00e9ducteurs excentriques et des traverses, y compris des traverses de r\u00e9duction filet\u00e9es.","breadcrumb":{"@id":"https:\/\/www.blecha.at\/fr\/produits\/fittings\/reductions\/#breadcrumb"},"inLanguage":"fr-FR","potentialAction":[{"@type":"ReadAction","target":["https:\/\/www.blecha.at\/fr\/produits\/fittings\/reductions\/"]}]},{"@type":"BreadcrumbList","@id":"https:\/\/www.blecha.at\/fr\/produits\/fittings\/reductions\/#breadcrumb","itemListElement":[{"@type":"ListItem","position":1,"name":"Home","item":"https:\/\/www.blecha.at\/fr\/"},{"@type":"ListItem","position":2,"name":"Produits","item":"https:\/\/www.blecha.at\/fr\/produits\/"},{"@type":"ListItem","position":3,"name":"Raccords","item":"https:\/\/www.blecha.at\/fr\/produits\/fittings\/"},{"@type":"ListItem","position":4,"name":"R\u00e9ductions"}]},{"@type":"WebSite","@id":"https:\/\/www.blecha.at\/#website","url":"https:\/\/www.blecha.at\/","name":"BLECHA","description":"Eine weitere WordPress-Website","potentialAction":[{"@type":"SearchAction","target":{"@type":"EntryPoint","urlTemplate":"https:\/\/www.blecha.at\/?s={search_term_string}"},"query-input":{"@type":"PropertyValueSpecification","valueRequired":true,"valueName":"search_term_string"}}],"inLanguage":"fr-FR"}]}},"_links":{"self":[{"href":"https:\/\/www.blecha.at\/fr\/wp-json\/wp\/v2\/pages\/25667","targetHints":{"allow":["GET"]}}],"collection":[{"href":"https:\/\/www.blecha.at\/fr\/wp-json\/wp\/v2\/pages"}],"about":[{"href":"https:\/\/www.blecha.at\/fr\/wp-json\/wp\/v2\/types\/page"}],"author":[{"embeddable":true,"href":"https:\/\/www.blecha.at\/fr\/wp-json\/wp\/v2\/users\/2"}],"replies":[{"embeddable":true,"href":"https:\/\/www.blecha.at\/fr\/wp-json\/wp\/v2\/comments?post=25667"}],"version-history":[{"count":7,"href":"https:\/\/www.blecha.at\/fr\/wp-json\/wp\/v2\/pages\/25667\/revisions"}],"predecessor-version":[{"id":29074,"href":"https:\/\/www.blecha.at\/fr\/wp-json\/wp\/v2\/pages\/25667\/revisions\/29074"}],"up":[{"embeddable":true,"href":"https:\/\/www.blecha.at\/fr\/wp-json\/wp\/v2\/pages\/26615"}],"wp:attachment":[{"href":"https:\/\/www.blecha.at\/fr\/wp-json\/wp\/v2\/media?parent=25667"}],"curies":[{"name":"wp","href":"https:\/\/api.w.org\/{rel}","templated":true}]}}