{"id":26082,"date":"2023-01-11T13:20:00","date_gmt":"2023-01-11T12:20:00","guid":{"rendered":"https:\/\/www.blecha.at\/produits\/raccords\/kloepperboden\/"},"modified":"2024-02-02T11:55:45","modified_gmt":"2024-02-02T10:55:45","slug":"fonds","status":"publish","type":"page","link":"https:\/\/www.blecha.at\/fr\/produits\/fittings\/fonds\/","title":{"rendered":"Fonds"},"content":{"rendered":"","protected":false},"excerpt":{"rendered":"","protected":false},"author":2,"featured_media":0,"parent":26615,"menu_order":0,"comment_status":"closed","ping_status":"closed","template":"page-zaunsysteme-details.php","meta":{"_acf_changed":false,"footnotes":""},"class_list":["post-26082","page","type-page","status-publish","hentry"],"acf":[],"yoast_head":"<!-- This site is optimized with the Yoast SEO plugin v27.3 - https:\/\/yoast.com\/product\/yoast-seo-wordpress\/ -->\n<title>Fonds | BLECHA Aluprofil<\/title>\n<meta name=\"description\" content=\"D\u00e9couvrez nos fonds bomb\u00e9s en aluminium de haute qualit\u00e9. Nos t\u00eates bomb\u00e9es sont la solution id\u00e9ale pour diverses applications o\u00f9 des fermetures fiables et \u00e9tanches sont requises. Nous proposons des fonds bomb\u00e9s dans diff\u00e9rents mod\u00e8les et tailles.\" \/>\n<meta name=\"robots\" content=\"index, follow, max-snippet:-1, max-image-preview:large, max-video-preview:-1\" \/>\n<link rel=\"canonical\" href=\"https:\/\/www.blecha.at\/fr\/produits\/fittings\/fonds\/\" \/>\n<meta property=\"og:locale\" content=\"fr_FR\" \/>\n<meta property=\"og:type\" content=\"article\" \/>\n<meta property=\"og:title\" content=\"Fonds | BLECHA Aluprofil\" \/>\n<meta property=\"og:description\" content=\"D\u00e9couvrez nos fonds bomb\u00e9s en aluminium de haute qualit\u00e9. Nos t\u00eates bomb\u00e9es sont la solution id\u00e9ale pour diverses applications o\u00f9 des fermetures fiables et \u00e9tanches sont requises. Nous proposons des fonds bomb\u00e9s dans diff\u00e9rents mod\u00e8les et tailles.\" \/>\n<meta property=\"og:url\" content=\"https:\/\/www.blecha.at\/fr\/produits\/fittings\/fonds\/\" \/>\n<meta property=\"og:site_name\" content=\"BLECHA\" \/>\n<meta property=\"article:modified_time\" content=\"2024-02-02T10:55:45+00:00\" \/>\n<meta property=\"og:image\" content=\"https:\/\/www.blecha.at\/wp-content\/uploads\/2021\/02\/blecha-unternehmen-auswahl-gebaeude-3-scaled.jpg\" \/>\n\t<meta property=\"og:image:width\" content=\"2560\" \/>\n\t<meta property=\"og:image:height\" content=\"1642\" \/>\n\t<meta property=\"og:image:type\" content=\"image\/jpeg\" \/>\n<meta name=\"twitter:card\" content=\"summary_large_image\" \/>\n<script type=\"application\/ld+json\" class=\"yoast-schema-graph\">{\"@context\":\"https:\\\/\\\/schema.org\",\"@graph\":[{\"@type\":\"WebPage\",\"@id\":\"https:\\\/\\\/www.blecha.at\\\/fr\\\/produits\\\/fittings\\\/fonds\\\/\",\"url\":\"https:\\\/\\\/www.blecha.at\\\/fr\\\/produits\\\/fittings\\\/fonds\\\/\",\"name\":\"Fonds | BLECHA Aluprofil\",\"isPartOf\":{\"@id\":\"https:\\\/\\\/www.blecha.at\\\/#website\"},\"datePublished\":\"2023-01-11T12:20:00+00:00\",\"dateModified\":\"2024-02-02T10:55:45+00:00\",\"description\":\"D\u00e9couvrez nos fonds bomb\u00e9s en aluminium de haute qualit\u00e9. Nos t\u00eates bomb\u00e9es sont la solution id\u00e9ale pour diverses applications o\u00f9 des fermetures fiables et \u00e9tanches sont requises. Nous proposons des fonds bomb\u00e9s dans diff\u00e9rents mod\u00e8les et tailles.\",\"breadcrumb\":{\"@id\":\"https:\\\/\\\/www.blecha.at\\\/fr\\\/produits\\\/fittings\\\/fonds\\\/#breadcrumb\"},\"inLanguage\":\"fr-FR\",\"potentialAction\":[{\"@type\":\"ReadAction\",\"target\":[\"https:\\\/\\\/www.blecha.at\\\/fr\\\/produits\\\/fittings\\\/fonds\\\/\"]}]},{\"@type\":\"BreadcrumbList\",\"@id\":\"https:\\\/\\\/www.blecha.at\\\/fr\\\/produits\\\/fittings\\\/fonds\\\/#breadcrumb\",\"itemListElement\":[{\"@type\":\"ListItem\",\"position\":1,\"name\":\"Home\",\"item\":\"https:\\\/\\\/www.blecha.at\\\/fr\\\/\"},{\"@type\":\"ListItem\",\"position\":2,\"name\":\"Produits\",\"item\":\"https:\\\/\\\/www.blecha.at\\\/fr\\\/produits\\\/\"},{\"@type\":\"ListItem\",\"position\":3,\"name\":\"Raccords\",\"item\":\"https:\\\/\\\/www.blecha.at\\\/fr\\\/produits\\\/fittings\\\/\"},{\"@type\":\"ListItem\",\"position\":4,\"name\":\"Fonds\"}]},{\"@type\":\"WebSite\",\"@id\":\"https:\\\/\\\/www.blecha.at\\\/#website\",\"url\":\"https:\\\/\\\/www.blecha.at\\\/\",\"name\":\"BLECHA\",\"description\":\"Eine weitere WordPress-Website\",\"potentialAction\":[{\"@type\":\"SearchAction\",\"target\":{\"@type\":\"EntryPoint\",\"urlTemplate\":\"https:\\\/\\\/www.blecha.at\\\/?s={search_term_string}\"},\"query-input\":{\"@type\":\"PropertyValueSpecification\",\"valueRequired\":true,\"valueName\":\"search_term_string\"}}],\"inLanguage\":\"fr-FR\"}]}<\/script>\n<!-- \/ Yoast SEO plugin. -->","yoast_head_json":{"title":"Fonds | BLECHA Aluprofil","description":"D\u00e9couvrez nos fonds bomb\u00e9s en aluminium de haute qualit\u00e9. Nos t\u00eates bomb\u00e9es sont la solution id\u00e9ale pour diverses applications o\u00f9 des fermetures fiables et \u00e9tanches sont requises. Nous proposons des fonds bomb\u00e9s dans diff\u00e9rents mod\u00e8les et tailles.","robots":{"index":"index","follow":"follow","max-snippet":"max-snippet:-1","max-image-preview":"max-image-preview:large","max-video-preview":"max-video-preview:-1"},"canonical":"https:\/\/www.blecha.at\/fr\/produits\/fittings\/fonds\/","og_locale":"fr_FR","og_type":"article","og_title":"Fonds | BLECHA Aluprofil","og_description":"D\u00e9couvrez nos fonds bomb\u00e9s en aluminium de haute qualit\u00e9. Nos t\u00eates bomb\u00e9es sont la solution id\u00e9ale pour diverses applications o\u00f9 des fermetures fiables et \u00e9tanches sont requises. Nous proposons des fonds bomb\u00e9s dans diff\u00e9rents mod\u00e8les et tailles.","og_url":"https:\/\/www.blecha.at\/fr\/produits\/fittings\/fonds\/","og_site_name":"BLECHA","article_modified_time":"2024-02-02T10:55:45+00:00","og_image":[{"width":2560,"height":1642,"url":"https:\/\/www.blecha.at\/wp-content\/uploads\/2021\/02\/blecha-unternehmen-auswahl-gebaeude-3-scaled.jpg","type":"image\/jpeg"}],"twitter_card":"summary_large_image","schema":{"@context":"https:\/\/schema.org","@graph":[{"@type":"WebPage","@id":"https:\/\/www.blecha.at\/fr\/produits\/fittings\/fonds\/","url":"https:\/\/www.blecha.at\/fr\/produits\/fittings\/fonds\/","name":"Fonds | BLECHA Aluprofil","isPartOf":{"@id":"https:\/\/www.blecha.at\/#website"},"datePublished":"2023-01-11T12:20:00+00:00","dateModified":"2024-02-02T10:55:45+00:00","description":"D\u00e9couvrez nos fonds bomb\u00e9s en aluminium de haute qualit\u00e9. Nos t\u00eates bomb\u00e9es sont la solution id\u00e9ale pour diverses applications o\u00f9 des fermetures fiables et \u00e9tanches sont requises. Nous proposons des fonds bomb\u00e9s dans diff\u00e9rents mod\u00e8les et tailles.","breadcrumb":{"@id":"https:\/\/www.blecha.at\/fr\/produits\/fittings\/fonds\/#breadcrumb"},"inLanguage":"fr-FR","potentialAction":[{"@type":"ReadAction","target":["https:\/\/www.blecha.at\/fr\/produits\/fittings\/fonds\/"]}]},{"@type":"BreadcrumbList","@id":"https:\/\/www.blecha.at\/fr\/produits\/fittings\/fonds\/#breadcrumb","itemListElement":[{"@type":"ListItem","position":1,"name":"Home","item":"https:\/\/www.blecha.at\/fr\/"},{"@type":"ListItem","position":2,"name":"Produits","item":"https:\/\/www.blecha.at\/fr\/produits\/"},{"@type":"ListItem","position":3,"name":"Raccords","item":"https:\/\/www.blecha.at\/fr\/produits\/fittings\/"},{"@type":"ListItem","position":4,"name":"Fonds"}]},{"@type":"WebSite","@id":"https:\/\/www.blecha.at\/#website","url":"https:\/\/www.blecha.at\/","name":"BLECHA","description":"Eine weitere WordPress-Website","potentialAction":[{"@type":"SearchAction","target":{"@type":"EntryPoint","urlTemplate":"https:\/\/www.blecha.at\/?s={search_term_string}"},"query-input":{"@type":"PropertyValueSpecification","valueRequired":true,"valueName":"search_term_string"}}],"inLanguage":"fr-FR"}]}},"_links":{"self":[{"href":"https:\/\/www.blecha.at\/fr\/wp-json\/wp\/v2\/pages\/26082","targetHints":{"allow":["GET"]}}],"collection":[{"href":"https:\/\/www.blecha.at\/fr\/wp-json\/wp\/v2\/pages"}],"about":[{"href":"https:\/\/www.blecha.at\/fr\/wp-json\/wp\/v2\/types\/page"}],"author":[{"embeddable":true,"href":"https:\/\/www.blecha.at\/fr\/wp-json\/wp\/v2\/users\/2"}],"replies":[{"embeddable":true,"href":"https:\/\/www.blecha.at\/fr\/wp-json\/wp\/v2\/comments?post=26082"}],"version-history":[{"count":5,"href":"https:\/\/www.blecha.at\/fr\/wp-json\/wp\/v2\/pages\/26082\/revisions"}],"predecessor-version":[{"id":26918,"href":"https:\/\/www.blecha.at\/fr\/wp-json\/wp\/v2\/pages\/26082\/revisions\/26918"}],"up":[{"embeddable":true,"href":"https:\/\/www.blecha.at\/fr\/wp-json\/wp\/v2\/pages\/26615"}],"wp:attachment":[{"href":"https:\/\/www.blecha.at\/fr\/wp-json\/wp\/v2\/media?parent=26082"}],"curies":[{"name":"wp","href":"https:\/\/api.w.org\/{rel}","templated":true}]}}