{"id":26204,"date":"2023-01-11T09:55:35","date_gmt":"2023-01-11T08:55:35","guid":{"rendered":"https:\/\/www.blecha.at\/produits\/raccords\/zulieferteile-fuer-saugfoerderanlagen\/"},"modified":"2024-01-24T12:21:50","modified_gmt":"2024-01-24T11:21:50","slug":"accessoires-pour-lalimentation-des-machines-de-moulage","status":"publish","type":"page","link":"https:\/\/www.blecha.at\/fr\/produits\/accessoires-pour-lalimentation-des-machines-de-moulage\/","title":{"rendered":"Accessoires pour l&rsquo;alimentation des machines de moulage"},"content":{"rendered":"","protected":false},"excerpt":{"rendered":"","protected":false},"author":2,"featured_media":11349,"parent":5412,"menu_order":0,"comment_status":"closed","ping_status":"closed","template":"page-zaunsysteme-details.php","meta":{"_acf_changed":false,"footnotes":""},"class_list":["post-26204","page","type-page","status-publish","has-post-thumbnail","hentry"],"acf":[],"yoast_head":"<!-- This site is optimized with the Yoast SEO plugin v27.3 - https:\/\/yoast.com\/product\/yoast-seo-wordpress\/ -->\n<title>Accessoires pour l&#039;alimentation des machines de moulage | BLECHA Aluprofile<\/title>\n<meta name=\"description\" content=\"D\u00e9couvrez nos pi\u00e8ces de fournisseur de haute qualit\u00e9 en acier inoxydable et en aluminium pour les syst\u00e8mes de convoyeurs par aspiration. Nos pi\u00e8ces fournies constituent la solution id\u00e9ale pour optimiser les syst\u00e8mes de convoyeurs par aspiration et les syst\u00e8mes de convoyeurs. Nous proposons une large gamme de pi\u00e8ces de fournisseurs, notamment des coudes avec extensions de pattes, des t\u00e9s, des t\u00e9s soud\u00e9s, des pi\u00e8ces de d\u00e9rivation, des pi\u00e8ces en Y, des tuyaux ronds, des coudes et bien plus encore.\" \/>\n<meta name=\"robots\" content=\"index, follow, max-snippet:-1, max-image-preview:large, max-video-preview:-1\" \/>\n<link rel=\"canonical\" href=\"https:\/\/www.blecha.at\/fr\/produits\/accessoires-pour-lalimentation-des-machines-de-moulage\/\" \/>\n<meta property=\"og:locale\" content=\"fr_FR\" \/>\n<meta property=\"og:type\" content=\"article\" \/>\n<meta property=\"og:title\" content=\"Accessoires pour l&#039;alimentation des machines de moulage | BLECHA Aluprofile\" \/>\n<meta property=\"og:description\" content=\"D\u00e9couvrez nos pi\u00e8ces de fournisseur de haute qualit\u00e9 en acier inoxydable et en aluminium pour les syst\u00e8mes de convoyeurs par aspiration. Nos pi\u00e8ces fournies constituent la solution id\u00e9ale pour optimiser les syst\u00e8mes de convoyeurs par aspiration et les syst\u00e8mes de convoyeurs. Nous proposons une large gamme de pi\u00e8ces de fournisseurs, notamment des coudes avec extensions de pattes, des t\u00e9s, des t\u00e9s soud\u00e9s, des pi\u00e8ces de d\u00e9rivation, des pi\u00e8ces en Y, des tuyaux ronds, des coudes et bien plus encore.\" \/>\n<meta property=\"og:url\" content=\"https:\/\/www.blecha.at\/fr\/produits\/accessoires-pour-lalimentation-des-machines-de-moulage\/\" \/>\n<meta property=\"og:site_name\" content=\"BLECHA\" \/>\n<meta property=\"article:modified_time\" content=\"2024-01-24T11:21:50+00:00\" \/>\n<meta property=\"og:image\" content=\"https:\/\/www.blecha.at\/wp-content\/uploads\/2021\/02\/blecha-unternehmen-auswahl-gebaeude-3-scaled.jpg\" \/>\n\t<meta property=\"og:image:width\" content=\"2560\" \/>\n\t<meta property=\"og:image:height\" content=\"1642\" \/>\n\t<meta property=\"og:image:type\" content=\"image\/jpeg\" \/>\n<meta name=\"twitter:card\" content=\"summary_large_image\" \/>\n<script type=\"application\/ld+json\" class=\"yoast-schema-graph\">{\"@context\":\"https:\\\/\\\/schema.org\",\"@graph\":[{\"@type\":\"WebPage\",\"@id\":\"https:\\\/\\\/www.blecha.at\\\/fr\\\/produits\\\/accessoires-pour-lalimentation-des-machines-de-moulage\\\/\",\"url\":\"https:\\\/\\\/www.blecha.at\\\/fr\\\/produits\\\/accessoires-pour-lalimentation-des-machines-de-moulage\\\/\",\"name\":\"Accessoires pour l'alimentation des machines de moulage | BLECHA Aluprofile\",\"isPartOf\":{\"@id\":\"https:\\\/\\\/www.blecha.at\\\/#website\"},\"primaryImageOfPage\":{\"@id\":\"https:\\\/\\\/www.blecha.at\\\/fr\\\/produits\\\/accessoires-pour-lalimentation-des-machines-de-moulage\\\/#primaryimage\"},\"image\":{\"@id\":\"https:\\\/\\\/www.blecha.at\\\/fr\\\/produits\\\/accessoires-pour-lalimentation-des-machines-de-moulage\\\/#primaryimage\"},\"thumbnailUrl\":\"https:\\\/\\\/www.blecha.at\\\/wp-content\\\/uploads\\\/2021\\\/03\\\/blecha-zulieferteile-fuer-saugfoerderanlagen-1-thumbnail.jpg\",\"datePublished\":\"2023-01-11T08:55:35+00:00\",\"dateModified\":\"2024-01-24T11:21:50+00:00\",\"description\":\"D\u00e9couvrez nos pi\u00e8ces de fournisseur de haute qualit\u00e9 en acier inoxydable et en aluminium pour les syst\u00e8mes de convoyeurs par aspiration. Nos pi\u00e8ces fournies constituent la solution id\u00e9ale pour optimiser les syst\u00e8mes de convoyeurs par aspiration et les syst\u00e8mes de convoyeurs. Nous proposons une large gamme de pi\u00e8ces de fournisseurs, notamment des coudes avec extensions de pattes, des t\u00e9s, des t\u00e9s soud\u00e9s, des pi\u00e8ces de d\u00e9rivation, des pi\u00e8ces en Y, des tuyaux ronds, des coudes et bien plus encore.\",\"breadcrumb\":{\"@id\":\"https:\\\/\\\/www.blecha.at\\\/fr\\\/produits\\\/accessoires-pour-lalimentation-des-machines-de-moulage\\\/#breadcrumb\"},\"inLanguage\":\"fr-FR\",\"potentialAction\":[{\"@type\":\"ReadAction\",\"target\":[\"https:\\\/\\\/www.blecha.at\\\/fr\\\/produits\\\/accessoires-pour-lalimentation-des-machines-de-moulage\\\/\"]}]},{\"@type\":\"ImageObject\",\"inLanguage\":\"fr-FR\",\"@id\":\"https:\\\/\\\/www.blecha.at\\\/fr\\\/produits\\\/accessoires-pour-lalimentation-des-machines-de-moulage\\\/#primaryimage\",\"url\":\"https:\\\/\\\/www.blecha.at\\\/wp-content\\\/uploads\\\/2021\\\/03\\\/blecha-zulieferteile-fuer-saugfoerderanlagen-1-thumbnail.jpg\",\"contentUrl\":\"https:\\\/\\\/www.blecha.at\\\/wp-content\\\/uploads\\\/2021\\\/03\\\/blecha-zulieferteile-fuer-saugfoerderanlagen-1-thumbnail.jpg\",\"width\":1600,\"height\":1600},{\"@type\":\"BreadcrumbList\",\"@id\":\"https:\\\/\\\/www.blecha.at\\\/fr\\\/produits\\\/accessoires-pour-lalimentation-des-machines-de-moulage\\\/#breadcrumb\",\"itemListElement\":[{\"@type\":\"ListItem\",\"position\":1,\"name\":\"Home\",\"item\":\"https:\\\/\\\/www.blecha.at\\\/fr\\\/\"},{\"@type\":\"ListItem\",\"position\":2,\"name\":\"Produits\",\"item\":\"https:\\\/\\\/www.blecha.at\\\/fr\\\/produits\\\/\"},{\"@type\":\"ListItem\",\"position\":3,\"name\":\"Accessoires pour l&rsquo;alimentation des machines de moulage\"}]},{\"@type\":\"WebSite\",\"@id\":\"https:\\\/\\\/www.blecha.at\\\/#website\",\"url\":\"https:\\\/\\\/www.blecha.at\\\/\",\"name\":\"BLECHA\",\"description\":\"Eine weitere WordPress-Website\",\"potentialAction\":[{\"@type\":\"SearchAction\",\"target\":{\"@type\":\"EntryPoint\",\"urlTemplate\":\"https:\\\/\\\/www.blecha.at\\\/?s={search_term_string}\"},\"query-input\":{\"@type\":\"PropertyValueSpecification\",\"valueRequired\":true,\"valueName\":\"search_term_string\"}}],\"inLanguage\":\"fr-FR\"}]}<\/script>\n<!-- \/ Yoast SEO plugin. -->","yoast_head_json":{"title":"Accessoires pour l'alimentation des machines de moulage | BLECHA Aluprofile","description":"D\u00e9couvrez nos pi\u00e8ces de fournisseur de haute qualit\u00e9 en acier inoxydable et en aluminium pour les syst\u00e8mes de convoyeurs par aspiration. Nos pi\u00e8ces fournies constituent la solution id\u00e9ale pour optimiser les syst\u00e8mes de convoyeurs par aspiration et les syst\u00e8mes de convoyeurs. Nous proposons une large gamme de pi\u00e8ces de fournisseurs, notamment des coudes avec extensions de pattes, des t\u00e9s, des t\u00e9s soud\u00e9s, des pi\u00e8ces de d\u00e9rivation, des pi\u00e8ces en Y, des tuyaux ronds, des coudes et bien plus encore.","robots":{"index":"index","follow":"follow","max-snippet":"max-snippet:-1","max-image-preview":"max-image-preview:large","max-video-preview":"max-video-preview:-1"},"canonical":"https:\/\/www.blecha.at\/fr\/produits\/accessoires-pour-lalimentation-des-machines-de-moulage\/","og_locale":"fr_FR","og_type":"article","og_title":"Accessoires pour l'alimentation des machines de moulage | BLECHA Aluprofile","og_description":"D\u00e9couvrez nos pi\u00e8ces de fournisseur de haute qualit\u00e9 en acier inoxydable et en aluminium pour les syst\u00e8mes de convoyeurs par aspiration. Nos pi\u00e8ces fournies constituent la solution id\u00e9ale pour optimiser les syst\u00e8mes de convoyeurs par aspiration et les syst\u00e8mes de convoyeurs. Nous proposons une large gamme de pi\u00e8ces de fournisseurs, notamment des coudes avec extensions de pattes, des t\u00e9s, des t\u00e9s soud\u00e9s, des pi\u00e8ces de d\u00e9rivation, des pi\u00e8ces en Y, des tuyaux ronds, des coudes et bien plus encore.","og_url":"https:\/\/www.blecha.at\/fr\/produits\/accessoires-pour-lalimentation-des-machines-de-moulage\/","og_site_name":"BLECHA","article_modified_time":"2024-01-24T11:21:50+00:00","og_image":[{"width":2560,"height":1642,"url":"https:\/\/www.blecha.at\/wp-content\/uploads\/2021\/02\/blecha-unternehmen-auswahl-gebaeude-3-scaled.jpg","type":"image\/jpeg"}],"twitter_card":"summary_large_image","schema":{"@context":"https:\/\/schema.org","@graph":[{"@type":"WebPage","@id":"https:\/\/www.blecha.at\/fr\/produits\/accessoires-pour-lalimentation-des-machines-de-moulage\/","url":"https:\/\/www.blecha.at\/fr\/produits\/accessoires-pour-lalimentation-des-machines-de-moulage\/","name":"Accessoires pour l'alimentation des machines de moulage | BLECHA Aluprofile","isPartOf":{"@id":"https:\/\/www.blecha.at\/#website"},"primaryImageOfPage":{"@id":"https:\/\/www.blecha.at\/fr\/produits\/accessoires-pour-lalimentation-des-machines-de-moulage\/#primaryimage"},"image":{"@id":"https:\/\/www.blecha.at\/fr\/produits\/accessoires-pour-lalimentation-des-machines-de-moulage\/#primaryimage"},"thumbnailUrl":"https:\/\/www.blecha.at\/wp-content\/uploads\/2021\/03\/blecha-zulieferteile-fuer-saugfoerderanlagen-1-thumbnail.jpg","datePublished":"2023-01-11T08:55:35+00:00","dateModified":"2024-01-24T11:21:50+00:00","description":"D\u00e9couvrez nos pi\u00e8ces de fournisseur de haute qualit\u00e9 en acier inoxydable et en aluminium pour les syst\u00e8mes de convoyeurs par aspiration. Nos pi\u00e8ces fournies constituent la solution id\u00e9ale pour optimiser les syst\u00e8mes de convoyeurs par aspiration et les syst\u00e8mes de convoyeurs. Nous proposons une large gamme de pi\u00e8ces de fournisseurs, notamment des coudes avec extensions de pattes, des t\u00e9s, des t\u00e9s soud\u00e9s, des pi\u00e8ces de d\u00e9rivation, des pi\u00e8ces en Y, des tuyaux ronds, des coudes et bien plus encore.","breadcrumb":{"@id":"https:\/\/www.blecha.at\/fr\/produits\/accessoires-pour-lalimentation-des-machines-de-moulage\/#breadcrumb"},"inLanguage":"fr-FR","potentialAction":[{"@type":"ReadAction","target":["https:\/\/www.blecha.at\/fr\/produits\/accessoires-pour-lalimentation-des-machines-de-moulage\/"]}]},{"@type":"ImageObject","inLanguage":"fr-FR","@id":"https:\/\/www.blecha.at\/fr\/produits\/accessoires-pour-lalimentation-des-machines-de-moulage\/#primaryimage","url":"https:\/\/www.blecha.at\/wp-content\/uploads\/2021\/03\/blecha-zulieferteile-fuer-saugfoerderanlagen-1-thumbnail.jpg","contentUrl":"https:\/\/www.blecha.at\/wp-content\/uploads\/2021\/03\/blecha-zulieferteile-fuer-saugfoerderanlagen-1-thumbnail.jpg","width":1600,"height":1600},{"@type":"BreadcrumbList","@id":"https:\/\/www.blecha.at\/fr\/produits\/accessoires-pour-lalimentation-des-machines-de-moulage\/#breadcrumb","itemListElement":[{"@type":"ListItem","position":1,"name":"Home","item":"https:\/\/www.blecha.at\/fr\/"},{"@type":"ListItem","position":2,"name":"Produits","item":"https:\/\/www.blecha.at\/fr\/produits\/"},{"@type":"ListItem","position":3,"name":"Accessoires pour l&rsquo;alimentation des machines de moulage"}]},{"@type":"WebSite","@id":"https:\/\/www.blecha.at\/#website","url":"https:\/\/www.blecha.at\/","name":"BLECHA","description":"Eine weitere WordPress-Website","potentialAction":[{"@type":"SearchAction","target":{"@type":"EntryPoint","urlTemplate":"https:\/\/www.blecha.at\/?s={search_term_string}"},"query-input":{"@type":"PropertyValueSpecification","valueRequired":true,"valueName":"search_term_string"}}],"inLanguage":"fr-FR"}]}},"_links":{"self":[{"href":"https:\/\/www.blecha.at\/fr\/wp-json\/wp\/v2\/pages\/26204","targetHints":{"allow":["GET"]}}],"collection":[{"href":"https:\/\/www.blecha.at\/fr\/wp-json\/wp\/v2\/pages"}],"about":[{"href":"https:\/\/www.blecha.at\/fr\/wp-json\/wp\/v2\/types\/page"}],"author":[{"embeddable":true,"href":"https:\/\/www.blecha.at\/fr\/wp-json\/wp\/v2\/users\/2"}],"replies":[{"embeddable":true,"href":"https:\/\/www.blecha.at\/fr\/wp-json\/wp\/v2\/comments?post=26204"}],"version-history":[{"count":4,"href":"https:\/\/www.blecha.at\/fr\/wp-json\/wp\/v2\/pages\/26204\/revisions"}],"predecessor-version":[{"id":26640,"href":"https:\/\/www.blecha.at\/fr\/wp-json\/wp\/v2\/pages\/26204\/revisions\/26640"}],"up":[{"embeddable":true,"href":"https:\/\/www.blecha.at\/fr\/wp-json\/wp\/v2\/pages\/5412"}],"wp:featuredmedia":[{"embeddable":true,"href":"https:\/\/www.blecha.at\/fr\/wp-json\/wp\/v2\/media\/11349"}],"wp:attachment":[{"href":"https:\/\/www.blecha.at\/fr\/wp-json\/wp\/v2\/media?parent=26204"}],"curies":[{"name":"wp","href":"https:\/\/api.w.org\/{rel}","templated":true}]}}