{"id":30934,"date":"2025-10-20T12:20:26","date_gmt":"2025-10-20T10:20:26","guid":{"rendered":"https:\/\/www.blecha.at\/?page_id=30934"},"modified":"2025-10-20T12:20:27","modified_gmt":"2025-10-20T10:20:27","slug":"profiles-en-l","status":"publish","type":"page","link":"https:\/\/www.blecha.at\/fr\/produits\/profiles-standards\/profiles-en-l\/","title":{"rendered":"Profil\u00e9s en L (corni\u00e8re )"},"content":{"rendered":"\n<section id=\"sectionTwo\" class=\"mt-lg-n11 py-8 py-md-11 px-lg-9 border-left border-right border-right-lg-none bg-white\">\n\n\n<div class=\"wp-bootstrap-blocks-row row mx-auto\">\n\t\n\n<div class=\"col-12 col-md-10\">\n\t\t\t\n\n<h2 class=\"wp-block-heading text-secondary scroll-fade-bottom-up visibility-hidden\">Profil\u00e9s en aluminium en L \u2013 Stabilit\u00e9 et polyvalence pour de nombreuses applications<\/h2>\n\n\n\n<p class=\"scroll-fade-bottom-up visibility-hidden\">Nos corni\u00e8res ou angles en aluminium se distinguent par leur grande stabilit\u00e9, leur r\u00e9sistance \u00e0 la corrosion et leurs nombreuses possibilit\u00e9s d\u2019utilisation.<br>Ils sont employ\u00e9s dans de nombreux secteurs \u2013 de la construction m\u00e9tallique \u00e0 l\u2019am\u00e9nagement int\u00e9rieur, jusqu\u2019\u00e0 la menuiserie du verre.<br>Gr\u00e2ce \u00e0 notre vaste programme de stock, nous proposons des profil\u00e9s en L dans diff\u00e9rentes dimensions et finitions de surface.<\/p>\n\n\n\n<p class=\"scroll-fade-bottom-up visibility-hidden\"><\/p>\n\n\t<\/div>\n\n<\/div>\n\n\n\n<\/section>\n\n\n\n<section class=\"py-8 py-md-9 px-lg-9 border-left border-right border-right-lg-none bg-primary\">\n\n\n\n<h2 class=\"wp-block-heading text-secondary scroll-fade-bottom-up visibility-hidden\" id=\"spezialprofile-nach-mass\">Notre gamme de profil\u00e9s en L en aluminium<\/h2>\n\n\n\n<p class=\"mb-7 mb-md-9 scroll-fade-bottom-up visibility-hidden\">Nous proposons un large choix de profil\u00e9s en L en alliage EN AW-6060, reconnu pour son excellente r\u00e9sistance aux intemp\u00e9ries, sa bonne soudabilit\u00e9 et ses remarquables propri\u00e9t\u00e9s d\u2019usinage.<br>Pour des exigences particuli\u00e8res, notamment dans le domaine de la menuiserie du verre (par exemple cabines de douche, cloisons en verre ou syst\u00e8mes int\u00e9rieurs en verre), nous proposons \u00e9galement des profil\u00e9s en L avec diff\u00e9rentes finitions de surface :<\/p>\n\n\n\n<p class=\"mb-7 mb-md-9 scroll-fade-bottom-up visibility-hidden\"><\/p>\n\n\n<div class=\"wp-bootstrap-blocks-row row mx-auto\">\n\t\n\n<div class=\"col-12 col-md-4 col-lg-4 text-left mb-6 mb-lg-0 scroll-fade-bottom-up visibility-hidden\">\n\t\t\t<div class=\"p-3\">\n\t\t\t\n\n\n\n<h5 class=\"wp-block-heading\">Anodis\u00e9 naturel<\/h5>\n\n\n\n<p>Protection contre la corrosion et aspect mat \u00e9l\u00e9gant.<\/p>\n\n\t\t<\/div>\n\t<\/div>\n\n\n\n<div class=\"col-12 col-md-4 col-lg-4 text-left mb-6 mb-lg-0 scroll-fade-bottom-up visibility-hidden\">\n\t\t\t<div class=\"p-3\">\n\t\t\t\n\n\n\n<h5 class=\"wp-block-heading\">Aspect inox (anodis\u00e9)<\/h5>\n\n\n\n<p>Id\u00e9al pour les constructions en verre haut de gamme et les designs modernes.<\/p>\n\n\t\t<\/div>\n\t<\/div>\n\n\n\n<div class=\"col-12 col-md-4 col-lg-4 text-left mb-6 mb-lg-0 scroll-fade-bottom-up visibility-hidden\">\n\t\t\t<div class=\"p-3\">\n\t\t\t\n\n\n\n<h5 class=\"wp-block-heading\"><font style=\"vertical-align: inherit;\"><font style=\"vertical-align: inherit;\">Thermolaqu\u00e9 RAL 9010 (blanc pur)<\/font><\/font><\/h5>\n\n\n\n<p>Parfait pour les applications n\u00e9cessitant une surface claire et durable.<\/p>\n\n\t\t<\/div>\n\t<\/div>\n\n<\/div>\n\n\n\n<div style=\"height:10px\" aria-hidden=\"true\" class=\"wp-block-spacer\"><\/div>\n\n\n\n<p class=\"scroll-fade-bottom-up visibility-hidden\">Ces profil\u00e9s en aluminium sp\u00e9cialement trait\u00e9s sont disponibles dans des dimensions couramment utilis\u00e9es dans la menuiserie du verre.<\/p>\n\n\n\n<\/section>\n\n\n\n<section data-jarallax=\"\" data-speed=\".8\" class=\"py-12 py-md-13 overlay overlay-black overlay-40 bg-cover jarallax\" style=\"background-image: url(\/wp-content\/uploads\/2025\/06\/blecha-winkel-cta.jpg);\">\n  <div class=\"container\">\n    <div class=\"row mx-auto\">\n      <div class=\"col-12 col-md-10\">\n        <!-- Blockquote -->\n        <blockquote class=\"blockquote mb-0\"> \n          \n          <!-- Text -->\n          <p class=\"h2 text-white text-left font-regular scroll-fade-bottom-up visibility-hidden\">Vous cherchez le profil\u00e9 en L en aluminium adapt\u00e9 \u00e0 votre projet ?\nVous le trouverez certainement dans notre configurateur digital de produits !\n <\/p>\n\n\n\n<div class=\"wp-block-file btn btn-secondary mt-5 scroll-fade-bottom-up visibility-hidden\"><a id=\"wp-block-file--media-57bf97e1-d880-4669-b1ec-d79be4ec7b9e\" href=\"https:\/\/aluprofil.at\/\">Rechercher un produit<\/a><\/div>\n\n\n\n<\/blockquote>\n      <\/div>\n    <\/div>\n  <\/div>\n<\/section>\n\n\n\n<section class=\"border-left border-right border-right-lg-none border-bottom\">\n\n\n<div class=\"wp-bootstrap-blocks-container container-fluid mb-0 px-0\">\n\t\n<div class=\"wp-bootstrap-blocks-row row mx-auto\">\n\t\n\n<div class=\"col-12 col-md-6 px-7 px-lg-9 py-7 py-lg-9\">\n\t\t\t\n\n<h1 class=\"wp-block-heading mt-5 text-secondary scroll-fade-bottom-up visibility-hidden\"><font style=\"vertical-align: inherit;\"><font style=\"vertical-align: inherit;\">Domaines d\u2019application typiques de nos profil\u00e9s en L en aluminium<\/font><\/font><\/h1>\n\n\n\n<div class=\"d-flex text-left scroll-fade-bottom-up visibility-hidden\">\n\n\n\n<p>Gr\u00e2ce \u00e0 leur grande stabilit\u00e9 et \u00e0 leurs finitions de surface vari\u00e9es, les profil\u00e9s en L en aluminium sont particuli\u00e8rement demand\u00e9s dans :<\/p>\n\n\n\n<\/div>\n\n\t<\/div>\n\n\n\n<div class=\"col-12 col-md-6 px-0 scroll-reveal-right-to-left\">\n\t\t\t\n\n<div class=\"reveal-item\">\n<div class=\"reveal-item-inner\">\n\n\n\n<\/div>\n<\/div>\n\n\t<\/div>\n\n\n\n<div class=\"col-12 col-md-6 pt-4 pb-9 pt-lg-5 pb-lg-9 px-7 px-lg-9\">\n\t\t\t\n\n<div class=\"d-flex text-left scroll-fade-bottom-up visibility-hidden\">\n<div class=\"badge badge-rounded-circle badge-secondary mt-1 mr-4\">\n<i class=\"fe fe-check\"><\/i>\n<\/div><p class=\"text\">Construction m\u00e9tallique : Cadres, structures porteuses et habillages. <\/p><\/div>\n\n\n\n<div class=\"d-flex text-left scroll-fade-bottom-up visibility-hidden\">\n<div class=\"badge badge-rounded-circle badge-secondary mt-1 mr-4\">\n<i class=\"fe fe-check\"><\/i>\n<\/div><p class=\"text\">Am\u00e9nagement int\u00e9rieur &#038; mobilier : \u00c9l\u00e9ments de design et renforts pour meubles modernes. <\/p><\/div>\n\n\n\n<div class=\"d-flex text-left scroll-fade-bottom-up visibility-hidden\">\n<div class=\"badge badge-rounded-circle badge-secondary mt-1 mr-4\">\n<i class=\"fe fe-check\"><\/i>\n<\/div><p class=\"text\">Cl\u00f4tures &#038; portails : \u00c9l\u00e9ments de renfort pour des constructions durables.<\/p><\/div>\n\n\n\n<p><\/p>\n\n\t<\/div>\n\n\n\n<div class=\"col-12 col-md-6 pt-4 pb-9 pt-lg-5 pb-lg-9 px-7 px-lg-9\">\n\t\t\t\n\n<div class=\"d-flex text-left scroll-fade-bottom-up visibility-hidden\">\n<div class=\"badge badge-rounded-circle badge-secondary mt-1 mr-4\">\n<i class=\"fe fe-check\"><\/i>\n<\/div><p class=\"text\">Menuiserie du verre &#038; technique de fa\u00e7ade : Supports pour vitrages, cadres et profil\u00e9s de protection. <\/p><\/div>\n\n\n\n<div class=\"d-flex text-left scroll-fade-bottom-up visibility-hidden\">\n<div class=\"badge badge-rounded-circle badge-secondary mt-1 mr-4\">\n<i class=\"fe fe-check\"><\/i>\n<\/div><p class=\"text\">Construction m\u00e9canique : \u00c9l\u00e9ments structurels pour applications industrielles.<\/p><\/div>\n\n\t<\/div>\n\n<\/div>\n\n<\/div>\n\n\n\n<\/section>\n\n\n\n<section class=\"border-left border-right border-right-lg-none\">\n\n\n<div class=\"wp-bootstrap-blocks-row row mx-auto\">\n\t\n\n<div class=\"col-12 col-md-12 px-7 px-lg-9 py-7 py-lg-9\">\n\t\t\t\n\n<h1 class=\"wp-block-heading mt-5 text-secondary scroll-fade-bottom-up visibility-hidden\"><font style=\"vertical-align: inherit;\"><font style=\"vertical-align: inherit;\">Votre partenaire pour des profil\u00e9s en L en aluminium de haute qualit\u00e9<\/font><\/font><\/h1>\n\n\n\n<div class=\"d-flex text-left scroll-fade-bottom-up visibility-hidden\">\n\n\n<div class=\"wp-bootstrap-blocks-row row\">\n\t\n\n<div class=\"col-12 col-md-8\">\n\t\t\t\n\n<p>Profitez de notre large gamme, de notre disponibilit\u00e9 imm\u00e9diate en stock et de notre expertise dans le domaine des demi-produits en aluminium.<\/p>\n\n\t<\/div>\n\n\n\n<div class=\"col-12 col-md-8\">\n\t\t\t\n\n<p><a href=\"http:\/\/blecha.at\/kontakt\">Contactez-nous d\u00e8s aujourd\u2019hui pour trouver les profil\u00e9s en L en aluminium adapt\u00e9s \u00e0 votre projet !<\/a><\/p>\n\n\t<\/div>\n\n<\/div>\n\n\n<div class=\"wp-bootstrap-blocks-row row\">\n\t\n\n<div class=\"col-12 col-md-6\">\n\t\t\t\n\n<p><\/p>\n\n\t<\/div>\n\n\n\n<div class=\"col-12 col-md-6\">\n\t\t\t\n\n<p><\/p>\n\n\t<\/div>\n\n<\/div>\n\n\n\n<p><\/p>\n\n\n\n<p><\/p>\n\n\n\n<p><\/p>\n\n\n\n<\/div>\n\n\t<\/div>\n\n<\/div>\n\n\n\n<\/section>\n","protected":false},"excerpt":{"rendered":"Notre gamme de profil\u00e9s en L en aluminium Nous proposons un large choix de profil\u00e9s en L en alliage EN AW-6060, reconnu pour son excellente r\u00e9sistance aux intemp\u00e9ries, sa bonne soudabilit\u00e9 et ses remarquables propri\u00e9t\u00e9s d\u2019usinage.Pour des exigences particuli\u00e8res, notamment dans le domaine de la menuiserie du verre (par exemple cabines de douche, cloisons en [&hellip;]","protected":false},"author":2,"featured_media":30345,"parent":6119,"menu_order":0,"comment_status":"closed","ping_status":"closed","template":"page-produkte.php","meta":{"_acf_changed":false,"footnotes":""},"class_list":["post-30934","page","type-page","status-publish","has-post-thumbnail","hentry"],"acf":[],"yoast_head":"<!-- This site is optimized with the Yoast SEO plugin v27.3 - https:\/\/yoast.com\/product\/yoast-seo-wordpress\/ -->\n<title>Profil\u00e9s en L (corni\u00e8re ) - BLECHA<\/title>\n<meta name=\"description\" content=\"Profil\u00e9s en L en aluminium EN AW-6060 : id\u00e9als pour la construction m\u00e9tallique, la menuiserie du verre, les fa\u00e7ades et l\u2019am\u00e9nagement int\u00e9rieur. Disponibles directement en stock.\" \/>\n<meta name=\"robots\" content=\"index, follow, max-snippet:-1, max-image-preview:large, max-video-preview:-1\" \/>\n<link rel=\"canonical\" href=\"https:\/\/www.blecha.at\/fr\/produits\/profiles-standards\/profiles-en-l\/\" \/>\n<meta property=\"og:locale\" content=\"fr_FR\" \/>\n<meta property=\"og:type\" content=\"article\" \/>\n<meta property=\"og:title\" content=\"Profil\u00e9s en L (corni\u00e8re ) - BLECHA\" \/>\n<meta property=\"og:description\" content=\"Profil\u00e9s en L en aluminium EN AW-6060 : id\u00e9als pour la construction m\u00e9tallique, la menuiserie du verre, les fa\u00e7ades et l\u2019am\u00e9nagement int\u00e9rieur. Disponibles directement en stock.\" \/>\n<meta property=\"og:url\" content=\"https:\/\/www.blecha.at\/fr\/produits\/profiles-standards\/profiles-en-l\/\" \/>\n<meta property=\"og:site_name\" content=\"BLECHA\" \/>\n<meta property=\"article:modified_time\" content=\"2025-10-20T10:20:27+00:00\" \/>\n<meta property=\"og:image\" content=\"https:\/\/www.blecha.at\/wp-content\/uploads\/2025\/06\/blecha-winkel.jpg\" \/>\n\t<meta property=\"og:image:width\" content=\"1900\" \/>\n\t<meta property=\"og:image:height\" content=\"1200\" \/>\n\t<meta property=\"og:image:type\" content=\"image\/jpeg\" \/>\n<meta name=\"twitter:card\" content=\"summary_large_image\" \/>\n<meta name=\"twitter:label1\" content=\"Dur\u00e9e de lecture estim\u00e9e\" \/>\n\t<meta name=\"twitter:data1\" content=\"2 minutes\" \/>\n<script type=\"application\/ld+json\" class=\"yoast-schema-graph\">{\"@context\":\"https:\\\/\\\/schema.org\",\"@graph\":[{\"@type\":\"WebPage\",\"@id\":\"https:\\\/\\\/www.blecha.at\\\/fr\\\/produits\\\/profiles-standards\\\/profiles-en-l\\\/\",\"url\":\"https:\\\/\\\/www.blecha.at\\\/fr\\\/produits\\\/profiles-standards\\\/profiles-en-l\\\/\",\"name\":\"Profil\u00e9s en L (corni\u00e8re ) - BLECHA\",\"isPartOf\":{\"@id\":\"https:\\\/\\\/www.blecha.at\\\/#website\"},\"primaryImageOfPage\":{\"@id\":\"https:\\\/\\\/www.blecha.at\\\/fr\\\/produits\\\/profiles-standards\\\/profiles-en-l\\\/#primaryimage\"},\"image\":{\"@id\":\"https:\\\/\\\/www.blecha.at\\\/fr\\\/produits\\\/profiles-standards\\\/profiles-en-l\\\/#primaryimage\"},\"thumbnailUrl\":\"https:\\\/\\\/www.blecha.at\\\/wp-content\\\/uploads\\\/2025\\\/06\\\/blecha-winkel.jpg\",\"datePublished\":\"2025-10-20T10:20:26+00:00\",\"dateModified\":\"2025-10-20T10:20:27+00:00\",\"description\":\"Profil\u00e9s en L en aluminium EN AW-6060 : id\u00e9als pour la construction m\u00e9tallique, la menuiserie du verre, les fa\u00e7ades et l\u2019am\u00e9nagement int\u00e9rieur. Disponibles directement en stock.\",\"breadcrumb\":{\"@id\":\"https:\\\/\\\/www.blecha.at\\\/fr\\\/produits\\\/profiles-standards\\\/profiles-en-l\\\/#breadcrumb\"},\"inLanguage\":\"fr-FR\",\"potentialAction\":[{\"@type\":\"ReadAction\",\"target\":[\"https:\\\/\\\/www.blecha.at\\\/fr\\\/produits\\\/profiles-standards\\\/profiles-en-l\\\/\"]}]},{\"@type\":\"ImageObject\",\"inLanguage\":\"fr-FR\",\"@id\":\"https:\\\/\\\/www.blecha.at\\\/fr\\\/produits\\\/profiles-standards\\\/profiles-en-l\\\/#primaryimage\",\"url\":\"https:\\\/\\\/www.blecha.at\\\/wp-content\\\/uploads\\\/2025\\\/06\\\/blecha-winkel.jpg\",\"contentUrl\":\"https:\\\/\\\/www.blecha.at\\\/wp-content\\\/uploads\\\/2025\\\/06\\\/blecha-winkel.jpg\",\"width\":1900,\"height\":1200},{\"@type\":\"BreadcrumbList\",\"@id\":\"https:\\\/\\\/www.blecha.at\\\/fr\\\/produits\\\/profiles-standards\\\/profiles-en-l\\\/#breadcrumb\",\"itemListElement\":[{\"@type\":\"ListItem\",\"position\":1,\"name\":\"Home\",\"item\":\"https:\\\/\\\/www.blecha.at\\\/fr\\\/\"},{\"@type\":\"ListItem\",\"position\":2,\"name\":\"Produits\",\"item\":\"https:\\\/\\\/www.blecha.at\\\/fr\\\/produits\\\/\"},{\"@type\":\"ListItem\",\"position\":3,\"name\":\"Profil\u00e9s standards\",\"item\":\"https:\\\/\\\/www.blecha.at\\\/fr\\\/produits\\\/profiles-standards\\\/\"},{\"@type\":\"ListItem\",\"position\":4,\"name\":\"Profil\u00e9s en L (corni\u00e8re )\"}]},{\"@type\":\"WebSite\",\"@id\":\"https:\\\/\\\/www.blecha.at\\\/#website\",\"url\":\"https:\\\/\\\/www.blecha.at\\\/\",\"name\":\"BLECHA\",\"description\":\"Eine weitere WordPress-Website\",\"potentialAction\":[{\"@type\":\"SearchAction\",\"target\":{\"@type\":\"EntryPoint\",\"urlTemplate\":\"https:\\\/\\\/www.blecha.at\\\/?s={search_term_string}\"},\"query-input\":{\"@type\":\"PropertyValueSpecification\",\"valueRequired\":true,\"valueName\":\"search_term_string\"}}],\"inLanguage\":\"fr-FR\"}]}<\/script>\n<!-- \/ Yoast SEO plugin. -->","yoast_head_json":{"title":"Profil\u00e9s en L (corni\u00e8re ) - BLECHA","description":"Profil\u00e9s en L en aluminium EN AW-6060 : id\u00e9als pour la construction m\u00e9tallique, la menuiserie du verre, les fa\u00e7ades et l\u2019am\u00e9nagement int\u00e9rieur. Disponibles directement en stock.","robots":{"index":"index","follow":"follow","max-snippet":"max-snippet:-1","max-image-preview":"max-image-preview:large","max-video-preview":"max-video-preview:-1"},"canonical":"https:\/\/www.blecha.at\/fr\/produits\/profiles-standards\/profiles-en-l\/","og_locale":"fr_FR","og_type":"article","og_title":"Profil\u00e9s en L (corni\u00e8re ) - BLECHA","og_description":"Profil\u00e9s en L en aluminium EN AW-6060 : id\u00e9als pour la construction m\u00e9tallique, la menuiserie du verre, les fa\u00e7ades et l\u2019am\u00e9nagement int\u00e9rieur. Disponibles directement en stock.","og_url":"https:\/\/www.blecha.at\/fr\/produits\/profiles-standards\/profiles-en-l\/","og_site_name":"BLECHA","article_modified_time":"2025-10-20T10:20:27+00:00","og_image":[{"width":1900,"height":1200,"url":"https:\/\/www.blecha.at\/wp-content\/uploads\/2025\/06\/blecha-winkel.jpg","type":"image\/jpeg"}],"twitter_card":"summary_large_image","twitter_misc":{"Dur\u00e9e de lecture estim\u00e9e":"2 minutes"},"schema":{"@context":"https:\/\/schema.org","@graph":[{"@type":"WebPage","@id":"https:\/\/www.blecha.at\/fr\/produits\/profiles-standards\/profiles-en-l\/","url":"https:\/\/www.blecha.at\/fr\/produits\/profiles-standards\/profiles-en-l\/","name":"Profil\u00e9s en L (corni\u00e8re ) - BLECHA","isPartOf":{"@id":"https:\/\/www.blecha.at\/#website"},"primaryImageOfPage":{"@id":"https:\/\/www.blecha.at\/fr\/produits\/profiles-standards\/profiles-en-l\/#primaryimage"},"image":{"@id":"https:\/\/www.blecha.at\/fr\/produits\/profiles-standards\/profiles-en-l\/#primaryimage"},"thumbnailUrl":"https:\/\/www.blecha.at\/wp-content\/uploads\/2025\/06\/blecha-winkel.jpg","datePublished":"2025-10-20T10:20:26+00:00","dateModified":"2025-10-20T10:20:27+00:00","description":"Profil\u00e9s en L en aluminium EN AW-6060 : id\u00e9als pour la construction m\u00e9tallique, la menuiserie du verre, les fa\u00e7ades et l\u2019am\u00e9nagement int\u00e9rieur. Disponibles directement en stock.","breadcrumb":{"@id":"https:\/\/www.blecha.at\/fr\/produits\/profiles-standards\/profiles-en-l\/#breadcrumb"},"inLanguage":"fr-FR","potentialAction":[{"@type":"ReadAction","target":["https:\/\/www.blecha.at\/fr\/produits\/profiles-standards\/profiles-en-l\/"]}]},{"@type":"ImageObject","inLanguage":"fr-FR","@id":"https:\/\/www.blecha.at\/fr\/produits\/profiles-standards\/profiles-en-l\/#primaryimage","url":"https:\/\/www.blecha.at\/wp-content\/uploads\/2025\/06\/blecha-winkel.jpg","contentUrl":"https:\/\/www.blecha.at\/wp-content\/uploads\/2025\/06\/blecha-winkel.jpg","width":1900,"height":1200},{"@type":"BreadcrumbList","@id":"https:\/\/www.blecha.at\/fr\/produits\/profiles-standards\/profiles-en-l\/#breadcrumb","itemListElement":[{"@type":"ListItem","position":1,"name":"Home","item":"https:\/\/www.blecha.at\/fr\/"},{"@type":"ListItem","position":2,"name":"Produits","item":"https:\/\/www.blecha.at\/fr\/produits\/"},{"@type":"ListItem","position":3,"name":"Profil\u00e9s standards","item":"https:\/\/www.blecha.at\/fr\/produits\/profiles-standards\/"},{"@type":"ListItem","position":4,"name":"Profil\u00e9s en L (corni\u00e8re )"}]},{"@type":"WebSite","@id":"https:\/\/www.blecha.at\/#website","url":"https:\/\/www.blecha.at\/","name":"BLECHA","description":"Eine weitere WordPress-Website","potentialAction":[{"@type":"SearchAction","target":{"@type":"EntryPoint","urlTemplate":"https:\/\/www.blecha.at\/?s={search_term_string}"},"query-input":{"@type":"PropertyValueSpecification","valueRequired":true,"valueName":"search_term_string"}}],"inLanguage":"fr-FR"}]}},"_links":{"self":[{"href":"https:\/\/www.blecha.at\/fr\/wp-json\/wp\/v2\/pages\/30934","targetHints":{"allow":["GET"]}}],"collection":[{"href":"https:\/\/www.blecha.at\/fr\/wp-json\/wp\/v2\/pages"}],"about":[{"href":"https:\/\/www.blecha.at\/fr\/wp-json\/wp\/v2\/types\/page"}],"author":[{"embeddable":true,"href":"https:\/\/www.blecha.at\/fr\/wp-json\/wp\/v2\/users\/2"}],"replies":[{"embeddable":true,"href":"https:\/\/www.blecha.at\/fr\/wp-json\/wp\/v2\/comments?post=30934"}],"version-history":[{"count":1,"href":"https:\/\/www.blecha.at\/fr\/wp-json\/wp\/v2\/pages\/30934\/revisions"}],"predecessor-version":[{"id":30935,"href":"https:\/\/www.blecha.at\/fr\/wp-json\/wp\/v2\/pages\/30934\/revisions\/30935"}],"up":[{"embeddable":true,"href":"https:\/\/www.blecha.at\/fr\/wp-json\/wp\/v2\/pages\/6119"}],"wp:featuredmedia":[{"embeddable":true,"href":"https:\/\/www.blecha.at\/fr\/wp-json\/wp\/v2\/media\/30345"}],"wp:attachment":[{"href":"https:\/\/www.blecha.at\/fr\/wp-json\/wp\/v2\/media?parent=30934"}],"curies":[{"name":"wp","href":"https:\/\/api.w.org\/{rel}","templated":true}]}}