{"id":4281,"date":"2020-10-09T14:01:10","date_gmt":"2020-10-09T12:01:10","guid":{"rendered":"https:\/\/www.blecha.at\/agb\/"},"modified":"2022-06-30T13:05:24","modified_gmt":"2022-06-30T11:05:24","slug":"cgvl","status":"publish","type":"page","link":"https:\/\/www.blecha.at\/fr\/cgvl\/","title":{"rendered":"CONDITIONS G\u00c9N\u00c9RALES"},"content":{"rendered":"","protected":false},"excerpt":{"rendered":"","protected":false},"author":2,"featured_media":0,"parent":0,"menu_order":0,"comment_status":"closed","ping_status":"closed","template":"page-agb.php","meta":{"_acf_changed":false,"footnotes":""},"class_list":["post-4281","page","type-page","status-publish","hentry"],"acf":[],"yoast_head":"<!-- This site is optimized with the Yoast SEO plugin v27.3 - https:\/\/yoast.com\/product\/yoast-seo-wordpress\/ -->\n<title>Conditions g\u00e9n\u00e9rales de vente et de livraison | BLECHA<\/title>\n<meta name=\"description\" content=\"Dans les pages suivantes, vous trouverez nos conditions g\u00e9n\u00e9rales de vente. Si vous avez d&#039;autres questions, n&#039;h\u00e9sitez pas \u00e0 nous contacter.\" \/>\n<meta name=\"robots\" content=\"index, follow, max-snippet:-1, max-image-preview:large, max-video-preview:-1\" \/>\n<link rel=\"canonical\" href=\"https:\/\/www.blecha.at\/fr\/cgvl\/\" \/>\n<meta property=\"og:locale\" content=\"fr_FR\" \/>\n<meta property=\"og:type\" content=\"article\" \/>\n<meta property=\"og:title\" content=\"Conditions g\u00e9n\u00e9rales de vente et de livraison | BLECHA\" \/>\n<meta property=\"og:description\" content=\"Dans les pages suivantes, vous trouverez nos conditions g\u00e9n\u00e9rales de vente. Si vous avez d&#039;autres questions, n&#039;h\u00e9sitez pas \u00e0 nous contacter.\" \/>\n<meta property=\"og:url\" content=\"https:\/\/www.blecha.at\/fr\/cgvl\/\" \/>\n<meta property=\"og:site_name\" content=\"BLECHA\" \/>\n<meta property=\"article:modified_time\" content=\"2022-06-30T11:05:24+00:00\" \/>\n<meta property=\"og:image\" content=\"https:\/\/www.blecha.at\/wp-content\/uploads\/2021\/02\/blecha-unternehmen-auswahl-gebaeude-3-scaled.jpg\" \/>\n\t<meta property=\"og:image:width\" content=\"2560\" \/>\n\t<meta property=\"og:image:height\" content=\"1642\" \/>\n\t<meta property=\"og:image:type\" content=\"image\/jpeg\" \/>\n<meta name=\"twitter:card\" content=\"summary_large_image\" \/>\n<script type=\"application\/ld+json\" class=\"yoast-schema-graph\">{\"@context\":\"https:\\\/\\\/schema.org\",\"@graph\":[{\"@type\":\"WebPage\",\"@id\":\"https:\\\/\\\/www.blecha.at\\\/fr\\\/cgvl\\\/\",\"url\":\"https:\\\/\\\/www.blecha.at\\\/fr\\\/cgvl\\\/\",\"name\":\"Conditions g\u00e9n\u00e9rales de vente et de livraison | BLECHA\",\"isPartOf\":{\"@id\":\"https:\\\/\\\/www.blecha.at\\\/#website\"},\"datePublished\":\"2020-10-09T12:01:10+00:00\",\"dateModified\":\"2022-06-30T11:05:24+00:00\",\"description\":\"Dans les pages suivantes, vous trouverez nos conditions g\u00e9n\u00e9rales de vente. Si vous avez d'autres questions, n'h\u00e9sitez pas \u00e0 nous contacter.\",\"breadcrumb\":{\"@id\":\"https:\\\/\\\/www.blecha.at\\\/fr\\\/cgvl\\\/#breadcrumb\"},\"inLanguage\":\"fr-FR\",\"potentialAction\":[{\"@type\":\"ReadAction\",\"target\":[\"https:\\\/\\\/www.blecha.at\\\/fr\\\/cgvl\\\/\"]}]},{\"@type\":\"BreadcrumbList\",\"@id\":\"https:\\\/\\\/www.blecha.at\\\/fr\\\/cgvl\\\/#breadcrumb\",\"itemListElement\":[{\"@type\":\"ListItem\",\"position\":1,\"name\":\"Home\",\"item\":\"https:\\\/\\\/www.blecha.at\\\/fr\\\/\"},{\"@type\":\"ListItem\",\"position\":2,\"name\":\"CONDITIONS G\u00c9N\u00c9RALES\"}]},{\"@type\":\"WebSite\",\"@id\":\"https:\\\/\\\/www.blecha.at\\\/#website\",\"url\":\"https:\\\/\\\/www.blecha.at\\\/\",\"name\":\"BLECHA\",\"description\":\"Eine weitere WordPress-Website\",\"potentialAction\":[{\"@type\":\"SearchAction\",\"target\":{\"@type\":\"EntryPoint\",\"urlTemplate\":\"https:\\\/\\\/www.blecha.at\\\/?s={search_term_string}\"},\"query-input\":{\"@type\":\"PropertyValueSpecification\",\"valueRequired\":true,\"valueName\":\"search_term_string\"}}],\"inLanguage\":\"fr-FR\"}]}<\/script>\n<!-- \/ Yoast SEO plugin. -->","yoast_head_json":{"title":"Conditions g\u00e9n\u00e9rales de vente et de livraison | BLECHA","description":"Dans les pages suivantes, vous trouverez nos conditions g\u00e9n\u00e9rales de vente. Si vous avez d'autres questions, n'h\u00e9sitez pas \u00e0 nous contacter.","robots":{"index":"index","follow":"follow","max-snippet":"max-snippet:-1","max-image-preview":"max-image-preview:large","max-video-preview":"max-video-preview:-1"},"canonical":"https:\/\/www.blecha.at\/fr\/cgvl\/","og_locale":"fr_FR","og_type":"article","og_title":"Conditions g\u00e9n\u00e9rales de vente et de livraison | BLECHA","og_description":"Dans les pages suivantes, vous trouverez nos conditions g\u00e9n\u00e9rales de vente. Si vous avez d'autres questions, n'h\u00e9sitez pas \u00e0 nous contacter.","og_url":"https:\/\/www.blecha.at\/fr\/cgvl\/","og_site_name":"BLECHA","article_modified_time":"2022-06-30T11:05:24+00:00","og_image":[{"width":2560,"height":1642,"url":"https:\/\/www.blecha.at\/wp-content\/uploads\/2021\/02\/blecha-unternehmen-auswahl-gebaeude-3-scaled.jpg","type":"image\/jpeg"}],"twitter_card":"summary_large_image","schema":{"@context":"https:\/\/schema.org","@graph":[{"@type":"WebPage","@id":"https:\/\/www.blecha.at\/fr\/cgvl\/","url":"https:\/\/www.blecha.at\/fr\/cgvl\/","name":"Conditions g\u00e9n\u00e9rales de vente et de livraison | BLECHA","isPartOf":{"@id":"https:\/\/www.blecha.at\/#website"},"datePublished":"2020-10-09T12:01:10+00:00","dateModified":"2022-06-30T11:05:24+00:00","description":"Dans les pages suivantes, vous trouverez nos conditions g\u00e9n\u00e9rales de vente. Si vous avez d'autres questions, n'h\u00e9sitez pas \u00e0 nous contacter.","breadcrumb":{"@id":"https:\/\/www.blecha.at\/fr\/cgvl\/#breadcrumb"},"inLanguage":"fr-FR","potentialAction":[{"@type":"ReadAction","target":["https:\/\/www.blecha.at\/fr\/cgvl\/"]}]},{"@type":"BreadcrumbList","@id":"https:\/\/www.blecha.at\/fr\/cgvl\/#breadcrumb","itemListElement":[{"@type":"ListItem","position":1,"name":"Home","item":"https:\/\/www.blecha.at\/fr\/"},{"@type":"ListItem","position":2,"name":"CONDITIONS G\u00c9N\u00c9RALES"}]},{"@type":"WebSite","@id":"https:\/\/www.blecha.at\/#website","url":"https:\/\/www.blecha.at\/","name":"BLECHA","description":"Eine weitere WordPress-Website","potentialAction":[{"@type":"SearchAction","target":{"@type":"EntryPoint","urlTemplate":"https:\/\/www.blecha.at\/?s={search_term_string}"},"query-input":{"@type":"PropertyValueSpecification","valueRequired":true,"valueName":"search_term_string"}}],"inLanguage":"fr-FR"}]}},"_links":{"self":[{"href":"https:\/\/www.blecha.at\/fr\/wp-json\/wp\/v2\/pages\/4281","targetHints":{"allow":["GET"]}}],"collection":[{"href":"https:\/\/www.blecha.at\/fr\/wp-json\/wp\/v2\/pages"}],"about":[{"href":"https:\/\/www.blecha.at\/fr\/wp-json\/wp\/v2\/types\/page"}],"author":[{"embeddable":true,"href":"https:\/\/www.blecha.at\/fr\/wp-json\/wp\/v2\/users\/2"}],"replies":[{"embeddable":true,"href":"https:\/\/www.blecha.at\/fr\/wp-json\/wp\/v2\/comments?post=4281"}],"version-history":[{"count":8,"href":"https:\/\/www.blecha.at\/fr\/wp-json\/wp\/v2\/pages\/4281\/revisions"}],"predecessor-version":[{"id":15872,"href":"https:\/\/www.blecha.at\/fr\/wp-json\/wp\/v2\/pages\/4281\/revisions\/15872"}],"wp:attachment":[{"href":"https:\/\/www.blecha.at\/fr\/wp-json\/wp\/v2\/media?parent=4281"}],"curies":[{"name":"wp","href":"https:\/\/api.w.org\/{rel}","templated":true}]}}