{"id":5412,"date":"2021-01-22T22:36:08","date_gmt":"2021-01-22T21:36:08","guid":{"rendered":"https:\/\/www.blecha.at\/produkte\/"},"modified":"2021-12-15T11:38:26","modified_gmt":"2021-12-15T10:38:26","slug":"produits","status":"publish","type":"page","link":"https:\/\/www.blecha.at\/fr\/produits\/","title":{"rendered":"Produits"},"content":{"rendered":"","protected":false},"excerpt":{"rendered":"","protected":false},"author":2,"featured_media":0,"parent":0,"menu_order":0,"comment_status":"closed","ping_status":"closed","template":"page-produkte.php","meta":{"_acf_changed":false,"footnotes":""},"class_list":["post-5412","page","type-page","status-publish","hentry"],"acf":[],"yoast_head":"<!-- This site is optimized with the Yoast SEO plugin v27.3 - https:\/\/yoast.com\/product\/yoast-seo-wordpress\/ -->\n<title>Produits | BLECHA<\/title>\n<meta name=\"description\" content=\"Blecha est un sp\u00e9cialiste des profil\u00e9s standards (profil\u00e9s FLUTZ), des profil\u00e9s sp\u00e9ciaux, des t\u00f4les, des raccords filet\u00e9s et des raccords de tuyauterie, ainsi que des accessoires pour les syst\u00e8mes de transport par aspiration.\" \/>\n<meta name=\"robots\" content=\"index, follow, max-snippet:-1, max-image-preview:large, max-video-preview:-1\" \/>\n<link rel=\"canonical\" href=\"https:\/\/www.blecha.at\/fr\/produits\/\" \/>\n<meta property=\"og:locale\" content=\"fr_FR\" \/>\n<meta property=\"og:type\" content=\"article\" \/>\n<meta property=\"og:title\" content=\"Produits | BLECHA\" \/>\n<meta property=\"og:description\" content=\"Blecha est un sp\u00e9cialiste des profil\u00e9s standards (profil\u00e9s FLUTZ), des profil\u00e9s sp\u00e9ciaux, des t\u00f4les, des raccords filet\u00e9s et des raccords de tuyauterie, ainsi que des accessoires pour les syst\u00e8mes de transport par aspiration.\" \/>\n<meta property=\"og:url\" content=\"https:\/\/www.blecha.at\/fr\/produits\/\" \/>\n<meta property=\"og:site_name\" content=\"BLECHA\" \/>\n<meta property=\"article:modified_time\" content=\"2021-12-15T10:38:26+00:00\" \/>\n<meta property=\"og:image\" content=\"https:\/\/www.blecha.at\/wp-content\/uploads\/2021\/02\/blecha-unternehmen-auswahl-gebaeude-3-scaled.jpg\" \/>\n\t<meta property=\"og:image:width\" content=\"2560\" \/>\n\t<meta property=\"og:image:height\" content=\"1642\" \/>\n\t<meta property=\"og:image:type\" content=\"image\/jpeg\" \/>\n<meta name=\"twitter:card\" content=\"summary_large_image\" \/>\n<script type=\"application\/ld+json\" class=\"yoast-schema-graph\">{\"@context\":\"https:\\\/\\\/schema.org\",\"@graph\":[{\"@type\":\"WebPage\",\"@id\":\"https:\\\/\\\/www.blecha.at\\\/fr\\\/produits\\\/\",\"url\":\"https:\\\/\\\/www.blecha.at\\\/fr\\\/produits\\\/\",\"name\":\"Produits | BLECHA\",\"isPartOf\":{\"@id\":\"https:\\\/\\\/www.blecha.at\\\/#website\"},\"datePublished\":\"2021-01-22T21:36:08+00:00\",\"dateModified\":\"2021-12-15T10:38:26+00:00\",\"description\":\"Blecha est un sp\u00e9cialiste des profil\u00e9s standards (profil\u00e9s FLUTZ), des profil\u00e9s sp\u00e9ciaux, des t\u00f4les, des raccords filet\u00e9s et des raccords de tuyauterie, ainsi que des accessoires pour les syst\u00e8mes de transport par aspiration.\",\"breadcrumb\":{\"@id\":\"https:\\\/\\\/www.blecha.at\\\/fr\\\/produits\\\/#breadcrumb\"},\"inLanguage\":\"fr-FR\",\"potentialAction\":[{\"@type\":\"ReadAction\",\"target\":[\"https:\\\/\\\/www.blecha.at\\\/fr\\\/produits\\\/\"]}]},{\"@type\":\"BreadcrumbList\",\"@id\":\"https:\\\/\\\/www.blecha.at\\\/fr\\\/produits\\\/#breadcrumb\",\"itemListElement\":[{\"@type\":\"ListItem\",\"position\":1,\"name\":\"Home\",\"item\":\"https:\\\/\\\/www.blecha.at\\\/fr\\\/\"},{\"@type\":\"ListItem\",\"position\":2,\"name\":\"Produits\"}]},{\"@type\":\"WebSite\",\"@id\":\"https:\\\/\\\/www.blecha.at\\\/#website\",\"url\":\"https:\\\/\\\/www.blecha.at\\\/\",\"name\":\"BLECHA\",\"description\":\"Eine weitere WordPress-Website\",\"potentialAction\":[{\"@type\":\"SearchAction\",\"target\":{\"@type\":\"EntryPoint\",\"urlTemplate\":\"https:\\\/\\\/www.blecha.at\\\/?s={search_term_string}\"},\"query-input\":{\"@type\":\"PropertyValueSpecification\",\"valueRequired\":true,\"valueName\":\"search_term_string\"}}],\"inLanguage\":\"fr-FR\"}]}<\/script>\n<!-- \/ Yoast SEO plugin. -->","yoast_head_json":{"title":"Produits | BLECHA","description":"Blecha est un sp\u00e9cialiste des profil\u00e9s standards (profil\u00e9s FLUTZ), des profil\u00e9s sp\u00e9ciaux, des t\u00f4les, des raccords filet\u00e9s et des raccords de tuyauterie, ainsi que des accessoires pour les syst\u00e8mes de transport par aspiration.","robots":{"index":"index","follow":"follow","max-snippet":"max-snippet:-1","max-image-preview":"max-image-preview:large","max-video-preview":"max-video-preview:-1"},"canonical":"https:\/\/www.blecha.at\/fr\/produits\/","og_locale":"fr_FR","og_type":"article","og_title":"Produits | BLECHA","og_description":"Blecha est un sp\u00e9cialiste des profil\u00e9s standards (profil\u00e9s FLUTZ), des profil\u00e9s sp\u00e9ciaux, des t\u00f4les, des raccords filet\u00e9s et des raccords de tuyauterie, ainsi que des accessoires pour les syst\u00e8mes de transport par aspiration.","og_url":"https:\/\/www.blecha.at\/fr\/produits\/","og_site_name":"BLECHA","article_modified_time":"2021-12-15T10:38:26+00:00","og_image":[{"width":2560,"height":1642,"url":"https:\/\/www.blecha.at\/wp-content\/uploads\/2021\/02\/blecha-unternehmen-auswahl-gebaeude-3-scaled.jpg","type":"image\/jpeg"}],"twitter_card":"summary_large_image","schema":{"@context":"https:\/\/schema.org","@graph":[{"@type":"WebPage","@id":"https:\/\/www.blecha.at\/fr\/produits\/","url":"https:\/\/www.blecha.at\/fr\/produits\/","name":"Produits | BLECHA","isPartOf":{"@id":"https:\/\/www.blecha.at\/#website"},"datePublished":"2021-01-22T21:36:08+00:00","dateModified":"2021-12-15T10:38:26+00:00","description":"Blecha est un sp\u00e9cialiste des profil\u00e9s standards (profil\u00e9s FLUTZ), des profil\u00e9s sp\u00e9ciaux, des t\u00f4les, des raccords filet\u00e9s et des raccords de tuyauterie, ainsi que des accessoires pour les syst\u00e8mes de transport par aspiration.","breadcrumb":{"@id":"https:\/\/www.blecha.at\/fr\/produits\/#breadcrumb"},"inLanguage":"fr-FR","potentialAction":[{"@type":"ReadAction","target":["https:\/\/www.blecha.at\/fr\/produits\/"]}]},{"@type":"BreadcrumbList","@id":"https:\/\/www.blecha.at\/fr\/produits\/#breadcrumb","itemListElement":[{"@type":"ListItem","position":1,"name":"Home","item":"https:\/\/www.blecha.at\/fr\/"},{"@type":"ListItem","position":2,"name":"Produits"}]},{"@type":"WebSite","@id":"https:\/\/www.blecha.at\/#website","url":"https:\/\/www.blecha.at\/","name":"BLECHA","description":"Eine weitere WordPress-Website","potentialAction":[{"@type":"SearchAction","target":{"@type":"EntryPoint","urlTemplate":"https:\/\/www.blecha.at\/?s={search_term_string}"},"query-input":{"@type":"PropertyValueSpecification","valueRequired":true,"valueName":"search_term_string"}}],"inLanguage":"fr-FR"}]}},"_links":{"self":[{"href":"https:\/\/www.blecha.at\/fr\/wp-json\/wp\/v2\/pages\/5412","targetHints":{"allow":["GET"]}}],"collection":[{"href":"https:\/\/www.blecha.at\/fr\/wp-json\/wp\/v2\/pages"}],"about":[{"href":"https:\/\/www.blecha.at\/fr\/wp-json\/wp\/v2\/types\/page"}],"author":[{"embeddable":true,"href":"https:\/\/www.blecha.at\/fr\/wp-json\/wp\/v2\/users\/2"}],"replies":[{"embeddable":true,"href":"https:\/\/www.blecha.at\/fr\/wp-json\/wp\/v2\/comments?post=5412"}],"version-history":[{"count":3,"href":"https:\/\/www.blecha.at\/fr\/wp-json\/wp\/v2\/pages\/5412\/revisions"}],"predecessor-version":[{"id":12908,"href":"https:\/\/www.blecha.at\/fr\/wp-json\/wp\/v2\/pages\/5412\/revisions\/12908"}],"wp:attachment":[{"href":"https:\/\/www.blecha.at\/fr\/wp-json\/wp\/v2\/media?parent=5412"}],"curies":[{"name":"wp","href":"https:\/\/api.w.org\/{rel}","templated":true}]}}