{"id":5479,"date":"2021-02-16T17:48:58","date_gmt":"2021-02-16T16:48:58","guid":{"rendered":"https:\/\/www.blecha.at\/service\/zuschnitte\/"},"modified":"2021-10-04T09:21:33","modified_gmt":"2021-10-04T07:21:33","slug":"decoupes","status":"publish","type":"page","link":"https:\/\/www.blecha.at\/fr\/service\/decoupes\/","title":{"rendered":"Zuschnitte"},"content":{"rendered":"\n<section id=\"sectionTwo\" class=\"mt-lg-n11 py-8 py-md-11 px-lg-9 border-left border-right border-right-lg-none bg-white\">\n\n\n<div class=\"wp-bootstrap-blocks-container container-fluid mb-0\">\n\t\n<div class=\"wp-bootstrap-blocks-row row mx-auto\">\n\t\n\n<div class=\"col-12 col-md-10\">\n\t\t\t\n\n<h2 class=\"text-secondary scroll-fade-bottom-up visibility-hidden wp-block-heading\">Une pr\u00e9cision sans compromis.<\/h2>\n\n\n\n<p class=\"mb-7 scroll-fade-bottom-up visibility-hidden\">Faites l&rsquo;exp\u00e9rience de la pr\u00e9cision \u00e0 un haut niveau. Avec une technologie de pointe et une pr\u00e9cision de l&rsquo;ordre du nanom\u00e8tre, nous offrons \u00e0 nos clients exactement ce dont ils ont besoin. Qu&rsquo;il s&rsquo;agit de coupes d\u2019angles, de coupes diverses de produits livr\u00e9s ou de composants finis avec une pr\u00e9cision de coupe allant jusqu&rsquo;\u00e0 +\/- 0,2 mm, c\u2019est r\u00e9alis\u00e9 comme souhait\u00e9. C&rsquo;est garanti.<\/p>\n\n\n\n<div class=\"d-flex text-left scroll-fade-bottom-up visibility-hidden\">\n<div class=\"badge badge-rounded-circle badge-primary-soft mt-1 mr-4\">\n<i class=\"fe fe-check\"><\/i>\n<\/div><p class=\"text-primary\">Diam\u00e8tre jusqu&rsquo;\u00e0 540 mm<\/p><\/div>\n\n<div class=\"d-flex text-left scroll-fade-bottom-up visibility-hidden\">\n<div class=\"badge badge-rounded-circle badge-primary-soft mt-1 mr-4\">\n<i class=\"fe fe-check\"><\/i>\n<\/div><p class=\"text-primary\">Longueur \u00e0 partir de 5 mm<\/p><\/div>\n\n<div class=\"d-flex text-left scroll-fade-bottom-up visibility-hidden\">\n<div class=\"badge badge-rounded-circle badge-primary-soft mt-1 mr-4\">\n<i class=\"fe fe-check\"><\/i>\n<\/div><p class=\"text-primary\">Pr\u00e9cision de coupe jusqu&rsquo;\u00e0 +\/- 0,2 mm<\/p><\/div>\n\n<div class=\"d-flex text-left scroll-fade-bottom-up visibility-hidden\">\n<div class=\"badge badge-rounded-circle badge-primary-soft mt-1 mr-4\">\n<i class=\"fe fe-check\"><\/i>\n<\/div><p class=\"text-primary\">Coupe d&rsquo;angle de 20\u00b0 \u00e0 gauche \u00e0 20\u00b0 \u00e0 droite<\/p><\/div>\n\n<div class=\"d-flex text-left scroll-fade-bottom-up visibility-hidden\">\n<div class=\"badge badge-rounded-circle badge-primary-soft mt-1 mr-4\">\n<i class=\"fe fe-check\"><\/i>\n<\/div><p class=\"text-primary\">Soit sans bavure ou \u00e9bavur\u00e9<\/p><\/div>\n\n<div class=\"d-flex text-left scroll-fade-bottom-up visibility-hidden\">\n<div class=\"badge badge-rounded-circle badge-primary-soft mt-1 mr-4\">\n<i class=\"fe fe-check\"><\/i>\n<\/div><p class=\"text-primary\">Fabrication en sous-traitance des biens fournis<\/p><\/div>\n\n<div class=\"d-flex text-left scroll-fade-bottom-up visibility-hidden\">\n<div class=\"badge badge-rounded-circle badge-primary-soft mt-1 mr-4\">\n<i class=\"fe fe-check\"><\/i>\n<\/div><p class=\"text-primary\">D\u00e9lai de livraison court<\/p><\/div>\n\n\t<\/div>\n\n<\/div>\n\n<\/div>\n\n\n\n<\/section>\n\n\n\n<section class=\"py-8 py-md-11 px-lg-9 border-left border-right border-top border-right-lg-none bg-white\">\n\n\n<div class=\"wp-bootstrap-blocks-container container-fluid mb-0\">\n\t\n<div class=\"wp-bootstrap-blocks-row row mx-auto\">\n\t\n\n<div class=\"col-12 col-md-10\">\n\t\t\t\n\n<h2 class=\"text-secondary mb-7 scroll-fade-bottom-up visibility-hidden wp-block-heading\">M\u00e9dias<\/h2>\n\n\n\n<h3 class=\"mb-7 scroll-fade-bottom-up visibility-hidden wp-block-heading\">Scies circulaires<\/h3>\n\n\t<\/div>\n\n<\/div>\n\n\n<div class=\"wp-bootstrap-blocks-row row mx-auto\">\n\t\n\n<div class=\"col-12 col-lg-4 mb-6 text-left\">\n\t\t\t\n\n<figure class=\"wp-block-embed is-type-video is-provider-youtube wp-block-embed-youtube wp-embed-aspect-4-3 wp-has-aspect-ratio\"><div class=\"wp-block-embed__wrapper\">\n<iframe loading=\"lazy\" title=\"Kreiss\u00e4ge KAIMAN PIX 700 THETA bei Firma Blecha\" width=\"500\" height=\"375\" src=\"https:\/\/www.youtube.com\/embed\/Bu2gJgZqzlk?feature=oembed\" frameborder=\"0\" allow=\"accelerometer; autoplay; clipboard-write; encrypted-media; gyroscope; picture-in-picture; web-share\" referrerpolicy=\"strict-origin-when-cross-origin\" allowfullscreen><\/iframe>\n<\/div><\/figure>\n\n\n\n<h5 class=\"wp-block-heading\">KAIMAN PIX 700 THETA<\/h5>\n\n\n\n<p>Cette scie circulaire au sol avec positionnement \u00e9lectronique coupe des tuyaux ronds jusqu&rsquo;\u00e0 un diam\u00e8tre de 270 mm maximum.<\/p>\n\n\t<\/div>\n\n\n\n<div class=\"col-12 col-lg-4 mb-6 text-left\">\n\t\t\t\n\n<figure class=\"wp-block-embed is-type-video is-provider-youtube wp-block-embed-youtube wp-embed-aspect-4-3 wp-has-aspect-ratio\"><div class=\"wp-block-embed__wrapper\">\n<iframe loading=\"lazy\" title=\"Kreiss\u00e4ge SPRING ECHO bei Firma Blecha\" width=\"500\" height=\"375\" src=\"https:\/\/www.youtube.com\/embed\/NP5dkrGFrC0?feature=oembed\" frameborder=\"0\" allow=\"accelerometer; autoplay; clipboard-write; encrypted-media; gyroscope; picture-in-picture; web-share\" referrerpolicy=\"strict-origin-when-cross-origin\" allowfullscreen><\/iframe>\n<\/div><\/figure>\n\n\n\n<h5 class=\"wp-block-heading\">SPRING ECHO<\/h5>\n\n\n\n<p>Cette scie circulaire \u00e0 onglets avec avance horizontale de la lame de scie coupe des profil\u00e9s en aluminium jusqu&rsquo;\u00e0 145 mm de diam\u00e8tre et dispose d&rsquo;un r\u00e9glage d&rsquo;angle \u00e0 commande pneumatique.<\/p>\n\n\t<\/div>\n\n\n\n<div class=\"col-12 col-lg-4 mb-6 text-left\">\n\t\t\t\n\n<figure class=\"wp-block-embed is-type-video is-provider-youtube wp-block-embed-youtube wp-embed-aspect-4-3 wp-has-aspect-ratio\"><div class=\"wp-block-embed__wrapper\">\n<iframe loading=\"lazy\" title=\"Kreiss\u00e4ge MIRAGE 600 bei Firma Blecha\" width=\"500\" height=\"375\" src=\"https:\/\/www.youtube.com\/embed\/rDxg8R-LxNs?feature=oembed\" frameborder=\"0\" allow=\"accelerometer; autoplay; clipboard-write; encrypted-media; gyroscope; picture-in-picture; web-share\" referrerpolicy=\"strict-origin-when-cross-origin\" allowfullscreen><\/iframe>\n<\/div><\/figure>\n\n\n\n<h5 class=\"wp-block-heading\">MIRAGE 600<\/h5>\n\n\n\n<p>La Mirage 600 est parfaite pour la d\u00e9coupe de masse, car elle est \u00e9quip\u00e9e d&rsquo;un magasin de stockage et d&rsquo;une table de d\u00e9chargement. Elle est utilis\u00e9e pour couper des tubes ronds d&rsquo;un diam\u00e8tre allant jusqu&rsquo;\u00e0 215 mm et des mat\u00e9riaux en aluminium massif jusqu&rsquo;\u00e0 80 mm maximum.<\/p>\n\n\t<\/div>\n\n\n\n<div class=\"col-12 col-lg-4 text-left\">\n\t\t\t\n\n<figure class=\"wp-block-embed is-type-video is-provider-youtube wp-block-embed-youtube wp-embed-aspect-16-9 wp-has-aspect-ratio\"><div class=\"wp-block-embed__wrapper\">\n<iframe loading=\"lazy\" title=\"Kreissaege Spring Theta A Firma Blecha\" width=\"500\" height=\"281\" src=\"https:\/\/www.youtube.com\/embed\/VfqVpOdTzLw?feature=oembed\" frameborder=\"0\" allow=\"accelerometer; autoplay; clipboard-write; encrypted-media; gyroscope; picture-in-picture; web-share\" referrerpolicy=\"strict-origin-when-cross-origin\" allowfullscreen><\/iframe>\n<\/div><\/figure>\n\n\n\n<h5 class=\"wp-block-heading\">SPRING THETA A<\/h5>\n\n\n\n<p>La Spring Theta A est une scie \u00e0 angle avec une avance horizontale de la lame et un diam\u00e8tre de lame de scie de 550 mm. Elle coupe des profil\u00e9s jusqu&rsquo;\u00e0 210 mm de diam\u00e8tre et dispose d&rsquo;un r\u00e9glage \u00e9lectronique de l&rsquo;angle de coupe de 20\u00b0 \u00e0 gauche, de 20\u00b0 \u00e0 droite. Il permet d&rsquo;obtenir une pr\u00e9cision de coupe allant jusqu&rsquo;\u00e0 +\/- 0,5 mm.<\/p>\n\n\t<\/div>\n\n<\/div>\n\n\n<div class=\"wp-bootstrap-blocks-row row mx-auto\">\n\t\n\n<div class=\"col-12 col-md-10\">\n\t\t\t\n\n<h3 class=\"mt-7 mb-7 scroll-fade-bottom-up visibility-hidden wp-block-heading\">Scies \u00e0 ruban<\/h3>\n\n\t<\/div>\n\n<\/div>\n\n\n<div class=\"wp-bootstrap-blocks-row row mx-auto\">\n\t\n\n<div class=\"col-12 col-lg-4 mb-6 mb-lg-0 text-left\">\n\t\t\t\n\n<figure class=\"wp-block-embed is-type-video is-provider-youtube wp-block-embed-youtube wp-embed-aspect-4-3 wp-has-aspect-ratio\"><div class=\"wp-block-embed__wrapper\">\n<iframe loading=\"lazy\" title=\"Bands\u00e4ge BEHRINGER HBM540 ALU bei Firma Blecha\" width=\"500\" height=\"375\" src=\"https:\/\/www.youtube.com\/embed\/xnLM0N5sv8Q?feature=oembed\" frameborder=\"0\" allow=\"accelerometer; autoplay; clipboard-write; encrypted-media; gyroscope; picture-in-picture; web-share\" referrerpolicy=\"strict-origin-when-cross-origin\" allowfullscreen><\/iframe>\n<\/div><\/figure>\n\n\n\n<h5 class=\"wp-block-heading\">BEHRINGER HBM540 ALU<\/h5>\n\n\n\n<p>Cette scie \u00e0 ruban haute performance enti\u00e8rement hydraulique couvre la gamme de coupe des barres rondes jusqu&rsquo;\u00e0 un diam\u00e8tre de 540 mm et des barres plates et tubes profil\u00e9s jusqu&rsquo;\u00e0 630&#215;540 mm. Toutefois, l&rsquo;\u00e9paisseur minimale de la paroi des profil\u00e9s creux doit \u00eatre de 5 mm, sinon les profil\u00e9s seront d\u00e9form\u00e9s lors de la d\u00e9coupe.<\/p>\n\n\t<\/div>\n\n\n\n<div class=\"col-12 col-lg-4 mb-6 mb-lg-0 text-left\">\n\t\t\t\n\n<figure class=\"wp-block-embed is-type-video is-provider-youtube wp-block-embed-youtube wp-embed-aspect-16-9 wp-has-aspect-ratio\"><div class=\"wp-block-embed__wrapper\">\n<iframe loading=\"lazy\" title=\"Bandsaege Behringer Firma Blecha\" width=\"500\" height=\"281\" src=\"https:\/\/www.youtube.com\/embed\/GQO1aMU6n_4?feature=oembed\" frameborder=\"0\" allow=\"accelerometer; autoplay; clipboard-write; encrypted-media; gyroscope; picture-in-picture; web-share\" referrerpolicy=\"strict-origin-when-cross-origin\" allowfullscreen><\/iframe>\n<\/div><\/figure>\n\n\n\n<h5 class=\"wp-block-heading\">SCIE \u00c0 RUBAN BEHRINGER EN SERVICE<\/h5>\n\n\t<\/div>\n\n<\/div>\n\n<\/div>\n\n\n\n<\/section>\n","protected":false},"excerpt":{"rendered":"","protected":false},"author":2,"featured_media":5481,"parent":4579,"menu_order":0,"comment_status":"closed","ping_status":"closed","template":"page-leistungen.php","meta":{"_acf_changed":false,"footnotes":""},"class_list":["post-5479","page","type-page","status-publish","has-post-thumbnail","hentry"],"acf":[],"yoast_head":"<!-- This site is optimized with the Yoast SEO plugin v27.3 - https:\/\/yoast.com\/product\/yoast-seo-wordpress\/ -->\n<title>Coupes de haute pr\u00e9cision | BLECHA<\/title>\n<meta name=\"description\" content=\"La pr\u00e9cision sans compromis. Qu&#039;il s&#039;agisse de coupes d&#039;angle, de coupes diverses \u00e0 partir de produits livr\u00e9s ou de composants finis. Avec une pr\u00e9cision de coupe allant jusqu&#039;\u00e0 +\/- 0,2 mm, il s&#039;adapte toujours comme souhait\u00e9. C&#039;est garanti.\" \/>\n<meta name=\"robots\" content=\"index, follow, max-snippet:-1, max-image-preview:large, max-video-preview:-1\" \/>\n<link rel=\"canonical\" href=\"https:\/\/www.blecha.at\/fr\/service\/decoupes\/\" \/>\n<meta property=\"og:locale\" content=\"fr_FR\" \/>\n<meta property=\"og:type\" content=\"article\" \/>\n<meta property=\"og:title\" content=\"Coupes de haute pr\u00e9cision | BLECHA\" \/>\n<meta property=\"og:description\" content=\"La pr\u00e9cision sans compromis. Qu&#039;il s&#039;agisse de coupes d&#039;angle, de coupes diverses \u00e0 partir de produits livr\u00e9s ou de composants finis. Avec une pr\u00e9cision de coupe allant jusqu&#039;\u00e0 +\/- 0,2 mm, il s&#039;adapte toujours comme souhait\u00e9. C&#039;est garanti.\" \/>\n<meta property=\"og:url\" content=\"https:\/\/www.blecha.at\/fr\/service\/decoupes\/\" \/>\n<meta property=\"og:site_name\" content=\"BLECHA\" \/>\n<meta property=\"article:modified_time\" content=\"2021-10-04T07:21:33+00:00\" \/>\n<meta property=\"og:image\" content=\"https:\/\/www.blecha.at\/wp-content\/uploads\/2021\/03\/blecha-zuschnitte-1-thumbnail.jpg\" \/>\n\t<meta property=\"og:image:width\" content=\"1600\" \/>\n\t<meta property=\"og:image:height\" content=\"1600\" \/>\n\t<meta property=\"og:image:type\" content=\"image\/jpeg\" \/>\n<meta name=\"twitter:card\" content=\"summary_large_image\" \/>\n<meta name=\"twitter:label1\" content=\"Dur\u00e9e de lecture estim\u00e9e\" \/>\n\t<meta name=\"twitter:data1\" content=\"2 minutes\" \/>\n<script type=\"application\/ld+json\" class=\"yoast-schema-graph\">{\"@context\":\"https:\\\/\\\/schema.org\",\"@graph\":[{\"@type\":\"WebPage\",\"@id\":\"https:\\\/\\\/www.blecha.at\\\/fr\\\/service\\\/decoupes\\\/\",\"url\":\"https:\\\/\\\/www.blecha.at\\\/fr\\\/service\\\/decoupes\\\/\",\"name\":\"Coupes de haute pr\u00e9cision | BLECHA\",\"isPartOf\":{\"@id\":\"https:\\\/\\\/www.blecha.at\\\/#website\"},\"primaryImageOfPage\":{\"@id\":\"https:\\\/\\\/www.blecha.at\\\/fr\\\/service\\\/decoupes\\\/#primaryimage\"},\"image\":{\"@id\":\"https:\\\/\\\/www.blecha.at\\\/fr\\\/service\\\/decoupes\\\/#primaryimage\"},\"thumbnailUrl\":\"https:\\\/\\\/www.blecha.at\\\/wp-content\\\/uploads\\\/2021\\\/03\\\/blecha-zuschnitte-1-thumbnail.jpg\",\"datePublished\":\"2021-02-16T16:48:58+00:00\",\"dateModified\":\"2021-10-04T07:21:33+00:00\",\"description\":\"La pr\u00e9cision sans compromis. Qu'il s'agisse de coupes d'angle, de coupes diverses \u00e0 partir de produits livr\u00e9s ou de composants finis. Avec une pr\u00e9cision de coupe allant jusqu'\u00e0 +\\\/- 0,2 mm, il s'adapte toujours comme souhait\u00e9. C'est garanti.\",\"breadcrumb\":{\"@id\":\"https:\\\/\\\/www.blecha.at\\\/fr\\\/service\\\/decoupes\\\/#breadcrumb\"},\"inLanguage\":\"fr-FR\",\"potentialAction\":[{\"@type\":\"ReadAction\",\"target\":[\"https:\\\/\\\/www.blecha.at\\\/fr\\\/service\\\/decoupes\\\/\"]}]},{\"@type\":\"ImageObject\",\"inLanguage\":\"fr-FR\",\"@id\":\"https:\\\/\\\/www.blecha.at\\\/fr\\\/service\\\/decoupes\\\/#primaryimage\",\"url\":\"https:\\\/\\\/www.blecha.at\\\/wp-content\\\/uploads\\\/2021\\\/03\\\/blecha-zuschnitte-1-thumbnail.jpg\",\"contentUrl\":\"https:\\\/\\\/www.blecha.at\\\/wp-content\\\/uploads\\\/2021\\\/03\\\/blecha-zuschnitte-1-thumbnail.jpg\",\"width\":1600,\"height\":1600},{\"@type\":\"BreadcrumbList\",\"@id\":\"https:\\\/\\\/www.blecha.at\\\/fr\\\/service\\\/decoupes\\\/#breadcrumb\",\"itemListElement\":[{\"@type\":\"ListItem\",\"position\":1,\"name\":\"Home\",\"item\":\"https:\\\/\\\/www.blecha.at\\\/fr\\\/\"},{\"@type\":\"ListItem\",\"position\":2,\"name\":\"Prestations de service\",\"item\":\"https:\\\/\\\/www.blecha.at\\\/fr\\\/service\\\/\"},{\"@type\":\"ListItem\",\"position\":3,\"name\":\"Zuschnitte\"}]},{\"@type\":\"WebSite\",\"@id\":\"https:\\\/\\\/www.blecha.at\\\/#website\",\"url\":\"https:\\\/\\\/www.blecha.at\\\/\",\"name\":\"BLECHA\",\"description\":\"Eine weitere WordPress-Website\",\"potentialAction\":[{\"@type\":\"SearchAction\",\"target\":{\"@type\":\"EntryPoint\",\"urlTemplate\":\"https:\\\/\\\/www.blecha.at\\\/?s={search_term_string}\"},\"query-input\":{\"@type\":\"PropertyValueSpecification\",\"valueRequired\":true,\"valueName\":\"search_term_string\"}}],\"inLanguage\":\"fr-FR\"}]}<\/script>\n<!-- \/ Yoast SEO plugin. -->","yoast_head_json":{"title":"Coupes de haute pr\u00e9cision | BLECHA","description":"La pr\u00e9cision sans compromis. Qu'il s'agisse de coupes d'angle, de coupes diverses \u00e0 partir de produits livr\u00e9s ou de composants finis. Avec une pr\u00e9cision de coupe allant jusqu'\u00e0 +\/- 0,2 mm, il s'adapte toujours comme souhait\u00e9. C'est garanti.","robots":{"index":"index","follow":"follow","max-snippet":"max-snippet:-1","max-image-preview":"max-image-preview:large","max-video-preview":"max-video-preview:-1"},"canonical":"https:\/\/www.blecha.at\/fr\/service\/decoupes\/","og_locale":"fr_FR","og_type":"article","og_title":"Coupes de haute pr\u00e9cision | BLECHA","og_description":"La pr\u00e9cision sans compromis. Qu'il s'agisse de coupes d'angle, de coupes diverses \u00e0 partir de produits livr\u00e9s ou de composants finis. Avec une pr\u00e9cision de coupe allant jusqu'\u00e0 +\/- 0,2 mm, il s'adapte toujours comme souhait\u00e9. C'est garanti.","og_url":"https:\/\/www.blecha.at\/fr\/service\/decoupes\/","og_site_name":"BLECHA","article_modified_time":"2021-10-04T07:21:33+00:00","og_image":[{"width":1600,"height":1600,"url":"https:\/\/www.blecha.at\/wp-content\/uploads\/2021\/03\/blecha-zuschnitte-1-thumbnail.jpg","type":"image\/jpeg"}],"twitter_card":"summary_large_image","twitter_misc":{"Dur\u00e9e de lecture estim\u00e9e":"2 minutes"},"schema":{"@context":"https:\/\/schema.org","@graph":[{"@type":"WebPage","@id":"https:\/\/www.blecha.at\/fr\/service\/decoupes\/","url":"https:\/\/www.blecha.at\/fr\/service\/decoupes\/","name":"Coupes de haute pr\u00e9cision | BLECHA","isPartOf":{"@id":"https:\/\/www.blecha.at\/#website"},"primaryImageOfPage":{"@id":"https:\/\/www.blecha.at\/fr\/service\/decoupes\/#primaryimage"},"image":{"@id":"https:\/\/www.blecha.at\/fr\/service\/decoupes\/#primaryimage"},"thumbnailUrl":"https:\/\/www.blecha.at\/wp-content\/uploads\/2021\/03\/blecha-zuschnitte-1-thumbnail.jpg","datePublished":"2021-02-16T16:48:58+00:00","dateModified":"2021-10-04T07:21:33+00:00","description":"La pr\u00e9cision sans compromis. Qu'il s'agisse de coupes d'angle, de coupes diverses \u00e0 partir de produits livr\u00e9s ou de composants finis. Avec une pr\u00e9cision de coupe allant jusqu'\u00e0 +\/- 0,2 mm, il s'adapte toujours comme souhait\u00e9. C'est garanti.","breadcrumb":{"@id":"https:\/\/www.blecha.at\/fr\/service\/decoupes\/#breadcrumb"},"inLanguage":"fr-FR","potentialAction":[{"@type":"ReadAction","target":["https:\/\/www.blecha.at\/fr\/service\/decoupes\/"]}]},{"@type":"ImageObject","inLanguage":"fr-FR","@id":"https:\/\/www.blecha.at\/fr\/service\/decoupes\/#primaryimage","url":"https:\/\/www.blecha.at\/wp-content\/uploads\/2021\/03\/blecha-zuschnitte-1-thumbnail.jpg","contentUrl":"https:\/\/www.blecha.at\/wp-content\/uploads\/2021\/03\/blecha-zuschnitte-1-thumbnail.jpg","width":1600,"height":1600},{"@type":"BreadcrumbList","@id":"https:\/\/www.blecha.at\/fr\/service\/decoupes\/#breadcrumb","itemListElement":[{"@type":"ListItem","position":1,"name":"Home","item":"https:\/\/www.blecha.at\/fr\/"},{"@type":"ListItem","position":2,"name":"Prestations de service","item":"https:\/\/www.blecha.at\/fr\/service\/"},{"@type":"ListItem","position":3,"name":"Zuschnitte"}]},{"@type":"WebSite","@id":"https:\/\/www.blecha.at\/#website","url":"https:\/\/www.blecha.at\/","name":"BLECHA","description":"Eine weitere WordPress-Website","potentialAction":[{"@type":"SearchAction","target":{"@type":"EntryPoint","urlTemplate":"https:\/\/www.blecha.at\/?s={search_term_string}"},"query-input":{"@type":"PropertyValueSpecification","valueRequired":true,"valueName":"search_term_string"}}],"inLanguage":"fr-FR"}]}},"_links":{"self":[{"href":"https:\/\/www.blecha.at\/fr\/wp-json\/wp\/v2\/pages\/5479","targetHints":{"allow":["GET"]}}],"collection":[{"href":"https:\/\/www.blecha.at\/fr\/wp-json\/wp\/v2\/pages"}],"about":[{"href":"https:\/\/www.blecha.at\/fr\/wp-json\/wp\/v2\/types\/page"}],"author":[{"embeddable":true,"href":"https:\/\/www.blecha.at\/fr\/wp-json\/wp\/v2\/users\/2"}],"replies":[{"embeddable":true,"href":"https:\/\/www.blecha.at\/fr\/wp-json\/wp\/v2\/comments?post=5479"}],"version-history":[{"count":2,"href":"https:\/\/www.blecha.at\/fr\/wp-json\/wp\/v2\/pages\/5479\/revisions"}],"predecessor-version":[{"id":5484,"href":"https:\/\/www.blecha.at\/fr\/wp-json\/wp\/v2\/pages\/5479\/revisions\/5484"}],"up":[{"embeddable":true,"href":"https:\/\/www.blecha.at\/fr\/wp-json\/wp\/v2\/pages\/4579"}],"wp:featuredmedia":[{"embeddable":true,"href":"https:\/\/www.blecha.at\/fr\/wp-json\/wp\/v2\/media\/5481"}],"wp:attachment":[{"href":"https:\/\/www.blecha.at\/fr\/wp-json\/wp\/v2\/media?parent=5479"}],"curies":[{"name":"wp","href":"https:\/\/api.w.org\/{rel}","templated":true}]}}