{"id":6119,"date":"2021-01-22T22:11:16","date_gmt":"2021-01-22T21:11:16","guid":{"rendered":"https:\/\/www.blecha.at\/produits\/standardprofile\/"},"modified":"2024-06-27T21:28:09","modified_gmt":"2024-06-27T19:28:09","slug":"profiles-standards","status":"publish","type":"page","link":"https:\/\/www.blecha.at\/fr\/produits\/profiles-standards\/","title":{"rendered":"Profil\u00e9s standards"},"content":{"rendered":"\n<section id=\"sectionTwo\" class=\"mt-lg-n11 py-8 py-md-11 px-lg-9 border-left border-right border-right-lg-none bg-white\">\n\n\n<div class=\"wp-bootstrap-blocks-container container-fluid mb-0\">\n\t\n<div class=\"wp-bootstrap-blocks-row row mx-auto\">\n\t\n\n<div class=\"col-12 col-md-10\">\n\t\t\t\n\n<h2 class=\"wp-block-heading text-secondary scroll-fade-bottom-up visibility-hidden\" id=\"des-profiles-de-flutz-a-z-des-tubes-ovales-et-ronds-aux-profiles-en-u-et-aux-profils-speciaux\">Des profil\u00e9s de FLUTZ \u00e0 Z.<br>Des tubes ovales et ronds aux profil\u00e9s en U et aux profils sp\u00e9ciaux.<\/h2>\n\n\n\n<h3 class=\"wp-block-heading scroll-fade-bottom-up visibility-hidden\" id=\"profiles-standards-et-profiles-speciaux-en-aluminium\">Profil\u00e9s standards et profil\u00e9s sp\u00e9ciaux en aluminium<\/h3>\n\n\n\n<p class=\"scroll-fade-bottom-up visibility-hidden\">Notre entrep\u00f4t vous fournit tous les profil\u00e9s standards en aluminium (profil\u00e9s FLUTZ) avec un alliage EN-AW 6060. Commandez vos dimensions individuelles pour les tubes ronds, les corni\u00e8res, les profil\u00e9s en U, en T, en Z, les tubes profil\u00e9s (carr\u00e9s, avec aile et\/ou rayon), les tubes rectangulaires (tubes profil\u00e9s), les tubes triangulaires, les tubes ovales, les profil\u00e9s en C, en H ainsi que les poutres en I avec une livraison rapide gr\u00e2ce \u00e0 un stock interne. Nous sommes \u00e9galement le partenaire id\u00e9al pour les profil\u00e9s sp\u00e9ciaux destin\u00e9s \u00e0 la construction d&rsquo;avions, la construction d&rsquo;\u00e9crans publicitaires, le photovolta\u00efque, la protection contre les insectes, la construction de voli\u00e8res et bien d&rsquo;autres choses encore.<\/p>\n\n\n\n<p class=\"scroll-fade-bottom-up visibility-hidden\">\u00c0 cette fin, nous proposons divers tubes, profil\u00e9s et mat\u00e9riaux en aluminium massif dans une large gamme d&rsquo;alliages: <\/p>\n\n\t<\/div>\n\n<\/div>\n\n\n<div class=\"wp-bootstrap-blocks-row row mx-auto\">\n\t\n\n<div class=\"col-12\">\n\t\t\t\n\n<hr class=\"wp-block-separator has-css-opacity is-style-wide mt-3 mb-5\"\/>\n\n\t<\/div>\n\n<\/div>\n\n\n<div class=\"wp-bootstrap-blocks-row row mx-auto\">\n\t\n\n<div class=\"col-12 col-md-4\">\n\t\t\t\n\n<div class=\"d-flex text-left scroll-fade-bottom-up visibility-hidden\">\n<div class=\"badge badge-rounded-circle badge-primary-soft mt-1 mr-4\">\n<i class=\"fe fe-check\"><\/i>\n<\/div><p class=\"text-primary\">EN AW-6060<\/p><\/div>\n\n\t<\/div>\n\n\n\n<div class=\"col-12 col-md-4\">\n\t\t\t\n\n<div class=\"d-flex text-left scroll-fade-bottom-up visibility-hidden\">\n<div class=\"badge badge-rounded-circle badge-primary-soft mt-1 mr-4\">\n<i class=\"fe fe-check\"><\/i>\n<\/div><p class=\"text-primary\">EN AW-1050\n<\/p><\/div>\n\n\t<\/div>\n\n\n\n<div class=\"col-12 col-md-4\">\n\t\t\t\n\n<div class=\"d-flex text-left scroll-fade-bottom-up visibility-hidden\">\n<div class=\"badge badge-rounded-circle badge-primary-soft mt-1 mr-4\">\n<i class=\"fe fe-check\"><\/i>\n<\/div><p class=\"text-primary\">EN AW-1350\n<\/p><\/div>\n\n\t<\/div>\n\n\n\n<div class=\"col-12 col-md-4\">\n\t\t\t\n\n<div class=\"d-flex text-left scroll-fade-bottom-up visibility-hidden\">\n<div class=\"badge badge-rounded-circle badge-primary-soft mt-1 mr-4\">\n<i class=\"fe fe-check\"><\/i>\n<\/div><p class=\"text-primary\">EN AW-2007<\/p><\/div>\n\n\t<\/div>\n\n\n\n<div class=\"col-12 col-md-4\">\n\t\t\t\n\n<div class=\"d-flex text-left scroll-fade-bottom-up visibility-hidden\">\n<div class=\"badge badge-rounded-circle badge-primary-soft mt-1 mr-4\">\n<i class=\"fe fe-check\"><\/i>\n<\/div><p class=\"text-primary\">EN AW-2024<\/p><\/div>\n\n\t<\/div>\n\n\n\n<div class=\"col-12 col-md-4\">\n\t\t\t\n\n<div class=\"d-flex text-left scroll-fade-bottom-up visibility-hidden\">\n<div class=\"badge badge-rounded-circle badge-primary-soft mt-1 mr-4\">\n<i class=\"fe fe-check\"><\/i>\n<\/div><p class=\"text-primary\">EN AW-5005<\/p><\/div>\n\n\t<\/div>\n\n\n\n<div class=\"col-12 col-md-4\">\n\t\t\t\n\n<div class=\"d-flex text-left scroll-fade-bottom-up visibility-hidden\">\n<div class=\"badge badge-rounded-circle badge-primary-soft mt-1 mr-4\">\n<i class=\"fe fe-check\"><\/i>\n<\/div><p class=\"text-primary\">EN AW-5083<\/p><\/div>\n\n\t<\/div>\n\n\n\n<div class=\"col-12 col-md-4\">\n\t\t\t\n\n<div class=\"d-flex text-left scroll-fade-bottom-up visibility-hidden\">\n<div class=\"badge badge-rounded-circle badge-primary-soft mt-1 mr-4\">\n<i class=\"fe fe-check\"><\/i>\n<\/div><p class=\"text-primary\">EN AW-5754<\/p><\/div>\n\n\t<\/div>\n\n\n\n<div class=\"col-12 col-md-4\">\n\t\t\t\n\n<div class=\"d-flex text-left scroll-fade-bottom-up visibility-hidden\">\n<div class=\"badge badge-rounded-circle badge-primary-soft mt-1 mr-4\">\n<i class=\"fe fe-check\"><\/i>\n<\/div><p class=\"text-primary\">EN AW-6101B<\/p><\/div>\n\n\t<\/div>\n\n\n\n<div class=\"col-12 col-md-4\">\n\t\t\t\n\n<div class=\"d-flex text-left scroll-fade-bottom-up visibility-hidden\">\n<div class=\"badge badge-rounded-circle badge-primary-soft mt-1 mr-4\">\n<i class=\"fe fe-check\"><\/i>\n<\/div><p class=\"text-primary\">EN AW-6082<\/p><\/div>\n\n\t<\/div>\n\n\n\n<div class=\"col-12 col-md-4\">\n\t\t\t\n\n<div class=\"d-flex text-left scroll-fade-bottom-up visibility-hidden\">\n<div class=\"badge badge-rounded-circle badge-primary-soft mt-1 mr-4\">\n<i class=\"fe fe-check\"><\/i>\n<\/div><p class=\"text-primary\">EN AW-6463<\/p><\/div>\n\n\t<\/div>\n\n\n\n<div class=\"col-12 col-md-4\">\n\t\t\t\n\n<div class=\"d-flex text-left scroll-fade-bottom-up visibility-hidden\">\n<div class=\"badge badge-rounded-circle badge-primary-soft mt-1 mr-4\">\n<i class=\"fe fe-check\"><\/i>\n<\/div><p class=\"text-primary\">EN AW-7075<\/p><\/div>\n\n\t<\/div>\n\n<\/div>\n\n<\/div>\n\n\n\n<\/section>\n\n\n\n<section data-jarallax=\"\" data-speed=\".8\" class=\"py-12 py-md-13 overlay overlay-black overlay-40 bg-cover jarallax\" style=\"background-image: url(\/wp-content\/uploads\/2021\/01\/blecha-aluminium-profile.jpg);\">\n  <div class=\"container\">\n    <div class=\"row mx-auto\">\n      <div class=\"col-12 col-md-10\">\n        <!-- Blockquote -->\n        <blockquote class=\"blockquote mb-0\"> \n          \n          <!-- Text -->\n          <p class=\"h2 text-white text-left font-regular scroll-fade-bottom-up visibility-hidden\">Vous cherchez le bon profil\u00e9 avec la bonne finition ? Alors vous le trouverez certainement dans notre moteur de recherche.<\/p>\n\n\n<div class=\"wp-bootstrap-blocks-button\">\n\t<a\n\t\thref=\"https:\/\/aluprofil.at\/en\/\"\n\t\t\t\t\ttarget=\"_blank\"\n\t\t\t\t\t\t\trel=\"noreferrer noopener\"\n\t\t\t\tclass=\"btn mt-4 scroll-fade-bottom-up visibility-hidden btn-secondary\"\n\t>\n\t\tVers le moteur de recherche\t<\/a>\n<\/div>\n\n\n\n<\/blockquote>\n      <\/div>\n    <\/div>\n  <\/div>\n<\/section>\n","protected":false},"excerpt":{"rendered":"Vous cherchez le bon profil\u00e9 avec la bonne finition ? Alors vous le trouverez certainement dans notre moteur de recherche.","protected":false},"author":2,"featured_media":6121,"parent":5412,"menu_order":0,"comment_status":"closed","ping_status":"closed","template":"page-produkte.php","meta":{"_acf_changed":false,"footnotes":""},"class_list":["post-6119","page","type-page","status-publish","has-post-thumbnail","hentry"],"acf":[],"yoast_head":"<!-- This site is optimized with the Yoast SEO plugin v27.3 - https:\/\/yoast.com\/product\/yoast-seo-wordpress\/ -->\n<title>Profil\u00e9s standards | BLECHA<\/title>\n<meta name=\"description\" content=\"Dans notre entrep\u00f4t, vous pouvez obtenir tous les profil\u00e9s standard en aluminium (profil\u00e9s FLUTZ) avec des dimensions individuelles pour les tubes ronds, les corni\u00e8res, les profil\u00e9s en U, les profil\u00e9s en T, les profil\u00e9s en Z, les tubes profil\u00e9s (carr\u00e9s, avec aile et\/ou rayon), les tubes rectangulaires (tubes profil\u00e9s), les tubes triangulaires, les tubes ovales, les profil\u00e9s en C, les profil\u00e9s en H ainsi que les poutres en I avec une livraison rapide gr\u00e2ce \u00e0 un stock interne.\" \/>\n<meta name=\"robots\" content=\"index, follow, max-snippet:-1, max-image-preview:large, max-video-preview:-1\" \/>\n<link rel=\"canonical\" href=\"https:\/\/www.blecha.at\/fr\/produits\/profiles-standards\/\" \/>\n<meta property=\"og:locale\" content=\"fr_FR\" \/>\n<meta property=\"og:type\" content=\"article\" \/>\n<meta property=\"og:title\" content=\"Profil\u00e9s standards | BLECHA\" \/>\n<meta property=\"og:description\" content=\"Dans notre entrep\u00f4t, vous pouvez obtenir tous les profil\u00e9s standard en aluminium (profil\u00e9s FLUTZ) avec des dimensions individuelles pour les tubes ronds, les corni\u00e8res, les profil\u00e9s en U, les profil\u00e9s en T, les profil\u00e9s en Z, les tubes profil\u00e9s (carr\u00e9s, avec aile et\/ou rayon), les tubes rectangulaires (tubes profil\u00e9s), les tubes triangulaires, les tubes ovales, les profil\u00e9s en C, les profil\u00e9s en H ainsi que les poutres en I avec une livraison rapide gr\u00e2ce \u00e0 un stock interne.\" \/>\n<meta property=\"og:url\" content=\"https:\/\/www.blecha.at\/fr\/produits\/profiles-standards\/\" \/>\n<meta property=\"og:site_name\" content=\"BLECHA\" \/>\n<meta property=\"article:modified_time\" content=\"2024-06-27T19:28:09+00:00\" \/>\n<meta property=\"og:image\" content=\"https:\/\/www.blecha.at\/wp-content\/uploads\/2021\/03\/blecha-standardprofile-1-thumbnail.jpg\" \/>\n\t<meta property=\"og:image:width\" content=\"1600\" \/>\n\t<meta property=\"og:image:height\" content=\"1600\" \/>\n\t<meta property=\"og:image:type\" content=\"image\/jpeg\" \/>\n<meta name=\"twitter:card\" content=\"summary_large_image\" \/>\n<meta name=\"twitter:label1\" content=\"Dur\u00e9e de lecture estim\u00e9e\" \/>\n\t<meta name=\"twitter:data1\" content=\"2 minutes\" \/>\n<script type=\"application\/ld+json\" class=\"yoast-schema-graph\">{\"@context\":\"https:\\\/\\\/schema.org\",\"@graph\":[{\"@type\":\"WebPage\",\"@id\":\"https:\\\/\\\/www.blecha.at\\\/fr\\\/produits\\\/profiles-standards\\\/\",\"url\":\"https:\\\/\\\/www.blecha.at\\\/fr\\\/produits\\\/profiles-standards\\\/\",\"name\":\"Profil\u00e9s standards | BLECHA\",\"isPartOf\":{\"@id\":\"https:\\\/\\\/www.blecha.at\\\/#website\"},\"primaryImageOfPage\":{\"@id\":\"https:\\\/\\\/www.blecha.at\\\/fr\\\/produits\\\/profiles-standards\\\/#primaryimage\"},\"image\":{\"@id\":\"https:\\\/\\\/www.blecha.at\\\/fr\\\/produits\\\/profiles-standards\\\/#primaryimage\"},\"thumbnailUrl\":\"https:\\\/\\\/www.blecha.at\\\/wp-content\\\/uploads\\\/2021\\\/03\\\/blecha-standardprofile-1-thumbnail.jpg\",\"datePublished\":\"2021-01-22T21:11:16+00:00\",\"dateModified\":\"2024-06-27T19:28:09+00:00\",\"description\":\"Dans notre entrep\u00f4t, vous pouvez obtenir tous les profil\u00e9s standard en aluminium (profil\u00e9s FLUTZ) avec des dimensions individuelles pour les tubes ronds, les corni\u00e8res, les profil\u00e9s en U, les profil\u00e9s en T, les profil\u00e9s en Z, les tubes profil\u00e9s (carr\u00e9s, avec aile et\\\/ou rayon), les tubes rectangulaires (tubes profil\u00e9s), les tubes triangulaires, les tubes ovales, les profil\u00e9s en C, les profil\u00e9s en H ainsi que les poutres en I avec une livraison rapide gr\u00e2ce \u00e0 un stock interne.\",\"breadcrumb\":{\"@id\":\"https:\\\/\\\/www.blecha.at\\\/fr\\\/produits\\\/profiles-standards\\\/#breadcrumb\"},\"inLanguage\":\"fr-FR\",\"potentialAction\":[{\"@type\":\"ReadAction\",\"target\":[\"https:\\\/\\\/www.blecha.at\\\/fr\\\/produits\\\/profiles-standards\\\/\"]}]},{\"@type\":\"ImageObject\",\"inLanguage\":\"fr-FR\",\"@id\":\"https:\\\/\\\/www.blecha.at\\\/fr\\\/produits\\\/profiles-standards\\\/#primaryimage\",\"url\":\"https:\\\/\\\/www.blecha.at\\\/wp-content\\\/uploads\\\/2021\\\/03\\\/blecha-standardprofile-1-thumbnail.jpg\",\"contentUrl\":\"https:\\\/\\\/www.blecha.at\\\/wp-content\\\/uploads\\\/2021\\\/03\\\/blecha-standardprofile-1-thumbnail.jpg\",\"width\":1600,\"height\":1600},{\"@type\":\"BreadcrumbList\",\"@id\":\"https:\\\/\\\/www.blecha.at\\\/fr\\\/produits\\\/profiles-standards\\\/#breadcrumb\",\"itemListElement\":[{\"@type\":\"ListItem\",\"position\":1,\"name\":\"Home\",\"item\":\"https:\\\/\\\/www.blecha.at\\\/fr\\\/\"},{\"@type\":\"ListItem\",\"position\":2,\"name\":\"Produits\",\"item\":\"https:\\\/\\\/www.blecha.at\\\/fr\\\/produits\\\/\"},{\"@type\":\"ListItem\",\"position\":3,\"name\":\"Profil\u00e9s standards\"}]},{\"@type\":\"WebSite\",\"@id\":\"https:\\\/\\\/www.blecha.at\\\/#website\",\"url\":\"https:\\\/\\\/www.blecha.at\\\/\",\"name\":\"BLECHA\",\"description\":\"Eine weitere WordPress-Website\",\"potentialAction\":[{\"@type\":\"SearchAction\",\"target\":{\"@type\":\"EntryPoint\",\"urlTemplate\":\"https:\\\/\\\/www.blecha.at\\\/?s={search_term_string}\"},\"query-input\":{\"@type\":\"PropertyValueSpecification\",\"valueRequired\":true,\"valueName\":\"search_term_string\"}}],\"inLanguage\":\"fr-FR\"}]}<\/script>\n<!-- \/ Yoast SEO plugin. -->","yoast_head_json":{"title":"Profil\u00e9s standards | BLECHA","description":"Dans notre entrep\u00f4t, vous pouvez obtenir tous les profil\u00e9s standard en aluminium (profil\u00e9s FLUTZ) avec des dimensions individuelles pour les tubes ronds, les corni\u00e8res, les profil\u00e9s en U, les profil\u00e9s en T, les profil\u00e9s en Z, les tubes profil\u00e9s (carr\u00e9s, avec aile et\/ou rayon), les tubes rectangulaires (tubes profil\u00e9s), les tubes triangulaires, les tubes ovales, les profil\u00e9s en C, les profil\u00e9s en H ainsi que les poutres en I avec une livraison rapide gr\u00e2ce \u00e0 un stock interne.","robots":{"index":"index","follow":"follow","max-snippet":"max-snippet:-1","max-image-preview":"max-image-preview:large","max-video-preview":"max-video-preview:-1"},"canonical":"https:\/\/www.blecha.at\/fr\/produits\/profiles-standards\/","og_locale":"fr_FR","og_type":"article","og_title":"Profil\u00e9s standards | BLECHA","og_description":"Dans notre entrep\u00f4t, vous pouvez obtenir tous les profil\u00e9s standard en aluminium (profil\u00e9s FLUTZ) avec des dimensions individuelles pour les tubes ronds, les corni\u00e8res, les profil\u00e9s en U, les profil\u00e9s en T, les profil\u00e9s en Z, les tubes profil\u00e9s (carr\u00e9s, avec aile et\/ou rayon), les tubes rectangulaires (tubes profil\u00e9s), les tubes triangulaires, les tubes ovales, les profil\u00e9s en C, les profil\u00e9s en H ainsi que les poutres en I avec une livraison rapide gr\u00e2ce \u00e0 un stock interne.","og_url":"https:\/\/www.blecha.at\/fr\/produits\/profiles-standards\/","og_site_name":"BLECHA","article_modified_time":"2024-06-27T19:28:09+00:00","og_image":[{"width":1600,"height":1600,"url":"https:\/\/www.blecha.at\/wp-content\/uploads\/2021\/03\/blecha-standardprofile-1-thumbnail.jpg","type":"image\/jpeg"}],"twitter_card":"summary_large_image","twitter_misc":{"Dur\u00e9e de lecture estim\u00e9e":"2 minutes"},"schema":{"@context":"https:\/\/schema.org","@graph":[{"@type":"WebPage","@id":"https:\/\/www.blecha.at\/fr\/produits\/profiles-standards\/","url":"https:\/\/www.blecha.at\/fr\/produits\/profiles-standards\/","name":"Profil\u00e9s standards | BLECHA","isPartOf":{"@id":"https:\/\/www.blecha.at\/#website"},"primaryImageOfPage":{"@id":"https:\/\/www.blecha.at\/fr\/produits\/profiles-standards\/#primaryimage"},"image":{"@id":"https:\/\/www.blecha.at\/fr\/produits\/profiles-standards\/#primaryimage"},"thumbnailUrl":"https:\/\/www.blecha.at\/wp-content\/uploads\/2021\/03\/blecha-standardprofile-1-thumbnail.jpg","datePublished":"2021-01-22T21:11:16+00:00","dateModified":"2024-06-27T19:28:09+00:00","description":"Dans notre entrep\u00f4t, vous pouvez obtenir tous les profil\u00e9s standard en aluminium (profil\u00e9s FLUTZ) avec des dimensions individuelles pour les tubes ronds, les corni\u00e8res, les profil\u00e9s en U, les profil\u00e9s en T, les profil\u00e9s en Z, les tubes profil\u00e9s (carr\u00e9s, avec aile et\/ou rayon), les tubes rectangulaires (tubes profil\u00e9s), les tubes triangulaires, les tubes ovales, les profil\u00e9s en C, les profil\u00e9s en H ainsi que les poutres en I avec une livraison rapide gr\u00e2ce \u00e0 un stock interne.","breadcrumb":{"@id":"https:\/\/www.blecha.at\/fr\/produits\/profiles-standards\/#breadcrumb"},"inLanguage":"fr-FR","potentialAction":[{"@type":"ReadAction","target":["https:\/\/www.blecha.at\/fr\/produits\/profiles-standards\/"]}]},{"@type":"ImageObject","inLanguage":"fr-FR","@id":"https:\/\/www.blecha.at\/fr\/produits\/profiles-standards\/#primaryimage","url":"https:\/\/www.blecha.at\/wp-content\/uploads\/2021\/03\/blecha-standardprofile-1-thumbnail.jpg","contentUrl":"https:\/\/www.blecha.at\/wp-content\/uploads\/2021\/03\/blecha-standardprofile-1-thumbnail.jpg","width":1600,"height":1600},{"@type":"BreadcrumbList","@id":"https:\/\/www.blecha.at\/fr\/produits\/profiles-standards\/#breadcrumb","itemListElement":[{"@type":"ListItem","position":1,"name":"Home","item":"https:\/\/www.blecha.at\/fr\/"},{"@type":"ListItem","position":2,"name":"Produits","item":"https:\/\/www.blecha.at\/fr\/produits\/"},{"@type":"ListItem","position":3,"name":"Profil\u00e9s standards"}]},{"@type":"WebSite","@id":"https:\/\/www.blecha.at\/#website","url":"https:\/\/www.blecha.at\/","name":"BLECHA","description":"Eine weitere WordPress-Website","potentialAction":[{"@type":"SearchAction","target":{"@type":"EntryPoint","urlTemplate":"https:\/\/www.blecha.at\/?s={search_term_string}"},"query-input":{"@type":"PropertyValueSpecification","valueRequired":true,"valueName":"search_term_string"}}],"inLanguage":"fr-FR"}]}},"_links":{"self":[{"href":"https:\/\/www.blecha.at\/fr\/wp-json\/wp\/v2\/pages\/6119","targetHints":{"allow":["GET"]}}],"collection":[{"href":"https:\/\/www.blecha.at\/fr\/wp-json\/wp\/v2\/pages"}],"about":[{"href":"https:\/\/www.blecha.at\/fr\/wp-json\/wp\/v2\/types\/page"}],"author":[{"embeddable":true,"href":"https:\/\/www.blecha.at\/fr\/wp-json\/wp\/v2\/users\/2"}],"replies":[{"embeddable":true,"href":"https:\/\/www.blecha.at\/fr\/wp-json\/wp\/v2\/comments?post=6119"}],"version-history":[{"count":6,"href":"https:\/\/www.blecha.at\/fr\/wp-json\/wp\/v2\/pages\/6119\/revisions"}],"predecessor-version":[{"id":27826,"href":"https:\/\/www.blecha.at\/fr\/wp-json\/wp\/v2\/pages\/6119\/revisions\/27826"}],"up":[{"embeddable":true,"href":"https:\/\/www.blecha.at\/fr\/wp-json\/wp\/v2\/pages\/5412"}],"wp:featuredmedia":[{"embeddable":true,"href":"https:\/\/www.blecha.at\/fr\/wp-json\/wp\/v2\/media\/6121"}],"wp:attachment":[{"href":"https:\/\/www.blecha.at\/fr\/wp-json\/wp\/v2\/media?parent=6119"}],"curies":[{"name":"wp","href":"https:\/\/api.w.org\/{rel}","templated":true}]}}