{"id":11340,"date":"2021-01-22T23:26:07","date_gmt":"2021-01-22T22:26:07","guid":{"rendered":"https:\/\/www.blecha.at\/proizvodi\/zulieferteile-fuer-saugfoerderanlagen\/"},"modified":"2022-02-22T15:39:11","modified_gmt":"2022-02-22T14:39:11","slug":"dijelovi-za-vakuumske-cjevovode","status":"publish","type":"page","link":"https:\/\/www.blecha.at\/hr\/proizvodi\/dijelovi-za-vakuumske-cjevovode\/","title":{"rendered":"Dijelovi za vakuumske cjevovode"},"content":{"rendered":"\n<section id=\"sectionTwo\" class=\"mt-lg-n11 py-8 py-md-11 px-lg-9 border-left border-right border-right-lg-none bg-white\">\n\n\n<div class=\"wp-bootstrap-blocks-container container-fluid mb-0\">\n\t\n<div class=\"wp-bootstrap-blocks-row row mx-auto\">\n\t\n\n<div class=\"col-12 col-md-10\">\n\t\t\t\n\n<h2 class=\"text-secondary scroll-fade-bottom-up visibility-hidden wp-block-heading\" id=\"dijelovi-za-razlicite-elemente-vakuumskog-cjevovoda-za-plasticnu-industriju-plasticne-granulate-ili-druge-proizvode-koji-se-vakuumski-mogu-transportirati\">Dijelovi za razli\u010dite elemente vakuumskog cjevovoda za plasti\u010dnu industriju (plasti\u010dne granulate) ili druge proizvode koji se vakuumski mogu transportirati.<\/h2>\n\n\n\n<p class=\"scroll-fade-bottom-up visibility-hidden\">Pored alumijskih cijevnih lukova, i cijevnih lukova od nehr\u0111aju\u010deg \u010delika (po \u017eelji s jednostranim ili obostranim ravnim produ\u017eecima) u razli\u010ditim dimenzijama, razdvojnih dijelova, T-dijelova, reducira i koljena, na\u0161 program obuhvata i monta\u017ene dijelove za vakuumske cjevovode. Brzo isporu\u010dujemo mnogobrojne proizvode kao \u0161to su cijevne spojnice, cijevni nastavci, Storz-spojnice, \u0161irokotra\u010dne spojnice (cijevne spojnice), kukaste spojnice (pocin\u010dan \u010delik), Morris-spojnice, kotvene tra\u010dnice i PVC-mijeh s \u010deli\u010dnom spiralom (Vidaspir F).&nbsp;<\/p>\n\n\n\n<p class=\"scroll-fade-bottom-up visibility-hidden\">Tako\u0111er isporu\u010dujemo u vrlo kratkom roku i eta\u017ene lukove po nacrtu kupca, kao i staklene lukove i ostale razdvojne dijelove.<\/p>\n\n\t<\/div>\n\n<\/div>\n\n<\/div>\n\n\n\n<\/section>\n\n\n\n<div style=\"height:10px\" aria-hidden=\"true\" class=\"wp-block-spacer\"><\/div>\n\n\n\n<section data-jarallax=\"\" data-speed=\".8\" class=\"py-12 py-md-13 overlay overlay-black overlay-40 bg-cover jarallax\" style=\"background-image: url(\/wp-content\/uploads\/2021\/08\/blecha-aluminium-profile-zulieferteile.jpg);\">\n  <div class=\"container\">\n    <div class=\"row mx-auto\">\n      <div class=\"col-12 col-md-10\">\n        <!-- Blockquote -->\n        <blockquote class=\"blockquote mb-0\"> \n          \n          <!-- Text -->\n          <p class=\"h2 text-white text-left font-regular scroll-fade-bottom-up visibility-hidden\">Volimo posebnosti. Uronite u na\u0161 ogroman asortiman i prona\u0111ite to\u010dno to, \u0161to vam je potrebno.<\/p>\n\n\n<div class=\"wp-bootstrap-blocks-button\">\n\t<a\n\t\thref=\"https:\/\/www.aluprofil.at\/hr\/fitinzi\/dijelovi-za-vakuumske-cjevovode\/\"\n\t\t\t\t\t\tclass=\"btn mt-4 scroll-fade-bottom-up visibility-hidden btn-secondary\"\n\t>\n\t\tDo asortimana\t<\/a>\n<\/div>\n\n\n\n<\/blockquote>\n      <\/div>\n    <\/div>\n  <\/div>\n<\/section>\n","protected":false},"excerpt":{"rendered":"Volimo posebnosti. Uronite u na\u0161 ogroman asortiman i prona\u0111ite to\u010dno to, \u0161to vam je potrebno.","protected":false},"author":2,"featured_media":11342,"parent":5398,"menu_order":0,"comment_status":"closed","ping_status":"closed","template":"page-produkte.php","meta":{"_acf_changed":false,"footnotes":""},"class_list":["post-11340","page","type-page","status-publish","has-post-thumbnail","hentry"],"acf":[],"yoast_head":"<!-- This site is optimized with the Yoast SEO plugin v27.3 - https:\/\/yoast.com\/product\/yoast-seo-wordpress\/ -->\n<title>Dijelovi za vakuumske cjevovode | BLECHA<\/title>\n<meta name=\"description\" content=\"Na\u0161 program obuhvata dijelove razli\u010ditih elemenata za vakuumske cjevovode za transport granulata i sli\u010dnih proizvoda.\" \/>\n<meta name=\"robots\" content=\"index, follow, max-snippet:-1, max-image-preview:large, max-video-preview:-1\" \/>\n<link rel=\"canonical\" href=\"https:\/\/www.blecha.at\/hr\/proizvodi\/dijelovi-za-vakuumske-cjevovode\/\" \/>\n<meta property=\"og:locale\" content=\"hr_HR\" \/>\n<meta property=\"og:type\" content=\"article\" \/>\n<meta property=\"og:title\" content=\"Dijelovi za vakuumske cjevovode | BLECHA\" \/>\n<meta property=\"og:description\" content=\"Na\u0161 program obuhvata dijelove razli\u010ditih elemenata za vakuumske cjevovode za transport granulata i sli\u010dnih proizvoda.\" \/>\n<meta property=\"og:url\" content=\"https:\/\/www.blecha.at\/hr\/proizvodi\/dijelovi-za-vakuumske-cjevovode\/\" \/>\n<meta property=\"og:site_name\" content=\"BLECHA\" \/>\n<meta property=\"article:modified_time\" content=\"2022-02-22T14:39:11+00:00\" \/>\n<meta property=\"og:image\" content=\"https:\/\/www.blecha.at\/wp-content\/uploads\/2021\/03\/blecha-zulieferteile-fuer-saugfoerderanlagen-1-thumbnail.jpg\" \/>\n\t<meta property=\"og:image:width\" content=\"1600\" \/>\n\t<meta property=\"og:image:height\" content=\"1600\" \/>\n\t<meta property=\"og:image:type\" content=\"image\/jpeg\" \/>\n<meta name=\"twitter:card\" content=\"summary_large_image\" \/>\n<meta name=\"twitter:label1\" content=\"Procijenjeno vrijeme \u010ditanja\" \/>\n\t<meta name=\"twitter:data1\" content=\"1 minuta\" \/>\n<script type=\"application\/ld+json\" class=\"yoast-schema-graph\">{\"@context\":\"https:\\\/\\\/schema.org\",\"@graph\":[{\"@type\":\"WebPage\",\"@id\":\"https:\\\/\\\/www.blecha.at\\\/hr\\\/proizvodi\\\/dijelovi-za-vakuumske-cjevovode\\\/\",\"url\":\"https:\\\/\\\/www.blecha.at\\\/hr\\\/proizvodi\\\/dijelovi-za-vakuumske-cjevovode\\\/\",\"name\":\"Dijelovi za vakuumske cjevovode | BLECHA\",\"isPartOf\":{\"@id\":\"https:\\\/\\\/www.blecha.at\\\/#website\"},\"primaryImageOfPage\":{\"@id\":\"https:\\\/\\\/www.blecha.at\\\/hr\\\/proizvodi\\\/dijelovi-za-vakuumske-cjevovode\\\/#primaryimage\"},\"image\":{\"@id\":\"https:\\\/\\\/www.blecha.at\\\/hr\\\/proizvodi\\\/dijelovi-za-vakuumske-cjevovode\\\/#primaryimage\"},\"thumbnailUrl\":\"https:\\\/\\\/www.blecha.at\\\/wp-content\\\/uploads\\\/2021\\\/03\\\/blecha-zulieferteile-fuer-saugfoerderanlagen-1-thumbnail.jpg\",\"datePublished\":\"2021-01-22T22:26:07+00:00\",\"dateModified\":\"2022-02-22T14:39:11+00:00\",\"description\":\"Na\u0161 program obuhvata dijelove razli\u010ditih elemenata za vakuumske cjevovode za transport granulata i sli\u010dnih proizvoda.\",\"breadcrumb\":{\"@id\":\"https:\\\/\\\/www.blecha.at\\\/hr\\\/proizvodi\\\/dijelovi-za-vakuumske-cjevovode\\\/#breadcrumb\"},\"inLanguage\":\"hr\",\"potentialAction\":[{\"@type\":\"ReadAction\",\"target\":[\"https:\\\/\\\/www.blecha.at\\\/hr\\\/proizvodi\\\/dijelovi-za-vakuumske-cjevovode\\\/\"]}]},{\"@type\":\"ImageObject\",\"inLanguage\":\"hr\",\"@id\":\"https:\\\/\\\/www.blecha.at\\\/hr\\\/proizvodi\\\/dijelovi-za-vakuumske-cjevovode\\\/#primaryimage\",\"url\":\"https:\\\/\\\/www.blecha.at\\\/wp-content\\\/uploads\\\/2021\\\/03\\\/blecha-zulieferteile-fuer-saugfoerderanlagen-1-thumbnail.jpg\",\"contentUrl\":\"https:\\\/\\\/www.blecha.at\\\/wp-content\\\/uploads\\\/2021\\\/03\\\/blecha-zulieferteile-fuer-saugfoerderanlagen-1-thumbnail.jpg\",\"width\":1600,\"height\":1600},{\"@type\":\"BreadcrumbList\",\"@id\":\"https:\\\/\\\/www.blecha.at\\\/hr\\\/proizvodi\\\/dijelovi-za-vakuumske-cjevovode\\\/#breadcrumb\",\"itemListElement\":[{\"@type\":\"ListItem\",\"position\":1,\"name\":\"Home\",\"item\":\"https:\\\/\\\/www.blecha.at\\\/hr\\\/\"},{\"@type\":\"ListItem\",\"position\":2,\"name\":\"Proizvodi\",\"item\":\"https:\\\/\\\/www.blecha.at\\\/hr\\\/proizvodi\\\/\"},{\"@type\":\"ListItem\",\"position\":3,\"name\":\"Dijelovi za vakuumske cjevovode\"}]},{\"@type\":\"WebSite\",\"@id\":\"https:\\\/\\\/www.blecha.at\\\/#website\",\"url\":\"https:\\\/\\\/www.blecha.at\\\/\",\"name\":\"BLECHA\",\"description\":\"Eine weitere WordPress-Website\",\"potentialAction\":[{\"@type\":\"SearchAction\",\"target\":{\"@type\":\"EntryPoint\",\"urlTemplate\":\"https:\\\/\\\/www.blecha.at\\\/?s={search_term_string}\"},\"query-input\":{\"@type\":\"PropertyValueSpecification\",\"valueRequired\":true,\"valueName\":\"search_term_string\"}}],\"inLanguage\":\"hr\"}]}<\/script>\n<!-- \/ Yoast SEO plugin. -->","yoast_head_json":{"title":"Dijelovi za vakuumske cjevovode | BLECHA","description":"Na\u0161 program obuhvata dijelove razli\u010ditih elemenata za vakuumske cjevovode za transport granulata i sli\u010dnih proizvoda.","robots":{"index":"index","follow":"follow","max-snippet":"max-snippet:-1","max-image-preview":"max-image-preview:large","max-video-preview":"max-video-preview:-1"},"canonical":"https:\/\/www.blecha.at\/hr\/proizvodi\/dijelovi-za-vakuumske-cjevovode\/","og_locale":"hr_HR","og_type":"article","og_title":"Dijelovi za vakuumske cjevovode | BLECHA","og_description":"Na\u0161 program obuhvata dijelove razli\u010ditih elemenata za vakuumske cjevovode za transport granulata i sli\u010dnih proizvoda.","og_url":"https:\/\/www.blecha.at\/hr\/proizvodi\/dijelovi-za-vakuumske-cjevovode\/","og_site_name":"BLECHA","article_modified_time":"2022-02-22T14:39:11+00:00","og_image":[{"width":1600,"height":1600,"url":"https:\/\/www.blecha.at\/wp-content\/uploads\/2021\/03\/blecha-zulieferteile-fuer-saugfoerderanlagen-1-thumbnail.jpg","type":"image\/jpeg"}],"twitter_card":"summary_large_image","twitter_misc":{"Procijenjeno vrijeme \u010ditanja":"1 minuta"},"schema":{"@context":"https:\/\/schema.org","@graph":[{"@type":"WebPage","@id":"https:\/\/www.blecha.at\/hr\/proizvodi\/dijelovi-za-vakuumske-cjevovode\/","url":"https:\/\/www.blecha.at\/hr\/proizvodi\/dijelovi-za-vakuumske-cjevovode\/","name":"Dijelovi za vakuumske cjevovode | BLECHA","isPartOf":{"@id":"https:\/\/www.blecha.at\/#website"},"primaryImageOfPage":{"@id":"https:\/\/www.blecha.at\/hr\/proizvodi\/dijelovi-za-vakuumske-cjevovode\/#primaryimage"},"image":{"@id":"https:\/\/www.blecha.at\/hr\/proizvodi\/dijelovi-za-vakuumske-cjevovode\/#primaryimage"},"thumbnailUrl":"https:\/\/www.blecha.at\/wp-content\/uploads\/2021\/03\/blecha-zulieferteile-fuer-saugfoerderanlagen-1-thumbnail.jpg","datePublished":"2021-01-22T22:26:07+00:00","dateModified":"2022-02-22T14:39:11+00:00","description":"Na\u0161 program obuhvata dijelove razli\u010ditih elemenata za vakuumske cjevovode za transport granulata i sli\u010dnih proizvoda.","breadcrumb":{"@id":"https:\/\/www.blecha.at\/hr\/proizvodi\/dijelovi-za-vakuumske-cjevovode\/#breadcrumb"},"inLanguage":"hr","potentialAction":[{"@type":"ReadAction","target":["https:\/\/www.blecha.at\/hr\/proizvodi\/dijelovi-za-vakuumske-cjevovode\/"]}]},{"@type":"ImageObject","inLanguage":"hr","@id":"https:\/\/www.blecha.at\/hr\/proizvodi\/dijelovi-za-vakuumske-cjevovode\/#primaryimage","url":"https:\/\/www.blecha.at\/wp-content\/uploads\/2021\/03\/blecha-zulieferteile-fuer-saugfoerderanlagen-1-thumbnail.jpg","contentUrl":"https:\/\/www.blecha.at\/wp-content\/uploads\/2021\/03\/blecha-zulieferteile-fuer-saugfoerderanlagen-1-thumbnail.jpg","width":1600,"height":1600},{"@type":"BreadcrumbList","@id":"https:\/\/www.blecha.at\/hr\/proizvodi\/dijelovi-za-vakuumske-cjevovode\/#breadcrumb","itemListElement":[{"@type":"ListItem","position":1,"name":"Home","item":"https:\/\/www.blecha.at\/hr\/"},{"@type":"ListItem","position":2,"name":"Proizvodi","item":"https:\/\/www.blecha.at\/hr\/proizvodi\/"},{"@type":"ListItem","position":3,"name":"Dijelovi za vakuumske cjevovode"}]},{"@type":"WebSite","@id":"https:\/\/www.blecha.at\/#website","url":"https:\/\/www.blecha.at\/","name":"BLECHA","description":"Eine weitere WordPress-Website","potentialAction":[{"@type":"SearchAction","target":{"@type":"EntryPoint","urlTemplate":"https:\/\/www.blecha.at\/?s={search_term_string}"},"query-input":{"@type":"PropertyValueSpecification","valueRequired":true,"valueName":"search_term_string"}}],"inLanguage":"hr"}]}},"_links":{"self":[{"href":"https:\/\/www.blecha.at\/hr\/wp-json\/wp\/v2\/pages\/11340","targetHints":{"allow":["GET"]}}],"collection":[{"href":"https:\/\/www.blecha.at\/hr\/wp-json\/wp\/v2\/pages"}],"about":[{"href":"https:\/\/www.blecha.at\/hr\/wp-json\/wp\/v2\/types\/page"}],"author":[{"embeddable":true,"href":"https:\/\/www.blecha.at\/hr\/wp-json\/wp\/v2\/users\/2"}],"replies":[{"embeddable":true,"href":"https:\/\/www.blecha.at\/hr\/wp-json\/wp\/v2\/comments?post=11340"}],"version-history":[{"count":7,"href":"https:\/\/www.blecha.at\/hr\/wp-json\/wp\/v2\/pages\/11340\/revisions"}],"predecessor-version":[{"id":14419,"href":"https:\/\/www.blecha.at\/hr\/wp-json\/wp\/v2\/pages\/11340\/revisions\/14419"}],"up":[{"embeddable":true,"href":"https:\/\/www.blecha.at\/hr\/wp-json\/wp\/v2\/pages\/5398"}],"wp:featuredmedia":[{"embeddable":true,"href":"https:\/\/www.blecha.at\/hr\/wp-json\/wp\/v2\/media\/11342"}],"wp:attachment":[{"href":"https:\/\/www.blecha.at\/hr\/wp-json\/wp\/v2\/media?parent=11340"}],"curies":[{"name":"wp","href":"https:\/\/api.w.org\/{rel}","templated":true}]}}