{"id":11490,"date":"2020-10-05T12:42:32","date_gmt":"2020-10-05T10:42:32","guid":{"rendered":"https:\/\/www.blecha.at\/unternehmen\/"},"modified":"2026-03-09T15:05:50","modified_gmt":"2026-03-09T14:05:50","slug":"tvrtka","status":"publish","type":"page","link":"https:\/\/www.blecha.at\/hr\/tvrtka\/","title":{"rendered":"Unternehmen"},"content":{"rendered":"","protected":false},"excerpt":{"rendered":"","protected":false},"author":2,"featured_media":0,"parent":0,"menu_order":0,"comment_status":"closed","ping_status":"closed","template":"page-unternehmen.php","meta":{"_acf_changed":false,"footnotes":""},"class_list":["post-11490","page","type-page","status-publish","hentry"],"acf":[],"yoast_head":"<!-- This site is optimized with the Yoast SEO plugin v27.3 - https:\/\/yoast.com\/product\/yoast-seo-wordpress\/ -->\n<title>Tvrtka | BLECHA<\/title>\n<meta name=\"description\" content=\"Aluminij je za nas vi\u0161e od stabilog i laganog proizvoda. Na\u0161a strast, na\u0161a te\u017enja za inovacijama svakodnevno nas dovodi u formu.\" \/>\n<meta name=\"robots\" content=\"index, follow, max-snippet:-1, max-image-preview:large, max-video-preview:-1\" \/>\n<link rel=\"canonical\" href=\"https:\/\/www.blecha.at\/hr\/tvrtka\/\" \/>\n<meta property=\"og:locale\" content=\"hr_HR\" \/>\n<meta property=\"og:type\" content=\"article\" \/>\n<meta property=\"og:title\" content=\"Tvrtka | BLECHA\" \/>\n<meta property=\"og:description\" content=\"Aluminij je za nas vi\u0161e od stabilog i laganog proizvoda. Na\u0161a strast, na\u0161a te\u017enja za inovacijama svakodnevno nas dovodi u formu.\" \/>\n<meta property=\"og:url\" content=\"https:\/\/www.blecha.at\/hr\/tvrtka\/\" \/>\n<meta property=\"og:site_name\" content=\"BLECHA\" \/>\n<meta property=\"article:modified_time\" content=\"2026-03-09T14:05:50+00:00\" \/>\n<meta property=\"og:image\" content=\"https:\/\/www.blecha.at\/wp-content\/uploads\/2021\/02\/blecha-unternehmen-auswahl-gebaeude-3-scaled.jpg\" \/>\n\t<meta property=\"og:image:width\" content=\"2560\" \/>\n\t<meta property=\"og:image:height\" content=\"1642\" \/>\n\t<meta property=\"og:image:type\" content=\"image\/jpeg\" \/>\n<meta name=\"twitter:card\" content=\"summary_large_image\" \/>\n<script type=\"application\/ld+json\" class=\"yoast-schema-graph\">{\"@context\":\"https:\\\/\\\/schema.org\",\"@graph\":[{\"@type\":\"WebPage\",\"@id\":\"https:\\\/\\\/www.blecha.at\\\/hr\\\/tvrtka\\\/\",\"url\":\"https:\\\/\\\/www.blecha.at\\\/hr\\\/tvrtka\\\/\",\"name\":\"Tvrtka | BLECHA\",\"isPartOf\":{\"@id\":\"https:\\\/\\\/www.blecha.at\\\/#website\"},\"datePublished\":\"2020-10-05T10:42:32+00:00\",\"dateModified\":\"2026-03-09T14:05:50+00:00\",\"description\":\"Aluminij je za nas vi\u0161e od stabilog i laganog proizvoda. Na\u0161a strast, na\u0161a te\u017enja za inovacijama svakodnevno nas dovodi u formu.\",\"breadcrumb\":{\"@id\":\"https:\\\/\\\/www.blecha.at\\\/hr\\\/tvrtka\\\/#breadcrumb\"},\"inLanguage\":\"hr\",\"potentialAction\":[{\"@type\":\"ReadAction\",\"target\":[\"https:\\\/\\\/www.blecha.at\\\/hr\\\/tvrtka\\\/\"]}]},{\"@type\":\"BreadcrumbList\",\"@id\":\"https:\\\/\\\/www.blecha.at\\\/hr\\\/tvrtka\\\/#breadcrumb\",\"itemListElement\":[{\"@type\":\"ListItem\",\"position\":1,\"name\":\"Home\",\"item\":\"https:\\\/\\\/www.blecha.at\\\/hr\\\/\"},{\"@type\":\"ListItem\",\"position\":2,\"name\":\"Unternehmen\"}]},{\"@type\":\"WebSite\",\"@id\":\"https:\\\/\\\/www.blecha.at\\\/#website\",\"url\":\"https:\\\/\\\/www.blecha.at\\\/\",\"name\":\"BLECHA\",\"description\":\"Eine weitere WordPress-Website\",\"potentialAction\":[{\"@type\":\"SearchAction\",\"target\":{\"@type\":\"EntryPoint\",\"urlTemplate\":\"https:\\\/\\\/www.blecha.at\\\/?s={search_term_string}\"},\"query-input\":{\"@type\":\"PropertyValueSpecification\",\"valueRequired\":true,\"valueName\":\"search_term_string\"}}],\"inLanguage\":\"hr\"}]}<\/script>\n<!-- \/ Yoast SEO plugin. -->","yoast_head_json":{"title":"Tvrtka | BLECHA","description":"Aluminij je za nas vi\u0161e od stabilog i laganog proizvoda. Na\u0161a strast, na\u0161a te\u017enja za inovacijama svakodnevno nas dovodi u formu.","robots":{"index":"index","follow":"follow","max-snippet":"max-snippet:-1","max-image-preview":"max-image-preview:large","max-video-preview":"max-video-preview:-1"},"canonical":"https:\/\/www.blecha.at\/hr\/tvrtka\/","og_locale":"hr_HR","og_type":"article","og_title":"Tvrtka | BLECHA","og_description":"Aluminij je za nas vi\u0161e od stabilog i laganog proizvoda. Na\u0161a strast, na\u0161a te\u017enja za inovacijama svakodnevno nas dovodi u formu.","og_url":"https:\/\/www.blecha.at\/hr\/tvrtka\/","og_site_name":"BLECHA","article_modified_time":"2026-03-09T14:05:50+00:00","og_image":[{"width":2560,"height":1642,"url":"https:\/\/www.blecha.at\/wp-content\/uploads\/2021\/02\/blecha-unternehmen-auswahl-gebaeude-3-scaled.jpg","type":"image\/jpeg"}],"twitter_card":"summary_large_image","schema":{"@context":"https:\/\/schema.org","@graph":[{"@type":"WebPage","@id":"https:\/\/www.blecha.at\/hr\/tvrtka\/","url":"https:\/\/www.blecha.at\/hr\/tvrtka\/","name":"Tvrtka | BLECHA","isPartOf":{"@id":"https:\/\/www.blecha.at\/#website"},"datePublished":"2020-10-05T10:42:32+00:00","dateModified":"2026-03-09T14:05:50+00:00","description":"Aluminij je za nas vi\u0161e od stabilog i laganog proizvoda. Na\u0161a strast, na\u0161a te\u017enja za inovacijama svakodnevno nas dovodi u formu.","breadcrumb":{"@id":"https:\/\/www.blecha.at\/hr\/tvrtka\/#breadcrumb"},"inLanguage":"hr","potentialAction":[{"@type":"ReadAction","target":["https:\/\/www.blecha.at\/hr\/tvrtka\/"]}]},{"@type":"BreadcrumbList","@id":"https:\/\/www.blecha.at\/hr\/tvrtka\/#breadcrumb","itemListElement":[{"@type":"ListItem","position":1,"name":"Home","item":"https:\/\/www.blecha.at\/hr\/"},{"@type":"ListItem","position":2,"name":"Unternehmen"}]},{"@type":"WebSite","@id":"https:\/\/www.blecha.at\/#website","url":"https:\/\/www.blecha.at\/","name":"BLECHA","description":"Eine weitere WordPress-Website","potentialAction":[{"@type":"SearchAction","target":{"@type":"EntryPoint","urlTemplate":"https:\/\/www.blecha.at\/?s={search_term_string}"},"query-input":{"@type":"PropertyValueSpecification","valueRequired":true,"valueName":"search_term_string"}}],"inLanguage":"hr"}]}},"_links":{"self":[{"href":"https:\/\/www.blecha.at\/hr\/wp-json\/wp\/v2\/pages\/11490","targetHints":{"allow":["GET"]}}],"collection":[{"href":"https:\/\/www.blecha.at\/hr\/wp-json\/wp\/v2\/pages"}],"about":[{"href":"https:\/\/www.blecha.at\/hr\/wp-json\/wp\/v2\/types\/page"}],"author":[{"embeddable":true,"href":"https:\/\/www.blecha.at\/hr\/wp-json\/wp\/v2\/users\/2"}],"replies":[{"embeddable":true,"href":"https:\/\/www.blecha.at\/hr\/wp-json\/wp\/v2\/comments?post=11490"}],"version-history":[{"count":6,"href":"https:\/\/www.blecha.at\/hr\/wp-json\/wp\/v2\/pages\/11490\/revisions"}],"predecessor-version":[{"id":31940,"href":"https:\/\/www.blecha.at\/hr\/wp-json\/wp\/v2\/pages\/11490\/revisions\/31940"}],"wp:attachment":[{"href":"https:\/\/www.blecha.at\/hr\/wp-json\/wp\/v2\/media?parent=11490"}],"curies":[{"name":"wp","href":"https:\/\/api.w.org\/{rel}","templated":true}]}}