{"id":22280,"date":"2023-09-13T15:38:36","date_gmt":"2023-09-13T13:38:36","guid":{"rendered":"https:\/\/www.blecha.at\/?page_id=22280"},"modified":"2026-01-26T16:36:30","modified_gmt":"2026-01-26T15:36:30","slug":"zastita-protiv-sunca-i-kukaca","status":"publish","type":"page","link":"https:\/\/www.blecha.at\/hr\/proizvodi\/specijalni-profili\/zastita-protiv-sunca-i-kukaca\/","title":{"rendered":"Za\u0161tita protiv sunca i kukaca"},"content":{"rendered":"\n<p>Aluminijski profili za za\u0161titu od sunca i insekata \u2013 izdr\u017eljivi, stabilni i odr\u017eivi<\/p>\n\n\n\n<p>Sustavi za\u0161tite od sunca i insekata postali su neizostavan dio moderne arhitekture i graditeljstva. Ne samo da pru\u017eaju za\u0161titu od topline, odsjaja i insekata, ve\u0107 pridonose i energetskoj u\u010dinkovitosti i kvaliteti \u017eivljenja. S na\u0161im visokokvalitetnim aluminijskim profilima nudimo izdr\u017eljiva, otporna na vremenske uvjete i vizualno privla\u010dna rje\u0161enja za razli\u010dite primjene \u2013 od stambenih zgrada do poslovnih objekata i javnih zgrada.<\/p>\n\n\n\n<p>Kao iskusni veletrgovac aluminijem, nudimo \u0161irok izbor aluminijskih profila za za\u0161titu od sunca i insekata, koji se odlikuju izdr\u017eljivo\u0161\u0107u, otporno\u0161\u0107u na koroziju i svestrano\u0161\u0107u.<\/p>\n\n\n\n<p>Za\u0161tita od sunca s aluminijskim letvicama i potpornim profilima &#8211; U\u010dinkovita za\u0161tita od sunca ne samo da smanjuje toplinsko zra\u010denje, ve\u0107 tako\u0111er osigurava ugodnu klimu u prostoriji. Na\u0161e aluminijske letvice idealan su izbor za individualna rje\u0161enja za\u0161tite od sunca. Dostupne su u raznim veli\u010dinama i dizajnu, uklju\u010duju\u0107i na\u0161e popularne romboidne letvice, koje pru\u017eaju moderan izgled.<\/p>\n\n\n\n<p>Ove lamele se \u010desto koriste za zasjenjivanje fasada, pergola ili zidova za privatnost. Ne samo da pru\u017eaju za\u0161titu od izravne sun\u010deve svjetlosti, ve\u0107 su i stati\u010dki otporne, lako se \u010diste i otporne su na hr\u0111u. Zahvaljuju\u0107i laganom, ali stabilnom materijalu, aluminijske lamele idealne su i za ve\u0107e konstrukcije.<\/p>\n\n\n\n<p>Drugi bitan proizvod u na\u0161em asortimanu je potporni profil za nadstre\u0161nice P18010. \u010cesto se koristi za izgradnju krovova terasa, nadstre\u0161nica za automobile ili zimskih vrtova i nudi robusnu osnovu za \u0161irok izbor krovnih konstrukcija. Mo\u017ee se kombinirati sa pravokutnom cijevi 120 x 80 mm.<\/p>\n\n\n\n<p>Za\u0161tita od insekata \u2013 dugotrajna rje\u0161enja od aluminija: Pouzdana za\u0161tita od insekata pru\u017ea ve\u0107u udobnost, posebno u toplijim mjesecima. Na\u0161i aluminijski profili za za\u0161titu od insekata idealni su za izradu okvira komarnika, vrata ili kliznih sustava.<\/p>\n\n\n\n<p>Dok su mnogi sustavi za za\u0161titu od insekata izra\u0111eni od plastike, aluminij nudi znatno ve\u0107u stabilnost, UV otpornost i izdr\u017eljivost. Osim toga, aluminijski profili su posebno jednostavni za odr\u017eavanje i besprijekorno se uklapaju u modernu arhitekturu.<\/p>\n\n\n\n<p>Profil za rolete \u2013 za\u0161tita od sunca, topline i znati\u017eeljnih pogleda: Na\u0161 aluminijski profil za rolete savr\u0161eno je rje\u0161enje za privatnost, toplinsku izolaciju i dodatnu sigurnost. U usporedbi s plasti\u010dnim roletama, aluminijski profili znatno su otporniji i dugotrajniji.<\/p>\n\n\n\n<p>Roletne imaju brojne prednosti:<\/p>\n\n\n\n<p>Za\u0161tita od sunca: Smanjuje izravnu sun\u010devu svjetlost i osigurava ugodnu unutarnju klimu.<\/p>\n\n\n\n<p>Toplinska izolacija: Smanjuje tro\u0161kove energije smanjenjem tro\u0161kova grijanja i hla\u0111enja.<\/p>\n\n\n\n<p>Sigurnost: Ote\u017eava provale i \u0161titi od ne\u017eeljenih pogleda.<\/p>\n\n\n\n<p>Odr\u017eivost i ekolo\u0161ka prihvatljivost &#8211; Aluminij je posebno odr\u017eiv materijal jer se mo\u017ee gotovo 100% reciklirati bez gubitka kvalitete. Na\u0161i aluminijski profili ne samo da nude dug vijek trajanja, ve\u0107 su i ekolo\u0161ki prihvatljivija alternativa plasti\u010dnim rje\u0161enjima. Upotrebom visokokvalitetnih materijala aktivno pridonosimo stvaranju dugotrajnih i resursima \u0161tedljivih rje\u0161enja za za\u0161titu od sunca i insekata.<\/p>\n\n\n\n<p>BLECHA \u2013 Va\u0161 pouzdan partner za aluminijske profile: S 4 desetlje\u0107a iskustva u trgovini aluminijem, na\u0161im kupcima nudimo \u0161iroku paletu visokokvalitetnih profila za najrazli\u010ditije primjene. Zahvaljuju\u0107i na\u0161em velikom skladi\u0161tu, narud\u017ebe mo\u017eemo obraditi brzo i fleksibilno.<\/p>\n\n\n\n<p>Pouzdana logistika: Suradnjom sa \u0161pediterima i paketnim slu\u017ebama, kao i vlastitim voznim parkom, osiguravamo da va\u0161a narud\u017eba stigne sigurno i na vrijeme \u2013 kako u Austriji tako iu susjednim zemljama.<\/p>\n\n\n\n<p>Bilo da se radi o aluminijskim lamelama i letvicama za za\u0161titu od sunca, profilima za za\u0161titu od insekata ili profilima za rolete \u2013 kod BLECHA \u0107ete prona\u0107i prava aluminijska rje\u0161enja za svoje projekte. Kontaktirajte nas danas i dopustite nam da vas uvjerimo u na\u0161u raznolikost proizvoda!<\/p>\n","protected":false},"excerpt":{"rendered":"Aluminijski profili za za\u0161titu od sunca i insekata \u2013 izdr\u017eljivi, stabilni i odr\u017eivi Sustavi za\u0161tite od sunca i insekata postali su neizostavan dio moderne arhitekture i graditeljstva. Ne samo da pru\u017eaju za\u0161titu od topline, odsjaja i insekata, ve\u0107 pridonose i energetskoj u\u010dinkovitosti i kvaliteti \u017eivljenja. S na\u0161im visokokvalitetnim aluminijskim profilima nudimo izdr\u017eljiva, otporna na vremenske [&hellip;]","protected":false},"author":2,"featured_media":0,"parent":5733,"menu_order":0,"comment_status":"closed","ping_status":"closed","template":"page-zaunsysteme-details.php","meta":{"_acf_changed":false,"footnotes":""},"class_list":["post-22280","page","type-page","status-publish","hentry"],"acf":[],"yoast_head":"<!-- This site is optimized with the Yoast SEO plugin v27.3 - https:\/\/yoast.com\/product\/yoast-seo-wordpress\/ -->\n<title>Za\u0161tita protiv sunca i kukaca | BLECHA ALUPROFILE<\/title>\n<meta name=\"description\" content=\"Otkrijte na\u0161a visokokvalitetna rje\u0161enja za za\u0161titu od sunca i insekata od aluminija. Na\u0161i proizvodi nude idealno rje\u0161enje za u\u010dinkovitu za\u0161titu od sunca i istovremeno za\u0161titu od insekata.\" \/>\n<meta name=\"robots\" content=\"index, follow, max-snippet:-1, max-image-preview:large, max-video-preview:-1\" \/>\n<link rel=\"canonical\" href=\"https:\/\/www.blecha.at\/hr\/proizvodi\/specijalni-profili\/zastita-protiv-sunca-i-kukaca\/\" \/>\n<meta property=\"og:locale\" content=\"hr_HR\" \/>\n<meta property=\"og:type\" content=\"article\" \/>\n<meta property=\"og:title\" content=\"Za\u0161tita protiv sunca i kukaca | BLECHA ALUPROFILE\" \/>\n<meta property=\"og:description\" content=\"Otkrijte na\u0161a visokokvalitetna rje\u0161enja za za\u0161titu od sunca i insekata od aluminija. Na\u0161i proizvodi nude idealno rje\u0161enje za u\u010dinkovitu za\u0161titu od sunca i istovremeno za\u0161titu od insekata.\" \/>\n<meta property=\"og:url\" content=\"https:\/\/www.blecha.at\/hr\/proizvodi\/specijalni-profili\/zastita-protiv-sunca-i-kukaca\/\" \/>\n<meta property=\"og:site_name\" content=\"BLECHA\" \/>\n<meta property=\"article:modified_time\" content=\"2026-01-26T15:36:30+00:00\" \/>\n<meta property=\"og:image\" content=\"https:\/\/www.blecha.at\/wp-content\/uploads\/2021\/02\/blecha-unternehmen-auswahl-gebaeude-3-scaled.jpg\" \/>\n\t<meta property=\"og:image:width\" content=\"2560\" \/>\n\t<meta property=\"og:image:height\" content=\"1642\" \/>\n\t<meta property=\"og:image:type\" content=\"image\/jpeg\" \/>\n<meta name=\"twitter:card\" content=\"summary_large_image\" \/>\n<meta name=\"twitter:label1\" content=\"Procijenjeno vrijeme \u010ditanja\" \/>\n\t<meta name=\"twitter:data1\" content=\"4 minute\" \/>\n<script type=\"application\/ld+json\" class=\"yoast-schema-graph\">{\"@context\":\"https:\\\/\\\/schema.org\",\"@graph\":[{\"@type\":\"WebPage\",\"@id\":\"https:\\\/\\\/www.blecha.at\\\/hr\\\/proizvodi\\\/specijalni-profili\\\/zastita-protiv-sunca-i-kukaca\\\/\",\"url\":\"https:\\\/\\\/www.blecha.at\\\/hr\\\/proizvodi\\\/specijalni-profili\\\/zastita-protiv-sunca-i-kukaca\\\/\",\"name\":\"Za\u0161tita protiv sunca i kukaca | BLECHA ALUPROFILE\",\"isPartOf\":{\"@id\":\"https:\\\/\\\/www.blecha.at\\\/#website\"},\"datePublished\":\"2023-09-13T13:38:36+00:00\",\"dateModified\":\"2026-01-26T15:36:30+00:00\",\"description\":\"Otkrijte na\u0161a visokokvalitetna rje\u0161enja za za\u0161titu od sunca i insekata od aluminija. Na\u0161i proizvodi nude idealno rje\u0161enje za u\u010dinkovitu za\u0161titu od sunca i istovremeno za\u0161titu od insekata.\",\"breadcrumb\":{\"@id\":\"https:\\\/\\\/www.blecha.at\\\/hr\\\/proizvodi\\\/specijalni-profili\\\/zastita-protiv-sunca-i-kukaca\\\/#breadcrumb\"},\"inLanguage\":\"hr\",\"potentialAction\":[{\"@type\":\"ReadAction\",\"target\":[\"https:\\\/\\\/www.blecha.at\\\/hr\\\/proizvodi\\\/specijalni-profili\\\/zastita-protiv-sunca-i-kukaca\\\/\"]}]},{\"@type\":\"BreadcrumbList\",\"@id\":\"https:\\\/\\\/www.blecha.at\\\/hr\\\/proizvodi\\\/specijalni-profili\\\/zastita-protiv-sunca-i-kukaca\\\/#breadcrumb\",\"itemListElement\":[{\"@type\":\"ListItem\",\"position\":1,\"name\":\"Home\",\"item\":\"https:\\\/\\\/www.blecha.at\\\/hr\\\/\"},{\"@type\":\"ListItem\",\"position\":2,\"name\":\"Proizvodi\",\"item\":\"https:\\\/\\\/www.blecha.at\\\/hr\\\/proizvodi\\\/\"},{\"@type\":\"ListItem\",\"position\":3,\"name\":\"Specijalni profili\",\"item\":\"https:\\\/\\\/www.blecha.at\\\/hr\\\/proizvodi\\\/specijalni-profili\\\/\"},{\"@type\":\"ListItem\",\"position\":4,\"name\":\"Za\u0161tita protiv sunca i kukaca\"}]},{\"@type\":\"WebSite\",\"@id\":\"https:\\\/\\\/www.blecha.at\\\/#website\",\"url\":\"https:\\\/\\\/www.blecha.at\\\/\",\"name\":\"BLECHA\",\"description\":\"Eine weitere WordPress-Website\",\"potentialAction\":[{\"@type\":\"SearchAction\",\"target\":{\"@type\":\"EntryPoint\",\"urlTemplate\":\"https:\\\/\\\/www.blecha.at\\\/?s={search_term_string}\"},\"query-input\":{\"@type\":\"PropertyValueSpecification\",\"valueRequired\":true,\"valueName\":\"search_term_string\"}}],\"inLanguage\":\"hr\"}]}<\/script>\n<!-- \/ Yoast SEO plugin. -->","yoast_head_json":{"title":"Za\u0161tita protiv sunca i kukaca | BLECHA ALUPROFILE","description":"Otkrijte na\u0161a visokokvalitetna rje\u0161enja za za\u0161titu od sunca i insekata od aluminija. Na\u0161i proizvodi nude idealno rje\u0161enje za u\u010dinkovitu za\u0161titu od sunca i istovremeno za\u0161titu od insekata.","robots":{"index":"index","follow":"follow","max-snippet":"max-snippet:-1","max-image-preview":"max-image-preview:large","max-video-preview":"max-video-preview:-1"},"canonical":"https:\/\/www.blecha.at\/hr\/proizvodi\/specijalni-profili\/zastita-protiv-sunca-i-kukaca\/","og_locale":"hr_HR","og_type":"article","og_title":"Za\u0161tita protiv sunca i kukaca | BLECHA ALUPROFILE","og_description":"Otkrijte na\u0161a visokokvalitetna rje\u0161enja za za\u0161titu od sunca i insekata od aluminija. Na\u0161i proizvodi nude idealno rje\u0161enje za u\u010dinkovitu za\u0161titu od sunca i istovremeno za\u0161titu od insekata.","og_url":"https:\/\/www.blecha.at\/hr\/proizvodi\/specijalni-profili\/zastita-protiv-sunca-i-kukaca\/","og_site_name":"BLECHA","article_modified_time":"2026-01-26T15:36:30+00:00","og_image":[{"width":2560,"height":1642,"url":"https:\/\/www.blecha.at\/wp-content\/uploads\/2021\/02\/blecha-unternehmen-auswahl-gebaeude-3-scaled.jpg","type":"image\/jpeg"}],"twitter_card":"summary_large_image","twitter_misc":{"Procijenjeno vrijeme \u010ditanja":"4 minute"},"schema":{"@context":"https:\/\/schema.org","@graph":[{"@type":"WebPage","@id":"https:\/\/www.blecha.at\/hr\/proizvodi\/specijalni-profili\/zastita-protiv-sunca-i-kukaca\/","url":"https:\/\/www.blecha.at\/hr\/proizvodi\/specijalni-profili\/zastita-protiv-sunca-i-kukaca\/","name":"Za\u0161tita protiv sunca i kukaca | BLECHA ALUPROFILE","isPartOf":{"@id":"https:\/\/www.blecha.at\/#website"},"datePublished":"2023-09-13T13:38:36+00:00","dateModified":"2026-01-26T15:36:30+00:00","description":"Otkrijte na\u0161a visokokvalitetna rje\u0161enja za za\u0161titu od sunca i insekata od aluminija. Na\u0161i proizvodi nude idealno rje\u0161enje za u\u010dinkovitu za\u0161titu od sunca i istovremeno za\u0161titu od insekata.","breadcrumb":{"@id":"https:\/\/www.blecha.at\/hr\/proizvodi\/specijalni-profili\/zastita-protiv-sunca-i-kukaca\/#breadcrumb"},"inLanguage":"hr","potentialAction":[{"@type":"ReadAction","target":["https:\/\/www.blecha.at\/hr\/proizvodi\/specijalni-profili\/zastita-protiv-sunca-i-kukaca\/"]}]},{"@type":"BreadcrumbList","@id":"https:\/\/www.blecha.at\/hr\/proizvodi\/specijalni-profili\/zastita-protiv-sunca-i-kukaca\/#breadcrumb","itemListElement":[{"@type":"ListItem","position":1,"name":"Home","item":"https:\/\/www.blecha.at\/hr\/"},{"@type":"ListItem","position":2,"name":"Proizvodi","item":"https:\/\/www.blecha.at\/hr\/proizvodi\/"},{"@type":"ListItem","position":3,"name":"Specijalni profili","item":"https:\/\/www.blecha.at\/hr\/proizvodi\/specijalni-profili\/"},{"@type":"ListItem","position":4,"name":"Za\u0161tita protiv sunca i kukaca"}]},{"@type":"WebSite","@id":"https:\/\/www.blecha.at\/#website","url":"https:\/\/www.blecha.at\/","name":"BLECHA","description":"Eine weitere WordPress-Website","potentialAction":[{"@type":"SearchAction","target":{"@type":"EntryPoint","urlTemplate":"https:\/\/www.blecha.at\/?s={search_term_string}"},"query-input":{"@type":"PropertyValueSpecification","valueRequired":true,"valueName":"search_term_string"}}],"inLanguage":"hr"}]}},"_links":{"self":[{"href":"https:\/\/www.blecha.at\/hr\/wp-json\/wp\/v2\/pages\/22280","targetHints":{"allow":["GET"]}}],"collection":[{"href":"https:\/\/www.blecha.at\/hr\/wp-json\/wp\/v2\/pages"}],"about":[{"href":"https:\/\/www.blecha.at\/hr\/wp-json\/wp\/v2\/types\/page"}],"author":[{"embeddable":true,"href":"https:\/\/www.blecha.at\/hr\/wp-json\/wp\/v2\/users\/2"}],"replies":[{"embeddable":true,"href":"https:\/\/www.blecha.at\/hr\/wp-json\/wp\/v2\/comments?post=22280"}],"version-history":[{"count":7,"href":"https:\/\/www.blecha.at\/hr\/wp-json\/wp\/v2\/pages\/22280\/revisions"}],"predecessor-version":[{"id":31805,"href":"https:\/\/www.blecha.at\/hr\/wp-json\/wp\/v2\/pages\/22280\/revisions\/31805"}],"up":[{"embeddable":true,"href":"https:\/\/www.blecha.at\/hr\/wp-json\/wp\/v2\/pages\/5733"}],"wp:attachment":[{"href":"https:\/\/www.blecha.at\/hr\/wp-json\/wp\/v2\/media?parent=22280"}],"curies":[{"name":"wp","href":"https:\/\/api.w.org\/{rel}","templated":true}]}}