{"id":22293,"date":"2023-09-13T15:30:17","date_gmt":"2023-09-13T13:30:17","guid":{"rendered":"https:\/\/www.blecha.at\/?page_id=22293"},"modified":"2026-01-26T16:25:22","modified_gmt":"2026-01-26T15:25:22","slug":"izrada-metalnih-konstrukcija","status":"publish","type":"page","link":"https:\/\/www.blecha.at\/hr\/proizvodi\/specijalni-profili\/izrada-metalnih-konstrukcija\/","title":{"rendered":"Izrada metalnih konstrukcija"},"content":{"rendered":"","protected":false},"excerpt":{"rendered":"","protected":false},"author":2,"featured_media":0,"parent":5733,"menu_order":0,"comment_status":"closed","ping_status":"closed","template":"page-zaunsysteme-details.php","meta":{"_acf_changed":false,"footnotes":""},"class_list":["post-22293","page","type-page","status-publish","hentry"],"acf":[],"yoast_head":"<!-- This site is optimized with the Yoast SEO plugin v27.3 - https:\/\/yoast.com\/product\/yoast-seo-wordpress\/ -->\n<title>Izrada metalnih konstrukcija | BLECHA Aluprofile<\/title>\n<meta name=\"description\" content=\"Na\u0161 \u0161irok izbor profila nudi savr\u0161eno rje\u0161enje za metalne konstrukcije. Bez obzira trebate li oblo\u017ene profile, profile za privatnost, polukru\u017ene profile, preklopne mre\u017ene profile, zidne rubne profile, profile za rolete, omega profile, pokrovne letvice, podne daske, U-profile, rubne profile, H-profile, T-profile profila ili rubnih profila travnjaka, kod nas \u0107ete prona\u0107i ono \u0161to tra\u017eite.\" \/>\n<meta name=\"robots\" content=\"index, follow, max-snippet:-1, max-image-preview:large, max-video-preview:-1\" \/>\n<link rel=\"canonical\" href=\"https:\/\/www.blecha.at\/hr\/proizvodi\/specijalni-profili\/izrada-metalnih-konstrukcija\/\" \/>\n<meta property=\"og:locale\" content=\"hr_HR\" \/>\n<meta property=\"og:type\" content=\"article\" \/>\n<meta property=\"og:title\" content=\"Izrada metalnih konstrukcija | BLECHA Aluprofile\" \/>\n<meta property=\"og:description\" content=\"Na\u0161 \u0161irok izbor profila nudi savr\u0161eno rje\u0161enje za metalne konstrukcije. Bez obzira trebate li oblo\u017ene profile, profile za privatnost, polukru\u017ene profile, preklopne mre\u017ene profile, zidne rubne profile, profile za rolete, omega profile, pokrovne letvice, podne daske, U-profile, rubne profile, H-profile, T-profile profila ili rubnih profila travnjaka, kod nas \u0107ete prona\u0107i ono \u0161to tra\u017eite.\" \/>\n<meta property=\"og:url\" content=\"https:\/\/www.blecha.at\/hr\/proizvodi\/specijalni-profili\/izrada-metalnih-konstrukcija\/\" \/>\n<meta property=\"og:site_name\" content=\"BLECHA\" \/>\n<meta property=\"article:modified_time\" content=\"2026-01-26T15:25:22+00:00\" \/>\n<meta property=\"og:image\" content=\"https:\/\/www.blecha.at\/wp-content\/uploads\/2021\/02\/blecha-unternehmen-auswahl-gebaeude-3-scaled.jpg\" \/>\n\t<meta property=\"og:image:width\" content=\"2560\" \/>\n\t<meta property=\"og:image:height\" content=\"1642\" \/>\n\t<meta property=\"og:image:type\" content=\"image\/jpeg\" \/>\n<meta name=\"twitter:card\" content=\"summary_large_image\" \/>\n<script type=\"application\/ld+json\" class=\"yoast-schema-graph\">{\"@context\":\"https:\\\/\\\/schema.org\",\"@graph\":[{\"@type\":\"WebPage\",\"@id\":\"https:\\\/\\\/www.blecha.at\\\/hr\\\/proizvodi\\\/specijalni-profili\\\/izrada-metalnih-konstrukcija\\\/\",\"url\":\"https:\\\/\\\/www.blecha.at\\\/hr\\\/proizvodi\\\/specijalni-profili\\\/izrada-metalnih-konstrukcija\\\/\",\"name\":\"Izrada metalnih konstrukcija | BLECHA Aluprofile\",\"isPartOf\":{\"@id\":\"https:\\\/\\\/www.blecha.at\\\/#website\"},\"datePublished\":\"2023-09-13T13:30:17+00:00\",\"dateModified\":\"2026-01-26T15:25:22+00:00\",\"description\":\"Na\u0161 \u0161irok izbor profila nudi savr\u0161eno rje\u0161enje za metalne konstrukcije. Bez obzira trebate li oblo\u017ene profile, profile za privatnost, polukru\u017ene profile, preklopne mre\u017ene profile, zidne rubne profile, profile za rolete, omega profile, pokrovne letvice, podne daske, U-profile, rubne profile, H-profile, T-profile profila ili rubnih profila travnjaka, kod nas \u0107ete prona\u0107i ono \u0161to tra\u017eite.\",\"breadcrumb\":{\"@id\":\"https:\\\/\\\/www.blecha.at\\\/hr\\\/proizvodi\\\/specijalni-profili\\\/izrada-metalnih-konstrukcija\\\/#breadcrumb\"},\"inLanguage\":\"hr\",\"potentialAction\":[{\"@type\":\"ReadAction\",\"target\":[\"https:\\\/\\\/www.blecha.at\\\/hr\\\/proizvodi\\\/specijalni-profili\\\/izrada-metalnih-konstrukcija\\\/\"]}]},{\"@type\":\"BreadcrumbList\",\"@id\":\"https:\\\/\\\/www.blecha.at\\\/hr\\\/proizvodi\\\/specijalni-profili\\\/izrada-metalnih-konstrukcija\\\/#breadcrumb\",\"itemListElement\":[{\"@type\":\"ListItem\",\"position\":1,\"name\":\"Home\",\"item\":\"https:\\\/\\\/www.blecha.at\\\/hr\\\/\"},{\"@type\":\"ListItem\",\"position\":2,\"name\":\"Proizvodi\",\"item\":\"https:\\\/\\\/www.blecha.at\\\/hr\\\/proizvodi\\\/\"},{\"@type\":\"ListItem\",\"position\":3,\"name\":\"Specijalni profili\",\"item\":\"https:\\\/\\\/www.blecha.at\\\/hr\\\/proizvodi\\\/specijalni-profili\\\/\"},{\"@type\":\"ListItem\",\"position\":4,\"name\":\"Izrada metalnih konstrukcija\"}]},{\"@type\":\"WebSite\",\"@id\":\"https:\\\/\\\/www.blecha.at\\\/#website\",\"url\":\"https:\\\/\\\/www.blecha.at\\\/\",\"name\":\"BLECHA\",\"description\":\"Eine weitere WordPress-Website\",\"potentialAction\":[{\"@type\":\"SearchAction\",\"target\":{\"@type\":\"EntryPoint\",\"urlTemplate\":\"https:\\\/\\\/www.blecha.at\\\/?s={search_term_string}\"},\"query-input\":{\"@type\":\"PropertyValueSpecification\",\"valueRequired\":true,\"valueName\":\"search_term_string\"}}],\"inLanguage\":\"hr\"}]}<\/script>\n<!-- \/ Yoast SEO plugin. -->","yoast_head_json":{"title":"Izrada metalnih konstrukcija | BLECHA Aluprofile","description":"Na\u0161 \u0161irok izbor profila nudi savr\u0161eno rje\u0161enje za metalne konstrukcije. Bez obzira trebate li oblo\u017ene profile, profile za privatnost, polukru\u017ene profile, preklopne mre\u017ene profile, zidne rubne profile, profile za rolete, omega profile, pokrovne letvice, podne daske, U-profile, rubne profile, H-profile, T-profile profila ili rubnih profila travnjaka, kod nas \u0107ete prona\u0107i ono \u0161to tra\u017eite.","robots":{"index":"index","follow":"follow","max-snippet":"max-snippet:-1","max-image-preview":"max-image-preview:large","max-video-preview":"max-video-preview:-1"},"canonical":"https:\/\/www.blecha.at\/hr\/proizvodi\/specijalni-profili\/izrada-metalnih-konstrukcija\/","og_locale":"hr_HR","og_type":"article","og_title":"Izrada metalnih konstrukcija | BLECHA Aluprofile","og_description":"Na\u0161 \u0161irok izbor profila nudi savr\u0161eno rje\u0161enje za metalne konstrukcije. Bez obzira trebate li oblo\u017ene profile, profile za privatnost, polukru\u017ene profile, preklopne mre\u017ene profile, zidne rubne profile, profile za rolete, omega profile, pokrovne letvice, podne daske, U-profile, rubne profile, H-profile, T-profile profila ili rubnih profila travnjaka, kod nas \u0107ete prona\u0107i ono \u0161to tra\u017eite.","og_url":"https:\/\/www.blecha.at\/hr\/proizvodi\/specijalni-profili\/izrada-metalnih-konstrukcija\/","og_site_name":"BLECHA","article_modified_time":"2026-01-26T15:25:22+00:00","og_image":[{"width":2560,"height":1642,"url":"https:\/\/www.blecha.at\/wp-content\/uploads\/2021\/02\/blecha-unternehmen-auswahl-gebaeude-3-scaled.jpg","type":"image\/jpeg"}],"twitter_card":"summary_large_image","schema":{"@context":"https:\/\/schema.org","@graph":[{"@type":"WebPage","@id":"https:\/\/www.blecha.at\/hr\/proizvodi\/specijalni-profili\/izrada-metalnih-konstrukcija\/","url":"https:\/\/www.blecha.at\/hr\/proizvodi\/specijalni-profili\/izrada-metalnih-konstrukcija\/","name":"Izrada metalnih konstrukcija | BLECHA Aluprofile","isPartOf":{"@id":"https:\/\/www.blecha.at\/#website"},"datePublished":"2023-09-13T13:30:17+00:00","dateModified":"2026-01-26T15:25:22+00:00","description":"Na\u0161 \u0161irok izbor profila nudi savr\u0161eno rje\u0161enje za metalne konstrukcije. Bez obzira trebate li oblo\u017ene profile, profile za privatnost, polukru\u017ene profile, preklopne mre\u017ene profile, zidne rubne profile, profile za rolete, omega profile, pokrovne letvice, podne daske, U-profile, rubne profile, H-profile, T-profile profila ili rubnih profila travnjaka, kod nas \u0107ete prona\u0107i ono \u0161to tra\u017eite.","breadcrumb":{"@id":"https:\/\/www.blecha.at\/hr\/proizvodi\/specijalni-profili\/izrada-metalnih-konstrukcija\/#breadcrumb"},"inLanguage":"hr","potentialAction":[{"@type":"ReadAction","target":["https:\/\/www.blecha.at\/hr\/proizvodi\/specijalni-profili\/izrada-metalnih-konstrukcija\/"]}]},{"@type":"BreadcrumbList","@id":"https:\/\/www.blecha.at\/hr\/proizvodi\/specijalni-profili\/izrada-metalnih-konstrukcija\/#breadcrumb","itemListElement":[{"@type":"ListItem","position":1,"name":"Home","item":"https:\/\/www.blecha.at\/hr\/"},{"@type":"ListItem","position":2,"name":"Proizvodi","item":"https:\/\/www.blecha.at\/hr\/proizvodi\/"},{"@type":"ListItem","position":3,"name":"Specijalni profili","item":"https:\/\/www.blecha.at\/hr\/proizvodi\/specijalni-profili\/"},{"@type":"ListItem","position":4,"name":"Izrada metalnih konstrukcija"}]},{"@type":"WebSite","@id":"https:\/\/www.blecha.at\/#website","url":"https:\/\/www.blecha.at\/","name":"BLECHA","description":"Eine weitere WordPress-Website","potentialAction":[{"@type":"SearchAction","target":{"@type":"EntryPoint","urlTemplate":"https:\/\/www.blecha.at\/?s={search_term_string}"},"query-input":{"@type":"PropertyValueSpecification","valueRequired":true,"valueName":"search_term_string"}}],"inLanguage":"hr"}]}},"_links":{"self":[{"href":"https:\/\/www.blecha.at\/hr\/wp-json\/wp\/v2\/pages\/22293","targetHints":{"allow":["GET"]}}],"collection":[{"href":"https:\/\/www.blecha.at\/hr\/wp-json\/wp\/v2\/pages"}],"about":[{"href":"https:\/\/www.blecha.at\/hr\/wp-json\/wp\/v2\/types\/page"}],"author":[{"embeddable":true,"href":"https:\/\/www.blecha.at\/hr\/wp-json\/wp\/v2\/users\/2"}],"replies":[{"embeddable":true,"href":"https:\/\/www.blecha.at\/hr\/wp-json\/wp\/v2\/comments?post=22293"}],"version-history":[{"count":26,"href":"https:\/\/www.blecha.at\/hr\/wp-json\/wp\/v2\/pages\/22293\/revisions"}],"predecessor-version":[{"id":31777,"href":"https:\/\/www.blecha.at\/hr\/wp-json\/wp\/v2\/pages\/22293\/revisions\/31777"}],"up":[{"embeddable":true,"href":"https:\/\/www.blecha.at\/hr\/wp-json\/wp\/v2\/pages\/5733"}],"wp:attachment":[{"href":"https:\/\/www.blecha.at\/hr\/wp-json\/wp\/v2\/media?parent=22293"}],"curies":[{"name":"wp","href":"https:\/\/api.w.org\/{rel}","templated":true}]}}