{"id":22384,"date":"2023-02-01T10:44:02","date_gmt":"2023-02-01T09:44:02","guid":{"rendered":"https:\/\/www.blecha.at\/?page_id=22384"},"modified":"2023-12-04T08:23:48","modified_gmt":"2023-12-04T07:23:48","slug":"t-dijelovi","status":"publish","type":"page","link":"https:\/\/www.blecha.at\/hr\/proizvodi\/fittings\/t-dijelovi\/","title":{"rendered":"T-dijelovi"},"content":{"rendered":"","protected":false},"excerpt":{"rendered":"","protected":false},"author":2,"featured_media":0,"parent":26610,"menu_order":0,"comment_status":"closed","ping_status":"closed","template":"page-zaunsysteme-details.php","meta":{"_acf_changed":false,"footnotes":""},"class_list":["post-22384","page","type-page","status-publish","hentry"],"acf":[],"yoast_head":"<!-- This site is optimized with the Yoast SEO plugin v27.3 - https:\/\/yoast.com\/product\/yoast-seo-wordpress\/ -->\n<title>T-dijelovi | BLECHA Aluprofile<\/title>\n<meta name=\"description\" content=\"Otkrijte na\u0161e visokokvalitetne T-komade izra\u0111ene od aluminija. Na\u0161i aluminijski T-ra\u010dvi su idealan izbor za strukture gdje su potrebni ogranci i spojevi. Sa \u0161irokim rasponom T-komada, uklju\u010duju\u0107i smanjene T-komade, nudimo vam alate za stvaranje fleksibilnih i stabilnih struktura. Na\u0161i aluminijski T-komadi zadovoljavaju najvi\u0161e standarde kvalitete i osnova su za izdr\u017eljiv i precizan dizajn.\" \/>\n<meta name=\"robots\" content=\"index, follow, max-snippet:-1, max-image-preview:large, max-video-preview:-1\" \/>\n<link rel=\"canonical\" href=\"https:\/\/www.blecha.at\/hr\/proizvodi\/fittings__trashed\/t-dijelovi\/\" \/>\n<meta property=\"og:locale\" content=\"hr_HR\" \/>\n<meta property=\"og:type\" content=\"article\" \/>\n<meta property=\"og:title\" content=\"T-dijelovi | BLECHA Aluprofile\" \/>\n<meta property=\"og:description\" content=\"Otkrijte na\u0161e visokokvalitetne T-komade izra\u0111ene od aluminija. Na\u0161i aluminijski T-ra\u010dvi su idealan izbor za strukture gdje su potrebni ogranci i spojevi. Sa \u0161irokim rasponom T-komada, uklju\u010duju\u0107i smanjene T-komade, nudimo vam alate za stvaranje fleksibilnih i stabilnih struktura. Na\u0161i aluminijski T-komadi zadovoljavaju najvi\u0161e standarde kvalitete i osnova su za izdr\u017eljiv i precizan dizajn.\" \/>\n<meta property=\"og:url\" content=\"https:\/\/www.blecha.at\/hr\/proizvodi\/fittings__trashed\/t-dijelovi\/\" \/>\n<meta property=\"og:site_name\" content=\"BLECHA\" \/>\n<meta property=\"article:modified_time\" content=\"2023-12-04T07:23:48+00:00\" \/>\n<meta property=\"og:image\" content=\"https:\/\/www.blecha.at\/wp-content\/uploads\/2021\/02\/blecha-unternehmen-auswahl-gebaeude-3-scaled.jpg\" \/>\n\t<meta property=\"og:image:width\" content=\"2560\" \/>\n\t<meta property=\"og:image:height\" content=\"1642\" \/>\n\t<meta property=\"og:image:type\" content=\"image\/jpeg\" \/>\n<meta name=\"twitter:card\" content=\"summary_large_image\" \/>\n<script type=\"application\/ld+json\" class=\"yoast-schema-graph\">{\"@context\":\"https:\\\/\\\/schema.org\",\"@graph\":[{\"@type\":\"WebPage\",\"@id\":\"https:\\\/\\\/www.blecha.at\\\/hr\\\/proizvodi\\\/fittings__trashed\\\/t-dijelovi\\\/\",\"url\":\"https:\\\/\\\/www.blecha.at\\\/hr\\\/proizvodi\\\/fittings__trashed\\\/t-dijelovi\\\/\",\"name\":\"T-dijelovi | BLECHA Aluprofile\",\"isPartOf\":{\"@id\":\"https:\\\/\\\/www.blecha.at\\\/#website\"},\"datePublished\":\"2023-02-01T09:44:02+00:00\",\"dateModified\":\"2023-12-04T07:23:48+00:00\",\"description\":\"Otkrijte na\u0161e visokokvalitetne T-komade izra\u0111ene od aluminija. Na\u0161i aluminijski T-ra\u010dvi su idealan izbor za strukture gdje su potrebni ogranci i spojevi. Sa \u0161irokim rasponom T-komada, uklju\u010duju\u0107i smanjene T-komade, nudimo vam alate za stvaranje fleksibilnih i stabilnih struktura. Na\u0161i aluminijski T-komadi zadovoljavaju najvi\u0161e standarde kvalitete i osnova su za izdr\u017eljiv i precizan dizajn.\",\"breadcrumb\":{\"@id\":\"https:\\\/\\\/www.blecha.at\\\/hr\\\/proizvodi\\\/fittings__trashed\\\/t-dijelovi\\\/#breadcrumb\"},\"inLanguage\":\"hr\",\"potentialAction\":[{\"@type\":\"ReadAction\",\"target\":[\"https:\\\/\\\/www.blecha.at\\\/hr\\\/proizvodi\\\/fittings__trashed\\\/t-dijelovi\\\/\"]}]},{\"@type\":\"BreadcrumbList\",\"@id\":\"https:\\\/\\\/www.blecha.at\\\/hr\\\/proizvodi\\\/fittings__trashed\\\/t-dijelovi\\\/#breadcrumb\",\"itemListElement\":[{\"@type\":\"ListItem\",\"position\":1,\"name\":\"Home\",\"item\":\"https:\\\/\\\/www.blecha.at\\\/hr\\\/\"},{\"@type\":\"ListItem\",\"position\":2,\"name\":\"Proizvodi\",\"item\":\"https:\\\/\\\/www.blecha.at\\\/hr\\\/proizvodi\\\/\"},{\"@type\":\"ListItem\",\"position\":3,\"name\":\"T-dijelovi\"}]},{\"@type\":\"WebSite\",\"@id\":\"https:\\\/\\\/www.blecha.at\\\/#website\",\"url\":\"https:\\\/\\\/www.blecha.at\\\/\",\"name\":\"BLECHA\",\"description\":\"Eine weitere WordPress-Website\",\"potentialAction\":[{\"@type\":\"SearchAction\",\"target\":{\"@type\":\"EntryPoint\",\"urlTemplate\":\"https:\\\/\\\/www.blecha.at\\\/?s={search_term_string}\"},\"query-input\":{\"@type\":\"PropertyValueSpecification\",\"valueRequired\":true,\"valueName\":\"search_term_string\"}}],\"inLanguage\":\"hr\"}]}<\/script>\n<!-- \/ Yoast SEO plugin. -->","yoast_head_json":{"title":"T-dijelovi | BLECHA Aluprofile","description":"Otkrijte na\u0161e visokokvalitetne T-komade izra\u0111ene od aluminija. Na\u0161i aluminijski T-ra\u010dvi su idealan izbor za strukture gdje su potrebni ogranci i spojevi. Sa \u0161irokim rasponom T-komada, uklju\u010duju\u0107i smanjene T-komade, nudimo vam alate za stvaranje fleksibilnih i stabilnih struktura. Na\u0161i aluminijski T-komadi zadovoljavaju najvi\u0161e standarde kvalitete i osnova su za izdr\u017eljiv i precizan dizajn.","robots":{"index":"index","follow":"follow","max-snippet":"max-snippet:-1","max-image-preview":"max-image-preview:large","max-video-preview":"max-video-preview:-1"},"canonical":"https:\/\/www.blecha.at\/hr\/proizvodi\/fittings__trashed\/t-dijelovi\/","og_locale":"hr_HR","og_type":"article","og_title":"T-dijelovi | BLECHA Aluprofile","og_description":"Otkrijte na\u0161e visokokvalitetne T-komade izra\u0111ene od aluminija. Na\u0161i aluminijski T-ra\u010dvi su idealan izbor za strukture gdje su potrebni ogranci i spojevi. Sa \u0161irokim rasponom T-komada, uklju\u010duju\u0107i smanjene T-komade, nudimo vam alate za stvaranje fleksibilnih i stabilnih struktura. Na\u0161i aluminijski T-komadi zadovoljavaju najvi\u0161e standarde kvalitete i osnova su za izdr\u017eljiv i precizan dizajn.","og_url":"https:\/\/www.blecha.at\/hr\/proizvodi\/fittings__trashed\/t-dijelovi\/","og_site_name":"BLECHA","article_modified_time":"2023-12-04T07:23:48+00:00","og_image":[{"width":2560,"height":1642,"url":"https:\/\/www.blecha.at\/wp-content\/uploads\/2021\/02\/blecha-unternehmen-auswahl-gebaeude-3-scaled.jpg","type":"image\/jpeg"}],"twitter_card":"summary_large_image","schema":{"@context":"https:\/\/schema.org","@graph":[{"@type":"WebPage","@id":"https:\/\/www.blecha.at\/hr\/proizvodi\/fittings__trashed\/t-dijelovi\/","url":"https:\/\/www.blecha.at\/hr\/proizvodi\/fittings__trashed\/t-dijelovi\/","name":"T-dijelovi | BLECHA Aluprofile","isPartOf":{"@id":"https:\/\/www.blecha.at\/#website"},"datePublished":"2023-02-01T09:44:02+00:00","dateModified":"2023-12-04T07:23:48+00:00","description":"Otkrijte na\u0161e visokokvalitetne T-komade izra\u0111ene od aluminija. Na\u0161i aluminijski T-ra\u010dvi su idealan izbor za strukture gdje su potrebni ogranci i spojevi. Sa \u0161irokim rasponom T-komada, uklju\u010duju\u0107i smanjene T-komade, nudimo vam alate za stvaranje fleksibilnih i stabilnih struktura. Na\u0161i aluminijski T-komadi zadovoljavaju najvi\u0161e standarde kvalitete i osnova su za izdr\u017eljiv i precizan dizajn.","breadcrumb":{"@id":"https:\/\/www.blecha.at\/hr\/proizvodi\/fittings__trashed\/t-dijelovi\/#breadcrumb"},"inLanguage":"hr","potentialAction":[{"@type":"ReadAction","target":["https:\/\/www.blecha.at\/hr\/proizvodi\/fittings__trashed\/t-dijelovi\/"]}]},{"@type":"BreadcrumbList","@id":"https:\/\/www.blecha.at\/hr\/proizvodi\/fittings__trashed\/t-dijelovi\/#breadcrumb","itemListElement":[{"@type":"ListItem","position":1,"name":"Home","item":"https:\/\/www.blecha.at\/hr\/"},{"@type":"ListItem","position":2,"name":"Proizvodi","item":"https:\/\/www.blecha.at\/hr\/proizvodi\/"},{"@type":"ListItem","position":3,"name":"T-dijelovi"}]},{"@type":"WebSite","@id":"https:\/\/www.blecha.at\/#website","url":"https:\/\/www.blecha.at\/","name":"BLECHA","description":"Eine weitere WordPress-Website","potentialAction":[{"@type":"SearchAction","target":{"@type":"EntryPoint","urlTemplate":"https:\/\/www.blecha.at\/?s={search_term_string}"},"query-input":{"@type":"PropertyValueSpecification","valueRequired":true,"valueName":"search_term_string"}}],"inLanguage":"hr"}]}},"_links":{"self":[{"href":"https:\/\/www.blecha.at\/hr\/wp-json\/wp\/v2\/pages\/22384","targetHints":{"allow":["GET"]}}],"collection":[{"href":"https:\/\/www.blecha.at\/hr\/wp-json\/wp\/v2\/pages"}],"about":[{"href":"https:\/\/www.blecha.at\/hr\/wp-json\/wp\/v2\/types\/page"}],"author":[{"embeddable":true,"href":"https:\/\/www.blecha.at\/hr\/wp-json\/wp\/v2\/users\/2"}],"replies":[{"embeddable":true,"href":"https:\/\/www.blecha.at\/hr\/wp-json\/wp\/v2\/comments?post=22384"}],"version-history":[{"count":30,"href":"https:\/\/www.blecha.at\/hr\/wp-json\/wp\/v2\/pages\/22384\/revisions"}],"predecessor-version":[{"id":25624,"href":"https:\/\/www.blecha.at\/hr\/wp-json\/wp\/v2\/pages\/22384\/revisions\/25624"}],"up":[{"embeddable":true,"href":"https:\/\/www.blecha.at\/hr\/wp-json\/wp\/v2\/pages\/26610"}],"wp:attachment":[{"href":"https:\/\/www.blecha.at\/hr\/wp-json\/wp\/v2\/media?parent=22384"}],"curies":[{"name":"wp","href":"https:\/\/api.w.org\/{rel}","templated":true}]}}