{"id":24339,"date":"2022-12-01T15:33:08","date_gmt":"2022-12-01T14:33:08","guid":{"rendered":"https:\/\/www.blecha.at\/proizvodi\/specijalni-profili\/fassadenbau\/"},"modified":"2026-01-26T16:08:40","modified_gmt":"2026-01-26T15:08:40","slug":"izrada-fasada","status":"publish","type":"page","link":"https:\/\/www.blecha.at\/hr\/proizvodi\/specijalni-profili\/izrada-fasada\/","title":{"rendered":"Izrada fasada"},"content":{"rendered":"","protected":false},"excerpt":{"rendered":"","protected":false},"author":2,"featured_media":0,"parent":5733,"menu_order":0,"comment_status":"closed","ping_status":"closed","template":"page-zaunsysteme-details.php","meta":{"_acf_changed":false,"footnotes":""},"class_list":["post-24339","page","type-page","status-publish","hentry"],"acf":[],"yoast_head":"<!-- This site is optimized with the Yoast SEO plugin v27.3 - https:\/\/yoast.com\/product\/yoast-seo-wordpress\/ -->\n<title>Izrada fasada | BLECHA Aluprofil<\/title>\n<meta name=\"description\" content=\"Na\u0161i aluminijski profili savr\u0161en su izbor za izradu fasada. Otkrijte na\u0161u \u0161iroku ponudu profila, uklju\u010duju\u0107i T-profile, profile za oblaganje, profile za privatnost, kutne profile i Omega profile, dizajnirane za visokokvalitetnu izradu fasada.\" \/>\n<meta name=\"robots\" content=\"index, follow, max-snippet:-1, max-image-preview:large, max-video-preview:-1\" \/>\n<link rel=\"canonical\" href=\"https:\/\/www.blecha.at\/hr\/proizvodi\/specijalni-profili\/izrada-fasada\/\" \/>\n<meta property=\"og:locale\" content=\"hr_HR\" \/>\n<meta property=\"og:type\" content=\"article\" \/>\n<meta property=\"og:title\" content=\"Izrada fasada | BLECHA Aluprofil\" \/>\n<meta property=\"og:description\" content=\"Na\u0161i aluminijski profili savr\u0161en su izbor za izradu fasada. Otkrijte na\u0161u \u0161iroku ponudu profila, uklju\u010duju\u0107i T-profile, profile za oblaganje, profile za privatnost, kutne profile i Omega profile, dizajnirane za visokokvalitetnu izradu fasada.\" \/>\n<meta property=\"og:url\" content=\"https:\/\/www.blecha.at\/hr\/proizvodi\/specijalni-profili\/izrada-fasada\/\" \/>\n<meta property=\"og:site_name\" content=\"BLECHA\" \/>\n<meta property=\"article:modified_time\" content=\"2026-01-26T15:08:40+00:00\" \/>\n<meta property=\"og:image\" content=\"https:\/\/www.blecha.at\/wp-content\/uploads\/2021\/02\/blecha-unternehmen-auswahl-gebaeude-3-scaled.jpg\" \/>\n\t<meta property=\"og:image:width\" content=\"2560\" \/>\n\t<meta property=\"og:image:height\" content=\"1642\" \/>\n\t<meta property=\"og:image:type\" content=\"image\/jpeg\" \/>\n<meta name=\"twitter:card\" content=\"summary_large_image\" \/>\n<script type=\"application\/ld+json\" class=\"yoast-schema-graph\">{\"@context\":\"https:\\\/\\\/schema.org\",\"@graph\":[{\"@type\":\"WebPage\",\"@id\":\"https:\\\/\\\/www.blecha.at\\\/hr\\\/proizvodi\\\/specijalni-profili\\\/izrada-fasada\\\/\",\"url\":\"https:\\\/\\\/www.blecha.at\\\/hr\\\/proizvodi\\\/specijalni-profili\\\/izrada-fasada\\\/\",\"name\":\"Izrada fasada | BLECHA Aluprofil\",\"isPartOf\":{\"@id\":\"https:\\\/\\\/www.blecha.at\\\/#website\"},\"datePublished\":\"2022-12-01T14:33:08+00:00\",\"dateModified\":\"2026-01-26T15:08:40+00:00\",\"description\":\"Na\u0161i aluminijski profili savr\u0161en su izbor za izradu fasada. Otkrijte na\u0161u \u0161iroku ponudu profila, uklju\u010duju\u0107i T-profile, profile za oblaganje, profile za privatnost, kutne profile i Omega profile, dizajnirane za visokokvalitetnu izradu fasada.\",\"breadcrumb\":{\"@id\":\"https:\\\/\\\/www.blecha.at\\\/hr\\\/proizvodi\\\/specijalni-profili\\\/izrada-fasada\\\/#breadcrumb\"},\"inLanguage\":\"hr\",\"potentialAction\":[{\"@type\":\"ReadAction\",\"target\":[\"https:\\\/\\\/www.blecha.at\\\/hr\\\/proizvodi\\\/specijalni-profili\\\/izrada-fasada\\\/\"]}]},{\"@type\":\"BreadcrumbList\",\"@id\":\"https:\\\/\\\/www.blecha.at\\\/hr\\\/proizvodi\\\/specijalni-profili\\\/izrada-fasada\\\/#breadcrumb\",\"itemListElement\":[{\"@type\":\"ListItem\",\"position\":1,\"name\":\"Home\",\"item\":\"https:\\\/\\\/www.blecha.at\\\/hr\\\/\"},{\"@type\":\"ListItem\",\"position\":2,\"name\":\"Proizvodi\",\"item\":\"https:\\\/\\\/www.blecha.at\\\/hr\\\/proizvodi\\\/\"},{\"@type\":\"ListItem\",\"position\":3,\"name\":\"Specijalni profili\",\"item\":\"https:\\\/\\\/www.blecha.at\\\/hr\\\/proizvodi\\\/specijalni-profili\\\/\"},{\"@type\":\"ListItem\",\"position\":4,\"name\":\"Izrada fasada\"}]},{\"@type\":\"WebSite\",\"@id\":\"https:\\\/\\\/www.blecha.at\\\/#website\",\"url\":\"https:\\\/\\\/www.blecha.at\\\/\",\"name\":\"BLECHA\",\"description\":\"Eine weitere WordPress-Website\",\"potentialAction\":[{\"@type\":\"SearchAction\",\"target\":{\"@type\":\"EntryPoint\",\"urlTemplate\":\"https:\\\/\\\/www.blecha.at\\\/?s={search_term_string}\"},\"query-input\":{\"@type\":\"PropertyValueSpecification\",\"valueRequired\":true,\"valueName\":\"search_term_string\"}}],\"inLanguage\":\"hr\"}]}<\/script>\n<!-- \/ Yoast SEO plugin. -->","yoast_head_json":{"title":"Izrada fasada | BLECHA Aluprofil","description":"Na\u0161i aluminijski profili savr\u0161en su izbor za izradu fasada. Otkrijte na\u0161u \u0161iroku ponudu profila, uklju\u010duju\u0107i T-profile, profile za oblaganje, profile za privatnost, kutne profile i Omega profile, dizajnirane za visokokvalitetnu izradu fasada.","robots":{"index":"index","follow":"follow","max-snippet":"max-snippet:-1","max-image-preview":"max-image-preview:large","max-video-preview":"max-video-preview:-1"},"canonical":"https:\/\/www.blecha.at\/hr\/proizvodi\/specijalni-profili\/izrada-fasada\/","og_locale":"hr_HR","og_type":"article","og_title":"Izrada fasada | BLECHA Aluprofil","og_description":"Na\u0161i aluminijski profili savr\u0161en su izbor za izradu fasada. Otkrijte na\u0161u \u0161iroku ponudu profila, uklju\u010duju\u0107i T-profile, profile za oblaganje, profile za privatnost, kutne profile i Omega profile, dizajnirane za visokokvalitetnu izradu fasada.","og_url":"https:\/\/www.blecha.at\/hr\/proizvodi\/specijalni-profili\/izrada-fasada\/","og_site_name":"BLECHA","article_modified_time":"2026-01-26T15:08:40+00:00","og_image":[{"width":2560,"height":1642,"url":"https:\/\/www.blecha.at\/wp-content\/uploads\/2021\/02\/blecha-unternehmen-auswahl-gebaeude-3-scaled.jpg","type":"image\/jpeg"}],"twitter_card":"summary_large_image","schema":{"@context":"https:\/\/schema.org","@graph":[{"@type":"WebPage","@id":"https:\/\/www.blecha.at\/hr\/proizvodi\/specijalni-profili\/izrada-fasada\/","url":"https:\/\/www.blecha.at\/hr\/proizvodi\/specijalni-profili\/izrada-fasada\/","name":"Izrada fasada | BLECHA Aluprofil","isPartOf":{"@id":"https:\/\/www.blecha.at\/#website"},"datePublished":"2022-12-01T14:33:08+00:00","dateModified":"2026-01-26T15:08:40+00:00","description":"Na\u0161i aluminijski profili savr\u0161en su izbor za izradu fasada. Otkrijte na\u0161u \u0161iroku ponudu profila, uklju\u010duju\u0107i T-profile, profile za oblaganje, profile za privatnost, kutne profile i Omega profile, dizajnirane za visokokvalitetnu izradu fasada.","breadcrumb":{"@id":"https:\/\/www.blecha.at\/hr\/proizvodi\/specijalni-profili\/izrada-fasada\/#breadcrumb"},"inLanguage":"hr","potentialAction":[{"@type":"ReadAction","target":["https:\/\/www.blecha.at\/hr\/proizvodi\/specijalni-profili\/izrada-fasada\/"]}]},{"@type":"BreadcrumbList","@id":"https:\/\/www.blecha.at\/hr\/proizvodi\/specijalni-profili\/izrada-fasada\/#breadcrumb","itemListElement":[{"@type":"ListItem","position":1,"name":"Home","item":"https:\/\/www.blecha.at\/hr\/"},{"@type":"ListItem","position":2,"name":"Proizvodi","item":"https:\/\/www.blecha.at\/hr\/proizvodi\/"},{"@type":"ListItem","position":3,"name":"Specijalni profili","item":"https:\/\/www.blecha.at\/hr\/proizvodi\/specijalni-profili\/"},{"@type":"ListItem","position":4,"name":"Izrada fasada"}]},{"@type":"WebSite","@id":"https:\/\/www.blecha.at\/#website","url":"https:\/\/www.blecha.at\/","name":"BLECHA","description":"Eine weitere WordPress-Website","potentialAction":[{"@type":"SearchAction","target":{"@type":"EntryPoint","urlTemplate":"https:\/\/www.blecha.at\/?s={search_term_string}"},"query-input":{"@type":"PropertyValueSpecification","valueRequired":true,"valueName":"search_term_string"}}],"inLanguage":"hr"}]}},"_links":{"self":[{"href":"https:\/\/www.blecha.at\/hr\/wp-json\/wp\/v2\/pages\/24339","targetHints":{"allow":["GET"]}}],"collection":[{"href":"https:\/\/www.blecha.at\/hr\/wp-json\/wp\/v2\/pages"}],"about":[{"href":"https:\/\/www.blecha.at\/hr\/wp-json\/wp\/v2\/types\/page"}],"author":[{"embeddable":true,"href":"https:\/\/www.blecha.at\/hr\/wp-json\/wp\/v2\/users\/2"}],"replies":[{"embeddable":true,"href":"https:\/\/www.blecha.at\/hr\/wp-json\/wp\/v2\/comments?post=24339"}],"version-history":[{"count":6,"href":"https:\/\/www.blecha.at\/hr\/wp-json\/wp\/v2\/pages\/24339\/revisions"}],"predecessor-version":[{"id":31734,"href":"https:\/\/www.blecha.at\/hr\/wp-json\/wp\/v2\/pages\/24339\/revisions\/31734"}],"up":[{"embeddable":true,"href":"https:\/\/www.blecha.at\/hr\/wp-json\/wp\/v2\/pages\/5733"}],"wp:attachment":[{"href":"https:\/\/www.blecha.at\/hr\/wp-json\/wp\/v2\/media?parent=24339"}],"curies":[{"name":"wp","href":"https:\/\/api.w.org\/{rel}","templated":true}]}}