{"id":24647,"date":"2022-12-02T11:44:00","date_gmt":"2022-12-02T10:44:00","guid":{"rendered":"https:\/\/www.blecha.at\/proizvodi\/specijalni-profili\/lebensmittelindustrie\/"},"modified":"2026-01-26T16:21:32","modified_gmt":"2026-01-26T15:21:32","slug":"prehrambena-industrija","status":"publish","type":"page","link":"https:\/\/www.blecha.at\/hr\/proizvodi\/specijalni-profili\/prehrambena-industrija\/","title":{"rendered":"Prehrambena industrija"},"content":{"rendered":"","protected":false},"excerpt":{"rendered":"","protected":false},"author":2,"featured_media":0,"parent":5733,"menu_order":0,"comment_status":"closed","ping_status":"closed","template":"page-zaunsysteme-details.php","meta":{"_acf_changed":false,"footnotes":""},"class_list":["post-24647","page","type-page","status-publish","hentry"],"acf":[],"yoast_head":"<!-- This site is optimized with the Yoast SEO plugin v27.3 - https:\/\/yoast.com\/product\/yoast-seo-wordpress\/ -->\n<title>Prehrambena industrija | BLECHA Aluprofile<\/title>\n<meta name=\"description\" content=\"Otkrijte na\u0161e visokokvalitetne aluminijske profile za prehrambenu industriju. Na\u0161 \u0161irok raspon profila, uklju\u010duju\u0107i letvice za kobasice, \u0161tapi\u0107e za dimljenje i \u0161tapi\u0107e za dimljenje, razvijeni su posebno za potrebe prerade hrane.\" \/>\n<meta name=\"robots\" content=\"index, follow, max-snippet:-1, max-image-preview:large, max-video-preview:-1\" \/>\n<link rel=\"canonical\" href=\"https:\/\/www.blecha.at\/hr\/proizvodi\/specijalni-profili\/prehrambena-industrija\/\" \/>\n<meta property=\"og:locale\" content=\"hr_HR\" \/>\n<meta property=\"og:type\" content=\"article\" \/>\n<meta property=\"og:title\" content=\"Prehrambena industrija | BLECHA Aluprofile\" \/>\n<meta property=\"og:description\" content=\"Otkrijte na\u0161e visokokvalitetne aluminijske profile za prehrambenu industriju. Na\u0161 \u0161irok raspon profila, uklju\u010duju\u0107i letvice za kobasice, \u0161tapi\u0107e za dimljenje i \u0161tapi\u0107e za dimljenje, razvijeni su posebno za potrebe prerade hrane.\" \/>\n<meta property=\"og:url\" content=\"https:\/\/www.blecha.at\/hr\/proizvodi\/specijalni-profili\/prehrambena-industrija\/\" \/>\n<meta property=\"og:site_name\" content=\"BLECHA\" \/>\n<meta property=\"article:modified_time\" content=\"2026-01-26T15:21:32+00:00\" \/>\n<meta property=\"og:image\" content=\"https:\/\/www.blecha.at\/wp-content\/uploads\/2021\/02\/blecha-unternehmen-auswahl-gebaeude-3-scaled.jpg\" \/>\n\t<meta property=\"og:image:width\" content=\"2560\" \/>\n\t<meta property=\"og:image:height\" content=\"1642\" \/>\n\t<meta property=\"og:image:type\" content=\"image\/jpeg\" \/>\n<meta name=\"twitter:card\" content=\"summary_large_image\" \/>\n<script type=\"application\/ld+json\" class=\"yoast-schema-graph\">{\"@context\":\"https:\\\/\\\/schema.org\",\"@graph\":[{\"@type\":\"WebPage\",\"@id\":\"https:\\\/\\\/www.blecha.at\\\/hr\\\/proizvodi\\\/specijalni-profili\\\/prehrambena-industrija\\\/\",\"url\":\"https:\\\/\\\/www.blecha.at\\\/hr\\\/proizvodi\\\/specijalni-profili\\\/prehrambena-industrija\\\/\",\"name\":\"Prehrambena industrija | BLECHA Aluprofile\",\"isPartOf\":{\"@id\":\"https:\\\/\\\/www.blecha.at\\\/#website\"},\"datePublished\":\"2022-12-02T10:44:00+00:00\",\"dateModified\":\"2026-01-26T15:21:32+00:00\",\"description\":\"Otkrijte na\u0161e visokokvalitetne aluminijske profile za prehrambenu industriju. Na\u0161 \u0161irok raspon profila, uklju\u010duju\u0107i letvice za kobasice, \u0161tapi\u0107e za dimljenje i \u0161tapi\u0107e za dimljenje, razvijeni su posebno za potrebe prerade hrane.\",\"breadcrumb\":{\"@id\":\"https:\\\/\\\/www.blecha.at\\\/hr\\\/proizvodi\\\/specijalni-profili\\\/prehrambena-industrija\\\/#breadcrumb\"},\"inLanguage\":\"hr\",\"potentialAction\":[{\"@type\":\"ReadAction\",\"target\":[\"https:\\\/\\\/www.blecha.at\\\/hr\\\/proizvodi\\\/specijalni-profili\\\/prehrambena-industrija\\\/\"]}]},{\"@type\":\"BreadcrumbList\",\"@id\":\"https:\\\/\\\/www.blecha.at\\\/hr\\\/proizvodi\\\/specijalni-profili\\\/prehrambena-industrija\\\/#breadcrumb\",\"itemListElement\":[{\"@type\":\"ListItem\",\"position\":1,\"name\":\"Home\",\"item\":\"https:\\\/\\\/www.blecha.at\\\/hr\\\/\"},{\"@type\":\"ListItem\",\"position\":2,\"name\":\"Proizvodi\",\"item\":\"https:\\\/\\\/www.blecha.at\\\/hr\\\/proizvodi\\\/\"},{\"@type\":\"ListItem\",\"position\":3,\"name\":\"Specijalni profili\",\"item\":\"https:\\\/\\\/www.blecha.at\\\/hr\\\/proizvodi\\\/specijalni-profili\\\/\"},{\"@type\":\"ListItem\",\"position\":4,\"name\":\"Prehrambena industrija\"}]},{\"@type\":\"WebSite\",\"@id\":\"https:\\\/\\\/www.blecha.at\\\/#website\",\"url\":\"https:\\\/\\\/www.blecha.at\\\/\",\"name\":\"BLECHA\",\"description\":\"Eine weitere WordPress-Website\",\"potentialAction\":[{\"@type\":\"SearchAction\",\"target\":{\"@type\":\"EntryPoint\",\"urlTemplate\":\"https:\\\/\\\/www.blecha.at\\\/?s={search_term_string}\"},\"query-input\":{\"@type\":\"PropertyValueSpecification\",\"valueRequired\":true,\"valueName\":\"search_term_string\"}}],\"inLanguage\":\"hr\"}]}<\/script>\n<!-- \/ Yoast SEO plugin. -->","yoast_head_json":{"title":"Prehrambena industrija | BLECHA Aluprofile","description":"Otkrijte na\u0161e visokokvalitetne aluminijske profile za prehrambenu industriju. Na\u0161 \u0161irok raspon profila, uklju\u010duju\u0107i letvice za kobasice, \u0161tapi\u0107e za dimljenje i \u0161tapi\u0107e za dimljenje, razvijeni su posebno za potrebe prerade hrane.","robots":{"index":"index","follow":"follow","max-snippet":"max-snippet:-1","max-image-preview":"max-image-preview:large","max-video-preview":"max-video-preview:-1"},"canonical":"https:\/\/www.blecha.at\/hr\/proizvodi\/specijalni-profili\/prehrambena-industrija\/","og_locale":"hr_HR","og_type":"article","og_title":"Prehrambena industrija | BLECHA Aluprofile","og_description":"Otkrijte na\u0161e visokokvalitetne aluminijske profile za prehrambenu industriju. Na\u0161 \u0161irok raspon profila, uklju\u010duju\u0107i letvice za kobasice, \u0161tapi\u0107e za dimljenje i \u0161tapi\u0107e za dimljenje, razvijeni su posebno za potrebe prerade hrane.","og_url":"https:\/\/www.blecha.at\/hr\/proizvodi\/specijalni-profili\/prehrambena-industrija\/","og_site_name":"BLECHA","article_modified_time":"2026-01-26T15:21:32+00:00","og_image":[{"width":2560,"height":1642,"url":"https:\/\/www.blecha.at\/wp-content\/uploads\/2021\/02\/blecha-unternehmen-auswahl-gebaeude-3-scaled.jpg","type":"image\/jpeg"}],"twitter_card":"summary_large_image","schema":{"@context":"https:\/\/schema.org","@graph":[{"@type":"WebPage","@id":"https:\/\/www.blecha.at\/hr\/proizvodi\/specijalni-profili\/prehrambena-industrija\/","url":"https:\/\/www.blecha.at\/hr\/proizvodi\/specijalni-profili\/prehrambena-industrija\/","name":"Prehrambena industrija | BLECHA Aluprofile","isPartOf":{"@id":"https:\/\/www.blecha.at\/#website"},"datePublished":"2022-12-02T10:44:00+00:00","dateModified":"2026-01-26T15:21:32+00:00","description":"Otkrijte na\u0161e visokokvalitetne aluminijske profile za prehrambenu industriju. Na\u0161 \u0161irok raspon profila, uklju\u010duju\u0107i letvice za kobasice, \u0161tapi\u0107e za dimljenje i \u0161tapi\u0107e za dimljenje, razvijeni su posebno za potrebe prerade hrane.","breadcrumb":{"@id":"https:\/\/www.blecha.at\/hr\/proizvodi\/specijalni-profili\/prehrambena-industrija\/#breadcrumb"},"inLanguage":"hr","potentialAction":[{"@type":"ReadAction","target":["https:\/\/www.blecha.at\/hr\/proizvodi\/specijalni-profili\/prehrambena-industrija\/"]}]},{"@type":"BreadcrumbList","@id":"https:\/\/www.blecha.at\/hr\/proizvodi\/specijalni-profili\/prehrambena-industrija\/#breadcrumb","itemListElement":[{"@type":"ListItem","position":1,"name":"Home","item":"https:\/\/www.blecha.at\/hr\/"},{"@type":"ListItem","position":2,"name":"Proizvodi","item":"https:\/\/www.blecha.at\/hr\/proizvodi\/"},{"@type":"ListItem","position":3,"name":"Specijalni profili","item":"https:\/\/www.blecha.at\/hr\/proizvodi\/specijalni-profili\/"},{"@type":"ListItem","position":4,"name":"Prehrambena industrija"}]},{"@type":"WebSite","@id":"https:\/\/www.blecha.at\/#website","url":"https:\/\/www.blecha.at\/","name":"BLECHA","description":"Eine weitere WordPress-Website","potentialAction":[{"@type":"SearchAction","target":{"@type":"EntryPoint","urlTemplate":"https:\/\/www.blecha.at\/?s={search_term_string}"},"query-input":{"@type":"PropertyValueSpecification","valueRequired":true,"valueName":"search_term_string"}}],"inLanguage":"hr"}]}},"_links":{"self":[{"href":"https:\/\/www.blecha.at\/hr\/wp-json\/wp\/v2\/pages\/24647","targetHints":{"allow":["GET"]}}],"collection":[{"href":"https:\/\/www.blecha.at\/hr\/wp-json\/wp\/v2\/pages"}],"about":[{"href":"https:\/\/www.blecha.at\/hr\/wp-json\/wp\/v2\/types\/page"}],"author":[{"embeddable":true,"href":"https:\/\/www.blecha.at\/hr\/wp-json\/wp\/v2\/users\/2"}],"replies":[{"embeddable":true,"href":"https:\/\/www.blecha.at\/hr\/wp-json\/wp\/v2\/comments?post=24647"}],"version-history":[{"count":7,"href":"https:\/\/www.blecha.at\/hr\/wp-json\/wp\/v2\/pages\/24647\/revisions"}],"predecessor-version":[{"id":31763,"href":"https:\/\/www.blecha.at\/hr\/wp-json\/wp\/v2\/pages\/24647\/revisions\/31763"}],"up":[{"embeddable":true,"href":"https:\/\/www.blecha.at\/hr\/wp-json\/wp\/v2\/pages\/5733"}],"wp:attachment":[{"href":"https:\/\/www.blecha.at\/hr\/wp-json\/wp\/v2\/media?parent=24647"}],"curies":[{"name":"wp","href":"https:\/\/api.w.org\/{rel}","templated":true}]}}