{"id":25046,"date":"2022-12-02T11:54:16","date_gmt":"2022-12-02T10:54:16","guid":{"rendered":"https:\/\/www.blecha.at\/proizvodi\/specijalni-profili\/solar-und-photovoltaik\/"},"modified":"2026-01-26T16:30:00","modified_gmt":"2026-01-26T15:30:00","slug":"profili-za-solarnu-i-fotonaponsku-tehniku","status":"publish","type":"page","link":"https:\/\/www.blecha.at\/hr\/proizvodi\/specijalni-profili\/profili-za-solarnu-i-fotonaponsku-tehniku\/","title":{"rendered":"Profili za solarnu i fotonaponsku tehniku"},"content":{"rendered":"","protected":false},"excerpt":{"rendered":"","protected":false},"author":2,"featured_media":0,"parent":5733,"menu_order":0,"comment_status":"closed","ping_status":"closed","template":"page-zaunsysteme-details.php","meta":{"_acf_changed":false,"footnotes":""},"class_list":["post-25046","page","type-page","status-publish","hentry"],"acf":[],"yoast_head":"<!-- This site is optimized with the Yoast SEO plugin v27.3 - https:\/\/yoast.com\/product\/yoast-seo-wordpress\/ -->\n<title>Profili za solarnu i fotonaponsku tehniku | BLECHA Aluprofile<\/title>\n<meta name=\"description\" content=\"Otkrijte na\u0161e visokokvalitetne profile za solarne i fotonaponske primjene. Na\u0161 asortiman uklju\u010duje posebno razvijene profile za solarne i fotonaponske sustave, uklju\u010duju\u0107i monta\u017ene \u0161ine, \u0161ine za kabele i utika\u010de.\" \/>\n<meta name=\"robots\" content=\"index, follow, max-snippet:-1, max-image-preview:large, max-video-preview:-1\" \/>\n<link rel=\"canonical\" href=\"https:\/\/www.blecha.at\/hr\/proizvodi\/specijalni-profili\/profili-za-solarnu-i-fotonaponsku-tehniku\/\" \/>\n<meta property=\"og:locale\" content=\"hr_HR\" \/>\n<meta property=\"og:type\" content=\"article\" \/>\n<meta property=\"og:title\" content=\"Profili za solarnu i fotonaponsku tehniku | BLECHA Aluprofile\" \/>\n<meta property=\"og:description\" content=\"Otkrijte na\u0161e visokokvalitetne profile za solarne i fotonaponske primjene. Na\u0161 asortiman uklju\u010duje posebno razvijene profile za solarne i fotonaponske sustave, uklju\u010duju\u0107i monta\u017ene \u0161ine, \u0161ine za kabele i utika\u010de.\" \/>\n<meta property=\"og:url\" content=\"https:\/\/www.blecha.at\/hr\/proizvodi\/specijalni-profili\/profili-za-solarnu-i-fotonaponsku-tehniku\/\" \/>\n<meta property=\"og:site_name\" content=\"BLECHA\" \/>\n<meta property=\"article:modified_time\" content=\"2026-01-26T15:30:00+00:00\" \/>\n<meta property=\"og:image\" content=\"https:\/\/www.blecha.at\/wp-content\/uploads\/2021\/02\/blecha-unternehmen-auswahl-gebaeude-3-scaled.jpg\" \/>\n\t<meta property=\"og:image:width\" content=\"2560\" \/>\n\t<meta property=\"og:image:height\" content=\"1642\" \/>\n\t<meta property=\"og:image:type\" content=\"image\/jpeg\" \/>\n<meta name=\"twitter:card\" content=\"summary_large_image\" \/>\n<script type=\"application\/ld+json\" class=\"yoast-schema-graph\">{\"@context\":\"https:\\\/\\\/schema.org\",\"@graph\":[{\"@type\":\"WebPage\",\"@id\":\"https:\\\/\\\/www.blecha.at\\\/hr\\\/proizvodi\\\/specijalni-profili\\\/profili-za-solarnu-i-fotonaponsku-tehniku\\\/\",\"url\":\"https:\\\/\\\/www.blecha.at\\\/hr\\\/proizvodi\\\/specijalni-profili\\\/profili-za-solarnu-i-fotonaponsku-tehniku\\\/\",\"name\":\"Profili za solarnu i fotonaponsku tehniku | BLECHA Aluprofile\",\"isPartOf\":{\"@id\":\"https:\\\/\\\/www.blecha.at\\\/#website\"},\"datePublished\":\"2022-12-02T10:54:16+00:00\",\"dateModified\":\"2026-01-26T15:30:00+00:00\",\"description\":\"Otkrijte na\u0161e visokokvalitetne profile za solarne i fotonaponske primjene. Na\u0161 asortiman uklju\u010duje posebno razvijene profile za solarne i fotonaponske sustave, uklju\u010duju\u0107i monta\u017ene \u0161ine, \u0161ine za kabele i utika\u010de.\",\"breadcrumb\":{\"@id\":\"https:\\\/\\\/www.blecha.at\\\/hr\\\/proizvodi\\\/specijalni-profili\\\/profili-za-solarnu-i-fotonaponsku-tehniku\\\/#breadcrumb\"},\"inLanguage\":\"hr\",\"potentialAction\":[{\"@type\":\"ReadAction\",\"target\":[\"https:\\\/\\\/www.blecha.at\\\/hr\\\/proizvodi\\\/specijalni-profili\\\/profili-za-solarnu-i-fotonaponsku-tehniku\\\/\"]}]},{\"@type\":\"BreadcrumbList\",\"@id\":\"https:\\\/\\\/www.blecha.at\\\/hr\\\/proizvodi\\\/specijalni-profili\\\/profili-za-solarnu-i-fotonaponsku-tehniku\\\/#breadcrumb\",\"itemListElement\":[{\"@type\":\"ListItem\",\"position\":1,\"name\":\"Home\",\"item\":\"https:\\\/\\\/www.blecha.at\\\/hr\\\/\"},{\"@type\":\"ListItem\",\"position\":2,\"name\":\"Proizvodi\",\"item\":\"https:\\\/\\\/www.blecha.at\\\/hr\\\/proizvodi\\\/\"},{\"@type\":\"ListItem\",\"position\":3,\"name\":\"Specijalni profili\",\"item\":\"https:\\\/\\\/www.blecha.at\\\/hr\\\/proizvodi\\\/specijalni-profili\\\/\"},{\"@type\":\"ListItem\",\"position\":4,\"name\":\"Profili za solarnu i fotonaponsku tehniku\"}]},{\"@type\":\"WebSite\",\"@id\":\"https:\\\/\\\/www.blecha.at\\\/#website\",\"url\":\"https:\\\/\\\/www.blecha.at\\\/\",\"name\":\"BLECHA\",\"description\":\"Eine weitere WordPress-Website\",\"potentialAction\":[{\"@type\":\"SearchAction\",\"target\":{\"@type\":\"EntryPoint\",\"urlTemplate\":\"https:\\\/\\\/www.blecha.at\\\/?s={search_term_string}\"},\"query-input\":{\"@type\":\"PropertyValueSpecification\",\"valueRequired\":true,\"valueName\":\"search_term_string\"}}],\"inLanguage\":\"hr\"}]}<\/script>\n<!-- \/ Yoast SEO plugin. -->","yoast_head_json":{"title":"Profili za solarnu i fotonaponsku tehniku | BLECHA Aluprofile","description":"Otkrijte na\u0161e visokokvalitetne profile za solarne i fotonaponske primjene. Na\u0161 asortiman uklju\u010duje posebno razvijene profile za solarne i fotonaponske sustave, uklju\u010duju\u0107i monta\u017ene \u0161ine, \u0161ine za kabele i utika\u010de.","robots":{"index":"index","follow":"follow","max-snippet":"max-snippet:-1","max-image-preview":"max-image-preview:large","max-video-preview":"max-video-preview:-1"},"canonical":"https:\/\/www.blecha.at\/hr\/proizvodi\/specijalni-profili\/profili-za-solarnu-i-fotonaponsku-tehniku\/","og_locale":"hr_HR","og_type":"article","og_title":"Profili za solarnu i fotonaponsku tehniku | BLECHA Aluprofile","og_description":"Otkrijte na\u0161e visokokvalitetne profile za solarne i fotonaponske primjene. Na\u0161 asortiman uklju\u010duje posebno razvijene profile za solarne i fotonaponske sustave, uklju\u010duju\u0107i monta\u017ene \u0161ine, \u0161ine za kabele i utika\u010de.","og_url":"https:\/\/www.blecha.at\/hr\/proizvodi\/specijalni-profili\/profili-za-solarnu-i-fotonaponsku-tehniku\/","og_site_name":"BLECHA","article_modified_time":"2026-01-26T15:30:00+00:00","og_image":[{"width":2560,"height":1642,"url":"https:\/\/www.blecha.at\/wp-content\/uploads\/2021\/02\/blecha-unternehmen-auswahl-gebaeude-3-scaled.jpg","type":"image\/jpeg"}],"twitter_card":"summary_large_image","schema":{"@context":"https:\/\/schema.org","@graph":[{"@type":"WebPage","@id":"https:\/\/www.blecha.at\/hr\/proizvodi\/specijalni-profili\/profili-za-solarnu-i-fotonaponsku-tehniku\/","url":"https:\/\/www.blecha.at\/hr\/proizvodi\/specijalni-profili\/profili-za-solarnu-i-fotonaponsku-tehniku\/","name":"Profili za solarnu i fotonaponsku tehniku | BLECHA Aluprofile","isPartOf":{"@id":"https:\/\/www.blecha.at\/#website"},"datePublished":"2022-12-02T10:54:16+00:00","dateModified":"2026-01-26T15:30:00+00:00","description":"Otkrijte na\u0161e visokokvalitetne profile za solarne i fotonaponske primjene. Na\u0161 asortiman uklju\u010duje posebno razvijene profile za solarne i fotonaponske sustave, uklju\u010duju\u0107i monta\u017ene \u0161ine, \u0161ine za kabele i utika\u010de.","breadcrumb":{"@id":"https:\/\/www.blecha.at\/hr\/proizvodi\/specijalni-profili\/profili-za-solarnu-i-fotonaponsku-tehniku\/#breadcrumb"},"inLanguage":"hr","potentialAction":[{"@type":"ReadAction","target":["https:\/\/www.blecha.at\/hr\/proizvodi\/specijalni-profili\/profili-za-solarnu-i-fotonaponsku-tehniku\/"]}]},{"@type":"BreadcrumbList","@id":"https:\/\/www.blecha.at\/hr\/proizvodi\/specijalni-profili\/profili-za-solarnu-i-fotonaponsku-tehniku\/#breadcrumb","itemListElement":[{"@type":"ListItem","position":1,"name":"Home","item":"https:\/\/www.blecha.at\/hr\/"},{"@type":"ListItem","position":2,"name":"Proizvodi","item":"https:\/\/www.blecha.at\/hr\/proizvodi\/"},{"@type":"ListItem","position":3,"name":"Specijalni profili","item":"https:\/\/www.blecha.at\/hr\/proizvodi\/specijalni-profili\/"},{"@type":"ListItem","position":4,"name":"Profili za solarnu i fotonaponsku tehniku"}]},{"@type":"WebSite","@id":"https:\/\/www.blecha.at\/#website","url":"https:\/\/www.blecha.at\/","name":"BLECHA","description":"Eine weitere WordPress-Website","potentialAction":[{"@type":"SearchAction","target":{"@type":"EntryPoint","urlTemplate":"https:\/\/www.blecha.at\/?s={search_term_string}"},"query-input":{"@type":"PropertyValueSpecification","valueRequired":true,"valueName":"search_term_string"}}],"inLanguage":"hr"}]}},"_links":{"self":[{"href":"https:\/\/www.blecha.at\/hr\/wp-json\/wp\/v2\/pages\/25046","targetHints":{"allow":["GET"]}}],"collection":[{"href":"https:\/\/www.blecha.at\/hr\/wp-json\/wp\/v2\/pages"}],"about":[{"href":"https:\/\/www.blecha.at\/hr\/wp-json\/wp\/v2\/types\/page"}],"author":[{"embeddable":true,"href":"https:\/\/www.blecha.at\/hr\/wp-json\/wp\/v2\/users\/2"}],"replies":[{"embeddable":true,"href":"https:\/\/www.blecha.at\/hr\/wp-json\/wp\/v2\/comments?post=25046"}],"version-history":[{"count":5,"href":"https:\/\/www.blecha.at\/hr\/wp-json\/wp\/v2\/pages\/25046\/revisions"}],"predecessor-version":[{"id":31791,"href":"https:\/\/www.blecha.at\/hr\/wp-json\/wp\/v2\/pages\/25046\/revisions\/31791"}],"up":[{"embeddable":true,"href":"https:\/\/www.blecha.at\/hr\/wp-json\/wp\/v2\/pages\/5733"}],"wp:attachment":[{"href":"https:\/\/www.blecha.at\/hr\/wp-json\/wp\/v2\/media?parent=25046"}],"curies":[{"name":"wp","href":"https:\/\/api.w.org\/{rel}","templated":true}]}}