{"id":26201,"date":"2023-01-11T09:55:35","date_gmt":"2023-01-11T08:55:35","guid":{"rendered":"https:\/\/www.blecha.at\/proizvodi\/fittings\/zulieferteile-fuer-saugfoerderanlagen\/"},"modified":"2024-01-24T12:18:27","modified_gmt":"2024-01-24T11:18:27","slug":"dijelovi-za-vakuumske-cjevovode-2","status":"publish","type":"page","link":"https:\/\/www.blecha.at\/hr\/proizvodi\/dijelovi-za-vakuumske-cjevovode-2\/","title":{"rendered":"Dijelovi za vakuumske cjevovode"},"content":{"rendered":"","protected":false},"excerpt":{"rendered":"","protected":false},"author":2,"featured_media":11342,"parent":5398,"menu_order":0,"comment_status":"closed","ping_status":"closed","template":"page-zaunsysteme-details.php","meta":{"_acf_changed":false,"footnotes":""},"class_list":["post-26201","page","type-page","status-publish","has-post-thumbnail","hentry"],"acf":[],"yoast_head":"<!-- This site is optimized with the Yoast SEO plugin v27.3 - https:\/\/yoast.com\/product\/yoast-seo-wordpress\/ -->\n<title>Dijelovi za vakuumske cjevovode | BLECHA Aluprofile<\/title>\n<meta name=\"description\" content=\"Otkrijte na\u0161e visokokvalitetne dijelove dobavlja\u010da od nehr\u0111aju\u0107eg \u010delika i aluminija za usisne transportne sustave. Na\u0161i isporu\u010deni dijelovi idealno su rje\u0161enje za optimizaciju usisnih transportnih sustava i transportnih sustava. Nudimo \u0161irok raspon dijelova dobavlja\u010da, uklju\u010duju\u0107i koljena s produ\u017eecima za krakove, T-ra\u010dve, zavarene T-ra\u010dve, ogranke, Y-komade, okrugle cijevi, koljena i jo\u0161 mnogo toga.\" \/>\n<meta name=\"robots\" content=\"index, follow, max-snippet:-1, max-image-preview:large, max-video-preview:-1\" \/>\n<link rel=\"canonical\" href=\"https:\/\/www.blecha.at\/hr\/proizvodi\/dijelovi-za-vakuumske-cjevovode-2\/\" \/>\n<meta property=\"og:locale\" content=\"hr_HR\" \/>\n<meta property=\"og:type\" content=\"article\" \/>\n<meta property=\"og:title\" content=\"Dijelovi za vakuumske cjevovode | BLECHA Aluprofile\" \/>\n<meta property=\"og:description\" content=\"Otkrijte na\u0161e visokokvalitetne dijelove dobavlja\u010da od nehr\u0111aju\u0107eg \u010delika i aluminija za usisne transportne sustave. Na\u0161i isporu\u010deni dijelovi idealno su rje\u0161enje za optimizaciju usisnih transportnih sustava i transportnih sustava. Nudimo \u0161irok raspon dijelova dobavlja\u010da, uklju\u010duju\u0107i koljena s produ\u017eecima za krakove, T-ra\u010dve, zavarene T-ra\u010dve, ogranke, Y-komade, okrugle cijevi, koljena i jo\u0161 mnogo toga.\" \/>\n<meta property=\"og:url\" content=\"https:\/\/www.blecha.at\/hr\/proizvodi\/dijelovi-za-vakuumske-cjevovode-2\/\" \/>\n<meta property=\"og:site_name\" content=\"BLECHA\" \/>\n<meta property=\"article:modified_time\" content=\"2024-01-24T11:18:27+00:00\" \/>\n<meta property=\"og:image\" content=\"https:\/\/www.blecha.at\/wp-content\/uploads\/2021\/02\/blecha-unternehmen-auswahl-gebaeude-3-scaled.jpg\" \/>\n\t<meta property=\"og:image:width\" content=\"2560\" \/>\n\t<meta property=\"og:image:height\" content=\"1642\" \/>\n\t<meta property=\"og:image:type\" content=\"image\/jpeg\" \/>\n<meta name=\"twitter:card\" content=\"summary_large_image\" \/>\n<script type=\"application\/ld+json\" class=\"yoast-schema-graph\">{\"@context\":\"https:\\\/\\\/schema.org\",\"@graph\":[{\"@type\":\"WebPage\",\"@id\":\"https:\\\/\\\/www.blecha.at\\\/hr\\\/proizvodi\\\/dijelovi-za-vakuumske-cjevovode-2\\\/\",\"url\":\"https:\\\/\\\/www.blecha.at\\\/hr\\\/proizvodi\\\/dijelovi-za-vakuumske-cjevovode-2\\\/\",\"name\":\"Dijelovi za vakuumske cjevovode | BLECHA Aluprofile\",\"isPartOf\":{\"@id\":\"https:\\\/\\\/www.blecha.at\\\/#website\"},\"primaryImageOfPage\":{\"@id\":\"https:\\\/\\\/www.blecha.at\\\/hr\\\/proizvodi\\\/dijelovi-za-vakuumske-cjevovode-2\\\/#primaryimage\"},\"image\":{\"@id\":\"https:\\\/\\\/www.blecha.at\\\/hr\\\/proizvodi\\\/dijelovi-za-vakuumske-cjevovode-2\\\/#primaryimage\"},\"thumbnailUrl\":\"https:\\\/\\\/www.blecha.at\\\/wp-content\\\/uploads\\\/2021\\\/03\\\/blecha-zulieferteile-fuer-saugfoerderanlagen-1-thumbnail.jpg\",\"datePublished\":\"2023-01-11T08:55:35+00:00\",\"dateModified\":\"2024-01-24T11:18:27+00:00\",\"description\":\"Otkrijte na\u0161e visokokvalitetne dijelove dobavlja\u010da od nehr\u0111aju\u0107eg \u010delika i aluminija za usisne transportne sustave. Na\u0161i isporu\u010deni dijelovi idealno su rje\u0161enje za optimizaciju usisnih transportnih sustava i transportnih sustava. Nudimo \u0161irok raspon dijelova dobavlja\u010da, uklju\u010duju\u0107i koljena s produ\u017eecima za krakove, T-ra\u010dve, zavarene T-ra\u010dve, ogranke, Y-komade, okrugle cijevi, koljena i jo\u0161 mnogo toga.\",\"breadcrumb\":{\"@id\":\"https:\\\/\\\/www.blecha.at\\\/hr\\\/proizvodi\\\/dijelovi-za-vakuumske-cjevovode-2\\\/#breadcrumb\"},\"inLanguage\":\"hr\",\"potentialAction\":[{\"@type\":\"ReadAction\",\"target\":[\"https:\\\/\\\/www.blecha.at\\\/hr\\\/proizvodi\\\/dijelovi-za-vakuumske-cjevovode-2\\\/\"]}]},{\"@type\":\"ImageObject\",\"inLanguage\":\"hr\",\"@id\":\"https:\\\/\\\/www.blecha.at\\\/hr\\\/proizvodi\\\/dijelovi-za-vakuumske-cjevovode-2\\\/#primaryimage\",\"url\":\"https:\\\/\\\/www.blecha.at\\\/wp-content\\\/uploads\\\/2021\\\/03\\\/blecha-zulieferteile-fuer-saugfoerderanlagen-1-thumbnail.jpg\",\"contentUrl\":\"https:\\\/\\\/www.blecha.at\\\/wp-content\\\/uploads\\\/2021\\\/03\\\/blecha-zulieferteile-fuer-saugfoerderanlagen-1-thumbnail.jpg\",\"width\":1600,\"height\":1600},{\"@type\":\"BreadcrumbList\",\"@id\":\"https:\\\/\\\/www.blecha.at\\\/hr\\\/proizvodi\\\/dijelovi-za-vakuumske-cjevovode-2\\\/#breadcrumb\",\"itemListElement\":[{\"@type\":\"ListItem\",\"position\":1,\"name\":\"Home\",\"item\":\"https:\\\/\\\/www.blecha.at\\\/hr\\\/\"},{\"@type\":\"ListItem\",\"position\":2,\"name\":\"Proizvodi\",\"item\":\"https:\\\/\\\/www.blecha.at\\\/hr\\\/proizvodi\\\/\"},{\"@type\":\"ListItem\",\"position\":3,\"name\":\"Dijelovi za vakuumske cjevovode\"}]},{\"@type\":\"WebSite\",\"@id\":\"https:\\\/\\\/www.blecha.at\\\/#website\",\"url\":\"https:\\\/\\\/www.blecha.at\\\/\",\"name\":\"BLECHA\",\"description\":\"Eine weitere WordPress-Website\",\"potentialAction\":[{\"@type\":\"SearchAction\",\"target\":{\"@type\":\"EntryPoint\",\"urlTemplate\":\"https:\\\/\\\/www.blecha.at\\\/?s={search_term_string}\"},\"query-input\":{\"@type\":\"PropertyValueSpecification\",\"valueRequired\":true,\"valueName\":\"search_term_string\"}}],\"inLanguage\":\"hr\"}]}<\/script>\n<!-- \/ Yoast SEO plugin. -->","yoast_head_json":{"title":"Dijelovi za vakuumske cjevovode | BLECHA Aluprofile","description":"Otkrijte na\u0161e visokokvalitetne dijelove dobavlja\u010da od nehr\u0111aju\u0107eg \u010delika i aluminija za usisne transportne sustave. Na\u0161i isporu\u010deni dijelovi idealno su rje\u0161enje za optimizaciju usisnih transportnih sustava i transportnih sustava. Nudimo \u0161irok raspon dijelova dobavlja\u010da, uklju\u010duju\u0107i koljena s produ\u017eecima za krakove, T-ra\u010dve, zavarene T-ra\u010dve, ogranke, Y-komade, okrugle cijevi, koljena i jo\u0161 mnogo toga.","robots":{"index":"index","follow":"follow","max-snippet":"max-snippet:-1","max-image-preview":"max-image-preview:large","max-video-preview":"max-video-preview:-1"},"canonical":"https:\/\/www.blecha.at\/hr\/proizvodi\/dijelovi-za-vakuumske-cjevovode-2\/","og_locale":"hr_HR","og_type":"article","og_title":"Dijelovi za vakuumske cjevovode | BLECHA Aluprofile","og_description":"Otkrijte na\u0161e visokokvalitetne dijelove dobavlja\u010da od nehr\u0111aju\u0107eg \u010delika i aluminija za usisne transportne sustave. Na\u0161i isporu\u010deni dijelovi idealno su rje\u0161enje za optimizaciju usisnih transportnih sustava i transportnih sustava. Nudimo \u0161irok raspon dijelova dobavlja\u010da, uklju\u010duju\u0107i koljena s produ\u017eecima za krakove, T-ra\u010dve, zavarene T-ra\u010dve, ogranke, Y-komade, okrugle cijevi, koljena i jo\u0161 mnogo toga.","og_url":"https:\/\/www.blecha.at\/hr\/proizvodi\/dijelovi-za-vakuumske-cjevovode-2\/","og_site_name":"BLECHA","article_modified_time":"2024-01-24T11:18:27+00:00","og_image":[{"width":2560,"height":1642,"url":"https:\/\/www.blecha.at\/wp-content\/uploads\/2021\/02\/blecha-unternehmen-auswahl-gebaeude-3-scaled.jpg","type":"image\/jpeg"}],"twitter_card":"summary_large_image","schema":{"@context":"https:\/\/schema.org","@graph":[{"@type":"WebPage","@id":"https:\/\/www.blecha.at\/hr\/proizvodi\/dijelovi-za-vakuumske-cjevovode-2\/","url":"https:\/\/www.blecha.at\/hr\/proizvodi\/dijelovi-za-vakuumske-cjevovode-2\/","name":"Dijelovi za vakuumske cjevovode | BLECHA Aluprofile","isPartOf":{"@id":"https:\/\/www.blecha.at\/#website"},"primaryImageOfPage":{"@id":"https:\/\/www.blecha.at\/hr\/proizvodi\/dijelovi-za-vakuumske-cjevovode-2\/#primaryimage"},"image":{"@id":"https:\/\/www.blecha.at\/hr\/proizvodi\/dijelovi-za-vakuumske-cjevovode-2\/#primaryimage"},"thumbnailUrl":"https:\/\/www.blecha.at\/wp-content\/uploads\/2021\/03\/blecha-zulieferteile-fuer-saugfoerderanlagen-1-thumbnail.jpg","datePublished":"2023-01-11T08:55:35+00:00","dateModified":"2024-01-24T11:18:27+00:00","description":"Otkrijte na\u0161e visokokvalitetne dijelove dobavlja\u010da od nehr\u0111aju\u0107eg \u010delika i aluminija za usisne transportne sustave. Na\u0161i isporu\u010deni dijelovi idealno su rje\u0161enje za optimizaciju usisnih transportnih sustava i transportnih sustava. Nudimo \u0161irok raspon dijelova dobavlja\u010da, uklju\u010duju\u0107i koljena s produ\u017eecima za krakove, T-ra\u010dve, zavarene T-ra\u010dve, ogranke, Y-komade, okrugle cijevi, koljena i jo\u0161 mnogo toga.","breadcrumb":{"@id":"https:\/\/www.blecha.at\/hr\/proizvodi\/dijelovi-za-vakuumske-cjevovode-2\/#breadcrumb"},"inLanguage":"hr","potentialAction":[{"@type":"ReadAction","target":["https:\/\/www.blecha.at\/hr\/proizvodi\/dijelovi-za-vakuumske-cjevovode-2\/"]}]},{"@type":"ImageObject","inLanguage":"hr","@id":"https:\/\/www.blecha.at\/hr\/proizvodi\/dijelovi-za-vakuumske-cjevovode-2\/#primaryimage","url":"https:\/\/www.blecha.at\/wp-content\/uploads\/2021\/03\/blecha-zulieferteile-fuer-saugfoerderanlagen-1-thumbnail.jpg","contentUrl":"https:\/\/www.blecha.at\/wp-content\/uploads\/2021\/03\/blecha-zulieferteile-fuer-saugfoerderanlagen-1-thumbnail.jpg","width":1600,"height":1600},{"@type":"BreadcrumbList","@id":"https:\/\/www.blecha.at\/hr\/proizvodi\/dijelovi-za-vakuumske-cjevovode-2\/#breadcrumb","itemListElement":[{"@type":"ListItem","position":1,"name":"Home","item":"https:\/\/www.blecha.at\/hr\/"},{"@type":"ListItem","position":2,"name":"Proizvodi","item":"https:\/\/www.blecha.at\/hr\/proizvodi\/"},{"@type":"ListItem","position":3,"name":"Dijelovi za vakuumske cjevovode"}]},{"@type":"WebSite","@id":"https:\/\/www.blecha.at\/#website","url":"https:\/\/www.blecha.at\/","name":"BLECHA","description":"Eine weitere WordPress-Website","potentialAction":[{"@type":"SearchAction","target":{"@type":"EntryPoint","urlTemplate":"https:\/\/www.blecha.at\/?s={search_term_string}"},"query-input":{"@type":"PropertyValueSpecification","valueRequired":true,"valueName":"search_term_string"}}],"inLanguage":"hr"}]}},"_links":{"self":[{"href":"https:\/\/www.blecha.at\/hr\/wp-json\/wp\/v2\/pages\/26201","targetHints":{"allow":["GET"]}}],"collection":[{"href":"https:\/\/www.blecha.at\/hr\/wp-json\/wp\/v2\/pages"}],"about":[{"href":"https:\/\/www.blecha.at\/hr\/wp-json\/wp\/v2\/types\/page"}],"author":[{"embeddable":true,"href":"https:\/\/www.blecha.at\/hr\/wp-json\/wp\/v2\/users\/2"}],"replies":[{"embeddable":true,"href":"https:\/\/www.blecha.at\/hr\/wp-json\/wp\/v2\/comments?post=26201"}],"version-history":[{"count":4,"href":"https:\/\/www.blecha.at\/hr\/wp-json\/wp\/v2\/pages\/26201\/revisions"}],"predecessor-version":[{"id":26636,"href":"https:\/\/www.blecha.at\/hr\/wp-json\/wp\/v2\/pages\/26201\/revisions\/26636"}],"up":[{"embeddable":true,"href":"https:\/\/www.blecha.at\/hr\/wp-json\/wp\/v2\/pages\/5398"}],"wp:featuredmedia":[{"embeddable":true,"href":"https:\/\/www.blecha.at\/hr\/wp-json\/wp\/v2\/media\/11342"}],"wp:attachment":[{"href":"https:\/\/www.blecha.at\/hr\/wp-json\/wp\/v2\/media?parent=26201"}],"curies":[{"name":"wp","href":"https:\/\/api.w.org\/{rel}","templated":true}]}}